{"id":33083,"date":"2024-01-12T11:18:20","date_gmt":"2024-01-12T11:18:20","guid":{"rendered":"https:\/\/inti.hr\/product\/djecja-zidna-vjesalica\/"},"modified":"2024-01-12T11:18:20","modified_gmt":"2024-01-12T11:18:20","slug":"djecja-zidna-vjesalica","status":"publish","type":"product","link":"https:\/\/inti.hr\/bs\/proizvod\/djecja-zidna-vjesalica\/","title":{"rendered":"Dje\u010dja zidna vje\u0161alica"},"content":{"rendered":"<p>Detalji proizvoda:<\/p>\n<p>Te\u017eina: pribli\u017eno 6 kg<br \/>\nTestirano za: 16 kg<br \/>\nMaterijal: Drvena vlakna<br \/>\nMjere proizvoda: 60x20x36 cm (vidi sliku)<br \/>\nDimenzije paketa: 69x28x16 cm<br \/>\nS uputama za sastavljanje i vijcima. Jednostavna instalacija.<\/p>\n","protected":false},"excerpt":{"rendered":"<p>S tri odjeljka za organiziranje i skupljanje dje\u010djih knjiga, lon\u010danica, malih &#8230; <\/p>\n","protected":false},"featured_media":33084,"template":"","meta":[],"product_cat":[2408],"product_tag":[2410,3564],"yoast_head":"<!-- This site is optimized with the Yoast SEO plugin v23.7 - https:\/\/yoast.com\/wordpress\/plugins\/seo\/ -->\n<title>Dje\u010dja zidna vje\u0161alica - Inti<\/title>\n<meta name=\"description\" content=\"S tri odjeljka za organiziranje i skupljanje dje\u010djih knjiga, lon\u010danica, malih igra\u010daka itd. Mali ruksaci i odje\u0107a mogu se objesiti na tri kuke.Atraktivna tabla omogu\u0107uje va\u0161em djetetu da izrazi svoju kreativnost slikanjem neobi\u010dnih slika ili pisanjem.Zidna polica se mo\u017ee postaviti na bilo koju \u017eeljenu visinu kako bi zadovoljila potrebe va\u0161eg djeteta.Naravno, sigurnost va\u0161eg djeteta je iznimno va\u017ena kada se igra s ovom policom. Zaobljeni uglovi osiguravaju sigurnost va\u0161eg djeteta i smanjuju rizik od ozljeda.Polica je izra\u0111ena od visokokvalitetnog medijapana (E1), lako se \u010disti, \u010dvrsta je i stabilna.Bijela polica prilago\u0111ava se rastu va\u0161eg djeteta i kasnije se mo\u017ee koristiti u spava\u0107oj sobi tinejd\u017eera.\" \/>\n<meta name=\"robots\" content=\"index, follow, max-snippet:-1, max-image-preview:large, max-video-preview:-1\" \/>\n<link rel=\"canonical\" href=\"https:\/\/inti.hr\/bs\/proizvod\/djecja-zidna-vjesalica\/\" \/>\n<meta property=\"og:locale\" content=\"bs_BA\" \/>\n<meta property=\"og:type\" content=\"article\" \/>\n<meta property=\"og:title\" content=\"Dje\u010dja zidna vje\u0161alica - Inti\" \/>\n<meta property=\"og:description\" content=\"S tri odjeljka za organiziranje i skupljanje dje\u010djih knjiga, lon\u010danica, malih igra\u010daka itd. Mali ruksaci i odje\u0107a mogu se objesiti na tri kuke.Atraktivna tabla omogu\u0107uje va\u0161em djetetu da izrazi svoju kreativnost slikanjem neobi\u010dnih slika ili pisanjem.Zidna polica se mo\u017ee postaviti na bilo koju \u017eeljenu visinu kako bi zadovoljila potrebe va\u0161eg djeteta.Naravno, sigurnost va\u0161eg djeteta je iznimno va\u017ena kada se igra s ovom policom. Zaobljeni uglovi osiguravaju sigurnost va\u0161eg djeteta i smanjuju rizik od ozljeda.Polica je izra\u0111ena od visokokvalitetnog medijapana (E1), lako se \u010disti, \u010dvrsta je i stabilna.Bijela polica prilago\u0111ava se rastu va\u0161eg djeteta i kasnije se mo\u017ee koristiti u spava\u0107oj sobi tinejd\u017eera.\" \/>\n<meta property=\"og:url\" content=\"https:\/\/inti.hr\/bs\/proizvod\/djecja-zidna-vjesalica\/\" \/>\n<meta property=\"og:site_name\" content=\"Inti\" \/>\n<meta property=\"og:image\" content=\"https:\/\/i0.wp.com\/inti.hr\/wp-content\/uploads\/2024\/01\/KMB86-W-S002_1800x1800.webp?fit=1600%2C1600&ssl=1\" \/>\n\t<meta property=\"og:image:width\" content=\"1600\" \/>\n\t<meta property=\"og:image:height\" content=\"1600\" \/>\n\t<meta property=\"og:image:type\" content=\"image\/webp\" \/>\n<meta name=\"twitter:card\" content=\"summary_large_image\" \/>\n<script type=\"application\/ld+json\" class=\"yoast-schema-graph\">{\"@context\":\"https:\/\/schema.org\",\"@graph\":[{\"@type\":\"WebPage\",\"@id\":\"https:\/\/inti.hr\/bs\/proizvod\/djecja-zidna-vjesalica\/\",\"url\":\"https:\/\/inti.hr\/bs\/proizvod\/djecja-zidna-vjesalica\/\",\"name\":\"Dje\u010dja zidna vje\u0161alica - Inti\",\"isPartOf\":{\"@id\":\"https:\/\/inti.hr\/bs\/#website\"},\"primaryImageOfPage\":{\"@id\":\"https:\/\/inti.hr\/bs\/proizvod\/djecja-zidna-vjesalica\/#primaryimage\"},\"image\":{\"@id\":\"https:\/\/inti.hr\/bs\/proizvod\/djecja-zidna-vjesalica\/#primaryimage\"},\"thumbnailUrl\":\"https:\/\/i0.wp.com\/inti.hr\/wp-content\/uploads\/2024\/01\/KMB86-W-S002_1800x1800.webp?fit=1600%2C1600&ssl=1\",\"datePublished\":\"2024-01-12T11:18:20+00:00\",\"dateModified\":\"2024-01-12T11:18:20+00:00\",\"description\":\"S tri odjeljka za organiziranje i skupljanje dje\u010djih knjiga, lon\u010danica, malih igra\u010daka itd. Mali ruksaci i odje\u0107a mogu se objesiti na tri kuke.Atraktivna tabla omogu\u0107uje va\u0161em djetetu da izrazi svoju kreativnost slikanjem neobi\u010dnih slika ili pisanjem.Zidna polica se mo\u017ee postaviti na bilo koju \u017eeljenu visinu kako bi zadovoljila potrebe va\u0161eg djeteta.Naravno, sigurnost va\u0161eg djeteta je iznimno va\u017ena kada se igra s ovom policom. Zaobljeni uglovi osiguravaju sigurnost va\u0161eg djeteta i smanjuju rizik od ozljeda.Polica je izra\u0111ena od visokokvalitetnog medijapana (E1), lako se \u010disti, \u010dvrsta je i stabilna.Bijela polica prilago\u0111ava se rastu va\u0161eg djeteta i kasnije se mo\u017ee koristiti u spava\u0107oj sobi tinejd\u017eera.\",\"breadcrumb\":{\"@id\":\"https:\/\/inti.hr\/bs\/proizvod\/djecja-zidna-vjesalica\/#breadcrumb\"},\"inLanguage\":\"bs-BA\",\"potentialAction\":[{\"@type\":\"ReadAction\",\"target\":[\"https:\/\/inti.hr\/bs\/proizvod\/djecja-zidna-vjesalica\/\"]}]},{\"@type\":\"ImageObject\",\"inLanguage\":\"bs-BA\",\"@id\":\"https:\/\/inti.hr\/bs\/proizvod\/djecja-zidna-vjesalica\/#primaryimage\",\"url\":\"https:\/\/i0.wp.com\/inti.hr\/wp-content\/uploads\/2024\/01\/KMB86-W-S002_1800x1800.webp?fit=1600%2C1600&ssl=1\",\"contentUrl\":\"https:\/\/i0.wp.com\/inti.hr\/wp-content\/uploads\/2024\/01\/KMB86-W-S002_1800x1800.webp?fit=1600%2C1600&ssl=1\",\"width\":1600,\"height\":1600},{\"@type\":\"BreadcrumbList\",\"@id\":\"https:\/\/inti.hr\/bs\/proizvod\/djecja-zidna-vjesalica\/#breadcrumb\",\"itemListElement\":[{\"@type\":\"ListItem\",\"position\":1,\"name\":\"Po\u010detna stranica\",\"item\":\"https:\/\/inti.hr\/bs\/\"},{\"@type\":\"ListItem\",\"position\":2,\"name\":\"Trgovina\",\"item\":\"https:\/\/inti.hr\/bs\/trgovina\/\"},{\"@type\":\"ListItem\",\"position\":3,\"name\":\"Dje\u010dja zidna vje\u0161alica\"}]},{\"@type\":\"WebSite\",\"@id\":\"https:\/\/inti.hr\/bs\/#website\",\"url\":\"https:\/\/inti.hr\/bs\/\",\"name\":\"Inti\",\"description\":\"trgovina\",\"potentialAction\":[{\"@type\":\"SearchAction\",\"target\":{\"@type\":\"EntryPoint\",\"urlTemplate\":\"https:\/\/inti.hr\/bs\/?s={search_term_string}\"},\"query-input\":{\"@type\":\"PropertyValueSpecification\",\"valueRequired\":true,\"valueName\":\"search_term_string\"}}],\"inLanguage\":\"bs-BA\"}]}<\/script>\n<!-- \/ Yoast SEO plugin. -->","yoast_head_json":{"title":"Dje\u010dja zidna vje\u0161alica - Inti","description":"S tri odjeljka za organiziranje i skupljanje dje\u010djih knjiga, lon\u010danica, malih igra\u010daka itd. Mali ruksaci i odje\u0107a mogu se objesiti na tri kuke.Atraktivna tabla omogu\u0107uje va\u0161em djetetu da izrazi svoju kreativnost slikanjem neobi\u010dnih slika ili pisanjem.Zidna polica se mo\u017ee postaviti na bilo koju \u017eeljenu visinu kako bi zadovoljila potrebe va\u0161eg djeteta.Naravno, sigurnost va\u0161eg djeteta je iznimno va\u017ena kada se igra s ovom policom. Zaobljeni uglovi osiguravaju sigurnost va\u0161eg djeteta i smanjuju rizik od ozljeda.Polica je izra\u0111ena od visokokvalitetnog medijapana (E1), lako se \u010disti, \u010dvrsta je i stabilna.Bijela polica prilago\u0111ava se rastu va\u0161eg djeteta i kasnije se mo\u017ee koristiti u spava\u0107oj sobi tinejd\u017eera.","robots":{"index":"index","follow":"follow","max-snippet":"max-snippet:-1","max-image-preview":"max-image-preview:large","max-video-preview":"max-video-preview:-1"},"canonical":"https:\/\/inti.hr\/bs\/proizvod\/djecja-zidna-vjesalica\/","og_locale":"bs_BA","og_type":"article","og_title":"Dje\u010dja zidna vje\u0161alica - Inti","og_description":"S tri odjeljka za organiziranje i skupljanje dje\u010djih knjiga, lon\u010danica, malih igra\u010daka itd. Mali ruksaci i odje\u0107a mogu se objesiti na tri kuke.Atraktivna tabla omogu\u0107uje va\u0161em djetetu da izrazi svoju kreativnost slikanjem neobi\u010dnih slika ili pisanjem.Zidna polica se mo\u017ee postaviti na bilo koju \u017eeljenu visinu kako bi zadovoljila potrebe va\u0161eg djeteta.Naravno, sigurnost va\u0161eg djeteta je iznimno va\u017ena kada se igra s ovom policom. Zaobljeni uglovi osiguravaju sigurnost va\u0161eg djeteta i smanjuju rizik od ozljeda.Polica je izra\u0111ena od visokokvalitetnog medijapana (E1), lako se \u010disti, \u010dvrsta je i stabilna.Bijela polica prilago\u0111ava se rastu va\u0161eg djeteta i kasnije se mo\u017ee koristiti u spava\u0107oj sobi tinejd\u017eera.","og_url":"https:\/\/inti.hr\/bs\/proizvod\/djecja-zidna-vjesalica\/","og_site_name":"Inti","og_image":[{"width":1600,"height":1600,"url":"https:\/\/i0.wp.com\/inti.hr\/wp-content\/uploads\/2024\/01\/KMB86-W-S002_1800x1800.webp?fit=1600%2C1600&ssl=1","type":"image\/webp"}],"twitter_card":"summary_large_image","schema":{"@context":"https:\/\/schema.org","@graph":[{"@type":"WebPage","@id":"https:\/\/inti.hr\/bs\/proizvod\/djecja-zidna-vjesalica\/","url":"https:\/\/inti.hr\/bs\/proizvod\/djecja-zidna-vjesalica\/","name":"Dje\u010dja zidna vje\u0161alica - Inti","isPartOf":{"@id":"https:\/\/inti.hr\/bs\/#website"},"primaryImageOfPage":{"@id":"https:\/\/inti.hr\/bs\/proizvod\/djecja-zidna-vjesalica\/#primaryimage"},"image":{"@id":"https:\/\/inti.hr\/bs\/proizvod\/djecja-zidna-vjesalica\/#primaryimage"},"thumbnailUrl":"https:\/\/i0.wp.com\/inti.hr\/wp-content\/uploads\/2024\/01\/KMB86-W-S002_1800x1800.webp?fit=1600%2C1600&ssl=1","datePublished":"2024-01-12T11:18:20+00:00","dateModified":"2024-01-12T11:18:20+00:00","description":"S tri odjeljka za organiziranje i skupljanje dje\u010djih knjiga, lon\u010danica, malih igra\u010daka itd. Mali ruksaci i odje\u0107a mogu se objesiti na tri kuke.Atraktivna tabla omogu\u0107uje va\u0161em djetetu da izrazi svoju kreativnost slikanjem neobi\u010dnih slika ili pisanjem.Zidna polica se mo\u017ee postaviti na bilo koju \u017eeljenu visinu kako bi zadovoljila potrebe va\u0161eg djeteta.Naravno, sigurnost va\u0161eg djeteta je iznimno va\u017ena kada se igra s ovom policom. Zaobljeni uglovi osiguravaju sigurnost va\u0161eg djeteta i smanjuju rizik od ozljeda.Polica je izra\u0111ena od visokokvalitetnog medijapana (E1), lako se \u010disti, \u010dvrsta je i stabilna.Bijela polica prilago\u0111ava se rastu va\u0161eg djeteta i kasnije se mo\u017ee koristiti u spava\u0107oj sobi tinejd\u017eera.","breadcrumb":{"@id":"https:\/\/inti.hr\/bs\/proizvod\/djecja-zidna-vjesalica\/#breadcrumb"},"inLanguage":"bs-BA","potentialAction":[{"@type":"ReadAction","target":["https:\/\/inti.hr\/bs\/proizvod\/djecja-zidna-vjesalica\/"]}]},{"@type":"ImageObject","inLanguage":"bs-BA","@id":"https:\/\/inti.hr\/bs\/proizvod\/djecja-zidna-vjesalica\/#primaryimage","url":"https:\/\/i0.wp.com\/inti.hr\/wp-content\/uploads\/2024\/01\/KMB86-W-S002_1800x1800.webp?fit=1600%2C1600&ssl=1","contentUrl":"https:\/\/i0.wp.com\/inti.hr\/wp-content\/uploads\/2024\/01\/KMB86-W-S002_1800x1800.webp?fit=1600%2C1600&ssl=1","width":1600,"height":1600},{"@type":"BreadcrumbList","@id":"https:\/\/inti.hr\/bs\/proizvod\/djecja-zidna-vjesalica\/#breadcrumb","itemListElement":[{"@type":"ListItem","position":1,"name":"Po\u010detna stranica","item":"https:\/\/inti.hr\/bs\/"},{"@type":"ListItem","position":2,"name":"Trgovina","item":"https:\/\/inti.hr\/bs\/trgovina\/"},{"@type":"ListItem","position":3,"name":"Dje\u010dja zidna vje\u0161alica"}]},{"@type":"WebSite","@id":"https:\/\/inti.hr\/bs\/#website","url":"https:\/\/inti.hr\/bs\/","name":"Inti","description":"trgovina","potentialAction":[{"@type":"SearchAction","target":{"@type":"EntryPoint","urlTemplate":"https:\/\/inti.hr\/bs\/?s={search_term_string}"},"query-input":{"@type":"PropertyValueSpecification","valueRequired":true,"valueName":"search_term_string"}}],"inLanguage":"bs-BA"}]}},"jetpack_sharing_enabled":true,"jetpack-related-posts":[],"_links":{"self":[{"href":"https:\/\/inti.hr\/bs\/wp-json\/wp\/v2\/product\/33083"}],"collection":[{"href":"https:\/\/inti.hr\/bs\/wp-json\/wp\/v2\/product"}],"about":[{"href":"https:\/\/inti.hr\/bs\/wp-json\/wp\/v2\/types\/product"}],"wp:featuredmedia":[{"embeddable":true,"href":"https:\/\/inti.hr\/bs\/wp-json\/wp\/v2\/media\/33084"}],"wp:attachment":[{"href":"https:\/\/inti.hr\/bs\/wp-json\/wp\/v2\/media?parent=33083"}],"wp:term":[{"taxonomy":"product_cat","embeddable":true,"href":"https:\/\/inti.hr\/bs\/wp-json\/wp\/v2\/product_cat?post=33083"},{"taxonomy":"product_tag","embeddable":true,"href":"https:\/\/inti.hr\/bs\/wp-json\/wp\/v2\/product_tag?post=33083"}],"curies":[{"name":"wp","href":"https:\/\/api.w.org\/{rel}","templated":true}]}}