{"id":33129,"date":"2023-11-03T07:40:55","date_gmt":"2023-11-03T07:40:55","guid":{"rendered":"https:\/\/inti.hr\/product\/set-blagovaonskih-stolica-od-2-78x45x48-cm-bez\/"},"modified":"2023-11-03T07:40:55","modified_gmt":"2023-11-03T07:40:55","slug":"set-blagovaonskih-stolica-od-2-78x45x48-cm-bez","status":"publish","type":"product","link":"https:\/\/inti.hr\/bs\/proizvod\/set-blagovaonskih-stolica-od-2-78x45x48-cm-bez\/","title":{"rendered":"Set blagovaonskih stolica od 2 78x45x48 cm be\u017e"},"content":{"rendered":"<p>Detalji proizvoda:<\/p>\n<p>&#8211; Dvije udobne stolice u kompletu<br \/>\n&#8211; Stabilno postolje zahvaljuju\u0107i \u010detiri noge stolice<br \/>\n&#8211; Jednostavno sastavljanje i brzo postavljanje<br \/>\n&#8211; Podstavljeno sjedalo<br \/>\n&#8211; Mo\u017ee izdr\u017eati do 130 kg<\/p>\n<p>Materijal:<\/p>\n<p>&#8211; Presvlaka sjedala: umjetna ko\u017ea (100% poliuretan)<br \/>\n&#8211; Noge stolice: metal<br \/>\n&#8211; Naslon: \u0161perplo\u010da<\/p>\n<p>Dimenzije:<\/p>\n<p>&#8211; Ukupno (Vx\u0160xD): 78 x 45 x 48 cm<br \/>\n&#8211; Visina sjedala: 48 cm<\/p>\n<p>Boja:<\/p>\n<p>&#8211; Navlaka za sjedalo: Be\u017e<br \/>\n&#8211; Okvir stolice: Crni<br \/>\n&#8211; Naslon: U boji drveta<\/p>\n","protected":false},"excerpt":{"rendered":"<p>Ove dvije udobne tapecirane stolice nude vam udobno mjesto za sjedenje &#8230; <\/p>\n","protected":false},"featured_media":33130,"template":"","meta":[],"product_cat":[2570],"product_tag":[2571,2584],"yoast_head":"<!-- This site is optimized with the Yoast SEO plugin v23.7 - https:\/\/yoast.com\/wordpress\/plugins\/seo\/ -->\n<title>Set blagovaonskih stolica od 2 78x45x48 cm be\u017e - Inti<\/title>\n<meta name=\"description\" content=\"Ove dvije udobne tapecirane stolice nude vam udobno mjesto za sjedenje za vrijeme obroka i istovremeno stvaraju privla\u010dnu atmosferu u va\u0161oj sobi.Bilo da u\u017eivate u dugim ve\u010derama ili primate goste, ove stolice pru\u017eaju udobno iskustvo sjedenja. \u010cetiri \u010dvrste noge stolca omogu\u0107uju sigurno postolje i osiguravaju dugotrajnu upotrebu.U pakiranju su dva udobna sjedala po povoljnoj cijeni! Bilo u dnevnoj sobi, kuhinji, radnoj sobi ili blagovaonici - svestrana fotelja osigurava individualno \u017eivotno iskustvo.\" \/>\n<meta name=\"robots\" content=\"index, follow, max-snippet:-1, max-image-preview:large, max-video-preview:-1\" \/>\n<link rel=\"canonical\" href=\"https:\/\/inti.hr\/bs\/proizvod\/set-blagovaonskih-stolica-od-2-78x45x48-cm-bez\/\" \/>\n<meta property=\"og:locale\" content=\"bs_BA\" \/>\n<meta property=\"og:type\" content=\"article\" \/>\n<meta property=\"og:title\" content=\"Set blagovaonskih stolica od 2 78x45x48 cm be\u017e - Inti\" \/>\n<meta property=\"og:description\" content=\"Ove dvije udobne tapecirane stolice nude vam udobno mjesto za sjedenje za vrijeme obroka i istovremeno stvaraju privla\u010dnu atmosferu u va\u0161oj sobi.Bilo da u\u017eivate u dugim ve\u010derama ili primate goste, ove stolice pru\u017eaju udobno iskustvo sjedenja. \u010cetiri \u010dvrste noge stolca omogu\u0107uju sigurno postolje i osiguravaju dugotrajnu upotrebu.U pakiranju su dva udobna sjedala po povoljnoj cijeni! Bilo u dnevnoj sobi, kuhinji, radnoj sobi ili blagovaonici - svestrana fotelja osigurava individualno \u017eivotno iskustvo.\" \/>\n<meta property=\"og:url\" content=\"https:\/\/inti.hr\/bs\/proizvod\/set-blagovaonskih-stolica-od-2-78x45x48-cm-bez\/\" \/>\n<meta property=\"og:site_name\" content=\"Inti\" \/>\n<meta property=\"og:image\" content=\"https:\/\/i0.wp.com\/inti.hr\/wp-content\/uploads\/2023\/11\/3006502d35ae33218673b18d89e4bac2.jpg?fit=1400%2C1400&ssl=1\" \/>\n\t<meta property=\"og:image:width\" content=\"1400\" \/>\n\t<meta property=\"og:image:height\" content=\"1400\" \/>\n\t<meta property=\"og:image:type\" content=\"image\/jpeg\" \/>\n<meta name=\"twitter:card\" content=\"summary_large_image\" \/>\n<script type=\"application\/ld+json\" class=\"yoast-schema-graph\">{\"@context\":\"https:\/\/schema.org\",\"@graph\":[{\"@type\":\"WebPage\",\"@id\":\"https:\/\/inti.hr\/bs\/proizvod\/set-blagovaonskih-stolica-od-2-78x45x48-cm-bez\/\",\"url\":\"https:\/\/inti.hr\/bs\/proizvod\/set-blagovaonskih-stolica-od-2-78x45x48-cm-bez\/\",\"name\":\"Set blagovaonskih stolica od 2 78x45x48 cm be\u017e - Inti\",\"isPartOf\":{\"@id\":\"https:\/\/inti.hr\/bs\/#website\"},\"primaryImageOfPage\":{\"@id\":\"https:\/\/inti.hr\/bs\/proizvod\/set-blagovaonskih-stolica-od-2-78x45x48-cm-bez\/#primaryimage\"},\"image\":{\"@id\":\"https:\/\/inti.hr\/bs\/proizvod\/set-blagovaonskih-stolica-od-2-78x45x48-cm-bez\/#primaryimage\"},\"thumbnailUrl\":\"https:\/\/i0.wp.com\/inti.hr\/wp-content\/uploads\/2023\/11\/3006502d35ae33218673b18d89e4bac2.jpg?fit=1400%2C1400&ssl=1\",\"datePublished\":\"2023-11-03T07:40:55+00:00\",\"dateModified\":\"2023-11-03T07:40:55+00:00\",\"description\":\"Ove dvije udobne tapecirane stolice nude vam udobno mjesto za sjedenje za vrijeme obroka i istovremeno stvaraju privla\u010dnu atmosferu u va\u0161oj sobi.Bilo da u\u017eivate u dugim ve\u010derama ili primate goste, ove stolice pru\u017eaju udobno iskustvo sjedenja. \u010cetiri \u010dvrste noge stolca omogu\u0107uju sigurno postolje i osiguravaju dugotrajnu upotrebu.U pakiranju su dva udobna sjedala po povoljnoj cijeni! Bilo u dnevnoj sobi, kuhinji, radnoj sobi ili blagovaonici - svestrana fotelja osigurava individualno \u017eivotno iskustvo.\",\"breadcrumb\":{\"@id\":\"https:\/\/inti.hr\/bs\/proizvod\/set-blagovaonskih-stolica-od-2-78x45x48-cm-bez\/#breadcrumb\"},\"inLanguage\":\"bs-BA\",\"potentialAction\":[{\"@type\":\"ReadAction\",\"target\":[\"https:\/\/inti.hr\/bs\/proizvod\/set-blagovaonskih-stolica-od-2-78x45x48-cm-bez\/\"]}]},{\"@type\":\"ImageObject\",\"inLanguage\":\"bs-BA\",\"@id\":\"https:\/\/inti.hr\/bs\/proizvod\/set-blagovaonskih-stolica-od-2-78x45x48-cm-bez\/#primaryimage\",\"url\":\"https:\/\/i0.wp.com\/inti.hr\/wp-content\/uploads\/2023\/11\/3006502d35ae33218673b18d89e4bac2.jpg?fit=1400%2C1400&ssl=1\",\"contentUrl\":\"https:\/\/i0.wp.com\/inti.hr\/wp-content\/uploads\/2023\/11\/3006502d35ae33218673b18d89e4bac2.jpg?fit=1400%2C1400&ssl=1\",\"width\":1400,\"height\":1400,\"caption\":\"Set blagovaonskih stolica od 2 78x45x48 cm be\u017e\"},{\"@type\":\"BreadcrumbList\",\"@id\":\"https:\/\/inti.hr\/bs\/proizvod\/set-blagovaonskih-stolica-od-2-78x45x48-cm-bez\/#breadcrumb\",\"itemListElement\":[{\"@type\":\"ListItem\",\"position\":1,\"name\":\"Po\u010detna stranica\",\"item\":\"https:\/\/inti.hr\/bs\/\"},{\"@type\":\"ListItem\",\"position\":2,\"name\":\"Trgovina\",\"item\":\"https:\/\/inti.hr\/bs\/trgovina\/\"},{\"@type\":\"ListItem\",\"position\":3,\"name\":\"Set blagovaonskih stolica od 2 78x45x48 cm be\u017e\"}]},{\"@type\":\"WebSite\",\"@id\":\"https:\/\/inti.hr\/bs\/#website\",\"url\":\"https:\/\/inti.hr\/bs\/\",\"name\":\"Inti\",\"description\":\"trgovina\",\"potentialAction\":[{\"@type\":\"SearchAction\",\"target\":{\"@type\":\"EntryPoint\",\"urlTemplate\":\"https:\/\/inti.hr\/bs\/?s={search_term_string}\"},\"query-input\":{\"@type\":\"PropertyValueSpecification\",\"valueRequired\":true,\"valueName\":\"search_term_string\"}}],\"inLanguage\":\"bs-BA\"}]}<\/script>\n<!-- \/ Yoast SEO plugin. -->","yoast_head_json":{"title":"Set blagovaonskih stolica od 2 78x45x48 cm be\u017e - Inti","description":"Ove dvije udobne tapecirane stolice nude vam udobno mjesto za sjedenje za vrijeme obroka i istovremeno stvaraju privla\u010dnu atmosferu u va\u0161oj sobi.Bilo da u\u017eivate u dugim ve\u010derama ili primate goste, ove stolice pru\u017eaju udobno iskustvo sjedenja. \u010cetiri \u010dvrste noge stolca omogu\u0107uju sigurno postolje i osiguravaju dugotrajnu upotrebu.U pakiranju su dva udobna sjedala po povoljnoj cijeni! Bilo u dnevnoj sobi, kuhinji, radnoj sobi ili blagovaonici - svestrana fotelja osigurava individualno \u017eivotno iskustvo.","robots":{"index":"index","follow":"follow","max-snippet":"max-snippet:-1","max-image-preview":"max-image-preview:large","max-video-preview":"max-video-preview:-1"},"canonical":"https:\/\/inti.hr\/bs\/proizvod\/set-blagovaonskih-stolica-od-2-78x45x48-cm-bez\/","og_locale":"bs_BA","og_type":"article","og_title":"Set blagovaonskih stolica od 2 78x45x48 cm be\u017e - Inti","og_description":"Ove dvije udobne tapecirane stolice nude vam udobno mjesto za sjedenje za vrijeme obroka i istovremeno stvaraju privla\u010dnu atmosferu u va\u0161oj sobi.Bilo da u\u017eivate u dugim ve\u010derama ili primate goste, ove stolice pru\u017eaju udobno iskustvo sjedenja. \u010cetiri \u010dvrste noge stolca omogu\u0107uju sigurno postolje i osiguravaju dugotrajnu upotrebu.U pakiranju su dva udobna sjedala po povoljnoj cijeni! Bilo u dnevnoj sobi, kuhinji, radnoj sobi ili blagovaonici - svestrana fotelja osigurava individualno \u017eivotno iskustvo.","og_url":"https:\/\/inti.hr\/bs\/proizvod\/set-blagovaonskih-stolica-od-2-78x45x48-cm-bez\/","og_site_name":"Inti","og_image":[{"width":1400,"height":1400,"url":"https:\/\/i0.wp.com\/inti.hr\/wp-content\/uploads\/2023\/11\/3006502d35ae33218673b18d89e4bac2.jpg?fit=1400%2C1400&ssl=1","type":"image\/jpeg"}],"twitter_card":"summary_large_image","schema":{"@context":"https:\/\/schema.org","@graph":[{"@type":"WebPage","@id":"https:\/\/inti.hr\/bs\/proizvod\/set-blagovaonskih-stolica-od-2-78x45x48-cm-bez\/","url":"https:\/\/inti.hr\/bs\/proizvod\/set-blagovaonskih-stolica-od-2-78x45x48-cm-bez\/","name":"Set blagovaonskih stolica od 2 78x45x48 cm be\u017e - Inti","isPartOf":{"@id":"https:\/\/inti.hr\/bs\/#website"},"primaryImageOfPage":{"@id":"https:\/\/inti.hr\/bs\/proizvod\/set-blagovaonskih-stolica-od-2-78x45x48-cm-bez\/#primaryimage"},"image":{"@id":"https:\/\/inti.hr\/bs\/proizvod\/set-blagovaonskih-stolica-od-2-78x45x48-cm-bez\/#primaryimage"},"thumbnailUrl":"https:\/\/i0.wp.com\/inti.hr\/wp-content\/uploads\/2023\/11\/3006502d35ae33218673b18d89e4bac2.jpg?fit=1400%2C1400&ssl=1","datePublished":"2023-11-03T07:40:55+00:00","dateModified":"2023-11-03T07:40:55+00:00","description":"Ove dvije udobne tapecirane stolice nude vam udobno mjesto za sjedenje za vrijeme obroka i istovremeno stvaraju privla\u010dnu atmosferu u va\u0161oj sobi.Bilo da u\u017eivate u dugim ve\u010derama ili primate goste, ove stolice pru\u017eaju udobno iskustvo sjedenja. \u010cetiri \u010dvrste noge stolca omogu\u0107uju sigurno postolje i osiguravaju dugotrajnu upotrebu.U pakiranju su dva udobna sjedala po povoljnoj cijeni! Bilo u dnevnoj sobi, kuhinji, radnoj sobi ili blagovaonici - svestrana fotelja osigurava individualno \u017eivotno iskustvo.","breadcrumb":{"@id":"https:\/\/inti.hr\/bs\/proizvod\/set-blagovaonskih-stolica-od-2-78x45x48-cm-bez\/#breadcrumb"},"inLanguage":"bs-BA","potentialAction":[{"@type":"ReadAction","target":["https:\/\/inti.hr\/bs\/proizvod\/set-blagovaonskih-stolica-od-2-78x45x48-cm-bez\/"]}]},{"@type":"ImageObject","inLanguage":"bs-BA","@id":"https:\/\/inti.hr\/bs\/proizvod\/set-blagovaonskih-stolica-od-2-78x45x48-cm-bez\/#primaryimage","url":"https:\/\/i0.wp.com\/inti.hr\/wp-content\/uploads\/2023\/11\/3006502d35ae33218673b18d89e4bac2.jpg?fit=1400%2C1400&ssl=1","contentUrl":"https:\/\/i0.wp.com\/inti.hr\/wp-content\/uploads\/2023\/11\/3006502d35ae33218673b18d89e4bac2.jpg?fit=1400%2C1400&ssl=1","width":1400,"height":1400,"caption":"Set blagovaonskih stolica od 2 78x45x48 cm be\u017e"},{"@type":"BreadcrumbList","@id":"https:\/\/inti.hr\/bs\/proizvod\/set-blagovaonskih-stolica-od-2-78x45x48-cm-bez\/#breadcrumb","itemListElement":[{"@type":"ListItem","position":1,"name":"Po\u010detna stranica","item":"https:\/\/inti.hr\/bs\/"},{"@type":"ListItem","position":2,"name":"Trgovina","item":"https:\/\/inti.hr\/bs\/trgovina\/"},{"@type":"ListItem","position":3,"name":"Set blagovaonskih stolica od 2 78x45x48 cm be\u017e"}]},{"@type":"WebSite","@id":"https:\/\/inti.hr\/bs\/#website","url":"https:\/\/inti.hr\/bs\/","name":"Inti","description":"trgovina","potentialAction":[{"@type":"SearchAction","target":{"@type":"EntryPoint","urlTemplate":"https:\/\/inti.hr\/bs\/?s={search_term_string}"},"query-input":{"@type":"PropertyValueSpecification","valueRequired":true,"valueName":"search_term_string"}}],"inLanguage":"bs-BA"}]}},"jetpack_sharing_enabled":true,"jetpack-related-posts":[],"_links":{"self":[{"href":"https:\/\/inti.hr\/bs\/wp-json\/wp\/v2\/product\/33129"}],"collection":[{"href":"https:\/\/inti.hr\/bs\/wp-json\/wp\/v2\/product"}],"about":[{"href":"https:\/\/inti.hr\/bs\/wp-json\/wp\/v2\/types\/product"}],"wp:featuredmedia":[{"embeddable":true,"href":"https:\/\/inti.hr\/bs\/wp-json\/wp\/v2\/media\/33130"}],"wp:attachment":[{"href":"https:\/\/inti.hr\/bs\/wp-json\/wp\/v2\/media?parent=33129"}],"wp:term":[{"taxonomy":"product_cat","embeddable":true,"href":"https:\/\/inti.hr\/bs\/wp-json\/wp\/v2\/product_cat?post=33129"},{"taxonomy":"product_tag","embeddable":true,"href":"https:\/\/inti.hr\/bs\/wp-json\/wp\/v2\/product_tag?post=33129"}],"curies":[{"name":"wp","href":"https:\/\/api.w.org\/{rel}","templated":true}]}}