{"id":33133,"date":"2023-10-27T08:01:33","date_gmt":"2023-10-27T08:01:33","guid":{"rendered":"https:\/\/inti.hr\/product\/komoda-od-mdf-a-bijela\/"},"modified":"2023-10-27T08:01:33","modified_gmt":"2023-10-27T08:01:33","slug":"komoda-od-mdf-a-bijela","status":"publish","type":"product","link":"https:\/\/inti.hr\/bs\/proizvod\/komoda-od-mdf-a-bijela\/","title":{"rendered":"Komoda od MDF-a bijela"},"content":{"rendered":"<p>Detalji proizvoda:<\/p>\n<p>Boja: vintage sme\u0111a, bijela<br \/>\nMaterijal: drveni materijal<br \/>\nVeli\u010dina: 40 x 76 x 48 cm (D x \u0160 x V)<br \/>\nTe\u017eina: 13 kg<br \/>\nMaksimalna stati\u010dka nosivost klupe: 136 kg<br \/>\nMaksimalna stati\u010dka nosivost unutarnjeg odjeljka: 136 kg<\/p>\n","protected":false},"excerpt":{"rendered":"<p>Ova velika \u0161krinja izra\u0111ena je od robusnih MDF plo\u010da i mo\u017ee &#8230; <\/p>\n","protected":false},"featured_media":33134,"template":"","meta":[],"product_cat":[2408,2632],"product_tag":[3062,3582,2638],"yoast_head":"<!-- This site is optimized with the Yoast SEO plugin v23.7 - https:\/\/yoast.com\/wordpress\/plugins\/seo\/ -->\n<title>Komoda od MDF-a bijela - Inti<\/title>\n<meta name=\"description\" content=\"Ova velika \u0161krinja izra\u0111ena je od robusnih MDF plo\u010da i mo\u017ee izdr\u017eati do 180 kg. Sigurnosne \u0161arke tako\u0111er sprje\u010davaju naglo zatvaranje poklopca, \u010dime \u0161tite va\u0161e ruke i prste va\u0161e djece. Ukusna bijela tako\u0111er ide uz gotovo sve, bez obzira na to postavljate li klupu u predsoblje, u dnevnu ili spava\u0107u sobu. Na primjer, koristite ga kao klupu za krevet i uredno pospremite pid\u017eame i neke deke. Ili postavite \u0161krinju u hodnik kao klupu za cipele i udobno se obujte.\" \/>\n<meta name=\"robots\" content=\"index, follow, max-snippet:-1, max-image-preview:large, max-video-preview:-1\" \/>\n<link rel=\"canonical\" href=\"https:\/\/inti.hr\/bs\/proizvod\/komoda-od-mdf-a-bijela\/\" \/>\n<meta property=\"og:locale\" content=\"bs_BA\" \/>\n<meta property=\"og:type\" content=\"article\" \/>\n<meta property=\"og:title\" content=\"Komoda od MDF-a bijela - Inti\" \/>\n<meta property=\"og:description\" content=\"Ova velika \u0161krinja izra\u0111ena je od robusnih MDF plo\u010da i mo\u017ee izdr\u017eati do 180 kg. Sigurnosne \u0161arke tako\u0111er sprje\u010davaju naglo zatvaranje poklopca, \u010dime \u0161tite va\u0161e ruke i prste va\u0161e djece. Ukusna bijela tako\u0111er ide uz gotovo sve, bez obzira na to postavljate li klupu u predsoblje, u dnevnu ili spava\u0107u sobu. Na primjer, koristite ga kao klupu za krevet i uredno pospremite pid\u017eame i neke deke. Ili postavite \u0161krinju u hodnik kao klupu za cipele i udobno se obujte.\" \/>\n<meta property=\"og:url\" content=\"https:\/\/inti.hr\/bs\/proizvod\/komoda-od-mdf-a-bijela\/\" \/>\n<meta property=\"og:site_name\" content=\"Inti\" \/>\n<meta property=\"og:image\" content=\"https:\/\/i0.wp.com\/inti.hr\/wp-content\/uploads\/2023\/10\/Truhe-aus-MDF-Weiss-LHS11WT-3.jpg?fit=1000%2C1000&ssl=1\" \/>\n\t<meta property=\"og:image:width\" content=\"1000\" \/>\n\t<meta property=\"og:image:height\" content=\"1000\" \/>\n\t<meta property=\"og:image:type\" content=\"image\/jpeg\" \/>\n<meta name=\"twitter:card\" content=\"summary_large_image\" \/>\n<script type=\"application\/ld+json\" class=\"yoast-schema-graph\">{\"@context\":\"https:\/\/schema.org\",\"@graph\":[{\"@type\":\"WebPage\",\"@id\":\"https:\/\/inti.hr\/bs\/proizvod\/komoda-od-mdf-a-bijela\/\",\"url\":\"https:\/\/inti.hr\/bs\/proizvod\/komoda-od-mdf-a-bijela\/\",\"name\":\"Komoda od MDF-a bijela - Inti\",\"isPartOf\":{\"@id\":\"https:\/\/inti.hr\/bs\/#website\"},\"primaryImageOfPage\":{\"@id\":\"https:\/\/inti.hr\/bs\/proizvod\/komoda-od-mdf-a-bijela\/#primaryimage\"},\"image\":{\"@id\":\"https:\/\/inti.hr\/bs\/proizvod\/komoda-od-mdf-a-bijela\/#primaryimage\"},\"thumbnailUrl\":\"https:\/\/i0.wp.com\/inti.hr\/wp-content\/uploads\/2023\/10\/Truhe-aus-MDF-Weiss-LHS11WT-3.jpg?fit=1000%2C1000&ssl=1\",\"datePublished\":\"2023-10-27T08:01:33+00:00\",\"dateModified\":\"2023-10-27T08:01:33+00:00\",\"description\":\"Ova velika \u0161krinja izra\u0111ena je od robusnih MDF plo\u010da i mo\u017ee izdr\u017eati do 180 kg. Sigurnosne \u0161arke tako\u0111er sprje\u010davaju naglo zatvaranje poklopca, \u010dime \u0161tite va\u0161e ruke i prste va\u0161e djece. Ukusna bijela tako\u0111er ide uz gotovo sve, bez obzira na to postavljate li klupu u predsoblje, u dnevnu ili spava\u0107u sobu. Na primjer, koristite ga kao klupu za krevet i uredno pospremite pid\u017eame i neke deke. Ili postavite \u0161krinju u hodnik kao klupu za cipele i udobno se obujte.\",\"breadcrumb\":{\"@id\":\"https:\/\/inti.hr\/bs\/proizvod\/komoda-od-mdf-a-bijela\/#breadcrumb\"},\"inLanguage\":\"bs-BA\",\"potentialAction\":[{\"@type\":\"ReadAction\",\"target\":[\"https:\/\/inti.hr\/bs\/proizvod\/komoda-od-mdf-a-bijela\/\"]}]},{\"@type\":\"ImageObject\",\"inLanguage\":\"bs-BA\",\"@id\":\"https:\/\/inti.hr\/bs\/proizvod\/komoda-od-mdf-a-bijela\/#primaryimage\",\"url\":\"https:\/\/i0.wp.com\/inti.hr\/wp-content\/uploads\/2023\/10\/Truhe-aus-MDF-Weiss-LHS11WT-3.jpg?fit=1000%2C1000&ssl=1\",\"contentUrl\":\"https:\/\/i0.wp.com\/inti.hr\/wp-content\/uploads\/2023\/10\/Truhe-aus-MDF-Weiss-LHS11WT-3.jpg?fit=1000%2C1000&ssl=1\",\"width\":1000,\"height\":1000},{\"@type\":\"BreadcrumbList\",\"@id\":\"https:\/\/inti.hr\/bs\/proizvod\/komoda-od-mdf-a-bijela\/#breadcrumb\",\"itemListElement\":[{\"@type\":\"ListItem\",\"position\":1,\"name\":\"Po\u010detna stranica\",\"item\":\"https:\/\/inti.hr\/bs\/\"},{\"@type\":\"ListItem\",\"position\":2,\"name\":\"Trgovina\",\"item\":\"https:\/\/inti.hr\/bs\/trgovina\/\"},{\"@type\":\"ListItem\",\"position\":3,\"name\":\"Komoda od MDF-a bijela\"}]},{\"@type\":\"WebSite\",\"@id\":\"https:\/\/inti.hr\/bs\/#website\",\"url\":\"https:\/\/inti.hr\/bs\/\",\"name\":\"Inti\",\"description\":\"trgovina\",\"potentialAction\":[{\"@type\":\"SearchAction\",\"target\":{\"@type\":\"EntryPoint\",\"urlTemplate\":\"https:\/\/inti.hr\/bs\/?s={search_term_string}\"},\"query-input\":{\"@type\":\"PropertyValueSpecification\",\"valueRequired\":true,\"valueName\":\"search_term_string\"}}],\"inLanguage\":\"bs-BA\"}]}<\/script>\n<!-- \/ Yoast SEO plugin. -->","yoast_head_json":{"title":"Komoda od MDF-a bijela - Inti","description":"Ova velika \u0161krinja izra\u0111ena je od robusnih MDF plo\u010da i mo\u017ee izdr\u017eati do 180 kg. Sigurnosne \u0161arke tako\u0111er sprje\u010davaju naglo zatvaranje poklopca, \u010dime \u0161tite va\u0161e ruke i prste va\u0161e djece. Ukusna bijela tako\u0111er ide uz gotovo sve, bez obzira na to postavljate li klupu u predsoblje, u dnevnu ili spava\u0107u sobu. Na primjer, koristite ga kao klupu za krevet i uredno pospremite pid\u017eame i neke deke. Ili postavite \u0161krinju u hodnik kao klupu za cipele i udobno se obujte.","robots":{"index":"index","follow":"follow","max-snippet":"max-snippet:-1","max-image-preview":"max-image-preview:large","max-video-preview":"max-video-preview:-1"},"canonical":"https:\/\/inti.hr\/bs\/proizvod\/komoda-od-mdf-a-bijela\/","og_locale":"bs_BA","og_type":"article","og_title":"Komoda od MDF-a bijela - Inti","og_description":"Ova velika \u0161krinja izra\u0111ena je od robusnih MDF plo\u010da i mo\u017ee izdr\u017eati do 180 kg. Sigurnosne \u0161arke tako\u0111er sprje\u010davaju naglo zatvaranje poklopca, \u010dime \u0161tite va\u0161e ruke i prste va\u0161e djece. Ukusna bijela tako\u0111er ide uz gotovo sve, bez obzira na to postavljate li klupu u predsoblje, u dnevnu ili spava\u0107u sobu. Na primjer, koristite ga kao klupu za krevet i uredno pospremite pid\u017eame i neke deke. Ili postavite \u0161krinju u hodnik kao klupu za cipele i udobno se obujte.","og_url":"https:\/\/inti.hr\/bs\/proizvod\/komoda-od-mdf-a-bijela\/","og_site_name":"Inti","og_image":[{"width":1000,"height":1000,"url":"https:\/\/i0.wp.com\/inti.hr\/wp-content\/uploads\/2023\/10\/Truhe-aus-MDF-Weiss-LHS11WT-3.jpg?fit=1000%2C1000&ssl=1","type":"image\/jpeg"}],"twitter_card":"summary_large_image","schema":{"@context":"https:\/\/schema.org","@graph":[{"@type":"WebPage","@id":"https:\/\/inti.hr\/bs\/proizvod\/komoda-od-mdf-a-bijela\/","url":"https:\/\/inti.hr\/bs\/proizvod\/komoda-od-mdf-a-bijela\/","name":"Komoda od MDF-a bijela - Inti","isPartOf":{"@id":"https:\/\/inti.hr\/bs\/#website"},"primaryImageOfPage":{"@id":"https:\/\/inti.hr\/bs\/proizvod\/komoda-od-mdf-a-bijela\/#primaryimage"},"image":{"@id":"https:\/\/inti.hr\/bs\/proizvod\/komoda-od-mdf-a-bijela\/#primaryimage"},"thumbnailUrl":"https:\/\/i0.wp.com\/inti.hr\/wp-content\/uploads\/2023\/10\/Truhe-aus-MDF-Weiss-LHS11WT-3.jpg?fit=1000%2C1000&ssl=1","datePublished":"2023-10-27T08:01:33+00:00","dateModified":"2023-10-27T08:01:33+00:00","description":"Ova velika \u0161krinja izra\u0111ena je od robusnih MDF plo\u010da i mo\u017ee izdr\u017eati do 180 kg. Sigurnosne \u0161arke tako\u0111er sprje\u010davaju naglo zatvaranje poklopca, \u010dime \u0161tite va\u0161e ruke i prste va\u0161e djece. Ukusna bijela tako\u0111er ide uz gotovo sve, bez obzira na to postavljate li klupu u predsoblje, u dnevnu ili spava\u0107u sobu. Na primjer, koristite ga kao klupu za krevet i uredno pospremite pid\u017eame i neke deke. Ili postavite \u0161krinju u hodnik kao klupu za cipele i udobno se obujte.","breadcrumb":{"@id":"https:\/\/inti.hr\/bs\/proizvod\/komoda-od-mdf-a-bijela\/#breadcrumb"},"inLanguage":"bs-BA","potentialAction":[{"@type":"ReadAction","target":["https:\/\/inti.hr\/bs\/proizvod\/komoda-od-mdf-a-bijela\/"]}]},{"@type":"ImageObject","inLanguage":"bs-BA","@id":"https:\/\/inti.hr\/bs\/proizvod\/komoda-od-mdf-a-bijela\/#primaryimage","url":"https:\/\/i0.wp.com\/inti.hr\/wp-content\/uploads\/2023\/10\/Truhe-aus-MDF-Weiss-LHS11WT-3.jpg?fit=1000%2C1000&ssl=1","contentUrl":"https:\/\/i0.wp.com\/inti.hr\/wp-content\/uploads\/2023\/10\/Truhe-aus-MDF-Weiss-LHS11WT-3.jpg?fit=1000%2C1000&ssl=1","width":1000,"height":1000},{"@type":"BreadcrumbList","@id":"https:\/\/inti.hr\/bs\/proizvod\/komoda-od-mdf-a-bijela\/#breadcrumb","itemListElement":[{"@type":"ListItem","position":1,"name":"Po\u010detna stranica","item":"https:\/\/inti.hr\/bs\/"},{"@type":"ListItem","position":2,"name":"Trgovina","item":"https:\/\/inti.hr\/bs\/trgovina\/"},{"@type":"ListItem","position":3,"name":"Komoda od MDF-a bijela"}]},{"@type":"WebSite","@id":"https:\/\/inti.hr\/bs\/#website","url":"https:\/\/inti.hr\/bs\/","name":"Inti","description":"trgovina","potentialAction":[{"@type":"SearchAction","target":{"@type":"EntryPoint","urlTemplate":"https:\/\/inti.hr\/bs\/?s={search_term_string}"},"query-input":{"@type":"PropertyValueSpecification","valueRequired":true,"valueName":"search_term_string"}}],"inLanguage":"bs-BA"}]}},"jetpack_sharing_enabled":true,"jetpack-related-posts":[],"_links":{"self":[{"href":"https:\/\/inti.hr\/bs\/wp-json\/wp\/v2\/product\/33133"}],"collection":[{"href":"https:\/\/inti.hr\/bs\/wp-json\/wp\/v2\/product"}],"about":[{"href":"https:\/\/inti.hr\/bs\/wp-json\/wp\/v2\/types\/product"}],"wp:featuredmedia":[{"embeddable":true,"href":"https:\/\/inti.hr\/bs\/wp-json\/wp\/v2\/media\/33134"}],"wp:attachment":[{"href":"https:\/\/inti.hr\/bs\/wp-json\/wp\/v2\/media?parent=33133"}],"wp:term":[{"taxonomy":"product_cat","embeddable":true,"href":"https:\/\/inti.hr\/bs\/wp-json\/wp\/v2\/product_cat?post=33133"},{"taxonomy":"product_tag","embeddable":true,"href":"https:\/\/inti.hr\/bs\/wp-json\/wp\/v2\/product_tag?post=33133"}],"curies":[{"name":"wp","href":"https:\/\/api.w.org\/{rel}","templated":true}]}}