{"id":33141,"date":"2023-10-24T06:42:28","date_gmt":"2023-10-24T06:42:28","guid":{"rendered":"https:\/\/inti.hr\/product\/kupaonski-ormaric-s-dvostrukim-vratima\/"},"modified":"2023-10-24T06:42:28","modified_gmt":"2023-10-24T06:42:28","slug":"kupaonski-ormaric-s-dvostrukim-vratima","status":"publish","type":"product","link":"https:\/\/inti.hr\/bs\/proizvod\/kupaonski-ormaric-s-dvostrukim-vratima\/","title":{"rendered":"Kupaonski ormari\u0107 s dvostrukim vratima"},"content":{"rendered":"<p>Detalji proizvoda:<\/p>\n<p>&#8211; Dimenzije: 60 x 80 x 30 cm (\u0160 x V x D)<br \/>\n&#8211; Dimenzije pakiranja: 87 x 36 x 19 cm<br \/>\n&#8211; Materijal: MDF plo\u010da<br \/>\n&#8211; Boja: bijela<br \/>\n&#8211; Neto te\u017eina: 12,4 kg<br \/>\n&#8211; Bruto te\u017eina: 13,7 kg<\/p>\n","protected":false},"excerpt":{"rendered":"<p>Fleksibilan dizajn prostora za pohranu zahvaljuju\u0107i 2 podesive police &#8211; Koriste\u0107i &#8230; <\/p>\n","protected":false},"featured_media":33142,"template":"","meta":[],"product_cat":[2392],"product_tag":[3062,2520,3584],"yoast_head":"<!-- This site is optimized with the Yoast SEO plugin v23.7 - https:\/\/yoast.com\/wordpress\/plugins\/seo\/ -->\n<title>Kupaonski ormari\u0107 s dvostrukim vratima - Inti<\/title>\n<meta name=\"description\" content=\"Fleksibilan dizajn prostora za pohranu zahvaljuju\u0107i 2 podesive police - Koriste\u0107i predvi\u0111ene rupe, ormari\u0107 s dvoja vrata podijeljen je u 3 odjeljka podesivim policama na 3 razine, idealnim za pohranu predmeta na razli\u010ditim visinama. Bijeli ormari\u0107 u stilu seoske ku\u0107e u kombinaciji s metalnim ru\u010dkama, prilago\u0111ava se svakoj prostoriji i svakoj funkciji - Ima savr\u0161enu funkcionalnost, mo\u017ee se koristiti kao kupaonski ormari\u0107, ormari\u0107 za cipele u hodniku, kuhinjski ormari\u0107 ili ormari\u0107 za lijekove. Lak\u0161i za sastavljanje i opremljen za\u0161titom od prevrtanja - detaljne grafi\u010dke upute vode vas korak po korak do kupaonskog ormari\u0107a; Pojedini dijelovi su ozna\u010deni slovima kako ne bi do\u0161lo do zabune. Uz za\u0161titu od prevrtanja, ormari\u0107 se mo\u017ee pri\u010dvrstiti na zid, \u0161to osigurava stabilnost i sigurnost tijekom kori\u0161tenja. Nudi puno prostora za pohranu - dimenzije kupaonskog ormari\u0107a: 60 x 80 x 30 cm (\u0160 x V x D), iza neprozirnih vrata ru\u010dnici, toaletni papir i ostali kupaonski pribor mogu se dobro za\u0161tititi od pra\u0161ine, vode i ne\u017eeljenih pogleda, \u0161to stvara ugodan red u sobi kupaonica. Materijal otporan na vlagu, tako\u0111er jednostavan za \u010di\u0161\u0107enje - Kupaonski ormari\u0107 izra\u0111en od MDF plo\u010de (klasa E1), povr\u0161inski lakiran, otporan na vlagu i plijesan, tako\u0111er se lako \u010disti.\" \/>\n<meta name=\"robots\" content=\"index, follow, max-snippet:-1, max-image-preview:large, max-video-preview:-1\" \/>\n<link rel=\"canonical\" href=\"https:\/\/inti.hr\/bs\/proizvod\/kupaonski-ormaric-s-dvostrukim-vratima\/\" \/>\n<meta property=\"og:locale\" content=\"bs_BA\" \/>\n<meta property=\"og:type\" content=\"article\" \/>\n<meta property=\"og:title\" content=\"Kupaonski ormari\u0107 s dvostrukim vratima - Inti\" \/>\n<meta property=\"og:description\" content=\"Fleksibilan dizajn prostora za pohranu zahvaljuju\u0107i 2 podesive police - Koriste\u0107i predvi\u0111ene rupe, ormari\u0107 s dvoja vrata podijeljen je u 3 odjeljka podesivim policama na 3 razine, idealnim za pohranu predmeta na razli\u010ditim visinama. Bijeli ormari\u0107 u stilu seoske ku\u0107e u kombinaciji s metalnim ru\u010dkama, prilago\u0111ava se svakoj prostoriji i svakoj funkciji - Ima savr\u0161enu funkcionalnost, mo\u017ee se koristiti kao kupaonski ormari\u0107, ormari\u0107 za cipele u hodniku, kuhinjski ormari\u0107 ili ormari\u0107 za lijekove. Lak\u0161i za sastavljanje i opremljen za\u0161titom od prevrtanja - detaljne grafi\u010dke upute vode vas korak po korak do kupaonskog ormari\u0107a; Pojedini dijelovi su ozna\u010deni slovima kako ne bi do\u0161lo do zabune. Uz za\u0161titu od prevrtanja, ormari\u0107 se mo\u017ee pri\u010dvrstiti na zid, \u0161to osigurava stabilnost i sigurnost tijekom kori\u0161tenja. Nudi puno prostora za pohranu - dimenzije kupaonskog ormari\u0107a: 60 x 80 x 30 cm (\u0160 x V x D), iza neprozirnih vrata ru\u010dnici, toaletni papir i ostali kupaonski pribor mogu se dobro za\u0161tititi od pra\u0161ine, vode i ne\u017eeljenih pogleda, \u0161to stvara ugodan red u sobi kupaonica. Materijal otporan na vlagu, tako\u0111er jednostavan za \u010di\u0161\u0107enje - Kupaonski ormari\u0107 izra\u0111en od MDF plo\u010de (klasa E1), povr\u0161inski lakiran, otporan na vlagu i plijesan, tako\u0111er se lako \u010disti.\" \/>\n<meta property=\"og:url\" content=\"https:\/\/inti.hr\/bs\/proizvod\/kupaonski-ormaric-s-dvostrukim-vratima\/\" \/>\n<meta property=\"og:site_name\" content=\"Inti\" \/>\n<meta property=\"og:image\" content=\"https:\/\/i0.wp.com\/inti.hr\/wp-content\/uploads\/2023\/10\/Badezimmerschrank-mit-Doppeltuer-BCB60W-3.jpg?fit=1000%2C1000&ssl=1\" \/>\n\t<meta property=\"og:image:width\" content=\"1000\" \/>\n\t<meta property=\"og:image:height\" content=\"1000\" \/>\n\t<meta property=\"og:image:type\" content=\"image\/jpeg\" \/>\n<meta name=\"twitter:card\" content=\"summary_large_image\" \/>\n<script type=\"application\/ld+json\" class=\"yoast-schema-graph\">{\"@context\":\"https:\/\/schema.org\",\"@graph\":[{\"@type\":\"WebPage\",\"@id\":\"https:\/\/inti.hr\/bs\/proizvod\/kupaonski-ormaric-s-dvostrukim-vratima\/\",\"url\":\"https:\/\/inti.hr\/bs\/proizvod\/kupaonski-ormaric-s-dvostrukim-vratima\/\",\"name\":\"Kupaonski ormari\u0107 s dvostrukim vratima - Inti\",\"isPartOf\":{\"@id\":\"https:\/\/inti.hr\/bs\/#website\"},\"primaryImageOfPage\":{\"@id\":\"https:\/\/inti.hr\/bs\/proizvod\/kupaonski-ormaric-s-dvostrukim-vratima\/#primaryimage\"},\"image\":{\"@id\":\"https:\/\/inti.hr\/bs\/proizvod\/kupaonski-ormaric-s-dvostrukim-vratima\/#primaryimage\"},\"thumbnailUrl\":\"https:\/\/i0.wp.com\/inti.hr\/wp-content\/uploads\/2023\/10\/Badezimmerschrank-mit-Doppeltuer-BCB60W-3.jpg?fit=1000%2C1000&ssl=1\",\"datePublished\":\"2023-10-24T06:42:28+00:00\",\"dateModified\":\"2023-10-24T06:42:28+00:00\",\"description\":\"Fleksibilan dizajn prostora za pohranu zahvaljuju\u0107i 2 podesive police - Koriste\u0107i predvi\u0111ene rupe, ormari\u0107 s dvoja vrata podijeljen je u 3 odjeljka podesivim policama na 3 razine, idealnim za pohranu predmeta na razli\u010ditim visinama. Bijeli ormari\u0107 u stilu seoske ku\u0107e u kombinaciji s metalnim ru\u010dkama, prilago\u0111ava se svakoj prostoriji i svakoj funkciji - Ima savr\u0161enu funkcionalnost, mo\u017ee se koristiti kao kupaonski ormari\u0107, ormari\u0107 za cipele u hodniku, kuhinjski ormari\u0107 ili ormari\u0107 za lijekove. Lak\u0161i za sastavljanje i opremljen za\u0161titom od prevrtanja - detaljne grafi\u010dke upute vode vas korak po korak do kupaonskog ormari\u0107a; Pojedini dijelovi su ozna\u010deni slovima kako ne bi do\u0161lo do zabune. Uz za\u0161titu od prevrtanja, ormari\u0107 se mo\u017ee pri\u010dvrstiti na zid, \u0161to osigurava stabilnost i sigurnost tijekom kori\u0161tenja. Nudi puno prostora za pohranu - dimenzije kupaonskog ormari\u0107a: 60 x 80 x 30 cm (\u0160 x V x D), iza neprozirnih vrata ru\u010dnici, toaletni papir i ostali kupaonski pribor mogu se dobro za\u0161tititi od pra\u0161ine, vode i ne\u017eeljenih pogleda, \u0161to stvara ugodan red u sobi kupaonica. Materijal otporan na vlagu, tako\u0111er jednostavan za \u010di\u0161\u0107enje - Kupaonski ormari\u0107 izra\u0111en od MDF plo\u010de (klasa E1), povr\u0161inski lakiran, otporan na vlagu i plijesan, tako\u0111er se lako \u010disti.\",\"breadcrumb\":{\"@id\":\"https:\/\/inti.hr\/bs\/proizvod\/kupaonski-ormaric-s-dvostrukim-vratima\/#breadcrumb\"},\"inLanguage\":\"bs-BA\",\"potentialAction\":[{\"@type\":\"ReadAction\",\"target\":[\"https:\/\/inti.hr\/bs\/proizvod\/kupaonski-ormaric-s-dvostrukim-vratima\/\"]}]},{\"@type\":\"ImageObject\",\"inLanguage\":\"bs-BA\",\"@id\":\"https:\/\/inti.hr\/bs\/proizvod\/kupaonski-ormaric-s-dvostrukim-vratima\/#primaryimage\",\"url\":\"https:\/\/i0.wp.com\/inti.hr\/wp-content\/uploads\/2023\/10\/Badezimmerschrank-mit-Doppeltuer-BCB60W-3.jpg?fit=1000%2C1000&ssl=1\",\"contentUrl\":\"https:\/\/i0.wp.com\/inti.hr\/wp-content\/uploads\/2023\/10\/Badezimmerschrank-mit-Doppeltuer-BCB60W-3.jpg?fit=1000%2C1000&ssl=1\",\"width\":1000,\"height\":1000},{\"@type\":\"BreadcrumbList\",\"@id\":\"https:\/\/inti.hr\/bs\/proizvod\/kupaonski-ormaric-s-dvostrukim-vratima\/#breadcrumb\",\"itemListElement\":[{\"@type\":\"ListItem\",\"position\":1,\"name\":\"Po\u010detna stranica\",\"item\":\"https:\/\/inti.hr\/bs\/\"},{\"@type\":\"ListItem\",\"position\":2,\"name\":\"Trgovina\",\"item\":\"https:\/\/inti.hr\/bs\/trgovina\/\"},{\"@type\":\"ListItem\",\"position\":3,\"name\":\"Kupaonski ormari\u0107 s dvostrukim vratima\"}]},{\"@type\":\"WebSite\",\"@id\":\"https:\/\/inti.hr\/bs\/#website\",\"url\":\"https:\/\/inti.hr\/bs\/\",\"name\":\"Inti\",\"description\":\"trgovina\",\"potentialAction\":[{\"@type\":\"SearchAction\",\"target\":{\"@type\":\"EntryPoint\",\"urlTemplate\":\"https:\/\/inti.hr\/bs\/?s={search_term_string}\"},\"query-input\":{\"@type\":\"PropertyValueSpecification\",\"valueRequired\":true,\"valueName\":\"search_term_string\"}}],\"inLanguage\":\"bs-BA\"}]}<\/script>\n<!-- \/ Yoast SEO plugin. -->","yoast_head_json":{"title":"Kupaonski ormari\u0107 s dvostrukim vratima - Inti","description":"Fleksibilan dizajn prostora za pohranu zahvaljuju\u0107i 2 podesive police - Koriste\u0107i predvi\u0111ene rupe, ormari\u0107 s dvoja vrata podijeljen je u 3 odjeljka podesivim policama na 3 razine, idealnim za pohranu predmeta na razli\u010ditim visinama. Bijeli ormari\u0107 u stilu seoske ku\u0107e u kombinaciji s metalnim ru\u010dkama, prilago\u0111ava se svakoj prostoriji i svakoj funkciji - Ima savr\u0161enu funkcionalnost, mo\u017ee se koristiti kao kupaonski ormari\u0107, ormari\u0107 za cipele u hodniku, kuhinjski ormari\u0107 ili ormari\u0107 za lijekove. Lak\u0161i za sastavljanje i opremljen za\u0161titom od prevrtanja - detaljne grafi\u010dke upute vode vas korak po korak do kupaonskog ormari\u0107a; Pojedini dijelovi su ozna\u010deni slovima kako ne bi do\u0161lo do zabune. Uz za\u0161titu od prevrtanja, ormari\u0107 se mo\u017ee pri\u010dvrstiti na zid, \u0161to osigurava stabilnost i sigurnost tijekom kori\u0161tenja. Nudi puno prostora za pohranu - dimenzije kupaonskog ormari\u0107a: 60 x 80 x 30 cm (\u0160 x V x D), iza neprozirnih vrata ru\u010dnici, toaletni papir i ostali kupaonski pribor mogu se dobro za\u0161tititi od pra\u0161ine, vode i ne\u017eeljenih pogleda, \u0161to stvara ugodan red u sobi kupaonica. Materijal otporan na vlagu, tako\u0111er jednostavan za \u010di\u0161\u0107enje - Kupaonski ormari\u0107 izra\u0111en od MDF plo\u010de (klasa E1), povr\u0161inski lakiran, otporan na vlagu i plijesan, tako\u0111er se lako \u010disti.","robots":{"index":"index","follow":"follow","max-snippet":"max-snippet:-1","max-image-preview":"max-image-preview:large","max-video-preview":"max-video-preview:-1"},"canonical":"https:\/\/inti.hr\/bs\/proizvod\/kupaonski-ormaric-s-dvostrukim-vratima\/","og_locale":"bs_BA","og_type":"article","og_title":"Kupaonski ormari\u0107 s dvostrukim vratima - Inti","og_description":"Fleksibilan dizajn prostora za pohranu zahvaljuju\u0107i 2 podesive police - Koriste\u0107i predvi\u0111ene rupe, ormari\u0107 s dvoja vrata podijeljen je u 3 odjeljka podesivim policama na 3 razine, idealnim za pohranu predmeta na razli\u010ditim visinama. Bijeli ormari\u0107 u stilu seoske ku\u0107e u kombinaciji s metalnim ru\u010dkama, prilago\u0111ava se svakoj prostoriji i svakoj funkciji - Ima savr\u0161enu funkcionalnost, mo\u017ee se koristiti kao kupaonski ormari\u0107, ormari\u0107 za cipele u hodniku, kuhinjski ormari\u0107 ili ormari\u0107 za lijekove. Lak\u0161i za sastavljanje i opremljen za\u0161titom od prevrtanja - detaljne grafi\u010dke upute vode vas korak po korak do kupaonskog ormari\u0107a; Pojedini dijelovi su ozna\u010deni slovima kako ne bi do\u0161lo do zabune. Uz za\u0161titu od prevrtanja, ormari\u0107 se mo\u017ee pri\u010dvrstiti na zid, \u0161to osigurava stabilnost i sigurnost tijekom kori\u0161tenja. Nudi puno prostora za pohranu - dimenzije kupaonskog ormari\u0107a: 60 x 80 x 30 cm (\u0160 x V x D), iza neprozirnih vrata ru\u010dnici, toaletni papir i ostali kupaonski pribor mogu se dobro za\u0161tititi od pra\u0161ine, vode i ne\u017eeljenih pogleda, \u0161to stvara ugodan red u sobi kupaonica. Materijal otporan na vlagu, tako\u0111er jednostavan za \u010di\u0161\u0107enje - Kupaonski ormari\u0107 izra\u0111en od MDF plo\u010de (klasa E1), povr\u0161inski lakiran, otporan na vlagu i plijesan, tako\u0111er se lako \u010disti.","og_url":"https:\/\/inti.hr\/bs\/proizvod\/kupaonski-ormaric-s-dvostrukim-vratima\/","og_site_name":"Inti","og_image":[{"width":1000,"height":1000,"url":"https:\/\/i0.wp.com\/inti.hr\/wp-content\/uploads\/2023\/10\/Badezimmerschrank-mit-Doppeltuer-BCB60W-3.jpg?fit=1000%2C1000&ssl=1","type":"image\/jpeg"}],"twitter_card":"summary_large_image","schema":{"@context":"https:\/\/schema.org","@graph":[{"@type":"WebPage","@id":"https:\/\/inti.hr\/bs\/proizvod\/kupaonski-ormaric-s-dvostrukim-vratima\/","url":"https:\/\/inti.hr\/bs\/proizvod\/kupaonski-ormaric-s-dvostrukim-vratima\/","name":"Kupaonski ormari\u0107 s dvostrukim vratima - Inti","isPartOf":{"@id":"https:\/\/inti.hr\/bs\/#website"},"primaryImageOfPage":{"@id":"https:\/\/inti.hr\/bs\/proizvod\/kupaonski-ormaric-s-dvostrukim-vratima\/#primaryimage"},"image":{"@id":"https:\/\/inti.hr\/bs\/proizvod\/kupaonski-ormaric-s-dvostrukim-vratima\/#primaryimage"},"thumbnailUrl":"https:\/\/i0.wp.com\/inti.hr\/wp-content\/uploads\/2023\/10\/Badezimmerschrank-mit-Doppeltuer-BCB60W-3.jpg?fit=1000%2C1000&ssl=1","datePublished":"2023-10-24T06:42:28+00:00","dateModified":"2023-10-24T06:42:28+00:00","description":"Fleksibilan dizajn prostora za pohranu zahvaljuju\u0107i 2 podesive police - Koriste\u0107i predvi\u0111ene rupe, ormari\u0107 s dvoja vrata podijeljen je u 3 odjeljka podesivim policama na 3 razine, idealnim za pohranu predmeta na razli\u010ditim visinama. Bijeli ormari\u0107 u stilu seoske ku\u0107e u kombinaciji s metalnim ru\u010dkama, prilago\u0111ava se svakoj prostoriji i svakoj funkciji - Ima savr\u0161enu funkcionalnost, mo\u017ee se koristiti kao kupaonski ormari\u0107, ormari\u0107 za cipele u hodniku, kuhinjski ormari\u0107 ili ormari\u0107 za lijekove. Lak\u0161i za sastavljanje i opremljen za\u0161titom od prevrtanja - detaljne grafi\u010dke upute vode vas korak po korak do kupaonskog ormari\u0107a; Pojedini dijelovi su ozna\u010deni slovima kako ne bi do\u0161lo do zabune. Uz za\u0161titu od prevrtanja, ormari\u0107 se mo\u017ee pri\u010dvrstiti na zid, \u0161to osigurava stabilnost i sigurnost tijekom kori\u0161tenja. Nudi puno prostora za pohranu - dimenzije kupaonskog ormari\u0107a: 60 x 80 x 30 cm (\u0160 x V x D), iza neprozirnih vrata ru\u010dnici, toaletni papir i ostali kupaonski pribor mogu se dobro za\u0161tititi od pra\u0161ine, vode i ne\u017eeljenih pogleda, \u0161to stvara ugodan red u sobi kupaonica. Materijal otporan na vlagu, tako\u0111er jednostavan za \u010di\u0161\u0107enje - Kupaonski ormari\u0107 izra\u0111en od MDF plo\u010de (klasa E1), povr\u0161inski lakiran, otporan na vlagu i plijesan, tako\u0111er se lako \u010disti.","breadcrumb":{"@id":"https:\/\/inti.hr\/bs\/proizvod\/kupaonski-ormaric-s-dvostrukim-vratima\/#breadcrumb"},"inLanguage":"bs-BA","potentialAction":[{"@type":"ReadAction","target":["https:\/\/inti.hr\/bs\/proizvod\/kupaonski-ormaric-s-dvostrukim-vratima\/"]}]},{"@type":"ImageObject","inLanguage":"bs-BA","@id":"https:\/\/inti.hr\/bs\/proizvod\/kupaonski-ormaric-s-dvostrukim-vratima\/#primaryimage","url":"https:\/\/i0.wp.com\/inti.hr\/wp-content\/uploads\/2023\/10\/Badezimmerschrank-mit-Doppeltuer-BCB60W-3.jpg?fit=1000%2C1000&ssl=1","contentUrl":"https:\/\/i0.wp.com\/inti.hr\/wp-content\/uploads\/2023\/10\/Badezimmerschrank-mit-Doppeltuer-BCB60W-3.jpg?fit=1000%2C1000&ssl=1","width":1000,"height":1000},{"@type":"BreadcrumbList","@id":"https:\/\/inti.hr\/bs\/proizvod\/kupaonski-ormaric-s-dvostrukim-vratima\/#breadcrumb","itemListElement":[{"@type":"ListItem","position":1,"name":"Po\u010detna stranica","item":"https:\/\/inti.hr\/bs\/"},{"@type":"ListItem","position":2,"name":"Trgovina","item":"https:\/\/inti.hr\/bs\/trgovina\/"},{"@type":"ListItem","position":3,"name":"Kupaonski ormari\u0107 s dvostrukim vratima"}]},{"@type":"WebSite","@id":"https:\/\/inti.hr\/bs\/#website","url":"https:\/\/inti.hr\/bs\/","name":"Inti","description":"trgovina","potentialAction":[{"@type":"SearchAction","target":{"@type":"EntryPoint","urlTemplate":"https:\/\/inti.hr\/bs\/?s={search_term_string}"},"query-input":{"@type":"PropertyValueSpecification","valueRequired":true,"valueName":"search_term_string"}}],"inLanguage":"bs-BA"}]}},"jetpack_sharing_enabled":true,"jetpack-related-posts":[],"_links":{"self":[{"href":"https:\/\/inti.hr\/bs\/wp-json\/wp\/v2\/product\/33141"}],"collection":[{"href":"https:\/\/inti.hr\/bs\/wp-json\/wp\/v2\/product"}],"about":[{"href":"https:\/\/inti.hr\/bs\/wp-json\/wp\/v2\/types\/product"}],"wp:featuredmedia":[{"embeddable":true,"href":"https:\/\/inti.hr\/bs\/wp-json\/wp\/v2\/media\/33142"}],"wp:attachment":[{"href":"https:\/\/inti.hr\/bs\/wp-json\/wp\/v2\/media?parent=33141"}],"wp:term":[{"taxonomy":"product_cat","embeddable":true,"href":"https:\/\/inti.hr\/bs\/wp-json\/wp\/v2\/product_cat?post=33141"},{"taxonomy":"product_tag","embeddable":true,"href":"https:\/\/inti.hr\/bs\/wp-json\/wp\/v2\/product_tag?post=33141"}],"curies":[{"name":"wp","href":"https:\/\/api.w.org\/{rel}","templated":true}]}}