{"id":33177,"date":"2023-10-18T08:55:45","date_gmt":"2023-10-18T08:55:45","guid":{"rendered":"https:\/\/inti.hr\/product\/viseci-nocni-ormaric-bijela\/"},"modified":"2023-10-18T08:55:45","modified_gmt":"2023-10-18T08:55:45","slug":"viseci-nocni-ormaric-bijela","status":"publish","type":"product","link":"https:\/\/inti.hr\/bs\/proizvod\/viseci-nocni-ormaric-bijela\/","title":{"rendered":"Vise\u0107i no\u0107ni ormari\u0107 bijela"},"content":{"rendered":"<p>Detalji proizvoda:<\/p>\n<p>Materijal: Drveni materijal klase E1<br \/>\nBoja bijela<br \/>\nDimenzije: 40 x 31 x 35 cm (\u0160 x V x D)<br \/>\nDimenzije ladice: 40 x 16 x 35 cm (\u0160 x V x D)<br \/>\nDimenzije pretinca: 40 x 14,5 x 35 cm (\u0160 x V x D)<br \/>\nNeto te\u017eina\/bruto te\u017eina: cca 6,95\/7,82 kg<br \/>\nNosivost: 15 kg<\/p>\n","protected":false},"excerpt":{"rendered":"<p>Kompaktni no\u0107ni ormari\u0107 dimenzija 40x31x35 cm koji se mo\u017ee montirati na &#8230; <\/p>\n","protected":false},"featured_media":33178,"template":"","meta":[],"product_cat":[2414],"product_tag":[2672,3592],"yoast_head":"<!-- This site is optimized with the Yoast SEO plugin v23.7 - https:\/\/yoast.com\/wordpress\/plugins\/seo\/ -->\n<title>Vise\u0107i no\u0107ni ormari\u0107 bijela - Inti<\/title>\n<meta name=\"description\" content=\"Kompaktni no\u0107ni ormari\u0107 dimenzija 40x31x35 cm koji se mo\u017ee montirati na zid, savr\u0161eno je rje\u0161enje za pohranu u sobama s ograni\u010denim prostorom. Zahvaljuju\u0107i plutaju\u0107em dizajnu, \u010di\u0161\u0107enje ormari\u0107a je lak\u0161e. \u0160iroka ladica i otvoreni pretinac pru\u017eaju lako dostupan prostor za svakodnevne stvari kao \u0161to su knjige, budilice i mobiteli, dok prostrana ladica \u0161titi privatne stvari. Ispod mo\u017eete staviti i kante za sme\u0107e i ostalo. Ovaj no\u0107ni ormari\u0107 s ladicom izra\u0111en je od drvenog materijala razreda E1, jak je, izdr\u017eljiv i nije ga lako deformirati. Bijeli furnir je gladak, otporan na habanje, vodoodbojan i jednostavan za \u010di\u0161\u0107enje. Zahvaljuju\u0107i kreativnom lebde\u0107em dizajnu, skandinavski bijeli no\u0107ni ormari\u0107 jednostavan je i moderan s glatkim linijama, mo\u017ee se fiksirati prema visini kreveta, a prikladan je i kao pomo\u0107ni stoli\u0107, stoli\u0107 za kavu itd. Nudimo detaljne grafi\u010dke upute, ekspanzijske vijke i vijke, tako da mo\u017eete sastaviti moderan no\u0107ni ormari\u0107 bez ikakvih muka. Nakon \u0161to se pri\u010dvrsti, \u010dini se da lebdi na zidu, \u0161to je vrlo lijepo.\" \/>\n<meta name=\"robots\" content=\"index, follow, max-snippet:-1, max-image-preview:large, max-video-preview:-1\" \/>\n<link rel=\"canonical\" href=\"https:\/\/inti.hr\/bs\/proizvod\/viseci-nocni-ormaric-bijela\/\" \/>\n<meta property=\"og:locale\" content=\"bs_BA\" \/>\n<meta property=\"og:type\" content=\"article\" \/>\n<meta property=\"og:title\" content=\"Vise\u0107i no\u0107ni ormari\u0107 bijela - Inti\" \/>\n<meta property=\"og:description\" content=\"Kompaktni no\u0107ni ormari\u0107 dimenzija 40x31x35 cm koji se mo\u017ee montirati na zid, savr\u0161eno je rje\u0161enje za pohranu u sobama s ograni\u010denim prostorom. Zahvaljuju\u0107i plutaju\u0107em dizajnu, \u010di\u0161\u0107enje ormari\u0107a je lak\u0161e. \u0160iroka ladica i otvoreni pretinac pru\u017eaju lako dostupan prostor za svakodnevne stvari kao \u0161to su knjige, budilice i mobiteli, dok prostrana ladica \u0161titi privatne stvari. Ispod mo\u017eete staviti i kante za sme\u0107e i ostalo. Ovaj no\u0107ni ormari\u0107 s ladicom izra\u0111en je od drvenog materijala razreda E1, jak je, izdr\u017eljiv i nije ga lako deformirati. Bijeli furnir je gladak, otporan na habanje, vodoodbojan i jednostavan za \u010di\u0161\u0107enje. Zahvaljuju\u0107i kreativnom lebde\u0107em dizajnu, skandinavski bijeli no\u0107ni ormari\u0107 jednostavan je i moderan s glatkim linijama, mo\u017ee se fiksirati prema visini kreveta, a prikladan je i kao pomo\u0107ni stoli\u0107, stoli\u0107 za kavu itd. Nudimo detaljne grafi\u010dke upute, ekspanzijske vijke i vijke, tako da mo\u017eete sastaviti moderan no\u0107ni ormari\u0107 bez ikakvih muka. Nakon \u0161to se pri\u010dvrsti, \u010dini se da lebdi na zidu, \u0161to je vrlo lijepo.\" \/>\n<meta property=\"og:url\" content=\"https:\/\/inti.hr\/bs\/proizvod\/viseci-nocni-ormaric-bijela\/\" \/>\n<meta property=\"og:site_name\" content=\"Inti\" \/>\n<meta property=\"og:image\" content=\"https:\/\/i0.wp.com\/inti.hr\/wp-content\/uploads\/2023\/10\/Nachttisch-h-ngend-Wandregal-mit-Schublade-offenem-Fach-W0ETT0076-weiss2_600x600.jpg?fit=600%2C600&ssl=1\" \/>\n\t<meta property=\"og:image:width\" content=\"600\" \/>\n\t<meta property=\"og:image:height\" content=\"600\" \/>\n\t<meta property=\"og:image:type\" content=\"image\/jpeg\" \/>\n<meta name=\"twitter:card\" content=\"summary_large_image\" \/>\n<script type=\"application\/ld+json\" class=\"yoast-schema-graph\">{\"@context\":\"https:\/\/schema.org\",\"@graph\":[{\"@type\":\"WebPage\",\"@id\":\"https:\/\/inti.hr\/bs\/proizvod\/viseci-nocni-ormaric-bijela\/\",\"url\":\"https:\/\/inti.hr\/bs\/proizvod\/viseci-nocni-ormaric-bijela\/\",\"name\":\"Vise\u0107i no\u0107ni ormari\u0107 bijela - Inti\",\"isPartOf\":{\"@id\":\"https:\/\/inti.hr\/bs\/#website\"},\"primaryImageOfPage\":{\"@id\":\"https:\/\/inti.hr\/bs\/proizvod\/viseci-nocni-ormaric-bijela\/#primaryimage\"},\"image\":{\"@id\":\"https:\/\/inti.hr\/bs\/proizvod\/viseci-nocni-ormaric-bijela\/#primaryimage\"},\"thumbnailUrl\":\"https:\/\/i0.wp.com\/inti.hr\/wp-content\/uploads\/2023\/10\/Nachttisch-h-ngend-Wandregal-mit-Schublade-offenem-Fach-W0ETT0076-weiss2_600x600.jpg?fit=600%2C600&ssl=1\",\"datePublished\":\"2023-10-18T08:55:45+00:00\",\"dateModified\":\"2023-10-18T08:55:45+00:00\",\"description\":\"Kompaktni no\u0107ni ormari\u0107 dimenzija 40x31x35 cm koji se mo\u017ee montirati na zid, savr\u0161eno je rje\u0161enje za pohranu u sobama s ograni\u010denim prostorom. Zahvaljuju\u0107i plutaju\u0107em dizajnu, \u010di\u0161\u0107enje ormari\u0107a je lak\u0161e. \u0160iroka ladica i otvoreni pretinac pru\u017eaju lako dostupan prostor za svakodnevne stvari kao \u0161to su knjige, budilice i mobiteli, dok prostrana ladica \u0161titi privatne stvari. Ispod mo\u017eete staviti i kante za sme\u0107e i ostalo. Ovaj no\u0107ni ormari\u0107 s ladicom izra\u0111en je od drvenog materijala razreda E1, jak je, izdr\u017eljiv i nije ga lako deformirati. Bijeli furnir je gladak, otporan na habanje, vodoodbojan i jednostavan za \u010di\u0161\u0107enje. Zahvaljuju\u0107i kreativnom lebde\u0107em dizajnu, skandinavski bijeli no\u0107ni ormari\u0107 jednostavan je i moderan s glatkim linijama, mo\u017ee se fiksirati prema visini kreveta, a prikladan je i kao pomo\u0107ni stoli\u0107, stoli\u0107 za kavu itd. Nudimo detaljne grafi\u010dke upute, ekspanzijske vijke i vijke, tako da mo\u017eete sastaviti moderan no\u0107ni ormari\u0107 bez ikakvih muka. Nakon \u0161to se pri\u010dvrsti, \u010dini se da lebdi na zidu, \u0161to je vrlo lijepo.\",\"breadcrumb\":{\"@id\":\"https:\/\/inti.hr\/bs\/proizvod\/viseci-nocni-ormaric-bijela\/#breadcrumb\"},\"inLanguage\":\"bs-BA\",\"potentialAction\":[{\"@type\":\"ReadAction\",\"target\":[\"https:\/\/inti.hr\/bs\/proizvod\/viseci-nocni-ormaric-bijela\/\"]}]},{\"@type\":\"ImageObject\",\"inLanguage\":\"bs-BA\",\"@id\":\"https:\/\/inti.hr\/bs\/proizvod\/viseci-nocni-ormaric-bijela\/#primaryimage\",\"url\":\"https:\/\/i0.wp.com\/inti.hr\/wp-content\/uploads\/2023\/10\/Nachttisch-h-ngend-Wandregal-mit-Schublade-offenem-Fach-W0ETT0076-weiss2_600x600.jpg?fit=600%2C600&ssl=1\",\"contentUrl\":\"https:\/\/i0.wp.com\/inti.hr\/wp-content\/uploads\/2023\/10\/Nachttisch-h-ngend-Wandregal-mit-Schublade-offenem-Fach-W0ETT0076-weiss2_600x600.jpg?fit=600%2C600&ssl=1\",\"width\":600,\"height\":600},{\"@type\":\"BreadcrumbList\",\"@id\":\"https:\/\/inti.hr\/bs\/proizvod\/viseci-nocni-ormaric-bijela\/#breadcrumb\",\"itemListElement\":[{\"@type\":\"ListItem\",\"position\":1,\"name\":\"Po\u010detna stranica\",\"item\":\"https:\/\/inti.hr\/bs\/\"},{\"@type\":\"ListItem\",\"position\":2,\"name\":\"Trgovina\",\"item\":\"https:\/\/inti.hr\/bs\/trgovina\/\"},{\"@type\":\"ListItem\",\"position\":3,\"name\":\"Vise\u0107i no\u0107ni ormari\u0107 bijela\"}]},{\"@type\":\"WebSite\",\"@id\":\"https:\/\/inti.hr\/bs\/#website\",\"url\":\"https:\/\/inti.hr\/bs\/\",\"name\":\"Inti\",\"description\":\"trgovina\",\"potentialAction\":[{\"@type\":\"SearchAction\",\"target\":{\"@type\":\"EntryPoint\",\"urlTemplate\":\"https:\/\/inti.hr\/bs\/?s={search_term_string}\"},\"query-input\":{\"@type\":\"PropertyValueSpecification\",\"valueRequired\":true,\"valueName\":\"search_term_string\"}}],\"inLanguage\":\"bs-BA\"}]}<\/script>\n<!-- \/ Yoast SEO plugin. -->","yoast_head_json":{"title":"Vise\u0107i no\u0107ni ormari\u0107 bijela - Inti","description":"Kompaktni no\u0107ni ormari\u0107 dimenzija 40x31x35 cm koji se mo\u017ee montirati na zid, savr\u0161eno je rje\u0161enje za pohranu u sobama s ograni\u010denim prostorom. Zahvaljuju\u0107i plutaju\u0107em dizajnu, \u010di\u0161\u0107enje ormari\u0107a je lak\u0161e. \u0160iroka ladica i otvoreni pretinac pru\u017eaju lako dostupan prostor za svakodnevne stvari kao \u0161to su knjige, budilice i mobiteli, dok prostrana ladica \u0161titi privatne stvari. Ispod mo\u017eete staviti i kante za sme\u0107e i ostalo. Ovaj no\u0107ni ormari\u0107 s ladicom izra\u0111en je od drvenog materijala razreda E1, jak je, izdr\u017eljiv i nije ga lako deformirati. Bijeli furnir je gladak, otporan na habanje, vodoodbojan i jednostavan za \u010di\u0161\u0107enje. Zahvaljuju\u0107i kreativnom lebde\u0107em dizajnu, skandinavski bijeli no\u0107ni ormari\u0107 jednostavan je i moderan s glatkim linijama, mo\u017ee se fiksirati prema visini kreveta, a prikladan je i kao pomo\u0107ni stoli\u0107, stoli\u0107 za kavu itd. Nudimo detaljne grafi\u010dke upute, ekspanzijske vijke i vijke, tako da mo\u017eete sastaviti moderan no\u0107ni ormari\u0107 bez ikakvih muka. Nakon \u0161to se pri\u010dvrsti, \u010dini se da lebdi na zidu, \u0161to je vrlo lijepo.","robots":{"index":"index","follow":"follow","max-snippet":"max-snippet:-1","max-image-preview":"max-image-preview:large","max-video-preview":"max-video-preview:-1"},"canonical":"https:\/\/inti.hr\/bs\/proizvod\/viseci-nocni-ormaric-bijela\/","og_locale":"bs_BA","og_type":"article","og_title":"Vise\u0107i no\u0107ni ormari\u0107 bijela - Inti","og_description":"Kompaktni no\u0107ni ormari\u0107 dimenzija 40x31x35 cm koji se mo\u017ee montirati na zid, savr\u0161eno je rje\u0161enje za pohranu u sobama s ograni\u010denim prostorom. Zahvaljuju\u0107i plutaju\u0107em dizajnu, \u010di\u0161\u0107enje ormari\u0107a je lak\u0161e. \u0160iroka ladica i otvoreni pretinac pru\u017eaju lako dostupan prostor za svakodnevne stvari kao \u0161to su knjige, budilice i mobiteli, dok prostrana ladica \u0161titi privatne stvari. Ispod mo\u017eete staviti i kante za sme\u0107e i ostalo. Ovaj no\u0107ni ormari\u0107 s ladicom izra\u0111en je od drvenog materijala razreda E1, jak je, izdr\u017eljiv i nije ga lako deformirati. Bijeli furnir je gladak, otporan na habanje, vodoodbojan i jednostavan za \u010di\u0161\u0107enje. Zahvaljuju\u0107i kreativnom lebde\u0107em dizajnu, skandinavski bijeli no\u0107ni ormari\u0107 jednostavan je i moderan s glatkim linijama, mo\u017ee se fiksirati prema visini kreveta, a prikladan je i kao pomo\u0107ni stoli\u0107, stoli\u0107 za kavu itd. Nudimo detaljne grafi\u010dke upute, ekspanzijske vijke i vijke, tako da mo\u017eete sastaviti moderan no\u0107ni ormari\u0107 bez ikakvih muka. Nakon \u0161to se pri\u010dvrsti, \u010dini se da lebdi na zidu, \u0161to je vrlo lijepo.","og_url":"https:\/\/inti.hr\/bs\/proizvod\/viseci-nocni-ormaric-bijela\/","og_site_name":"Inti","og_image":[{"width":600,"height":600,"url":"https:\/\/i0.wp.com\/inti.hr\/wp-content\/uploads\/2023\/10\/Nachttisch-h-ngend-Wandregal-mit-Schublade-offenem-Fach-W0ETT0076-weiss2_600x600.jpg?fit=600%2C600&ssl=1","type":"image\/jpeg"}],"twitter_card":"summary_large_image","schema":{"@context":"https:\/\/schema.org","@graph":[{"@type":"WebPage","@id":"https:\/\/inti.hr\/bs\/proizvod\/viseci-nocni-ormaric-bijela\/","url":"https:\/\/inti.hr\/bs\/proizvod\/viseci-nocni-ormaric-bijela\/","name":"Vise\u0107i no\u0107ni ormari\u0107 bijela - Inti","isPartOf":{"@id":"https:\/\/inti.hr\/bs\/#website"},"primaryImageOfPage":{"@id":"https:\/\/inti.hr\/bs\/proizvod\/viseci-nocni-ormaric-bijela\/#primaryimage"},"image":{"@id":"https:\/\/inti.hr\/bs\/proizvod\/viseci-nocni-ormaric-bijela\/#primaryimage"},"thumbnailUrl":"https:\/\/i0.wp.com\/inti.hr\/wp-content\/uploads\/2023\/10\/Nachttisch-h-ngend-Wandregal-mit-Schublade-offenem-Fach-W0ETT0076-weiss2_600x600.jpg?fit=600%2C600&ssl=1","datePublished":"2023-10-18T08:55:45+00:00","dateModified":"2023-10-18T08:55:45+00:00","description":"Kompaktni no\u0107ni ormari\u0107 dimenzija 40x31x35 cm koji se mo\u017ee montirati na zid, savr\u0161eno je rje\u0161enje za pohranu u sobama s ograni\u010denim prostorom. Zahvaljuju\u0107i plutaju\u0107em dizajnu, \u010di\u0161\u0107enje ormari\u0107a je lak\u0161e. \u0160iroka ladica i otvoreni pretinac pru\u017eaju lako dostupan prostor za svakodnevne stvari kao \u0161to su knjige, budilice i mobiteli, dok prostrana ladica \u0161titi privatne stvari. Ispod mo\u017eete staviti i kante za sme\u0107e i ostalo. Ovaj no\u0107ni ormari\u0107 s ladicom izra\u0111en je od drvenog materijala razreda E1, jak je, izdr\u017eljiv i nije ga lako deformirati. Bijeli furnir je gladak, otporan na habanje, vodoodbojan i jednostavan za \u010di\u0161\u0107enje. Zahvaljuju\u0107i kreativnom lebde\u0107em dizajnu, skandinavski bijeli no\u0107ni ormari\u0107 jednostavan je i moderan s glatkim linijama, mo\u017ee se fiksirati prema visini kreveta, a prikladan je i kao pomo\u0107ni stoli\u0107, stoli\u0107 za kavu itd. Nudimo detaljne grafi\u010dke upute, ekspanzijske vijke i vijke, tako da mo\u017eete sastaviti moderan no\u0107ni ormari\u0107 bez ikakvih muka. Nakon \u0161to se pri\u010dvrsti, \u010dini se da lebdi na zidu, \u0161to je vrlo lijepo.","breadcrumb":{"@id":"https:\/\/inti.hr\/bs\/proizvod\/viseci-nocni-ormaric-bijela\/#breadcrumb"},"inLanguage":"bs-BA","potentialAction":[{"@type":"ReadAction","target":["https:\/\/inti.hr\/bs\/proizvod\/viseci-nocni-ormaric-bijela\/"]}]},{"@type":"ImageObject","inLanguage":"bs-BA","@id":"https:\/\/inti.hr\/bs\/proizvod\/viseci-nocni-ormaric-bijela\/#primaryimage","url":"https:\/\/i0.wp.com\/inti.hr\/wp-content\/uploads\/2023\/10\/Nachttisch-h-ngend-Wandregal-mit-Schublade-offenem-Fach-W0ETT0076-weiss2_600x600.jpg?fit=600%2C600&ssl=1","contentUrl":"https:\/\/i0.wp.com\/inti.hr\/wp-content\/uploads\/2023\/10\/Nachttisch-h-ngend-Wandregal-mit-Schublade-offenem-Fach-W0ETT0076-weiss2_600x600.jpg?fit=600%2C600&ssl=1","width":600,"height":600},{"@type":"BreadcrumbList","@id":"https:\/\/inti.hr\/bs\/proizvod\/viseci-nocni-ormaric-bijela\/#breadcrumb","itemListElement":[{"@type":"ListItem","position":1,"name":"Po\u010detna stranica","item":"https:\/\/inti.hr\/bs\/"},{"@type":"ListItem","position":2,"name":"Trgovina","item":"https:\/\/inti.hr\/bs\/trgovina\/"},{"@type":"ListItem","position":3,"name":"Vise\u0107i no\u0107ni ormari\u0107 bijela"}]},{"@type":"WebSite","@id":"https:\/\/inti.hr\/bs\/#website","url":"https:\/\/inti.hr\/bs\/","name":"Inti","description":"trgovina","potentialAction":[{"@type":"SearchAction","target":{"@type":"EntryPoint","urlTemplate":"https:\/\/inti.hr\/bs\/?s={search_term_string}"},"query-input":{"@type":"PropertyValueSpecification","valueRequired":true,"valueName":"search_term_string"}}],"inLanguage":"bs-BA"}]}},"jetpack_sharing_enabled":true,"jetpack-related-posts":[],"_links":{"self":[{"href":"https:\/\/inti.hr\/bs\/wp-json\/wp\/v2\/product\/33177"}],"collection":[{"href":"https:\/\/inti.hr\/bs\/wp-json\/wp\/v2\/product"}],"about":[{"href":"https:\/\/inti.hr\/bs\/wp-json\/wp\/v2\/types\/product"}],"wp:featuredmedia":[{"embeddable":true,"href":"https:\/\/inti.hr\/bs\/wp-json\/wp\/v2\/media\/33178"}],"wp:attachment":[{"href":"https:\/\/inti.hr\/bs\/wp-json\/wp\/v2\/media?parent=33177"}],"wp:term":[{"taxonomy":"product_cat","embeddable":true,"href":"https:\/\/inti.hr\/bs\/wp-json\/wp\/v2\/product_cat?post=33177"},{"taxonomy":"product_tag","embeddable":true,"href":"https:\/\/inti.hr\/bs\/wp-json\/wp\/v2\/product_tag?post=33177"}],"curies":[{"name":"wp","href":"https:\/\/api.w.org\/{rel}","templated":true}]}}