{"id":33181,"date":"2023-10-11T06:44:15","date_gmt":"2023-10-11T06:44:15","guid":{"rendered":"https:\/\/inti.hr\/product\/kutija-za-igracke-60x44x30-cm\/"},"modified":"2023-10-11T06:44:15","modified_gmt":"2023-10-11T06:44:15","slug":"kutija-za-igracke-60x44x30-cm","status":"publish","type":"product","link":"https:\/\/inti.hr\/bs\/proizvod\/kutija-za-igracke-60x44x30-cm\/","title":{"rendered":"Kutija za igra\u010dke 60x44x30 cm"},"content":{"rendered":"<p>Detalji proizvoda:<\/p>\n<p>Materijal: MDF<br \/>\nBoja bijela<br \/>\nDimenzije: 60 x 44 x 30 cm<br \/>\nNeto te\u017eina: cca 8,3 kg<br \/>\nBruto te\u017eina: cca 9,3 kg<\/p>\n","protected":false},"excerpt":{"rendered":"<p>Izra\u0111ena od visokokvalitetnih MDF plo\u010da, ova kutija za igra\u010dke s 4 &#8230; <\/p>\n","protected":false},"featured_media":33182,"template":"","meta":[],"product_cat":[2408],"product_tag":[2410,3594],"yoast_head":"<!-- This site is optimized with the Yoast SEO plugin v23.7 - https:\/\/yoast.com\/wordpress\/plugins\/seo\/ -->\n<title>Kutija za igra\u010dke 60x44x30 cm - Inti<\/title>\n<meta name=\"description\" content=\"Izra\u0111ena od visokokvalitetnih MDF plo\u010da, ova kutija za igra\u010dke s 4 noge od punog drva jaka je, izdr\u017eljiva i stabilna. Povr\u0161ina kutije je glatka i lako se \u010disti. Lako se pomi\u010de sa \u0161upljim ru\u010dkama. \u00a0Zaobljeni kutovi i glatki rubovi smanjuju slu\u010dajne jake udarce. \u0160arke omogu\u0107uju polagano zatvaranje poklopca.\u00a0Odre\u0111eni razmak izme\u0111u poklopca i daske \u0161titi dje\u010dje ruke od pritiska. Visina \u0161krinje savr\u0161eno se prilago\u0111ava visini djeteta.\u00a0Kao kutija za pohranu, poma\u017ee djeci razviti naviku organiziranja stvari.\u00a0Kao klupa, nudi udobno sjedenje. Otvaranjem gornjeg poklopca klupe \u0161krinje, mo\u017eete koristiti unutarnji prostor za spremanje igra\u010daka, lutaka, dje\u010dje odje\u0107e itd.;\u00a0Na prednjoj strani nalazi se i otvoreni pretinac za dje\u010dje knjige. Krokodil dizajn unosi zabavu i ma\u0161tovitost u dje\u010dje sobe i vrti\u0107e.\u00a0Dje\u010dji namje\u0161taj se mo\u017ee koristiti kao kutija za stvari pored dje\u010djeg kreveta, kao klupa za \u0161krinju u radnoj sobi itd.\u00a0Lako se i brzo sastavlja.\" \/>\n<meta name=\"robots\" content=\"index, follow, max-snippet:-1, max-image-preview:large, max-video-preview:-1\" \/>\n<link rel=\"canonical\" href=\"https:\/\/inti.hr\/bs\/proizvod\/kutija-za-igracke-60x44x30-cm\/\" \/>\n<meta property=\"og:locale\" content=\"bs_BA\" \/>\n<meta property=\"og:type\" content=\"article\" \/>\n<meta property=\"og:title\" content=\"Kutija za igra\u010dke 60x44x30 cm - Inti\" \/>\n<meta property=\"og:description\" content=\"Izra\u0111ena od visokokvalitetnih MDF plo\u010da, ova kutija za igra\u010dke s 4 noge od punog drva jaka je, izdr\u017eljiva i stabilna. Povr\u0161ina kutije je glatka i lako se \u010disti. Lako se pomi\u010de sa \u0161upljim ru\u010dkama. \u00a0Zaobljeni kutovi i glatki rubovi smanjuju slu\u010dajne jake udarce. \u0160arke omogu\u0107uju polagano zatvaranje poklopca.\u00a0Odre\u0111eni razmak izme\u0111u poklopca i daske \u0161titi dje\u010dje ruke od pritiska. Visina \u0161krinje savr\u0161eno se prilago\u0111ava visini djeteta.\u00a0Kao kutija za pohranu, poma\u017ee djeci razviti naviku organiziranja stvari.\u00a0Kao klupa, nudi udobno sjedenje. Otvaranjem gornjeg poklopca klupe \u0161krinje, mo\u017eete koristiti unutarnji prostor za spremanje igra\u010daka, lutaka, dje\u010dje odje\u0107e itd.;\u00a0Na prednjoj strani nalazi se i otvoreni pretinac za dje\u010dje knjige. Krokodil dizajn unosi zabavu i ma\u0161tovitost u dje\u010dje sobe i vrti\u0107e.\u00a0Dje\u010dji namje\u0161taj se mo\u017ee koristiti kao kutija za stvari pored dje\u010djeg kreveta, kao klupa za \u0161krinju u radnoj sobi itd.\u00a0Lako se i brzo sastavlja.\" \/>\n<meta property=\"og:url\" content=\"https:\/\/inti.hr\/bs\/proizvod\/kutija-za-igracke-60x44x30-cm\/\" \/>\n<meta property=\"og:site_name\" content=\"Inti\" \/>\n<meta property=\"og:image\" content=\"https:\/\/i0.wp.com\/inti.hr\/wp-content\/uploads\/2023\/10\/Spielzeugkiste-Kindersitzbank-mit-Stauraum-mit-Deckel-60x44x30-cm-W0ETT0063-weiss2_600x600.jpg?fit=600%2C600&ssl=1\" \/>\n\t<meta property=\"og:image:width\" content=\"600\" \/>\n\t<meta property=\"og:image:height\" content=\"600\" \/>\n\t<meta property=\"og:image:type\" content=\"image\/jpeg\" \/>\n<meta name=\"twitter:card\" content=\"summary_large_image\" \/>\n<script type=\"application\/ld+json\" class=\"yoast-schema-graph\">{\"@context\":\"https:\/\/schema.org\",\"@graph\":[{\"@type\":\"WebPage\",\"@id\":\"https:\/\/inti.hr\/bs\/proizvod\/kutija-za-igracke-60x44x30-cm\/\",\"url\":\"https:\/\/inti.hr\/bs\/proizvod\/kutija-za-igracke-60x44x30-cm\/\",\"name\":\"Kutija za igra\u010dke 60x44x30 cm - Inti\",\"isPartOf\":{\"@id\":\"https:\/\/inti.hr\/bs\/#website\"},\"primaryImageOfPage\":{\"@id\":\"https:\/\/inti.hr\/bs\/proizvod\/kutija-za-igracke-60x44x30-cm\/#primaryimage\"},\"image\":{\"@id\":\"https:\/\/inti.hr\/bs\/proizvod\/kutija-za-igracke-60x44x30-cm\/#primaryimage\"},\"thumbnailUrl\":\"https:\/\/i0.wp.com\/inti.hr\/wp-content\/uploads\/2023\/10\/Spielzeugkiste-Kindersitzbank-mit-Stauraum-mit-Deckel-60x44x30-cm-W0ETT0063-weiss2_600x600.jpg?fit=600%2C600&ssl=1\",\"datePublished\":\"2023-10-11T06:44:15+00:00\",\"dateModified\":\"2023-10-11T06:44:15+00:00\",\"description\":\"Izra\u0111ena od visokokvalitetnih MDF plo\u010da, ova kutija za igra\u010dke s 4 noge od punog drva jaka je, izdr\u017eljiva i stabilna. Povr\u0161ina kutije je glatka i lako se \u010disti. Lako se pomi\u010de sa \u0161upljim ru\u010dkama. \u00a0Zaobljeni kutovi i glatki rubovi smanjuju slu\u010dajne jake udarce. \u0160arke omogu\u0107uju polagano zatvaranje poklopca.\u00a0Odre\u0111eni razmak izme\u0111u poklopca i daske \u0161titi dje\u010dje ruke od pritiska. Visina \u0161krinje savr\u0161eno se prilago\u0111ava visini djeteta.\u00a0Kao kutija za pohranu, poma\u017ee djeci razviti naviku organiziranja stvari.\u00a0Kao klupa, nudi udobno sjedenje. Otvaranjem gornjeg poklopca klupe \u0161krinje, mo\u017eete koristiti unutarnji prostor za spremanje igra\u010daka, lutaka, dje\u010dje odje\u0107e itd.;\u00a0Na prednjoj strani nalazi se i otvoreni pretinac za dje\u010dje knjige. Krokodil dizajn unosi zabavu i ma\u0161tovitost u dje\u010dje sobe i vrti\u0107e.\u00a0Dje\u010dji namje\u0161taj se mo\u017ee koristiti kao kutija za stvari pored dje\u010djeg kreveta, kao klupa za \u0161krinju u radnoj sobi itd.\u00a0Lako se i brzo sastavlja.\",\"breadcrumb\":{\"@id\":\"https:\/\/inti.hr\/bs\/proizvod\/kutija-za-igracke-60x44x30-cm\/#breadcrumb\"},\"inLanguage\":\"bs-BA\",\"potentialAction\":[{\"@type\":\"ReadAction\",\"target\":[\"https:\/\/inti.hr\/bs\/proizvod\/kutija-za-igracke-60x44x30-cm\/\"]}]},{\"@type\":\"ImageObject\",\"inLanguage\":\"bs-BA\",\"@id\":\"https:\/\/inti.hr\/bs\/proizvod\/kutija-za-igracke-60x44x30-cm\/#primaryimage\",\"url\":\"https:\/\/i0.wp.com\/inti.hr\/wp-content\/uploads\/2023\/10\/Spielzeugkiste-Kindersitzbank-mit-Stauraum-mit-Deckel-60x44x30-cm-W0ETT0063-weiss2_600x600.jpg?fit=600%2C600&ssl=1\",\"contentUrl\":\"https:\/\/i0.wp.com\/inti.hr\/wp-content\/uploads\/2023\/10\/Spielzeugkiste-Kindersitzbank-mit-Stauraum-mit-Deckel-60x44x30-cm-W0ETT0063-weiss2_600x600.jpg?fit=600%2C600&ssl=1\",\"width\":600,\"height\":600},{\"@type\":\"BreadcrumbList\",\"@id\":\"https:\/\/inti.hr\/bs\/proizvod\/kutija-za-igracke-60x44x30-cm\/#breadcrumb\",\"itemListElement\":[{\"@type\":\"ListItem\",\"position\":1,\"name\":\"Po\u010detna stranica\",\"item\":\"https:\/\/inti.hr\/bs\/\"},{\"@type\":\"ListItem\",\"position\":2,\"name\":\"Trgovina\",\"item\":\"https:\/\/inti.hr\/bs\/trgovina\/\"},{\"@type\":\"ListItem\",\"position\":3,\"name\":\"Kutija za igra\u010dke 60x44x30 cm\"}]},{\"@type\":\"WebSite\",\"@id\":\"https:\/\/inti.hr\/bs\/#website\",\"url\":\"https:\/\/inti.hr\/bs\/\",\"name\":\"Inti\",\"description\":\"trgovina\",\"potentialAction\":[{\"@type\":\"SearchAction\",\"target\":{\"@type\":\"EntryPoint\",\"urlTemplate\":\"https:\/\/inti.hr\/bs\/?s={search_term_string}\"},\"query-input\":{\"@type\":\"PropertyValueSpecification\",\"valueRequired\":true,\"valueName\":\"search_term_string\"}}],\"inLanguage\":\"bs-BA\"}]}<\/script>\n<!-- \/ Yoast SEO plugin. -->","yoast_head_json":{"title":"Kutija za igra\u010dke 60x44x30 cm - Inti","description":"Izra\u0111ena od visokokvalitetnih MDF plo\u010da, ova kutija za igra\u010dke s 4 noge od punog drva jaka je, izdr\u017eljiva i stabilna. Povr\u0161ina kutije je glatka i lako se \u010disti. Lako se pomi\u010de sa \u0161upljim ru\u010dkama. \u00a0Zaobljeni kutovi i glatki rubovi smanjuju slu\u010dajne jake udarce. \u0160arke omogu\u0107uju polagano zatvaranje poklopca.\u00a0Odre\u0111eni razmak izme\u0111u poklopca i daske \u0161titi dje\u010dje ruke od pritiska. Visina \u0161krinje savr\u0161eno se prilago\u0111ava visini djeteta.\u00a0Kao kutija za pohranu, poma\u017ee djeci razviti naviku organiziranja stvari.\u00a0Kao klupa, nudi udobno sjedenje. Otvaranjem gornjeg poklopca klupe \u0161krinje, mo\u017eete koristiti unutarnji prostor za spremanje igra\u010daka, lutaka, dje\u010dje odje\u0107e itd.;\u00a0Na prednjoj strani nalazi se i otvoreni pretinac za dje\u010dje knjige. Krokodil dizajn unosi zabavu i ma\u0161tovitost u dje\u010dje sobe i vrti\u0107e.\u00a0Dje\u010dji namje\u0161taj se mo\u017ee koristiti kao kutija za stvari pored dje\u010djeg kreveta, kao klupa za \u0161krinju u radnoj sobi itd.\u00a0Lako se i brzo sastavlja.","robots":{"index":"index","follow":"follow","max-snippet":"max-snippet:-1","max-image-preview":"max-image-preview:large","max-video-preview":"max-video-preview:-1"},"canonical":"https:\/\/inti.hr\/bs\/proizvod\/kutija-za-igracke-60x44x30-cm\/","og_locale":"bs_BA","og_type":"article","og_title":"Kutija za igra\u010dke 60x44x30 cm - Inti","og_description":"Izra\u0111ena od visokokvalitetnih MDF plo\u010da, ova kutija za igra\u010dke s 4 noge od punog drva jaka je, izdr\u017eljiva i stabilna. Povr\u0161ina kutije je glatka i lako se \u010disti. Lako se pomi\u010de sa \u0161upljim ru\u010dkama. \u00a0Zaobljeni kutovi i glatki rubovi smanjuju slu\u010dajne jake udarce. \u0160arke omogu\u0107uju polagano zatvaranje poklopca.\u00a0Odre\u0111eni razmak izme\u0111u poklopca i daske \u0161titi dje\u010dje ruke od pritiska. Visina \u0161krinje savr\u0161eno se prilago\u0111ava visini djeteta.\u00a0Kao kutija za pohranu, poma\u017ee djeci razviti naviku organiziranja stvari.\u00a0Kao klupa, nudi udobno sjedenje. Otvaranjem gornjeg poklopca klupe \u0161krinje, mo\u017eete koristiti unutarnji prostor za spremanje igra\u010daka, lutaka, dje\u010dje odje\u0107e itd.;\u00a0Na prednjoj strani nalazi se i otvoreni pretinac za dje\u010dje knjige. Krokodil dizajn unosi zabavu i ma\u0161tovitost u dje\u010dje sobe i vrti\u0107e.\u00a0Dje\u010dji namje\u0161taj se mo\u017ee koristiti kao kutija za stvari pored dje\u010djeg kreveta, kao klupa za \u0161krinju u radnoj sobi itd.\u00a0Lako se i brzo sastavlja.","og_url":"https:\/\/inti.hr\/bs\/proizvod\/kutija-za-igracke-60x44x30-cm\/","og_site_name":"Inti","og_image":[{"width":600,"height":600,"url":"https:\/\/i0.wp.com\/inti.hr\/wp-content\/uploads\/2023\/10\/Spielzeugkiste-Kindersitzbank-mit-Stauraum-mit-Deckel-60x44x30-cm-W0ETT0063-weiss2_600x600.jpg?fit=600%2C600&ssl=1","type":"image\/jpeg"}],"twitter_card":"summary_large_image","schema":{"@context":"https:\/\/schema.org","@graph":[{"@type":"WebPage","@id":"https:\/\/inti.hr\/bs\/proizvod\/kutija-za-igracke-60x44x30-cm\/","url":"https:\/\/inti.hr\/bs\/proizvod\/kutija-za-igracke-60x44x30-cm\/","name":"Kutija za igra\u010dke 60x44x30 cm - Inti","isPartOf":{"@id":"https:\/\/inti.hr\/bs\/#website"},"primaryImageOfPage":{"@id":"https:\/\/inti.hr\/bs\/proizvod\/kutija-za-igracke-60x44x30-cm\/#primaryimage"},"image":{"@id":"https:\/\/inti.hr\/bs\/proizvod\/kutija-za-igracke-60x44x30-cm\/#primaryimage"},"thumbnailUrl":"https:\/\/i0.wp.com\/inti.hr\/wp-content\/uploads\/2023\/10\/Spielzeugkiste-Kindersitzbank-mit-Stauraum-mit-Deckel-60x44x30-cm-W0ETT0063-weiss2_600x600.jpg?fit=600%2C600&ssl=1","datePublished":"2023-10-11T06:44:15+00:00","dateModified":"2023-10-11T06:44:15+00:00","description":"Izra\u0111ena od visokokvalitetnih MDF plo\u010da, ova kutija za igra\u010dke s 4 noge od punog drva jaka je, izdr\u017eljiva i stabilna. Povr\u0161ina kutije je glatka i lako se \u010disti. Lako se pomi\u010de sa \u0161upljim ru\u010dkama. \u00a0Zaobljeni kutovi i glatki rubovi smanjuju slu\u010dajne jake udarce. \u0160arke omogu\u0107uju polagano zatvaranje poklopca.\u00a0Odre\u0111eni razmak izme\u0111u poklopca i daske \u0161titi dje\u010dje ruke od pritiska. Visina \u0161krinje savr\u0161eno se prilago\u0111ava visini djeteta.\u00a0Kao kutija za pohranu, poma\u017ee djeci razviti naviku organiziranja stvari.\u00a0Kao klupa, nudi udobno sjedenje. Otvaranjem gornjeg poklopca klupe \u0161krinje, mo\u017eete koristiti unutarnji prostor za spremanje igra\u010daka, lutaka, dje\u010dje odje\u0107e itd.;\u00a0Na prednjoj strani nalazi se i otvoreni pretinac za dje\u010dje knjige. Krokodil dizajn unosi zabavu i ma\u0161tovitost u dje\u010dje sobe i vrti\u0107e.\u00a0Dje\u010dji namje\u0161taj se mo\u017ee koristiti kao kutija za stvari pored dje\u010djeg kreveta, kao klupa za \u0161krinju u radnoj sobi itd.\u00a0Lako se i brzo sastavlja.","breadcrumb":{"@id":"https:\/\/inti.hr\/bs\/proizvod\/kutija-za-igracke-60x44x30-cm\/#breadcrumb"},"inLanguage":"bs-BA","potentialAction":[{"@type":"ReadAction","target":["https:\/\/inti.hr\/bs\/proizvod\/kutija-za-igracke-60x44x30-cm\/"]}]},{"@type":"ImageObject","inLanguage":"bs-BA","@id":"https:\/\/inti.hr\/bs\/proizvod\/kutija-za-igracke-60x44x30-cm\/#primaryimage","url":"https:\/\/i0.wp.com\/inti.hr\/wp-content\/uploads\/2023\/10\/Spielzeugkiste-Kindersitzbank-mit-Stauraum-mit-Deckel-60x44x30-cm-W0ETT0063-weiss2_600x600.jpg?fit=600%2C600&ssl=1","contentUrl":"https:\/\/i0.wp.com\/inti.hr\/wp-content\/uploads\/2023\/10\/Spielzeugkiste-Kindersitzbank-mit-Stauraum-mit-Deckel-60x44x30-cm-W0ETT0063-weiss2_600x600.jpg?fit=600%2C600&ssl=1","width":600,"height":600},{"@type":"BreadcrumbList","@id":"https:\/\/inti.hr\/bs\/proizvod\/kutija-za-igracke-60x44x30-cm\/#breadcrumb","itemListElement":[{"@type":"ListItem","position":1,"name":"Po\u010detna stranica","item":"https:\/\/inti.hr\/bs\/"},{"@type":"ListItem","position":2,"name":"Trgovina","item":"https:\/\/inti.hr\/bs\/trgovina\/"},{"@type":"ListItem","position":3,"name":"Kutija za igra\u010dke 60x44x30 cm"}]},{"@type":"WebSite","@id":"https:\/\/inti.hr\/bs\/#website","url":"https:\/\/inti.hr\/bs\/","name":"Inti","description":"trgovina","potentialAction":[{"@type":"SearchAction","target":{"@type":"EntryPoint","urlTemplate":"https:\/\/inti.hr\/bs\/?s={search_term_string}"},"query-input":{"@type":"PropertyValueSpecification","valueRequired":true,"valueName":"search_term_string"}}],"inLanguage":"bs-BA"}]}},"jetpack_sharing_enabled":true,"jetpack-related-posts":[],"_links":{"self":[{"href":"https:\/\/inti.hr\/bs\/wp-json\/wp\/v2\/product\/33181"}],"collection":[{"href":"https:\/\/inti.hr\/bs\/wp-json\/wp\/v2\/product"}],"about":[{"href":"https:\/\/inti.hr\/bs\/wp-json\/wp\/v2\/types\/product"}],"wp:featuredmedia":[{"embeddable":true,"href":"https:\/\/inti.hr\/bs\/wp-json\/wp\/v2\/media\/33182"}],"wp:attachment":[{"href":"https:\/\/inti.hr\/bs\/wp-json\/wp\/v2\/media?parent=33181"}],"wp:term":[{"taxonomy":"product_cat","embeddable":true,"href":"https:\/\/inti.hr\/bs\/wp-json\/wp\/v2\/product_cat?post=33181"},{"taxonomy":"product_tag","embeddable":true,"href":"https:\/\/inti.hr\/bs\/wp-json\/wp\/v2\/product_tag?post=33181"}],"curies":[{"name":"wp","href":"https:\/\/api.w.org\/{rel}","templated":true}]}}