{"id":33227,"date":"2023-09-30T06:21:12","date_gmt":"2023-09-30T06:21:12","guid":{"rendered":"https:\/\/inti.hr\/product\/kuhinjska-kolica-bijela\/"},"modified":"2023-09-30T06:21:12","modified_gmt":"2023-09-30T06:21:12","slug":"kuhinjska-kolica-bijela","status":"publish","type":"product","link":"https:\/\/inti.hr\/bs\/proizvod\/kuhinjska-kolica-bijela\/","title":{"rendered":"Kuhinjska kolica bijela"},"content":{"rendered":"<p>Detalji proizvoda:<\/p>\n<p>Materijal: MDF, akrilna boja<br \/>\nDimenzije proizvoda: \u016060*\u016040*V90 cm (vidi sliku).<br \/>\nTe\u017eina: 27 kg. Nosivost do 50 kg.<br \/>\nDimenzije i te\u017eina paketa: 88,50*47,00*20,20cm, 27 kg<br \/>\nS uputama za monta\u017eu i vijcima, jednostavna monta\u017ea<br \/>\nOvaj proizvod je razvijen i ispitan za ku\u0107nu upotrebu.<\/p>\n","protected":false},"excerpt":{"rendered":"<p>Ova kolica imaju vrata ormari\u0107a i tri police, savr\u0161ena za spremanje &#8230; <\/p>\n","protected":false},"featured_media":33228,"template":"","meta":[],"product_cat":[2536],"product_tag":[2537,2538],"yoast_head":"<!-- This site is optimized with the Yoast SEO plugin v23.7 - https:\/\/yoast.com\/wordpress\/plugins\/seo\/ -->\n<title>Kuhinjska kolica bijela - Inti<\/title>\n<meta name=\"description\" content=\"Ova kolica imaju vrata ormari\u0107a i tri police, savr\u0161ena za spremanje kuhinjskog pribora.Ako vas jo\u0161 uvijek brine nedostatak prostora, ovaj jednostavan i elegantan komad namje\u0161taja je prava stvar za vas!\" \/>\n<meta name=\"robots\" content=\"index, follow, max-snippet:-1, max-image-preview:large, max-video-preview:-1\" \/>\n<link rel=\"canonical\" href=\"https:\/\/inti.hr\/bs\/proizvod\/kuhinjska-kolica-bijela\/\" \/>\n<meta property=\"og:locale\" content=\"bs_BA\" \/>\n<meta property=\"og:type\" content=\"article\" \/>\n<meta property=\"og:title\" content=\"Kuhinjska kolica bijela - Inti\" \/>\n<meta property=\"og:description\" content=\"Ova kolica imaju vrata ormari\u0107a i tri police, savr\u0161ena za spremanje kuhinjskog pribora.Ako vas jo\u0161 uvijek brine nedostatak prostora, ovaj jednostavan i elegantan komad namje\u0161taja je prava stvar za vas!\" \/>\n<meta property=\"og:url\" content=\"https:\/\/inti.hr\/bs\/proizvod\/kuhinjska-kolica-bijela\/\" \/>\n<meta property=\"og:site_name\" content=\"Inti\" \/>\n<meta property=\"og:image\" content=\"https:\/\/i0.wp.com\/inti.hr\/wp-content\/uploads\/2023\/09\/FKW75-WN-S001_1800x1800.webp?fit=1600%2C1600&ssl=1\" \/>\n\t<meta property=\"og:image:width\" content=\"1600\" \/>\n\t<meta property=\"og:image:height\" content=\"1600\" \/>\n\t<meta property=\"og:image:type\" content=\"image\/webp\" \/>\n<meta name=\"twitter:card\" content=\"summary_large_image\" \/>\n<script type=\"application\/ld+json\" class=\"yoast-schema-graph\">{\"@context\":\"https:\/\/schema.org\",\"@graph\":[{\"@type\":\"WebPage\",\"@id\":\"https:\/\/inti.hr\/bs\/proizvod\/kuhinjska-kolica-bijela\/\",\"url\":\"https:\/\/inti.hr\/bs\/proizvod\/kuhinjska-kolica-bijela\/\",\"name\":\"Kuhinjska kolica bijela - Inti\",\"isPartOf\":{\"@id\":\"https:\/\/inti.hr\/bs\/#website\"},\"primaryImageOfPage\":{\"@id\":\"https:\/\/inti.hr\/bs\/proizvod\/kuhinjska-kolica-bijela\/#primaryimage\"},\"image\":{\"@id\":\"https:\/\/inti.hr\/bs\/proizvod\/kuhinjska-kolica-bijela\/#primaryimage\"},\"thumbnailUrl\":\"https:\/\/i0.wp.com\/inti.hr\/wp-content\/uploads\/2023\/09\/FKW75-WN-S001_1800x1800.webp?fit=1600%2C1600&ssl=1\",\"datePublished\":\"2023-09-30T06:21:12+00:00\",\"dateModified\":\"2023-09-30T06:21:12+00:00\",\"description\":\"Ova kolica imaju vrata ormari\u0107a i tri police, savr\u0161ena za spremanje kuhinjskog pribora.Ako vas jo\u0161 uvijek brine nedostatak prostora, ovaj jednostavan i elegantan komad namje\u0161taja je prava stvar za vas!\",\"breadcrumb\":{\"@id\":\"https:\/\/inti.hr\/bs\/proizvod\/kuhinjska-kolica-bijela\/#breadcrumb\"},\"inLanguage\":\"bs-BA\",\"potentialAction\":[{\"@type\":\"ReadAction\",\"target\":[\"https:\/\/inti.hr\/bs\/proizvod\/kuhinjska-kolica-bijela\/\"]}]},{\"@type\":\"ImageObject\",\"inLanguage\":\"bs-BA\",\"@id\":\"https:\/\/inti.hr\/bs\/proizvod\/kuhinjska-kolica-bijela\/#primaryimage\",\"url\":\"https:\/\/i0.wp.com\/inti.hr\/wp-content\/uploads\/2023\/09\/FKW75-WN-S001_1800x1800.webp?fit=1600%2C1600&ssl=1\",\"contentUrl\":\"https:\/\/i0.wp.com\/inti.hr\/wp-content\/uploads\/2023\/09\/FKW75-WN-S001_1800x1800.webp?fit=1600%2C1600&ssl=1\",\"width\":1600,\"height\":1600},{\"@type\":\"BreadcrumbList\",\"@id\":\"https:\/\/inti.hr\/bs\/proizvod\/kuhinjska-kolica-bijela\/#breadcrumb\",\"itemListElement\":[{\"@type\":\"ListItem\",\"position\":1,\"name\":\"Po\u010detna stranica\",\"item\":\"https:\/\/inti.hr\/bs\/\"},{\"@type\":\"ListItem\",\"position\":2,\"name\":\"Trgovina\",\"item\":\"https:\/\/inti.hr\/bs\/trgovina\/\"},{\"@type\":\"ListItem\",\"position\":3,\"name\":\"Kuhinjska kolica bijela\"}]},{\"@type\":\"WebSite\",\"@id\":\"https:\/\/inti.hr\/bs\/#website\",\"url\":\"https:\/\/inti.hr\/bs\/\",\"name\":\"Inti\",\"description\":\"trgovina\",\"potentialAction\":[{\"@type\":\"SearchAction\",\"target\":{\"@type\":\"EntryPoint\",\"urlTemplate\":\"https:\/\/inti.hr\/bs\/?s={search_term_string}\"},\"query-input\":{\"@type\":\"PropertyValueSpecification\",\"valueRequired\":true,\"valueName\":\"search_term_string\"}}],\"inLanguage\":\"bs-BA\"}]}<\/script>\n<!-- \/ Yoast SEO plugin. -->","yoast_head_json":{"title":"Kuhinjska kolica bijela - Inti","description":"Ova kolica imaju vrata ormari\u0107a i tri police, savr\u0161ena za spremanje kuhinjskog pribora.Ako vas jo\u0161 uvijek brine nedostatak prostora, ovaj jednostavan i elegantan komad namje\u0161taja je prava stvar za vas!","robots":{"index":"index","follow":"follow","max-snippet":"max-snippet:-1","max-image-preview":"max-image-preview:large","max-video-preview":"max-video-preview:-1"},"canonical":"https:\/\/inti.hr\/bs\/proizvod\/kuhinjska-kolica-bijela\/","og_locale":"bs_BA","og_type":"article","og_title":"Kuhinjska kolica bijela - Inti","og_description":"Ova kolica imaju vrata ormari\u0107a i tri police, savr\u0161ena za spremanje kuhinjskog pribora.Ako vas jo\u0161 uvijek brine nedostatak prostora, ovaj jednostavan i elegantan komad namje\u0161taja je prava stvar za vas!","og_url":"https:\/\/inti.hr\/bs\/proizvod\/kuhinjska-kolica-bijela\/","og_site_name":"Inti","og_image":[{"width":1600,"height":1600,"url":"https:\/\/i0.wp.com\/inti.hr\/wp-content\/uploads\/2023\/09\/FKW75-WN-S001_1800x1800.webp?fit=1600%2C1600&ssl=1","type":"image\/webp"}],"twitter_card":"summary_large_image","schema":{"@context":"https:\/\/schema.org","@graph":[{"@type":"WebPage","@id":"https:\/\/inti.hr\/bs\/proizvod\/kuhinjska-kolica-bijela\/","url":"https:\/\/inti.hr\/bs\/proizvod\/kuhinjska-kolica-bijela\/","name":"Kuhinjska kolica bijela - Inti","isPartOf":{"@id":"https:\/\/inti.hr\/bs\/#website"},"primaryImageOfPage":{"@id":"https:\/\/inti.hr\/bs\/proizvod\/kuhinjska-kolica-bijela\/#primaryimage"},"image":{"@id":"https:\/\/inti.hr\/bs\/proizvod\/kuhinjska-kolica-bijela\/#primaryimage"},"thumbnailUrl":"https:\/\/i0.wp.com\/inti.hr\/wp-content\/uploads\/2023\/09\/FKW75-WN-S001_1800x1800.webp?fit=1600%2C1600&ssl=1","datePublished":"2023-09-30T06:21:12+00:00","dateModified":"2023-09-30T06:21:12+00:00","description":"Ova kolica imaju vrata ormari\u0107a i tri police, savr\u0161ena za spremanje kuhinjskog pribora.Ako vas jo\u0161 uvijek brine nedostatak prostora, ovaj jednostavan i elegantan komad namje\u0161taja je prava stvar za vas!","breadcrumb":{"@id":"https:\/\/inti.hr\/bs\/proizvod\/kuhinjska-kolica-bijela\/#breadcrumb"},"inLanguage":"bs-BA","potentialAction":[{"@type":"ReadAction","target":["https:\/\/inti.hr\/bs\/proizvod\/kuhinjska-kolica-bijela\/"]}]},{"@type":"ImageObject","inLanguage":"bs-BA","@id":"https:\/\/inti.hr\/bs\/proizvod\/kuhinjska-kolica-bijela\/#primaryimage","url":"https:\/\/i0.wp.com\/inti.hr\/wp-content\/uploads\/2023\/09\/FKW75-WN-S001_1800x1800.webp?fit=1600%2C1600&ssl=1","contentUrl":"https:\/\/i0.wp.com\/inti.hr\/wp-content\/uploads\/2023\/09\/FKW75-WN-S001_1800x1800.webp?fit=1600%2C1600&ssl=1","width":1600,"height":1600},{"@type":"BreadcrumbList","@id":"https:\/\/inti.hr\/bs\/proizvod\/kuhinjska-kolica-bijela\/#breadcrumb","itemListElement":[{"@type":"ListItem","position":1,"name":"Po\u010detna stranica","item":"https:\/\/inti.hr\/bs\/"},{"@type":"ListItem","position":2,"name":"Trgovina","item":"https:\/\/inti.hr\/bs\/trgovina\/"},{"@type":"ListItem","position":3,"name":"Kuhinjska kolica bijela"}]},{"@type":"WebSite","@id":"https:\/\/inti.hr\/bs\/#website","url":"https:\/\/inti.hr\/bs\/","name":"Inti","description":"trgovina","potentialAction":[{"@type":"SearchAction","target":{"@type":"EntryPoint","urlTemplate":"https:\/\/inti.hr\/bs\/?s={search_term_string}"},"query-input":{"@type":"PropertyValueSpecification","valueRequired":true,"valueName":"search_term_string"}}],"inLanguage":"bs-BA"}]}},"jetpack_sharing_enabled":true,"jetpack-related-posts":[],"_links":{"self":[{"href":"https:\/\/inti.hr\/bs\/wp-json\/wp\/v2\/product\/33227"}],"collection":[{"href":"https:\/\/inti.hr\/bs\/wp-json\/wp\/v2\/product"}],"about":[{"href":"https:\/\/inti.hr\/bs\/wp-json\/wp\/v2\/types\/product"}],"wp:featuredmedia":[{"embeddable":true,"href":"https:\/\/inti.hr\/bs\/wp-json\/wp\/v2\/media\/33228"}],"wp:attachment":[{"href":"https:\/\/inti.hr\/bs\/wp-json\/wp\/v2\/media?parent=33227"}],"wp:term":[{"taxonomy":"product_cat","embeddable":true,"href":"https:\/\/inti.hr\/bs\/wp-json\/wp\/v2\/product_cat?post=33227"},{"taxonomy":"product_tag","embeddable":true,"href":"https:\/\/inti.hr\/bs\/wp-json\/wp\/v2\/product_tag?post=33227"}],"curies":[{"name":"wp","href":"https:\/\/api.w.org\/{rel}","templated":true}]}}