{"id":33249,"date":"2023-09-28T06:28:09","date_gmt":"2023-09-28T06:28:09","guid":{"rendered":"https:\/\/inti.hr\/product\/zidna-vjesalica-crna\/"},"modified":"2023-09-28T06:28:09","modified_gmt":"2023-09-28T06:28:09","slug":"zidna-vjesalica-crna","status":"publish","type":"product","link":"https:\/\/inti.hr\/bs\/proizvod\/zidna-vjesalica-crna\/","title":{"rendered":"Zidna vje\u0161alica crna"},"content":{"rendered":"<p>Detalji proizvoda:<\/p>\n<p>&nbsp;<\/p>\n<ul>\n<li>Materijal: MDF, akrilna boja<\/li>\n<li>Te\u017eina: 4,85 kg.\u00a0Nosivost do 10kg.<\/li>\n<li>Dimenzije i te\u017eina paketa: 69,50*20,00*13,50cm, 5,15kg.<\/li>\n<li>Dimenzije proizvoda: L60*D14*H27cm (vidi sliku).<\/li>\n<li>S uputama za monta\u017eu i vijcima, jednostavna monta\u017ea<\/li>\n<li>Sigurnost i sukladnost: Ovaj je proizvod razvijen i ispitan za ku\u0107nu upotrebu.<\/li>\n<\/ul>\n","protected":false},"excerpt":{"rendered":"<p>Hodnik je primarni \u017eivotni prostor va\u0161eg doma, stoga je atraktivan i &#8230; <\/p>\n","protected":false},"featured_media":33250,"template":"","meta":[],"product_cat":[2632],"product_tag":[2633,3612],"yoast_head":"<!-- This site is optimized with the Yoast SEO plugin v23.7 - https:\/\/yoast.com\/wordpress\/plugins\/seo\/ -->\n<title>Zidna vje\u0161alica crna - Inti<\/title>\n<meta name=\"description\" content=\"Hodnik je primarni \u017eivotni prostor va\u0161eg doma, stoga je atraktivan i funkcionalan dizajn hodnika neophodan.\" \/>\n<meta name=\"robots\" content=\"index, follow, max-snippet:-1, max-image-preview:large, max-video-preview:-1\" \/>\n<link rel=\"canonical\" href=\"https:\/\/inti.hr\/bs\/proizvod\/zidna-vjesalica-crna\/\" \/>\n<meta property=\"og:locale\" content=\"bs_BA\" \/>\n<meta property=\"og:type\" content=\"article\" \/>\n<meta property=\"og:title\" content=\"Zidna vje\u0161alica crna - Inti\" \/>\n<meta property=\"og:description\" content=\"Hodnik je primarni \u017eivotni prostor va\u0161eg doma, stoga je atraktivan i funkcionalan dizajn hodnika neophodan.\" \/>\n<meta property=\"og:url\" content=\"https:\/\/inti.hr\/bs\/proizvod\/zidna-vjesalica-crna\/\" \/>\n<meta property=\"og:site_name\" content=\"Inti\" \/>\n<meta property=\"og:image\" content=\"https:\/\/i0.wp.com\/inti.hr\/wp-content\/uploads\/2023\/09\/FRG178-SCH-S003_1800x1800.webp?fit=1600%2C1600&ssl=1\" \/>\n\t<meta property=\"og:image:width\" content=\"1600\" \/>\n\t<meta property=\"og:image:height\" content=\"1600\" \/>\n\t<meta property=\"og:image:type\" content=\"image\/webp\" \/>\n<meta name=\"twitter:card\" content=\"summary_large_image\" \/>\n<script type=\"application\/ld+json\" class=\"yoast-schema-graph\">{\"@context\":\"https:\/\/schema.org\",\"@graph\":[{\"@type\":\"WebPage\",\"@id\":\"https:\/\/inti.hr\/bs\/proizvod\/zidna-vjesalica-crna\/\",\"url\":\"https:\/\/inti.hr\/bs\/proizvod\/zidna-vjesalica-crna\/\",\"name\":\"Zidna vje\u0161alica crna - Inti\",\"isPartOf\":{\"@id\":\"https:\/\/inti.hr\/bs\/#website\"},\"primaryImageOfPage\":{\"@id\":\"https:\/\/inti.hr\/bs\/proizvod\/zidna-vjesalica-crna\/#primaryimage\"},\"image\":{\"@id\":\"https:\/\/inti.hr\/bs\/proizvod\/zidna-vjesalica-crna\/#primaryimage\"},\"thumbnailUrl\":\"https:\/\/i0.wp.com\/inti.hr\/wp-content\/uploads\/2023\/09\/FRG178-SCH-S003_1800x1800.webp?fit=1600%2C1600&ssl=1\",\"datePublished\":\"2023-09-28T06:28:09+00:00\",\"dateModified\":\"2023-09-28T06:28:09+00:00\",\"description\":\"Hodnik je primarni \u017eivotni prostor va\u0161eg doma, stoga je atraktivan i funkcionalan dizajn hodnika neophodan.\",\"breadcrumb\":{\"@id\":\"https:\/\/inti.hr\/bs\/proizvod\/zidna-vjesalica-crna\/#breadcrumb\"},\"inLanguage\":\"bs-BA\",\"potentialAction\":[{\"@type\":\"ReadAction\",\"target\":[\"https:\/\/inti.hr\/bs\/proizvod\/zidna-vjesalica-crna\/\"]}]},{\"@type\":\"ImageObject\",\"inLanguage\":\"bs-BA\",\"@id\":\"https:\/\/inti.hr\/bs\/proizvod\/zidna-vjesalica-crna\/#primaryimage\",\"url\":\"https:\/\/i0.wp.com\/inti.hr\/wp-content\/uploads\/2023\/09\/FRG178-SCH-S003_1800x1800.webp?fit=1600%2C1600&ssl=1\",\"contentUrl\":\"https:\/\/i0.wp.com\/inti.hr\/wp-content\/uploads\/2023\/09\/FRG178-SCH-S003_1800x1800.webp?fit=1600%2C1600&ssl=1\",\"width\":1600,\"height\":1600,\"caption\":\"Zidna vje\u0161alica crna\"},{\"@type\":\"BreadcrumbList\",\"@id\":\"https:\/\/inti.hr\/bs\/proizvod\/zidna-vjesalica-crna\/#breadcrumb\",\"itemListElement\":[{\"@type\":\"ListItem\",\"position\":1,\"name\":\"Po\u010detna stranica\",\"item\":\"https:\/\/inti.hr\/bs\/\"},{\"@type\":\"ListItem\",\"position\":2,\"name\":\"Trgovina\",\"item\":\"https:\/\/inti.hr\/bs\/trgovina\/\"},{\"@type\":\"ListItem\",\"position\":3,\"name\":\"Zidna vje\u0161alica crna\"}]},{\"@type\":\"WebSite\",\"@id\":\"https:\/\/inti.hr\/bs\/#website\",\"url\":\"https:\/\/inti.hr\/bs\/\",\"name\":\"Inti\",\"description\":\"trgovina\",\"potentialAction\":[{\"@type\":\"SearchAction\",\"target\":{\"@type\":\"EntryPoint\",\"urlTemplate\":\"https:\/\/inti.hr\/bs\/?s={search_term_string}\"},\"query-input\":{\"@type\":\"PropertyValueSpecification\",\"valueRequired\":true,\"valueName\":\"search_term_string\"}}],\"inLanguage\":\"bs-BA\"}]}<\/script>\n<!-- \/ Yoast SEO plugin. -->","yoast_head_json":{"title":"Zidna vje\u0161alica crna - Inti","description":"Hodnik je primarni \u017eivotni prostor va\u0161eg doma, stoga je atraktivan i funkcionalan dizajn hodnika neophodan.","robots":{"index":"index","follow":"follow","max-snippet":"max-snippet:-1","max-image-preview":"max-image-preview:large","max-video-preview":"max-video-preview:-1"},"canonical":"https:\/\/inti.hr\/bs\/proizvod\/zidna-vjesalica-crna\/","og_locale":"bs_BA","og_type":"article","og_title":"Zidna vje\u0161alica crna - Inti","og_description":"Hodnik je primarni \u017eivotni prostor va\u0161eg doma, stoga je atraktivan i funkcionalan dizajn hodnika neophodan.","og_url":"https:\/\/inti.hr\/bs\/proizvod\/zidna-vjesalica-crna\/","og_site_name":"Inti","og_image":[{"width":1600,"height":1600,"url":"https:\/\/i0.wp.com\/inti.hr\/wp-content\/uploads\/2023\/09\/FRG178-SCH-S003_1800x1800.webp?fit=1600%2C1600&ssl=1","type":"image\/webp"}],"twitter_card":"summary_large_image","schema":{"@context":"https:\/\/schema.org","@graph":[{"@type":"WebPage","@id":"https:\/\/inti.hr\/bs\/proizvod\/zidna-vjesalica-crna\/","url":"https:\/\/inti.hr\/bs\/proizvod\/zidna-vjesalica-crna\/","name":"Zidna vje\u0161alica crna - Inti","isPartOf":{"@id":"https:\/\/inti.hr\/bs\/#website"},"primaryImageOfPage":{"@id":"https:\/\/inti.hr\/bs\/proizvod\/zidna-vjesalica-crna\/#primaryimage"},"image":{"@id":"https:\/\/inti.hr\/bs\/proizvod\/zidna-vjesalica-crna\/#primaryimage"},"thumbnailUrl":"https:\/\/i0.wp.com\/inti.hr\/wp-content\/uploads\/2023\/09\/FRG178-SCH-S003_1800x1800.webp?fit=1600%2C1600&ssl=1","datePublished":"2023-09-28T06:28:09+00:00","dateModified":"2023-09-28T06:28:09+00:00","description":"Hodnik je primarni \u017eivotni prostor va\u0161eg doma, stoga je atraktivan i funkcionalan dizajn hodnika neophodan.","breadcrumb":{"@id":"https:\/\/inti.hr\/bs\/proizvod\/zidna-vjesalica-crna\/#breadcrumb"},"inLanguage":"bs-BA","potentialAction":[{"@type":"ReadAction","target":["https:\/\/inti.hr\/bs\/proizvod\/zidna-vjesalica-crna\/"]}]},{"@type":"ImageObject","inLanguage":"bs-BA","@id":"https:\/\/inti.hr\/bs\/proizvod\/zidna-vjesalica-crna\/#primaryimage","url":"https:\/\/i0.wp.com\/inti.hr\/wp-content\/uploads\/2023\/09\/FRG178-SCH-S003_1800x1800.webp?fit=1600%2C1600&ssl=1","contentUrl":"https:\/\/i0.wp.com\/inti.hr\/wp-content\/uploads\/2023\/09\/FRG178-SCH-S003_1800x1800.webp?fit=1600%2C1600&ssl=1","width":1600,"height":1600,"caption":"Zidna vje\u0161alica crna"},{"@type":"BreadcrumbList","@id":"https:\/\/inti.hr\/bs\/proizvod\/zidna-vjesalica-crna\/#breadcrumb","itemListElement":[{"@type":"ListItem","position":1,"name":"Po\u010detna stranica","item":"https:\/\/inti.hr\/bs\/"},{"@type":"ListItem","position":2,"name":"Trgovina","item":"https:\/\/inti.hr\/bs\/trgovina\/"},{"@type":"ListItem","position":3,"name":"Zidna vje\u0161alica crna"}]},{"@type":"WebSite","@id":"https:\/\/inti.hr\/bs\/#website","url":"https:\/\/inti.hr\/bs\/","name":"Inti","description":"trgovina","potentialAction":[{"@type":"SearchAction","target":{"@type":"EntryPoint","urlTemplate":"https:\/\/inti.hr\/bs\/?s={search_term_string}"},"query-input":{"@type":"PropertyValueSpecification","valueRequired":true,"valueName":"search_term_string"}}],"inLanguage":"bs-BA"}]}},"jetpack_sharing_enabled":true,"jetpack-related-posts":[],"_links":{"self":[{"href":"https:\/\/inti.hr\/bs\/wp-json\/wp\/v2\/product\/33249"}],"collection":[{"href":"https:\/\/inti.hr\/bs\/wp-json\/wp\/v2\/product"}],"about":[{"href":"https:\/\/inti.hr\/bs\/wp-json\/wp\/v2\/types\/product"}],"wp:featuredmedia":[{"embeddable":true,"href":"https:\/\/inti.hr\/bs\/wp-json\/wp\/v2\/media\/33250"}],"wp:attachment":[{"href":"https:\/\/inti.hr\/bs\/wp-json\/wp\/v2\/media?parent=33249"}],"wp:term":[{"taxonomy":"product_cat","embeddable":true,"href":"https:\/\/inti.hr\/bs\/wp-json\/wp\/v2\/product_cat?post=33249"},{"taxonomy":"product_tag","embeddable":true,"href":"https:\/\/inti.hr\/bs\/wp-json\/wp\/v2\/product_tag?post=33249"}],"curies":[{"name":"wp","href":"https:\/\/api.w.org\/{rel}","templated":true}]}}