{"id":33285,"date":"2023-08-24T15:34:17","date_gmt":"2023-08-24T15:34:17","guid":{"rendered":"https:\/\/inti.hr\/product\/kupaonski-umivaonik-plavi\/"},"modified":"2023-08-24T15:34:17","modified_gmt":"2023-08-24T15:34:17","slug":"kupaonski-umivaonik-plavi","status":"publish","type":"product","link":"https:\/\/inti.hr\/bs\/proizvod\/kupaonski-umivaonik-plavi\/","title":{"rendered":"Kupaonski ormari\u0107 plavi"},"content":{"rendered":"<p>Detalji proizvoda:<\/p>\n<p>Te\u017eina: 12,2 kg<br \/>\nTestirano na: 30 kg (10 kg po polici)<br \/>\nMaterijal: Vlaknasta plo\u010da, bor.<br \/>\nMjere proizvoda: 60x30cx59m (vidi sliku)<br \/>\nDimenzije paketa: 66x38x15cm<br \/>\nS uputama za sastavljanje i vijcima. Jednostavna instalacija.<\/p>\n","protected":false},"excerpt":{"rendered":"<p>S prakti\u010dnim i jednostavnim ormari\u0107em za umivaonik kona\u010dno \u0107ete imati idealan &#8230; <\/p>\n","protected":false},"featured_media":33286,"template":"","meta":[],"product_cat":[2392],"product_tag":[2520,2521],"yoast_head":"<!-- This site is optimized with the Yoast SEO plugin v23.7 - https:\/\/yoast.com\/wordpress\/plugins\/seo\/ -->\n<title>Kupaonski ormari\u0107 plavi - Inti<\/title>\n<meta name=\"description\" content=\"S prakti\u010dnim i jednostavnim ormari\u0107em za umivaonik kona\u010dno \u0107ete imati idealan prostor za odr\u017eavanje svoje kupaonice u redu. Nikada vi\u0161e ne\u0107ete brinuti o tome gdje pohraniti svakodnevne stvari kao \u0161to su toaletni papir, ru\u010dnici, sredstva za \u010di\u0161\u0107enje, deterd\u017eent za pranje rublja.Dizajniran za one koji \u017eele ne\u0161to posebno, tamnoplavi ormari\u0107 \u010dini kupaonicu jedinstvenom i umjetni\u010dkom.Noge od borovine \u010dine ovaj komad namje\u0161taja stabilnijim, a no\u017eice poma\u017eu u boljoj za\u0161titi proizvoda od vlage.S pregradom iza vrata.U unutra\u0161njosti ovaj ormari\u0107 nudi dovoljno prostora za odlaganje pra\u0161ka za pranje rublja, sredstava za \u010di\u0161\u0107enje, pribora i ostalih kupaonskih potrep\u0161tina.Prije kupnje izmjerite veli\u010dinu sifona i sudopera. Dimenzije otvora za sifon: 20 x 15 cm.Detalji o proizvodu:\" \/>\n<meta name=\"robots\" content=\"index, follow, max-snippet:-1, max-image-preview:large, max-video-preview:-1\" \/>\n<link rel=\"canonical\" href=\"https:\/\/inti.hr\/bs\/proizvod\/kupaonski-umivaonik-plavi\/\" \/>\n<meta property=\"og:locale\" content=\"bs_BA\" \/>\n<meta property=\"og:type\" content=\"article\" \/>\n<meta property=\"og:title\" content=\"Kupaonski ormari\u0107 plavi - Inti\" \/>\n<meta property=\"og:description\" content=\"S prakti\u010dnim i jednostavnim ormari\u0107em za umivaonik kona\u010dno \u0107ete imati idealan prostor za odr\u017eavanje svoje kupaonice u redu. Nikada vi\u0161e ne\u0107ete brinuti o tome gdje pohraniti svakodnevne stvari kao \u0161to su toaletni papir, ru\u010dnici, sredstva za \u010di\u0161\u0107enje, deterd\u017eent za pranje rublja.Dizajniran za one koji \u017eele ne\u0161to posebno, tamnoplavi ormari\u0107 \u010dini kupaonicu jedinstvenom i umjetni\u010dkom.Noge od borovine \u010dine ovaj komad namje\u0161taja stabilnijim, a no\u017eice poma\u017eu u boljoj za\u0161titi proizvoda od vlage.S pregradom iza vrata.U unutra\u0161njosti ovaj ormari\u0107 nudi dovoljno prostora za odlaganje pra\u0161ka za pranje rublja, sredstava za \u010di\u0161\u0107enje, pribora i ostalih kupaonskih potrep\u0161tina.Prije kupnje izmjerite veli\u010dinu sifona i sudopera. Dimenzije otvora za sifon: 20 x 15 cm.Detalji o proizvodu:\" \/>\n<meta property=\"og:url\" content=\"https:\/\/inti.hr\/bs\/proizvod\/kupaonski-umivaonik-plavi\/\" \/>\n<meta property=\"og:site_name\" content=\"Inti\" \/>\n<meta property=\"og:image\" content=\"https:\/\/i0.wp.com\/inti.hr\/wp-content\/uploads\/2023\/08\/BZR113-B-S005_1800x1800.webp?fit=1600%2C1600&ssl=1\" \/>\n\t<meta property=\"og:image:width\" content=\"1600\" \/>\n\t<meta property=\"og:image:height\" content=\"1600\" \/>\n\t<meta property=\"og:image:type\" content=\"image\/webp\" \/>\n<meta name=\"twitter:card\" content=\"summary_large_image\" \/>\n<script type=\"application\/ld+json\" class=\"yoast-schema-graph\">{\"@context\":\"https:\/\/schema.org\",\"@graph\":[{\"@type\":\"WebPage\",\"@id\":\"https:\/\/inti.hr\/bs\/proizvod\/kupaonski-umivaonik-plavi\/\",\"url\":\"https:\/\/inti.hr\/bs\/proizvod\/kupaonski-umivaonik-plavi\/\",\"name\":\"Kupaonski ormari\u0107 plavi - Inti\",\"isPartOf\":{\"@id\":\"https:\/\/inti.hr\/bs\/#website\"},\"primaryImageOfPage\":{\"@id\":\"https:\/\/inti.hr\/bs\/proizvod\/kupaonski-umivaonik-plavi\/#primaryimage\"},\"image\":{\"@id\":\"https:\/\/inti.hr\/bs\/proizvod\/kupaonski-umivaonik-plavi\/#primaryimage\"},\"thumbnailUrl\":\"https:\/\/i0.wp.com\/inti.hr\/wp-content\/uploads\/2023\/08\/BZR113-B-S005_1800x1800.webp?fit=1600%2C1600&ssl=1\",\"datePublished\":\"2023-08-24T15:34:17+00:00\",\"dateModified\":\"2023-08-24T15:34:17+00:00\",\"description\":\"S prakti\u010dnim i jednostavnim ormari\u0107em za umivaonik kona\u010dno \u0107ete imati idealan prostor za odr\u017eavanje svoje kupaonice u redu. Nikada vi\u0161e ne\u0107ete brinuti o tome gdje pohraniti svakodnevne stvari kao \u0161to su toaletni papir, ru\u010dnici, sredstva za \u010di\u0161\u0107enje, deterd\u017eent za pranje rublja.Dizajniran za one koji \u017eele ne\u0161to posebno, tamnoplavi ormari\u0107 \u010dini kupaonicu jedinstvenom i umjetni\u010dkom.Noge od borovine \u010dine ovaj komad namje\u0161taja stabilnijim, a no\u017eice poma\u017eu u boljoj za\u0161titi proizvoda od vlage.S pregradom iza vrata.U unutra\u0161njosti ovaj ormari\u0107 nudi dovoljno prostora za odlaganje pra\u0161ka za pranje rublja, sredstava za \u010di\u0161\u0107enje, pribora i ostalih kupaonskih potrep\u0161tina.Prije kupnje izmjerite veli\u010dinu sifona i sudopera. Dimenzije otvora za sifon: 20 x 15 cm.Detalji o proizvodu:\",\"breadcrumb\":{\"@id\":\"https:\/\/inti.hr\/bs\/proizvod\/kupaonski-umivaonik-plavi\/#breadcrumb\"},\"inLanguage\":\"bs-BA\",\"potentialAction\":[{\"@type\":\"ReadAction\",\"target\":[\"https:\/\/inti.hr\/bs\/proizvod\/kupaonski-umivaonik-plavi\/\"]}]},{\"@type\":\"ImageObject\",\"inLanguage\":\"bs-BA\",\"@id\":\"https:\/\/inti.hr\/bs\/proizvod\/kupaonski-umivaonik-plavi\/#primaryimage\",\"url\":\"https:\/\/i0.wp.com\/inti.hr\/wp-content\/uploads\/2023\/08\/BZR113-B-S005_1800x1800.webp?fit=1600%2C1600&ssl=1\",\"contentUrl\":\"https:\/\/i0.wp.com\/inti.hr\/wp-content\/uploads\/2023\/08\/BZR113-B-S005_1800x1800.webp?fit=1600%2C1600&ssl=1\",\"width\":1600,\"height\":1600},{\"@type\":\"BreadcrumbList\",\"@id\":\"https:\/\/inti.hr\/bs\/proizvod\/kupaonski-umivaonik-plavi\/#breadcrumb\",\"itemListElement\":[{\"@type\":\"ListItem\",\"position\":1,\"name\":\"Po\u010detna stranica\",\"item\":\"https:\/\/inti.hr\/bs\/\"},{\"@type\":\"ListItem\",\"position\":2,\"name\":\"Trgovina\",\"item\":\"https:\/\/inti.hr\/bs\/trgovina\/\"},{\"@type\":\"ListItem\",\"position\":3,\"name\":\"Kupaonski ormari\u0107 plavi\"}]},{\"@type\":\"WebSite\",\"@id\":\"https:\/\/inti.hr\/bs\/#website\",\"url\":\"https:\/\/inti.hr\/bs\/\",\"name\":\"Inti\",\"description\":\"trgovina\",\"potentialAction\":[{\"@type\":\"SearchAction\",\"target\":{\"@type\":\"EntryPoint\",\"urlTemplate\":\"https:\/\/inti.hr\/bs\/?s={search_term_string}\"},\"query-input\":{\"@type\":\"PropertyValueSpecification\",\"valueRequired\":true,\"valueName\":\"search_term_string\"}}],\"inLanguage\":\"bs-BA\"}]}<\/script>\n<!-- \/ Yoast SEO plugin. -->","yoast_head_json":{"title":"Kupaonski ormari\u0107 plavi - Inti","description":"S prakti\u010dnim i jednostavnim ormari\u0107em za umivaonik kona\u010dno \u0107ete imati idealan prostor za odr\u017eavanje svoje kupaonice u redu. Nikada vi\u0161e ne\u0107ete brinuti o tome gdje pohraniti svakodnevne stvari kao \u0161to su toaletni papir, ru\u010dnici, sredstva za \u010di\u0161\u0107enje, deterd\u017eent za pranje rublja.Dizajniran za one koji \u017eele ne\u0161to posebno, tamnoplavi ormari\u0107 \u010dini kupaonicu jedinstvenom i umjetni\u010dkom.Noge od borovine \u010dine ovaj komad namje\u0161taja stabilnijim, a no\u017eice poma\u017eu u boljoj za\u0161titi proizvoda od vlage.S pregradom iza vrata.U unutra\u0161njosti ovaj ormari\u0107 nudi dovoljno prostora za odlaganje pra\u0161ka za pranje rublja, sredstava za \u010di\u0161\u0107enje, pribora i ostalih kupaonskih potrep\u0161tina.Prije kupnje izmjerite veli\u010dinu sifona i sudopera. Dimenzije otvora za sifon: 20 x 15 cm.Detalji o proizvodu:","robots":{"index":"index","follow":"follow","max-snippet":"max-snippet:-1","max-image-preview":"max-image-preview:large","max-video-preview":"max-video-preview:-1"},"canonical":"https:\/\/inti.hr\/bs\/proizvod\/kupaonski-umivaonik-plavi\/","og_locale":"bs_BA","og_type":"article","og_title":"Kupaonski ormari\u0107 plavi - Inti","og_description":"S prakti\u010dnim i jednostavnim ormari\u0107em za umivaonik kona\u010dno \u0107ete imati idealan prostor za odr\u017eavanje svoje kupaonice u redu. Nikada vi\u0161e ne\u0107ete brinuti o tome gdje pohraniti svakodnevne stvari kao \u0161to su toaletni papir, ru\u010dnici, sredstva za \u010di\u0161\u0107enje, deterd\u017eent za pranje rublja.Dizajniran za one koji \u017eele ne\u0161to posebno, tamnoplavi ormari\u0107 \u010dini kupaonicu jedinstvenom i umjetni\u010dkom.Noge od borovine \u010dine ovaj komad namje\u0161taja stabilnijim, a no\u017eice poma\u017eu u boljoj za\u0161titi proizvoda od vlage.S pregradom iza vrata.U unutra\u0161njosti ovaj ormari\u0107 nudi dovoljno prostora za odlaganje pra\u0161ka za pranje rublja, sredstava za \u010di\u0161\u0107enje, pribora i ostalih kupaonskih potrep\u0161tina.Prije kupnje izmjerite veli\u010dinu sifona i sudopera. Dimenzije otvora za sifon: 20 x 15 cm.Detalji o proizvodu:","og_url":"https:\/\/inti.hr\/bs\/proizvod\/kupaonski-umivaonik-plavi\/","og_site_name":"Inti","og_image":[{"width":1600,"height":1600,"url":"https:\/\/i0.wp.com\/inti.hr\/wp-content\/uploads\/2023\/08\/BZR113-B-S005_1800x1800.webp?fit=1600%2C1600&ssl=1","type":"image\/webp"}],"twitter_card":"summary_large_image","schema":{"@context":"https:\/\/schema.org","@graph":[{"@type":"WebPage","@id":"https:\/\/inti.hr\/bs\/proizvod\/kupaonski-umivaonik-plavi\/","url":"https:\/\/inti.hr\/bs\/proizvod\/kupaonski-umivaonik-plavi\/","name":"Kupaonski ormari\u0107 plavi - Inti","isPartOf":{"@id":"https:\/\/inti.hr\/bs\/#website"},"primaryImageOfPage":{"@id":"https:\/\/inti.hr\/bs\/proizvod\/kupaonski-umivaonik-plavi\/#primaryimage"},"image":{"@id":"https:\/\/inti.hr\/bs\/proizvod\/kupaonski-umivaonik-plavi\/#primaryimage"},"thumbnailUrl":"https:\/\/i0.wp.com\/inti.hr\/wp-content\/uploads\/2023\/08\/BZR113-B-S005_1800x1800.webp?fit=1600%2C1600&ssl=1","datePublished":"2023-08-24T15:34:17+00:00","dateModified":"2023-08-24T15:34:17+00:00","description":"S prakti\u010dnim i jednostavnim ormari\u0107em za umivaonik kona\u010dno \u0107ete imati idealan prostor za odr\u017eavanje svoje kupaonice u redu. Nikada vi\u0161e ne\u0107ete brinuti o tome gdje pohraniti svakodnevne stvari kao \u0161to su toaletni papir, ru\u010dnici, sredstva za \u010di\u0161\u0107enje, deterd\u017eent za pranje rublja.Dizajniran za one koji \u017eele ne\u0161to posebno, tamnoplavi ormari\u0107 \u010dini kupaonicu jedinstvenom i umjetni\u010dkom.Noge od borovine \u010dine ovaj komad namje\u0161taja stabilnijim, a no\u017eice poma\u017eu u boljoj za\u0161titi proizvoda od vlage.S pregradom iza vrata.U unutra\u0161njosti ovaj ormari\u0107 nudi dovoljno prostora za odlaganje pra\u0161ka za pranje rublja, sredstava za \u010di\u0161\u0107enje, pribora i ostalih kupaonskih potrep\u0161tina.Prije kupnje izmjerite veli\u010dinu sifona i sudopera. Dimenzije otvora za sifon: 20 x 15 cm.Detalji o proizvodu:","breadcrumb":{"@id":"https:\/\/inti.hr\/bs\/proizvod\/kupaonski-umivaonik-plavi\/#breadcrumb"},"inLanguage":"bs-BA","potentialAction":[{"@type":"ReadAction","target":["https:\/\/inti.hr\/bs\/proizvod\/kupaonski-umivaonik-plavi\/"]}]},{"@type":"ImageObject","inLanguage":"bs-BA","@id":"https:\/\/inti.hr\/bs\/proizvod\/kupaonski-umivaonik-plavi\/#primaryimage","url":"https:\/\/i0.wp.com\/inti.hr\/wp-content\/uploads\/2023\/08\/BZR113-B-S005_1800x1800.webp?fit=1600%2C1600&ssl=1","contentUrl":"https:\/\/i0.wp.com\/inti.hr\/wp-content\/uploads\/2023\/08\/BZR113-B-S005_1800x1800.webp?fit=1600%2C1600&ssl=1","width":1600,"height":1600},{"@type":"BreadcrumbList","@id":"https:\/\/inti.hr\/bs\/proizvod\/kupaonski-umivaonik-plavi\/#breadcrumb","itemListElement":[{"@type":"ListItem","position":1,"name":"Po\u010detna stranica","item":"https:\/\/inti.hr\/bs\/"},{"@type":"ListItem","position":2,"name":"Trgovina","item":"https:\/\/inti.hr\/bs\/trgovina\/"},{"@type":"ListItem","position":3,"name":"Kupaonski ormari\u0107 plavi"}]},{"@type":"WebSite","@id":"https:\/\/inti.hr\/bs\/#website","url":"https:\/\/inti.hr\/bs\/","name":"Inti","description":"trgovina","potentialAction":[{"@type":"SearchAction","target":{"@type":"EntryPoint","urlTemplate":"https:\/\/inti.hr\/bs\/?s={search_term_string}"},"query-input":{"@type":"PropertyValueSpecification","valueRequired":true,"valueName":"search_term_string"}}],"inLanguage":"bs-BA"}]}},"jetpack_sharing_enabled":true,"jetpack-related-posts":[],"_links":{"self":[{"href":"https:\/\/inti.hr\/bs\/wp-json\/wp\/v2\/product\/33285"}],"collection":[{"href":"https:\/\/inti.hr\/bs\/wp-json\/wp\/v2\/product"}],"about":[{"href":"https:\/\/inti.hr\/bs\/wp-json\/wp\/v2\/types\/product"}],"wp:featuredmedia":[{"embeddable":true,"href":"https:\/\/inti.hr\/bs\/wp-json\/wp\/v2\/media\/33286"}],"wp:attachment":[{"href":"https:\/\/inti.hr\/bs\/wp-json\/wp\/v2\/media?parent=33285"}],"wp:term":[{"taxonomy":"product_cat","embeddable":true,"href":"https:\/\/inti.hr\/bs\/wp-json\/wp\/v2\/product_cat?post=33285"},{"taxonomy":"product_tag","embeddable":true,"href":"https:\/\/inti.hr\/bs\/wp-json\/wp\/v2\/product_tag?post=33285"}],"curies":[{"name":"wp","href":"https:\/\/api.w.org\/{rel}","templated":true}]}}