{"id":33313,"date":"2023-08-09T17:09:00","date_gmt":"2023-08-09T17:09:00","guid":{"rendered":"https:\/\/inti.hr\/product\/14392\/"},"modified":"2023-08-09T17:09:00","modified_gmt":"2023-08-09T17:09:00","slug":"14392","status":"publish","type":"product","link":"https:\/\/inti.hr\/bs\/proizvod\/14392\/","title":{"rendered":"Kupaonski ormari\u0107 za umivaonik 60x35x60cm"},"content":{"rendered":"<p>Detalji proizvoda:<\/p>\n<p>Materijal: Vlaknasta plo\u010da, iverica<br \/>\nTe\u017eina: 13,8 kg<br \/>\nTestirano za: 25 kg<br \/>\nMjere proizvoda: 40x172x35cm (vidi sliku)<br \/>\nDimenzije paketa: 70x44x19cm.<br \/>\nS uputama za sastavljanje i vijcima. Jednostavna instalacija.<\/p>\n","protected":false},"excerpt":{"rendered":"<p>Ovaj ormari\u0107 pru\u017ea dovoljno prostora za spremanje deterd\u017eenata, sredstava za \u010di\u0161\u0107enje &#8230; <\/p>\n","protected":false},"featured_media":33314,"template":"","meta":[],"product_cat":[2392],"product_tag":[2520,3636],"yoast_head":"<!-- This site is optimized with the Yoast SEO plugin v23.7 - https:\/\/yoast.com\/wordpress\/plugins\/seo\/ -->\n<title>Kupaonski ormari\u0107 za umivaonik 60x35x60cm - Inti<\/title>\n<meta name=\"description\" content=\"Ovaj ormari\u0107 pru\u017ea dovoljno prostora za spremanje deterd\u017eenata, sredstava za \u010di\u0161\u0107enje WC \u0161koljke i ostalih potrep\u0161tina za kupaonicu.Unutarnja polica je podesiva u tri visine.Opremljen plasti\u010dnim \u0161titnicima za noge koji ih \u0161tite od vlage.\" \/>\n<meta name=\"robots\" content=\"index, follow, max-snippet:-1, max-image-preview:large, max-video-preview:-1\" \/>\n<link rel=\"canonical\" href=\"https:\/\/inti.hr\/bs\/proizvod\/14392\/\" \/>\n<meta property=\"og:locale\" content=\"bs_BA\" \/>\n<meta property=\"og:type\" content=\"article\" \/>\n<meta property=\"og:title\" content=\"Kupaonski ormari\u0107 za umivaonik 60x35x60cm - Inti\" \/>\n<meta property=\"og:description\" content=\"Ovaj ormari\u0107 pru\u017ea dovoljno prostora za spremanje deterd\u017eenata, sredstava za \u010di\u0161\u0107enje WC \u0161koljke i ostalih potrep\u0161tina za kupaonicu.Unutarnja polica je podesiva u tri visine.Opremljen plasti\u010dnim \u0161titnicima za noge koji ih \u0161tite od vlage.\" \/>\n<meta property=\"og:url\" content=\"https:\/\/inti.hr\/bs\/proizvod\/14392\/\" \/>\n<meta property=\"og:site_name\" content=\"Inti\" \/>\n<meta property=\"og:image\" content=\"https:\/\/i0.wp.com\/inti.hr\/wp-content\/uploads\/2023\/08\/BZR98-N-S002_1800x1800.webp?fit=1600%2C1600&ssl=1\" \/>\n\t<meta property=\"og:image:width\" content=\"1600\" \/>\n\t<meta property=\"og:image:height\" content=\"1600\" \/>\n\t<meta property=\"og:image:type\" content=\"image\/webp\" \/>\n<meta name=\"twitter:card\" content=\"summary_large_image\" \/>\n<script type=\"application\/ld+json\" class=\"yoast-schema-graph\">{\"@context\":\"https:\/\/schema.org\",\"@graph\":[{\"@type\":\"WebPage\",\"@id\":\"https:\/\/inti.hr\/bs\/proizvod\/14392\/\",\"url\":\"https:\/\/inti.hr\/bs\/proizvod\/14392\/\",\"name\":\"Kupaonski ormari\u0107 za umivaonik 60x35x60cm - Inti\",\"isPartOf\":{\"@id\":\"https:\/\/inti.hr\/bs\/#website\"},\"primaryImageOfPage\":{\"@id\":\"https:\/\/inti.hr\/bs\/proizvod\/14392\/#primaryimage\"},\"image\":{\"@id\":\"https:\/\/inti.hr\/bs\/proizvod\/14392\/#primaryimage\"},\"thumbnailUrl\":\"https:\/\/i0.wp.com\/inti.hr\/wp-content\/uploads\/2023\/08\/BZR98-N-S002_1800x1800.webp?fit=1600%2C1600&ssl=1\",\"datePublished\":\"2023-08-09T17:09:00+00:00\",\"dateModified\":\"2023-08-09T17:09:00+00:00\",\"description\":\"Ovaj ormari\u0107 pru\u017ea dovoljno prostora za spremanje deterd\u017eenata, sredstava za \u010di\u0161\u0107enje WC \u0161koljke i ostalih potrep\u0161tina za kupaonicu.Unutarnja polica je podesiva u tri visine.Opremljen plasti\u010dnim \u0161titnicima za noge koji ih \u0161tite od vlage.\",\"breadcrumb\":{\"@id\":\"https:\/\/inti.hr\/bs\/proizvod\/14392\/#breadcrumb\"},\"inLanguage\":\"bs-BA\",\"potentialAction\":[{\"@type\":\"ReadAction\",\"target\":[\"https:\/\/inti.hr\/bs\/proizvod\/14392\/\"]}]},{\"@type\":\"ImageObject\",\"inLanguage\":\"bs-BA\",\"@id\":\"https:\/\/inti.hr\/bs\/proizvod\/14392\/#primaryimage\",\"url\":\"https:\/\/i0.wp.com\/inti.hr\/wp-content\/uploads\/2023\/08\/BZR98-N-S002_1800x1800.webp?fit=1600%2C1600&ssl=1\",\"contentUrl\":\"https:\/\/i0.wp.com\/inti.hr\/wp-content\/uploads\/2023\/08\/BZR98-N-S002_1800x1800.webp?fit=1600%2C1600&ssl=1\",\"width\":1600,\"height\":1600},{\"@type\":\"BreadcrumbList\",\"@id\":\"https:\/\/inti.hr\/bs\/proizvod\/14392\/#breadcrumb\",\"itemListElement\":[{\"@type\":\"ListItem\",\"position\":1,\"name\":\"Po\u010detna stranica\",\"item\":\"https:\/\/inti.hr\/bs\/\"},{\"@type\":\"ListItem\",\"position\":2,\"name\":\"Trgovina\",\"item\":\"https:\/\/inti.hr\/bs\/trgovina\/\"},{\"@type\":\"ListItem\",\"position\":3,\"name\":\"Kupaonski ormari\u0107 za umivaonik 60x35x60cm\"}]},{\"@type\":\"WebSite\",\"@id\":\"https:\/\/inti.hr\/bs\/#website\",\"url\":\"https:\/\/inti.hr\/bs\/\",\"name\":\"Inti\",\"description\":\"trgovina\",\"potentialAction\":[{\"@type\":\"SearchAction\",\"target\":{\"@type\":\"EntryPoint\",\"urlTemplate\":\"https:\/\/inti.hr\/bs\/?s={search_term_string}\"},\"query-input\":{\"@type\":\"PropertyValueSpecification\",\"valueRequired\":true,\"valueName\":\"search_term_string\"}}],\"inLanguage\":\"bs-BA\"}]}<\/script>\n<!-- \/ Yoast SEO plugin. -->","yoast_head_json":{"title":"Kupaonski ormari\u0107 za umivaonik 60x35x60cm - Inti","description":"Ovaj ormari\u0107 pru\u017ea dovoljno prostora za spremanje deterd\u017eenata, sredstava za \u010di\u0161\u0107enje WC \u0161koljke i ostalih potrep\u0161tina za kupaonicu.Unutarnja polica je podesiva u tri visine.Opremljen plasti\u010dnim \u0161titnicima za noge koji ih \u0161tite od vlage.","robots":{"index":"index","follow":"follow","max-snippet":"max-snippet:-1","max-image-preview":"max-image-preview:large","max-video-preview":"max-video-preview:-1"},"canonical":"https:\/\/inti.hr\/bs\/proizvod\/14392\/","og_locale":"bs_BA","og_type":"article","og_title":"Kupaonski ormari\u0107 za umivaonik 60x35x60cm - Inti","og_description":"Ovaj ormari\u0107 pru\u017ea dovoljno prostora za spremanje deterd\u017eenata, sredstava za \u010di\u0161\u0107enje WC \u0161koljke i ostalih potrep\u0161tina za kupaonicu.Unutarnja polica je podesiva u tri visine.Opremljen plasti\u010dnim \u0161titnicima za noge koji ih \u0161tite od vlage.","og_url":"https:\/\/inti.hr\/bs\/proizvod\/14392\/","og_site_name":"Inti","og_image":[{"width":1600,"height":1600,"url":"https:\/\/i0.wp.com\/inti.hr\/wp-content\/uploads\/2023\/08\/BZR98-N-S002_1800x1800.webp?fit=1600%2C1600&ssl=1","type":"image\/webp"}],"twitter_card":"summary_large_image","schema":{"@context":"https:\/\/schema.org","@graph":[{"@type":"WebPage","@id":"https:\/\/inti.hr\/bs\/proizvod\/14392\/","url":"https:\/\/inti.hr\/bs\/proizvod\/14392\/","name":"Kupaonski ormari\u0107 za umivaonik 60x35x60cm - Inti","isPartOf":{"@id":"https:\/\/inti.hr\/bs\/#website"},"primaryImageOfPage":{"@id":"https:\/\/inti.hr\/bs\/proizvod\/14392\/#primaryimage"},"image":{"@id":"https:\/\/inti.hr\/bs\/proizvod\/14392\/#primaryimage"},"thumbnailUrl":"https:\/\/i0.wp.com\/inti.hr\/wp-content\/uploads\/2023\/08\/BZR98-N-S002_1800x1800.webp?fit=1600%2C1600&ssl=1","datePublished":"2023-08-09T17:09:00+00:00","dateModified":"2023-08-09T17:09:00+00:00","description":"Ovaj ormari\u0107 pru\u017ea dovoljno prostora za spremanje deterd\u017eenata, sredstava za \u010di\u0161\u0107enje WC \u0161koljke i ostalih potrep\u0161tina za kupaonicu.Unutarnja polica je podesiva u tri visine.Opremljen plasti\u010dnim \u0161titnicima za noge koji ih \u0161tite od vlage.","breadcrumb":{"@id":"https:\/\/inti.hr\/bs\/proizvod\/14392\/#breadcrumb"},"inLanguage":"bs-BA","potentialAction":[{"@type":"ReadAction","target":["https:\/\/inti.hr\/bs\/proizvod\/14392\/"]}]},{"@type":"ImageObject","inLanguage":"bs-BA","@id":"https:\/\/inti.hr\/bs\/proizvod\/14392\/#primaryimage","url":"https:\/\/i0.wp.com\/inti.hr\/wp-content\/uploads\/2023\/08\/BZR98-N-S002_1800x1800.webp?fit=1600%2C1600&ssl=1","contentUrl":"https:\/\/i0.wp.com\/inti.hr\/wp-content\/uploads\/2023\/08\/BZR98-N-S002_1800x1800.webp?fit=1600%2C1600&ssl=1","width":1600,"height":1600},{"@type":"BreadcrumbList","@id":"https:\/\/inti.hr\/bs\/proizvod\/14392\/#breadcrumb","itemListElement":[{"@type":"ListItem","position":1,"name":"Po\u010detna stranica","item":"https:\/\/inti.hr\/bs\/"},{"@type":"ListItem","position":2,"name":"Trgovina","item":"https:\/\/inti.hr\/bs\/trgovina\/"},{"@type":"ListItem","position":3,"name":"Kupaonski ormari\u0107 za umivaonik 60x35x60cm"}]},{"@type":"WebSite","@id":"https:\/\/inti.hr\/bs\/#website","url":"https:\/\/inti.hr\/bs\/","name":"Inti","description":"trgovina","potentialAction":[{"@type":"SearchAction","target":{"@type":"EntryPoint","urlTemplate":"https:\/\/inti.hr\/bs\/?s={search_term_string}"},"query-input":{"@type":"PropertyValueSpecification","valueRequired":true,"valueName":"search_term_string"}}],"inLanguage":"bs-BA"}]}},"jetpack_sharing_enabled":true,"jetpack-related-posts":[],"_links":{"self":[{"href":"https:\/\/inti.hr\/bs\/wp-json\/wp\/v2\/product\/33313"}],"collection":[{"href":"https:\/\/inti.hr\/bs\/wp-json\/wp\/v2\/product"}],"about":[{"href":"https:\/\/inti.hr\/bs\/wp-json\/wp\/v2\/types\/product"}],"wp:featuredmedia":[{"embeddable":true,"href":"https:\/\/inti.hr\/bs\/wp-json\/wp\/v2\/media\/33314"}],"wp:attachment":[{"href":"https:\/\/inti.hr\/bs\/wp-json\/wp\/v2\/media?parent=33313"}],"wp:term":[{"taxonomy":"product_cat","embeddable":true,"href":"https:\/\/inti.hr\/bs\/wp-json\/wp\/v2\/product_cat?post=33313"},{"taxonomy":"product_tag","embeddable":true,"href":"https:\/\/inti.hr\/bs\/wp-json\/wp\/v2\/product_tag?post=33313"}],"curies":[{"name":"wp","href":"https:\/\/api.w.org\/{rel}","templated":true}]}}