{"id":33321,"date":"2023-08-09T16:44:35","date_gmt":"2023-08-09T16:44:35","guid":{"rendered":"https:\/\/inti.hr\/product\/14365\/"},"modified":"2023-08-09T16:44:35","modified_gmt":"2023-08-09T16:44:35","slug":"14365","status":"publish","type":"product","link":"https:\/\/inti.hr\/bs\/proizvod\/14365\/","title":{"rendered":"Kuponski stup s ko\u0161arom za rublje 40x35x172cm"},"content":{"rendered":"<p>Detalji proizvoda:<\/p>\n<p>&nbsp;<\/p>\n<p>Materijal: Vlaknasta Plo\u010da, Iverica;<br \/>\nTe\u017eina: 25,3 kg<br \/>\nTestirano za: 40kg;<br \/>\nMjere proizvoda: 40x35x172 cm (vidi sliku)<br \/>\nDimenzije paketa: 99x43x24 cm<br \/>\nS uputama za sastavljanje i vijcima. Jednostavna instalacija.<\/p>\n","protected":false},"excerpt":{"rendered":"<p>Otvoreni pretinci nude mnogo prakti\u010dnog prostora za pohranu.<\/p>\n<p>Vre\u0107e za rublje se &#8230; <\/p>\n","protected":false},"featured_media":33322,"template":"","meta":[],"product_cat":[2392],"product_tag":[],"yoast_head":"<!-- This site is optimized with the Yoast SEO plugin v23.7 - https:\/\/yoast.com\/wordpress\/plugins\/seo\/ -->\n<title>Kuponski stup s ko\u0161arom za rublje 40x35x172cm - Inti<\/title>\n<meta name=\"description\" content=\"Otvoreni pretinci nude mnogo prakti\u010dnog prostora za pohranu.Vre\u0107e za rublje se mogu ukloniti.Opremljen plasti\u010dnim \u0161titnicima za noge koji ih \u0161tite od vlage.Na\u0161 proizvod je opremljen ure\u0111ajem protiv prevrtanja za pri\u010dvr\u0161\u0107ivanje ormari\u0107a na zid.\" \/>\n<meta name=\"robots\" content=\"index, follow, max-snippet:-1, max-image-preview:large, max-video-preview:-1\" \/>\n<link rel=\"canonical\" href=\"https:\/\/inti.hr\/bs\/proizvod\/14365\/\" \/>\n<meta property=\"og:locale\" content=\"bs_BA\" \/>\n<meta property=\"og:type\" content=\"article\" \/>\n<meta property=\"og:title\" content=\"Kuponski stup s ko\u0161arom za rublje 40x35x172cm - Inti\" \/>\n<meta property=\"og:description\" content=\"Otvoreni pretinci nude mnogo prakti\u010dnog prostora za pohranu.Vre\u0107e za rublje se mogu ukloniti.Opremljen plasti\u010dnim \u0161titnicima za noge koji ih \u0161tite od vlage.Na\u0161 proizvod je opremljen ure\u0111ajem protiv prevrtanja za pri\u010dvr\u0161\u0107ivanje ormari\u0107a na zid.\" \/>\n<meta property=\"og:url\" content=\"https:\/\/inti.hr\/bs\/proizvod\/14365\/\" \/>\n<meta property=\"og:site_name\" content=\"Inti\" \/>\n<meta property=\"og:image\" content=\"https:\/\/i0.wp.com\/inti.hr\/wp-content\/uploads\/2023\/08\/BZR95-N-Y001_670x.webp?fit=670%2C670&ssl=1\" \/>\n\t<meta property=\"og:image:width\" content=\"670\" \/>\n\t<meta property=\"og:image:height\" content=\"670\" \/>\n\t<meta property=\"og:image:type\" content=\"image\/webp\" \/>\n<meta name=\"twitter:card\" content=\"summary_large_image\" \/>\n<script type=\"application\/ld+json\" class=\"yoast-schema-graph\">{\"@context\":\"https:\/\/schema.org\",\"@graph\":[{\"@type\":\"WebPage\",\"@id\":\"https:\/\/inti.hr\/bs\/proizvod\/14365\/\",\"url\":\"https:\/\/inti.hr\/bs\/proizvod\/14365\/\",\"name\":\"Kuponski stup s ko\u0161arom za rublje 40x35x172cm - Inti\",\"isPartOf\":{\"@id\":\"https:\/\/inti.hr\/bs\/#website\"},\"primaryImageOfPage\":{\"@id\":\"https:\/\/inti.hr\/bs\/proizvod\/14365\/#primaryimage\"},\"image\":{\"@id\":\"https:\/\/inti.hr\/bs\/proizvod\/14365\/#primaryimage\"},\"thumbnailUrl\":\"https:\/\/i0.wp.com\/inti.hr\/wp-content\/uploads\/2023\/08\/BZR95-N-Y001_670x.webp?fit=670%2C670&ssl=1\",\"datePublished\":\"2023-08-09T16:44:35+00:00\",\"dateModified\":\"2023-08-09T16:44:35+00:00\",\"description\":\"Otvoreni pretinci nude mnogo prakti\u010dnog prostora za pohranu.Vre\u0107e za rublje se mogu ukloniti.Opremljen plasti\u010dnim \u0161titnicima za noge koji ih \u0161tite od vlage.Na\u0161 proizvod je opremljen ure\u0111ajem protiv prevrtanja za pri\u010dvr\u0161\u0107ivanje ormari\u0107a na zid.\",\"breadcrumb\":{\"@id\":\"https:\/\/inti.hr\/bs\/proizvod\/14365\/#breadcrumb\"},\"inLanguage\":\"bs-BA\",\"potentialAction\":[{\"@type\":\"ReadAction\",\"target\":[\"https:\/\/inti.hr\/bs\/proizvod\/14365\/\"]}]},{\"@type\":\"ImageObject\",\"inLanguage\":\"bs-BA\",\"@id\":\"https:\/\/inti.hr\/bs\/proizvod\/14365\/#primaryimage\",\"url\":\"https:\/\/i0.wp.com\/inti.hr\/wp-content\/uploads\/2023\/08\/BZR95-N-Y001_670x.webp?fit=670%2C670&ssl=1\",\"contentUrl\":\"https:\/\/i0.wp.com\/inti.hr\/wp-content\/uploads\/2023\/08\/BZR95-N-Y001_670x.webp?fit=670%2C670&ssl=1\",\"width\":670,\"height\":670},{\"@type\":\"BreadcrumbList\",\"@id\":\"https:\/\/inti.hr\/bs\/proizvod\/14365\/#breadcrumb\",\"itemListElement\":[{\"@type\":\"ListItem\",\"position\":1,\"name\":\"Po\u010detna stranica\",\"item\":\"https:\/\/inti.hr\/bs\/\"},{\"@type\":\"ListItem\",\"position\":2,\"name\":\"Trgovina\",\"item\":\"https:\/\/inti.hr\/bs\/trgovina\/\"},{\"@type\":\"ListItem\",\"position\":3,\"name\":\"Kuponski stup s ko\u0161arom za rublje 40x35x172cm\"}]},{\"@type\":\"WebSite\",\"@id\":\"https:\/\/inti.hr\/bs\/#website\",\"url\":\"https:\/\/inti.hr\/bs\/\",\"name\":\"Inti\",\"description\":\"trgovina\",\"potentialAction\":[{\"@type\":\"SearchAction\",\"target\":{\"@type\":\"EntryPoint\",\"urlTemplate\":\"https:\/\/inti.hr\/bs\/?s={search_term_string}\"},\"query-input\":{\"@type\":\"PropertyValueSpecification\",\"valueRequired\":true,\"valueName\":\"search_term_string\"}}],\"inLanguage\":\"bs-BA\"}]}<\/script>\n<!-- \/ Yoast SEO plugin. -->","yoast_head_json":{"title":"Kuponski stup s ko\u0161arom za rublje 40x35x172cm - Inti","description":"Otvoreni pretinci nude mnogo prakti\u010dnog prostora za pohranu.Vre\u0107e za rublje se mogu ukloniti.Opremljen plasti\u010dnim \u0161titnicima za noge koji ih \u0161tite od vlage.Na\u0161 proizvod je opremljen ure\u0111ajem protiv prevrtanja za pri\u010dvr\u0161\u0107ivanje ormari\u0107a na zid.","robots":{"index":"index","follow":"follow","max-snippet":"max-snippet:-1","max-image-preview":"max-image-preview:large","max-video-preview":"max-video-preview:-1"},"canonical":"https:\/\/inti.hr\/bs\/proizvod\/14365\/","og_locale":"bs_BA","og_type":"article","og_title":"Kuponski stup s ko\u0161arom za rublje 40x35x172cm - Inti","og_description":"Otvoreni pretinci nude mnogo prakti\u010dnog prostora za pohranu.Vre\u0107e za rublje se mogu ukloniti.Opremljen plasti\u010dnim \u0161titnicima za noge koji ih \u0161tite od vlage.Na\u0161 proizvod je opremljen ure\u0111ajem protiv prevrtanja za pri\u010dvr\u0161\u0107ivanje ormari\u0107a na zid.","og_url":"https:\/\/inti.hr\/bs\/proizvod\/14365\/","og_site_name":"Inti","og_image":[{"width":670,"height":670,"url":"https:\/\/i0.wp.com\/inti.hr\/wp-content\/uploads\/2023\/08\/BZR95-N-Y001_670x.webp?fit=670%2C670&ssl=1","type":"image\/webp"}],"twitter_card":"summary_large_image","schema":{"@context":"https:\/\/schema.org","@graph":[{"@type":"WebPage","@id":"https:\/\/inti.hr\/bs\/proizvod\/14365\/","url":"https:\/\/inti.hr\/bs\/proizvod\/14365\/","name":"Kuponski stup s ko\u0161arom za rublje 40x35x172cm - Inti","isPartOf":{"@id":"https:\/\/inti.hr\/bs\/#website"},"primaryImageOfPage":{"@id":"https:\/\/inti.hr\/bs\/proizvod\/14365\/#primaryimage"},"image":{"@id":"https:\/\/inti.hr\/bs\/proizvod\/14365\/#primaryimage"},"thumbnailUrl":"https:\/\/i0.wp.com\/inti.hr\/wp-content\/uploads\/2023\/08\/BZR95-N-Y001_670x.webp?fit=670%2C670&ssl=1","datePublished":"2023-08-09T16:44:35+00:00","dateModified":"2023-08-09T16:44:35+00:00","description":"Otvoreni pretinci nude mnogo prakti\u010dnog prostora za pohranu.Vre\u0107e za rublje se mogu ukloniti.Opremljen plasti\u010dnim \u0161titnicima za noge koji ih \u0161tite od vlage.Na\u0161 proizvod je opremljen ure\u0111ajem protiv prevrtanja za pri\u010dvr\u0161\u0107ivanje ormari\u0107a na zid.","breadcrumb":{"@id":"https:\/\/inti.hr\/bs\/proizvod\/14365\/#breadcrumb"},"inLanguage":"bs-BA","potentialAction":[{"@type":"ReadAction","target":["https:\/\/inti.hr\/bs\/proizvod\/14365\/"]}]},{"@type":"ImageObject","inLanguage":"bs-BA","@id":"https:\/\/inti.hr\/bs\/proizvod\/14365\/#primaryimage","url":"https:\/\/i0.wp.com\/inti.hr\/wp-content\/uploads\/2023\/08\/BZR95-N-Y001_670x.webp?fit=670%2C670&ssl=1","contentUrl":"https:\/\/i0.wp.com\/inti.hr\/wp-content\/uploads\/2023\/08\/BZR95-N-Y001_670x.webp?fit=670%2C670&ssl=1","width":670,"height":670},{"@type":"BreadcrumbList","@id":"https:\/\/inti.hr\/bs\/proizvod\/14365\/#breadcrumb","itemListElement":[{"@type":"ListItem","position":1,"name":"Po\u010detna stranica","item":"https:\/\/inti.hr\/bs\/"},{"@type":"ListItem","position":2,"name":"Trgovina","item":"https:\/\/inti.hr\/bs\/trgovina\/"},{"@type":"ListItem","position":3,"name":"Kuponski stup s ko\u0161arom za rublje 40x35x172cm"}]},{"@type":"WebSite","@id":"https:\/\/inti.hr\/bs\/#website","url":"https:\/\/inti.hr\/bs\/","name":"Inti","description":"trgovina","potentialAction":[{"@type":"SearchAction","target":{"@type":"EntryPoint","urlTemplate":"https:\/\/inti.hr\/bs\/?s={search_term_string}"},"query-input":{"@type":"PropertyValueSpecification","valueRequired":true,"valueName":"search_term_string"}}],"inLanguage":"bs-BA"}]}},"jetpack_sharing_enabled":true,"jetpack-related-posts":[],"_links":{"self":[{"href":"https:\/\/inti.hr\/bs\/wp-json\/wp\/v2\/product\/33321"}],"collection":[{"href":"https:\/\/inti.hr\/bs\/wp-json\/wp\/v2\/product"}],"about":[{"href":"https:\/\/inti.hr\/bs\/wp-json\/wp\/v2\/types\/product"}],"wp:featuredmedia":[{"embeddable":true,"href":"https:\/\/inti.hr\/bs\/wp-json\/wp\/v2\/media\/33322"}],"wp:attachment":[{"href":"https:\/\/inti.hr\/bs\/wp-json\/wp\/v2\/media?parent=33321"}],"wp:term":[{"taxonomy":"product_cat","embeddable":true,"href":"https:\/\/inti.hr\/bs\/wp-json\/wp\/v2\/product_cat?post=33321"},{"taxonomy":"product_tag","embeddable":true,"href":"https:\/\/inti.hr\/bs\/wp-json\/wp\/v2\/product_tag?post=33321"}],"curies":[{"name":"wp","href":"https:\/\/api.w.org\/{rel}","templated":true}]}}