{"id":33333,"date":"2023-07-19T17:22:10","date_gmt":"2023-07-19T17:22:10","guid":{"rendered":"https:\/\/inti.hr\/product\/samostojece-ogledalo-perano-s-policom-160-x-46-cm\/"},"modified":"2023-07-19T17:22:10","modified_gmt":"2023-07-19T17:22:10","slug":"samostojece-ogledalo-perano-s-policom-160-x-46-cm","status":"publish","type":"product","link":"https:\/\/inti.hr\/bs\/proizvod\/samostojece-ogledalo-perano-s-policom-160-x-46-cm\/","title":{"rendered":"Samostoje\u0107e ogledalo Perano s policom 160 x 46 cm"},"content":{"rendered":"<p>Detalji proizvoda:<\/p>\n<p>&#8211; Idealan dodatak za kupaonicu, hodnik, dnevni boravak ili spava\u0107u sobu<br \/>\n&#8211; Mo\u017ee se brzo i slobodno postaviti u bilo koju prostoriju<br \/>\n&#8211; Mo\u017ee se sklopiti radi u\u0161tede prostora kada nije u upotrebi<br \/>\n&#8211; S policom za sve predmete<br \/>\n&#8211; Stabilan stalak zahvaljuju\u0107i nagibu postolje<br \/>\n&#8211; Bezvremenski i elegantan dizajn<\/p>\n<p>Materijal:<\/p>\n<p>&#8211; Okvir: metal<br \/>\n&#8211; Polica: metal<\/p>\n<p>Dimenzije:<\/p>\n<p>&#8211; Ukupno (Vx\u0160xD): 160 x 46 x 50 cm<br \/>\n&#8211; Sklopljeno (Vx\u0160xD): 160 x 46 x 4,5 cm<br \/>\n&#8211; Zrcalna povr\u0161ina (Vx\u0160): 98 x 42 cm<br \/>\n&#8211; Polica (\u0160xD): 42 x 42 cm<\/p>\n<p>Boja okvira:<\/p>\n<p>Crno<\/p>\n","protected":false},"excerpt":{"rendered":"<p>Dekorativno i elegantno, ogledalo pune du\u017eine idealno je za va\u0161 hodnik, &#8230; <\/p>\n","protected":false},"featured_media":33334,"template":"","meta":[],"product_cat":[2392,2414],"product_tag":[2394,3642],"yoast_head":"<!-- This site is optimized with the Yoast SEO plugin v23.7 - https:\/\/yoast.com\/wordpress\/plugins\/seo\/ -->\n<title>Samostoje\u0107e ogledalo Perano s policom 160 x 46 cm - Inti<\/title>\n<meta name=\"description\" content=\"Dekorativno i elegantno, ogledalo pune du\u017eine idealno je za va\u0161 hodnik, spava\u0107u sobu, garderobu ili gdje god trebate ogledalo. Svojim bezvremenskim i elegantnim dizajnom prikladan je za svaki \u017eivotni prostor.Nagibni stalak osigurava stabilan stalak i omogu\u0107uje vam da zrcalo prilagodite svojim potrebama i prona\u0111ete savr\u0161eni kut gledanja. Mo\u017eete ga jednostavno nagnuti naprijed ili natrag kako biste optimalno postavili ogledalo.Svoj outfit mo\u017eete pogledati od glave do pete i pobrinuti se da uvijek budete savr\u0161eno odjeveni. Podno ogledalo tako\u0111er je idealno za nano\u0161enje \u0161minke ili za provjeru frizure. S ovim ogledalom uvijek imate potpuni pregled svog stajlinga.U sklopljenom stanju ogledalo se mo\u017ee postaviti i u male prostorije. Dodajte ovo moderno ogledalo svom dekoru i u\u017eivajte u prednostima koje nudi.Donja polica ogledala pru\u017ea dodatni prostor za pohranu i omogu\u0107uje vam uredno pohranjivanje kupaonskih potrep\u0161tina, ukrasnih predmeta ili drugih sitnica. Tako imate sve \u0161to vam je potrebno za dnevnu rutinu na dohvat ruke.\" \/>\n<meta name=\"robots\" content=\"index, follow, max-snippet:-1, max-image-preview:large, max-video-preview:-1\" \/>\n<link rel=\"canonical\" href=\"https:\/\/inti.hr\/bs\/proizvod\/samostojece-ogledalo-perano-s-policom-160-x-46-cm\/\" \/>\n<meta property=\"og:locale\" content=\"bs_BA\" \/>\n<meta property=\"og:type\" content=\"article\" \/>\n<meta property=\"og:title\" content=\"Samostoje\u0107e ogledalo Perano s policom 160 x 46 cm - Inti\" \/>\n<meta property=\"og:description\" content=\"Dekorativno i elegantno, ogledalo pune du\u017eine idealno je za va\u0161 hodnik, spava\u0107u sobu, garderobu ili gdje god trebate ogledalo. Svojim bezvremenskim i elegantnim dizajnom prikladan je za svaki \u017eivotni prostor.Nagibni stalak osigurava stabilan stalak i omogu\u0107uje vam da zrcalo prilagodite svojim potrebama i prona\u0111ete savr\u0161eni kut gledanja. Mo\u017eete ga jednostavno nagnuti naprijed ili natrag kako biste optimalno postavili ogledalo.Svoj outfit mo\u017eete pogledati od glave do pete i pobrinuti se da uvijek budete savr\u0161eno odjeveni. Podno ogledalo tako\u0111er je idealno za nano\u0161enje \u0161minke ili za provjeru frizure. S ovim ogledalom uvijek imate potpuni pregled svog stajlinga.U sklopljenom stanju ogledalo se mo\u017ee postaviti i u male prostorije. Dodajte ovo moderno ogledalo svom dekoru i u\u017eivajte u prednostima koje nudi.Donja polica ogledala pru\u017ea dodatni prostor za pohranu i omogu\u0107uje vam uredno pohranjivanje kupaonskih potrep\u0161tina, ukrasnih predmeta ili drugih sitnica. Tako imate sve \u0161to vam je potrebno za dnevnu rutinu na dohvat ruke.\" \/>\n<meta property=\"og:url\" content=\"https:\/\/inti.hr\/bs\/proizvod\/samostojece-ogledalo-perano-s-policom-160-x-46-cm\/\" \/>\n<meta property=\"og:site_name\" content=\"Inti\" \/>\n<meta property=\"og:image\" content=\"https:\/\/i0.wp.com\/inti.hr\/wp-content\/uploads\/2023\/07\/3582019441663805b90594a9945598d2.jpg?fit=1400%2C1400&ssl=1\" \/>\n\t<meta property=\"og:image:width\" content=\"1400\" \/>\n\t<meta property=\"og:image:height\" content=\"1400\" \/>\n\t<meta property=\"og:image:type\" content=\"image\/jpeg\" \/>\n<meta name=\"twitter:card\" content=\"summary_large_image\" \/>\n<script type=\"application\/ld+json\" class=\"yoast-schema-graph\">{\"@context\":\"https:\/\/schema.org\",\"@graph\":[{\"@type\":\"WebPage\",\"@id\":\"https:\/\/inti.hr\/bs\/proizvod\/samostojece-ogledalo-perano-s-policom-160-x-46-cm\/\",\"url\":\"https:\/\/inti.hr\/bs\/proizvod\/samostojece-ogledalo-perano-s-policom-160-x-46-cm\/\",\"name\":\"Samostoje\u0107e ogledalo Perano s policom 160 x 46 cm - Inti\",\"isPartOf\":{\"@id\":\"https:\/\/inti.hr\/bs\/#website\"},\"primaryImageOfPage\":{\"@id\":\"https:\/\/inti.hr\/bs\/proizvod\/samostojece-ogledalo-perano-s-policom-160-x-46-cm\/#primaryimage\"},\"image\":{\"@id\":\"https:\/\/inti.hr\/bs\/proizvod\/samostojece-ogledalo-perano-s-policom-160-x-46-cm\/#primaryimage\"},\"thumbnailUrl\":\"https:\/\/i0.wp.com\/inti.hr\/wp-content\/uploads\/2023\/07\/3582019441663805b90594a9945598d2.jpg?fit=1400%2C1400&ssl=1\",\"datePublished\":\"2023-07-19T17:22:10+00:00\",\"dateModified\":\"2023-07-19T17:22:10+00:00\",\"description\":\"Dekorativno i elegantno, ogledalo pune du\u017eine idealno je za va\u0161 hodnik, spava\u0107u sobu, garderobu ili gdje god trebate ogledalo. Svojim bezvremenskim i elegantnim dizajnom prikladan je za svaki \u017eivotni prostor.Nagibni stalak osigurava stabilan stalak i omogu\u0107uje vam da zrcalo prilagodite svojim potrebama i prona\u0111ete savr\u0161eni kut gledanja. Mo\u017eete ga jednostavno nagnuti naprijed ili natrag kako biste optimalno postavili ogledalo.Svoj outfit mo\u017eete pogledati od glave do pete i pobrinuti se da uvijek budete savr\u0161eno odjeveni. Podno ogledalo tako\u0111er je idealno za nano\u0161enje \u0161minke ili za provjeru frizure. S ovim ogledalom uvijek imate potpuni pregled svog stajlinga.U sklopljenom stanju ogledalo se mo\u017ee postaviti i u male prostorije. Dodajte ovo moderno ogledalo svom dekoru i u\u017eivajte u prednostima koje nudi.Donja polica ogledala pru\u017ea dodatni prostor za pohranu i omogu\u0107uje vam uredno pohranjivanje kupaonskih potrep\u0161tina, ukrasnih predmeta ili drugih sitnica. Tako imate sve \u0161to vam je potrebno za dnevnu rutinu na dohvat ruke.\",\"breadcrumb\":{\"@id\":\"https:\/\/inti.hr\/bs\/proizvod\/samostojece-ogledalo-perano-s-policom-160-x-46-cm\/#breadcrumb\"},\"inLanguage\":\"bs-BA\",\"potentialAction\":[{\"@type\":\"ReadAction\",\"target\":[\"https:\/\/inti.hr\/bs\/proizvod\/samostojece-ogledalo-perano-s-policom-160-x-46-cm\/\"]}]},{\"@type\":\"ImageObject\",\"inLanguage\":\"bs-BA\",\"@id\":\"https:\/\/inti.hr\/bs\/proizvod\/samostojece-ogledalo-perano-s-policom-160-x-46-cm\/#primaryimage\",\"url\":\"https:\/\/i0.wp.com\/inti.hr\/wp-content\/uploads\/2023\/07\/3582019441663805b90594a9945598d2.jpg?fit=1400%2C1400&ssl=1\",\"contentUrl\":\"https:\/\/i0.wp.com\/inti.hr\/wp-content\/uploads\/2023\/07\/3582019441663805b90594a9945598d2.jpg?fit=1400%2C1400&ssl=1\",\"width\":1400,\"height\":1400},{\"@type\":\"BreadcrumbList\",\"@id\":\"https:\/\/inti.hr\/bs\/proizvod\/samostojece-ogledalo-perano-s-policom-160-x-46-cm\/#breadcrumb\",\"itemListElement\":[{\"@type\":\"ListItem\",\"position\":1,\"name\":\"Po\u010detna stranica\",\"item\":\"https:\/\/inti.hr\/bs\/\"},{\"@type\":\"ListItem\",\"position\":2,\"name\":\"Trgovina\",\"item\":\"https:\/\/inti.hr\/bs\/trgovina\/\"},{\"@type\":\"ListItem\",\"position\":3,\"name\":\"Samostoje\u0107e ogledalo Perano s policom 160 x 46 cm\"}]},{\"@type\":\"WebSite\",\"@id\":\"https:\/\/inti.hr\/bs\/#website\",\"url\":\"https:\/\/inti.hr\/bs\/\",\"name\":\"Inti\",\"description\":\"trgovina\",\"potentialAction\":[{\"@type\":\"SearchAction\",\"target\":{\"@type\":\"EntryPoint\",\"urlTemplate\":\"https:\/\/inti.hr\/bs\/?s={search_term_string}\"},\"query-input\":{\"@type\":\"PropertyValueSpecification\",\"valueRequired\":true,\"valueName\":\"search_term_string\"}}],\"inLanguage\":\"bs-BA\"}]}<\/script>\n<!-- \/ Yoast SEO plugin. -->","yoast_head_json":{"title":"Samostoje\u0107e ogledalo Perano s policom 160 x 46 cm - Inti","description":"Dekorativno i elegantno, ogledalo pune du\u017eine idealno je za va\u0161 hodnik, spava\u0107u sobu, garderobu ili gdje god trebate ogledalo. Svojim bezvremenskim i elegantnim dizajnom prikladan je za svaki \u017eivotni prostor.Nagibni stalak osigurava stabilan stalak i omogu\u0107uje vam da zrcalo prilagodite svojim potrebama i prona\u0111ete savr\u0161eni kut gledanja. Mo\u017eete ga jednostavno nagnuti naprijed ili natrag kako biste optimalno postavili ogledalo.Svoj outfit mo\u017eete pogledati od glave do pete i pobrinuti se da uvijek budete savr\u0161eno odjeveni. Podno ogledalo tako\u0111er je idealno za nano\u0161enje \u0161minke ili za provjeru frizure. S ovim ogledalom uvijek imate potpuni pregled svog stajlinga.U sklopljenom stanju ogledalo se mo\u017ee postaviti i u male prostorije. Dodajte ovo moderno ogledalo svom dekoru i u\u017eivajte u prednostima koje nudi.Donja polica ogledala pru\u017ea dodatni prostor za pohranu i omogu\u0107uje vam uredno pohranjivanje kupaonskih potrep\u0161tina, ukrasnih predmeta ili drugih sitnica. Tako imate sve \u0161to vam je potrebno za dnevnu rutinu na dohvat ruke.","robots":{"index":"index","follow":"follow","max-snippet":"max-snippet:-1","max-image-preview":"max-image-preview:large","max-video-preview":"max-video-preview:-1"},"canonical":"https:\/\/inti.hr\/bs\/proizvod\/samostojece-ogledalo-perano-s-policom-160-x-46-cm\/","og_locale":"bs_BA","og_type":"article","og_title":"Samostoje\u0107e ogledalo Perano s policom 160 x 46 cm - Inti","og_description":"Dekorativno i elegantno, ogledalo pune du\u017eine idealno je za va\u0161 hodnik, spava\u0107u sobu, garderobu ili gdje god trebate ogledalo. Svojim bezvremenskim i elegantnim dizajnom prikladan je za svaki \u017eivotni prostor.Nagibni stalak osigurava stabilan stalak i omogu\u0107uje vam da zrcalo prilagodite svojim potrebama i prona\u0111ete savr\u0161eni kut gledanja. Mo\u017eete ga jednostavno nagnuti naprijed ili natrag kako biste optimalno postavili ogledalo.Svoj outfit mo\u017eete pogledati od glave do pete i pobrinuti se da uvijek budete savr\u0161eno odjeveni. Podno ogledalo tako\u0111er je idealno za nano\u0161enje \u0161minke ili za provjeru frizure. S ovim ogledalom uvijek imate potpuni pregled svog stajlinga.U sklopljenom stanju ogledalo se mo\u017ee postaviti i u male prostorije. Dodajte ovo moderno ogledalo svom dekoru i u\u017eivajte u prednostima koje nudi.Donja polica ogledala pru\u017ea dodatni prostor za pohranu i omogu\u0107uje vam uredno pohranjivanje kupaonskih potrep\u0161tina, ukrasnih predmeta ili drugih sitnica. Tako imate sve \u0161to vam je potrebno za dnevnu rutinu na dohvat ruke.","og_url":"https:\/\/inti.hr\/bs\/proizvod\/samostojece-ogledalo-perano-s-policom-160-x-46-cm\/","og_site_name":"Inti","og_image":[{"width":1400,"height":1400,"url":"https:\/\/i0.wp.com\/inti.hr\/wp-content\/uploads\/2023\/07\/3582019441663805b90594a9945598d2.jpg?fit=1400%2C1400&ssl=1","type":"image\/jpeg"}],"twitter_card":"summary_large_image","schema":{"@context":"https:\/\/schema.org","@graph":[{"@type":"WebPage","@id":"https:\/\/inti.hr\/bs\/proizvod\/samostojece-ogledalo-perano-s-policom-160-x-46-cm\/","url":"https:\/\/inti.hr\/bs\/proizvod\/samostojece-ogledalo-perano-s-policom-160-x-46-cm\/","name":"Samostoje\u0107e ogledalo Perano s policom 160 x 46 cm - Inti","isPartOf":{"@id":"https:\/\/inti.hr\/bs\/#website"},"primaryImageOfPage":{"@id":"https:\/\/inti.hr\/bs\/proizvod\/samostojece-ogledalo-perano-s-policom-160-x-46-cm\/#primaryimage"},"image":{"@id":"https:\/\/inti.hr\/bs\/proizvod\/samostojece-ogledalo-perano-s-policom-160-x-46-cm\/#primaryimage"},"thumbnailUrl":"https:\/\/i0.wp.com\/inti.hr\/wp-content\/uploads\/2023\/07\/3582019441663805b90594a9945598d2.jpg?fit=1400%2C1400&ssl=1","datePublished":"2023-07-19T17:22:10+00:00","dateModified":"2023-07-19T17:22:10+00:00","description":"Dekorativno i elegantno, ogledalo pune du\u017eine idealno je za va\u0161 hodnik, spava\u0107u sobu, garderobu ili gdje god trebate ogledalo. Svojim bezvremenskim i elegantnim dizajnom prikladan je za svaki \u017eivotni prostor.Nagibni stalak osigurava stabilan stalak i omogu\u0107uje vam da zrcalo prilagodite svojim potrebama i prona\u0111ete savr\u0161eni kut gledanja. Mo\u017eete ga jednostavno nagnuti naprijed ili natrag kako biste optimalno postavili ogledalo.Svoj outfit mo\u017eete pogledati od glave do pete i pobrinuti se da uvijek budete savr\u0161eno odjeveni. Podno ogledalo tako\u0111er je idealno za nano\u0161enje \u0161minke ili za provjeru frizure. S ovim ogledalom uvijek imate potpuni pregled svog stajlinga.U sklopljenom stanju ogledalo se mo\u017ee postaviti i u male prostorije. Dodajte ovo moderno ogledalo svom dekoru i u\u017eivajte u prednostima koje nudi.Donja polica ogledala pru\u017ea dodatni prostor za pohranu i omogu\u0107uje vam uredno pohranjivanje kupaonskih potrep\u0161tina, ukrasnih predmeta ili drugih sitnica. Tako imate sve \u0161to vam je potrebno za dnevnu rutinu na dohvat ruke.","breadcrumb":{"@id":"https:\/\/inti.hr\/bs\/proizvod\/samostojece-ogledalo-perano-s-policom-160-x-46-cm\/#breadcrumb"},"inLanguage":"bs-BA","potentialAction":[{"@type":"ReadAction","target":["https:\/\/inti.hr\/bs\/proizvod\/samostojece-ogledalo-perano-s-policom-160-x-46-cm\/"]}]},{"@type":"ImageObject","inLanguage":"bs-BA","@id":"https:\/\/inti.hr\/bs\/proizvod\/samostojece-ogledalo-perano-s-policom-160-x-46-cm\/#primaryimage","url":"https:\/\/i0.wp.com\/inti.hr\/wp-content\/uploads\/2023\/07\/3582019441663805b90594a9945598d2.jpg?fit=1400%2C1400&ssl=1","contentUrl":"https:\/\/i0.wp.com\/inti.hr\/wp-content\/uploads\/2023\/07\/3582019441663805b90594a9945598d2.jpg?fit=1400%2C1400&ssl=1","width":1400,"height":1400},{"@type":"BreadcrumbList","@id":"https:\/\/inti.hr\/bs\/proizvod\/samostojece-ogledalo-perano-s-policom-160-x-46-cm\/#breadcrumb","itemListElement":[{"@type":"ListItem","position":1,"name":"Po\u010detna stranica","item":"https:\/\/inti.hr\/bs\/"},{"@type":"ListItem","position":2,"name":"Trgovina","item":"https:\/\/inti.hr\/bs\/trgovina\/"},{"@type":"ListItem","position":3,"name":"Samostoje\u0107e ogledalo Perano s policom 160 x 46 cm"}]},{"@type":"WebSite","@id":"https:\/\/inti.hr\/bs\/#website","url":"https:\/\/inti.hr\/bs\/","name":"Inti","description":"trgovina","potentialAction":[{"@type":"SearchAction","target":{"@type":"EntryPoint","urlTemplate":"https:\/\/inti.hr\/bs\/?s={search_term_string}"},"query-input":{"@type":"PropertyValueSpecification","valueRequired":true,"valueName":"search_term_string"}}],"inLanguage":"bs-BA"}]}},"jetpack_sharing_enabled":true,"jetpack-related-posts":[],"_links":{"self":[{"href":"https:\/\/inti.hr\/bs\/wp-json\/wp\/v2\/product\/33333"}],"collection":[{"href":"https:\/\/inti.hr\/bs\/wp-json\/wp\/v2\/product"}],"about":[{"href":"https:\/\/inti.hr\/bs\/wp-json\/wp\/v2\/types\/product"}],"wp:featuredmedia":[{"embeddable":true,"href":"https:\/\/inti.hr\/bs\/wp-json\/wp\/v2\/media\/33334"}],"wp:attachment":[{"href":"https:\/\/inti.hr\/bs\/wp-json\/wp\/v2\/media?parent=33333"}],"wp:term":[{"taxonomy":"product_cat","embeddable":true,"href":"https:\/\/inti.hr\/bs\/wp-json\/wp\/v2\/product_cat?post=33333"},{"taxonomy":"product_tag","embeddable":true,"href":"https:\/\/inti.hr\/bs\/wp-json\/wp\/v2\/product_tag?post=33333"}],"curies":[{"name":"wp","href":"https:\/\/api.w.org\/{rel}","templated":true}]}}