{"id":33353,"date":"2023-07-17T14:20:16","date_gmt":"2023-07-17T14:20:16","guid":{"rendered":"https:\/\/inti.hr\/product\/ormaric-za-cipele-klamp\/"},"modified":"2023-07-17T14:20:16","modified_gmt":"2023-07-17T14:20:16","slug":"ormaric-za-cipele-klamp","status":"publish","type":"product","link":"https:\/\/inti.hr\/bs\/proizvod\/ormaric-za-cipele-klamp\/","title":{"rendered":"Ormari\u0107 za cipele Klamp"},"content":{"rendered":"<p>Detalji proizvoda:<\/p>\n<p>&#8211; Elegantan ormari\u0107 za cipele s dvoja vrata koja propu\u0161taju zrak<br \/>\n&#8211; Ukupno pet polica unutar ormari\u0107a<br \/>\n&#8211; Nudi mjesta za do deset pari cipela<br \/>\n&#8211; Prirodni i ekolo\u0161ki prihvatljivi materijali<br \/>\n&#8211; Brza i jednostavna monta\u017ea<\/p>\n<p>Materijal:<\/p>\n<p>bambus<\/p>\n<p>Dimenzije:<\/p>\n<p>&#8211; Sveukupno (Vx\u0160xD): 87,5 x 66 x 33 cm<br \/>\n&#8211; Polica (\u0160xD): 60 x 30 cm svaka<br \/>\n&#8211; Razmak izme\u0111u polica: 14 cm svaka<br \/>\n&#8211; Visina gornje police: 17 cm<br \/>\n&#8211; Debljina police: 1,2 cm svaka<\/p>\n","protected":false},"excerpt":{"rendered":"<p>Prakti\u010dni ormari\u0107 za cipele nudi idealno rje\u0161enje za pohranu va\u0161ih cipela &#8230; <\/p>\n","protected":false},"featured_media":33354,"template":"","meta":[],"product_cat":[2632],"product_tag":[3646,2638],"yoast_head":"<!-- This site is optimized with the Yoast SEO plugin v23.7 - https:\/\/yoast.com\/wordpress\/plugins\/seo\/ -->\n<title>Ormari\u0107 za cipele Klamp - Inti<\/title>\n<meta name=\"description\" content=\"Prakti\u010dni ormari\u0107 za cipele nudi idealno rje\u0161enje za pohranu va\u0161ih cipela te je funkcionalan i moderan dodatak svakom \u017eivotnom prostoru.Ormari\u0107 za cipele ima pet polica u unutra\u0161njosti, koje pru\u017eaju dovoljno mjesta za razne cipele. Bilo da se radi o tenisicama, \u0161tiklama ili sandalama - s ovim ormari\u0107em mo\u017eete uredno i pregledno sortirati svoje cipele.Dvoja zrakopropusna vrata osiguravaju optimalnu ventilaciju unutar ormari\u0107a. To osigurava dobru cirkulaciju zraka, \u0161to poma\u017ee u smanjenju neugodnih mirisa i odr\u017eava cipele svje\u017eima.Svojim bezvremenskim dizajnom, ormari\u0107 za cipele skladno se uklapa u razli\u010dite stilove opremanja. Bilo u hodniku, spava\u0107oj ili garderobnoj sobi - ovaj ormari\u0107 za cipele nije samo funkcionalan, ve\u0107 i atraktivan za oko.\" \/>\n<meta name=\"robots\" content=\"index, follow, max-snippet:-1, max-image-preview:large, max-video-preview:-1\" \/>\n<link rel=\"canonical\" href=\"https:\/\/inti.hr\/bs\/proizvod\/ormaric-za-cipele-klamp\/\" \/>\n<meta property=\"og:locale\" content=\"bs_BA\" \/>\n<meta property=\"og:type\" content=\"article\" \/>\n<meta property=\"og:title\" content=\"Ormari\u0107 za cipele Klamp - Inti\" \/>\n<meta property=\"og:description\" content=\"Prakti\u010dni ormari\u0107 za cipele nudi idealno rje\u0161enje za pohranu va\u0161ih cipela te je funkcionalan i moderan dodatak svakom \u017eivotnom prostoru.Ormari\u0107 za cipele ima pet polica u unutra\u0161njosti, koje pru\u017eaju dovoljno mjesta za razne cipele. Bilo da se radi o tenisicama, \u0161tiklama ili sandalama - s ovim ormari\u0107em mo\u017eete uredno i pregledno sortirati svoje cipele.Dvoja zrakopropusna vrata osiguravaju optimalnu ventilaciju unutar ormari\u0107a. To osigurava dobru cirkulaciju zraka, \u0161to poma\u017ee u smanjenju neugodnih mirisa i odr\u017eava cipele svje\u017eima.Svojim bezvremenskim dizajnom, ormari\u0107 za cipele skladno se uklapa u razli\u010dite stilove opremanja. Bilo u hodniku, spava\u0107oj ili garderobnoj sobi - ovaj ormari\u0107 za cipele nije samo funkcionalan, ve\u0107 i atraktivan za oko.\" \/>\n<meta property=\"og:url\" content=\"https:\/\/inti.hr\/bs\/proizvod\/ormaric-za-cipele-klamp\/\" \/>\n<meta property=\"og:site_name\" content=\"Inti\" \/>\n<meta property=\"og:image\" content=\"https:\/\/i0.wp.com\/inti.hr\/wp-content\/uploads\/2023\/07\/a4bfdaed0e5976e76a38c04e885015dc.jpg?fit=1400%2C1400&ssl=1\" \/>\n\t<meta property=\"og:image:width\" content=\"1400\" \/>\n\t<meta property=\"og:image:height\" content=\"1400\" \/>\n\t<meta property=\"og:image:type\" content=\"image\/jpeg\" \/>\n<meta name=\"twitter:card\" content=\"summary_large_image\" \/>\n<script type=\"application\/ld+json\" class=\"yoast-schema-graph\">{\"@context\":\"https:\/\/schema.org\",\"@graph\":[{\"@type\":\"WebPage\",\"@id\":\"https:\/\/inti.hr\/bs\/proizvod\/ormaric-za-cipele-klamp\/\",\"url\":\"https:\/\/inti.hr\/bs\/proizvod\/ormaric-za-cipele-klamp\/\",\"name\":\"Ormari\u0107 za cipele Klamp - Inti\",\"isPartOf\":{\"@id\":\"https:\/\/inti.hr\/bs\/#website\"},\"primaryImageOfPage\":{\"@id\":\"https:\/\/inti.hr\/bs\/proizvod\/ormaric-za-cipele-klamp\/#primaryimage\"},\"image\":{\"@id\":\"https:\/\/inti.hr\/bs\/proizvod\/ormaric-za-cipele-klamp\/#primaryimage\"},\"thumbnailUrl\":\"https:\/\/i0.wp.com\/inti.hr\/wp-content\/uploads\/2023\/07\/a4bfdaed0e5976e76a38c04e885015dc.jpg?fit=1400%2C1400&ssl=1\",\"datePublished\":\"2023-07-17T14:20:16+00:00\",\"dateModified\":\"2023-07-17T14:20:16+00:00\",\"description\":\"Prakti\u010dni ormari\u0107 za cipele nudi idealno rje\u0161enje za pohranu va\u0161ih cipela te je funkcionalan i moderan dodatak svakom \u017eivotnom prostoru.Ormari\u0107 za cipele ima pet polica u unutra\u0161njosti, koje pru\u017eaju dovoljno mjesta za razne cipele. Bilo da se radi o tenisicama, \u0161tiklama ili sandalama - s ovim ormari\u0107em mo\u017eete uredno i pregledno sortirati svoje cipele.Dvoja zrakopropusna vrata osiguravaju optimalnu ventilaciju unutar ormari\u0107a. To osigurava dobru cirkulaciju zraka, \u0161to poma\u017ee u smanjenju neugodnih mirisa i odr\u017eava cipele svje\u017eima.Svojim bezvremenskim dizajnom, ormari\u0107 za cipele skladno se uklapa u razli\u010dite stilove opremanja. Bilo u hodniku, spava\u0107oj ili garderobnoj sobi - ovaj ormari\u0107 za cipele nije samo funkcionalan, ve\u0107 i atraktivan za oko.\",\"breadcrumb\":{\"@id\":\"https:\/\/inti.hr\/bs\/proizvod\/ormaric-za-cipele-klamp\/#breadcrumb\"},\"inLanguage\":\"bs-BA\",\"potentialAction\":[{\"@type\":\"ReadAction\",\"target\":[\"https:\/\/inti.hr\/bs\/proizvod\/ormaric-za-cipele-klamp\/\"]}]},{\"@type\":\"ImageObject\",\"inLanguage\":\"bs-BA\",\"@id\":\"https:\/\/inti.hr\/bs\/proizvod\/ormaric-za-cipele-klamp\/#primaryimage\",\"url\":\"https:\/\/i0.wp.com\/inti.hr\/wp-content\/uploads\/2023\/07\/a4bfdaed0e5976e76a38c04e885015dc.jpg?fit=1400%2C1400&ssl=1\",\"contentUrl\":\"https:\/\/i0.wp.com\/inti.hr\/wp-content\/uploads\/2023\/07\/a4bfdaed0e5976e76a38c04e885015dc.jpg?fit=1400%2C1400&ssl=1\",\"width\":1400,\"height\":1400},{\"@type\":\"BreadcrumbList\",\"@id\":\"https:\/\/inti.hr\/bs\/proizvod\/ormaric-za-cipele-klamp\/#breadcrumb\",\"itemListElement\":[{\"@type\":\"ListItem\",\"position\":1,\"name\":\"Po\u010detna stranica\",\"item\":\"https:\/\/inti.hr\/bs\/\"},{\"@type\":\"ListItem\",\"position\":2,\"name\":\"Trgovina\",\"item\":\"https:\/\/inti.hr\/bs\/trgovina\/\"},{\"@type\":\"ListItem\",\"position\":3,\"name\":\"Ormari\u0107 za cipele Klamp\"}]},{\"@type\":\"WebSite\",\"@id\":\"https:\/\/inti.hr\/bs\/#website\",\"url\":\"https:\/\/inti.hr\/bs\/\",\"name\":\"Inti\",\"description\":\"trgovina\",\"potentialAction\":[{\"@type\":\"SearchAction\",\"target\":{\"@type\":\"EntryPoint\",\"urlTemplate\":\"https:\/\/inti.hr\/bs\/?s={search_term_string}\"},\"query-input\":{\"@type\":\"PropertyValueSpecification\",\"valueRequired\":true,\"valueName\":\"search_term_string\"}}],\"inLanguage\":\"bs-BA\"}]}<\/script>\n<!-- \/ Yoast SEO plugin. -->","yoast_head_json":{"title":"Ormari\u0107 za cipele Klamp - Inti","description":"Prakti\u010dni ormari\u0107 za cipele nudi idealno rje\u0161enje za pohranu va\u0161ih cipela te je funkcionalan i moderan dodatak svakom \u017eivotnom prostoru.Ormari\u0107 za cipele ima pet polica u unutra\u0161njosti, koje pru\u017eaju dovoljno mjesta za razne cipele. Bilo da se radi o tenisicama, \u0161tiklama ili sandalama - s ovim ormari\u0107em mo\u017eete uredno i pregledno sortirati svoje cipele.Dvoja zrakopropusna vrata osiguravaju optimalnu ventilaciju unutar ormari\u0107a. To osigurava dobru cirkulaciju zraka, \u0161to poma\u017ee u smanjenju neugodnih mirisa i odr\u017eava cipele svje\u017eima.Svojim bezvremenskim dizajnom, ormari\u0107 za cipele skladno se uklapa u razli\u010dite stilove opremanja. Bilo u hodniku, spava\u0107oj ili garderobnoj sobi - ovaj ormari\u0107 za cipele nije samo funkcionalan, ve\u0107 i atraktivan za oko.","robots":{"index":"index","follow":"follow","max-snippet":"max-snippet:-1","max-image-preview":"max-image-preview:large","max-video-preview":"max-video-preview:-1"},"canonical":"https:\/\/inti.hr\/bs\/proizvod\/ormaric-za-cipele-klamp\/","og_locale":"bs_BA","og_type":"article","og_title":"Ormari\u0107 za cipele Klamp - Inti","og_description":"Prakti\u010dni ormari\u0107 za cipele nudi idealno rje\u0161enje za pohranu va\u0161ih cipela te je funkcionalan i moderan dodatak svakom \u017eivotnom prostoru.Ormari\u0107 za cipele ima pet polica u unutra\u0161njosti, koje pru\u017eaju dovoljno mjesta za razne cipele. Bilo da se radi o tenisicama, \u0161tiklama ili sandalama - s ovim ormari\u0107em mo\u017eete uredno i pregledno sortirati svoje cipele.Dvoja zrakopropusna vrata osiguravaju optimalnu ventilaciju unutar ormari\u0107a. To osigurava dobru cirkulaciju zraka, \u0161to poma\u017ee u smanjenju neugodnih mirisa i odr\u017eava cipele svje\u017eima.Svojim bezvremenskim dizajnom, ormari\u0107 za cipele skladno se uklapa u razli\u010dite stilove opremanja. Bilo u hodniku, spava\u0107oj ili garderobnoj sobi - ovaj ormari\u0107 za cipele nije samo funkcionalan, ve\u0107 i atraktivan za oko.","og_url":"https:\/\/inti.hr\/bs\/proizvod\/ormaric-za-cipele-klamp\/","og_site_name":"Inti","og_image":[{"width":1400,"height":1400,"url":"https:\/\/i0.wp.com\/inti.hr\/wp-content\/uploads\/2023\/07\/a4bfdaed0e5976e76a38c04e885015dc.jpg?fit=1400%2C1400&ssl=1","type":"image\/jpeg"}],"twitter_card":"summary_large_image","schema":{"@context":"https:\/\/schema.org","@graph":[{"@type":"WebPage","@id":"https:\/\/inti.hr\/bs\/proizvod\/ormaric-za-cipele-klamp\/","url":"https:\/\/inti.hr\/bs\/proizvod\/ormaric-za-cipele-klamp\/","name":"Ormari\u0107 za cipele Klamp - Inti","isPartOf":{"@id":"https:\/\/inti.hr\/bs\/#website"},"primaryImageOfPage":{"@id":"https:\/\/inti.hr\/bs\/proizvod\/ormaric-za-cipele-klamp\/#primaryimage"},"image":{"@id":"https:\/\/inti.hr\/bs\/proizvod\/ormaric-za-cipele-klamp\/#primaryimage"},"thumbnailUrl":"https:\/\/i0.wp.com\/inti.hr\/wp-content\/uploads\/2023\/07\/a4bfdaed0e5976e76a38c04e885015dc.jpg?fit=1400%2C1400&ssl=1","datePublished":"2023-07-17T14:20:16+00:00","dateModified":"2023-07-17T14:20:16+00:00","description":"Prakti\u010dni ormari\u0107 za cipele nudi idealno rje\u0161enje za pohranu va\u0161ih cipela te je funkcionalan i moderan dodatak svakom \u017eivotnom prostoru.Ormari\u0107 za cipele ima pet polica u unutra\u0161njosti, koje pru\u017eaju dovoljno mjesta za razne cipele. Bilo da se radi o tenisicama, \u0161tiklama ili sandalama - s ovim ormari\u0107em mo\u017eete uredno i pregledno sortirati svoje cipele.Dvoja zrakopropusna vrata osiguravaju optimalnu ventilaciju unutar ormari\u0107a. To osigurava dobru cirkulaciju zraka, \u0161to poma\u017ee u smanjenju neugodnih mirisa i odr\u017eava cipele svje\u017eima.Svojim bezvremenskim dizajnom, ormari\u0107 za cipele skladno se uklapa u razli\u010dite stilove opremanja. Bilo u hodniku, spava\u0107oj ili garderobnoj sobi - ovaj ormari\u0107 za cipele nije samo funkcionalan, ve\u0107 i atraktivan za oko.","breadcrumb":{"@id":"https:\/\/inti.hr\/bs\/proizvod\/ormaric-za-cipele-klamp\/#breadcrumb"},"inLanguage":"bs-BA","potentialAction":[{"@type":"ReadAction","target":["https:\/\/inti.hr\/bs\/proizvod\/ormaric-za-cipele-klamp\/"]}]},{"@type":"ImageObject","inLanguage":"bs-BA","@id":"https:\/\/inti.hr\/bs\/proizvod\/ormaric-za-cipele-klamp\/#primaryimage","url":"https:\/\/i0.wp.com\/inti.hr\/wp-content\/uploads\/2023\/07\/a4bfdaed0e5976e76a38c04e885015dc.jpg?fit=1400%2C1400&ssl=1","contentUrl":"https:\/\/i0.wp.com\/inti.hr\/wp-content\/uploads\/2023\/07\/a4bfdaed0e5976e76a38c04e885015dc.jpg?fit=1400%2C1400&ssl=1","width":1400,"height":1400},{"@type":"BreadcrumbList","@id":"https:\/\/inti.hr\/bs\/proizvod\/ormaric-za-cipele-klamp\/#breadcrumb","itemListElement":[{"@type":"ListItem","position":1,"name":"Po\u010detna stranica","item":"https:\/\/inti.hr\/bs\/"},{"@type":"ListItem","position":2,"name":"Trgovina","item":"https:\/\/inti.hr\/bs\/trgovina\/"},{"@type":"ListItem","position":3,"name":"Ormari\u0107 za cipele Klamp"}]},{"@type":"WebSite","@id":"https:\/\/inti.hr\/bs\/#website","url":"https:\/\/inti.hr\/bs\/","name":"Inti","description":"trgovina","potentialAction":[{"@type":"SearchAction","target":{"@type":"EntryPoint","urlTemplate":"https:\/\/inti.hr\/bs\/?s={search_term_string}"},"query-input":{"@type":"PropertyValueSpecification","valueRequired":true,"valueName":"search_term_string"}}],"inLanguage":"bs-BA"}]}},"jetpack_sharing_enabled":true,"jetpack-related-posts":[],"_links":{"self":[{"href":"https:\/\/inti.hr\/bs\/wp-json\/wp\/v2\/product\/33353"}],"collection":[{"href":"https:\/\/inti.hr\/bs\/wp-json\/wp\/v2\/product"}],"about":[{"href":"https:\/\/inti.hr\/bs\/wp-json\/wp\/v2\/types\/product"}],"wp:featuredmedia":[{"embeddable":true,"href":"https:\/\/inti.hr\/bs\/wp-json\/wp\/v2\/media\/33354"}],"wp:attachment":[{"href":"https:\/\/inti.hr\/bs\/wp-json\/wp\/v2\/media?parent=33353"}],"wp:term":[{"taxonomy":"product_cat","embeddable":true,"href":"https:\/\/inti.hr\/bs\/wp-json\/wp\/v2\/product_cat?post=33353"},{"taxonomy":"product_tag","embeddable":true,"href":"https:\/\/inti.hr\/bs\/wp-json\/wp\/v2\/product_tag?post=33353"}],"curies":[{"name":"wp","href":"https:\/\/api.w.org\/{rel}","templated":true}]}}