{"id":33357,"date":"2023-07-14T06:41:04","date_gmt":"2023-07-14T06:41:04","guid":{"rendered":"https:\/\/inti.hr\/product\/stalak-za-odjecu-i-policama\/"},"modified":"2023-07-14T06:41:04","modified_gmt":"2023-07-14T06:41:04","slug":"stalak-za-odjecu-i-policama","status":"publish","type":"product","link":"https:\/\/inti.hr\/bs\/proizvod\/stalak-za-odjecu-i-policama\/","title":{"rendered":"Stalak za odje\u0107u i policama"},"content":{"rendered":"<p>Detalji proizvoda:<\/p>\n<p>Materijal: MDF, cjevasti \u010delik<br \/>\nBoja: boja hr\u0111e+crna, svijetli hrast+crna, svijetli hrast+bijela<br \/>\nUkupna veli\u010dina: 90 x 40 x 204,5 cm (\u0160 x V x D)<br \/>\n\u010celi\u010dna cijev: 2 x 2 cm<br \/>\nNosivost svake police: 20 kg<br \/>\nDebljina MDF plo\u010de: 1,5 cm<br \/>\nTe\u017eina predmeta: 20 kg<\/p>\n","protected":false},"excerpt":{"rendered":"<p>Ova otvorena vje\u0161alica za odje\u0107u nudi mnogo prostora za pohranu. 2 &#8230; <\/p>\n","protected":false},"featured_media":33359,"template":"","meta":[],"product_cat":[2414],"product_tag":[2673,3532,2735],"yoast_head":"<!-- This site is optimized with the Yoast SEO plugin v23.7 - https:\/\/yoast.com\/wordpress\/plugins\/seo\/ -->\n<title>Stalak za odje\u0107u i policama - Inti<\/title>\n<meta name=\"description\" content=\"Ova otvorena vje\u0161alica za odje\u0107u nudi mnogo prostora za pohranu. 2 \u0161ipke za vje\u0161anje za va\u0161e kapute, suknje i ostalo, police na dnu savr\u0161ene su za organiziranje va\u0161ih kutija za pohranu, cipela i torbi. Stalak za odje\u0107u mo\u017eete postaviti u spava\u0107u sobu, dnevni boravak, hodnik ili garderobu. Posebno je prikladan za pohranjivanje odje\u0107e za svakodnevnu upotrebu, a tako\u0111er se \u010desto koristi u trgovinama odje\u0107om za izlaganje odje\u0107e. Izra\u0111en od visokokvalitetnog MDF-a i metala razreda E1, ovaj je metalni stalak za odje\u0107u obra\u0111en uz finu izradu i visoku izdr\u017eljivost. Zakrivljeni i zaobljeni rubovi osiguravaju sigurnost i ljepotu. Podesive no\u017eice ispod osiguravaju stabilnost. Stra\u017enja strana postolja ima metalne karike u obliku slova X za pove\u0107anje stabilnosti. Podno\u017eje stalka za odje\u0107u je povi\u0161eno, \u0161to \u0161titi podlogu i predmete na njoj od vlage i vode. Otvoreni ormar podijeljen je na prostor za vje\u0161anje i prostor za odlaganje. Ukupna veli\u010dina je otprilike 40 x 204,5 x 90 cm (\u0160 x V x D). Svaki stup ima nosivost od 20 kg.\" \/>\n<meta name=\"robots\" content=\"index, follow, max-snippet:-1, max-image-preview:large, max-video-preview:-1\" \/>\n<link rel=\"canonical\" href=\"https:\/\/inti.hr\/bs\/proizvod\/stalak-za-odjecu-i-policama\/\" \/>\n<meta property=\"og:locale\" content=\"bs_BA\" \/>\n<meta property=\"og:type\" content=\"article\" \/>\n<meta property=\"og:title\" content=\"Stalak za odje\u0107u i policama - Inti\" \/>\n<meta property=\"og:description\" content=\"Ova otvorena vje\u0161alica za odje\u0107u nudi mnogo prostora za pohranu. 2 \u0161ipke za vje\u0161anje za va\u0161e kapute, suknje i ostalo, police na dnu savr\u0161ene su za organiziranje va\u0161ih kutija za pohranu, cipela i torbi. Stalak za odje\u0107u mo\u017eete postaviti u spava\u0107u sobu, dnevni boravak, hodnik ili garderobu. Posebno je prikladan za pohranjivanje odje\u0107e za svakodnevnu upotrebu, a tako\u0111er se \u010desto koristi u trgovinama odje\u0107om za izlaganje odje\u0107e. Izra\u0111en od visokokvalitetnog MDF-a i metala razreda E1, ovaj je metalni stalak za odje\u0107u obra\u0111en uz finu izradu i visoku izdr\u017eljivost. Zakrivljeni i zaobljeni rubovi osiguravaju sigurnost i ljepotu. Podesive no\u017eice ispod osiguravaju stabilnost. Stra\u017enja strana postolja ima metalne karike u obliku slova X za pove\u0107anje stabilnosti. Podno\u017eje stalka za odje\u0107u je povi\u0161eno, \u0161to \u0161titi podlogu i predmete na njoj od vlage i vode. Otvoreni ormar podijeljen je na prostor za vje\u0161anje i prostor za odlaganje. Ukupna veli\u010dina je otprilike 40 x 204,5 x 90 cm (\u0160 x V x D). Svaki stup ima nosivost od 20 kg.\" \/>\n<meta property=\"og:url\" content=\"https:\/\/inti.hr\/bs\/proizvod\/stalak-za-odjecu-i-policama\/\" \/>\n<meta property=\"og:site_name\" content=\"Inti\" \/>\n<meta property=\"og:image\" content=\"https:\/\/i0.wp.com\/inti.hr\/wp-content\/uploads\/2023\/07\/Garderoben-Kleiderst-nder-4-Ablagen-aus-Holz-Metall-SR0062hei-Schwarz-Hell-Eiche6Garderoben-Kleiderst-nder-4-Ablagen-aus-Holz-Metall-SR0062hei-Schwarz-Hell-Eiche_600x600.jpg?fit=600%2C600&ssl=1\" \/>\n\t<meta property=\"og:image:width\" content=\"600\" \/>\n\t<meta property=\"og:image:height\" content=\"600\" \/>\n\t<meta property=\"og:image:type\" content=\"image\/jpeg\" \/>\n<meta name=\"twitter:card\" content=\"summary_large_image\" \/>\n<script type=\"application\/ld+json\" class=\"yoast-schema-graph\">{\"@context\":\"https:\/\/schema.org\",\"@graph\":[{\"@type\":\"WebPage\",\"@id\":\"https:\/\/inti.hr\/bs\/proizvod\/stalak-za-odjecu-i-policama\/\",\"url\":\"https:\/\/inti.hr\/bs\/proizvod\/stalak-za-odjecu-i-policama\/\",\"name\":\"Stalak za odje\u0107u i policama - Inti\",\"isPartOf\":{\"@id\":\"https:\/\/inti.hr\/bs\/#website\"},\"primaryImageOfPage\":{\"@id\":\"https:\/\/inti.hr\/bs\/proizvod\/stalak-za-odjecu-i-policama\/#primaryimage\"},\"image\":{\"@id\":\"https:\/\/inti.hr\/bs\/proizvod\/stalak-za-odjecu-i-policama\/#primaryimage\"},\"thumbnailUrl\":\"https:\/\/i0.wp.com\/inti.hr\/wp-content\/uploads\/2023\/07\/Garderoben-Kleiderst-nder-4-Ablagen-aus-Holz-Metall-SR0062hei-Schwarz-Hell-Eiche6Garderoben-Kleiderst-nder-4-Ablagen-aus-Holz-Metall-SR0062hei-Schwarz-Hell-Eiche_600x600.jpg?fit=600%2C600&ssl=1\",\"datePublished\":\"2023-07-14T06:41:04+00:00\",\"dateModified\":\"2023-07-14T06:41:04+00:00\",\"description\":\"Ova otvorena vje\u0161alica za odje\u0107u nudi mnogo prostora za pohranu. 2 \u0161ipke za vje\u0161anje za va\u0161e kapute, suknje i ostalo, police na dnu savr\u0161ene su za organiziranje va\u0161ih kutija za pohranu, cipela i torbi. Stalak za odje\u0107u mo\u017eete postaviti u spava\u0107u sobu, dnevni boravak, hodnik ili garderobu. Posebno je prikladan za pohranjivanje odje\u0107e za svakodnevnu upotrebu, a tako\u0111er se \u010desto koristi u trgovinama odje\u0107om za izlaganje odje\u0107e. Izra\u0111en od visokokvalitetnog MDF-a i metala razreda E1, ovaj je metalni stalak za odje\u0107u obra\u0111en uz finu izradu i visoku izdr\u017eljivost. Zakrivljeni i zaobljeni rubovi osiguravaju sigurnost i ljepotu. Podesive no\u017eice ispod osiguravaju stabilnost. Stra\u017enja strana postolja ima metalne karike u obliku slova X za pove\u0107anje stabilnosti. Podno\u017eje stalka za odje\u0107u je povi\u0161eno, \u0161to \u0161titi podlogu i predmete na njoj od vlage i vode. Otvoreni ormar podijeljen je na prostor za vje\u0161anje i prostor za odlaganje. Ukupna veli\u010dina je otprilike 40 x 204,5 x 90 cm (\u0160 x V x D). Svaki stup ima nosivost od 20 kg.\",\"breadcrumb\":{\"@id\":\"https:\/\/inti.hr\/bs\/proizvod\/stalak-za-odjecu-i-policama\/#breadcrumb\"},\"inLanguage\":\"bs-BA\",\"potentialAction\":[{\"@type\":\"ReadAction\",\"target\":[\"https:\/\/inti.hr\/bs\/proizvod\/stalak-za-odjecu-i-policama\/\"]}]},{\"@type\":\"ImageObject\",\"inLanguage\":\"bs-BA\",\"@id\":\"https:\/\/inti.hr\/bs\/proizvod\/stalak-za-odjecu-i-policama\/#primaryimage\",\"url\":\"https:\/\/i0.wp.com\/inti.hr\/wp-content\/uploads\/2023\/07\/Garderoben-Kleiderst-nder-4-Ablagen-aus-Holz-Metall-SR0062hei-Schwarz-Hell-Eiche6Garderoben-Kleiderst-nder-4-Ablagen-aus-Holz-Metall-SR0062hei-Schwarz-Hell-Eiche_600x600.jpg?fit=600%2C600&ssl=1\",\"contentUrl\":\"https:\/\/i0.wp.com\/inti.hr\/wp-content\/uploads\/2023\/07\/Garderoben-Kleiderst-nder-4-Ablagen-aus-Holz-Metall-SR0062hei-Schwarz-Hell-Eiche6Garderoben-Kleiderst-nder-4-Ablagen-aus-Holz-Metall-SR0062hei-Schwarz-Hell-Eiche_600x600.jpg?fit=600%2C600&ssl=1\",\"width\":600,\"height\":600},{\"@type\":\"BreadcrumbList\",\"@id\":\"https:\/\/inti.hr\/bs\/proizvod\/stalak-za-odjecu-i-policama\/#breadcrumb\",\"itemListElement\":[{\"@type\":\"ListItem\",\"position\":1,\"name\":\"Po\u010detna stranica\",\"item\":\"https:\/\/inti.hr\/bs\/\"},{\"@type\":\"ListItem\",\"position\":2,\"name\":\"Trgovina\",\"item\":\"https:\/\/inti.hr\/bs\/trgovina\/\"},{\"@type\":\"ListItem\",\"position\":3,\"name\":\"Stalak za odje\u0107u i policama\"}]},{\"@type\":\"WebSite\",\"@id\":\"https:\/\/inti.hr\/bs\/#website\",\"url\":\"https:\/\/inti.hr\/bs\/\",\"name\":\"Inti\",\"description\":\"trgovina\",\"potentialAction\":[{\"@type\":\"SearchAction\",\"target\":{\"@type\":\"EntryPoint\",\"urlTemplate\":\"https:\/\/inti.hr\/bs\/?s={search_term_string}\"},\"query-input\":{\"@type\":\"PropertyValueSpecification\",\"valueRequired\":true,\"valueName\":\"search_term_string\"}}],\"inLanguage\":\"bs-BA\"}]}<\/script>\n<!-- \/ Yoast SEO plugin. -->","yoast_head_json":{"title":"Stalak za odje\u0107u i policama - Inti","description":"Ova otvorena vje\u0161alica za odje\u0107u nudi mnogo prostora za pohranu. 2 \u0161ipke za vje\u0161anje za va\u0161e kapute, suknje i ostalo, police na dnu savr\u0161ene su za organiziranje va\u0161ih kutija za pohranu, cipela i torbi. Stalak za odje\u0107u mo\u017eete postaviti u spava\u0107u sobu, dnevni boravak, hodnik ili garderobu. Posebno je prikladan za pohranjivanje odje\u0107e za svakodnevnu upotrebu, a tako\u0111er se \u010desto koristi u trgovinama odje\u0107om za izlaganje odje\u0107e. Izra\u0111en od visokokvalitetnog MDF-a i metala razreda E1, ovaj je metalni stalak za odje\u0107u obra\u0111en uz finu izradu i visoku izdr\u017eljivost. Zakrivljeni i zaobljeni rubovi osiguravaju sigurnost i ljepotu. Podesive no\u017eice ispod osiguravaju stabilnost. Stra\u017enja strana postolja ima metalne karike u obliku slova X za pove\u0107anje stabilnosti. Podno\u017eje stalka za odje\u0107u je povi\u0161eno, \u0161to \u0161titi podlogu i predmete na njoj od vlage i vode. Otvoreni ormar podijeljen je na prostor za vje\u0161anje i prostor za odlaganje. Ukupna veli\u010dina je otprilike 40 x 204,5 x 90 cm (\u0160 x V x D). Svaki stup ima nosivost od 20 kg.","robots":{"index":"index","follow":"follow","max-snippet":"max-snippet:-1","max-image-preview":"max-image-preview:large","max-video-preview":"max-video-preview:-1"},"canonical":"https:\/\/inti.hr\/bs\/proizvod\/stalak-za-odjecu-i-policama\/","og_locale":"bs_BA","og_type":"article","og_title":"Stalak za odje\u0107u i policama - Inti","og_description":"Ova otvorena vje\u0161alica za odje\u0107u nudi mnogo prostora za pohranu. 2 \u0161ipke za vje\u0161anje za va\u0161e kapute, suknje i ostalo, police na dnu savr\u0161ene su za organiziranje va\u0161ih kutija za pohranu, cipela i torbi. Stalak za odje\u0107u mo\u017eete postaviti u spava\u0107u sobu, dnevni boravak, hodnik ili garderobu. Posebno je prikladan za pohranjivanje odje\u0107e za svakodnevnu upotrebu, a tako\u0111er se \u010desto koristi u trgovinama odje\u0107om za izlaganje odje\u0107e. Izra\u0111en od visokokvalitetnog MDF-a i metala razreda E1, ovaj je metalni stalak za odje\u0107u obra\u0111en uz finu izradu i visoku izdr\u017eljivost. Zakrivljeni i zaobljeni rubovi osiguravaju sigurnost i ljepotu. Podesive no\u017eice ispod osiguravaju stabilnost. Stra\u017enja strana postolja ima metalne karike u obliku slova X za pove\u0107anje stabilnosti. Podno\u017eje stalka za odje\u0107u je povi\u0161eno, \u0161to \u0161titi podlogu i predmete na njoj od vlage i vode. Otvoreni ormar podijeljen je na prostor za vje\u0161anje i prostor za odlaganje. Ukupna veli\u010dina je otprilike 40 x 204,5 x 90 cm (\u0160 x V x D). Svaki stup ima nosivost od 20 kg.","og_url":"https:\/\/inti.hr\/bs\/proizvod\/stalak-za-odjecu-i-policama\/","og_site_name":"Inti","og_image":[{"width":600,"height":600,"url":"https:\/\/i0.wp.com\/inti.hr\/wp-content\/uploads\/2023\/07\/Garderoben-Kleiderst-nder-4-Ablagen-aus-Holz-Metall-SR0062hei-Schwarz-Hell-Eiche6Garderoben-Kleiderst-nder-4-Ablagen-aus-Holz-Metall-SR0062hei-Schwarz-Hell-Eiche_600x600.jpg?fit=600%2C600&ssl=1","type":"image\/jpeg"}],"twitter_card":"summary_large_image","schema":{"@context":"https:\/\/schema.org","@graph":[{"@type":"WebPage","@id":"https:\/\/inti.hr\/bs\/proizvod\/stalak-za-odjecu-i-policama\/","url":"https:\/\/inti.hr\/bs\/proizvod\/stalak-za-odjecu-i-policama\/","name":"Stalak za odje\u0107u i policama - Inti","isPartOf":{"@id":"https:\/\/inti.hr\/bs\/#website"},"primaryImageOfPage":{"@id":"https:\/\/inti.hr\/bs\/proizvod\/stalak-za-odjecu-i-policama\/#primaryimage"},"image":{"@id":"https:\/\/inti.hr\/bs\/proizvod\/stalak-za-odjecu-i-policama\/#primaryimage"},"thumbnailUrl":"https:\/\/i0.wp.com\/inti.hr\/wp-content\/uploads\/2023\/07\/Garderoben-Kleiderst-nder-4-Ablagen-aus-Holz-Metall-SR0062hei-Schwarz-Hell-Eiche6Garderoben-Kleiderst-nder-4-Ablagen-aus-Holz-Metall-SR0062hei-Schwarz-Hell-Eiche_600x600.jpg?fit=600%2C600&ssl=1","datePublished":"2023-07-14T06:41:04+00:00","dateModified":"2023-07-14T06:41:04+00:00","description":"Ova otvorena vje\u0161alica za odje\u0107u nudi mnogo prostora za pohranu. 2 \u0161ipke za vje\u0161anje za va\u0161e kapute, suknje i ostalo, police na dnu savr\u0161ene su za organiziranje va\u0161ih kutija za pohranu, cipela i torbi. Stalak za odje\u0107u mo\u017eete postaviti u spava\u0107u sobu, dnevni boravak, hodnik ili garderobu. Posebno je prikladan za pohranjivanje odje\u0107e za svakodnevnu upotrebu, a tako\u0111er se \u010desto koristi u trgovinama odje\u0107om za izlaganje odje\u0107e. Izra\u0111en od visokokvalitetnog MDF-a i metala razreda E1, ovaj je metalni stalak za odje\u0107u obra\u0111en uz finu izradu i visoku izdr\u017eljivost. Zakrivljeni i zaobljeni rubovi osiguravaju sigurnost i ljepotu. Podesive no\u017eice ispod osiguravaju stabilnost. Stra\u017enja strana postolja ima metalne karike u obliku slova X za pove\u0107anje stabilnosti. Podno\u017eje stalka za odje\u0107u je povi\u0161eno, \u0161to \u0161titi podlogu i predmete na njoj od vlage i vode. Otvoreni ormar podijeljen je na prostor za vje\u0161anje i prostor za odlaganje. Ukupna veli\u010dina je otprilike 40 x 204,5 x 90 cm (\u0160 x V x D). Svaki stup ima nosivost od 20 kg.","breadcrumb":{"@id":"https:\/\/inti.hr\/bs\/proizvod\/stalak-za-odjecu-i-policama\/#breadcrumb"},"inLanguage":"bs-BA","potentialAction":[{"@type":"ReadAction","target":["https:\/\/inti.hr\/bs\/proizvod\/stalak-za-odjecu-i-policama\/"]}]},{"@type":"ImageObject","inLanguage":"bs-BA","@id":"https:\/\/inti.hr\/bs\/proizvod\/stalak-za-odjecu-i-policama\/#primaryimage","url":"https:\/\/i0.wp.com\/inti.hr\/wp-content\/uploads\/2023\/07\/Garderoben-Kleiderst-nder-4-Ablagen-aus-Holz-Metall-SR0062hei-Schwarz-Hell-Eiche6Garderoben-Kleiderst-nder-4-Ablagen-aus-Holz-Metall-SR0062hei-Schwarz-Hell-Eiche_600x600.jpg?fit=600%2C600&ssl=1","contentUrl":"https:\/\/i0.wp.com\/inti.hr\/wp-content\/uploads\/2023\/07\/Garderoben-Kleiderst-nder-4-Ablagen-aus-Holz-Metall-SR0062hei-Schwarz-Hell-Eiche6Garderoben-Kleiderst-nder-4-Ablagen-aus-Holz-Metall-SR0062hei-Schwarz-Hell-Eiche_600x600.jpg?fit=600%2C600&ssl=1","width":600,"height":600},{"@type":"BreadcrumbList","@id":"https:\/\/inti.hr\/bs\/proizvod\/stalak-za-odjecu-i-policama\/#breadcrumb","itemListElement":[{"@type":"ListItem","position":1,"name":"Po\u010detna stranica","item":"https:\/\/inti.hr\/bs\/"},{"@type":"ListItem","position":2,"name":"Trgovina","item":"https:\/\/inti.hr\/bs\/trgovina\/"},{"@type":"ListItem","position":3,"name":"Stalak za odje\u0107u i policama"}]},{"@type":"WebSite","@id":"https:\/\/inti.hr\/bs\/#website","url":"https:\/\/inti.hr\/bs\/","name":"Inti","description":"trgovina","potentialAction":[{"@type":"SearchAction","target":{"@type":"EntryPoint","urlTemplate":"https:\/\/inti.hr\/bs\/?s={search_term_string}"},"query-input":{"@type":"PropertyValueSpecification","valueRequired":true,"valueName":"search_term_string"}}],"inLanguage":"bs-BA"}]}},"jetpack_sharing_enabled":true,"jetpack-related-posts":[],"_links":{"self":[{"href":"https:\/\/inti.hr\/bs\/wp-json\/wp\/v2\/product\/33357"}],"collection":[{"href":"https:\/\/inti.hr\/bs\/wp-json\/wp\/v2\/product"}],"about":[{"href":"https:\/\/inti.hr\/bs\/wp-json\/wp\/v2\/types\/product"}],"wp:featuredmedia":[{"embeddable":true,"href":"https:\/\/inti.hr\/bs\/wp-json\/wp\/v2\/media\/33359"}],"wp:attachment":[{"href":"https:\/\/inti.hr\/bs\/wp-json\/wp\/v2\/media?parent=33357"}],"wp:term":[{"taxonomy":"product_cat","embeddable":true,"href":"https:\/\/inti.hr\/bs\/wp-json\/wp\/v2\/product_cat?post=33357"},{"taxonomy":"product_tag","embeddable":true,"href":"https:\/\/inti.hr\/bs\/wp-json\/wp\/v2\/product_tag?post=33357"}],"curies":[{"name":"wp","href":"https:\/\/api.w.org\/{rel}","templated":true}]}}