{"id":33383,"date":"2023-05-11T06:45:35","date_gmt":"2023-05-11T06:45:35","guid":{"rendered":"https:\/\/inti.hr\/product\/toaletni-stol-s-ogledalom-80x40cm\/"},"modified":"2023-05-11T06:45:35","modified_gmt":"2023-05-11T06:45:35","slug":"toaletni-stol-s-ogledalom-80x40cm","status":"publish","type":"product","link":"https:\/\/inti.hr\/bs\/proizvod\/toaletni-stol-s-ogledalom-80x40cm\/","title":{"rendered":"Toaletni stol s ogledalom 80x40cm"},"content":{"rendered":"<p>Detalji proizvoda:<\/p>\n<p>Materijal: MDF (klasa E1), metal, bar\u0161un<br \/>\nToaletni stoli\u0107: 80 x 77 x 40 cm (\u0160 x V x D)<br \/>\nStolica; 34 x 28,5 x 44 cm (\u0160 x V x D)<br \/>\nPromjer ogledala: 40 cm<br \/>\nTe\u017eina: 20kg \/ 24kg<br \/>\nNosivost toaletnog stoli\u0107a: 50 kg<\/p>\n","protected":false},"excerpt":{"rendered":"<p>Stol za \u0161minkanje izra\u0111en je od odabranih MDF plo\u010da klase E1. &#8230; <\/p>\n","protected":false},"featured_media":33384,"template":"","meta":[],"product_cat":[2414],"product_tag":[3110,2673,3652],"yoast_head":"<!-- This site is optimized with the Yoast SEO plugin v23.7 - https:\/\/yoast.com\/wordpress\/plugins\/seo\/ -->\n<title>Toaletni stol s ogledalom 80x40cm - Inti<\/title>\n<meta name=\"robots\" content=\"index, follow, max-snippet:-1, max-image-preview:large, max-video-preview:-1\" \/>\n<link rel=\"canonical\" href=\"https:\/\/inti.hr\/bs\/proizvod\/toaletni-stol-s-ogledalom-80x40cm\/\" \/>\n<meta property=\"og:locale\" content=\"bs_BA\" \/>\n<meta property=\"og:type\" content=\"article\" \/>\n<meta property=\"og:title\" content=\"Toaletni stol s ogledalom 80x40cm - Inti\" \/>\n<meta property=\"og:description\" content=\"Stol za \u0161minkanje izra\u0111en je od odabranih MDF plo\u010da klase E1. ...\" \/>\n<meta property=\"og:url\" content=\"https:\/\/inti.hr\/bs\/proizvod\/toaletni-stol-s-ogledalom-80x40cm\/\" \/>\n<meta property=\"og:site_name\" content=\"Inti\" \/>\n<meta property=\"og:image\" content=\"https:\/\/i0.wp.com\/inti.hr\/wp-content\/uploads\/2023\/05\/Schminktisch-mit-Hocker-Spiegel-Frisiertisch-mit-Schubladen-Grosse-Tischplatte-80x40cm-Modern-Kosmetiktisch-f-r-Schlafzimmer-MB6097gr-Grau4.jpg?fit=1500%2C1500&ssl=1\" \/>\n\t<meta property=\"og:image:width\" content=\"1500\" \/>\n\t<meta property=\"og:image:height\" content=\"1500\" \/>\n\t<meta property=\"og:image:type\" content=\"image\/jpeg\" \/>\n<meta name=\"twitter:card\" content=\"summary_large_image\" \/>\n<script type=\"application\/ld+json\" class=\"yoast-schema-graph\">{\"@context\":\"https:\/\/schema.org\",\"@graph\":[{\"@type\":\"WebPage\",\"@id\":\"https:\/\/inti.hr\/bs\/proizvod\/toaletni-stol-s-ogledalom-80x40cm\/\",\"url\":\"https:\/\/inti.hr\/bs\/proizvod\/toaletni-stol-s-ogledalom-80x40cm\/\",\"name\":\"Toaletni stol s ogledalom 80x40cm - Inti\",\"isPartOf\":{\"@id\":\"https:\/\/inti.hr\/bs\/#website\"},\"primaryImageOfPage\":{\"@id\":\"https:\/\/inti.hr\/bs\/proizvod\/toaletni-stol-s-ogledalom-80x40cm\/#primaryimage\"},\"image\":{\"@id\":\"https:\/\/inti.hr\/bs\/proizvod\/toaletni-stol-s-ogledalom-80x40cm\/#primaryimage\"},\"thumbnailUrl\":\"https:\/\/i0.wp.com\/inti.hr\/wp-content\/uploads\/2023\/05\/Schminktisch-mit-Hocker-Spiegel-Frisiertisch-mit-Schubladen-Grosse-Tischplatte-80x40cm-Modern-Kosmetiktisch-f-r-Schlafzimmer-MB6097gr-Grau4.jpg?fit=1500%2C1500&ssl=1\",\"datePublished\":\"2023-05-11T06:45:35+00:00\",\"dateModified\":\"2023-05-11T06:45:35+00:00\",\"breadcrumb\":{\"@id\":\"https:\/\/inti.hr\/bs\/proizvod\/toaletni-stol-s-ogledalom-80x40cm\/#breadcrumb\"},\"inLanguage\":\"bs-BA\",\"potentialAction\":[{\"@type\":\"ReadAction\",\"target\":[\"https:\/\/inti.hr\/bs\/proizvod\/toaletni-stol-s-ogledalom-80x40cm\/\"]}]},{\"@type\":\"ImageObject\",\"inLanguage\":\"bs-BA\",\"@id\":\"https:\/\/inti.hr\/bs\/proizvod\/toaletni-stol-s-ogledalom-80x40cm\/#primaryimage\",\"url\":\"https:\/\/i0.wp.com\/inti.hr\/wp-content\/uploads\/2023\/05\/Schminktisch-mit-Hocker-Spiegel-Frisiertisch-mit-Schubladen-Grosse-Tischplatte-80x40cm-Modern-Kosmetiktisch-f-r-Schlafzimmer-MB6097gr-Grau4.jpg?fit=1500%2C1500&ssl=1\",\"contentUrl\":\"https:\/\/i0.wp.com\/inti.hr\/wp-content\/uploads\/2023\/05\/Schminktisch-mit-Hocker-Spiegel-Frisiertisch-mit-Schubladen-Grosse-Tischplatte-80x40cm-Modern-Kosmetiktisch-f-r-Schlafzimmer-MB6097gr-Grau4.jpg?fit=1500%2C1500&ssl=1\",\"width\":1500,\"height\":1500},{\"@type\":\"BreadcrumbList\",\"@id\":\"https:\/\/inti.hr\/bs\/proizvod\/toaletni-stol-s-ogledalom-80x40cm\/#breadcrumb\",\"itemListElement\":[{\"@type\":\"ListItem\",\"position\":1,\"name\":\"Po\u010detna stranica\",\"item\":\"https:\/\/inti.hr\/bs\/\"},{\"@type\":\"ListItem\",\"position\":2,\"name\":\"Trgovina\",\"item\":\"https:\/\/inti.hr\/bs\/trgovina\/\"},{\"@type\":\"ListItem\",\"position\":3,\"name\":\"Toaletni stol s ogledalom 80x40cm\"}]},{\"@type\":\"WebSite\",\"@id\":\"https:\/\/inti.hr\/bs\/#website\",\"url\":\"https:\/\/inti.hr\/bs\/\",\"name\":\"Inti\",\"description\":\"trgovina\",\"potentialAction\":[{\"@type\":\"SearchAction\",\"target\":{\"@type\":\"EntryPoint\",\"urlTemplate\":\"https:\/\/inti.hr\/bs\/?s={search_term_string}\"},\"query-input\":{\"@type\":\"PropertyValueSpecification\",\"valueRequired\":true,\"valueName\":\"search_term_string\"}}],\"inLanguage\":\"bs-BA\"}]}<\/script>\n<!-- \/ Yoast SEO plugin. -->","yoast_head_json":{"title":"Toaletni stol s ogledalom 80x40cm - Inti","robots":{"index":"index","follow":"follow","max-snippet":"max-snippet:-1","max-image-preview":"max-image-preview:large","max-video-preview":"max-video-preview:-1"},"canonical":"https:\/\/inti.hr\/bs\/proizvod\/toaletni-stol-s-ogledalom-80x40cm\/","og_locale":"bs_BA","og_type":"article","og_title":"Toaletni stol s ogledalom 80x40cm - Inti","og_description":"Stol za \u0161minkanje izra\u0111en je od odabranih MDF plo\u010da klase E1. ...","og_url":"https:\/\/inti.hr\/bs\/proizvod\/toaletni-stol-s-ogledalom-80x40cm\/","og_site_name":"Inti","og_image":[{"width":1500,"height":1500,"url":"https:\/\/i0.wp.com\/inti.hr\/wp-content\/uploads\/2023\/05\/Schminktisch-mit-Hocker-Spiegel-Frisiertisch-mit-Schubladen-Grosse-Tischplatte-80x40cm-Modern-Kosmetiktisch-f-r-Schlafzimmer-MB6097gr-Grau4.jpg?fit=1500%2C1500&ssl=1","type":"image\/jpeg"}],"twitter_card":"summary_large_image","schema":{"@context":"https:\/\/schema.org","@graph":[{"@type":"WebPage","@id":"https:\/\/inti.hr\/bs\/proizvod\/toaletni-stol-s-ogledalom-80x40cm\/","url":"https:\/\/inti.hr\/bs\/proizvod\/toaletni-stol-s-ogledalom-80x40cm\/","name":"Toaletni stol s ogledalom 80x40cm - Inti","isPartOf":{"@id":"https:\/\/inti.hr\/bs\/#website"},"primaryImageOfPage":{"@id":"https:\/\/inti.hr\/bs\/proizvod\/toaletni-stol-s-ogledalom-80x40cm\/#primaryimage"},"image":{"@id":"https:\/\/inti.hr\/bs\/proizvod\/toaletni-stol-s-ogledalom-80x40cm\/#primaryimage"},"thumbnailUrl":"https:\/\/i0.wp.com\/inti.hr\/wp-content\/uploads\/2023\/05\/Schminktisch-mit-Hocker-Spiegel-Frisiertisch-mit-Schubladen-Grosse-Tischplatte-80x40cm-Modern-Kosmetiktisch-f-r-Schlafzimmer-MB6097gr-Grau4.jpg?fit=1500%2C1500&ssl=1","datePublished":"2023-05-11T06:45:35+00:00","dateModified":"2023-05-11T06:45:35+00:00","breadcrumb":{"@id":"https:\/\/inti.hr\/bs\/proizvod\/toaletni-stol-s-ogledalom-80x40cm\/#breadcrumb"},"inLanguage":"bs-BA","potentialAction":[{"@type":"ReadAction","target":["https:\/\/inti.hr\/bs\/proizvod\/toaletni-stol-s-ogledalom-80x40cm\/"]}]},{"@type":"ImageObject","inLanguage":"bs-BA","@id":"https:\/\/inti.hr\/bs\/proizvod\/toaletni-stol-s-ogledalom-80x40cm\/#primaryimage","url":"https:\/\/i0.wp.com\/inti.hr\/wp-content\/uploads\/2023\/05\/Schminktisch-mit-Hocker-Spiegel-Frisiertisch-mit-Schubladen-Grosse-Tischplatte-80x40cm-Modern-Kosmetiktisch-f-r-Schlafzimmer-MB6097gr-Grau4.jpg?fit=1500%2C1500&ssl=1","contentUrl":"https:\/\/i0.wp.com\/inti.hr\/wp-content\/uploads\/2023\/05\/Schminktisch-mit-Hocker-Spiegel-Frisiertisch-mit-Schubladen-Grosse-Tischplatte-80x40cm-Modern-Kosmetiktisch-f-r-Schlafzimmer-MB6097gr-Grau4.jpg?fit=1500%2C1500&ssl=1","width":1500,"height":1500},{"@type":"BreadcrumbList","@id":"https:\/\/inti.hr\/bs\/proizvod\/toaletni-stol-s-ogledalom-80x40cm\/#breadcrumb","itemListElement":[{"@type":"ListItem","position":1,"name":"Po\u010detna stranica","item":"https:\/\/inti.hr\/bs\/"},{"@type":"ListItem","position":2,"name":"Trgovina","item":"https:\/\/inti.hr\/bs\/trgovina\/"},{"@type":"ListItem","position":3,"name":"Toaletni stol s ogledalom 80x40cm"}]},{"@type":"WebSite","@id":"https:\/\/inti.hr\/bs\/#website","url":"https:\/\/inti.hr\/bs\/","name":"Inti","description":"trgovina","potentialAction":[{"@type":"SearchAction","target":{"@type":"EntryPoint","urlTemplate":"https:\/\/inti.hr\/bs\/?s={search_term_string}"},"query-input":{"@type":"PropertyValueSpecification","valueRequired":true,"valueName":"search_term_string"}}],"inLanguage":"bs-BA"}]}},"jetpack_sharing_enabled":true,"jetpack-related-posts":[],"_links":{"self":[{"href":"https:\/\/inti.hr\/bs\/wp-json\/wp\/v2\/product\/33383"}],"collection":[{"href":"https:\/\/inti.hr\/bs\/wp-json\/wp\/v2\/product"}],"about":[{"href":"https:\/\/inti.hr\/bs\/wp-json\/wp\/v2\/types\/product"}],"wp:featuredmedia":[{"embeddable":true,"href":"https:\/\/inti.hr\/bs\/wp-json\/wp\/v2\/media\/33384"}],"wp:attachment":[{"href":"https:\/\/inti.hr\/bs\/wp-json\/wp\/v2\/media?parent=33383"}],"wp:term":[{"taxonomy":"product_cat","embeddable":true,"href":"https:\/\/inti.hr\/bs\/wp-json\/wp\/v2\/product_cat?post=33383"},{"taxonomy":"product_tag","embeddable":true,"href":"https:\/\/inti.hr\/bs\/wp-json\/wp\/v2\/product_tag?post=33383"}],"curies":[{"name":"wp","href":"https:\/\/api.w.org\/{rel}","templated":true}]}}