{"id":33405,"date":"2023-04-26T08:17:05","date_gmt":"2023-04-26T08:17:05","guid":{"rendered":"https:\/\/inti.hr\/product\/bijeli-kupaonski-ormaric-20x60x70cm\/"},"modified":"2023-04-26T08:17:05","modified_gmt":"2023-04-26T08:17:05","slug":"bijeli-kupaonski-ormaric-20x60x70cm","status":"publish","type":"product","link":"https:\/\/inti.hr\/bs\/proizvod\/bijeli-kupaonski-ormaric-20x60x70cm\/","title":{"rendered":"Bijeli kupaonski ormari\u0107 20x60x70cm"},"content":{"rendered":"<p>Detalji proizvoda:<\/p>\n<p>Te\u017eina: 12 kg<br \/>\nNosivost: 15kg<br \/>\nMaterijal: MDF(E1), borovina, ko\u0161ara od flisa<br \/>\nVeli\u010dina proizvoda: 20x60x70cm (vidi sliku)<br \/>\nVeli\u010dina pakiranja: 78x59x15cm.<br \/>\nS uputama za sastavljanje i vijcima. Jednostavna instalacija.<\/p>\n","protected":false},"excerpt":{"rendered":"<p>Zahvaljuju\u0107i tankom obliku, komad namje\u0161taja koji \u0161tedi prostor omogu\u0107uje pohranjivanje u &#8230; <\/p>\n","protected":false},"featured_media":33406,"template":"","meta":[],"product_cat":[2392],"product_tag":[2520,3670],"yoast_head":"<!-- This site is optimized with the Yoast SEO plugin v23.7 - https:\/\/yoast.com\/wordpress\/plugins\/seo\/ -->\n<title>Bijeli kupaonski ormari\u0107 20x60x70cm - Inti<\/title>\n<meta name=\"description\" content=\"Zahvaljuju\u0107i tankom obliku, komad namje\u0161taja koji \u0161tedi prostor omogu\u0107uje pohranjivanje u malim prostorima, optimiziraju\u0107i mrtve prostore na najbolji mogu\u0107i na\u010din.Iza ormari\u0107a osmislili smo prostor za odlaganje WC \u010detke, koji je prakti\u010dan za kori\u0161tenje, a mo\u017ee vam pomo\u0107i da svoju kupaonicu odr\u017eavate urednom.Ispod pulta ima dovoljno prostora za odlaganje rola toaletnog papira.Sa silikonskim kapicama za noge lak se mo\u017ee bolje za\u0161tititi od vlage.S 2 uklonjive ko\u0161are od tkanine, koje pru\u017eaju dovoljno prostora za spremanje razli\u010ditih predmeta, poput namirnica, za\u010dina ili kupaonskog pribora.\" \/>\n<meta name=\"robots\" content=\"index, follow, max-snippet:-1, max-image-preview:large, max-video-preview:-1\" \/>\n<link rel=\"canonical\" href=\"https:\/\/inti.hr\/bs\/proizvod\/bijeli-kupaonski-ormaric-20x60x70cm\/\" \/>\n<meta property=\"og:locale\" content=\"bs_BA\" \/>\n<meta property=\"og:type\" content=\"article\" \/>\n<meta property=\"og:title\" content=\"Bijeli kupaonski ormari\u0107 20x60x70cm - Inti\" \/>\n<meta property=\"og:description\" content=\"Zahvaljuju\u0107i tankom obliku, komad namje\u0161taja koji \u0161tedi prostor omogu\u0107uje pohranjivanje u malim prostorima, optimiziraju\u0107i mrtve prostore na najbolji mogu\u0107i na\u010din.Iza ormari\u0107a osmislili smo prostor za odlaganje WC \u010detke, koji je prakti\u010dan za kori\u0161tenje, a mo\u017ee vam pomo\u0107i da svoju kupaonicu odr\u017eavate urednom.Ispod pulta ima dovoljno prostora za odlaganje rola toaletnog papira.Sa silikonskim kapicama za noge lak se mo\u017ee bolje za\u0161tititi od vlage.S 2 uklonjive ko\u0161are od tkanine, koje pru\u017eaju dovoljno prostora za spremanje razli\u010ditih predmeta, poput namirnica, za\u010dina ili kupaonskog pribora.\" \/>\n<meta property=\"og:url\" content=\"https:\/\/inti.hr\/bs\/proizvod\/bijeli-kupaonski-ormaric-20x60x70cm\/\" \/>\n<meta property=\"og:site_name\" content=\"Inti\" \/>\n<meta property=\"og:image\" content=\"https:\/\/i0.wp.com\/inti.hr\/wp-content\/uploads\/2023\/04\/BZR83-W-S002_1800x1800.webp?fit=1600%2C1600&ssl=1\" \/>\n\t<meta property=\"og:image:width\" content=\"1600\" \/>\n\t<meta property=\"og:image:height\" content=\"1600\" \/>\n\t<meta property=\"og:image:type\" content=\"image\/webp\" \/>\n<meta name=\"twitter:card\" content=\"summary_large_image\" \/>\n<script type=\"application\/ld+json\" class=\"yoast-schema-graph\">{\"@context\":\"https:\/\/schema.org\",\"@graph\":[{\"@type\":\"WebPage\",\"@id\":\"https:\/\/inti.hr\/bs\/proizvod\/bijeli-kupaonski-ormaric-20x60x70cm\/\",\"url\":\"https:\/\/inti.hr\/bs\/proizvod\/bijeli-kupaonski-ormaric-20x60x70cm\/\",\"name\":\"Bijeli kupaonski ormari\u0107 20x60x70cm - Inti\",\"isPartOf\":{\"@id\":\"https:\/\/inti.hr\/bs\/#website\"},\"primaryImageOfPage\":{\"@id\":\"https:\/\/inti.hr\/bs\/proizvod\/bijeli-kupaonski-ormaric-20x60x70cm\/#primaryimage\"},\"image\":{\"@id\":\"https:\/\/inti.hr\/bs\/proizvod\/bijeli-kupaonski-ormaric-20x60x70cm\/#primaryimage\"},\"thumbnailUrl\":\"https:\/\/i0.wp.com\/inti.hr\/wp-content\/uploads\/2023\/04\/BZR83-W-S002_1800x1800.webp?fit=1600%2C1600&ssl=1\",\"datePublished\":\"2023-04-26T08:17:05+00:00\",\"dateModified\":\"2023-04-26T08:17:05+00:00\",\"description\":\"Zahvaljuju\u0107i tankom obliku, komad namje\u0161taja koji \u0161tedi prostor omogu\u0107uje pohranjivanje u malim prostorima, optimiziraju\u0107i mrtve prostore na najbolji mogu\u0107i na\u010din.Iza ormari\u0107a osmislili smo prostor za odlaganje WC \u010detke, koji je prakti\u010dan za kori\u0161tenje, a mo\u017ee vam pomo\u0107i da svoju kupaonicu odr\u017eavate urednom.Ispod pulta ima dovoljno prostora za odlaganje rola toaletnog papira.Sa silikonskim kapicama za noge lak se mo\u017ee bolje za\u0161tititi od vlage.S 2 uklonjive ko\u0161are od tkanine, koje pru\u017eaju dovoljno prostora za spremanje razli\u010ditih predmeta, poput namirnica, za\u010dina ili kupaonskog pribora.\",\"breadcrumb\":{\"@id\":\"https:\/\/inti.hr\/bs\/proizvod\/bijeli-kupaonski-ormaric-20x60x70cm\/#breadcrumb\"},\"inLanguage\":\"bs-BA\",\"potentialAction\":[{\"@type\":\"ReadAction\",\"target\":[\"https:\/\/inti.hr\/bs\/proizvod\/bijeli-kupaonski-ormaric-20x60x70cm\/\"]}]},{\"@type\":\"ImageObject\",\"inLanguage\":\"bs-BA\",\"@id\":\"https:\/\/inti.hr\/bs\/proizvod\/bijeli-kupaonski-ormaric-20x60x70cm\/#primaryimage\",\"url\":\"https:\/\/i0.wp.com\/inti.hr\/wp-content\/uploads\/2023\/04\/BZR83-W-S002_1800x1800.webp?fit=1600%2C1600&ssl=1\",\"contentUrl\":\"https:\/\/i0.wp.com\/inti.hr\/wp-content\/uploads\/2023\/04\/BZR83-W-S002_1800x1800.webp?fit=1600%2C1600&ssl=1\",\"width\":1600,\"height\":1600},{\"@type\":\"BreadcrumbList\",\"@id\":\"https:\/\/inti.hr\/bs\/proizvod\/bijeli-kupaonski-ormaric-20x60x70cm\/#breadcrumb\",\"itemListElement\":[{\"@type\":\"ListItem\",\"position\":1,\"name\":\"Po\u010detna stranica\",\"item\":\"https:\/\/inti.hr\/bs\/\"},{\"@type\":\"ListItem\",\"position\":2,\"name\":\"Trgovina\",\"item\":\"https:\/\/inti.hr\/bs\/trgovina\/\"},{\"@type\":\"ListItem\",\"position\":3,\"name\":\"Bijeli kupaonski ormari\u0107 20x60x70cm\"}]},{\"@type\":\"WebSite\",\"@id\":\"https:\/\/inti.hr\/bs\/#website\",\"url\":\"https:\/\/inti.hr\/bs\/\",\"name\":\"Inti\",\"description\":\"trgovina\",\"potentialAction\":[{\"@type\":\"SearchAction\",\"target\":{\"@type\":\"EntryPoint\",\"urlTemplate\":\"https:\/\/inti.hr\/bs\/?s={search_term_string}\"},\"query-input\":{\"@type\":\"PropertyValueSpecification\",\"valueRequired\":true,\"valueName\":\"search_term_string\"}}],\"inLanguage\":\"bs-BA\"}]}<\/script>\n<!-- \/ Yoast SEO plugin. -->","yoast_head_json":{"title":"Bijeli kupaonski ormari\u0107 20x60x70cm - Inti","description":"Zahvaljuju\u0107i tankom obliku, komad namje\u0161taja koji \u0161tedi prostor omogu\u0107uje pohranjivanje u malim prostorima, optimiziraju\u0107i mrtve prostore na najbolji mogu\u0107i na\u010din.Iza ormari\u0107a osmislili smo prostor za odlaganje WC \u010detke, koji je prakti\u010dan za kori\u0161tenje, a mo\u017ee vam pomo\u0107i da svoju kupaonicu odr\u017eavate urednom.Ispod pulta ima dovoljno prostora za odlaganje rola toaletnog papira.Sa silikonskim kapicama za noge lak se mo\u017ee bolje za\u0161tititi od vlage.S 2 uklonjive ko\u0161are od tkanine, koje pru\u017eaju dovoljno prostora za spremanje razli\u010ditih predmeta, poput namirnica, za\u010dina ili kupaonskog pribora.","robots":{"index":"index","follow":"follow","max-snippet":"max-snippet:-1","max-image-preview":"max-image-preview:large","max-video-preview":"max-video-preview:-1"},"canonical":"https:\/\/inti.hr\/bs\/proizvod\/bijeli-kupaonski-ormaric-20x60x70cm\/","og_locale":"bs_BA","og_type":"article","og_title":"Bijeli kupaonski ormari\u0107 20x60x70cm - Inti","og_description":"Zahvaljuju\u0107i tankom obliku, komad namje\u0161taja koji \u0161tedi prostor omogu\u0107uje pohranjivanje u malim prostorima, optimiziraju\u0107i mrtve prostore na najbolji mogu\u0107i na\u010din.Iza ormari\u0107a osmislili smo prostor za odlaganje WC \u010detke, koji je prakti\u010dan za kori\u0161tenje, a mo\u017ee vam pomo\u0107i da svoju kupaonicu odr\u017eavate urednom.Ispod pulta ima dovoljno prostora za odlaganje rola toaletnog papira.Sa silikonskim kapicama za noge lak se mo\u017ee bolje za\u0161tititi od vlage.S 2 uklonjive ko\u0161are od tkanine, koje pru\u017eaju dovoljno prostora za spremanje razli\u010ditih predmeta, poput namirnica, za\u010dina ili kupaonskog pribora.","og_url":"https:\/\/inti.hr\/bs\/proizvod\/bijeli-kupaonski-ormaric-20x60x70cm\/","og_site_name":"Inti","og_image":[{"width":1600,"height":1600,"url":"https:\/\/i0.wp.com\/inti.hr\/wp-content\/uploads\/2023\/04\/BZR83-W-S002_1800x1800.webp?fit=1600%2C1600&ssl=1","type":"image\/webp"}],"twitter_card":"summary_large_image","schema":{"@context":"https:\/\/schema.org","@graph":[{"@type":"WebPage","@id":"https:\/\/inti.hr\/bs\/proizvod\/bijeli-kupaonski-ormaric-20x60x70cm\/","url":"https:\/\/inti.hr\/bs\/proizvod\/bijeli-kupaonski-ormaric-20x60x70cm\/","name":"Bijeli kupaonski ormari\u0107 20x60x70cm - Inti","isPartOf":{"@id":"https:\/\/inti.hr\/bs\/#website"},"primaryImageOfPage":{"@id":"https:\/\/inti.hr\/bs\/proizvod\/bijeli-kupaonski-ormaric-20x60x70cm\/#primaryimage"},"image":{"@id":"https:\/\/inti.hr\/bs\/proizvod\/bijeli-kupaonski-ormaric-20x60x70cm\/#primaryimage"},"thumbnailUrl":"https:\/\/i0.wp.com\/inti.hr\/wp-content\/uploads\/2023\/04\/BZR83-W-S002_1800x1800.webp?fit=1600%2C1600&ssl=1","datePublished":"2023-04-26T08:17:05+00:00","dateModified":"2023-04-26T08:17:05+00:00","description":"Zahvaljuju\u0107i tankom obliku, komad namje\u0161taja koji \u0161tedi prostor omogu\u0107uje pohranjivanje u malim prostorima, optimiziraju\u0107i mrtve prostore na najbolji mogu\u0107i na\u010din.Iza ormari\u0107a osmislili smo prostor za odlaganje WC \u010detke, koji je prakti\u010dan za kori\u0161tenje, a mo\u017ee vam pomo\u0107i da svoju kupaonicu odr\u017eavate urednom.Ispod pulta ima dovoljno prostora za odlaganje rola toaletnog papira.Sa silikonskim kapicama za noge lak se mo\u017ee bolje za\u0161tititi od vlage.S 2 uklonjive ko\u0161are od tkanine, koje pru\u017eaju dovoljno prostora za spremanje razli\u010ditih predmeta, poput namirnica, za\u010dina ili kupaonskog pribora.","breadcrumb":{"@id":"https:\/\/inti.hr\/bs\/proizvod\/bijeli-kupaonski-ormaric-20x60x70cm\/#breadcrumb"},"inLanguage":"bs-BA","potentialAction":[{"@type":"ReadAction","target":["https:\/\/inti.hr\/bs\/proizvod\/bijeli-kupaonski-ormaric-20x60x70cm\/"]}]},{"@type":"ImageObject","inLanguage":"bs-BA","@id":"https:\/\/inti.hr\/bs\/proizvod\/bijeli-kupaonski-ormaric-20x60x70cm\/#primaryimage","url":"https:\/\/i0.wp.com\/inti.hr\/wp-content\/uploads\/2023\/04\/BZR83-W-S002_1800x1800.webp?fit=1600%2C1600&ssl=1","contentUrl":"https:\/\/i0.wp.com\/inti.hr\/wp-content\/uploads\/2023\/04\/BZR83-W-S002_1800x1800.webp?fit=1600%2C1600&ssl=1","width":1600,"height":1600},{"@type":"BreadcrumbList","@id":"https:\/\/inti.hr\/bs\/proizvod\/bijeli-kupaonski-ormaric-20x60x70cm\/#breadcrumb","itemListElement":[{"@type":"ListItem","position":1,"name":"Po\u010detna stranica","item":"https:\/\/inti.hr\/bs\/"},{"@type":"ListItem","position":2,"name":"Trgovina","item":"https:\/\/inti.hr\/bs\/trgovina\/"},{"@type":"ListItem","position":3,"name":"Bijeli kupaonski ormari\u0107 20x60x70cm"}]},{"@type":"WebSite","@id":"https:\/\/inti.hr\/bs\/#website","url":"https:\/\/inti.hr\/bs\/","name":"Inti","description":"trgovina","potentialAction":[{"@type":"SearchAction","target":{"@type":"EntryPoint","urlTemplate":"https:\/\/inti.hr\/bs\/?s={search_term_string}"},"query-input":{"@type":"PropertyValueSpecification","valueRequired":true,"valueName":"search_term_string"}}],"inLanguage":"bs-BA"}]}},"jetpack_sharing_enabled":true,"jetpack-related-posts":[],"_links":{"self":[{"href":"https:\/\/inti.hr\/bs\/wp-json\/wp\/v2\/product\/33405"}],"collection":[{"href":"https:\/\/inti.hr\/bs\/wp-json\/wp\/v2\/product"}],"about":[{"href":"https:\/\/inti.hr\/bs\/wp-json\/wp\/v2\/types\/product"}],"wp:featuredmedia":[{"embeddable":true,"href":"https:\/\/inti.hr\/bs\/wp-json\/wp\/v2\/media\/33406"}],"wp:attachment":[{"href":"https:\/\/inti.hr\/bs\/wp-json\/wp\/v2\/media?parent=33405"}],"wp:term":[{"taxonomy":"product_cat","embeddable":true,"href":"https:\/\/inti.hr\/bs\/wp-json\/wp\/v2\/product_cat?post=33405"},{"taxonomy":"product_tag","embeddable":true,"href":"https:\/\/inti.hr\/bs\/wp-json\/wp\/v2\/product_tag?post=33405"}],"curies":[{"name":"wp","href":"https:\/\/api.w.org\/{rel}","templated":true}]}}