{"id":33421,"date":"2023-04-21T08:39:39","date_gmt":"2023-04-21T08:39:39","guid":{"rendered":"https:\/\/inti.hr\/product\/kuponski-ormaric-bez\/"},"modified":"2023-04-21T08:39:39","modified_gmt":"2023-04-21T08:39:39","slug":"kuponski-ormaric-bez","status":"publish","type":"product","link":"https:\/\/inti.hr\/bs\/proizvod\/kuponski-ormaric-bez\/","title":{"rendered":"Kuponski ormari\u0107 be\u017e"},"content":{"rendered":"<p>Detalji proizvoda:<\/p>\n<p>Materijal: MDF (E1), Hevea drvo<br \/>\nTe\u017eina: 12 kg<br \/>\nNosivost: 20kg<br \/>\nVeli\u010dina proizvoda: 60x30x60cm (vidi sliku)<br \/>\nVeli\u010dina pakiranja: 70x37x16cm<br \/>\nS uputama za sastavljanje i vijcima. Jednostavna instalacija.<\/p>\n","protected":false},"excerpt":{"rendered":"<p>Jednostavan i minimalan stil, bez ru\u010dki, s drvenim umetcima koji \u0107e &#8230; <\/p>\n","protected":false},"featured_media":33422,"template":"","meta":[],"product_cat":[2392],"product_tag":[3674,3675],"yoast_head":"<!-- This site is optimized with the Yoast SEO plugin v23.7 - https:\/\/yoast.com\/wordpress\/plugins\/seo\/ -->\n<title>Kuponski ormari\u0107 be\u017e - Inti<\/title>\n<meta name=\"description\" content=\"Jednostavan i minimalan stil, bez ru\u010dki, s drvenim umetcima koji \u0107e va\u0161u kupaonicu u\u010diniti gostoljubivom i elegantnom zahvaljuju\u0107i \u0161armu esencijalnog stila i toplini puderasto ru\u017ei\u010dastog tona. Iza vrata ovaj ormari\u0107 nudi dovoljno prostora za pohranjivanje pra\u0161ka za pranje rublja, sredstva za \u010di\u0161\u0107enje WC \u0161koljke i ostalih kupaonskih potrep\u0161tina te za njihovu bolju za\u0161titu od vode, pra\u0161ine itd. Visokokvalitetne plo\u010de jam\u010de savr\u0161enu stabilnost i dug vijek trajanja. Povr\u0161ina se lako \u010disti, \u0161to olak\u0161ava ku\u0107anske poslove.S prakti\u010dnim i jednostavnim ormari\u0107em za umivaonik kona\u010dno \u0107ete imati dovoljno prostora za pohranu u kupaonici. To je idealno rje\u0161enje za odr\u017eavanje urednosti va\u0161e kupaonice. Nje\u017ena be\u017e boja i uzorak gumenog drveta daju ovom komadu namje\u0161taja posebnu eleganciju. Stoga postaje vrhunac u svakoj sobi.\" \/>\n<meta name=\"robots\" content=\"index, follow, max-snippet:-1, max-image-preview:large, max-video-preview:-1\" \/>\n<link rel=\"canonical\" href=\"https:\/\/inti.hr\/bs\/proizvod\/kuponski-ormaric-bez\/\" \/>\n<meta property=\"og:locale\" content=\"bs_BA\" \/>\n<meta property=\"og:type\" content=\"article\" \/>\n<meta property=\"og:title\" content=\"Kuponski ormari\u0107 be\u017e - Inti\" \/>\n<meta property=\"og:description\" content=\"Jednostavan i minimalan stil, bez ru\u010dki, s drvenim umetcima koji \u0107e va\u0161u kupaonicu u\u010diniti gostoljubivom i elegantnom zahvaljuju\u0107i \u0161armu esencijalnog stila i toplini puderasto ru\u017ei\u010dastog tona. Iza vrata ovaj ormari\u0107 nudi dovoljno prostora za pohranjivanje pra\u0161ka za pranje rublja, sredstva za \u010di\u0161\u0107enje WC \u0161koljke i ostalih kupaonskih potrep\u0161tina te za njihovu bolju za\u0161titu od vode, pra\u0161ine itd. Visokokvalitetne plo\u010de jam\u010de savr\u0161enu stabilnost i dug vijek trajanja. Povr\u0161ina se lako \u010disti, \u0161to olak\u0161ava ku\u0107anske poslove.S prakti\u010dnim i jednostavnim ormari\u0107em za umivaonik kona\u010dno \u0107ete imati dovoljno prostora za pohranu u kupaonici. To je idealno rje\u0161enje za odr\u017eavanje urednosti va\u0161e kupaonice. Nje\u017ena be\u017e boja i uzorak gumenog drveta daju ovom komadu namje\u0161taja posebnu eleganciju. Stoga postaje vrhunac u svakoj sobi.\" \/>\n<meta property=\"og:url\" content=\"https:\/\/inti.hr\/bs\/proizvod\/kuponski-ormaric-bez\/\" \/>\n<meta property=\"og:site_name\" content=\"Inti\" \/>\n<meta property=\"og:image\" content=\"https:\/\/i0.wp.com\/inti.hr\/wp-content\/uploads\/2023\/04\/BZR78-MI-S001_800x.webp?fit=800%2C800&ssl=1\" \/>\n\t<meta property=\"og:image:width\" content=\"800\" \/>\n\t<meta property=\"og:image:height\" content=\"800\" \/>\n\t<meta property=\"og:image:type\" content=\"image\/webp\" \/>\n<meta name=\"twitter:card\" content=\"summary_large_image\" \/>\n<script type=\"application\/ld+json\" class=\"yoast-schema-graph\">{\"@context\":\"https:\/\/schema.org\",\"@graph\":[{\"@type\":\"WebPage\",\"@id\":\"https:\/\/inti.hr\/bs\/proizvod\/kuponski-ormaric-bez\/\",\"url\":\"https:\/\/inti.hr\/bs\/proizvod\/kuponski-ormaric-bez\/\",\"name\":\"Kuponski ormari\u0107 be\u017e - Inti\",\"isPartOf\":{\"@id\":\"https:\/\/inti.hr\/bs\/#website\"},\"primaryImageOfPage\":{\"@id\":\"https:\/\/inti.hr\/bs\/proizvod\/kuponski-ormaric-bez\/#primaryimage\"},\"image\":{\"@id\":\"https:\/\/inti.hr\/bs\/proizvod\/kuponski-ormaric-bez\/#primaryimage\"},\"thumbnailUrl\":\"https:\/\/i0.wp.com\/inti.hr\/wp-content\/uploads\/2023\/04\/BZR78-MI-S001_800x.webp?fit=800%2C800&ssl=1\",\"datePublished\":\"2023-04-21T08:39:39+00:00\",\"dateModified\":\"2023-04-21T08:39:39+00:00\",\"description\":\"Jednostavan i minimalan stil, bez ru\u010dki, s drvenim umetcima koji \u0107e va\u0161u kupaonicu u\u010diniti gostoljubivom i elegantnom zahvaljuju\u0107i \u0161armu esencijalnog stila i toplini puderasto ru\u017ei\u010dastog tona. Iza vrata ovaj ormari\u0107 nudi dovoljno prostora za pohranjivanje pra\u0161ka za pranje rublja, sredstva za \u010di\u0161\u0107enje WC \u0161koljke i ostalih kupaonskih potrep\u0161tina te za njihovu bolju za\u0161titu od vode, pra\u0161ine itd. Visokokvalitetne plo\u010de jam\u010de savr\u0161enu stabilnost i dug vijek trajanja. Povr\u0161ina se lako \u010disti, \u0161to olak\u0161ava ku\u0107anske poslove.S prakti\u010dnim i jednostavnim ormari\u0107em za umivaonik kona\u010dno \u0107ete imati dovoljno prostora za pohranu u kupaonici. To je idealno rje\u0161enje za odr\u017eavanje urednosti va\u0161e kupaonice. Nje\u017ena be\u017e boja i uzorak gumenog drveta daju ovom komadu namje\u0161taja posebnu eleganciju. Stoga postaje vrhunac u svakoj sobi.\",\"breadcrumb\":{\"@id\":\"https:\/\/inti.hr\/bs\/proizvod\/kuponski-ormaric-bez\/#breadcrumb\"},\"inLanguage\":\"bs-BA\",\"potentialAction\":[{\"@type\":\"ReadAction\",\"target\":[\"https:\/\/inti.hr\/bs\/proizvod\/kuponski-ormaric-bez\/\"]}]},{\"@type\":\"ImageObject\",\"inLanguage\":\"bs-BA\",\"@id\":\"https:\/\/inti.hr\/bs\/proizvod\/kuponski-ormaric-bez\/#primaryimage\",\"url\":\"https:\/\/i0.wp.com\/inti.hr\/wp-content\/uploads\/2023\/04\/BZR78-MI-S001_800x.webp?fit=800%2C800&ssl=1\",\"contentUrl\":\"https:\/\/i0.wp.com\/inti.hr\/wp-content\/uploads\/2023\/04\/BZR78-MI-S001_800x.webp?fit=800%2C800&ssl=1\",\"width\":800,\"height\":800},{\"@type\":\"BreadcrumbList\",\"@id\":\"https:\/\/inti.hr\/bs\/proizvod\/kuponski-ormaric-bez\/#breadcrumb\",\"itemListElement\":[{\"@type\":\"ListItem\",\"position\":1,\"name\":\"Po\u010detna stranica\",\"item\":\"https:\/\/inti.hr\/bs\/\"},{\"@type\":\"ListItem\",\"position\":2,\"name\":\"Trgovina\",\"item\":\"https:\/\/inti.hr\/bs\/trgovina\/\"},{\"@type\":\"ListItem\",\"position\":3,\"name\":\"Kuponski ormari\u0107 be\u017e\"}]},{\"@type\":\"WebSite\",\"@id\":\"https:\/\/inti.hr\/bs\/#website\",\"url\":\"https:\/\/inti.hr\/bs\/\",\"name\":\"Inti\",\"description\":\"trgovina\",\"potentialAction\":[{\"@type\":\"SearchAction\",\"target\":{\"@type\":\"EntryPoint\",\"urlTemplate\":\"https:\/\/inti.hr\/bs\/?s={search_term_string}\"},\"query-input\":{\"@type\":\"PropertyValueSpecification\",\"valueRequired\":true,\"valueName\":\"search_term_string\"}}],\"inLanguage\":\"bs-BA\"}]}<\/script>\n<!-- \/ Yoast SEO plugin. -->","yoast_head_json":{"title":"Kuponski ormari\u0107 be\u017e - Inti","description":"Jednostavan i minimalan stil, bez ru\u010dki, s drvenim umetcima koji \u0107e va\u0161u kupaonicu u\u010diniti gostoljubivom i elegantnom zahvaljuju\u0107i \u0161armu esencijalnog stila i toplini puderasto ru\u017ei\u010dastog tona. Iza vrata ovaj ormari\u0107 nudi dovoljno prostora za pohranjivanje pra\u0161ka za pranje rublja, sredstva za \u010di\u0161\u0107enje WC \u0161koljke i ostalih kupaonskih potrep\u0161tina te za njihovu bolju za\u0161titu od vode, pra\u0161ine itd. Visokokvalitetne plo\u010de jam\u010de savr\u0161enu stabilnost i dug vijek trajanja. Povr\u0161ina se lako \u010disti, \u0161to olak\u0161ava ku\u0107anske poslove.S prakti\u010dnim i jednostavnim ormari\u0107em za umivaonik kona\u010dno \u0107ete imati dovoljno prostora za pohranu u kupaonici. To je idealno rje\u0161enje za odr\u017eavanje urednosti va\u0161e kupaonice. Nje\u017ena be\u017e boja i uzorak gumenog drveta daju ovom komadu namje\u0161taja posebnu eleganciju. Stoga postaje vrhunac u svakoj sobi.","robots":{"index":"index","follow":"follow","max-snippet":"max-snippet:-1","max-image-preview":"max-image-preview:large","max-video-preview":"max-video-preview:-1"},"canonical":"https:\/\/inti.hr\/bs\/proizvod\/kuponski-ormaric-bez\/","og_locale":"bs_BA","og_type":"article","og_title":"Kuponski ormari\u0107 be\u017e - Inti","og_description":"Jednostavan i minimalan stil, bez ru\u010dki, s drvenim umetcima koji \u0107e va\u0161u kupaonicu u\u010diniti gostoljubivom i elegantnom zahvaljuju\u0107i \u0161armu esencijalnog stila i toplini puderasto ru\u017ei\u010dastog tona. Iza vrata ovaj ormari\u0107 nudi dovoljno prostora za pohranjivanje pra\u0161ka za pranje rublja, sredstva za \u010di\u0161\u0107enje WC \u0161koljke i ostalih kupaonskih potrep\u0161tina te za njihovu bolju za\u0161titu od vode, pra\u0161ine itd. Visokokvalitetne plo\u010de jam\u010de savr\u0161enu stabilnost i dug vijek trajanja. Povr\u0161ina se lako \u010disti, \u0161to olak\u0161ava ku\u0107anske poslove.S prakti\u010dnim i jednostavnim ormari\u0107em za umivaonik kona\u010dno \u0107ete imati dovoljno prostora za pohranu u kupaonici. To je idealno rje\u0161enje za odr\u017eavanje urednosti va\u0161e kupaonice. Nje\u017ena be\u017e boja i uzorak gumenog drveta daju ovom komadu namje\u0161taja posebnu eleganciju. Stoga postaje vrhunac u svakoj sobi.","og_url":"https:\/\/inti.hr\/bs\/proizvod\/kuponski-ormaric-bez\/","og_site_name":"Inti","og_image":[{"width":800,"height":800,"url":"https:\/\/i0.wp.com\/inti.hr\/wp-content\/uploads\/2023\/04\/BZR78-MI-S001_800x.webp?fit=800%2C800&ssl=1","type":"image\/webp"}],"twitter_card":"summary_large_image","schema":{"@context":"https:\/\/schema.org","@graph":[{"@type":"WebPage","@id":"https:\/\/inti.hr\/bs\/proizvod\/kuponski-ormaric-bez\/","url":"https:\/\/inti.hr\/bs\/proizvod\/kuponski-ormaric-bez\/","name":"Kuponski ormari\u0107 be\u017e - Inti","isPartOf":{"@id":"https:\/\/inti.hr\/bs\/#website"},"primaryImageOfPage":{"@id":"https:\/\/inti.hr\/bs\/proizvod\/kuponski-ormaric-bez\/#primaryimage"},"image":{"@id":"https:\/\/inti.hr\/bs\/proizvod\/kuponski-ormaric-bez\/#primaryimage"},"thumbnailUrl":"https:\/\/i0.wp.com\/inti.hr\/wp-content\/uploads\/2023\/04\/BZR78-MI-S001_800x.webp?fit=800%2C800&ssl=1","datePublished":"2023-04-21T08:39:39+00:00","dateModified":"2023-04-21T08:39:39+00:00","description":"Jednostavan i minimalan stil, bez ru\u010dki, s drvenim umetcima koji \u0107e va\u0161u kupaonicu u\u010diniti gostoljubivom i elegantnom zahvaljuju\u0107i \u0161armu esencijalnog stila i toplini puderasto ru\u017ei\u010dastog tona. Iza vrata ovaj ormari\u0107 nudi dovoljno prostora za pohranjivanje pra\u0161ka za pranje rublja, sredstva za \u010di\u0161\u0107enje WC \u0161koljke i ostalih kupaonskih potrep\u0161tina te za njihovu bolju za\u0161titu od vode, pra\u0161ine itd. Visokokvalitetne plo\u010de jam\u010de savr\u0161enu stabilnost i dug vijek trajanja. Povr\u0161ina se lako \u010disti, \u0161to olak\u0161ava ku\u0107anske poslove.S prakti\u010dnim i jednostavnim ormari\u0107em za umivaonik kona\u010dno \u0107ete imati dovoljno prostora za pohranu u kupaonici. To je idealno rje\u0161enje za odr\u017eavanje urednosti va\u0161e kupaonice. Nje\u017ena be\u017e boja i uzorak gumenog drveta daju ovom komadu namje\u0161taja posebnu eleganciju. Stoga postaje vrhunac u svakoj sobi.","breadcrumb":{"@id":"https:\/\/inti.hr\/bs\/proizvod\/kuponski-ormaric-bez\/#breadcrumb"},"inLanguage":"bs-BA","potentialAction":[{"@type":"ReadAction","target":["https:\/\/inti.hr\/bs\/proizvod\/kuponski-ormaric-bez\/"]}]},{"@type":"ImageObject","inLanguage":"bs-BA","@id":"https:\/\/inti.hr\/bs\/proizvod\/kuponski-ormaric-bez\/#primaryimage","url":"https:\/\/i0.wp.com\/inti.hr\/wp-content\/uploads\/2023\/04\/BZR78-MI-S001_800x.webp?fit=800%2C800&ssl=1","contentUrl":"https:\/\/i0.wp.com\/inti.hr\/wp-content\/uploads\/2023\/04\/BZR78-MI-S001_800x.webp?fit=800%2C800&ssl=1","width":800,"height":800},{"@type":"BreadcrumbList","@id":"https:\/\/inti.hr\/bs\/proizvod\/kuponski-ormaric-bez\/#breadcrumb","itemListElement":[{"@type":"ListItem","position":1,"name":"Po\u010detna stranica","item":"https:\/\/inti.hr\/bs\/"},{"@type":"ListItem","position":2,"name":"Trgovina","item":"https:\/\/inti.hr\/bs\/trgovina\/"},{"@type":"ListItem","position":3,"name":"Kuponski ormari\u0107 be\u017e"}]},{"@type":"WebSite","@id":"https:\/\/inti.hr\/bs\/#website","url":"https:\/\/inti.hr\/bs\/","name":"Inti","description":"trgovina","potentialAction":[{"@type":"SearchAction","target":{"@type":"EntryPoint","urlTemplate":"https:\/\/inti.hr\/bs\/?s={search_term_string}"},"query-input":{"@type":"PropertyValueSpecification","valueRequired":true,"valueName":"search_term_string"}}],"inLanguage":"bs-BA"}]}},"jetpack_sharing_enabled":true,"jetpack-related-posts":[],"_links":{"self":[{"href":"https:\/\/inti.hr\/bs\/wp-json\/wp\/v2\/product\/33421"}],"collection":[{"href":"https:\/\/inti.hr\/bs\/wp-json\/wp\/v2\/product"}],"about":[{"href":"https:\/\/inti.hr\/bs\/wp-json\/wp\/v2\/types\/product"}],"wp:featuredmedia":[{"embeddable":true,"href":"https:\/\/inti.hr\/bs\/wp-json\/wp\/v2\/media\/33422"}],"wp:attachment":[{"href":"https:\/\/inti.hr\/bs\/wp-json\/wp\/v2\/media?parent=33421"}],"wp:term":[{"taxonomy":"product_cat","embeddable":true,"href":"https:\/\/inti.hr\/bs\/wp-json\/wp\/v2\/product_cat?post=33421"},{"taxonomy":"product_tag","embeddable":true,"href":"https:\/\/inti.hr\/bs\/wp-json\/wp\/v2\/product_tag?post=33421"}],"curies":[{"name":"wp","href":"https:\/\/api.w.org\/{rel}","templated":true}]}}