{"id":33437,"date":"2023-04-18T06:49:36","date_gmt":"2023-04-18T06:49:36","guid":{"rendered":"https:\/\/inti.hr\/product\/gabioni-100-x-50-x-50-cm\/"},"modified":"2023-04-18T06:49:36","modified_gmt":"2023-04-18T06:49:36","slug":"gabioni-100-x-50-x-50-cm","status":"publish","type":"product","link":"https:\/\/inti.hr\/bs\/proizvod\/gabioni-100-x-50-x-50-cm\/","title":{"rendered":"Gabioni 100 x 50 x 50 cm"},"content":{"rendered":"<p>Detalji o proizvodu:<\/p>\n<p>Dimenzije: 100 x 50 x 50 cm<br \/>\nVeli\u010dina oka: 10 x 5 cm<br \/>\nDebljina \u017eice: 4 mm<br \/>\nMetal: pocin\u010dani \u010deli\u010dni kavezi (visoko otporni na koroziju)<br \/>\nBoja: siva\/srebrna<\/p>\n<p>&nbsp;<\/p>\n<p>&nbsp;<\/p>\n<p>Sigurnosne upute:<\/p>\n<p>Prilikom sastavljanja ili kori\u0161tenja, dr\u017eite djecu podalje od proizvoda kako biste izbjegli potencijalnu opasnost.<br \/>\nTijekom sastavljanja obavezne su rukavice kako se ne biste ozlijedili.<\/p>\n","protected":false},"excerpt":{"rendered":"<p>Jednostavno \u010dvrsto zave\u017eite \u017ei\u010danu mre\u017eu uvijanjem spiralnih konektora, nisu potrebni posebni &#8230; <\/p>\n","protected":false},"featured_media":33438,"template":"","meta":[],"product_cat":[2452],"product_tag":[3682,3683,2558],"yoast_head":"<!-- This site is optimized with the Yoast SEO plugin v23.7 - https:\/\/yoast.com\/wordpress\/plugins\/seo\/ -->\n<title>Gabioni 100 x 50 x 50 cm - Inti<\/title>\n<meta name=\"description\" content=\"Jednostavno \u010dvrsto zave\u017eite \u017ei\u010danu mre\u017eu uvijanjem spiralnih konektora, nisu potrebni posebni alati. Gabionske ko\u0161are savr\u0161ene su za dizajn vrtova i pejza\u017enu arhitekturu, za pri\u010dvr\u0161\u0107ivanje. Za ispunu se mogu koristiti razli\u010diti materijali, kao \u0161to su lomljeni kamen, vapnenac, \u0161ljunak, cigla ili blokovi drveta, itd., prema potrebi; Svjetla kao \u0161to su bajkovita svjetla ili biljke mo\u017eete kreativno koristiti za dekoraciju i ve\u0107 imate umjetni\u010dko djelo u vrt nasipa i kao potporni zid ili gradili\u0161te. izra\u0111en od pocin\u010dane \u017eice, gabion je vrlo robustan i otporan na koroziju. Odstojnici pru\u017eaju dodatnu stabilnost;\u00a0Uniformna veli\u010dina oka: 10 x 5 cm. Kao alternativa betonskim zidovima i zidovima od opeke, gabionski sustav ispunjava istu svrhu kao grani\u010dnik ili zaslon za privatnost, ali je jo\u0161 uvijek jeftiniji, tako da ne samo da \u0161tedite novac, ve\u0107 i vrijeme izgradnje.\" \/>\n<meta name=\"robots\" content=\"index, follow, max-snippet:-1, max-image-preview:large, max-video-preview:-1\" \/>\n<link rel=\"canonical\" href=\"https:\/\/inti.hr\/bs\/proizvod\/gabioni-100-x-50-x-50-cm\/\" \/>\n<meta property=\"og:locale\" content=\"bs_BA\" \/>\n<meta property=\"og:type\" content=\"article\" \/>\n<meta property=\"og:title\" content=\"Gabioni 100 x 50 x 50 cm - Inti\" \/>\n<meta property=\"og:description\" content=\"Jednostavno \u010dvrsto zave\u017eite \u017ei\u010danu mre\u017eu uvijanjem spiralnih konektora, nisu potrebni posebni alati. Gabionske ko\u0161are savr\u0161ene su za dizajn vrtova i pejza\u017enu arhitekturu, za pri\u010dvr\u0161\u0107ivanje. Za ispunu se mogu koristiti razli\u010diti materijali, kao \u0161to su lomljeni kamen, vapnenac, \u0161ljunak, cigla ili blokovi drveta, itd., prema potrebi; Svjetla kao \u0161to su bajkovita svjetla ili biljke mo\u017eete kreativno koristiti za dekoraciju i ve\u0107 imate umjetni\u010dko djelo u vrt nasipa i kao potporni zid ili gradili\u0161te. izra\u0111en od pocin\u010dane \u017eice, gabion je vrlo robustan i otporan na koroziju. Odstojnici pru\u017eaju dodatnu stabilnost;\u00a0Uniformna veli\u010dina oka: 10 x 5 cm. Kao alternativa betonskim zidovima i zidovima od opeke, gabionski sustav ispunjava istu svrhu kao grani\u010dnik ili zaslon za privatnost, ali je jo\u0161 uvijek jeftiniji, tako da ne samo da \u0161tedite novac, ve\u0107 i vrijeme izgradnje.\" \/>\n<meta property=\"og:url\" content=\"https:\/\/inti.hr\/bs\/proizvod\/gabioni-100-x-50-x-50-cm\/\" \/>\n<meta property=\"og:site_name\" content=\"Inti\" \/>\n<meta property=\"og:image\" content=\"https:\/\/i0.wp.com\/inti.hr\/wp-content\/uploads\/2023\/04\/Steingabione-Drahtzaun-fuer-Garten-GGB155-2.jpg?fit=1000%2C1000&ssl=1\" \/>\n\t<meta property=\"og:image:width\" content=\"1000\" \/>\n\t<meta property=\"og:image:height\" content=\"1000\" \/>\n\t<meta property=\"og:image:type\" content=\"image\/jpeg\" \/>\n<meta name=\"twitter:card\" content=\"summary_large_image\" \/>\n<script type=\"application\/ld+json\" class=\"yoast-schema-graph\">{\"@context\":\"https:\/\/schema.org\",\"@graph\":[{\"@type\":\"WebPage\",\"@id\":\"https:\/\/inti.hr\/bs\/proizvod\/gabioni-100-x-50-x-50-cm\/\",\"url\":\"https:\/\/inti.hr\/bs\/proizvod\/gabioni-100-x-50-x-50-cm\/\",\"name\":\"Gabioni 100 x 50 x 50 cm - Inti\",\"isPartOf\":{\"@id\":\"https:\/\/inti.hr\/bs\/#website\"},\"primaryImageOfPage\":{\"@id\":\"https:\/\/inti.hr\/bs\/proizvod\/gabioni-100-x-50-x-50-cm\/#primaryimage\"},\"image\":{\"@id\":\"https:\/\/inti.hr\/bs\/proizvod\/gabioni-100-x-50-x-50-cm\/#primaryimage\"},\"thumbnailUrl\":\"https:\/\/i0.wp.com\/inti.hr\/wp-content\/uploads\/2023\/04\/Steingabione-Drahtzaun-fuer-Garten-GGB155-2.jpg?fit=1000%2C1000&ssl=1\",\"datePublished\":\"2023-04-18T06:49:36+00:00\",\"dateModified\":\"2023-04-18T06:49:36+00:00\",\"description\":\"Jednostavno \u010dvrsto zave\u017eite \u017ei\u010danu mre\u017eu uvijanjem spiralnih konektora, nisu potrebni posebni alati. Gabionske ko\u0161are savr\u0161ene su za dizajn vrtova i pejza\u017enu arhitekturu, za pri\u010dvr\u0161\u0107ivanje. Za ispunu se mogu koristiti razli\u010diti materijali, kao \u0161to su lomljeni kamen, vapnenac, \u0161ljunak, cigla ili blokovi drveta, itd., prema potrebi; Svjetla kao \u0161to su bajkovita svjetla ili biljke mo\u017eete kreativno koristiti za dekoraciju i ve\u0107 imate umjetni\u010dko djelo u vrt nasipa i kao potporni zid ili gradili\u0161te. izra\u0111en od pocin\u010dane \u017eice, gabion je vrlo robustan i otporan na koroziju. Odstojnici pru\u017eaju dodatnu stabilnost;\u00a0Uniformna veli\u010dina oka: 10 x 5 cm. Kao alternativa betonskim zidovima i zidovima od opeke, gabionski sustav ispunjava istu svrhu kao grani\u010dnik ili zaslon za privatnost, ali je jo\u0161 uvijek jeftiniji, tako da ne samo da \u0161tedite novac, ve\u0107 i vrijeme izgradnje.\",\"breadcrumb\":{\"@id\":\"https:\/\/inti.hr\/bs\/proizvod\/gabioni-100-x-50-x-50-cm\/#breadcrumb\"},\"inLanguage\":\"bs-BA\",\"potentialAction\":[{\"@type\":\"ReadAction\",\"target\":[\"https:\/\/inti.hr\/bs\/proizvod\/gabioni-100-x-50-x-50-cm\/\"]}]},{\"@type\":\"ImageObject\",\"inLanguage\":\"bs-BA\",\"@id\":\"https:\/\/inti.hr\/bs\/proizvod\/gabioni-100-x-50-x-50-cm\/#primaryimage\",\"url\":\"https:\/\/i0.wp.com\/inti.hr\/wp-content\/uploads\/2023\/04\/Steingabione-Drahtzaun-fuer-Garten-GGB155-2.jpg?fit=1000%2C1000&ssl=1\",\"contentUrl\":\"https:\/\/i0.wp.com\/inti.hr\/wp-content\/uploads\/2023\/04\/Steingabione-Drahtzaun-fuer-Garten-GGB155-2.jpg?fit=1000%2C1000&ssl=1\",\"width\":1000,\"height\":1000},{\"@type\":\"BreadcrumbList\",\"@id\":\"https:\/\/inti.hr\/bs\/proizvod\/gabioni-100-x-50-x-50-cm\/#breadcrumb\",\"itemListElement\":[{\"@type\":\"ListItem\",\"position\":1,\"name\":\"Po\u010detna stranica\",\"item\":\"https:\/\/inti.hr\/bs\/\"},{\"@type\":\"ListItem\",\"position\":2,\"name\":\"Trgovina\",\"item\":\"https:\/\/inti.hr\/bs\/trgovina\/\"},{\"@type\":\"ListItem\",\"position\":3,\"name\":\"Gabioni 100 x 50 x 50 cm\"}]},{\"@type\":\"WebSite\",\"@id\":\"https:\/\/inti.hr\/bs\/#website\",\"url\":\"https:\/\/inti.hr\/bs\/\",\"name\":\"Inti\",\"description\":\"trgovina\",\"potentialAction\":[{\"@type\":\"SearchAction\",\"target\":{\"@type\":\"EntryPoint\",\"urlTemplate\":\"https:\/\/inti.hr\/bs\/?s={search_term_string}\"},\"query-input\":{\"@type\":\"PropertyValueSpecification\",\"valueRequired\":true,\"valueName\":\"search_term_string\"}}],\"inLanguage\":\"bs-BA\"}]}<\/script>\n<!-- \/ Yoast SEO plugin. -->","yoast_head_json":{"title":"Gabioni 100 x 50 x 50 cm - Inti","description":"Jednostavno \u010dvrsto zave\u017eite \u017ei\u010danu mre\u017eu uvijanjem spiralnih konektora, nisu potrebni posebni alati. Gabionske ko\u0161are savr\u0161ene su za dizajn vrtova i pejza\u017enu arhitekturu, za pri\u010dvr\u0161\u0107ivanje. Za ispunu se mogu koristiti razli\u010diti materijali, kao \u0161to su lomljeni kamen, vapnenac, \u0161ljunak, cigla ili blokovi drveta, itd., prema potrebi; Svjetla kao \u0161to su bajkovita svjetla ili biljke mo\u017eete kreativno koristiti za dekoraciju i ve\u0107 imate umjetni\u010dko djelo u vrt nasipa i kao potporni zid ili gradili\u0161te. izra\u0111en od pocin\u010dane \u017eice, gabion je vrlo robustan i otporan na koroziju. Odstojnici pru\u017eaju dodatnu stabilnost;\u00a0Uniformna veli\u010dina oka: 10 x 5 cm. Kao alternativa betonskim zidovima i zidovima od opeke, gabionski sustav ispunjava istu svrhu kao grani\u010dnik ili zaslon za privatnost, ali je jo\u0161 uvijek jeftiniji, tako da ne samo da \u0161tedite novac, ve\u0107 i vrijeme izgradnje.","robots":{"index":"index","follow":"follow","max-snippet":"max-snippet:-1","max-image-preview":"max-image-preview:large","max-video-preview":"max-video-preview:-1"},"canonical":"https:\/\/inti.hr\/bs\/proizvod\/gabioni-100-x-50-x-50-cm\/","og_locale":"bs_BA","og_type":"article","og_title":"Gabioni 100 x 50 x 50 cm - Inti","og_description":"Jednostavno \u010dvrsto zave\u017eite \u017ei\u010danu mre\u017eu uvijanjem spiralnih konektora, nisu potrebni posebni alati. Gabionske ko\u0161are savr\u0161ene su za dizajn vrtova i pejza\u017enu arhitekturu, za pri\u010dvr\u0161\u0107ivanje. Za ispunu se mogu koristiti razli\u010diti materijali, kao \u0161to su lomljeni kamen, vapnenac, \u0161ljunak, cigla ili blokovi drveta, itd., prema potrebi; Svjetla kao \u0161to su bajkovita svjetla ili biljke mo\u017eete kreativno koristiti za dekoraciju i ve\u0107 imate umjetni\u010dko djelo u vrt nasipa i kao potporni zid ili gradili\u0161te. izra\u0111en od pocin\u010dane \u017eice, gabion je vrlo robustan i otporan na koroziju. Odstojnici pru\u017eaju dodatnu stabilnost;\u00a0Uniformna veli\u010dina oka: 10 x 5 cm. Kao alternativa betonskim zidovima i zidovima od opeke, gabionski sustav ispunjava istu svrhu kao grani\u010dnik ili zaslon za privatnost, ali je jo\u0161 uvijek jeftiniji, tako da ne samo da \u0161tedite novac, ve\u0107 i vrijeme izgradnje.","og_url":"https:\/\/inti.hr\/bs\/proizvod\/gabioni-100-x-50-x-50-cm\/","og_site_name":"Inti","og_image":[{"width":1000,"height":1000,"url":"https:\/\/i0.wp.com\/inti.hr\/wp-content\/uploads\/2023\/04\/Steingabione-Drahtzaun-fuer-Garten-GGB155-2.jpg?fit=1000%2C1000&ssl=1","type":"image\/jpeg"}],"twitter_card":"summary_large_image","schema":{"@context":"https:\/\/schema.org","@graph":[{"@type":"WebPage","@id":"https:\/\/inti.hr\/bs\/proizvod\/gabioni-100-x-50-x-50-cm\/","url":"https:\/\/inti.hr\/bs\/proizvod\/gabioni-100-x-50-x-50-cm\/","name":"Gabioni 100 x 50 x 50 cm - Inti","isPartOf":{"@id":"https:\/\/inti.hr\/bs\/#website"},"primaryImageOfPage":{"@id":"https:\/\/inti.hr\/bs\/proizvod\/gabioni-100-x-50-x-50-cm\/#primaryimage"},"image":{"@id":"https:\/\/inti.hr\/bs\/proizvod\/gabioni-100-x-50-x-50-cm\/#primaryimage"},"thumbnailUrl":"https:\/\/i0.wp.com\/inti.hr\/wp-content\/uploads\/2023\/04\/Steingabione-Drahtzaun-fuer-Garten-GGB155-2.jpg?fit=1000%2C1000&ssl=1","datePublished":"2023-04-18T06:49:36+00:00","dateModified":"2023-04-18T06:49:36+00:00","description":"Jednostavno \u010dvrsto zave\u017eite \u017ei\u010danu mre\u017eu uvijanjem spiralnih konektora, nisu potrebni posebni alati. Gabionske ko\u0161are savr\u0161ene su za dizajn vrtova i pejza\u017enu arhitekturu, za pri\u010dvr\u0161\u0107ivanje. Za ispunu se mogu koristiti razli\u010diti materijali, kao \u0161to su lomljeni kamen, vapnenac, \u0161ljunak, cigla ili blokovi drveta, itd., prema potrebi; Svjetla kao \u0161to su bajkovita svjetla ili biljke mo\u017eete kreativno koristiti za dekoraciju i ve\u0107 imate umjetni\u010dko djelo u vrt nasipa i kao potporni zid ili gradili\u0161te. izra\u0111en od pocin\u010dane \u017eice, gabion je vrlo robustan i otporan na koroziju. Odstojnici pru\u017eaju dodatnu stabilnost;\u00a0Uniformna veli\u010dina oka: 10 x 5 cm. Kao alternativa betonskim zidovima i zidovima od opeke, gabionski sustav ispunjava istu svrhu kao grani\u010dnik ili zaslon za privatnost, ali je jo\u0161 uvijek jeftiniji, tako da ne samo da \u0161tedite novac, ve\u0107 i vrijeme izgradnje.","breadcrumb":{"@id":"https:\/\/inti.hr\/bs\/proizvod\/gabioni-100-x-50-x-50-cm\/#breadcrumb"},"inLanguage":"bs-BA","potentialAction":[{"@type":"ReadAction","target":["https:\/\/inti.hr\/bs\/proizvod\/gabioni-100-x-50-x-50-cm\/"]}]},{"@type":"ImageObject","inLanguage":"bs-BA","@id":"https:\/\/inti.hr\/bs\/proizvod\/gabioni-100-x-50-x-50-cm\/#primaryimage","url":"https:\/\/i0.wp.com\/inti.hr\/wp-content\/uploads\/2023\/04\/Steingabione-Drahtzaun-fuer-Garten-GGB155-2.jpg?fit=1000%2C1000&ssl=1","contentUrl":"https:\/\/i0.wp.com\/inti.hr\/wp-content\/uploads\/2023\/04\/Steingabione-Drahtzaun-fuer-Garten-GGB155-2.jpg?fit=1000%2C1000&ssl=1","width":1000,"height":1000},{"@type":"BreadcrumbList","@id":"https:\/\/inti.hr\/bs\/proizvod\/gabioni-100-x-50-x-50-cm\/#breadcrumb","itemListElement":[{"@type":"ListItem","position":1,"name":"Po\u010detna stranica","item":"https:\/\/inti.hr\/bs\/"},{"@type":"ListItem","position":2,"name":"Trgovina","item":"https:\/\/inti.hr\/bs\/trgovina\/"},{"@type":"ListItem","position":3,"name":"Gabioni 100 x 50 x 50 cm"}]},{"@type":"WebSite","@id":"https:\/\/inti.hr\/bs\/#website","url":"https:\/\/inti.hr\/bs\/","name":"Inti","description":"trgovina","potentialAction":[{"@type":"SearchAction","target":{"@type":"EntryPoint","urlTemplate":"https:\/\/inti.hr\/bs\/?s={search_term_string}"},"query-input":{"@type":"PropertyValueSpecification","valueRequired":true,"valueName":"search_term_string"}}],"inLanguage":"bs-BA"}]}},"jetpack_sharing_enabled":true,"jetpack-related-posts":[],"_links":{"self":[{"href":"https:\/\/inti.hr\/bs\/wp-json\/wp\/v2\/product\/33437"}],"collection":[{"href":"https:\/\/inti.hr\/bs\/wp-json\/wp\/v2\/product"}],"about":[{"href":"https:\/\/inti.hr\/bs\/wp-json\/wp\/v2\/types\/product"}],"wp:featuredmedia":[{"embeddable":true,"href":"https:\/\/inti.hr\/bs\/wp-json\/wp\/v2\/media\/33438"}],"wp:attachment":[{"href":"https:\/\/inti.hr\/bs\/wp-json\/wp\/v2\/media?parent=33437"}],"wp:term":[{"taxonomy":"product_cat","embeddable":true,"href":"https:\/\/inti.hr\/bs\/wp-json\/wp\/v2\/product_cat?post=33437"},{"taxonomy":"product_tag","embeddable":true,"href":"https:\/\/inti.hr\/bs\/wp-json\/wp\/v2\/product_tag?post=33437"}],"curies":[{"name":"wp","href":"https:\/\/api.w.org\/{rel}","templated":true}]}}