{"id":33477,"date":"2023-03-22T09:04:29","date_gmt":"2023-03-22T09:04:29","guid":{"rendered":"https:\/\/inti.hr\/product\/ljestve-sa-3-stepenice-sivo-crna\/"},"modified":"2023-03-22T09:04:29","modified_gmt":"2023-03-22T09:04:29","slug":"ljestve-sa-3-stepenice-sivo-crna","status":"publish","type":"product","link":"https:\/\/inti.hr\/bs\/proizvod\/ljestve-sa-3-stepenice-sivo-crna\/","title":{"rendered":"Ljestve sa 3 stepenice sivo-crna"},"content":{"rendered":"<p>Detalji o proizvodu:<br \/>\n&#8211; Boja: sivo-crna<br \/>\n&#8211; Materijal: \u010delik<br \/>\n&#8211; Veli\u010dina u sklopljenom stanju: 46,5 x 4,5 x 117 cm (D x \u0160 x V)<br \/>\n&#8211; Veli\u010dina u rasklopljenom stanju: 46,5 x 74,5 x 105 cm (D x \u0160 x V)<br \/>\n&#8211; Veli\u010dina stepenica: 30 x 20 cm<br \/>\n&#8211; Te\u017eina: 5,5 kg<br \/>\n&#8211; Maksimalna stati\u010dka nosivost: 150 kg<\/p>\n","protected":false},"excerpt":{"rendered":"<p>Sklopive ljestve imaju samo 46,5 x 4,5 x 117 cm kada &#8230; <\/p>\n","protected":false},"featured_media":33478,"template":"","meta":[],"product_cat":[2482,2452],"product_tag":[3697,3704,2558],"yoast_head":"<!-- This site is optimized with the Yoast SEO plugin v23.7 - https:\/\/yoast.com\/wordpress\/plugins\/seo\/ -->\n<title>Ljestve sa 3 stepenice sivo-crna - Inti<\/title>\n<meta name=\"description\" content=\"Sklopive ljestve imaju samo 46,5 x 4,5 x 117 cm kada su sklopljene, tako da savr\u0161eno stanu u kut va\u0161e gara\u017ee ili u prtlja\u017enik va\u0161eg automobila. Osim toga, te\u0161ke su samo 5,5 kg i opremljene su ru\u010dkom za no\u0161enje, tako da mo\u017eete lako prenijeti ljestve iz podruma u vrt kako biste podrezali grane. Osim toga, ljestve nemaju o\u0161tre rubove te imaju zaobljene kutove i gumene kapice koje osiguravaju sigurnu upotrebu\" \/>\n<meta name=\"robots\" content=\"index, follow, max-snippet:-1, max-image-preview:large, max-video-preview:-1\" \/>\n<link rel=\"canonical\" href=\"https:\/\/inti.hr\/bs\/proizvod\/ljestve-sa-3-stepenice-sivo-crna\/\" \/>\n<meta property=\"og:locale\" content=\"bs_BA\" \/>\n<meta property=\"og:type\" content=\"article\" \/>\n<meta property=\"og:title\" content=\"Ljestve sa 3 stepenice sivo-crna - Inti\" \/>\n<meta property=\"og:description\" content=\"Sklopive ljestve imaju samo 46,5 x 4,5 x 117 cm kada su sklopljene, tako da savr\u0161eno stanu u kut va\u0161e gara\u017ee ili u prtlja\u017enik va\u0161eg automobila. Osim toga, te\u0161ke su samo 5,5 kg i opremljene su ru\u010dkom za no\u0161enje, tako da mo\u017eete lako prenijeti ljestve iz podruma u vrt kako biste podrezali grane. Osim toga, ljestve nemaju o\u0161tre rubove te imaju zaobljene kutove i gumene kapice koje osiguravaju sigurnu upotrebu\" \/>\n<meta property=\"og:url\" content=\"https:\/\/inti.hr\/bs\/proizvod\/ljestve-sa-3-stepenice-sivo-crna\/\" \/>\n<meta property=\"og:site_name\" content=\"Inti\" \/>\n<meta property=\"og:image\" content=\"https:\/\/i0.wp.com\/inti.hr\/wp-content\/uploads\/2023\/03\/GSL003GY01-1.jpg?fit=750%2C750&ssl=1\" \/>\n\t<meta property=\"og:image:width\" content=\"750\" \/>\n\t<meta property=\"og:image:height\" content=\"750\" \/>\n\t<meta property=\"og:image:type\" content=\"image\/jpeg\" \/>\n<meta name=\"twitter:card\" content=\"summary_large_image\" \/>\n<script type=\"application\/ld+json\" class=\"yoast-schema-graph\">{\"@context\":\"https:\/\/schema.org\",\"@graph\":[{\"@type\":\"WebPage\",\"@id\":\"https:\/\/inti.hr\/bs\/proizvod\/ljestve-sa-3-stepenice-sivo-crna\/\",\"url\":\"https:\/\/inti.hr\/bs\/proizvod\/ljestve-sa-3-stepenice-sivo-crna\/\",\"name\":\"Ljestve sa 3 stepenice sivo-crna - Inti\",\"isPartOf\":{\"@id\":\"https:\/\/inti.hr\/bs\/#website\"},\"primaryImageOfPage\":{\"@id\":\"https:\/\/inti.hr\/bs\/proizvod\/ljestve-sa-3-stepenice-sivo-crna\/#primaryimage\"},\"image\":{\"@id\":\"https:\/\/inti.hr\/bs\/proizvod\/ljestve-sa-3-stepenice-sivo-crna\/#primaryimage\"},\"thumbnailUrl\":\"https:\/\/i0.wp.com\/inti.hr\/wp-content\/uploads\/2023\/03\/GSL003GY01-1.jpg?fit=750%2C750&ssl=1\",\"datePublished\":\"2023-03-22T09:04:29+00:00\",\"dateModified\":\"2023-03-22T09:04:29+00:00\",\"description\":\"Sklopive ljestve imaju samo 46,5 x 4,5 x 117 cm kada su sklopljene, tako da savr\u0161eno stanu u kut va\u0161e gara\u017ee ili u prtlja\u017enik va\u0161eg automobila. Osim toga, te\u0161ke su samo 5,5 kg i opremljene su ru\u010dkom za no\u0161enje, tako da mo\u017eete lako prenijeti ljestve iz podruma u vrt kako biste podrezali grane. Osim toga, ljestve nemaju o\u0161tre rubove te imaju zaobljene kutove i gumene kapice koje osiguravaju sigurnu upotrebu\",\"breadcrumb\":{\"@id\":\"https:\/\/inti.hr\/bs\/proizvod\/ljestve-sa-3-stepenice-sivo-crna\/#breadcrumb\"},\"inLanguage\":\"bs-BA\",\"potentialAction\":[{\"@type\":\"ReadAction\",\"target\":[\"https:\/\/inti.hr\/bs\/proizvod\/ljestve-sa-3-stepenice-sivo-crna\/\"]}]},{\"@type\":\"ImageObject\",\"inLanguage\":\"bs-BA\",\"@id\":\"https:\/\/inti.hr\/bs\/proizvod\/ljestve-sa-3-stepenice-sivo-crna\/#primaryimage\",\"url\":\"https:\/\/i0.wp.com\/inti.hr\/wp-content\/uploads\/2023\/03\/GSL003GY01-1.jpg?fit=750%2C750&ssl=1\",\"contentUrl\":\"https:\/\/i0.wp.com\/inti.hr\/wp-content\/uploads\/2023\/03\/GSL003GY01-1.jpg?fit=750%2C750&ssl=1\",\"width\":750,\"height\":750},{\"@type\":\"BreadcrumbList\",\"@id\":\"https:\/\/inti.hr\/bs\/proizvod\/ljestve-sa-3-stepenice-sivo-crna\/#breadcrumb\",\"itemListElement\":[{\"@type\":\"ListItem\",\"position\":1,\"name\":\"Po\u010detna stranica\",\"item\":\"https:\/\/inti.hr\/bs\/\"},{\"@type\":\"ListItem\",\"position\":2,\"name\":\"Trgovina\",\"item\":\"https:\/\/inti.hr\/bs\/trgovina\/\"},{\"@type\":\"ListItem\",\"position\":3,\"name\":\"Ljestve sa 3 stepenice sivo-crna\"}]},{\"@type\":\"WebSite\",\"@id\":\"https:\/\/inti.hr\/bs\/#website\",\"url\":\"https:\/\/inti.hr\/bs\/\",\"name\":\"Inti\",\"description\":\"trgovina\",\"potentialAction\":[{\"@type\":\"SearchAction\",\"target\":{\"@type\":\"EntryPoint\",\"urlTemplate\":\"https:\/\/inti.hr\/bs\/?s={search_term_string}\"},\"query-input\":{\"@type\":\"PropertyValueSpecification\",\"valueRequired\":true,\"valueName\":\"search_term_string\"}}],\"inLanguage\":\"bs-BA\"}]}<\/script>\n<!-- \/ Yoast SEO plugin. -->","yoast_head_json":{"title":"Ljestve sa 3 stepenice sivo-crna - Inti","description":"Sklopive ljestve imaju samo 46,5 x 4,5 x 117 cm kada su sklopljene, tako da savr\u0161eno stanu u kut va\u0161e gara\u017ee ili u prtlja\u017enik va\u0161eg automobila. Osim toga, te\u0161ke su samo 5,5 kg i opremljene su ru\u010dkom za no\u0161enje, tako da mo\u017eete lako prenijeti ljestve iz podruma u vrt kako biste podrezali grane. Osim toga, ljestve nemaju o\u0161tre rubove te imaju zaobljene kutove i gumene kapice koje osiguravaju sigurnu upotrebu","robots":{"index":"index","follow":"follow","max-snippet":"max-snippet:-1","max-image-preview":"max-image-preview:large","max-video-preview":"max-video-preview:-1"},"canonical":"https:\/\/inti.hr\/bs\/proizvod\/ljestve-sa-3-stepenice-sivo-crna\/","og_locale":"bs_BA","og_type":"article","og_title":"Ljestve sa 3 stepenice sivo-crna - Inti","og_description":"Sklopive ljestve imaju samo 46,5 x 4,5 x 117 cm kada su sklopljene, tako da savr\u0161eno stanu u kut va\u0161e gara\u017ee ili u prtlja\u017enik va\u0161eg automobila. Osim toga, te\u0161ke su samo 5,5 kg i opremljene su ru\u010dkom za no\u0161enje, tako da mo\u017eete lako prenijeti ljestve iz podruma u vrt kako biste podrezali grane. Osim toga, ljestve nemaju o\u0161tre rubove te imaju zaobljene kutove i gumene kapice koje osiguravaju sigurnu upotrebu","og_url":"https:\/\/inti.hr\/bs\/proizvod\/ljestve-sa-3-stepenice-sivo-crna\/","og_site_name":"Inti","og_image":[{"width":750,"height":750,"url":"https:\/\/i0.wp.com\/inti.hr\/wp-content\/uploads\/2023\/03\/GSL003GY01-1.jpg?fit=750%2C750&ssl=1","type":"image\/jpeg"}],"twitter_card":"summary_large_image","schema":{"@context":"https:\/\/schema.org","@graph":[{"@type":"WebPage","@id":"https:\/\/inti.hr\/bs\/proizvod\/ljestve-sa-3-stepenice-sivo-crna\/","url":"https:\/\/inti.hr\/bs\/proizvod\/ljestve-sa-3-stepenice-sivo-crna\/","name":"Ljestve sa 3 stepenice sivo-crna - Inti","isPartOf":{"@id":"https:\/\/inti.hr\/bs\/#website"},"primaryImageOfPage":{"@id":"https:\/\/inti.hr\/bs\/proizvod\/ljestve-sa-3-stepenice-sivo-crna\/#primaryimage"},"image":{"@id":"https:\/\/inti.hr\/bs\/proizvod\/ljestve-sa-3-stepenice-sivo-crna\/#primaryimage"},"thumbnailUrl":"https:\/\/i0.wp.com\/inti.hr\/wp-content\/uploads\/2023\/03\/GSL003GY01-1.jpg?fit=750%2C750&ssl=1","datePublished":"2023-03-22T09:04:29+00:00","dateModified":"2023-03-22T09:04:29+00:00","description":"Sklopive ljestve imaju samo 46,5 x 4,5 x 117 cm kada su sklopljene, tako da savr\u0161eno stanu u kut va\u0161e gara\u017ee ili u prtlja\u017enik va\u0161eg automobila. Osim toga, te\u0161ke su samo 5,5 kg i opremljene su ru\u010dkom za no\u0161enje, tako da mo\u017eete lako prenijeti ljestve iz podruma u vrt kako biste podrezali grane. Osim toga, ljestve nemaju o\u0161tre rubove te imaju zaobljene kutove i gumene kapice koje osiguravaju sigurnu upotrebu","breadcrumb":{"@id":"https:\/\/inti.hr\/bs\/proizvod\/ljestve-sa-3-stepenice-sivo-crna\/#breadcrumb"},"inLanguage":"bs-BA","potentialAction":[{"@type":"ReadAction","target":["https:\/\/inti.hr\/bs\/proizvod\/ljestve-sa-3-stepenice-sivo-crna\/"]}]},{"@type":"ImageObject","inLanguage":"bs-BA","@id":"https:\/\/inti.hr\/bs\/proizvod\/ljestve-sa-3-stepenice-sivo-crna\/#primaryimage","url":"https:\/\/i0.wp.com\/inti.hr\/wp-content\/uploads\/2023\/03\/GSL003GY01-1.jpg?fit=750%2C750&ssl=1","contentUrl":"https:\/\/i0.wp.com\/inti.hr\/wp-content\/uploads\/2023\/03\/GSL003GY01-1.jpg?fit=750%2C750&ssl=1","width":750,"height":750},{"@type":"BreadcrumbList","@id":"https:\/\/inti.hr\/bs\/proizvod\/ljestve-sa-3-stepenice-sivo-crna\/#breadcrumb","itemListElement":[{"@type":"ListItem","position":1,"name":"Po\u010detna stranica","item":"https:\/\/inti.hr\/bs\/"},{"@type":"ListItem","position":2,"name":"Trgovina","item":"https:\/\/inti.hr\/bs\/trgovina\/"},{"@type":"ListItem","position":3,"name":"Ljestve sa 3 stepenice sivo-crna"}]},{"@type":"WebSite","@id":"https:\/\/inti.hr\/bs\/#website","url":"https:\/\/inti.hr\/bs\/","name":"Inti","description":"trgovina","potentialAction":[{"@type":"SearchAction","target":{"@type":"EntryPoint","urlTemplate":"https:\/\/inti.hr\/bs\/?s={search_term_string}"},"query-input":{"@type":"PropertyValueSpecification","valueRequired":true,"valueName":"search_term_string"}}],"inLanguage":"bs-BA"}]}},"jetpack_sharing_enabled":true,"jetpack-related-posts":[],"_links":{"self":[{"href":"https:\/\/inti.hr\/bs\/wp-json\/wp\/v2\/product\/33477"}],"collection":[{"href":"https:\/\/inti.hr\/bs\/wp-json\/wp\/v2\/product"}],"about":[{"href":"https:\/\/inti.hr\/bs\/wp-json\/wp\/v2\/types\/product"}],"wp:featuredmedia":[{"embeddable":true,"href":"https:\/\/inti.hr\/bs\/wp-json\/wp\/v2\/media\/33478"}],"wp:attachment":[{"href":"https:\/\/inti.hr\/bs\/wp-json\/wp\/v2\/media?parent=33477"}],"wp:term":[{"taxonomy":"product_cat","embeddable":true,"href":"https:\/\/inti.hr\/bs\/wp-json\/wp\/v2\/product_cat?post=33477"},{"taxonomy":"product_tag","embeddable":true,"href":"https:\/\/inti.hr\/bs\/wp-json\/wp\/v2\/product_tag?post=33477"}],"curies":[{"name":"wp","href":"https:\/\/api.w.org\/{rel}","templated":true}]}}