{"id":33481,"date":"2023-03-22T08:19:06","date_gmt":"2023-03-22T08:19:06","guid":{"rendered":"https:\/\/inti.hr\/product\/ljestve-sa-3-stepenice\/"},"modified":"2023-03-22T08:19:06","modified_gmt":"2023-03-22T08:19:06","slug":"ljestve-sa-3-stepenice","status":"publish","type":"product","link":"https:\/\/inti.hr\/bs\/proizvod\/ljestve-sa-3-stepenice\/","title":{"rendered":"Ljestve sa 3 stepenice"},"content":{"rendered":"<p>Detalji o proizvodu:<\/p>\n<p>Boja: srebrna-crna-naran\u010dasta<\/p>\n<p>Materijal: aluminij, plastika<\/p>\n<p>Rasklopljena veli\u010dina: 42 x 56 x 122 cm (D x \u0160 x V)<\/p>\n<p>Sklopljena veli\u010dina: 42 x 12 x 130 cm (D x \u0160 x V)<\/p>\n<p>\u0160iroke stepenice: 12 cm<\/p>\n<p>Te\u017eina: 3,9 kg<\/p>\n<p>Maksimalno stati\u010dko optere\u0107enje: 150 kg<\/p>\n","protected":false},"excerpt":{"rendered":"<p>\u010cvrst aluminijski okvir, 12 cm \u0161iroke stepenice s rebrima, prakti\u010dan rukohvat, &#8230; <\/p>\n","protected":false},"featured_media":33482,"template":"","meta":[],"product_cat":[2482,2452],"product_tag":[3696,3697,2558],"yoast_head":"<!-- This site is optimized with the Yoast SEO plugin v23.7 - https:\/\/yoast.com\/wordpress\/plugins\/seo\/ -->\n<title>Ljestve sa 3 stepenice - Inti<\/title>\n<meta name=\"description\" content=\"\u010cvrst aluminijski okvir, 12 cm \u0161iroke stepenice s rebrima, prakti\u010dan rukohvat, neklizaju\u0107e noge s gumenom presvlakom - nema vi\u0161e njihanja! Tako da uvijek mo\u017eete ostati fokusirani dok radite u skladi\u0161tu. Aluminijski okvir ne samo da daje ljestvama visoku stabilnost, ve\u0107 je i razlog male te\u017eine ljestava (3,9 kg). Kada je sklopljen, debljine je samo 12 cm i stoga stane u kut. Ove pa\u017eljivo izra\u0111ene ljestve su izuzetno stabilne i mogu izdr\u017eati te\u017eine do 150 kg.\u00a0Rukohvat na vrhu ima ladicu za alat. To vam omogu\u0107uje da na dohvat ruke pohranite male dijelove koji su vam potrebni za popravke u ku\u0107anstvu. Zaboravili ste vijke? Od sada se takvi problemi vi\u0161e ne\u0107e doga\u0111ati!\" \/>\n<meta name=\"robots\" content=\"index, follow, max-snippet:-1, max-image-preview:large, max-video-preview:-1\" \/>\n<link rel=\"canonical\" href=\"https:\/\/inti.hr\/bs\/proizvod\/ljestve-sa-3-stepenice\/\" \/>\n<meta property=\"og:locale\" content=\"bs_BA\" \/>\n<meta property=\"og:type\" content=\"article\" \/>\n<meta property=\"og:title\" content=\"Ljestve sa 3 stepenice - Inti\" \/>\n<meta property=\"og:description\" content=\"\u010cvrst aluminijski okvir, 12 cm \u0161iroke stepenice s rebrima, prakti\u010dan rukohvat, neklizaju\u0107e noge s gumenom presvlakom - nema vi\u0161e njihanja! Tako da uvijek mo\u017eete ostati fokusirani dok radite u skladi\u0161tu. Aluminijski okvir ne samo da daje ljestvama visoku stabilnost, ve\u0107 je i razlog male te\u017eine ljestava (3,9 kg). Kada je sklopljen, debljine je samo 12 cm i stoga stane u kut. Ove pa\u017eljivo izra\u0111ene ljestve su izuzetno stabilne i mogu izdr\u017eati te\u017eine do 150 kg.\u00a0Rukohvat na vrhu ima ladicu za alat. To vam omogu\u0107uje da na dohvat ruke pohranite male dijelove koji su vam potrebni za popravke u ku\u0107anstvu. Zaboravili ste vijke? Od sada se takvi problemi vi\u0161e ne\u0107e doga\u0111ati!\" \/>\n<meta property=\"og:url\" content=\"https:\/\/inti.hr\/bs\/proizvod\/ljestve-sa-3-stepenice\/\" \/>\n<meta property=\"og:site_name\" content=\"Inti\" \/>\n<meta property=\"og:image\" content=\"https:\/\/i0.wp.com\/inti.hr\/wp-content\/uploads\/2023\/03\/GLT03BK-1.jpg?fit=750%2C750&ssl=1\" \/>\n\t<meta property=\"og:image:width\" content=\"750\" \/>\n\t<meta property=\"og:image:height\" content=\"750\" \/>\n\t<meta property=\"og:image:type\" content=\"image\/jpeg\" \/>\n<meta name=\"twitter:card\" content=\"summary_large_image\" \/>\n<script type=\"application\/ld+json\" class=\"yoast-schema-graph\">{\"@context\":\"https:\/\/schema.org\",\"@graph\":[{\"@type\":\"WebPage\",\"@id\":\"https:\/\/inti.hr\/bs\/proizvod\/ljestve-sa-3-stepenice\/\",\"url\":\"https:\/\/inti.hr\/bs\/proizvod\/ljestve-sa-3-stepenice\/\",\"name\":\"Ljestve sa 3 stepenice - Inti\",\"isPartOf\":{\"@id\":\"https:\/\/inti.hr\/bs\/#website\"},\"primaryImageOfPage\":{\"@id\":\"https:\/\/inti.hr\/bs\/proizvod\/ljestve-sa-3-stepenice\/#primaryimage\"},\"image\":{\"@id\":\"https:\/\/inti.hr\/bs\/proizvod\/ljestve-sa-3-stepenice\/#primaryimage\"},\"thumbnailUrl\":\"https:\/\/i0.wp.com\/inti.hr\/wp-content\/uploads\/2023\/03\/GLT03BK-1.jpg?fit=750%2C750&ssl=1\",\"datePublished\":\"2023-03-22T08:19:06+00:00\",\"dateModified\":\"2023-03-22T08:19:06+00:00\",\"description\":\"\u010cvrst aluminijski okvir, 12 cm \u0161iroke stepenice s rebrima, prakti\u010dan rukohvat, neklizaju\u0107e noge s gumenom presvlakom - nema vi\u0161e njihanja! Tako da uvijek mo\u017eete ostati fokusirani dok radite u skladi\u0161tu. Aluminijski okvir ne samo da daje ljestvama visoku stabilnost, ve\u0107 je i razlog male te\u017eine ljestava (3,9 kg). Kada je sklopljen, debljine je samo 12 cm i stoga stane u kut. Ove pa\u017eljivo izra\u0111ene ljestve su izuzetno stabilne i mogu izdr\u017eati te\u017eine do 150 kg.\u00a0Rukohvat na vrhu ima ladicu za alat. To vam omogu\u0107uje da na dohvat ruke pohranite male dijelove koji su vam potrebni za popravke u ku\u0107anstvu. Zaboravili ste vijke? Od sada se takvi problemi vi\u0161e ne\u0107e doga\u0111ati!\",\"breadcrumb\":{\"@id\":\"https:\/\/inti.hr\/bs\/proizvod\/ljestve-sa-3-stepenice\/#breadcrumb\"},\"inLanguage\":\"bs-BA\",\"potentialAction\":[{\"@type\":\"ReadAction\",\"target\":[\"https:\/\/inti.hr\/bs\/proizvod\/ljestve-sa-3-stepenice\/\"]}]},{\"@type\":\"ImageObject\",\"inLanguage\":\"bs-BA\",\"@id\":\"https:\/\/inti.hr\/bs\/proizvod\/ljestve-sa-3-stepenice\/#primaryimage\",\"url\":\"https:\/\/i0.wp.com\/inti.hr\/wp-content\/uploads\/2023\/03\/GLT03BK-1.jpg?fit=750%2C750&ssl=1\",\"contentUrl\":\"https:\/\/i0.wp.com\/inti.hr\/wp-content\/uploads\/2023\/03\/GLT03BK-1.jpg?fit=750%2C750&ssl=1\",\"width\":750,\"height\":750},{\"@type\":\"BreadcrumbList\",\"@id\":\"https:\/\/inti.hr\/bs\/proizvod\/ljestve-sa-3-stepenice\/#breadcrumb\",\"itemListElement\":[{\"@type\":\"ListItem\",\"position\":1,\"name\":\"Po\u010detna stranica\",\"item\":\"https:\/\/inti.hr\/bs\/\"},{\"@type\":\"ListItem\",\"position\":2,\"name\":\"Trgovina\",\"item\":\"https:\/\/inti.hr\/bs\/trgovina\/\"},{\"@type\":\"ListItem\",\"position\":3,\"name\":\"Ljestve sa 3 stepenice\"}]},{\"@type\":\"WebSite\",\"@id\":\"https:\/\/inti.hr\/bs\/#website\",\"url\":\"https:\/\/inti.hr\/bs\/\",\"name\":\"Inti\",\"description\":\"trgovina\",\"potentialAction\":[{\"@type\":\"SearchAction\",\"target\":{\"@type\":\"EntryPoint\",\"urlTemplate\":\"https:\/\/inti.hr\/bs\/?s={search_term_string}\"},\"query-input\":{\"@type\":\"PropertyValueSpecification\",\"valueRequired\":true,\"valueName\":\"search_term_string\"}}],\"inLanguage\":\"bs-BA\"}]}<\/script>\n<!-- \/ Yoast SEO plugin. -->","yoast_head_json":{"title":"Ljestve sa 3 stepenice - Inti","description":"\u010cvrst aluminijski okvir, 12 cm \u0161iroke stepenice s rebrima, prakti\u010dan rukohvat, neklizaju\u0107e noge s gumenom presvlakom - nema vi\u0161e njihanja! Tako da uvijek mo\u017eete ostati fokusirani dok radite u skladi\u0161tu. Aluminijski okvir ne samo da daje ljestvama visoku stabilnost, ve\u0107 je i razlog male te\u017eine ljestava (3,9 kg). Kada je sklopljen, debljine je samo 12 cm i stoga stane u kut. Ove pa\u017eljivo izra\u0111ene ljestve su izuzetno stabilne i mogu izdr\u017eati te\u017eine do 150 kg.\u00a0Rukohvat na vrhu ima ladicu za alat. To vam omogu\u0107uje da na dohvat ruke pohranite male dijelove koji su vam potrebni za popravke u ku\u0107anstvu. Zaboravili ste vijke? Od sada se takvi problemi vi\u0161e ne\u0107e doga\u0111ati!","robots":{"index":"index","follow":"follow","max-snippet":"max-snippet:-1","max-image-preview":"max-image-preview:large","max-video-preview":"max-video-preview:-1"},"canonical":"https:\/\/inti.hr\/bs\/proizvod\/ljestve-sa-3-stepenice\/","og_locale":"bs_BA","og_type":"article","og_title":"Ljestve sa 3 stepenice - Inti","og_description":"\u010cvrst aluminijski okvir, 12 cm \u0161iroke stepenice s rebrima, prakti\u010dan rukohvat, neklizaju\u0107e noge s gumenom presvlakom - nema vi\u0161e njihanja! Tako da uvijek mo\u017eete ostati fokusirani dok radite u skladi\u0161tu. Aluminijski okvir ne samo da daje ljestvama visoku stabilnost, ve\u0107 je i razlog male te\u017eine ljestava (3,9 kg). Kada je sklopljen, debljine je samo 12 cm i stoga stane u kut. Ove pa\u017eljivo izra\u0111ene ljestve su izuzetno stabilne i mogu izdr\u017eati te\u017eine do 150 kg.\u00a0Rukohvat na vrhu ima ladicu za alat. To vam omogu\u0107uje da na dohvat ruke pohranite male dijelove koji su vam potrebni za popravke u ku\u0107anstvu. Zaboravili ste vijke? Od sada se takvi problemi vi\u0161e ne\u0107e doga\u0111ati!","og_url":"https:\/\/inti.hr\/bs\/proizvod\/ljestve-sa-3-stepenice\/","og_site_name":"Inti","og_image":[{"width":750,"height":750,"url":"https:\/\/i0.wp.com\/inti.hr\/wp-content\/uploads\/2023\/03\/GLT03BK-1.jpg?fit=750%2C750&ssl=1","type":"image\/jpeg"}],"twitter_card":"summary_large_image","schema":{"@context":"https:\/\/schema.org","@graph":[{"@type":"WebPage","@id":"https:\/\/inti.hr\/bs\/proizvod\/ljestve-sa-3-stepenice\/","url":"https:\/\/inti.hr\/bs\/proizvod\/ljestve-sa-3-stepenice\/","name":"Ljestve sa 3 stepenice - Inti","isPartOf":{"@id":"https:\/\/inti.hr\/bs\/#website"},"primaryImageOfPage":{"@id":"https:\/\/inti.hr\/bs\/proizvod\/ljestve-sa-3-stepenice\/#primaryimage"},"image":{"@id":"https:\/\/inti.hr\/bs\/proizvod\/ljestve-sa-3-stepenice\/#primaryimage"},"thumbnailUrl":"https:\/\/i0.wp.com\/inti.hr\/wp-content\/uploads\/2023\/03\/GLT03BK-1.jpg?fit=750%2C750&ssl=1","datePublished":"2023-03-22T08:19:06+00:00","dateModified":"2023-03-22T08:19:06+00:00","description":"\u010cvrst aluminijski okvir, 12 cm \u0161iroke stepenice s rebrima, prakti\u010dan rukohvat, neklizaju\u0107e noge s gumenom presvlakom - nema vi\u0161e njihanja! Tako da uvijek mo\u017eete ostati fokusirani dok radite u skladi\u0161tu. Aluminijski okvir ne samo da daje ljestvama visoku stabilnost, ve\u0107 je i razlog male te\u017eine ljestava (3,9 kg). Kada je sklopljen, debljine je samo 12 cm i stoga stane u kut. Ove pa\u017eljivo izra\u0111ene ljestve su izuzetno stabilne i mogu izdr\u017eati te\u017eine do 150 kg.\u00a0Rukohvat na vrhu ima ladicu za alat. To vam omogu\u0107uje da na dohvat ruke pohranite male dijelove koji su vam potrebni za popravke u ku\u0107anstvu. Zaboravili ste vijke? Od sada se takvi problemi vi\u0161e ne\u0107e doga\u0111ati!","breadcrumb":{"@id":"https:\/\/inti.hr\/bs\/proizvod\/ljestve-sa-3-stepenice\/#breadcrumb"},"inLanguage":"bs-BA","potentialAction":[{"@type":"ReadAction","target":["https:\/\/inti.hr\/bs\/proizvod\/ljestve-sa-3-stepenice\/"]}]},{"@type":"ImageObject","inLanguage":"bs-BA","@id":"https:\/\/inti.hr\/bs\/proizvod\/ljestve-sa-3-stepenice\/#primaryimage","url":"https:\/\/i0.wp.com\/inti.hr\/wp-content\/uploads\/2023\/03\/GLT03BK-1.jpg?fit=750%2C750&ssl=1","contentUrl":"https:\/\/i0.wp.com\/inti.hr\/wp-content\/uploads\/2023\/03\/GLT03BK-1.jpg?fit=750%2C750&ssl=1","width":750,"height":750},{"@type":"BreadcrumbList","@id":"https:\/\/inti.hr\/bs\/proizvod\/ljestve-sa-3-stepenice\/#breadcrumb","itemListElement":[{"@type":"ListItem","position":1,"name":"Po\u010detna stranica","item":"https:\/\/inti.hr\/bs\/"},{"@type":"ListItem","position":2,"name":"Trgovina","item":"https:\/\/inti.hr\/bs\/trgovina\/"},{"@type":"ListItem","position":3,"name":"Ljestve sa 3 stepenice"}]},{"@type":"WebSite","@id":"https:\/\/inti.hr\/bs\/#website","url":"https:\/\/inti.hr\/bs\/","name":"Inti","description":"trgovina","potentialAction":[{"@type":"SearchAction","target":{"@type":"EntryPoint","urlTemplate":"https:\/\/inti.hr\/bs\/?s={search_term_string}"},"query-input":{"@type":"PropertyValueSpecification","valueRequired":true,"valueName":"search_term_string"}}],"inLanguage":"bs-BA"}]}},"jetpack_sharing_enabled":true,"jetpack-related-posts":[],"_links":{"self":[{"href":"https:\/\/inti.hr\/bs\/wp-json\/wp\/v2\/product\/33481"}],"collection":[{"href":"https:\/\/inti.hr\/bs\/wp-json\/wp\/v2\/product"}],"about":[{"href":"https:\/\/inti.hr\/bs\/wp-json\/wp\/v2\/types\/product"}],"wp:featuredmedia":[{"embeddable":true,"href":"https:\/\/inti.hr\/bs\/wp-json\/wp\/v2\/media\/33482"}],"wp:attachment":[{"href":"https:\/\/inti.hr\/bs\/wp-json\/wp\/v2\/media?parent=33481"}],"wp:term":[{"taxonomy":"product_cat","embeddable":true,"href":"https:\/\/inti.hr\/bs\/wp-json\/wp\/v2\/product_cat?post=33481"},{"taxonomy":"product_tag","embeddable":true,"href":"https:\/\/inti.hr\/bs\/wp-json\/wp\/v2\/product_tag?post=33481"}],"curies":[{"name":"wp","href":"https:\/\/api.w.org\/{rel}","templated":true}]}}