{"id":33491,"date":"2023-02-10T17:28:50","date_gmt":"2023-02-10T17:28:50","guid":{"rendered":"https:\/\/inti.hr\/product\/nocni-ormaric-s-led-rasvjetom\/"},"modified":"2023-02-10T17:28:50","modified_gmt":"2023-02-10T17:28:50","slug":"nocni-ormaric-s-led-rasvjetom","status":"publish","type":"product","link":"https:\/\/inti.hr\/bs\/proizvod\/nocni-ormaric-s-led-rasvjetom\/","title":{"rendered":"No\u0107ni ormari\u0107 s LED rasvjetom"},"content":{"rendered":"<p>Detalji proizvoda:<br \/>\n&#8211; Boja: Bijela<br \/>\n&#8211; Materijal: Iverica<br \/>\n&#8211; Veli\u010dina: 33,5 x 40 x 55 cm (D x \u0160 x V)<br \/>\n&#8211; Te\u017eina: 15,4 kg<br \/>\n&#8211; Maksimalna stati\u010dka nosivost gornje ladice: 2,3 kg<br \/>\n&#8211; Maks.stati\u010dko optere\u0107enje 2 donje ladice: 3,4 kg<br \/>\n&#8211; Maksimalno stati\u010dko optere\u0107enje ukupno: 110 kg<\/p>\n","protected":false},"excerpt":{"rendered":"<p>No\u0107ni ormari\u0107 s 3 velike ladice nudi puno prostora za pohranu &#8230; <\/p>\n","protected":false},"featured_media":33492,"template":"","meta":[],"product_cat":[2408,2414],"product_tag":[2672,3710,2673],"yoast_head":"<!-- This site is optimized with the Yoast SEO plugin v23.7 - https:\/\/yoast.com\/wordpress\/plugins\/seo\/ -->\n<title>No\u0107ni ormari\u0107 s LED rasvjetom - Inti<\/title>\n<meta name=\"description\" content=\"\u00a0No\u0107ni ormari\u0107 s 3 velike ladice nudi puno prostora za pohranu i savr\u0161eno pristaje uz va\u0161 krevet - ladice za novine i \u010dasopise, plo\u010da stola za va\u0161u budilicu, okviri za fotografije itd. 25 boja, 6 razina svjetline, 10 na\u010dina treptanja i 6 frekvencija treptanja - Prilagodite LED osvjetljenje no\u0107nog ormari\u0107a pomo\u0107u prilo\u017eenog daljinskog upravlja\u010da za stvaranje razli\u010ditih atmosfera. Jednostavni stol je prikladan u spava\u0107oj sobi kao no\u0107ni ormari\u0107, u dnevnoj sobi kao pomo\u0107ni stol i u uredu kao ormar za dokumente.\u00a0Zahvaljuju\u0107i kabelu du\u017eine 1,8 m s adapterom, stol mo\u017ee biti i dalje od najbli\u017ee uti\u010dnice. Mali stoli\u0107 za kavu izra\u0111en je od iverala debljine 15 mm, stabilan je i ne klima se tijekom uporabe.\u00a0Ukupno nosi do 110 kg.\" \/>\n<meta name=\"robots\" content=\"index, follow, max-snippet:-1, max-image-preview:large, max-video-preview:-1\" \/>\n<link rel=\"canonical\" href=\"https:\/\/inti.hr\/bs\/proizvod\/nocni-ormaric-s-led-rasvjetom\/\" \/>\n<meta property=\"og:locale\" content=\"bs_BA\" \/>\n<meta property=\"og:type\" content=\"article\" \/>\n<meta property=\"og:title\" content=\"No\u0107ni ormari\u0107 s LED rasvjetom - Inti\" \/>\n<meta property=\"og:description\" content=\"\u00a0No\u0107ni ormari\u0107 s 3 velike ladice nudi puno prostora za pohranu i savr\u0161eno pristaje uz va\u0161 krevet - ladice za novine i \u010dasopise, plo\u010da stola za va\u0161u budilicu, okviri za fotografije itd. 25 boja, 6 razina svjetline, 10 na\u010dina treptanja i 6 frekvencija treptanja - Prilagodite LED osvjetljenje no\u0107nog ormari\u0107a pomo\u0107u prilo\u017eenog daljinskog upravlja\u010da za stvaranje razli\u010ditih atmosfera. Jednostavni stol je prikladan u spava\u0107oj sobi kao no\u0107ni ormari\u0107, u dnevnoj sobi kao pomo\u0107ni stol i u uredu kao ormar za dokumente.\u00a0Zahvaljuju\u0107i kabelu du\u017eine 1,8 m s adapterom, stol mo\u017ee biti i dalje od najbli\u017ee uti\u010dnice. Mali stoli\u0107 za kavu izra\u0111en je od iverala debljine 15 mm, stabilan je i ne klima se tijekom uporabe.\u00a0Ukupno nosi do 110 kg.\" \/>\n<meta property=\"og:url\" content=\"https:\/\/inti.hr\/bs\/proizvod\/nocni-ormaric-s-led-rasvjetom\/\" \/>\n<meta property=\"og:site_name\" content=\"Inti\" \/>\n<meta property=\"og:image\" content=\"https:\/\/i0.wp.com\/inti.hr\/wp-content\/uploads\/2023\/02\/LET630T10-9.jpg?fit=750%2C750&ssl=1\" \/>\n\t<meta property=\"og:image:width\" content=\"750\" \/>\n\t<meta property=\"og:image:height\" content=\"750\" \/>\n\t<meta property=\"og:image:type\" content=\"image\/jpeg\" \/>\n<meta name=\"twitter:card\" content=\"summary_large_image\" \/>\n<script type=\"application\/ld+json\" class=\"yoast-schema-graph\">{\"@context\":\"https:\/\/schema.org\",\"@graph\":[{\"@type\":\"WebPage\",\"@id\":\"https:\/\/inti.hr\/bs\/proizvod\/nocni-ormaric-s-led-rasvjetom\/\",\"url\":\"https:\/\/inti.hr\/bs\/proizvod\/nocni-ormaric-s-led-rasvjetom\/\",\"name\":\"No\u0107ni ormari\u0107 s LED rasvjetom - Inti\",\"isPartOf\":{\"@id\":\"https:\/\/inti.hr\/bs\/#website\"},\"primaryImageOfPage\":{\"@id\":\"https:\/\/inti.hr\/bs\/proizvod\/nocni-ormaric-s-led-rasvjetom\/#primaryimage\"},\"image\":{\"@id\":\"https:\/\/inti.hr\/bs\/proizvod\/nocni-ormaric-s-led-rasvjetom\/#primaryimage\"},\"thumbnailUrl\":\"https:\/\/i0.wp.com\/inti.hr\/wp-content\/uploads\/2023\/02\/LET630T10-9.jpg?fit=750%2C750&ssl=1\",\"datePublished\":\"2023-02-10T17:28:50+00:00\",\"dateModified\":\"2023-02-10T17:28:50+00:00\",\"description\":\"\u00a0No\u0107ni ormari\u0107 s 3 velike ladice nudi puno prostora za pohranu i savr\u0161eno pristaje uz va\u0161 krevet - ladice za novine i \u010dasopise, plo\u010da stola za va\u0161u budilicu, okviri za fotografije itd. 25 boja, 6 razina svjetline, 10 na\u010dina treptanja i 6 frekvencija treptanja - Prilagodite LED osvjetljenje no\u0107nog ormari\u0107a pomo\u0107u prilo\u017eenog daljinskog upravlja\u010da za stvaranje razli\u010ditih atmosfera. Jednostavni stol je prikladan u spava\u0107oj sobi kao no\u0107ni ormari\u0107, u dnevnoj sobi kao pomo\u0107ni stol i u uredu kao ormar za dokumente.\u00a0Zahvaljuju\u0107i kabelu du\u017eine 1,8 m s adapterom, stol mo\u017ee biti i dalje od najbli\u017ee uti\u010dnice. Mali stoli\u0107 za kavu izra\u0111en je od iverala debljine 15 mm, stabilan je i ne klima se tijekom uporabe.\u00a0Ukupno nosi do 110 kg.\",\"breadcrumb\":{\"@id\":\"https:\/\/inti.hr\/bs\/proizvod\/nocni-ormaric-s-led-rasvjetom\/#breadcrumb\"},\"inLanguage\":\"bs-BA\",\"potentialAction\":[{\"@type\":\"ReadAction\",\"target\":[\"https:\/\/inti.hr\/bs\/proizvod\/nocni-ormaric-s-led-rasvjetom\/\"]}]},{\"@type\":\"ImageObject\",\"inLanguage\":\"bs-BA\",\"@id\":\"https:\/\/inti.hr\/bs\/proizvod\/nocni-ormaric-s-led-rasvjetom\/#primaryimage\",\"url\":\"https:\/\/i0.wp.com\/inti.hr\/wp-content\/uploads\/2023\/02\/LET630T10-9.jpg?fit=750%2C750&ssl=1\",\"contentUrl\":\"https:\/\/i0.wp.com\/inti.hr\/wp-content\/uploads\/2023\/02\/LET630T10-9.jpg?fit=750%2C750&ssl=1\",\"width\":750,\"height\":750},{\"@type\":\"BreadcrumbList\",\"@id\":\"https:\/\/inti.hr\/bs\/proizvod\/nocni-ormaric-s-led-rasvjetom\/#breadcrumb\",\"itemListElement\":[{\"@type\":\"ListItem\",\"position\":1,\"name\":\"Po\u010detna stranica\",\"item\":\"https:\/\/inti.hr\/bs\/\"},{\"@type\":\"ListItem\",\"position\":2,\"name\":\"Trgovina\",\"item\":\"https:\/\/inti.hr\/bs\/trgovina\/\"},{\"@type\":\"ListItem\",\"position\":3,\"name\":\"No\u0107ni ormari\u0107 s LED rasvjetom\"}]},{\"@type\":\"WebSite\",\"@id\":\"https:\/\/inti.hr\/bs\/#website\",\"url\":\"https:\/\/inti.hr\/bs\/\",\"name\":\"Inti\",\"description\":\"trgovina\",\"potentialAction\":[{\"@type\":\"SearchAction\",\"target\":{\"@type\":\"EntryPoint\",\"urlTemplate\":\"https:\/\/inti.hr\/bs\/?s={search_term_string}\"},\"query-input\":{\"@type\":\"PropertyValueSpecification\",\"valueRequired\":true,\"valueName\":\"search_term_string\"}}],\"inLanguage\":\"bs-BA\"}]}<\/script>\n<!-- \/ Yoast SEO plugin. -->","yoast_head_json":{"title":"No\u0107ni ormari\u0107 s LED rasvjetom - Inti","description":"\u00a0No\u0107ni ormari\u0107 s 3 velike ladice nudi puno prostora za pohranu i savr\u0161eno pristaje uz va\u0161 krevet - ladice za novine i \u010dasopise, plo\u010da stola za va\u0161u budilicu, okviri za fotografije itd. 25 boja, 6 razina svjetline, 10 na\u010dina treptanja i 6 frekvencija treptanja - Prilagodite LED osvjetljenje no\u0107nog ormari\u0107a pomo\u0107u prilo\u017eenog daljinskog upravlja\u010da za stvaranje razli\u010ditih atmosfera. Jednostavni stol je prikladan u spava\u0107oj sobi kao no\u0107ni ormari\u0107, u dnevnoj sobi kao pomo\u0107ni stol i u uredu kao ormar za dokumente.\u00a0Zahvaljuju\u0107i kabelu du\u017eine 1,8 m s adapterom, stol mo\u017ee biti i dalje od najbli\u017ee uti\u010dnice. Mali stoli\u0107 za kavu izra\u0111en je od iverala debljine 15 mm, stabilan je i ne klima se tijekom uporabe.\u00a0Ukupno nosi do 110 kg.","robots":{"index":"index","follow":"follow","max-snippet":"max-snippet:-1","max-image-preview":"max-image-preview:large","max-video-preview":"max-video-preview:-1"},"canonical":"https:\/\/inti.hr\/bs\/proizvod\/nocni-ormaric-s-led-rasvjetom\/","og_locale":"bs_BA","og_type":"article","og_title":"No\u0107ni ormari\u0107 s LED rasvjetom - Inti","og_description":"\u00a0No\u0107ni ormari\u0107 s 3 velike ladice nudi puno prostora za pohranu i savr\u0161eno pristaje uz va\u0161 krevet - ladice za novine i \u010dasopise, plo\u010da stola za va\u0161u budilicu, okviri za fotografije itd. 25 boja, 6 razina svjetline, 10 na\u010dina treptanja i 6 frekvencija treptanja - Prilagodite LED osvjetljenje no\u0107nog ormari\u0107a pomo\u0107u prilo\u017eenog daljinskog upravlja\u010da za stvaranje razli\u010ditih atmosfera. Jednostavni stol je prikladan u spava\u0107oj sobi kao no\u0107ni ormari\u0107, u dnevnoj sobi kao pomo\u0107ni stol i u uredu kao ormar za dokumente.\u00a0Zahvaljuju\u0107i kabelu du\u017eine 1,8 m s adapterom, stol mo\u017ee biti i dalje od najbli\u017ee uti\u010dnice. Mali stoli\u0107 za kavu izra\u0111en je od iverala debljine 15 mm, stabilan je i ne klima se tijekom uporabe.\u00a0Ukupno nosi do 110 kg.","og_url":"https:\/\/inti.hr\/bs\/proizvod\/nocni-ormaric-s-led-rasvjetom\/","og_site_name":"Inti","og_image":[{"width":750,"height":750,"url":"https:\/\/i0.wp.com\/inti.hr\/wp-content\/uploads\/2023\/02\/LET630T10-9.jpg?fit=750%2C750&ssl=1","type":"image\/jpeg"}],"twitter_card":"summary_large_image","schema":{"@context":"https:\/\/schema.org","@graph":[{"@type":"WebPage","@id":"https:\/\/inti.hr\/bs\/proizvod\/nocni-ormaric-s-led-rasvjetom\/","url":"https:\/\/inti.hr\/bs\/proizvod\/nocni-ormaric-s-led-rasvjetom\/","name":"No\u0107ni ormari\u0107 s LED rasvjetom - Inti","isPartOf":{"@id":"https:\/\/inti.hr\/bs\/#website"},"primaryImageOfPage":{"@id":"https:\/\/inti.hr\/bs\/proizvod\/nocni-ormaric-s-led-rasvjetom\/#primaryimage"},"image":{"@id":"https:\/\/inti.hr\/bs\/proizvod\/nocni-ormaric-s-led-rasvjetom\/#primaryimage"},"thumbnailUrl":"https:\/\/i0.wp.com\/inti.hr\/wp-content\/uploads\/2023\/02\/LET630T10-9.jpg?fit=750%2C750&ssl=1","datePublished":"2023-02-10T17:28:50+00:00","dateModified":"2023-02-10T17:28:50+00:00","description":"\u00a0No\u0107ni ormari\u0107 s 3 velike ladice nudi puno prostora za pohranu i savr\u0161eno pristaje uz va\u0161 krevet - ladice za novine i \u010dasopise, plo\u010da stola za va\u0161u budilicu, okviri za fotografije itd. 25 boja, 6 razina svjetline, 10 na\u010dina treptanja i 6 frekvencija treptanja - Prilagodite LED osvjetljenje no\u0107nog ormari\u0107a pomo\u0107u prilo\u017eenog daljinskog upravlja\u010da za stvaranje razli\u010ditih atmosfera. Jednostavni stol je prikladan u spava\u0107oj sobi kao no\u0107ni ormari\u0107, u dnevnoj sobi kao pomo\u0107ni stol i u uredu kao ormar za dokumente.\u00a0Zahvaljuju\u0107i kabelu du\u017eine 1,8 m s adapterom, stol mo\u017ee biti i dalje od najbli\u017ee uti\u010dnice. Mali stoli\u0107 za kavu izra\u0111en je od iverala debljine 15 mm, stabilan je i ne klima se tijekom uporabe.\u00a0Ukupno nosi do 110 kg.","breadcrumb":{"@id":"https:\/\/inti.hr\/bs\/proizvod\/nocni-ormaric-s-led-rasvjetom\/#breadcrumb"},"inLanguage":"bs-BA","potentialAction":[{"@type":"ReadAction","target":["https:\/\/inti.hr\/bs\/proizvod\/nocni-ormaric-s-led-rasvjetom\/"]}]},{"@type":"ImageObject","inLanguage":"bs-BA","@id":"https:\/\/inti.hr\/bs\/proizvod\/nocni-ormaric-s-led-rasvjetom\/#primaryimage","url":"https:\/\/i0.wp.com\/inti.hr\/wp-content\/uploads\/2023\/02\/LET630T10-9.jpg?fit=750%2C750&ssl=1","contentUrl":"https:\/\/i0.wp.com\/inti.hr\/wp-content\/uploads\/2023\/02\/LET630T10-9.jpg?fit=750%2C750&ssl=1","width":750,"height":750},{"@type":"BreadcrumbList","@id":"https:\/\/inti.hr\/bs\/proizvod\/nocni-ormaric-s-led-rasvjetom\/#breadcrumb","itemListElement":[{"@type":"ListItem","position":1,"name":"Po\u010detna stranica","item":"https:\/\/inti.hr\/bs\/"},{"@type":"ListItem","position":2,"name":"Trgovina","item":"https:\/\/inti.hr\/bs\/trgovina\/"},{"@type":"ListItem","position":3,"name":"No\u0107ni ormari\u0107 s LED rasvjetom"}]},{"@type":"WebSite","@id":"https:\/\/inti.hr\/bs\/#website","url":"https:\/\/inti.hr\/bs\/","name":"Inti","description":"trgovina","potentialAction":[{"@type":"SearchAction","target":{"@type":"EntryPoint","urlTemplate":"https:\/\/inti.hr\/bs\/?s={search_term_string}"},"query-input":{"@type":"PropertyValueSpecification","valueRequired":true,"valueName":"search_term_string"}}],"inLanguage":"bs-BA"}]}},"jetpack_sharing_enabled":true,"jetpack-related-posts":[],"_links":{"self":[{"href":"https:\/\/inti.hr\/bs\/wp-json\/wp\/v2\/product\/33491"}],"collection":[{"href":"https:\/\/inti.hr\/bs\/wp-json\/wp\/v2\/product"}],"about":[{"href":"https:\/\/inti.hr\/bs\/wp-json\/wp\/v2\/types\/product"}],"wp:featuredmedia":[{"embeddable":true,"href":"https:\/\/inti.hr\/bs\/wp-json\/wp\/v2\/media\/33492"}],"wp:attachment":[{"href":"https:\/\/inti.hr\/bs\/wp-json\/wp\/v2\/media?parent=33491"}],"wp:term":[{"taxonomy":"product_cat","embeddable":true,"href":"https:\/\/inti.hr\/bs\/wp-json\/wp\/v2\/product_cat?post=33491"},{"taxonomy":"product_tag","embeddable":true,"href":"https:\/\/inti.hr\/bs\/wp-json\/wp\/v2\/product_tag?post=33491"}],"curies":[{"name":"wp","href":"https:\/\/api.w.org\/{rel}","templated":true}]}}