{"id":33507,"date":"2023-01-30T10:06:41","date_gmt":"2023-01-30T10:06:41","guid":{"rendered":"https:\/\/inti.hr\/product\/ulazna-komoda-za-cipele-ira\/"},"modified":"2023-01-30T10:06:41","modified_gmt":"2023-01-30T10:06:41","slug":"ulazna-komoda-za-cipele-ira","status":"publish","type":"product","link":"https:\/\/inti.hr\/bs\/proizvod\/ulazna-komoda-za-cipele-ira\/","title":{"rendered":"Ulazna komoda za cipele Ira"},"content":{"rendered":"<p>Detalji proizvoda:<\/p>\n<ul>\n<li>Materijal: MDF i borovo drvo, s izdr\u017eljivim sivim melaminskim premazom<\/li>\n<li>Mjere: du\u017eina 90 cm, dubina: 35 cm, visina: 45 cm<\/li>\n<li>Te\u017eina 18 kg,<\/li>\n<li>Maksimalno optere\u0107enje: 120 kg<\/li>\n<li>S uputama za sastavljanje i vijcima.\u00a0Jednostavna instalacija.<\/li>\n<\/ul>\n","protected":false},"excerpt":{"rendered":"<p>Uistinu svestrana klupa, jednostavnog dizajna i klasi\u010dnih boja, nije savr\u0161ena samo &#8230; <\/p>\n","protected":false},"featured_media":33508,"template":"","meta":[],"product_cat":[2632],"product_tag":[2936,2638],"yoast_head":"<!-- This site is optimized with the Yoast SEO plugin v23.7 - https:\/\/yoast.com\/wordpress\/plugins\/seo\/ -->\n<title>Ulazna komoda za cipele Ira - Inti<\/title>\n<meta name=\"description\" content=\"Uistinu svestrana klupa, jednostavnog dizajna i klasi\u010dnih boja, nije savr\u0161ena samo kao stalak za cipele u predsoblju, ve\u0107 se mo\u017ee koristiti i u dnevnoj sobi kao ormari\u0107 ili podno\u017eje, ili kao no\u0107ni ormari\u0107 u spava\u0107oj sobi.Klupa je opremljena jastukom debljine 4 cm, vrlo je udobna i bit \u0107e idealan ukras u va\u0161em hodniku.Materijal otporan na plijesan, jednostavan za \u010di\u0161\u0107enje - Izra\u0111en od MDF plo\u010de razreda E1 i oblo\u017een glatkim lakom, ovaj ormari\u0107 mo\u017ee odoljeti vlazi u kupaonici i sprije\u010diti stvaranje plijesni, \u0161to ga \u010dini lakim za odr\u017eavanje\" \/>\n<meta name=\"robots\" content=\"index, follow, max-snippet:-1, max-image-preview:large, max-video-preview:-1\" \/>\n<link rel=\"canonical\" href=\"https:\/\/inti.hr\/bs\/proizvod\/ulazna-komoda-za-cipele-ira\/\" \/>\n<meta property=\"og:locale\" content=\"bs_BA\" \/>\n<meta property=\"og:type\" content=\"article\" \/>\n<meta property=\"og:title\" content=\"Ulazna komoda za cipele Ira - Inti\" \/>\n<meta property=\"og:description\" content=\"Uistinu svestrana klupa, jednostavnog dizajna i klasi\u010dnih boja, nije savr\u0161ena samo kao stalak za cipele u predsoblju, ve\u0107 se mo\u017ee koristiti i u dnevnoj sobi kao ormari\u0107 ili podno\u017eje, ili kao no\u0107ni ormari\u0107 u spava\u0107oj sobi.Klupa je opremljena jastukom debljine 4 cm, vrlo je udobna i bit \u0107e idealan ukras u va\u0161em hodniku.Materijal otporan na plijesan, jednostavan za \u010di\u0161\u0107enje - Izra\u0111en od MDF plo\u010de razreda E1 i oblo\u017een glatkim lakom, ovaj ormari\u0107 mo\u017ee odoljeti vlazi u kupaonici i sprije\u010diti stvaranje plijesni, \u0161to ga \u010dini lakim za odr\u017eavanje\" \/>\n<meta property=\"og:url\" content=\"https:\/\/inti.hr\/bs\/proizvod\/ulazna-komoda-za-cipele-ira\/\" \/>\n<meta property=\"og:site_name\" content=\"Inti\" \/>\n<meta property=\"og:image\" content=\"https:\/\/i0.wp.com\/inti.hr\/wp-content\/uploads\/2023\/01\/FSR80-SG-Y001.webp?fit=1600%2C1600&ssl=1\" \/>\n\t<meta property=\"og:image:width\" content=\"1600\" \/>\n\t<meta property=\"og:image:height\" content=\"1600\" \/>\n\t<meta property=\"og:image:type\" content=\"image\/webp\" \/>\n<meta name=\"twitter:card\" content=\"summary_large_image\" \/>\n<script type=\"application\/ld+json\" class=\"yoast-schema-graph\">{\"@context\":\"https:\/\/schema.org\",\"@graph\":[{\"@type\":\"WebPage\",\"@id\":\"https:\/\/inti.hr\/bs\/proizvod\/ulazna-komoda-za-cipele-ira\/\",\"url\":\"https:\/\/inti.hr\/bs\/proizvod\/ulazna-komoda-za-cipele-ira\/\",\"name\":\"Ulazna komoda za cipele Ira - Inti\",\"isPartOf\":{\"@id\":\"https:\/\/inti.hr\/bs\/#website\"},\"primaryImageOfPage\":{\"@id\":\"https:\/\/inti.hr\/bs\/proizvod\/ulazna-komoda-za-cipele-ira\/#primaryimage\"},\"image\":{\"@id\":\"https:\/\/inti.hr\/bs\/proizvod\/ulazna-komoda-za-cipele-ira\/#primaryimage\"},\"thumbnailUrl\":\"https:\/\/i0.wp.com\/inti.hr\/wp-content\/uploads\/2023\/01\/FSR80-SG-Y001.webp?fit=1600%2C1600&ssl=1\",\"datePublished\":\"2023-01-30T10:06:41+00:00\",\"dateModified\":\"2023-01-30T10:06:41+00:00\",\"description\":\"Uistinu svestrana klupa, jednostavnog dizajna i klasi\u010dnih boja, nije savr\u0161ena samo kao stalak za cipele u predsoblju, ve\u0107 se mo\u017ee koristiti i u dnevnoj sobi kao ormari\u0107 ili podno\u017eje, ili kao no\u0107ni ormari\u0107 u spava\u0107oj sobi.Klupa je opremljena jastukom debljine 4 cm, vrlo je udobna i bit \u0107e idealan ukras u va\u0161em hodniku.Materijal otporan na plijesan, jednostavan za \u010di\u0161\u0107enje - Izra\u0111en od MDF plo\u010de razreda E1 i oblo\u017een glatkim lakom, ovaj ormari\u0107 mo\u017ee odoljeti vlazi u kupaonici i sprije\u010diti stvaranje plijesni, \u0161to ga \u010dini lakim za odr\u017eavanje\",\"breadcrumb\":{\"@id\":\"https:\/\/inti.hr\/bs\/proizvod\/ulazna-komoda-za-cipele-ira\/#breadcrumb\"},\"inLanguage\":\"bs-BA\",\"potentialAction\":[{\"@type\":\"ReadAction\",\"target\":[\"https:\/\/inti.hr\/bs\/proizvod\/ulazna-komoda-za-cipele-ira\/\"]}]},{\"@type\":\"ImageObject\",\"inLanguage\":\"bs-BA\",\"@id\":\"https:\/\/inti.hr\/bs\/proizvod\/ulazna-komoda-za-cipele-ira\/#primaryimage\",\"url\":\"https:\/\/i0.wp.com\/inti.hr\/wp-content\/uploads\/2023\/01\/FSR80-SG-Y001.webp?fit=1600%2C1600&ssl=1\",\"contentUrl\":\"https:\/\/i0.wp.com\/inti.hr\/wp-content\/uploads\/2023\/01\/FSR80-SG-Y001.webp?fit=1600%2C1600&ssl=1\",\"width\":1600,\"height\":1600},{\"@type\":\"BreadcrumbList\",\"@id\":\"https:\/\/inti.hr\/bs\/proizvod\/ulazna-komoda-za-cipele-ira\/#breadcrumb\",\"itemListElement\":[{\"@type\":\"ListItem\",\"position\":1,\"name\":\"Po\u010detna stranica\",\"item\":\"https:\/\/inti.hr\/bs\/\"},{\"@type\":\"ListItem\",\"position\":2,\"name\":\"Trgovina\",\"item\":\"https:\/\/inti.hr\/bs\/trgovina\/\"},{\"@type\":\"ListItem\",\"position\":3,\"name\":\"Ulazna komoda za cipele Ira\"}]},{\"@type\":\"WebSite\",\"@id\":\"https:\/\/inti.hr\/bs\/#website\",\"url\":\"https:\/\/inti.hr\/bs\/\",\"name\":\"Inti\",\"description\":\"trgovina\",\"potentialAction\":[{\"@type\":\"SearchAction\",\"target\":{\"@type\":\"EntryPoint\",\"urlTemplate\":\"https:\/\/inti.hr\/bs\/?s={search_term_string}\"},\"query-input\":{\"@type\":\"PropertyValueSpecification\",\"valueRequired\":true,\"valueName\":\"search_term_string\"}}],\"inLanguage\":\"bs-BA\"}]}<\/script>\n<!-- \/ Yoast SEO plugin. -->","yoast_head_json":{"title":"Ulazna komoda za cipele Ira - Inti","description":"Uistinu svestrana klupa, jednostavnog dizajna i klasi\u010dnih boja, nije savr\u0161ena samo kao stalak za cipele u predsoblju, ve\u0107 se mo\u017ee koristiti i u dnevnoj sobi kao ormari\u0107 ili podno\u017eje, ili kao no\u0107ni ormari\u0107 u spava\u0107oj sobi.Klupa je opremljena jastukom debljine 4 cm, vrlo je udobna i bit \u0107e idealan ukras u va\u0161em hodniku.Materijal otporan na plijesan, jednostavan za \u010di\u0161\u0107enje - Izra\u0111en od MDF plo\u010de razreda E1 i oblo\u017een glatkim lakom, ovaj ormari\u0107 mo\u017ee odoljeti vlazi u kupaonici i sprije\u010diti stvaranje plijesni, \u0161to ga \u010dini lakim za odr\u017eavanje","robots":{"index":"index","follow":"follow","max-snippet":"max-snippet:-1","max-image-preview":"max-image-preview:large","max-video-preview":"max-video-preview:-1"},"canonical":"https:\/\/inti.hr\/bs\/proizvod\/ulazna-komoda-za-cipele-ira\/","og_locale":"bs_BA","og_type":"article","og_title":"Ulazna komoda za cipele Ira - Inti","og_description":"Uistinu svestrana klupa, jednostavnog dizajna i klasi\u010dnih boja, nije savr\u0161ena samo kao stalak za cipele u predsoblju, ve\u0107 se mo\u017ee koristiti i u dnevnoj sobi kao ormari\u0107 ili podno\u017eje, ili kao no\u0107ni ormari\u0107 u spava\u0107oj sobi.Klupa je opremljena jastukom debljine 4 cm, vrlo je udobna i bit \u0107e idealan ukras u va\u0161em hodniku.Materijal otporan na plijesan, jednostavan za \u010di\u0161\u0107enje - Izra\u0111en od MDF plo\u010de razreda E1 i oblo\u017een glatkim lakom, ovaj ormari\u0107 mo\u017ee odoljeti vlazi u kupaonici i sprije\u010diti stvaranje plijesni, \u0161to ga \u010dini lakim za odr\u017eavanje","og_url":"https:\/\/inti.hr\/bs\/proizvod\/ulazna-komoda-za-cipele-ira\/","og_site_name":"Inti","og_image":[{"width":1600,"height":1600,"url":"https:\/\/i0.wp.com\/inti.hr\/wp-content\/uploads\/2023\/01\/FSR80-SG-Y001.webp?fit=1600%2C1600&ssl=1","type":"image\/webp"}],"twitter_card":"summary_large_image","schema":{"@context":"https:\/\/schema.org","@graph":[{"@type":"WebPage","@id":"https:\/\/inti.hr\/bs\/proizvod\/ulazna-komoda-za-cipele-ira\/","url":"https:\/\/inti.hr\/bs\/proizvod\/ulazna-komoda-za-cipele-ira\/","name":"Ulazna komoda za cipele Ira - Inti","isPartOf":{"@id":"https:\/\/inti.hr\/bs\/#website"},"primaryImageOfPage":{"@id":"https:\/\/inti.hr\/bs\/proizvod\/ulazna-komoda-za-cipele-ira\/#primaryimage"},"image":{"@id":"https:\/\/inti.hr\/bs\/proizvod\/ulazna-komoda-za-cipele-ira\/#primaryimage"},"thumbnailUrl":"https:\/\/i0.wp.com\/inti.hr\/wp-content\/uploads\/2023\/01\/FSR80-SG-Y001.webp?fit=1600%2C1600&ssl=1","datePublished":"2023-01-30T10:06:41+00:00","dateModified":"2023-01-30T10:06:41+00:00","description":"Uistinu svestrana klupa, jednostavnog dizajna i klasi\u010dnih boja, nije savr\u0161ena samo kao stalak za cipele u predsoblju, ve\u0107 se mo\u017ee koristiti i u dnevnoj sobi kao ormari\u0107 ili podno\u017eje, ili kao no\u0107ni ormari\u0107 u spava\u0107oj sobi.Klupa je opremljena jastukom debljine 4 cm, vrlo je udobna i bit \u0107e idealan ukras u va\u0161em hodniku.Materijal otporan na plijesan, jednostavan za \u010di\u0161\u0107enje - Izra\u0111en od MDF plo\u010de razreda E1 i oblo\u017een glatkim lakom, ovaj ormari\u0107 mo\u017ee odoljeti vlazi u kupaonici i sprije\u010diti stvaranje plijesni, \u0161to ga \u010dini lakim za odr\u017eavanje","breadcrumb":{"@id":"https:\/\/inti.hr\/bs\/proizvod\/ulazna-komoda-za-cipele-ira\/#breadcrumb"},"inLanguage":"bs-BA","potentialAction":[{"@type":"ReadAction","target":["https:\/\/inti.hr\/bs\/proizvod\/ulazna-komoda-za-cipele-ira\/"]}]},{"@type":"ImageObject","inLanguage":"bs-BA","@id":"https:\/\/inti.hr\/bs\/proizvod\/ulazna-komoda-za-cipele-ira\/#primaryimage","url":"https:\/\/i0.wp.com\/inti.hr\/wp-content\/uploads\/2023\/01\/FSR80-SG-Y001.webp?fit=1600%2C1600&ssl=1","contentUrl":"https:\/\/i0.wp.com\/inti.hr\/wp-content\/uploads\/2023\/01\/FSR80-SG-Y001.webp?fit=1600%2C1600&ssl=1","width":1600,"height":1600},{"@type":"BreadcrumbList","@id":"https:\/\/inti.hr\/bs\/proizvod\/ulazna-komoda-za-cipele-ira\/#breadcrumb","itemListElement":[{"@type":"ListItem","position":1,"name":"Po\u010detna stranica","item":"https:\/\/inti.hr\/bs\/"},{"@type":"ListItem","position":2,"name":"Trgovina","item":"https:\/\/inti.hr\/bs\/trgovina\/"},{"@type":"ListItem","position":3,"name":"Ulazna komoda za cipele Ira"}]},{"@type":"WebSite","@id":"https:\/\/inti.hr\/bs\/#website","url":"https:\/\/inti.hr\/bs\/","name":"Inti","description":"trgovina","potentialAction":[{"@type":"SearchAction","target":{"@type":"EntryPoint","urlTemplate":"https:\/\/inti.hr\/bs\/?s={search_term_string}"},"query-input":{"@type":"PropertyValueSpecification","valueRequired":true,"valueName":"search_term_string"}}],"inLanguage":"bs-BA"}]}},"jetpack_sharing_enabled":true,"jetpack-related-posts":[],"_links":{"self":[{"href":"https:\/\/inti.hr\/bs\/wp-json\/wp\/v2\/product\/33507"}],"collection":[{"href":"https:\/\/inti.hr\/bs\/wp-json\/wp\/v2\/product"}],"about":[{"href":"https:\/\/inti.hr\/bs\/wp-json\/wp\/v2\/types\/product"}],"wp:featuredmedia":[{"embeddable":true,"href":"https:\/\/inti.hr\/bs\/wp-json\/wp\/v2\/media\/33508"}],"wp:attachment":[{"href":"https:\/\/inti.hr\/bs\/wp-json\/wp\/v2\/media?parent=33507"}],"wp:term":[{"taxonomy":"product_cat","embeddable":true,"href":"https:\/\/inti.hr\/bs\/wp-json\/wp\/v2\/product_cat?post=33507"},{"taxonomy":"product_tag","embeddable":true,"href":"https:\/\/inti.hr\/bs\/wp-json\/wp\/v2\/product_tag?post=33507"}],"curies":[{"name":"wp","href":"https:\/\/api.w.org\/{rel}","templated":true}]}}