{"id":33523,"date":"2023-01-14T08:48:04","date_gmt":"2023-01-14T08:48:04","guid":{"rendered":"https:\/\/inti.hr\/product\/ormar-za-knjige-sa-4-police\/"},"modified":"2023-01-14T08:48:04","modified_gmt":"2023-01-14T08:48:04","slug":"ormar-za-knjige-sa-4-police","status":"publish","type":"product","link":"https:\/\/inti.hr\/bs\/proizvod\/ormar-za-knjige-sa-4-police\/","title":{"rendered":"Ormar za knjige sa 4 police"},"content":{"rendered":"<p><b>Detalji proizvoda:<\/b><br \/>\n&#8211; Boja: vintage sme\u0111e-crna<br \/>\n&#8211; Materijal: iverica, \u010delik<br \/>\n&#8211; Veli\u010dina: 30 x 74 x 154,5 cm (D x \u0160 x V)<br \/>\n&#8211; Te\u017eina: 25 kg<br \/>\n&#8211; Maksimalno stati\u010dko optere\u0107enje po razini police: 20 kg<\/p>\n","protected":false},"excerpt":{"rendered":"<p>Ova polica za knjige ima 4 police i ormari\u0107 s dvostrukim &#8230; <\/p>\n","protected":false},"featured_media":33525,"template":"","meta":[],"product_cat":[2418],"product_tag":[3730,2598,2437],"yoast_head":"<!-- This site is optimized with the Yoast SEO plugin v23.7 - https:\/\/yoast.com\/wordpress\/plugins\/seo\/ -->\n<title>Ormar za knjige sa 4 police - Inti<\/title>\n<meta name=\"description\" content=\"Ova polica za knjige ima 4 police i ormari\u0107 s dvostrukim vratima.\u00a0Tako mo\u017eete sa\u010duvati foto albume od znati\u017eeljnih gostiju ili svoje dobro posu\u0111e od pra\u0161ine. Uljep\u0161ajte svoje zidove ovom originalnom policom koja ima nepravilno raspore\u0111ene pregrade. Ovaj cik-cak uzorak unosi raznolikost i kreativnost u va\u0161 dom! Recite zbogom nakrivljenim policama koje ozbiljno remete sklad u va\u0161em domu! Zahvaljuju\u0107i podesivim no\u017eicama, ova polica za dnevni boravak uvijek je paralelna s podom bez naginjanja u stranu. Opremljena \u010dvrstim \u010deli\u010dnim okvirom i iveralom, ova polica za knjige nudi obilje prostora za zbirke svih vrsta. Knjige, trofeji, blagdanski suveniri - svaka polica mo\u017ee dr\u017eati predmete do 20 kg.\" \/>\n<meta name=\"robots\" content=\"index, follow, max-snippet:-1, max-image-preview:large, max-video-preview:-1\" \/>\n<link rel=\"canonical\" href=\"https:\/\/inti.hr\/bs\/proizvod\/ormar-za-knjige-sa-4-police\/\" \/>\n<meta property=\"og:locale\" content=\"bs_BA\" \/>\n<meta property=\"og:type\" content=\"article\" \/>\n<meta property=\"og:title\" content=\"Ormar za knjige sa 4 police - Inti\" \/>\n<meta property=\"og:description\" content=\"Ova polica za knjige ima 4 police i ormari\u0107 s dvostrukim vratima.\u00a0Tako mo\u017eete sa\u010duvati foto albume od znati\u017eeljnih gostiju ili svoje dobro posu\u0111e od pra\u0161ine. Uljep\u0161ajte svoje zidove ovom originalnom policom koja ima nepravilno raspore\u0111ene pregrade. Ovaj cik-cak uzorak unosi raznolikost i kreativnost u va\u0161 dom! Recite zbogom nakrivljenim policama koje ozbiljno remete sklad u va\u0161em domu! Zahvaljuju\u0107i podesivim no\u017eicama, ova polica za dnevni boravak uvijek je paralelna s podom bez naginjanja u stranu. Opremljena \u010dvrstim \u010deli\u010dnim okvirom i iveralom, ova polica za knjige nudi obilje prostora za zbirke svih vrsta. Knjige, trofeji, blagdanski suveniri - svaka polica mo\u017ee dr\u017eati predmete do 20 kg.\" \/>\n<meta property=\"og:url\" content=\"https:\/\/inti.hr\/bs\/proizvod\/ormar-za-knjige-sa-4-police\/\" \/>\n<meta property=\"og:site_name\" content=\"Inti\" \/>\n<meta property=\"og:image\" content=\"https:\/\/i0.wp.com\/inti.hr\/wp-content\/uploads\/2023\/01\/LBC022B50-2-1.jpg?fit=1000%2C1000&ssl=1\" \/>\n\t<meta property=\"og:image:width\" content=\"1000\" \/>\n\t<meta property=\"og:image:height\" content=\"1000\" \/>\n\t<meta property=\"og:image:type\" content=\"image\/jpeg\" \/>\n<meta name=\"twitter:card\" content=\"summary_large_image\" \/>\n<script type=\"application\/ld+json\" class=\"yoast-schema-graph\">{\"@context\":\"https:\/\/schema.org\",\"@graph\":[{\"@type\":\"WebPage\",\"@id\":\"https:\/\/inti.hr\/bs\/proizvod\/ormar-za-knjige-sa-4-police\/\",\"url\":\"https:\/\/inti.hr\/bs\/proizvod\/ormar-za-knjige-sa-4-police\/\",\"name\":\"Ormar za knjige sa 4 police - Inti\",\"isPartOf\":{\"@id\":\"https:\/\/inti.hr\/bs\/#website\"},\"primaryImageOfPage\":{\"@id\":\"https:\/\/inti.hr\/bs\/proizvod\/ormar-za-knjige-sa-4-police\/#primaryimage\"},\"image\":{\"@id\":\"https:\/\/inti.hr\/bs\/proizvod\/ormar-za-knjige-sa-4-police\/#primaryimage\"},\"thumbnailUrl\":\"https:\/\/i0.wp.com\/inti.hr\/wp-content\/uploads\/2023\/01\/LBC022B50-2-1.jpg?fit=1000%2C1000&ssl=1\",\"datePublished\":\"2023-01-14T08:48:04+00:00\",\"dateModified\":\"2023-01-14T08:48:04+00:00\",\"description\":\"Ova polica za knjige ima 4 police i ormari\u0107 s dvostrukim vratima.\u00a0Tako mo\u017eete sa\u010duvati foto albume od znati\u017eeljnih gostiju ili svoje dobro posu\u0111e od pra\u0161ine. Uljep\u0161ajte svoje zidove ovom originalnom policom koja ima nepravilno raspore\u0111ene pregrade. Ovaj cik-cak uzorak unosi raznolikost i kreativnost u va\u0161 dom! Recite zbogom nakrivljenim policama koje ozbiljno remete sklad u va\u0161em domu! Zahvaljuju\u0107i podesivim no\u017eicama, ova polica za dnevni boravak uvijek je paralelna s podom bez naginjanja u stranu. Opremljena \u010dvrstim \u010deli\u010dnim okvirom i iveralom, ova polica za knjige nudi obilje prostora za zbirke svih vrsta. Knjige, trofeji, blagdanski suveniri - svaka polica mo\u017ee dr\u017eati predmete do 20 kg.\",\"breadcrumb\":{\"@id\":\"https:\/\/inti.hr\/bs\/proizvod\/ormar-za-knjige-sa-4-police\/#breadcrumb\"},\"inLanguage\":\"bs-BA\",\"potentialAction\":[{\"@type\":\"ReadAction\",\"target\":[\"https:\/\/inti.hr\/bs\/proizvod\/ormar-za-knjige-sa-4-police\/\"]}]},{\"@type\":\"ImageObject\",\"inLanguage\":\"bs-BA\",\"@id\":\"https:\/\/inti.hr\/bs\/proizvod\/ormar-za-knjige-sa-4-police\/#primaryimage\",\"url\":\"https:\/\/i0.wp.com\/inti.hr\/wp-content\/uploads\/2023\/01\/LBC022B50-2-1.jpg?fit=1000%2C1000&ssl=1\",\"contentUrl\":\"https:\/\/i0.wp.com\/inti.hr\/wp-content\/uploads\/2023\/01\/LBC022B50-2-1.jpg?fit=1000%2C1000&ssl=1\",\"width\":1000,\"height\":1000},{\"@type\":\"BreadcrumbList\",\"@id\":\"https:\/\/inti.hr\/bs\/proizvod\/ormar-za-knjige-sa-4-police\/#breadcrumb\",\"itemListElement\":[{\"@type\":\"ListItem\",\"position\":1,\"name\":\"Po\u010detna stranica\",\"item\":\"https:\/\/inti.hr\/bs\/\"},{\"@type\":\"ListItem\",\"position\":2,\"name\":\"Trgovina\",\"item\":\"https:\/\/inti.hr\/bs\/trgovina\/\"},{\"@type\":\"ListItem\",\"position\":3,\"name\":\"Ormar za knjige sa 4 police\"}]},{\"@type\":\"WebSite\",\"@id\":\"https:\/\/inti.hr\/bs\/#website\",\"url\":\"https:\/\/inti.hr\/bs\/\",\"name\":\"Inti\",\"description\":\"trgovina\",\"potentialAction\":[{\"@type\":\"SearchAction\",\"target\":{\"@type\":\"EntryPoint\",\"urlTemplate\":\"https:\/\/inti.hr\/bs\/?s={search_term_string}\"},\"query-input\":{\"@type\":\"PropertyValueSpecification\",\"valueRequired\":true,\"valueName\":\"search_term_string\"}}],\"inLanguage\":\"bs-BA\"}]}<\/script>\n<!-- \/ Yoast SEO plugin. -->","yoast_head_json":{"title":"Ormar za knjige sa 4 police - Inti","description":"Ova polica za knjige ima 4 police i ormari\u0107 s dvostrukim vratima.\u00a0Tako mo\u017eete sa\u010duvati foto albume od znati\u017eeljnih gostiju ili svoje dobro posu\u0111e od pra\u0161ine. Uljep\u0161ajte svoje zidove ovom originalnom policom koja ima nepravilno raspore\u0111ene pregrade. Ovaj cik-cak uzorak unosi raznolikost i kreativnost u va\u0161 dom! Recite zbogom nakrivljenim policama koje ozbiljno remete sklad u va\u0161em domu! Zahvaljuju\u0107i podesivim no\u017eicama, ova polica za dnevni boravak uvijek je paralelna s podom bez naginjanja u stranu. Opremljena \u010dvrstim \u010deli\u010dnim okvirom i iveralom, ova polica za knjige nudi obilje prostora za zbirke svih vrsta. Knjige, trofeji, blagdanski suveniri - svaka polica mo\u017ee dr\u017eati predmete do 20 kg.","robots":{"index":"index","follow":"follow","max-snippet":"max-snippet:-1","max-image-preview":"max-image-preview:large","max-video-preview":"max-video-preview:-1"},"canonical":"https:\/\/inti.hr\/bs\/proizvod\/ormar-za-knjige-sa-4-police\/","og_locale":"bs_BA","og_type":"article","og_title":"Ormar za knjige sa 4 police - Inti","og_description":"Ova polica za knjige ima 4 police i ormari\u0107 s dvostrukim vratima.\u00a0Tako mo\u017eete sa\u010duvati foto albume od znati\u017eeljnih gostiju ili svoje dobro posu\u0111e od pra\u0161ine. Uljep\u0161ajte svoje zidove ovom originalnom policom koja ima nepravilno raspore\u0111ene pregrade. Ovaj cik-cak uzorak unosi raznolikost i kreativnost u va\u0161 dom! Recite zbogom nakrivljenim policama koje ozbiljno remete sklad u va\u0161em domu! Zahvaljuju\u0107i podesivim no\u017eicama, ova polica za dnevni boravak uvijek je paralelna s podom bez naginjanja u stranu. Opremljena \u010dvrstim \u010deli\u010dnim okvirom i iveralom, ova polica za knjige nudi obilje prostora za zbirke svih vrsta. Knjige, trofeji, blagdanski suveniri - svaka polica mo\u017ee dr\u017eati predmete do 20 kg.","og_url":"https:\/\/inti.hr\/bs\/proizvod\/ormar-za-knjige-sa-4-police\/","og_site_name":"Inti","og_image":[{"width":1000,"height":1000,"url":"https:\/\/i0.wp.com\/inti.hr\/wp-content\/uploads\/2023\/01\/LBC022B50-2-1.jpg?fit=1000%2C1000&ssl=1","type":"image\/jpeg"}],"twitter_card":"summary_large_image","schema":{"@context":"https:\/\/schema.org","@graph":[{"@type":"WebPage","@id":"https:\/\/inti.hr\/bs\/proizvod\/ormar-za-knjige-sa-4-police\/","url":"https:\/\/inti.hr\/bs\/proizvod\/ormar-za-knjige-sa-4-police\/","name":"Ormar za knjige sa 4 police - Inti","isPartOf":{"@id":"https:\/\/inti.hr\/bs\/#website"},"primaryImageOfPage":{"@id":"https:\/\/inti.hr\/bs\/proizvod\/ormar-za-knjige-sa-4-police\/#primaryimage"},"image":{"@id":"https:\/\/inti.hr\/bs\/proizvod\/ormar-za-knjige-sa-4-police\/#primaryimage"},"thumbnailUrl":"https:\/\/i0.wp.com\/inti.hr\/wp-content\/uploads\/2023\/01\/LBC022B50-2-1.jpg?fit=1000%2C1000&ssl=1","datePublished":"2023-01-14T08:48:04+00:00","dateModified":"2023-01-14T08:48:04+00:00","description":"Ova polica za knjige ima 4 police i ormari\u0107 s dvostrukim vratima.\u00a0Tako mo\u017eete sa\u010duvati foto albume od znati\u017eeljnih gostiju ili svoje dobro posu\u0111e od pra\u0161ine. Uljep\u0161ajte svoje zidove ovom originalnom policom koja ima nepravilno raspore\u0111ene pregrade. Ovaj cik-cak uzorak unosi raznolikost i kreativnost u va\u0161 dom! Recite zbogom nakrivljenim policama koje ozbiljno remete sklad u va\u0161em domu! Zahvaljuju\u0107i podesivim no\u017eicama, ova polica za dnevni boravak uvijek je paralelna s podom bez naginjanja u stranu. Opremljena \u010dvrstim \u010deli\u010dnim okvirom i iveralom, ova polica za knjige nudi obilje prostora za zbirke svih vrsta. Knjige, trofeji, blagdanski suveniri - svaka polica mo\u017ee dr\u017eati predmete do 20 kg.","breadcrumb":{"@id":"https:\/\/inti.hr\/bs\/proizvod\/ormar-za-knjige-sa-4-police\/#breadcrumb"},"inLanguage":"bs-BA","potentialAction":[{"@type":"ReadAction","target":["https:\/\/inti.hr\/bs\/proizvod\/ormar-za-knjige-sa-4-police\/"]}]},{"@type":"ImageObject","inLanguage":"bs-BA","@id":"https:\/\/inti.hr\/bs\/proizvod\/ormar-za-knjige-sa-4-police\/#primaryimage","url":"https:\/\/i0.wp.com\/inti.hr\/wp-content\/uploads\/2023\/01\/LBC022B50-2-1.jpg?fit=1000%2C1000&ssl=1","contentUrl":"https:\/\/i0.wp.com\/inti.hr\/wp-content\/uploads\/2023\/01\/LBC022B50-2-1.jpg?fit=1000%2C1000&ssl=1","width":1000,"height":1000},{"@type":"BreadcrumbList","@id":"https:\/\/inti.hr\/bs\/proizvod\/ormar-za-knjige-sa-4-police\/#breadcrumb","itemListElement":[{"@type":"ListItem","position":1,"name":"Po\u010detna stranica","item":"https:\/\/inti.hr\/bs\/"},{"@type":"ListItem","position":2,"name":"Trgovina","item":"https:\/\/inti.hr\/bs\/trgovina\/"},{"@type":"ListItem","position":3,"name":"Ormar za knjige sa 4 police"}]},{"@type":"WebSite","@id":"https:\/\/inti.hr\/bs\/#website","url":"https:\/\/inti.hr\/bs\/","name":"Inti","description":"trgovina","potentialAction":[{"@type":"SearchAction","target":{"@type":"EntryPoint","urlTemplate":"https:\/\/inti.hr\/bs\/?s={search_term_string}"},"query-input":{"@type":"PropertyValueSpecification","valueRequired":true,"valueName":"search_term_string"}}],"inLanguage":"bs-BA"}]}},"jetpack_sharing_enabled":true,"jetpack-related-posts":[],"_links":{"self":[{"href":"https:\/\/inti.hr\/bs\/wp-json\/wp\/v2\/product\/33523"}],"collection":[{"href":"https:\/\/inti.hr\/bs\/wp-json\/wp\/v2\/product"}],"about":[{"href":"https:\/\/inti.hr\/bs\/wp-json\/wp\/v2\/types\/product"}],"wp:featuredmedia":[{"embeddable":true,"href":"https:\/\/inti.hr\/bs\/wp-json\/wp\/v2\/media\/33525"}],"wp:attachment":[{"href":"https:\/\/inti.hr\/bs\/wp-json\/wp\/v2\/media?parent=33523"}],"wp:term":[{"taxonomy":"product_cat","embeddable":true,"href":"https:\/\/inti.hr\/bs\/wp-json\/wp\/v2\/product_cat?post=33523"},{"taxonomy":"product_tag","embeddable":true,"href":"https:\/\/inti.hr\/bs\/wp-json\/wp\/v2\/product_tag?post=33523"}],"curies":[{"name":"wp","href":"https:\/\/api.w.org\/{rel}","templated":true}]}}