{"id":33571,"date":"2022-12-20T09:32:59","date_gmt":"2022-12-20T09:32:59","guid":{"rendered":"https:\/\/inti.hr\/product\/ormar-sa-kosarom-za-rublje-vintage\/"},"modified":"2022-12-20T09:32:59","modified_gmt":"2022-12-20T09:32:59","slug":"ormar-sa-kosarom-za-rublje-vintage","status":"publish","type":"product","link":"https:\/\/inti.hr\/bs\/proizvod\/ormar-sa-kosarom-za-rublje-vintage\/","title":{"rendered":"Ormar sa ko\u0161arom za rublje vintage"},"content":{"rendered":"<p>Detalji proizvoda:<\/p>\n<ul>\n<li>Te\u017eina: 23 kg<\/li>\n<li>Nosivost: 40kg<\/li>\n<li>Materijal: PB(E1), metal, ko\u0161ara od flisa<\/li>\n<li>Veli\u010dina proizvoda: 60x30x90cm (vidi sliku)<\/li>\n<li>Veli\u010dina pakiranja: 101x38x22cm<\/li>\n<\/ul>\n","protected":false},"excerpt":{"rendered":"<p>Ova ko\u0161ara za rublje nudi vam dodatni prostor za pohranu i &#8230; <\/p>\n","protected":false},"featured_media":33572,"template":"","meta":[],"product_cat":[2392],"product_tag":[2520,3754],"yoast_head":"<!-- This site is optimized with the Yoast SEO plugin v23.7 - https:\/\/yoast.com\/wordpress\/plugins\/seo\/ -->\n<title>Ormar sa ko\u0161arom za rublje vintage - Inti<\/title>\n<meta name=\"description\" content=\"Ova ko\u0161ara za rublje nudi vam dodatni prostor za pohranu i ujedno uljep\u0161ava va\u0161u kupaonicu. Dodaci za svakodnevnu uporabu i prljavo rublje mogu se pohraniti u vre\u0107icu za rublje iza preklopnih vrata i stoga su uvijek pri ruci.U ovoj ko\u0161ari za rublje rublje se mo\u017ee uredno i \u010disto spremiti zahvaljuju\u0107i velikom prostoru za pohranu. Dodatni otvoreni pretinci nude dodatni prostor za pohranu kupaonskog pribora kao \u0161to su proizvodi za njegu, kreme i jo\u0161 mnogo toga.Noge osiguravaju da se neravni podovi izravnaju i da se stol ne klima.Ovi materijali su posebno prikladni za prostorije s visokom vlagom, kao \u0161to su kupaonica ili praonica. Zahvaljuju\u0107i prvoklasnoj izradi, ko\u0161ara za rublje posti\u017ee vrlo visoku razinu stabilnosti.Ormar se mo\u017ee \u010dvrsto pri\u010dvrstiti za zid pomo\u0107u uklju\u010denog ure\u0111aja protiv prevrtanja kako bi se izbjegle nezgode.\" \/>\n<meta name=\"robots\" content=\"index, follow, max-snippet:-1, max-image-preview:large, max-video-preview:-1\" \/>\n<link rel=\"canonical\" href=\"https:\/\/inti.hr\/bs\/proizvod\/ormar-sa-kosarom-za-rublje-vintage\/\" \/>\n<meta property=\"og:locale\" content=\"bs_BA\" \/>\n<meta property=\"og:type\" content=\"article\" \/>\n<meta property=\"og:title\" content=\"Ormar sa ko\u0161arom za rublje vintage - Inti\" \/>\n<meta property=\"og:description\" content=\"Ova ko\u0161ara za rublje nudi vam dodatni prostor za pohranu i ujedno uljep\u0161ava va\u0161u kupaonicu. Dodaci za svakodnevnu uporabu i prljavo rublje mogu se pohraniti u vre\u0107icu za rublje iza preklopnih vrata i stoga su uvijek pri ruci.U ovoj ko\u0161ari za rublje rublje se mo\u017ee uredno i \u010disto spremiti zahvaljuju\u0107i velikom prostoru za pohranu. Dodatni otvoreni pretinci nude dodatni prostor za pohranu kupaonskog pribora kao \u0161to su proizvodi za njegu, kreme i jo\u0161 mnogo toga.Noge osiguravaju da se neravni podovi izravnaju i da se stol ne klima.Ovi materijali su posebno prikladni za prostorije s visokom vlagom, kao \u0161to su kupaonica ili praonica. Zahvaljuju\u0107i prvoklasnoj izradi, ko\u0161ara za rublje posti\u017ee vrlo visoku razinu stabilnosti.Ormar se mo\u017ee \u010dvrsto pri\u010dvrstiti za zid pomo\u0107u uklju\u010denog ure\u0111aja protiv prevrtanja kako bi se izbjegle nezgode.\" \/>\n<meta property=\"og:url\" content=\"https:\/\/inti.hr\/bs\/proizvod\/ormar-sa-kosarom-za-rublje-vintage\/\" \/>\n<meta property=\"og:site_name\" content=\"Inti\" \/>\n<meta property=\"og:image\" content=\"https:\/\/i0.wp.com\/inti.hr\/wp-content\/uploads\/2022\/12\/BZR65-PF-Y001.webp?fit=1600%2C1600&ssl=1\" \/>\n\t<meta property=\"og:image:width\" content=\"1600\" \/>\n\t<meta property=\"og:image:height\" content=\"1600\" \/>\n\t<meta property=\"og:image:type\" content=\"image\/webp\" \/>\n<meta name=\"twitter:card\" content=\"summary_large_image\" \/>\n<script type=\"application\/ld+json\" class=\"yoast-schema-graph\">{\"@context\":\"https:\/\/schema.org\",\"@graph\":[{\"@type\":\"WebPage\",\"@id\":\"https:\/\/inti.hr\/bs\/proizvod\/ormar-sa-kosarom-za-rublje-vintage\/\",\"url\":\"https:\/\/inti.hr\/bs\/proizvod\/ormar-sa-kosarom-za-rublje-vintage\/\",\"name\":\"Ormar sa ko\u0161arom za rublje vintage - Inti\",\"isPartOf\":{\"@id\":\"https:\/\/inti.hr\/bs\/#website\"},\"primaryImageOfPage\":{\"@id\":\"https:\/\/inti.hr\/bs\/proizvod\/ormar-sa-kosarom-za-rublje-vintage\/#primaryimage\"},\"image\":{\"@id\":\"https:\/\/inti.hr\/bs\/proizvod\/ormar-sa-kosarom-za-rublje-vintage\/#primaryimage\"},\"thumbnailUrl\":\"https:\/\/i0.wp.com\/inti.hr\/wp-content\/uploads\/2022\/12\/BZR65-PF-Y001.webp?fit=1600%2C1600&ssl=1\",\"datePublished\":\"2022-12-20T09:32:59+00:00\",\"dateModified\":\"2022-12-20T09:32:59+00:00\",\"description\":\"Ova ko\u0161ara za rublje nudi vam dodatni prostor za pohranu i ujedno uljep\u0161ava va\u0161u kupaonicu. Dodaci za svakodnevnu uporabu i prljavo rublje mogu se pohraniti u vre\u0107icu za rublje iza preklopnih vrata i stoga su uvijek pri ruci.U ovoj ko\u0161ari za rublje rublje se mo\u017ee uredno i \u010disto spremiti zahvaljuju\u0107i velikom prostoru za pohranu. Dodatni otvoreni pretinci nude dodatni prostor za pohranu kupaonskog pribora kao \u0161to su proizvodi za njegu, kreme i jo\u0161 mnogo toga.Noge osiguravaju da se neravni podovi izravnaju i da se stol ne klima.Ovi materijali su posebno prikladni za prostorije s visokom vlagom, kao \u0161to su kupaonica ili praonica. Zahvaljuju\u0107i prvoklasnoj izradi, ko\u0161ara za rublje posti\u017ee vrlo visoku razinu stabilnosti.Ormar se mo\u017ee \u010dvrsto pri\u010dvrstiti za zid pomo\u0107u uklju\u010denog ure\u0111aja protiv prevrtanja kako bi se izbjegle nezgode.\",\"breadcrumb\":{\"@id\":\"https:\/\/inti.hr\/bs\/proizvod\/ormar-sa-kosarom-za-rublje-vintage\/#breadcrumb\"},\"inLanguage\":\"bs-BA\",\"potentialAction\":[{\"@type\":\"ReadAction\",\"target\":[\"https:\/\/inti.hr\/bs\/proizvod\/ormar-sa-kosarom-za-rublje-vintage\/\"]}]},{\"@type\":\"ImageObject\",\"inLanguage\":\"bs-BA\",\"@id\":\"https:\/\/inti.hr\/bs\/proizvod\/ormar-sa-kosarom-za-rublje-vintage\/#primaryimage\",\"url\":\"https:\/\/i0.wp.com\/inti.hr\/wp-content\/uploads\/2022\/12\/BZR65-PF-Y001.webp?fit=1600%2C1600&ssl=1\",\"contentUrl\":\"https:\/\/i0.wp.com\/inti.hr\/wp-content\/uploads\/2022\/12\/BZR65-PF-Y001.webp?fit=1600%2C1600&ssl=1\",\"width\":1600,\"height\":1600},{\"@type\":\"BreadcrumbList\",\"@id\":\"https:\/\/inti.hr\/bs\/proizvod\/ormar-sa-kosarom-za-rublje-vintage\/#breadcrumb\",\"itemListElement\":[{\"@type\":\"ListItem\",\"position\":1,\"name\":\"Po\u010detna stranica\",\"item\":\"https:\/\/inti.hr\/bs\/\"},{\"@type\":\"ListItem\",\"position\":2,\"name\":\"Trgovina\",\"item\":\"https:\/\/inti.hr\/bs\/trgovina\/\"},{\"@type\":\"ListItem\",\"position\":3,\"name\":\"Ormar sa ko\u0161arom za rublje vintage\"}]},{\"@type\":\"WebSite\",\"@id\":\"https:\/\/inti.hr\/bs\/#website\",\"url\":\"https:\/\/inti.hr\/bs\/\",\"name\":\"Inti\",\"description\":\"trgovina\",\"potentialAction\":[{\"@type\":\"SearchAction\",\"target\":{\"@type\":\"EntryPoint\",\"urlTemplate\":\"https:\/\/inti.hr\/bs\/?s={search_term_string}\"},\"query-input\":{\"@type\":\"PropertyValueSpecification\",\"valueRequired\":true,\"valueName\":\"search_term_string\"}}],\"inLanguage\":\"bs-BA\"}]}<\/script>\n<!-- \/ Yoast SEO plugin. -->","yoast_head_json":{"title":"Ormar sa ko\u0161arom za rublje vintage - Inti","description":"Ova ko\u0161ara za rublje nudi vam dodatni prostor za pohranu i ujedno uljep\u0161ava va\u0161u kupaonicu. Dodaci za svakodnevnu uporabu i prljavo rublje mogu se pohraniti u vre\u0107icu za rublje iza preklopnih vrata i stoga su uvijek pri ruci.U ovoj ko\u0161ari za rublje rublje se mo\u017ee uredno i \u010disto spremiti zahvaljuju\u0107i velikom prostoru za pohranu. Dodatni otvoreni pretinci nude dodatni prostor za pohranu kupaonskog pribora kao \u0161to su proizvodi za njegu, kreme i jo\u0161 mnogo toga.Noge osiguravaju da se neravni podovi izravnaju i da se stol ne klima.Ovi materijali su posebno prikladni za prostorije s visokom vlagom, kao \u0161to su kupaonica ili praonica. Zahvaljuju\u0107i prvoklasnoj izradi, ko\u0161ara za rublje posti\u017ee vrlo visoku razinu stabilnosti.Ormar se mo\u017ee \u010dvrsto pri\u010dvrstiti za zid pomo\u0107u uklju\u010denog ure\u0111aja protiv prevrtanja kako bi se izbjegle nezgode.","robots":{"index":"index","follow":"follow","max-snippet":"max-snippet:-1","max-image-preview":"max-image-preview:large","max-video-preview":"max-video-preview:-1"},"canonical":"https:\/\/inti.hr\/bs\/proizvod\/ormar-sa-kosarom-za-rublje-vintage\/","og_locale":"bs_BA","og_type":"article","og_title":"Ormar sa ko\u0161arom za rublje vintage - Inti","og_description":"Ova ko\u0161ara za rublje nudi vam dodatni prostor za pohranu i ujedno uljep\u0161ava va\u0161u kupaonicu. Dodaci za svakodnevnu uporabu i prljavo rublje mogu se pohraniti u vre\u0107icu za rublje iza preklopnih vrata i stoga su uvijek pri ruci.U ovoj ko\u0161ari za rublje rublje se mo\u017ee uredno i \u010disto spremiti zahvaljuju\u0107i velikom prostoru za pohranu. Dodatni otvoreni pretinci nude dodatni prostor za pohranu kupaonskog pribora kao \u0161to su proizvodi za njegu, kreme i jo\u0161 mnogo toga.Noge osiguravaju da se neravni podovi izravnaju i da se stol ne klima.Ovi materijali su posebno prikladni za prostorije s visokom vlagom, kao \u0161to su kupaonica ili praonica. Zahvaljuju\u0107i prvoklasnoj izradi, ko\u0161ara za rublje posti\u017ee vrlo visoku razinu stabilnosti.Ormar se mo\u017ee \u010dvrsto pri\u010dvrstiti za zid pomo\u0107u uklju\u010denog ure\u0111aja protiv prevrtanja kako bi se izbjegle nezgode.","og_url":"https:\/\/inti.hr\/bs\/proizvod\/ormar-sa-kosarom-za-rublje-vintage\/","og_site_name":"Inti","og_image":[{"width":1600,"height":1600,"url":"https:\/\/i0.wp.com\/inti.hr\/wp-content\/uploads\/2022\/12\/BZR65-PF-Y001.webp?fit=1600%2C1600&ssl=1","type":"image\/webp"}],"twitter_card":"summary_large_image","schema":{"@context":"https:\/\/schema.org","@graph":[{"@type":"WebPage","@id":"https:\/\/inti.hr\/bs\/proizvod\/ormar-sa-kosarom-za-rublje-vintage\/","url":"https:\/\/inti.hr\/bs\/proizvod\/ormar-sa-kosarom-za-rublje-vintage\/","name":"Ormar sa ko\u0161arom za rublje vintage - Inti","isPartOf":{"@id":"https:\/\/inti.hr\/bs\/#website"},"primaryImageOfPage":{"@id":"https:\/\/inti.hr\/bs\/proizvod\/ormar-sa-kosarom-za-rublje-vintage\/#primaryimage"},"image":{"@id":"https:\/\/inti.hr\/bs\/proizvod\/ormar-sa-kosarom-za-rublje-vintage\/#primaryimage"},"thumbnailUrl":"https:\/\/i0.wp.com\/inti.hr\/wp-content\/uploads\/2022\/12\/BZR65-PF-Y001.webp?fit=1600%2C1600&ssl=1","datePublished":"2022-12-20T09:32:59+00:00","dateModified":"2022-12-20T09:32:59+00:00","description":"Ova ko\u0161ara za rublje nudi vam dodatni prostor za pohranu i ujedno uljep\u0161ava va\u0161u kupaonicu. Dodaci za svakodnevnu uporabu i prljavo rublje mogu se pohraniti u vre\u0107icu za rublje iza preklopnih vrata i stoga su uvijek pri ruci.U ovoj ko\u0161ari za rublje rublje se mo\u017ee uredno i \u010disto spremiti zahvaljuju\u0107i velikom prostoru za pohranu. Dodatni otvoreni pretinci nude dodatni prostor za pohranu kupaonskog pribora kao \u0161to su proizvodi za njegu, kreme i jo\u0161 mnogo toga.Noge osiguravaju da se neravni podovi izravnaju i da se stol ne klima.Ovi materijali su posebno prikladni za prostorije s visokom vlagom, kao \u0161to su kupaonica ili praonica. Zahvaljuju\u0107i prvoklasnoj izradi, ko\u0161ara za rublje posti\u017ee vrlo visoku razinu stabilnosti.Ormar se mo\u017ee \u010dvrsto pri\u010dvrstiti za zid pomo\u0107u uklju\u010denog ure\u0111aja protiv prevrtanja kako bi se izbjegle nezgode.","breadcrumb":{"@id":"https:\/\/inti.hr\/bs\/proizvod\/ormar-sa-kosarom-za-rublje-vintage\/#breadcrumb"},"inLanguage":"bs-BA","potentialAction":[{"@type":"ReadAction","target":["https:\/\/inti.hr\/bs\/proizvod\/ormar-sa-kosarom-za-rublje-vintage\/"]}]},{"@type":"ImageObject","inLanguage":"bs-BA","@id":"https:\/\/inti.hr\/bs\/proizvod\/ormar-sa-kosarom-za-rublje-vintage\/#primaryimage","url":"https:\/\/i0.wp.com\/inti.hr\/wp-content\/uploads\/2022\/12\/BZR65-PF-Y001.webp?fit=1600%2C1600&ssl=1","contentUrl":"https:\/\/i0.wp.com\/inti.hr\/wp-content\/uploads\/2022\/12\/BZR65-PF-Y001.webp?fit=1600%2C1600&ssl=1","width":1600,"height":1600},{"@type":"BreadcrumbList","@id":"https:\/\/inti.hr\/bs\/proizvod\/ormar-sa-kosarom-za-rublje-vintage\/#breadcrumb","itemListElement":[{"@type":"ListItem","position":1,"name":"Po\u010detna stranica","item":"https:\/\/inti.hr\/bs\/"},{"@type":"ListItem","position":2,"name":"Trgovina","item":"https:\/\/inti.hr\/bs\/trgovina\/"},{"@type":"ListItem","position":3,"name":"Ormar sa ko\u0161arom za rublje vintage"}]},{"@type":"WebSite","@id":"https:\/\/inti.hr\/bs\/#website","url":"https:\/\/inti.hr\/bs\/","name":"Inti","description":"trgovina","potentialAction":[{"@type":"SearchAction","target":{"@type":"EntryPoint","urlTemplate":"https:\/\/inti.hr\/bs\/?s={search_term_string}"},"query-input":{"@type":"PropertyValueSpecification","valueRequired":true,"valueName":"search_term_string"}}],"inLanguage":"bs-BA"}]}},"jetpack_sharing_enabled":true,"jetpack-related-posts":[],"_links":{"self":[{"href":"https:\/\/inti.hr\/bs\/wp-json\/wp\/v2\/product\/33571"}],"collection":[{"href":"https:\/\/inti.hr\/bs\/wp-json\/wp\/v2\/product"}],"about":[{"href":"https:\/\/inti.hr\/bs\/wp-json\/wp\/v2\/types\/product"}],"wp:featuredmedia":[{"embeddable":true,"href":"https:\/\/inti.hr\/bs\/wp-json\/wp\/v2\/media\/33572"}],"wp:attachment":[{"href":"https:\/\/inti.hr\/bs\/wp-json\/wp\/v2\/media?parent=33571"}],"wp:term":[{"taxonomy":"product_cat","embeddable":true,"href":"https:\/\/inti.hr\/bs\/wp-json\/wp\/v2\/product_cat?post=33571"},{"taxonomy":"product_tag","embeddable":true,"href":"https:\/\/inti.hr\/bs\/wp-json\/wp\/v2\/product_tag?post=33571"}],"curies":[{"name":"wp","href":"https:\/\/api.w.org\/{rel}","templated":true}]}}