{"id":33589,"date":"2022-12-15T09:32:24","date_gmt":"2022-12-15T09:32:24","guid":{"rendered":"https:\/\/inti.hr\/product\/komoda-s-2-staklena-vrata-i-2-ladice\/"},"modified":"2022-12-15T09:32:24","modified_gmt":"2022-12-15T09:32:24","slug":"komoda-s-2-staklena-vrata-i-2-ladice","status":"publish","type":"product","link":"https:\/\/inti.hr\/bs\/proizvod\/komoda-s-2-staklena-vrata-i-2-ladice\/","title":{"rendered":"Komoda s 2 staklena vrata i 2 ladice"},"content":{"rendered":"<p>Detalji proizvoda:<\/p>\n<ul>\n<li>Te\u017eina: 44 kg<\/li>\n<li>Nosivost: 80kg<\/li>\n<li>Materijal: MDF(E1), staklo<\/li>\n<li>Veli\u010dina proizvoda: 120x39x78cm (vidi sliku)<\/li>\n<li>Dimenzije kutije A: 78x47x20cm<\/li>\n<li>Dimenzije kutije B: 132x46x17cm<\/li>\n<li>Dostava: 2 paketa<\/li>\n<\/ul>\n","protected":false},"excerpt":{"rendered":"<p>2 ladice i 2 pretinca pru\u017eaju dodatni prostor za pohranu i &#8230; <\/p>\n","protected":false},"featured_media":33590,"template":"","meta":[],"product_cat":[2418],"product_tag":[2444,3062,3762,3763],"yoast_head":"<!-- This site is optimized with the Yoast SEO plugin v23.7 - https:\/\/yoast.com\/wordpress\/plugins\/seo\/ -->\n<title>Komoda s 2 staklena vrata i 2 ladice - Inti<\/title>\n<meta name=\"description\" content=\"2 ladice i 2 pretinca pru\u017eaju dodatni prostor za pohranu i osiguravaju da va\u0161a kuhinja ponovno bude uredna.Tako\u0111er postavite svoj \u010dajnik, lonac za kavu i zdjelu za vo\u0107e na ovu veliku radnu povr\u0161inu.Ormari\u0107 je prijeko potreban za svakodnevnu upotrebu kao univerzalni ormari\u0107 kao \u0161to je kuhinjski ormari\u0107, ku\u0107ni ormari\u0107 u kuhinji, dnevnoj sobi, spava\u0107oj sobi ili kao uredski ormari\u0107 kao ormari\u0107 za dokumente u uredu itd.Visokokvalitetne plo\u010de jam\u010de savr\u0161enu stabilnost i dug vijek trajanja, \u010dak iu vla\u017enim okru\u017eenjima. Povr\u0161ina se lako \u010disti, \u0161to olak\u0161ava ku\u0107anske poslove.\" \/>\n<meta name=\"robots\" content=\"index, follow, max-snippet:-1, max-image-preview:large, max-video-preview:-1\" \/>\n<link rel=\"canonical\" href=\"https:\/\/inti.hr\/bs\/proizvod\/komoda-s-2-staklena-vrata-i-2-ladice\/\" \/>\n<meta property=\"og:locale\" content=\"bs_BA\" \/>\n<meta property=\"og:type\" content=\"article\" \/>\n<meta property=\"og:title\" content=\"Komoda s 2 staklena vrata i 2 ladice - Inti\" \/>\n<meta property=\"og:description\" content=\"2 ladice i 2 pretinca pru\u017eaju dodatni prostor za pohranu i osiguravaju da va\u0161a kuhinja ponovno bude uredna.Tako\u0111er postavite svoj \u010dajnik, lonac za kavu i zdjelu za vo\u0107e na ovu veliku radnu povr\u0161inu.Ormari\u0107 je prijeko potreban za svakodnevnu upotrebu kao univerzalni ormari\u0107 kao \u0161to je kuhinjski ormari\u0107, ku\u0107ni ormari\u0107 u kuhinji, dnevnoj sobi, spava\u0107oj sobi ili kao uredski ormari\u0107 kao ormari\u0107 za dokumente u uredu itd.Visokokvalitetne plo\u010de jam\u010de savr\u0161enu stabilnost i dug vijek trajanja, \u010dak iu vla\u017enim okru\u017eenjima. Povr\u0161ina se lako \u010disti, \u0161to olak\u0161ava ku\u0107anske poslove.\" \/>\n<meta property=\"og:url\" content=\"https:\/\/inti.hr\/bs\/proizvod\/komoda-s-2-staklena-vrata-i-2-ladice\/\" \/>\n<meta property=\"og:site_name\" content=\"Inti\" \/>\n<meta property=\"og:image\" content=\"https:\/\/i0.wp.com\/inti.hr\/wp-content\/uploads\/2022\/12\/FSB79-W-A-Y001.webp?fit=1600%2C1600&ssl=1\" \/>\n\t<meta property=\"og:image:width\" content=\"1600\" \/>\n\t<meta property=\"og:image:height\" content=\"1600\" \/>\n\t<meta property=\"og:image:type\" content=\"image\/webp\" \/>\n<meta name=\"twitter:card\" content=\"summary_large_image\" \/>\n<script type=\"application\/ld+json\" class=\"yoast-schema-graph\">{\"@context\":\"https:\/\/schema.org\",\"@graph\":[{\"@type\":\"WebPage\",\"@id\":\"https:\/\/inti.hr\/bs\/proizvod\/komoda-s-2-staklena-vrata-i-2-ladice\/\",\"url\":\"https:\/\/inti.hr\/bs\/proizvod\/komoda-s-2-staklena-vrata-i-2-ladice\/\",\"name\":\"Komoda s 2 staklena vrata i 2 ladice - Inti\",\"isPartOf\":{\"@id\":\"https:\/\/inti.hr\/bs\/#website\"},\"primaryImageOfPage\":{\"@id\":\"https:\/\/inti.hr\/bs\/proizvod\/komoda-s-2-staklena-vrata-i-2-ladice\/#primaryimage\"},\"image\":{\"@id\":\"https:\/\/inti.hr\/bs\/proizvod\/komoda-s-2-staklena-vrata-i-2-ladice\/#primaryimage\"},\"thumbnailUrl\":\"https:\/\/i0.wp.com\/inti.hr\/wp-content\/uploads\/2022\/12\/FSB79-W-A-Y001.webp?fit=1600%2C1600&ssl=1\",\"datePublished\":\"2022-12-15T09:32:24+00:00\",\"dateModified\":\"2022-12-15T09:32:24+00:00\",\"description\":\"2 ladice i 2 pretinca pru\u017eaju dodatni prostor za pohranu i osiguravaju da va\u0161a kuhinja ponovno bude uredna.Tako\u0111er postavite svoj \u010dajnik, lonac za kavu i zdjelu za vo\u0107e na ovu veliku radnu povr\u0161inu.Ormari\u0107 je prijeko potreban za svakodnevnu upotrebu kao univerzalni ormari\u0107 kao \u0161to je kuhinjski ormari\u0107, ku\u0107ni ormari\u0107 u kuhinji, dnevnoj sobi, spava\u0107oj sobi ili kao uredski ormari\u0107 kao ormari\u0107 za dokumente u uredu itd.Visokokvalitetne plo\u010de jam\u010de savr\u0161enu stabilnost i dug vijek trajanja, \u010dak iu vla\u017enim okru\u017eenjima. Povr\u0161ina se lako \u010disti, \u0161to olak\u0161ava ku\u0107anske poslove.\",\"breadcrumb\":{\"@id\":\"https:\/\/inti.hr\/bs\/proizvod\/komoda-s-2-staklena-vrata-i-2-ladice\/#breadcrumb\"},\"inLanguage\":\"bs-BA\",\"potentialAction\":[{\"@type\":\"ReadAction\",\"target\":[\"https:\/\/inti.hr\/bs\/proizvod\/komoda-s-2-staklena-vrata-i-2-ladice\/\"]}]},{\"@type\":\"ImageObject\",\"inLanguage\":\"bs-BA\",\"@id\":\"https:\/\/inti.hr\/bs\/proizvod\/komoda-s-2-staklena-vrata-i-2-ladice\/#primaryimage\",\"url\":\"https:\/\/i0.wp.com\/inti.hr\/wp-content\/uploads\/2022\/12\/FSB79-W-A-Y001.webp?fit=1600%2C1600&ssl=1\",\"contentUrl\":\"https:\/\/i0.wp.com\/inti.hr\/wp-content\/uploads\/2022\/12\/FSB79-W-A-Y001.webp?fit=1600%2C1600&ssl=1\",\"width\":1600,\"height\":1600},{\"@type\":\"BreadcrumbList\",\"@id\":\"https:\/\/inti.hr\/bs\/proizvod\/komoda-s-2-staklena-vrata-i-2-ladice\/#breadcrumb\",\"itemListElement\":[{\"@type\":\"ListItem\",\"position\":1,\"name\":\"Po\u010detna stranica\",\"item\":\"https:\/\/inti.hr\/bs\/\"},{\"@type\":\"ListItem\",\"position\":2,\"name\":\"Trgovina\",\"item\":\"https:\/\/inti.hr\/bs\/trgovina\/\"},{\"@type\":\"ListItem\",\"position\":3,\"name\":\"Komoda s 2 staklena vrata i 2 ladice\"}]},{\"@type\":\"WebSite\",\"@id\":\"https:\/\/inti.hr\/bs\/#website\",\"url\":\"https:\/\/inti.hr\/bs\/\",\"name\":\"Inti\",\"description\":\"trgovina\",\"potentialAction\":[{\"@type\":\"SearchAction\",\"target\":{\"@type\":\"EntryPoint\",\"urlTemplate\":\"https:\/\/inti.hr\/bs\/?s={search_term_string}\"},\"query-input\":{\"@type\":\"PropertyValueSpecification\",\"valueRequired\":true,\"valueName\":\"search_term_string\"}}],\"inLanguage\":\"bs-BA\"}]}<\/script>\n<!-- \/ Yoast SEO plugin. -->","yoast_head_json":{"title":"Komoda s 2 staklena vrata i 2 ladice - Inti","description":"2 ladice i 2 pretinca pru\u017eaju dodatni prostor za pohranu i osiguravaju da va\u0161a kuhinja ponovno bude uredna.Tako\u0111er postavite svoj \u010dajnik, lonac za kavu i zdjelu za vo\u0107e na ovu veliku radnu povr\u0161inu.Ormari\u0107 je prijeko potreban za svakodnevnu upotrebu kao univerzalni ormari\u0107 kao \u0161to je kuhinjski ormari\u0107, ku\u0107ni ormari\u0107 u kuhinji, dnevnoj sobi, spava\u0107oj sobi ili kao uredski ormari\u0107 kao ormari\u0107 za dokumente u uredu itd.Visokokvalitetne plo\u010de jam\u010de savr\u0161enu stabilnost i dug vijek trajanja, \u010dak iu vla\u017enim okru\u017eenjima. Povr\u0161ina se lako \u010disti, \u0161to olak\u0161ava ku\u0107anske poslove.","robots":{"index":"index","follow":"follow","max-snippet":"max-snippet:-1","max-image-preview":"max-image-preview:large","max-video-preview":"max-video-preview:-1"},"canonical":"https:\/\/inti.hr\/bs\/proizvod\/komoda-s-2-staklena-vrata-i-2-ladice\/","og_locale":"bs_BA","og_type":"article","og_title":"Komoda s 2 staklena vrata i 2 ladice - Inti","og_description":"2 ladice i 2 pretinca pru\u017eaju dodatni prostor za pohranu i osiguravaju da va\u0161a kuhinja ponovno bude uredna.Tako\u0111er postavite svoj \u010dajnik, lonac za kavu i zdjelu za vo\u0107e na ovu veliku radnu povr\u0161inu.Ormari\u0107 je prijeko potreban za svakodnevnu upotrebu kao univerzalni ormari\u0107 kao \u0161to je kuhinjski ormari\u0107, ku\u0107ni ormari\u0107 u kuhinji, dnevnoj sobi, spava\u0107oj sobi ili kao uredski ormari\u0107 kao ormari\u0107 za dokumente u uredu itd.Visokokvalitetne plo\u010de jam\u010de savr\u0161enu stabilnost i dug vijek trajanja, \u010dak iu vla\u017enim okru\u017eenjima. Povr\u0161ina se lako \u010disti, \u0161to olak\u0161ava ku\u0107anske poslove.","og_url":"https:\/\/inti.hr\/bs\/proizvod\/komoda-s-2-staklena-vrata-i-2-ladice\/","og_site_name":"Inti","og_image":[{"width":1600,"height":1600,"url":"https:\/\/i0.wp.com\/inti.hr\/wp-content\/uploads\/2022\/12\/FSB79-W-A-Y001.webp?fit=1600%2C1600&ssl=1","type":"image\/webp"}],"twitter_card":"summary_large_image","schema":{"@context":"https:\/\/schema.org","@graph":[{"@type":"WebPage","@id":"https:\/\/inti.hr\/bs\/proizvod\/komoda-s-2-staklena-vrata-i-2-ladice\/","url":"https:\/\/inti.hr\/bs\/proizvod\/komoda-s-2-staklena-vrata-i-2-ladice\/","name":"Komoda s 2 staklena vrata i 2 ladice - Inti","isPartOf":{"@id":"https:\/\/inti.hr\/bs\/#website"},"primaryImageOfPage":{"@id":"https:\/\/inti.hr\/bs\/proizvod\/komoda-s-2-staklena-vrata-i-2-ladice\/#primaryimage"},"image":{"@id":"https:\/\/inti.hr\/bs\/proizvod\/komoda-s-2-staklena-vrata-i-2-ladice\/#primaryimage"},"thumbnailUrl":"https:\/\/i0.wp.com\/inti.hr\/wp-content\/uploads\/2022\/12\/FSB79-W-A-Y001.webp?fit=1600%2C1600&ssl=1","datePublished":"2022-12-15T09:32:24+00:00","dateModified":"2022-12-15T09:32:24+00:00","description":"2 ladice i 2 pretinca pru\u017eaju dodatni prostor za pohranu i osiguravaju da va\u0161a kuhinja ponovno bude uredna.Tako\u0111er postavite svoj \u010dajnik, lonac za kavu i zdjelu za vo\u0107e na ovu veliku radnu povr\u0161inu.Ormari\u0107 je prijeko potreban za svakodnevnu upotrebu kao univerzalni ormari\u0107 kao \u0161to je kuhinjski ormari\u0107, ku\u0107ni ormari\u0107 u kuhinji, dnevnoj sobi, spava\u0107oj sobi ili kao uredski ormari\u0107 kao ormari\u0107 za dokumente u uredu itd.Visokokvalitetne plo\u010de jam\u010de savr\u0161enu stabilnost i dug vijek trajanja, \u010dak iu vla\u017enim okru\u017eenjima. Povr\u0161ina se lako \u010disti, \u0161to olak\u0161ava ku\u0107anske poslove.","breadcrumb":{"@id":"https:\/\/inti.hr\/bs\/proizvod\/komoda-s-2-staklena-vrata-i-2-ladice\/#breadcrumb"},"inLanguage":"bs-BA","potentialAction":[{"@type":"ReadAction","target":["https:\/\/inti.hr\/bs\/proizvod\/komoda-s-2-staklena-vrata-i-2-ladice\/"]}]},{"@type":"ImageObject","inLanguage":"bs-BA","@id":"https:\/\/inti.hr\/bs\/proizvod\/komoda-s-2-staklena-vrata-i-2-ladice\/#primaryimage","url":"https:\/\/i0.wp.com\/inti.hr\/wp-content\/uploads\/2022\/12\/FSB79-W-A-Y001.webp?fit=1600%2C1600&ssl=1","contentUrl":"https:\/\/i0.wp.com\/inti.hr\/wp-content\/uploads\/2022\/12\/FSB79-W-A-Y001.webp?fit=1600%2C1600&ssl=1","width":1600,"height":1600},{"@type":"BreadcrumbList","@id":"https:\/\/inti.hr\/bs\/proizvod\/komoda-s-2-staklena-vrata-i-2-ladice\/#breadcrumb","itemListElement":[{"@type":"ListItem","position":1,"name":"Po\u010detna stranica","item":"https:\/\/inti.hr\/bs\/"},{"@type":"ListItem","position":2,"name":"Trgovina","item":"https:\/\/inti.hr\/bs\/trgovina\/"},{"@type":"ListItem","position":3,"name":"Komoda s 2 staklena vrata i 2 ladice"}]},{"@type":"WebSite","@id":"https:\/\/inti.hr\/bs\/#website","url":"https:\/\/inti.hr\/bs\/","name":"Inti","description":"trgovina","potentialAction":[{"@type":"SearchAction","target":{"@type":"EntryPoint","urlTemplate":"https:\/\/inti.hr\/bs\/?s={search_term_string}"},"query-input":{"@type":"PropertyValueSpecification","valueRequired":true,"valueName":"search_term_string"}}],"inLanguage":"bs-BA"}]}},"jetpack_sharing_enabled":true,"jetpack-related-posts":[],"_links":{"self":[{"href":"https:\/\/inti.hr\/bs\/wp-json\/wp\/v2\/product\/33589"}],"collection":[{"href":"https:\/\/inti.hr\/bs\/wp-json\/wp\/v2\/product"}],"about":[{"href":"https:\/\/inti.hr\/bs\/wp-json\/wp\/v2\/types\/product"}],"wp:featuredmedia":[{"embeddable":true,"href":"https:\/\/inti.hr\/bs\/wp-json\/wp\/v2\/media\/33590"}],"wp:attachment":[{"href":"https:\/\/inti.hr\/bs\/wp-json\/wp\/v2\/media?parent=33589"}],"wp:term":[{"taxonomy":"product_cat","embeddable":true,"href":"https:\/\/inti.hr\/bs\/wp-json\/wp\/v2\/product_cat?post=33589"},{"taxonomy":"product_tag","embeddable":true,"href":"https:\/\/inti.hr\/bs\/wp-json\/wp\/v2\/product_tag?post=33589"}],"curies":[{"name":"wp","href":"https:\/\/api.w.org\/{rel}","templated":true}]}}