{"id":33651,"date":"2022-10-20T06:38:26","date_gmt":"2022-10-20T06:38:26","guid":{"rendered":"https:\/\/inti.hr\/product\/stalak-za-kapute-tornio\/"},"modified":"2022-10-20T06:38:26","modified_gmt":"2022-10-20T06:38:26","slug":"stalak-za-kapute-tornio","status":"publish","type":"product","link":"https:\/\/inti.hr\/bs\/proizvod\/stalak-za-kapute-tornio\/","title":{"rendered":"Stalak za kapute Tornio"},"content":{"rendered":"<p><b>Detalji o proizvodu:<\/b><\/p>\n<p>&#8211; Stalak za kapute s prakti\u010dnom \u0161ipkom za odje\u0107u<br \/>\n&#8211; 2 pretinca za odlaganje nude prostor za cipele ili torbe<br \/>\n&#8211; 5 kukica za kapute za vje\u0161anje odje\u0107e<br \/>\n&#8211; Sjedalo za jednostavno obuvanje i izuvanje cipela<br \/>\n&#8211; Prirodni i ekolo\u0161ki prihvatljivi materijal<br \/>\n&#8211; Jednostavna i brza monta\u017ea<\/p>\n<p><b>Dimenzije<\/b><\/p>\n<p>&#8211; Ukupno (Vx\u0160xD): 168 x 70 x 35 cm<br \/>\n&#8211; Visina sjedala: 48 cm<\/p>\n<p><b>Materijal:<\/b><\/p>\n<p>bambus<\/p>\n<p><b>Boja:<\/b><\/p>\n<p>Priroda<\/p>\n","protected":false},"excerpt":{"rendered":"<p>Prakti\u010dni stalak za kapute omogu\u0107uje vam da svoje omiljene predmete uvijek &#8230; <\/p>\n","protected":false},"featured_media":33652,"template":"","meta":[],"product_cat":[2632],"product_tag":[3534,3022,2638],"yoast_head":"<!-- This site is optimized with the Yoast SEO plugin v23.7 - https:\/\/yoast.com\/wordpress\/plugins\/seo\/ -->\n<title>Stalak za kapute Tornio - Inti<\/title>\n<meta name=\"description\" content=\"Prakti\u010dni stalak za kapute omogu\u0107uje vam da svoje omiljene predmete uvijek imate pri ruci. Dva pretinca za pohranu nude idealan prostor za, na primjer, cipele ili torbe. Tako\u0111er nudi dovoljno prostora za vje\u0161anje va\u0161e odje\u0107e zahvaljuju\u0107i \u0161ipki za odje\u0107u i 5 kukica za kapute.\" \/>\n<meta name=\"robots\" content=\"index, follow, max-snippet:-1, max-image-preview:large, max-video-preview:-1\" \/>\n<link rel=\"canonical\" href=\"https:\/\/inti.hr\/bs\/proizvod\/stalak-za-kapute-tornio\/\" \/>\n<meta property=\"og:locale\" content=\"bs_BA\" \/>\n<meta property=\"og:type\" content=\"article\" \/>\n<meta property=\"og:title\" content=\"Stalak za kapute Tornio - Inti\" \/>\n<meta property=\"og:description\" content=\"Prakti\u010dni stalak za kapute omogu\u0107uje vam da svoje omiljene predmete uvijek imate pri ruci. Dva pretinca za pohranu nude idealan prostor za, na primjer, cipele ili torbe. Tako\u0111er nudi dovoljno prostora za vje\u0161anje va\u0161e odje\u0107e zahvaljuju\u0107i \u0161ipki za odje\u0107u i 5 kukica za kapute.\" \/>\n<meta property=\"og:url\" content=\"https:\/\/inti.hr\/bs\/proizvod\/stalak-za-kapute-tornio\/\" \/>\n<meta property=\"og:site_name\" content=\"Inti\" \/>\n<meta property=\"og:image\" content=\"https:\/\/i0.wp.com\/inti.hr\/wp-content\/uploads\/2022\/10\/7880e07b55c16ea060627a60b2adf512.webp?fit=700%2C700&ssl=1\" \/>\n\t<meta property=\"og:image:width\" content=\"700\" \/>\n\t<meta property=\"og:image:height\" content=\"700\" \/>\n\t<meta property=\"og:image:type\" content=\"image\/webp\" \/>\n<meta name=\"twitter:card\" content=\"summary_large_image\" \/>\n<meta name=\"twitter:label1\" content=\"Est. reading time\" \/>\n\t<meta name=\"twitter:data1\" content=\"1 minuta\" \/>\n<script type=\"application\/ld+json\" class=\"yoast-schema-graph\">{\"@context\":\"https:\/\/schema.org\",\"@graph\":[{\"@type\":\"WebPage\",\"@id\":\"https:\/\/inti.hr\/bs\/proizvod\/stalak-za-kapute-tornio\/\",\"url\":\"https:\/\/inti.hr\/bs\/proizvod\/stalak-za-kapute-tornio\/\",\"name\":\"Stalak za kapute Tornio - Inti\",\"isPartOf\":{\"@id\":\"https:\/\/inti.hr\/bs\/#website\"},\"primaryImageOfPage\":{\"@id\":\"https:\/\/inti.hr\/bs\/proizvod\/stalak-za-kapute-tornio\/#primaryimage\"},\"image\":{\"@id\":\"https:\/\/inti.hr\/bs\/proizvod\/stalak-za-kapute-tornio\/#primaryimage\"},\"thumbnailUrl\":\"https:\/\/i0.wp.com\/inti.hr\/wp-content\/uploads\/2022\/10\/7880e07b55c16ea060627a60b2adf512.webp?fit=700%2C700&ssl=1\",\"datePublished\":\"2022-10-20T06:38:26+00:00\",\"dateModified\":\"2022-10-20T06:38:26+00:00\",\"description\":\"Prakti\u010dni stalak za kapute omogu\u0107uje vam da svoje omiljene predmete uvijek imate pri ruci. Dva pretinca za pohranu nude idealan prostor za, na primjer, cipele ili torbe. Tako\u0111er nudi dovoljno prostora za vje\u0161anje va\u0161e odje\u0107e zahvaljuju\u0107i \u0161ipki za odje\u0107u i 5 kukica za kapute.\",\"breadcrumb\":{\"@id\":\"https:\/\/inti.hr\/bs\/proizvod\/stalak-za-kapute-tornio\/#breadcrumb\"},\"inLanguage\":\"bs-BA\",\"potentialAction\":[{\"@type\":\"ReadAction\",\"target\":[\"https:\/\/inti.hr\/bs\/proizvod\/stalak-za-kapute-tornio\/\"]}]},{\"@type\":\"ImageObject\",\"inLanguage\":\"bs-BA\",\"@id\":\"https:\/\/inti.hr\/bs\/proizvod\/stalak-za-kapute-tornio\/#primaryimage\",\"url\":\"https:\/\/i0.wp.com\/inti.hr\/wp-content\/uploads\/2022\/10\/7880e07b55c16ea060627a60b2adf512.webp?fit=700%2C700&ssl=1\",\"contentUrl\":\"https:\/\/i0.wp.com\/inti.hr\/wp-content\/uploads\/2022\/10\/7880e07b55c16ea060627a60b2adf512.webp?fit=700%2C700&ssl=1\",\"width\":700,\"height\":700,\"caption\":\"Stalak za kapute Tornio\"},{\"@type\":\"BreadcrumbList\",\"@id\":\"https:\/\/inti.hr\/bs\/proizvod\/stalak-za-kapute-tornio\/#breadcrumb\",\"itemListElement\":[{\"@type\":\"ListItem\",\"position\":1,\"name\":\"Po\u010detna stranica\",\"item\":\"https:\/\/inti.hr\/bs\/\"},{\"@type\":\"ListItem\",\"position\":2,\"name\":\"Trgovina\",\"item\":\"https:\/\/inti.hr\/bs\/trgovina\/\"},{\"@type\":\"ListItem\",\"position\":3,\"name\":\"Stalak za kapute Tornio\"}]},{\"@type\":\"WebSite\",\"@id\":\"https:\/\/inti.hr\/bs\/#website\",\"url\":\"https:\/\/inti.hr\/bs\/\",\"name\":\"Inti\",\"description\":\"trgovina\",\"potentialAction\":[{\"@type\":\"SearchAction\",\"target\":{\"@type\":\"EntryPoint\",\"urlTemplate\":\"https:\/\/inti.hr\/bs\/?s={search_term_string}\"},\"query-input\":{\"@type\":\"PropertyValueSpecification\",\"valueRequired\":true,\"valueName\":\"search_term_string\"}}],\"inLanguage\":\"bs-BA\"}]}<\/script>\n<!-- \/ Yoast SEO plugin. -->","yoast_head_json":{"title":"Stalak za kapute Tornio - Inti","description":"Prakti\u010dni stalak za kapute omogu\u0107uje vam da svoje omiljene predmete uvijek imate pri ruci. Dva pretinca za pohranu nude idealan prostor za, na primjer, cipele ili torbe. Tako\u0111er nudi dovoljno prostora za vje\u0161anje va\u0161e odje\u0107e zahvaljuju\u0107i \u0161ipki za odje\u0107u i 5 kukica za kapute.","robots":{"index":"index","follow":"follow","max-snippet":"max-snippet:-1","max-image-preview":"max-image-preview:large","max-video-preview":"max-video-preview:-1"},"canonical":"https:\/\/inti.hr\/bs\/proizvod\/stalak-za-kapute-tornio\/","og_locale":"bs_BA","og_type":"article","og_title":"Stalak za kapute Tornio - Inti","og_description":"Prakti\u010dni stalak za kapute omogu\u0107uje vam da svoje omiljene predmete uvijek imate pri ruci. Dva pretinca za pohranu nude idealan prostor za, na primjer, cipele ili torbe. Tako\u0111er nudi dovoljno prostora za vje\u0161anje va\u0161e odje\u0107e zahvaljuju\u0107i \u0161ipki za odje\u0107u i 5 kukica za kapute.","og_url":"https:\/\/inti.hr\/bs\/proizvod\/stalak-za-kapute-tornio\/","og_site_name":"Inti","og_image":[{"width":700,"height":700,"url":"https:\/\/i0.wp.com\/inti.hr\/wp-content\/uploads\/2022\/10\/7880e07b55c16ea060627a60b2adf512.webp?fit=700%2C700&ssl=1","type":"image\/webp"}],"twitter_card":"summary_large_image","twitter_misc":{"Est. reading time":"1 minuta"},"schema":{"@context":"https:\/\/schema.org","@graph":[{"@type":"WebPage","@id":"https:\/\/inti.hr\/bs\/proizvod\/stalak-za-kapute-tornio\/","url":"https:\/\/inti.hr\/bs\/proizvod\/stalak-za-kapute-tornio\/","name":"Stalak za kapute Tornio - Inti","isPartOf":{"@id":"https:\/\/inti.hr\/bs\/#website"},"primaryImageOfPage":{"@id":"https:\/\/inti.hr\/bs\/proizvod\/stalak-za-kapute-tornio\/#primaryimage"},"image":{"@id":"https:\/\/inti.hr\/bs\/proizvod\/stalak-za-kapute-tornio\/#primaryimage"},"thumbnailUrl":"https:\/\/i0.wp.com\/inti.hr\/wp-content\/uploads\/2022\/10\/7880e07b55c16ea060627a60b2adf512.webp?fit=700%2C700&ssl=1","datePublished":"2022-10-20T06:38:26+00:00","dateModified":"2022-10-20T06:38:26+00:00","description":"Prakti\u010dni stalak za kapute omogu\u0107uje vam da svoje omiljene predmete uvijek imate pri ruci. Dva pretinca za pohranu nude idealan prostor za, na primjer, cipele ili torbe. Tako\u0111er nudi dovoljno prostora za vje\u0161anje va\u0161e odje\u0107e zahvaljuju\u0107i \u0161ipki za odje\u0107u i 5 kukica za kapute.","breadcrumb":{"@id":"https:\/\/inti.hr\/bs\/proizvod\/stalak-za-kapute-tornio\/#breadcrumb"},"inLanguage":"bs-BA","potentialAction":[{"@type":"ReadAction","target":["https:\/\/inti.hr\/bs\/proizvod\/stalak-za-kapute-tornio\/"]}]},{"@type":"ImageObject","inLanguage":"bs-BA","@id":"https:\/\/inti.hr\/bs\/proizvod\/stalak-za-kapute-tornio\/#primaryimage","url":"https:\/\/i0.wp.com\/inti.hr\/wp-content\/uploads\/2022\/10\/7880e07b55c16ea060627a60b2adf512.webp?fit=700%2C700&ssl=1","contentUrl":"https:\/\/i0.wp.com\/inti.hr\/wp-content\/uploads\/2022\/10\/7880e07b55c16ea060627a60b2adf512.webp?fit=700%2C700&ssl=1","width":700,"height":700,"caption":"Stalak za kapute Tornio"},{"@type":"BreadcrumbList","@id":"https:\/\/inti.hr\/bs\/proizvod\/stalak-za-kapute-tornio\/#breadcrumb","itemListElement":[{"@type":"ListItem","position":1,"name":"Po\u010detna stranica","item":"https:\/\/inti.hr\/bs\/"},{"@type":"ListItem","position":2,"name":"Trgovina","item":"https:\/\/inti.hr\/bs\/trgovina\/"},{"@type":"ListItem","position":3,"name":"Stalak za kapute Tornio"}]},{"@type":"WebSite","@id":"https:\/\/inti.hr\/bs\/#website","url":"https:\/\/inti.hr\/bs\/","name":"Inti","description":"trgovina","potentialAction":[{"@type":"SearchAction","target":{"@type":"EntryPoint","urlTemplate":"https:\/\/inti.hr\/bs\/?s={search_term_string}"},"query-input":{"@type":"PropertyValueSpecification","valueRequired":true,"valueName":"search_term_string"}}],"inLanguage":"bs-BA"}]}},"jetpack_sharing_enabled":true,"jetpack-related-posts":[],"_links":{"self":[{"href":"https:\/\/inti.hr\/bs\/wp-json\/wp\/v2\/product\/33651"}],"collection":[{"href":"https:\/\/inti.hr\/bs\/wp-json\/wp\/v2\/product"}],"about":[{"href":"https:\/\/inti.hr\/bs\/wp-json\/wp\/v2\/types\/product"}],"wp:featuredmedia":[{"embeddable":true,"href":"https:\/\/inti.hr\/bs\/wp-json\/wp\/v2\/media\/33652"}],"wp:attachment":[{"href":"https:\/\/inti.hr\/bs\/wp-json\/wp\/v2\/media?parent=33651"}],"wp:term":[{"taxonomy":"product_cat","embeddable":true,"href":"https:\/\/inti.hr\/bs\/wp-json\/wp\/v2\/product_cat?post=33651"},{"taxonomy":"product_tag","embeddable":true,"href":"https:\/\/inti.hr\/bs\/wp-json\/wp\/v2\/product_tag?post=33651"}],"curies":[{"name":"wp","href":"https:\/\/api.w.org\/{rel}","templated":true}]}}