{"id":33655,"date":"2022-10-19T07:26:24","date_gmt":"2022-10-19T07:26:24","guid":{"rendered":"https:\/\/inti.hr\/product\/nocni-ormaric-s-policom-od-mdf-a-40x35x62cm-bijele-boje\/"},"modified":"2022-10-19T07:26:24","modified_gmt":"2022-10-19T07:26:24","slug":"nocni-ormaric-s-policom-od-mdf-a-40x35x62cm-bijele-boje","status":"publish","type":"product","link":"https:\/\/inti.hr\/bs\/proizvod\/nocni-ormaric-s-policom-od-mdf-a-40x35x62cm-bijele-boje\/","title":{"rendered":"No\u0107ni ormari\u0107 s policom od MDF-a 40x35x62cm bijele boje"},"content":{"rendered":"<p>Detalji proizvoda:<\/p>\n<p>Materijal: MDF plo\u010da<br \/>\nDimenzije (Dx\u0160xV): 40 cm x 35 cm x 62 cm<br \/>\nNeto te\u017eina: 9 kg<br \/>\nBoja: bijela<br \/>\nNosivost: 10 kg.<\/p>\n","protected":false},"excerpt":{"rendered":"<ul>\n<li>\u00a0\u00a0\u00a0 Plo\u010da stola pru\u017ea prostor za lampu za \u010ditanje, telefon, &#8230;<br \/>\n","protected":false},"featured_media":33656,"template":"","meta":[],"product_cat":[2414],"product_tag":[2672,2673],"yoast_head":"<!-- This site is optimized with the Yoast SEO plugin v23.7 - https:\/\/yoast.com\/wordpress\/plugins\/seo\/ -->\n<title>No\u0107ni ormari\u0107 s policom od MDF-a 40x35x62cm bijele boje - Inti<\/title>\n<meta name=\"description\" content=\"Plo\u010da stola pru\u017ea prostor za lampu za \u010ditanje, telefon, okvir za slike itd. S jednom policom i otvorenim pretincem, dovoljno prostora za odlaganje knjiga, \u010dasopisa ili drugih sitnica. Izra\u0111ena od visokokvalitetne MDF plo\u010de koja odgovara klasi E1. Drvena plo\u010da s jakim povr\u0161inskim filmom, vodootporna, otporna na ogrebotine i jednostavna za odr\u017eavanje. Noge sa za\u0161titnim jastu\u010di\u0107ima za pod \u0161tite va\u0161 pod od grebanja i smanjuju buku pri kretanju. Dolazi s dodacima i uputama za sastavljanje, no\u0107ni ormari\u0107 se jednostavno i brzo sastavlja.\" \/>\n<meta name=\"robots\" content=\"index, follow, max-snippet:-1, max-image-preview:large, max-video-preview:-1\" \/>\n<link rel=\"canonical\" href=\"https:\/\/inti.hr\/bs\/proizvod\/nocni-ormaric-s-policom-od-mdf-a-40x35x62cm-bijele-boje\/\" \/>\n<meta property=\"og:locale\" content=\"bs_BA\" \/>\n<meta property=\"og:type\" content=\"article\" \/>\n<meta property=\"og:title\" content=\"No\u0107ni ormari\u0107 s policom od MDF-a 40x35x62cm bijele boje - Inti\" \/>\n<meta property=\"og:description\" content=\"Plo\u010da stola pru\u017ea prostor za lampu za \u010ditanje, telefon, okvir za slike itd. S jednom policom i otvorenim pretincem, dovoljno prostora za odlaganje knjiga, \u010dasopisa ili drugih sitnica. Izra\u0111ena od visokokvalitetne MDF plo\u010de koja odgovara klasi E1. Drvena plo\u010da s jakim povr\u0161inskim filmom, vodootporna, otporna na ogrebotine i jednostavna za odr\u017eavanje. Noge sa za\u0161titnim jastu\u010di\u0107ima za pod \u0161tite va\u0161 pod od grebanja i smanjuju buku pri kretanju. Dolazi s dodacima i uputama za sastavljanje, no\u0107ni ormari\u0107 se jednostavno i brzo sastavlja.\" \/>\n<meta property=\"og:url\" content=\"https:\/\/inti.hr\/bs\/proizvod\/nocni-ormaric-s-policom-od-mdf-a-40x35x62cm-bijele-boje\/\" \/>\n<meta property=\"og:site_name\" content=\"Inti\" \/>\n<meta property=\"og:image\" content=\"https:\/\/i0.wp.com\/inti.hr\/wp-content\/uploads\/2022\/10\/Nachtkommode-Nachtschrank-MDF-weiss2_600x600.jpg?fit=600%2C600&ssl=1\" \/>\n\t<meta property=\"og:image:width\" content=\"600\" \/>\n\t<meta property=\"og:image:height\" content=\"600\" \/>\n\t<meta property=\"og:image:type\" content=\"image\/jpeg\" \/>\n<meta name=\"twitter:card\" content=\"summary_large_image\" \/>\n<script type=\"application\/ld+json\" class=\"yoast-schema-graph\">{\"@context\":\"https:\/\/schema.org\",\"@graph\":[{\"@type\":\"WebPage\",\"@id\":\"https:\/\/inti.hr\/bs\/proizvod\/nocni-ormaric-s-policom-od-mdf-a-40x35x62cm-bijele-boje\/\",\"url\":\"https:\/\/inti.hr\/bs\/proizvod\/nocni-ormaric-s-policom-od-mdf-a-40x35x62cm-bijele-boje\/\",\"name\":\"No\u0107ni ormari\u0107 s policom od MDF-a 40x35x62cm bijele boje - Inti\",\"isPartOf\":{\"@id\":\"https:\/\/inti.hr\/bs\/#website\"},\"primaryImageOfPage\":{\"@id\":\"https:\/\/inti.hr\/bs\/proizvod\/nocni-ormaric-s-policom-od-mdf-a-40x35x62cm-bijele-boje\/#primaryimage\"},\"image\":{\"@id\":\"https:\/\/inti.hr\/bs\/proizvod\/nocni-ormaric-s-policom-od-mdf-a-40x35x62cm-bijele-boje\/#primaryimage\"},\"thumbnailUrl\":\"https:\/\/i0.wp.com\/inti.hr\/wp-content\/uploads\/2022\/10\/Nachtkommode-Nachtschrank-MDF-weiss2_600x600.jpg?fit=600%2C600&ssl=1\",\"datePublished\":\"2022-10-19T07:26:24+00:00\",\"dateModified\":\"2022-10-19T07:26:24+00:00\",\"description\":\"Plo\u010da stola pru\u017ea prostor za lampu za \u010ditanje, telefon, okvir za slike itd. S jednom policom i otvorenim pretincem, dovoljno prostora za odlaganje knjiga, \u010dasopisa ili drugih sitnica. Izra\u0111ena od visokokvalitetne MDF plo\u010de koja odgovara klasi E1. Drvena plo\u010da s jakim povr\u0161inskim filmom, vodootporna, otporna na ogrebotine i jednostavna za odr\u017eavanje. Noge sa za\u0161titnim jastu\u010di\u0107ima za pod \u0161tite va\u0161 pod od grebanja i smanjuju buku pri kretanju. Dolazi s dodacima i uputama za sastavljanje, no\u0107ni ormari\u0107 se jednostavno i brzo sastavlja.\",\"breadcrumb\":{\"@id\":\"https:\/\/inti.hr\/bs\/proizvod\/nocni-ormaric-s-policom-od-mdf-a-40x35x62cm-bijele-boje\/#breadcrumb\"},\"inLanguage\":\"bs-BA\",\"potentialAction\":[{\"@type\":\"ReadAction\",\"target\":[\"https:\/\/inti.hr\/bs\/proizvod\/nocni-ormaric-s-policom-od-mdf-a-40x35x62cm-bijele-boje\/\"]}]},{\"@type\":\"ImageObject\",\"inLanguage\":\"bs-BA\",\"@id\":\"https:\/\/inti.hr\/bs\/proizvod\/nocni-ormaric-s-policom-od-mdf-a-40x35x62cm-bijele-boje\/#primaryimage\",\"url\":\"https:\/\/i0.wp.com\/inti.hr\/wp-content\/uploads\/2022\/10\/Nachtkommode-Nachtschrank-MDF-weiss2_600x600.jpg?fit=600%2C600&ssl=1\",\"contentUrl\":\"https:\/\/i0.wp.com\/inti.hr\/wp-content\/uploads\/2022\/10\/Nachtkommode-Nachtschrank-MDF-weiss2_600x600.jpg?fit=600%2C600&ssl=1\",\"width\":600,\"height\":600},{\"@type\":\"BreadcrumbList\",\"@id\":\"https:\/\/inti.hr\/bs\/proizvod\/nocni-ormaric-s-policom-od-mdf-a-40x35x62cm-bijele-boje\/#breadcrumb\",\"itemListElement\":[{\"@type\":\"ListItem\",\"position\":1,\"name\":\"Po\u010detna stranica\",\"item\":\"https:\/\/inti.hr\/bs\/\"},{\"@type\":\"ListItem\",\"position\":2,\"name\":\"Trgovina\",\"item\":\"https:\/\/inti.hr\/bs\/trgovina\/\"},{\"@type\":\"ListItem\",\"position\":3,\"name\":\"No\u0107ni ormari\u0107 s policom od MDF-a 40x35x62cm bijele boje\"}]},{\"@type\":\"WebSite\",\"@id\":\"https:\/\/inti.hr\/bs\/#website\",\"url\":\"https:\/\/inti.hr\/bs\/\",\"name\":\"Inti\",\"description\":\"trgovina\",\"potentialAction\":[{\"@type\":\"SearchAction\",\"target\":{\"@type\":\"EntryPoint\",\"urlTemplate\":\"https:\/\/inti.hr\/bs\/?s={search_term_string}\"},\"query-input\":{\"@type\":\"PropertyValueSpecification\",\"valueRequired\":true,\"valueName\":\"search_term_string\"}}],\"inLanguage\":\"bs-BA\"}]}<\/script>\n<!-- \/ Yoast SEO plugin. -->","yoast_head_json":{"title":"No\u0107ni ormari\u0107 s policom od MDF-a 40x35x62cm bijele boje - Inti","description":"Plo\u010da stola pru\u017ea prostor za lampu za \u010ditanje, telefon, okvir za slike itd. S jednom policom i otvorenim pretincem, dovoljno prostora za odlaganje knjiga, \u010dasopisa ili drugih sitnica. Izra\u0111ena od visokokvalitetne MDF plo\u010de koja odgovara klasi E1. Drvena plo\u010da s jakim povr\u0161inskim filmom, vodootporna, otporna na ogrebotine i jednostavna za odr\u017eavanje. Noge sa za\u0161titnim jastu\u010di\u0107ima za pod \u0161tite va\u0161 pod od grebanja i smanjuju buku pri kretanju. Dolazi s dodacima i uputama za sastavljanje, no\u0107ni ormari\u0107 se jednostavno i brzo sastavlja.","robots":{"index":"index","follow":"follow","max-snippet":"max-snippet:-1","max-image-preview":"max-image-preview:large","max-video-preview":"max-video-preview:-1"},"canonical":"https:\/\/inti.hr\/bs\/proizvod\/nocni-ormaric-s-policom-od-mdf-a-40x35x62cm-bijele-boje\/","og_locale":"bs_BA","og_type":"article","og_title":"No\u0107ni ormari\u0107 s policom od MDF-a 40x35x62cm bijele boje - Inti","og_description":"Plo\u010da stola pru\u017ea prostor za lampu za \u010ditanje, telefon, okvir za slike itd. S jednom policom i otvorenim pretincem, dovoljno prostora za odlaganje knjiga, \u010dasopisa ili drugih sitnica. Izra\u0111ena od visokokvalitetne MDF plo\u010de koja odgovara klasi E1. Drvena plo\u010da s jakim povr\u0161inskim filmom, vodootporna, otporna na ogrebotine i jednostavna za odr\u017eavanje. Noge sa za\u0161titnim jastu\u010di\u0107ima za pod \u0161tite va\u0161 pod od grebanja i smanjuju buku pri kretanju. Dolazi s dodacima i uputama za sastavljanje, no\u0107ni ormari\u0107 se jednostavno i brzo sastavlja.","og_url":"https:\/\/inti.hr\/bs\/proizvod\/nocni-ormaric-s-policom-od-mdf-a-40x35x62cm-bijele-boje\/","og_site_name":"Inti","og_image":[{"width":600,"height":600,"url":"https:\/\/i0.wp.com\/inti.hr\/wp-content\/uploads\/2022\/10\/Nachtkommode-Nachtschrank-MDF-weiss2_600x600.jpg?fit=600%2C600&ssl=1","type":"image\/jpeg"}],"twitter_card":"summary_large_image","schema":{"@context":"https:\/\/schema.org","@graph":[{"@type":"WebPage","@id":"https:\/\/inti.hr\/bs\/proizvod\/nocni-ormaric-s-policom-od-mdf-a-40x35x62cm-bijele-boje\/","url":"https:\/\/inti.hr\/bs\/proizvod\/nocni-ormaric-s-policom-od-mdf-a-40x35x62cm-bijele-boje\/","name":"No\u0107ni ormari\u0107 s policom od MDF-a 40x35x62cm bijele boje - Inti","isPartOf":{"@id":"https:\/\/inti.hr\/bs\/#website"},"primaryImageOfPage":{"@id":"https:\/\/inti.hr\/bs\/proizvod\/nocni-ormaric-s-policom-od-mdf-a-40x35x62cm-bijele-boje\/#primaryimage"},"image":{"@id":"https:\/\/inti.hr\/bs\/proizvod\/nocni-ormaric-s-policom-od-mdf-a-40x35x62cm-bijele-boje\/#primaryimage"},"thumbnailUrl":"https:\/\/i0.wp.com\/inti.hr\/wp-content\/uploads\/2022\/10\/Nachtkommode-Nachtschrank-MDF-weiss2_600x600.jpg?fit=600%2C600&ssl=1","datePublished":"2022-10-19T07:26:24+00:00","dateModified":"2022-10-19T07:26:24+00:00","description":"Plo\u010da stola pru\u017ea prostor za lampu za \u010ditanje, telefon, okvir za slike itd. S jednom policom i otvorenim pretincem, dovoljno prostora za odlaganje knjiga, \u010dasopisa ili drugih sitnica. Izra\u0111ena od visokokvalitetne MDF plo\u010de koja odgovara klasi E1. Drvena plo\u010da s jakim povr\u0161inskim filmom, vodootporna, otporna na ogrebotine i jednostavna za odr\u017eavanje. Noge sa za\u0161titnim jastu\u010di\u0107ima za pod \u0161tite va\u0161 pod od grebanja i smanjuju buku pri kretanju. Dolazi s dodacima i uputama za sastavljanje, no\u0107ni ormari\u0107 se jednostavno i brzo sastavlja.","breadcrumb":{"@id":"https:\/\/inti.hr\/bs\/proizvod\/nocni-ormaric-s-policom-od-mdf-a-40x35x62cm-bijele-boje\/#breadcrumb"},"inLanguage":"bs-BA","potentialAction":[{"@type":"ReadAction","target":["https:\/\/inti.hr\/bs\/proizvod\/nocni-ormaric-s-policom-od-mdf-a-40x35x62cm-bijele-boje\/"]}]},{"@type":"ImageObject","inLanguage":"bs-BA","@id":"https:\/\/inti.hr\/bs\/proizvod\/nocni-ormaric-s-policom-od-mdf-a-40x35x62cm-bijele-boje\/#primaryimage","url":"https:\/\/i0.wp.com\/inti.hr\/wp-content\/uploads\/2022\/10\/Nachtkommode-Nachtschrank-MDF-weiss2_600x600.jpg?fit=600%2C600&ssl=1","contentUrl":"https:\/\/i0.wp.com\/inti.hr\/wp-content\/uploads\/2022\/10\/Nachtkommode-Nachtschrank-MDF-weiss2_600x600.jpg?fit=600%2C600&ssl=1","width":600,"height":600},{"@type":"BreadcrumbList","@id":"https:\/\/inti.hr\/bs\/proizvod\/nocni-ormaric-s-policom-od-mdf-a-40x35x62cm-bijele-boje\/#breadcrumb","itemListElement":[{"@type":"ListItem","position":1,"name":"Po\u010detna stranica","item":"https:\/\/inti.hr\/bs\/"},{"@type":"ListItem","position":2,"name":"Trgovina","item":"https:\/\/inti.hr\/bs\/trgovina\/"},{"@type":"ListItem","position":3,"name":"No\u0107ni ormari\u0107 s policom od MDF-a 40x35x62cm bijele boje"}]},{"@type":"WebSite","@id":"https:\/\/inti.hr\/bs\/#website","url":"https:\/\/inti.hr\/bs\/","name":"Inti","description":"trgovina","potentialAction":[{"@type":"SearchAction","target":{"@type":"EntryPoint","urlTemplate":"https:\/\/inti.hr\/bs\/?s={search_term_string}"},"query-input":{"@type":"PropertyValueSpecification","valueRequired":true,"valueName":"search_term_string"}}],"inLanguage":"bs-BA"}]}},"jetpack_sharing_enabled":true,"jetpack-related-posts":[],"_links":{"self":[{"href":"https:\/\/inti.hr\/bs\/wp-json\/wp\/v2\/product\/33655"}],"collection":[{"href":"https:\/\/inti.hr\/bs\/wp-json\/wp\/v2\/product"}],"about":[{"href":"https:\/\/inti.hr\/bs\/wp-json\/wp\/v2\/types\/product"}],"wp:featuredmedia":[{"embeddable":true,"href":"https:\/\/inti.hr\/bs\/wp-json\/wp\/v2\/media\/33656"}],"wp:attachment":[{"href":"https:\/\/inti.hr\/bs\/wp-json\/wp\/v2\/media?parent=33655"}],"wp:term":[{"taxonomy":"product_cat","embeddable":true,"href":"https:\/\/inti.hr\/bs\/wp-json\/wp\/v2\/product_cat?post=33655"},{"taxonomy":"product_tag","embeddable":true,"href":"https:\/\/inti.hr\/bs\/wp-json\/wp\/v2\/product_tag?post=33655"}],"curies":[{"name":"wp","href":"https:\/\/api.w.org\/{rel}","templated":true}]}}