{"id":33659,"date":"2022-10-19T06:47:00","date_gmt":"2022-10-19T06:47:00","guid":{"rendered":"https:\/\/inti.hr\/product\/bijeli-nocni-ormaric-s-ladicomovaj-nocni-ormaric-koji-stedi-prostor-izraden-je-od-visokokvalitetne-bijele-mdf-ploce-koja-odgovara-klasi-e1-zbog-jednostavne-elegancije-nocni-ormaric-savrseno-se-moze\/"},"modified":"2022-10-19T06:47:00","modified_gmt":"2022-10-19T06:47:00","slug":"bijeli-nocni-ormaric-s-ladicomovaj-nocni-ormaric-koji-stedi-prostor-izraden-je-od-visokokvalitetne-bijele-mdf-ploce-koja-odgovara-klasi-e1-zbog-jednostavne-elegancije-nocni-ormaric-savrseno-se-moze","status":"publish","type":"product","link":"https:\/\/inti.hr\/bs\/proizvod\/bijeli-nocni-ormaric-s-ladicomovaj-nocni-ormaric-koji-stedi-prostor-izraden-je-od-visokokvalitetne-bijele-mdf-ploce-koja-odgovara-klasi-e1-zbog-jednostavne-elegancije-nocni-ormaric-savrseno-se-moze\/","title":{"rendered":"Bijeli no\u0107ni ormari\u0107 s ladicom"},"content":{"rendered":"<p>Detalji proizvoda:<\/p>\n<ul>\n<li><span lang=\"en\">Materijal: drvo<\/span><\/li>\n<li><span lang=\"en\">Dimenzije: cca.\u00a040 cm x 34 cm x 50 cm (\u0160xDxV)<\/span><\/li>\n<li><span lang=\"en\">Te\u017eina: cca.\u00a06,65 kg (neto)<\/span><\/li>\n<li><span lang=\"en\">Boja bijela<\/span><\/li>\n<li><span lang=\"en\">Maksimalno optere\u0107enje: cca.\u00a05kg<\/span><\/li>\n<\/ul>\n","protected":false},"excerpt":{"rendered":"<ul>\n<li><span lang=\"en\">No\u0107ni ormari\u0107 s policom nudi prostor za lampu za &#8230;<br \/>\n","protected":false},"featured_media":33660,"template":"","meta":[],"product_cat":[2414],"product_tag":[3184,2673],"yoast_head":"<!-- This site is optimized with the Yoast SEO plugin v23.7 - https:\/\/yoast.com\/wordpress\/plugins\/seo\/ -->\n<title>Bijeli no\u0107ni ormari\u0107 s ladicom - Inti<\/title>\n<meta name=\"description\" content=\"No\u0107ni ormari\u0107 s policom nudi prostor za lampu za \u010ditanje, telefon, okvir za slike itd.S ladicama i otvorenim pretincem.\u00a0U njega mo\u017eete pohraniti knjige, \u010dasopise ili druge sitnice.Plo\u010da stola izra\u0111ena je od visokokvalitetne drvene plo\u010de koja odgovara klasi E1.Drvena plo\u010da je robusna laminirana, stoga je vodootporna, otporna na ogrebotine i laka za odr\u017eavanje.\u00a0Zahvaljuju\u0107i isporu\u010denom materijalu za monta\u017eu i uputama za monta\u017eu, ovaj se no\u0107ni ormari\u0107 jednostavno i brzo postavlja.\" \/>\n<meta name=\"robots\" content=\"index, follow, max-snippet:-1, max-image-preview:large, max-video-preview:-1\" \/>\n<link rel=\"canonical\" href=\"https:\/\/inti.hr\/bs\/proizvod\/bijeli-nocni-ormaric-s-ladicomovaj-nocni-ormaric-koji-stedi-prostor-izraden-je-od-visokokvalitetne-bijele-mdf-ploce-koja-odgovara-klasi-e1-zbog-jednostavne-elegancije-nocni-ormaric-savrseno-se-moze\/\" \/>\n<meta property=\"og:locale\" content=\"bs_BA\" \/>\n<meta property=\"og:type\" content=\"article\" \/>\n<meta property=\"og:title\" content=\"Bijeli no\u0107ni ormari\u0107 s ladicom - Inti\" \/>\n<meta property=\"og:description\" content=\"No\u0107ni ormari\u0107 s policom nudi prostor za lampu za \u010ditanje, telefon, okvir za slike itd.S ladicama i otvorenim pretincem.\u00a0U njega mo\u017eete pohraniti knjige, \u010dasopise ili druge sitnice.Plo\u010da stola izra\u0111ena je od visokokvalitetne drvene plo\u010de koja odgovara klasi E1.Drvena plo\u010da je robusna laminirana, stoga je vodootporna, otporna na ogrebotine i laka za odr\u017eavanje.\u00a0Zahvaljuju\u0107i isporu\u010denom materijalu za monta\u017eu i uputama za monta\u017eu, ovaj se no\u0107ni ormari\u0107 jednostavno i brzo postavlja.\" \/>\n<meta property=\"og:url\" content=\"https:\/\/inti.hr\/bs\/proizvod\/bijeli-nocni-ormaric-s-ladicomovaj-nocni-ormaric-koji-stedi-prostor-izraden-je-od-visokokvalitetne-bijele-mdf-ploce-koja-odgovara-klasi-e1-zbog-jednostavne-elegancije-nocni-ormaric-savrseno-se-moze\/\" \/>\n<meta property=\"og:site_name\" content=\"Inti\" \/>\n<meta property=\"og:image\" content=\"https:\/\/i0.wp.com\/inti.hr\/wp-content\/uploads\/2022\/10\/Nachttisch-mit-Schublade-Weiss-TSR57ws_1.jpg?fit=1200%2C1200&ssl=1\" \/>\n\t<meta property=\"og:image:width\" content=\"1200\" \/>\n\t<meta property=\"og:image:height\" content=\"1200\" \/>\n\t<meta property=\"og:image:type\" content=\"image\/jpeg\" \/>\n<meta name=\"twitter:card\" content=\"summary_large_image\" \/>\n<script type=\"application\/ld+json\" class=\"yoast-schema-graph\">{\"@context\":\"https:\/\/schema.org\",\"@graph\":[{\"@type\":\"WebPage\",\"@id\":\"https:\/\/inti.hr\/bs\/proizvod\/bijeli-nocni-ormaric-s-ladicomovaj-nocni-ormaric-koji-stedi-prostor-izraden-je-od-visokokvalitetne-bijele-mdf-ploce-koja-odgovara-klasi-e1-zbog-jednostavne-elegancije-nocni-ormaric-savrseno-se-moze\/\",\"url\":\"https:\/\/inti.hr\/bs\/proizvod\/bijeli-nocni-ormaric-s-ladicomovaj-nocni-ormaric-koji-stedi-prostor-izraden-je-od-visokokvalitetne-bijele-mdf-ploce-koja-odgovara-klasi-e1-zbog-jednostavne-elegancije-nocni-ormaric-savrseno-se-moze\/\",\"name\":\"Bijeli no\u0107ni ormari\u0107 s ladicom - Inti\",\"isPartOf\":{\"@id\":\"https:\/\/inti.hr\/bs\/#website\"},\"primaryImageOfPage\":{\"@id\":\"https:\/\/inti.hr\/bs\/proizvod\/bijeli-nocni-ormaric-s-ladicomovaj-nocni-ormaric-koji-stedi-prostor-izraden-je-od-visokokvalitetne-bijele-mdf-ploce-koja-odgovara-klasi-e1-zbog-jednostavne-elegancije-nocni-ormaric-savrseno-se-moze\/#primaryimage\"},\"image\":{\"@id\":\"https:\/\/inti.hr\/bs\/proizvod\/bijeli-nocni-ormaric-s-ladicomovaj-nocni-ormaric-koji-stedi-prostor-izraden-je-od-visokokvalitetne-bijele-mdf-ploce-koja-odgovara-klasi-e1-zbog-jednostavne-elegancije-nocni-ormaric-savrseno-se-moze\/#primaryimage\"},\"thumbnailUrl\":\"https:\/\/i0.wp.com\/inti.hr\/wp-content\/uploads\/2022\/10\/Nachttisch-mit-Schublade-Weiss-TSR57ws_1.jpg?fit=1200%2C1200&ssl=1\",\"datePublished\":\"2022-10-19T06:47:00+00:00\",\"dateModified\":\"2022-10-19T06:47:00+00:00\",\"description\":\"No\u0107ni ormari\u0107 s policom nudi prostor za lampu za \u010ditanje, telefon, okvir za slike itd.S ladicama i otvorenim pretincem.\u00a0U njega mo\u017eete pohraniti knjige, \u010dasopise ili druge sitnice.Plo\u010da stola izra\u0111ena je od visokokvalitetne drvene plo\u010de koja odgovara klasi E1.Drvena plo\u010da je robusna laminirana, stoga je vodootporna, otporna na ogrebotine i laka za odr\u017eavanje.\u00a0Zahvaljuju\u0107i isporu\u010denom materijalu za monta\u017eu i uputama za monta\u017eu, ovaj se no\u0107ni ormari\u0107 jednostavno i brzo postavlja.\",\"breadcrumb\":{\"@id\":\"https:\/\/inti.hr\/bs\/proizvod\/bijeli-nocni-ormaric-s-ladicomovaj-nocni-ormaric-koji-stedi-prostor-izraden-je-od-visokokvalitetne-bijele-mdf-ploce-koja-odgovara-klasi-e1-zbog-jednostavne-elegancije-nocni-ormaric-savrseno-se-moze\/#breadcrumb\"},\"inLanguage\":\"bs-BA\",\"potentialAction\":[{\"@type\":\"ReadAction\",\"target\":[\"https:\/\/inti.hr\/bs\/proizvod\/bijeli-nocni-ormaric-s-ladicomovaj-nocni-ormaric-koji-stedi-prostor-izraden-je-od-visokokvalitetne-bijele-mdf-ploce-koja-odgovara-klasi-e1-zbog-jednostavne-elegancije-nocni-ormaric-savrseno-se-moze\/\"]}]},{\"@type\":\"ImageObject\",\"inLanguage\":\"bs-BA\",\"@id\":\"https:\/\/inti.hr\/bs\/proizvod\/bijeli-nocni-ormaric-s-ladicomovaj-nocni-ormaric-koji-stedi-prostor-izraden-je-od-visokokvalitetne-bijele-mdf-ploce-koja-odgovara-klasi-e1-zbog-jednostavne-elegancije-nocni-ormaric-savrseno-se-moze\/#primaryimage\",\"url\":\"https:\/\/i0.wp.com\/inti.hr\/wp-content\/uploads\/2022\/10\/Nachttisch-mit-Schublade-Weiss-TSR57ws_1.jpg?fit=1200%2C1200&ssl=1\",\"contentUrl\":\"https:\/\/i0.wp.com\/inti.hr\/wp-content\/uploads\/2022\/10\/Nachttisch-mit-Schublade-Weiss-TSR57ws_1.jpg?fit=1200%2C1200&ssl=1\",\"width\":1200,\"height\":1200},{\"@type\":\"BreadcrumbList\",\"@id\":\"https:\/\/inti.hr\/bs\/proizvod\/bijeli-nocni-ormaric-s-ladicomovaj-nocni-ormaric-koji-stedi-prostor-izraden-je-od-visokokvalitetne-bijele-mdf-ploce-koja-odgovara-klasi-e1-zbog-jednostavne-elegancije-nocni-ormaric-savrseno-se-moze\/#breadcrumb\",\"itemListElement\":[{\"@type\":\"ListItem\",\"position\":1,\"name\":\"Po\u010detna stranica\",\"item\":\"https:\/\/inti.hr\/bs\/\"},{\"@type\":\"ListItem\",\"position\":2,\"name\":\"Trgovina\",\"item\":\"https:\/\/inti.hr\/bs\/trgovina\/\"},{\"@type\":\"ListItem\",\"position\":3,\"name\":\"Bijeli no\u0107ni ormari\u0107 s ladicom\"}]},{\"@type\":\"WebSite\",\"@id\":\"https:\/\/inti.hr\/bs\/#website\",\"url\":\"https:\/\/inti.hr\/bs\/\",\"name\":\"Inti\",\"description\":\"trgovina\",\"potentialAction\":[{\"@type\":\"SearchAction\",\"target\":{\"@type\":\"EntryPoint\",\"urlTemplate\":\"https:\/\/inti.hr\/bs\/?s={search_term_string}\"},\"query-input\":{\"@type\":\"PropertyValueSpecification\",\"valueRequired\":true,\"valueName\":\"search_term_string\"}}],\"inLanguage\":\"bs-BA\"}]}<\/script>\n<!-- \/ Yoast SEO plugin. -->","yoast_head_json":{"title":"Bijeli no\u0107ni ormari\u0107 s ladicom - Inti","description":"No\u0107ni ormari\u0107 s policom nudi prostor za lampu za \u010ditanje, telefon, okvir za slike itd.S ladicama i otvorenim pretincem.\u00a0U njega mo\u017eete pohraniti knjige, \u010dasopise ili druge sitnice.Plo\u010da stola izra\u0111ena je od visokokvalitetne drvene plo\u010de koja odgovara klasi E1.Drvena plo\u010da je robusna laminirana, stoga je vodootporna, otporna na ogrebotine i laka za odr\u017eavanje.\u00a0Zahvaljuju\u0107i isporu\u010denom materijalu za monta\u017eu i uputama za monta\u017eu, ovaj se no\u0107ni ormari\u0107 jednostavno i brzo postavlja.","robots":{"index":"index","follow":"follow","max-snippet":"max-snippet:-1","max-image-preview":"max-image-preview:large","max-video-preview":"max-video-preview:-1"},"canonical":"https:\/\/inti.hr\/bs\/proizvod\/bijeli-nocni-ormaric-s-ladicomovaj-nocni-ormaric-koji-stedi-prostor-izraden-je-od-visokokvalitetne-bijele-mdf-ploce-koja-odgovara-klasi-e1-zbog-jednostavne-elegancije-nocni-ormaric-savrseno-se-moze\/","og_locale":"bs_BA","og_type":"article","og_title":"Bijeli no\u0107ni ormari\u0107 s ladicom - Inti","og_description":"No\u0107ni ormari\u0107 s policom nudi prostor za lampu za \u010ditanje, telefon, okvir za slike itd.S ladicama i otvorenim pretincem.\u00a0U njega mo\u017eete pohraniti knjige, \u010dasopise ili druge sitnice.Plo\u010da stola izra\u0111ena je od visokokvalitetne drvene plo\u010de koja odgovara klasi E1.Drvena plo\u010da je robusna laminirana, stoga je vodootporna, otporna na ogrebotine i laka za odr\u017eavanje.\u00a0Zahvaljuju\u0107i isporu\u010denom materijalu za monta\u017eu i uputama za monta\u017eu, ovaj se no\u0107ni ormari\u0107 jednostavno i brzo postavlja.","og_url":"https:\/\/inti.hr\/bs\/proizvod\/bijeli-nocni-ormaric-s-ladicomovaj-nocni-ormaric-koji-stedi-prostor-izraden-je-od-visokokvalitetne-bijele-mdf-ploce-koja-odgovara-klasi-e1-zbog-jednostavne-elegancije-nocni-ormaric-savrseno-se-moze\/","og_site_name":"Inti","og_image":[{"width":1200,"height":1200,"url":"https:\/\/i0.wp.com\/inti.hr\/wp-content\/uploads\/2022\/10\/Nachttisch-mit-Schublade-Weiss-TSR57ws_1.jpg?fit=1200%2C1200&ssl=1","type":"image\/jpeg"}],"twitter_card":"summary_large_image","schema":{"@context":"https:\/\/schema.org","@graph":[{"@type":"WebPage","@id":"https:\/\/inti.hr\/bs\/proizvod\/bijeli-nocni-ormaric-s-ladicomovaj-nocni-ormaric-koji-stedi-prostor-izraden-je-od-visokokvalitetne-bijele-mdf-ploce-koja-odgovara-klasi-e1-zbog-jednostavne-elegancije-nocni-ormaric-savrseno-se-moze\/","url":"https:\/\/inti.hr\/bs\/proizvod\/bijeli-nocni-ormaric-s-ladicomovaj-nocni-ormaric-koji-stedi-prostor-izraden-je-od-visokokvalitetne-bijele-mdf-ploce-koja-odgovara-klasi-e1-zbog-jednostavne-elegancije-nocni-ormaric-savrseno-se-moze\/","name":"Bijeli no\u0107ni ormari\u0107 s ladicom - Inti","isPartOf":{"@id":"https:\/\/inti.hr\/bs\/#website"},"primaryImageOfPage":{"@id":"https:\/\/inti.hr\/bs\/proizvod\/bijeli-nocni-ormaric-s-ladicomovaj-nocni-ormaric-koji-stedi-prostor-izraden-je-od-visokokvalitetne-bijele-mdf-ploce-koja-odgovara-klasi-e1-zbog-jednostavne-elegancije-nocni-ormaric-savrseno-se-moze\/#primaryimage"},"image":{"@id":"https:\/\/inti.hr\/bs\/proizvod\/bijeli-nocni-ormaric-s-ladicomovaj-nocni-ormaric-koji-stedi-prostor-izraden-je-od-visokokvalitetne-bijele-mdf-ploce-koja-odgovara-klasi-e1-zbog-jednostavne-elegancije-nocni-ormaric-savrseno-se-moze\/#primaryimage"},"thumbnailUrl":"https:\/\/i0.wp.com\/inti.hr\/wp-content\/uploads\/2022\/10\/Nachttisch-mit-Schublade-Weiss-TSR57ws_1.jpg?fit=1200%2C1200&ssl=1","datePublished":"2022-10-19T06:47:00+00:00","dateModified":"2022-10-19T06:47:00+00:00","description":"No\u0107ni ormari\u0107 s policom nudi prostor za lampu za \u010ditanje, telefon, okvir za slike itd.S ladicama i otvorenim pretincem.\u00a0U njega mo\u017eete pohraniti knjige, \u010dasopise ili druge sitnice.Plo\u010da stola izra\u0111ena je od visokokvalitetne drvene plo\u010de koja odgovara klasi E1.Drvena plo\u010da je robusna laminirana, stoga je vodootporna, otporna na ogrebotine i laka za odr\u017eavanje.\u00a0Zahvaljuju\u0107i isporu\u010denom materijalu za monta\u017eu i uputama za monta\u017eu, ovaj se no\u0107ni ormari\u0107 jednostavno i brzo postavlja.","breadcrumb":{"@id":"https:\/\/inti.hr\/bs\/proizvod\/bijeli-nocni-ormaric-s-ladicomovaj-nocni-ormaric-koji-stedi-prostor-izraden-je-od-visokokvalitetne-bijele-mdf-ploce-koja-odgovara-klasi-e1-zbog-jednostavne-elegancije-nocni-ormaric-savrseno-se-moze\/#breadcrumb"},"inLanguage":"bs-BA","potentialAction":[{"@type":"ReadAction","target":["https:\/\/inti.hr\/bs\/proizvod\/bijeli-nocni-ormaric-s-ladicomovaj-nocni-ormaric-koji-stedi-prostor-izraden-je-od-visokokvalitetne-bijele-mdf-ploce-koja-odgovara-klasi-e1-zbog-jednostavne-elegancije-nocni-ormaric-savrseno-se-moze\/"]}]},{"@type":"ImageObject","inLanguage":"bs-BA","@id":"https:\/\/inti.hr\/bs\/proizvod\/bijeli-nocni-ormaric-s-ladicomovaj-nocni-ormaric-koji-stedi-prostor-izraden-je-od-visokokvalitetne-bijele-mdf-ploce-koja-odgovara-klasi-e1-zbog-jednostavne-elegancije-nocni-ormaric-savrseno-se-moze\/#primaryimage","url":"https:\/\/i0.wp.com\/inti.hr\/wp-content\/uploads\/2022\/10\/Nachttisch-mit-Schublade-Weiss-TSR57ws_1.jpg?fit=1200%2C1200&ssl=1","contentUrl":"https:\/\/i0.wp.com\/inti.hr\/wp-content\/uploads\/2022\/10\/Nachttisch-mit-Schublade-Weiss-TSR57ws_1.jpg?fit=1200%2C1200&ssl=1","width":1200,"height":1200},{"@type":"BreadcrumbList","@id":"https:\/\/inti.hr\/bs\/proizvod\/bijeli-nocni-ormaric-s-ladicomovaj-nocni-ormaric-koji-stedi-prostor-izraden-je-od-visokokvalitetne-bijele-mdf-ploce-koja-odgovara-klasi-e1-zbog-jednostavne-elegancije-nocni-ormaric-savrseno-se-moze\/#breadcrumb","itemListElement":[{"@type":"ListItem","position":1,"name":"Po\u010detna stranica","item":"https:\/\/inti.hr\/bs\/"},{"@type":"ListItem","position":2,"name":"Trgovina","item":"https:\/\/inti.hr\/bs\/trgovina\/"},{"@type":"ListItem","position":3,"name":"Bijeli no\u0107ni ormari\u0107 s ladicom"}]},{"@type":"WebSite","@id":"https:\/\/inti.hr\/bs\/#website","url":"https:\/\/inti.hr\/bs\/","name":"Inti","description":"trgovina","potentialAction":[{"@type":"SearchAction","target":{"@type":"EntryPoint","urlTemplate":"https:\/\/inti.hr\/bs\/?s={search_term_string}"},"query-input":{"@type":"PropertyValueSpecification","valueRequired":true,"valueName":"search_term_string"}}],"inLanguage":"bs-BA"}]}},"jetpack_sharing_enabled":true,"jetpack-related-posts":[],"_links":{"self":[{"href":"https:\/\/inti.hr\/bs\/wp-json\/wp\/v2\/product\/33659"}],"collection":[{"href":"https:\/\/inti.hr\/bs\/wp-json\/wp\/v2\/product"}],"about":[{"href":"https:\/\/inti.hr\/bs\/wp-json\/wp\/v2\/types\/product"}],"wp:featuredmedia":[{"embeddable":true,"href":"https:\/\/inti.hr\/bs\/wp-json\/wp\/v2\/media\/33660"}],"wp:attachment":[{"href":"https:\/\/inti.hr\/bs\/wp-json\/wp\/v2\/media?parent=33659"}],"wp:term":[{"taxonomy":"product_cat","embeddable":true,"href":"https:\/\/inti.hr\/bs\/wp-json\/wp\/v2\/product_cat?post=33659"},{"taxonomy":"product_tag","embeddable":true,"href":"https:\/\/inti.hr\/bs\/wp-json\/wp\/v2\/product_tag?post=33659"}],"curies":[{"name":"wp","href":"https:\/\/api.w.org\/{rel}","templated":true}]}}