{"id":33715,"date":"2022-08-25T07:46:01","date_gmt":"2022-08-25T07:46:01","guid":{"rendered":"https:\/\/inti.hr\/product\/okretna-stolica-s-presvlakom-od-sivog-barsuna\/"},"modified":"2022-08-25T07:46:01","modified_gmt":"2022-08-25T07:46:01","slug":"okretna-stolica-s-presvlakom-od-sivog-barsuna","status":"publish","type":"product","link":"https:\/\/inti.hr\/bs\/proizvod\/okretna-stolica-s-presvlakom-od-sivog-barsuna\/","title":{"rendered":"Okretna stolica s presvlakom od sivog bar\u0161una"},"content":{"rendered":"<p><b>Detalji o proizvodu:<\/b><\/p>\n<p>Boja: svijetlo siva<\/p>\n<p>Materijal: \u010delik, kota\u010di od najlona, \u200b\u200bpodstava od pjene, bar\u0161un<\/p>\n<p>Ukupna veli\u010dina stolice: 64 x 62 x (80-90) cm (D x \u0160 x V)<\/p>\n<p>Visina sjedala: 45-55 cm<\/p>\n<p>Te\u017eina: 8,2 kg<\/p>\n<p>Maksimalno stati\u010dko optere\u0107enje: 120 kg<\/p>\n","protected":false},"excerpt":{"rendered":"<p>Zahvaljuju\u0107i mekanoj bar\u0161unastoj presvlaci i dobro podstavljenoj pjeni, ova okretna stolica &#8230; <\/p>\n","protected":false},"featured_media":33716,"template":"","meta":[],"product_cat":[2436],"product_tag":[2654,3818,2830],"yoast_head":"<!-- This site is optimized with the Yoast SEO plugin v23.7 - https:\/\/yoast.com\/wordpress\/plugins\/seo\/ -->\n<title>Okretna stolica s presvlakom od sivog bar\u0161una - Inti<\/title>\n<meta name=\"description\" content=\"Zahvaljuju\u0107i mekanoj bar\u0161unastoj presvlaci i dobro podstavljenoj pjeni, ova okretna stolica nudi isto toliko udobnosti kao i kau\u010d. Sada mo\u017eete raditi udobno i energi\u010dno. Konstrukcija na\u0161e uredske stolice ne izaziva nikakve glavobolje.\u00a0Samo zategnite vijke - mo\u017eete sastaviti stolicu u roku od 15 minuta.\u00a0Onda je vrijeme da sjednete i u\u017eivate! Visokokvalitetni plinski cilindar, robusni valjci, dobra nosivost (do 120 kg) - sve to osigurava dug radni vijek.\u00a0Ova uredska fotelja pratit \u0107e vas dugi niz godina.\" \/>\n<meta name=\"robots\" content=\"index, follow, max-snippet:-1, max-image-preview:large, max-video-preview:-1\" \/>\n<link rel=\"canonical\" href=\"https:\/\/inti.hr\/bs\/proizvod\/okretna-stolica-s-presvlakom-od-sivog-barsuna\/\" \/>\n<meta property=\"og:locale\" content=\"bs_BA\" \/>\n<meta property=\"og:type\" content=\"article\" \/>\n<meta property=\"og:title\" content=\"Okretna stolica s presvlakom od sivog bar\u0161una - Inti\" \/>\n<meta property=\"og:description\" content=\"Zahvaljuju\u0107i mekanoj bar\u0161unastoj presvlaci i dobro podstavljenoj pjeni, ova okretna stolica nudi isto toliko udobnosti kao i kau\u010d. Sada mo\u017eete raditi udobno i energi\u010dno. Konstrukcija na\u0161e uredske stolice ne izaziva nikakve glavobolje.\u00a0Samo zategnite vijke - mo\u017eete sastaviti stolicu u roku od 15 minuta.\u00a0Onda je vrijeme da sjednete i u\u017eivate! Visokokvalitetni plinski cilindar, robusni valjci, dobra nosivost (do 120 kg) - sve to osigurava dug radni vijek.\u00a0Ova uredska fotelja pratit \u0107e vas dugi niz godina.\" \/>\n<meta property=\"og:url\" content=\"https:\/\/inti.hr\/bs\/proizvod\/okretna-stolica-s-presvlakom-od-sivog-barsuna\/\" \/>\n<meta property=\"og:site_name\" content=\"Inti\" \/>\n<meta property=\"og:image\" content=\"https:\/\/i0.wp.com\/inti.hr\/wp-content\/uploads\/2022\/08\/OBG012G01-3.jpg?fit=750%2C750&ssl=1\" \/>\n\t<meta property=\"og:image:width\" content=\"750\" \/>\n\t<meta property=\"og:image:height\" content=\"750\" \/>\n\t<meta property=\"og:image:type\" content=\"image\/jpeg\" \/>\n<meta name=\"twitter:card\" content=\"summary_large_image\" \/>\n<script type=\"application\/ld+json\" class=\"yoast-schema-graph\">{\"@context\":\"https:\/\/schema.org\",\"@graph\":[{\"@type\":\"WebPage\",\"@id\":\"https:\/\/inti.hr\/bs\/proizvod\/okretna-stolica-s-presvlakom-od-sivog-barsuna\/\",\"url\":\"https:\/\/inti.hr\/bs\/proizvod\/okretna-stolica-s-presvlakom-od-sivog-barsuna\/\",\"name\":\"Okretna stolica s presvlakom od sivog bar\u0161una - Inti\",\"isPartOf\":{\"@id\":\"https:\/\/inti.hr\/bs\/#website\"},\"primaryImageOfPage\":{\"@id\":\"https:\/\/inti.hr\/bs\/proizvod\/okretna-stolica-s-presvlakom-od-sivog-barsuna\/#primaryimage\"},\"image\":{\"@id\":\"https:\/\/inti.hr\/bs\/proizvod\/okretna-stolica-s-presvlakom-od-sivog-barsuna\/#primaryimage\"},\"thumbnailUrl\":\"https:\/\/i0.wp.com\/inti.hr\/wp-content\/uploads\/2022\/08\/OBG012G01-3.jpg?fit=750%2C750&ssl=1\",\"datePublished\":\"2022-08-25T07:46:01+00:00\",\"dateModified\":\"2022-08-25T07:46:01+00:00\",\"description\":\"Zahvaljuju\u0107i mekanoj bar\u0161unastoj presvlaci i dobro podstavljenoj pjeni, ova okretna stolica nudi isto toliko udobnosti kao i kau\u010d. Sada mo\u017eete raditi udobno i energi\u010dno. Konstrukcija na\u0161e uredske stolice ne izaziva nikakve glavobolje.\u00a0Samo zategnite vijke - mo\u017eete sastaviti stolicu u roku od 15 minuta.\u00a0Onda je vrijeme da sjednete i u\u017eivate! Visokokvalitetni plinski cilindar, robusni valjci, dobra nosivost (do 120 kg) - sve to osigurava dug radni vijek.\u00a0Ova uredska fotelja pratit \u0107e vas dugi niz godina.\",\"breadcrumb\":{\"@id\":\"https:\/\/inti.hr\/bs\/proizvod\/okretna-stolica-s-presvlakom-od-sivog-barsuna\/#breadcrumb\"},\"inLanguage\":\"bs-BA\",\"potentialAction\":[{\"@type\":\"ReadAction\",\"target\":[\"https:\/\/inti.hr\/bs\/proizvod\/okretna-stolica-s-presvlakom-od-sivog-barsuna\/\"]}]},{\"@type\":\"ImageObject\",\"inLanguage\":\"bs-BA\",\"@id\":\"https:\/\/inti.hr\/bs\/proizvod\/okretna-stolica-s-presvlakom-od-sivog-barsuna\/#primaryimage\",\"url\":\"https:\/\/i0.wp.com\/inti.hr\/wp-content\/uploads\/2022\/08\/OBG012G01-3.jpg?fit=750%2C750&ssl=1\",\"contentUrl\":\"https:\/\/i0.wp.com\/inti.hr\/wp-content\/uploads\/2022\/08\/OBG012G01-3.jpg?fit=750%2C750&ssl=1\",\"width\":750,\"height\":750},{\"@type\":\"BreadcrumbList\",\"@id\":\"https:\/\/inti.hr\/bs\/proizvod\/okretna-stolica-s-presvlakom-od-sivog-barsuna\/#breadcrumb\",\"itemListElement\":[{\"@type\":\"ListItem\",\"position\":1,\"name\":\"Po\u010detna stranica\",\"item\":\"https:\/\/inti.hr\/bs\/\"},{\"@type\":\"ListItem\",\"position\":2,\"name\":\"Trgovina\",\"item\":\"https:\/\/inti.hr\/bs\/trgovina\/\"},{\"@type\":\"ListItem\",\"position\":3,\"name\":\"Okretna stolica s presvlakom od sivog bar\u0161una\"}]},{\"@type\":\"WebSite\",\"@id\":\"https:\/\/inti.hr\/bs\/#website\",\"url\":\"https:\/\/inti.hr\/bs\/\",\"name\":\"Inti\",\"description\":\"trgovina\",\"potentialAction\":[{\"@type\":\"SearchAction\",\"target\":{\"@type\":\"EntryPoint\",\"urlTemplate\":\"https:\/\/inti.hr\/bs\/?s={search_term_string}\"},\"query-input\":{\"@type\":\"PropertyValueSpecification\",\"valueRequired\":true,\"valueName\":\"search_term_string\"}}],\"inLanguage\":\"bs-BA\"}]}<\/script>\n<!-- \/ Yoast SEO plugin. -->","yoast_head_json":{"title":"Okretna stolica s presvlakom od sivog bar\u0161una - Inti","description":"Zahvaljuju\u0107i mekanoj bar\u0161unastoj presvlaci i dobro podstavljenoj pjeni, ova okretna stolica nudi isto toliko udobnosti kao i kau\u010d. Sada mo\u017eete raditi udobno i energi\u010dno. Konstrukcija na\u0161e uredske stolice ne izaziva nikakve glavobolje.\u00a0Samo zategnite vijke - mo\u017eete sastaviti stolicu u roku od 15 minuta.\u00a0Onda je vrijeme da sjednete i u\u017eivate! Visokokvalitetni plinski cilindar, robusni valjci, dobra nosivost (do 120 kg) - sve to osigurava dug radni vijek.\u00a0Ova uredska fotelja pratit \u0107e vas dugi niz godina.","robots":{"index":"index","follow":"follow","max-snippet":"max-snippet:-1","max-image-preview":"max-image-preview:large","max-video-preview":"max-video-preview:-1"},"canonical":"https:\/\/inti.hr\/bs\/proizvod\/okretna-stolica-s-presvlakom-od-sivog-barsuna\/","og_locale":"bs_BA","og_type":"article","og_title":"Okretna stolica s presvlakom od sivog bar\u0161una - Inti","og_description":"Zahvaljuju\u0107i mekanoj bar\u0161unastoj presvlaci i dobro podstavljenoj pjeni, ova okretna stolica nudi isto toliko udobnosti kao i kau\u010d. Sada mo\u017eete raditi udobno i energi\u010dno. Konstrukcija na\u0161e uredske stolice ne izaziva nikakve glavobolje.\u00a0Samo zategnite vijke - mo\u017eete sastaviti stolicu u roku od 15 minuta.\u00a0Onda je vrijeme da sjednete i u\u017eivate! Visokokvalitetni plinski cilindar, robusni valjci, dobra nosivost (do 120 kg) - sve to osigurava dug radni vijek.\u00a0Ova uredska fotelja pratit \u0107e vas dugi niz godina.","og_url":"https:\/\/inti.hr\/bs\/proizvod\/okretna-stolica-s-presvlakom-od-sivog-barsuna\/","og_site_name":"Inti","og_image":[{"width":750,"height":750,"url":"https:\/\/i0.wp.com\/inti.hr\/wp-content\/uploads\/2022\/08\/OBG012G01-3.jpg?fit=750%2C750&ssl=1","type":"image\/jpeg"}],"twitter_card":"summary_large_image","schema":{"@context":"https:\/\/schema.org","@graph":[{"@type":"WebPage","@id":"https:\/\/inti.hr\/bs\/proizvod\/okretna-stolica-s-presvlakom-od-sivog-barsuna\/","url":"https:\/\/inti.hr\/bs\/proizvod\/okretna-stolica-s-presvlakom-od-sivog-barsuna\/","name":"Okretna stolica s presvlakom od sivog bar\u0161una - Inti","isPartOf":{"@id":"https:\/\/inti.hr\/bs\/#website"},"primaryImageOfPage":{"@id":"https:\/\/inti.hr\/bs\/proizvod\/okretna-stolica-s-presvlakom-od-sivog-barsuna\/#primaryimage"},"image":{"@id":"https:\/\/inti.hr\/bs\/proizvod\/okretna-stolica-s-presvlakom-od-sivog-barsuna\/#primaryimage"},"thumbnailUrl":"https:\/\/i0.wp.com\/inti.hr\/wp-content\/uploads\/2022\/08\/OBG012G01-3.jpg?fit=750%2C750&ssl=1","datePublished":"2022-08-25T07:46:01+00:00","dateModified":"2022-08-25T07:46:01+00:00","description":"Zahvaljuju\u0107i mekanoj bar\u0161unastoj presvlaci i dobro podstavljenoj pjeni, ova okretna stolica nudi isto toliko udobnosti kao i kau\u010d. Sada mo\u017eete raditi udobno i energi\u010dno. Konstrukcija na\u0161e uredske stolice ne izaziva nikakve glavobolje.\u00a0Samo zategnite vijke - mo\u017eete sastaviti stolicu u roku od 15 minuta.\u00a0Onda je vrijeme da sjednete i u\u017eivate! Visokokvalitetni plinski cilindar, robusni valjci, dobra nosivost (do 120 kg) - sve to osigurava dug radni vijek.\u00a0Ova uredska fotelja pratit \u0107e vas dugi niz godina.","breadcrumb":{"@id":"https:\/\/inti.hr\/bs\/proizvod\/okretna-stolica-s-presvlakom-od-sivog-barsuna\/#breadcrumb"},"inLanguage":"bs-BA","potentialAction":[{"@type":"ReadAction","target":["https:\/\/inti.hr\/bs\/proizvod\/okretna-stolica-s-presvlakom-od-sivog-barsuna\/"]}]},{"@type":"ImageObject","inLanguage":"bs-BA","@id":"https:\/\/inti.hr\/bs\/proizvod\/okretna-stolica-s-presvlakom-od-sivog-barsuna\/#primaryimage","url":"https:\/\/i0.wp.com\/inti.hr\/wp-content\/uploads\/2022\/08\/OBG012G01-3.jpg?fit=750%2C750&ssl=1","contentUrl":"https:\/\/i0.wp.com\/inti.hr\/wp-content\/uploads\/2022\/08\/OBG012G01-3.jpg?fit=750%2C750&ssl=1","width":750,"height":750},{"@type":"BreadcrumbList","@id":"https:\/\/inti.hr\/bs\/proizvod\/okretna-stolica-s-presvlakom-od-sivog-barsuna\/#breadcrumb","itemListElement":[{"@type":"ListItem","position":1,"name":"Po\u010detna stranica","item":"https:\/\/inti.hr\/bs\/"},{"@type":"ListItem","position":2,"name":"Trgovina","item":"https:\/\/inti.hr\/bs\/trgovina\/"},{"@type":"ListItem","position":3,"name":"Okretna stolica s presvlakom od sivog bar\u0161una"}]},{"@type":"WebSite","@id":"https:\/\/inti.hr\/bs\/#website","url":"https:\/\/inti.hr\/bs\/","name":"Inti","description":"trgovina","potentialAction":[{"@type":"SearchAction","target":{"@type":"EntryPoint","urlTemplate":"https:\/\/inti.hr\/bs\/?s={search_term_string}"},"query-input":{"@type":"PropertyValueSpecification","valueRequired":true,"valueName":"search_term_string"}}],"inLanguage":"bs-BA"}]}},"jetpack_sharing_enabled":true,"jetpack-related-posts":[],"_links":{"self":[{"href":"https:\/\/inti.hr\/bs\/wp-json\/wp\/v2\/product\/33715"}],"collection":[{"href":"https:\/\/inti.hr\/bs\/wp-json\/wp\/v2\/product"}],"about":[{"href":"https:\/\/inti.hr\/bs\/wp-json\/wp\/v2\/types\/product"}],"wp:featuredmedia":[{"embeddable":true,"href":"https:\/\/inti.hr\/bs\/wp-json\/wp\/v2\/media\/33716"}],"wp:attachment":[{"href":"https:\/\/inti.hr\/bs\/wp-json\/wp\/v2\/media?parent=33715"}],"wp:term":[{"taxonomy":"product_cat","embeddable":true,"href":"https:\/\/inti.hr\/bs\/wp-json\/wp\/v2\/product_cat?post=33715"},{"taxonomy":"product_tag","embeddable":true,"href":"https:\/\/inti.hr\/bs\/wp-json\/wp\/v2\/product_tag?post=33715"}],"curies":[{"name":"wp","href":"https:\/\/api.w.org\/{rel}","templated":true}]}}