{"id":33719,"date":"2022-08-24T08:22:11","date_gmt":"2022-08-24T08:22:11","guid":{"rendered":"https:\/\/inti.hr\/product\/mobilni-spremnik-na-zakljucavanje\/"},"modified":"2022-08-24T08:22:11","modified_gmt":"2022-08-24T08:22:11","slug":"mobilni-spremnik-na-zakljucavanje","status":"publish","type":"product","link":"https:\/\/inti.hr\/bs\/proizvod\/mobilni-spremnik-na-zakljucavanje\/","title":{"rendered":"Mobilni spremnik na zaklju\u010davanje"},"content":{"rendered":"<p><b>Detalji o proizvodu:<\/b><\/p>\n<p>&#8211; Boja bijela<\/p>\n<p>&#8211; Materijal: MDF razreda E1 (plo\u010da vlaknatica srednje gusto\u0107e), PVC<\/p>\n<p>&#8211; Veli\u010dina: 44 x 40 x 54,5 cm (D x \u0160 x V)<\/p>\n<p>&#8211; Te\u017eina: 17 kg<\/p>\n<p>&#8211; Maksimalna stati\u010dka nosivost: 50 kg<\/p>\n","protected":false},"excerpt":{"rendered":"<p>Ovaj ormar za dokumente opremljen je s 5 kota\u010da, tako da &#8230; <\/p>\n","protected":false},"featured_media":33720,"template":"","meta":[],"product_cat":[2436],"product_tag":[3822,3412,2794],"yoast_head":"<!-- This site is optimized with the Yoast SEO plugin v23.7 - https:\/\/yoast.com\/wordpress\/plugins\/seo\/ -->\n<title>Mobilni spremnik na zaklju\u010davanje - Inti<\/title>\n<meta name=\"description\" content=\"Ovaj ormar za dokumente opremljen je s 5 kota\u010da, tako da ga mo\u017eete lako pomicati. Ili pri\u010dvrstite ormari\u0107 na jedno mjesto pomo\u0107u 2 kota\u010da koji se mogu zaklju\u010dati. Valjak na donjoj ladici tako\u0111er daje dobro prianjanje i osigurava visoku otpornost.\" \/>\n<meta name=\"robots\" content=\"index, follow, max-snippet:-1, max-image-preview:large, max-video-preview:-1\" \/>\n<link rel=\"canonical\" href=\"https:\/\/inti.hr\/bs\/proizvod\/mobilni-spremnik-na-zakljucavanje\/\" \/>\n<meta property=\"og:locale\" content=\"bs_BA\" \/>\n<meta property=\"og:type\" content=\"article\" \/>\n<meta property=\"og:title\" content=\"Mobilni spremnik na zaklju\u010davanje - Inti\" \/>\n<meta property=\"og:description\" content=\"Ovaj ormar za dokumente opremljen je s 5 kota\u010da, tako da ga mo\u017eete lako pomicati. Ili pri\u010dvrstite ormari\u0107 na jedno mjesto pomo\u0107u 2 kota\u010da koji se mogu zaklju\u010dati. Valjak na donjoj ladici tako\u0111er daje dobro prianjanje i osigurava visoku otpornost.\" \/>\n<meta property=\"og:url\" content=\"https:\/\/inti.hr\/bs\/proizvod\/mobilni-spremnik-na-zakljucavanje\/\" \/>\n<meta property=\"og:site_name\" content=\"Inti\" \/>\n<meta property=\"og:image\" content=\"https:\/\/i0.wp.com\/inti.hr\/wp-content\/uploads\/2022\/08\/LCD22WV1-4.jpg?fit=750%2C750&ssl=1\" \/>\n\t<meta property=\"og:image:width\" content=\"750\" \/>\n\t<meta property=\"og:image:height\" content=\"750\" \/>\n\t<meta property=\"og:image:type\" content=\"image\/jpeg\" \/>\n<meta name=\"twitter:card\" content=\"summary_large_image\" \/>\n<script type=\"application\/ld+json\" class=\"yoast-schema-graph\">{\"@context\":\"https:\/\/schema.org\",\"@graph\":[{\"@type\":\"WebPage\",\"@id\":\"https:\/\/inti.hr\/bs\/proizvod\/mobilni-spremnik-na-zakljucavanje\/\",\"url\":\"https:\/\/inti.hr\/bs\/proizvod\/mobilni-spremnik-na-zakljucavanje\/\",\"name\":\"Mobilni spremnik na zaklju\u010davanje - Inti\",\"isPartOf\":{\"@id\":\"https:\/\/inti.hr\/bs\/#website\"},\"primaryImageOfPage\":{\"@id\":\"https:\/\/inti.hr\/bs\/proizvod\/mobilni-spremnik-na-zakljucavanje\/#primaryimage\"},\"image\":{\"@id\":\"https:\/\/inti.hr\/bs\/proizvod\/mobilni-spremnik-na-zakljucavanje\/#primaryimage\"},\"thumbnailUrl\":\"https:\/\/i0.wp.com\/inti.hr\/wp-content\/uploads\/2022\/08\/LCD22WV1-4.jpg?fit=750%2C750&ssl=1\",\"datePublished\":\"2022-08-24T08:22:11+00:00\",\"dateModified\":\"2022-08-24T08:22:11+00:00\",\"description\":\"Ovaj ormar za dokumente opremljen je s 5 kota\u010da, tako da ga mo\u017eete lako pomicati. Ili pri\u010dvrstite ormari\u0107 na jedno mjesto pomo\u0107u 2 kota\u010da koji se mogu zaklju\u010dati. Valjak na donjoj ladici tako\u0111er daje dobro prianjanje i osigurava visoku otpornost.\",\"breadcrumb\":{\"@id\":\"https:\/\/inti.hr\/bs\/proizvod\/mobilni-spremnik-na-zakljucavanje\/#breadcrumb\"},\"inLanguage\":\"bs-BA\",\"potentialAction\":[{\"@type\":\"ReadAction\",\"target\":[\"https:\/\/inti.hr\/bs\/proizvod\/mobilni-spremnik-na-zakljucavanje\/\"]}]},{\"@type\":\"ImageObject\",\"inLanguage\":\"bs-BA\",\"@id\":\"https:\/\/inti.hr\/bs\/proizvod\/mobilni-spremnik-na-zakljucavanje\/#primaryimage\",\"url\":\"https:\/\/i0.wp.com\/inti.hr\/wp-content\/uploads\/2022\/08\/LCD22WV1-4.jpg?fit=750%2C750&ssl=1\",\"contentUrl\":\"https:\/\/i0.wp.com\/inti.hr\/wp-content\/uploads\/2022\/08\/LCD22WV1-4.jpg?fit=750%2C750&ssl=1\",\"width\":750,\"height\":750,\"caption\":\"VASAGLE kotrljaju\u0107i kontejner 2 brave bijeli\"},{\"@type\":\"BreadcrumbList\",\"@id\":\"https:\/\/inti.hr\/bs\/proizvod\/mobilni-spremnik-na-zakljucavanje\/#breadcrumb\",\"itemListElement\":[{\"@type\":\"ListItem\",\"position\":1,\"name\":\"Po\u010detna stranica\",\"item\":\"https:\/\/inti.hr\/bs\/\"},{\"@type\":\"ListItem\",\"position\":2,\"name\":\"Trgovina\",\"item\":\"https:\/\/inti.hr\/bs\/trgovina\/\"},{\"@type\":\"ListItem\",\"position\":3,\"name\":\"Mobilni spremnik na zaklju\u010davanje\"}]},{\"@type\":\"WebSite\",\"@id\":\"https:\/\/inti.hr\/bs\/#website\",\"url\":\"https:\/\/inti.hr\/bs\/\",\"name\":\"Inti\",\"description\":\"trgovina\",\"potentialAction\":[{\"@type\":\"SearchAction\",\"target\":{\"@type\":\"EntryPoint\",\"urlTemplate\":\"https:\/\/inti.hr\/bs\/?s={search_term_string}\"},\"query-input\":{\"@type\":\"PropertyValueSpecification\",\"valueRequired\":true,\"valueName\":\"search_term_string\"}}],\"inLanguage\":\"bs-BA\"}]}<\/script>\n<!-- \/ Yoast SEO plugin. -->","yoast_head_json":{"title":"Mobilni spremnik na zaklju\u010davanje - Inti","description":"Ovaj ormar za dokumente opremljen je s 5 kota\u010da, tako da ga mo\u017eete lako pomicati. Ili pri\u010dvrstite ormari\u0107 na jedno mjesto pomo\u0107u 2 kota\u010da koji se mogu zaklju\u010dati. Valjak na donjoj ladici tako\u0111er daje dobro prianjanje i osigurava visoku otpornost.","robots":{"index":"index","follow":"follow","max-snippet":"max-snippet:-1","max-image-preview":"max-image-preview:large","max-video-preview":"max-video-preview:-1"},"canonical":"https:\/\/inti.hr\/bs\/proizvod\/mobilni-spremnik-na-zakljucavanje\/","og_locale":"bs_BA","og_type":"article","og_title":"Mobilni spremnik na zaklju\u010davanje - Inti","og_description":"Ovaj ormar za dokumente opremljen je s 5 kota\u010da, tako da ga mo\u017eete lako pomicati. Ili pri\u010dvrstite ormari\u0107 na jedno mjesto pomo\u0107u 2 kota\u010da koji se mogu zaklju\u010dati. Valjak na donjoj ladici tako\u0111er daje dobro prianjanje i osigurava visoku otpornost.","og_url":"https:\/\/inti.hr\/bs\/proizvod\/mobilni-spremnik-na-zakljucavanje\/","og_site_name":"Inti","og_image":[{"width":750,"height":750,"url":"https:\/\/i0.wp.com\/inti.hr\/wp-content\/uploads\/2022\/08\/LCD22WV1-4.jpg?fit=750%2C750&ssl=1","type":"image\/jpeg"}],"twitter_card":"summary_large_image","schema":{"@context":"https:\/\/schema.org","@graph":[{"@type":"WebPage","@id":"https:\/\/inti.hr\/bs\/proizvod\/mobilni-spremnik-na-zakljucavanje\/","url":"https:\/\/inti.hr\/bs\/proizvod\/mobilni-spremnik-na-zakljucavanje\/","name":"Mobilni spremnik na zaklju\u010davanje - Inti","isPartOf":{"@id":"https:\/\/inti.hr\/bs\/#website"},"primaryImageOfPage":{"@id":"https:\/\/inti.hr\/bs\/proizvod\/mobilni-spremnik-na-zakljucavanje\/#primaryimage"},"image":{"@id":"https:\/\/inti.hr\/bs\/proizvod\/mobilni-spremnik-na-zakljucavanje\/#primaryimage"},"thumbnailUrl":"https:\/\/i0.wp.com\/inti.hr\/wp-content\/uploads\/2022\/08\/LCD22WV1-4.jpg?fit=750%2C750&ssl=1","datePublished":"2022-08-24T08:22:11+00:00","dateModified":"2022-08-24T08:22:11+00:00","description":"Ovaj ormar za dokumente opremljen je s 5 kota\u010da, tako da ga mo\u017eete lako pomicati. Ili pri\u010dvrstite ormari\u0107 na jedno mjesto pomo\u0107u 2 kota\u010da koji se mogu zaklju\u010dati. Valjak na donjoj ladici tako\u0111er daje dobro prianjanje i osigurava visoku otpornost.","breadcrumb":{"@id":"https:\/\/inti.hr\/bs\/proizvod\/mobilni-spremnik-na-zakljucavanje\/#breadcrumb"},"inLanguage":"bs-BA","potentialAction":[{"@type":"ReadAction","target":["https:\/\/inti.hr\/bs\/proizvod\/mobilni-spremnik-na-zakljucavanje\/"]}]},{"@type":"ImageObject","inLanguage":"bs-BA","@id":"https:\/\/inti.hr\/bs\/proizvod\/mobilni-spremnik-na-zakljucavanje\/#primaryimage","url":"https:\/\/i0.wp.com\/inti.hr\/wp-content\/uploads\/2022\/08\/LCD22WV1-4.jpg?fit=750%2C750&ssl=1","contentUrl":"https:\/\/i0.wp.com\/inti.hr\/wp-content\/uploads\/2022\/08\/LCD22WV1-4.jpg?fit=750%2C750&ssl=1","width":750,"height":750,"caption":"VASAGLE kotrljaju\u0107i kontejner 2 brave bijeli"},{"@type":"BreadcrumbList","@id":"https:\/\/inti.hr\/bs\/proizvod\/mobilni-spremnik-na-zakljucavanje\/#breadcrumb","itemListElement":[{"@type":"ListItem","position":1,"name":"Po\u010detna stranica","item":"https:\/\/inti.hr\/bs\/"},{"@type":"ListItem","position":2,"name":"Trgovina","item":"https:\/\/inti.hr\/bs\/trgovina\/"},{"@type":"ListItem","position":3,"name":"Mobilni spremnik na zaklju\u010davanje"}]},{"@type":"WebSite","@id":"https:\/\/inti.hr\/bs\/#website","url":"https:\/\/inti.hr\/bs\/","name":"Inti","description":"trgovina","potentialAction":[{"@type":"SearchAction","target":{"@type":"EntryPoint","urlTemplate":"https:\/\/inti.hr\/bs\/?s={search_term_string}"},"query-input":{"@type":"PropertyValueSpecification","valueRequired":true,"valueName":"search_term_string"}}],"inLanguage":"bs-BA"}]}},"jetpack_sharing_enabled":true,"jetpack-related-posts":[],"_links":{"self":[{"href":"https:\/\/inti.hr\/bs\/wp-json\/wp\/v2\/product\/33719"}],"collection":[{"href":"https:\/\/inti.hr\/bs\/wp-json\/wp\/v2\/product"}],"about":[{"href":"https:\/\/inti.hr\/bs\/wp-json\/wp\/v2\/types\/product"}],"wp:featuredmedia":[{"embeddable":true,"href":"https:\/\/inti.hr\/bs\/wp-json\/wp\/v2\/media\/33720"}],"wp:attachment":[{"href":"https:\/\/inti.hr\/bs\/wp-json\/wp\/v2\/media?parent=33719"}],"wp:term":[{"taxonomy":"product_cat","embeddable":true,"href":"https:\/\/inti.hr\/bs\/wp-json\/wp\/v2\/product_cat?post=33719"},{"taxonomy":"product_tag","embeddable":true,"href":"https:\/\/inti.hr\/bs\/wp-json\/wp\/v2\/product_tag?post=33719"}],"curies":[{"name":"wp","href":"https:\/\/api.w.org\/{rel}","templated":true}]}}