{"id":33727,"date":"2022-08-24T07:53:49","date_gmt":"2022-08-24T07:53:49","guid":{"rendered":"https:\/\/inti.hr\/product\/metalni-okvir-za-bracni-krevet\/"},"modified":"2022-08-24T07:53:49","modified_gmt":"2022-08-24T07:53:49","slug":"metalni-okvir-za-bracni-krevet","status":"publish","type":"product","link":"https:\/\/inti.hr\/bs\/proizvod\/metalni-okvir-za-bracni-krevet\/","title":{"rendered":"Metalni okvir za bra\u010dni krevet"},"content":{"rendered":"<p><b>Detalji o proizvodu:<\/b><\/p>\n<p>&#8211; Boja: Crna<br \/>\n&#8211; Materijal: metal premazan prahom<br \/>\n&#8211; Veli\u010dina: 198 x 141,8 x 86,4 cm (D x \u0160 x V)<br \/>\n&#8211; Te\u017eina: 19,8 kg<br \/>\n&#8211; Maksimalna stati\u010dka nosivost: 225 kg<\/p>\n","protected":false},"excerpt":{"rendered":"<p>Stabilan, izdr\u017eljiv metalni okvir premazan prahom daje krevetu visok stupanj stabilnosti &#8230; <\/p>\n","protected":false},"featured_media":33728,"template":"","meta":[],"product_cat":[2414],"product_tag":[3826,3827,3828],"yoast_head":"<!-- This site is optimized with the Yoast SEO plugin v23.7 - https:\/\/yoast.com\/wordpress\/plugins\/seo\/ -->\n<title>Metalni okvir za bra\u010dni krevet - Inti<\/title>\n<meta name=\"description\" content=\"Stabilan, izdr\u017eljiv metalni okvir premazan prahom daje krevetu visok stupanj stabilnosti i mo\u017ee se opteretiti do 225 kg. Sofisticirana mat povr\u0161ina, \u010diste linije i zaobljeni uzorak savr\u0161eno pristaju va\u0161em stilu interijera i dodaju da\u0161ak glamura sobama. Prilo\u017eeni jastu\u010di\u0107i za noge pove\u0107avaju stabilnost dok \u0161tite va\u0161 pod od ogrebotina. S dimenzijama 198 x 141,8 x 86,4 cm, ovaj okvir bra\u010dnog kreveta u industrijskom stilu lako se uklapa u male prostore.\u00a0Najbolji su madraci veli\u010dine 140 x 190 (nisu uklju\u010deni).\" \/>\n<meta name=\"robots\" content=\"index, follow, max-snippet:-1, max-image-preview:large, max-video-preview:-1\" \/>\n<link rel=\"canonical\" href=\"https:\/\/inti.hr\/bs\/proizvod\/metalni-okvir-za-bracni-krevet\/\" \/>\n<meta property=\"og:locale\" content=\"bs_BA\" \/>\n<meta property=\"og:type\" content=\"article\" \/>\n<meta property=\"og:title\" content=\"Metalni okvir za bra\u010dni krevet - Inti\" \/>\n<meta property=\"og:description\" content=\"Stabilan, izdr\u017eljiv metalni okvir premazan prahom daje krevetu visok stupanj stabilnosti i mo\u017ee se opteretiti do 225 kg. Sofisticirana mat povr\u0161ina, \u010diste linije i zaobljeni uzorak savr\u0161eno pristaju va\u0161em stilu interijera i dodaju da\u0161ak glamura sobama. Prilo\u017eeni jastu\u010di\u0107i za noge pove\u0107avaju stabilnost dok \u0161tite va\u0161 pod od ogrebotina. S dimenzijama 198 x 141,8 x 86,4 cm, ovaj okvir bra\u010dnog kreveta u industrijskom stilu lako se uklapa u male prostore.\u00a0Najbolji su madraci veli\u010dine 140 x 190 (nisu uklju\u010deni).\" \/>\n<meta property=\"og:url\" content=\"https:\/\/inti.hr\/bs\/proizvod\/metalni-okvir-za-bracni-krevet\/\" \/>\n<meta property=\"og:site_name\" content=\"Inti\" \/>\n<meta property=\"og:image\" content=\"https:\/\/i0.wp.com\/inti.hr\/wp-content\/uploads\/2022\/08\/RMB063B01-3.jpg?fit=750%2C750&ssl=1\" \/>\n\t<meta property=\"og:image:width\" content=\"750\" \/>\n\t<meta property=\"og:image:height\" content=\"750\" \/>\n\t<meta property=\"og:image:type\" content=\"image\/jpeg\" \/>\n<meta name=\"twitter:card\" content=\"summary_large_image\" \/>\n<script type=\"application\/ld+json\" class=\"yoast-schema-graph\">{\"@context\":\"https:\/\/schema.org\",\"@graph\":[{\"@type\":\"WebPage\",\"@id\":\"https:\/\/inti.hr\/bs\/proizvod\/metalni-okvir-za-bracni-krevet\/\",\"url\":\"https:\/\/inti.hr\/bs\/proizvod\/metalni-okvir-za-bracni-krevet\/\",\"name\":\"Metalni okvir za bra\u010dni krevet - Inti\",\"isPartOf\":{\"@id\":\"https:\/\/inti.hr\/bs\/#website\"},\"primaryImageOfPage\":{\"@id\":\"https:\/\/inti.hr\/bs\/proizvod\/metalni-okvir-za-bracni-krevet\/#primaryimage\"},\"image\":{\"@id\":\"https:\/\/inti.hr\/bs\/proizvod\/metalni-okvir-za-bracni-krevet\/#primaryimage\"},\"thumbnailUrl\":\"https:\/\/i0.wp.com\/inti.hr\/wp-content\/uploads\/2022\/08\/RMB063B01-3.jpg?fit=750%2C750&ssl=1\",\"datePublished\":\"2022-08-24T07:53:49+00:00\",\"dateModified\":\"2022-08-24T07:53:49+00:00\",\"description\":\"Stabilan, izdr\u017eljiv metalni okvir premazan prahom daje krevetu visok stupanj stabilnosti i mo\u017ee se opteretiti do 225 kg. Sofisticirana mat povr\u0161ina, \u010diste linije i zaobljeni uzorak savr\u0161eno pristaju va\u0161em stilu interijera i dodaju da\u0161ak glamura sobama. Prilo\u017eeni jastu\u010di\u0107i za noge pove\u0107avaju stabilnost dok \u0161tite va\u0161 pod od ogrebotina. S dimenzijama 198 x 141,8 x 86,4 cm, ovaj okvir bra\u010dnog kreveta u industrijskom stilu lako se uklapa u male prostore.\u00a0Najbolji su madraci veli\u010dine 140 x 190 (nisu uklju\u010deni).\",\"breadcrumb\":{\"@id\":\"https:\/\/inti.hr\/bs\/proizvod\/metalni-okvir-za-bracni-krevet\/#breadcrumb\"},\"inLanguage\":\"bs-BA\",\"potentialAction\":[{\"@type\":\"ReadAction\",\"target\":[\"https:\/\/inti.hr\/bs\/proizvod\/metalni-okvir-za-bracni-krevet\/\"]}]},{\"@type\":\"ImageObject\",\"inLanguage\":\"bs-BA\",\"@id\":\"https:\/\/inti.hr\/bs\/proizvod\/metalni-okvir-za-bracni-krevet\/#primaryimage\",\"url\":\"https:\/\/i0.wp.com\/inti.hr\/wp-content\/uploads\/2022\/08\/RMB063B01-3.jpg?fit=750%2C750&ssl=1\",\"contentUrl\":\"https:\/\/i0.wp.com\/inti.hr\/wp-content\/uploads\/2022\/08\/RMB063B01-3.jpg?fit=750%2C750&ssl=1\",\"width\":750,\"height\":750},{\"@type\":\"BreadcrumbList\",\"@id\":\"https:\/\/inti.hr\/bs\/proizvod\/metalni-okvir-za-bracni-krevet\/#breadcrumb\",\"itemListElement\":[{\"@type\":\"ListItem\",\"position\":1,\"name\":\"Po\u010detna stranica\",\"item\":\"https:\/\/inti.hr\/bs\/\"},{\"@type\":\"ListItem\",\"position\":2,\"name\":\"Trgovina\",\"item\":\"https:\/\/inti.hr\/bs\/trgovina\/\"},{\"@type\":\"ListItem\",\"position\":3,\"name\":\"Metalni okvir za bra\u010dni krevet\"}]},{\"@type\":\"WebSite\",\"@id\":\"https:\/\/inti.hr\/bs\/#website\",\"url\":\"https:\/\/inti.hr\/bs\/\",\"name\":\"Inti\",\"description\":\"trgovina\",\"potentialAction\":[{\"@type\":\"SearchAction\",\"target\":{\"@type\":\"EntryPoint\",\"urlTemplate\":\"https:\/\/inti.hr\/bs\/?s={search_term_string}\"},\"query-input\":{\"@type\":\"PropertyValueSpecification\",\"valueRequired\":true,\"valueName\":\"search_term_string\"}}],\"inLanguage\":\"bs-BA\"}]}<\/script>\n<!-- \/ Yoast SEO plugin. -->","yoast_head_json":{"title":"Metalni okvir za bra\u010dni krevet - Inti","description":"Stabilan, izdr\u017eljiv metalni okvir premazan prahom daje krevetu visok stupanj stabilnosti i mo\u017ee se opteretiti do 225 kg. Sofisticirana mat povr\u0161ina, \u010diste linije i zaobljeni uzorak savr\u0161eno pristaju va\u0161em stilu interijera i dodaju da\u0161ak glamura sobama. Prilo\u017eeni jastu\u010di\u0107i za noge pove\u0107avaju stabilnost dok \u0161tite va\u0161 pod od ogrebotina. S dimenzijama 198 x 141,8 x 86,4 cm, ovaj okvir bra\u010dnog kreveta u industrijskom stilu lako se uklapa u male prostore.\u00a0Najbolji su madraci veli\u010dine 140 x 190 (nisu uklju\u010deni).","robots":{"index":"index","follow":"follow","max-snippet":"max-snippet:-1","max-image-preview":"max-image-preview:large","max-video-preview":"max-video-preview:-1"},"canonical":"https:\/\/inti.hr\/bs\/proizvod\/metalni-okvir-za-bracni-krevet\/","og_locale":"bs_BA","og_type":"article","og_title":"Metalni okvir za bra\u010dni krevet - Inti","og_description":"Stabilan, izdr\u017eljiv metalni okvir premazan prahom daje krevetu visok stupanj stabilnosti i mo\u017ee se opteretiti do 225 kg. Sofisticirana mat povr\u0161ina, \u010diste linije i zaobljeni uzorak savr\u0161eno pristaju va\u0161em stilu interijera i dodaju da\u0161ak glamura sobama. Prilo\u017eeni jastu\u010di\u0107i za noge pove\u0107avaju stabilnost dok \u0161tite va\u0161 pod od ogrebotina. S dimenzijama 198 x 141,8 x 86,4 cm, ovaj okvir bra\u010dnog kreveta u industrijskom stilu lako se uklapa u male prostore.\u00a0Najbolji su madraci veli\u010dine 140 x 190 (nisu uklju\u010deni).","og_url":"https:\/\/inti.hr\/bs\/proizvod\/metalni-okvir-za-bracni-krevet\/","og_site_name":"Inti","og_image":[{"width":750,"height":750,"url":"https:\/\/i0.wp.com\/inti.hr\/wp-content\/uploads\/2022\/08\/RMB063B01-3.jpg?fit=750%2C750&ssl=1","type":"image\/jpeg"}],"twitter_card":"summary_large_image","schema":{"@context":"https:\/\/schema.org","@graph":[{"@type":"WebPage","@id":"https:\/\/inti.hr\/bs\/proizvod\/metalni-okvir-za-bracni-krevet\/","url":"https:\/\/inti.hr\/bs\/proizvod\/metalni-okvir-za-bracni-krevet\/","name":"Metalni okvir za bra\u010dni krevet - Inti","isPartOf":{"@id":"https:\/\/inti.hr\/bs\/#website"},"primaryImageOfPage":{"@id":"https:\/\/inti.hr\/bs\/proizvod\/metalni-okvir-za-bracni-krevet\/#primaryimage"},"image":{"@id":"https:\/\/inti.hr\/bs\/proizvod\/metalni-okvir-za-bracni-krevet\/#primaryimage"},"thumbnailUrl":"https:\/\/i0.wp.com\/inti.hr\/wp-content\/uploads\/2022\/08\/RMB063B01-3.jpg?fit=750%2C750&ssl=1","datePublished":"2022-08-24T07:53:49+00:00","dateModified":"2022-08-24T07:53:49+00:00","description":"Stabilan, izdr\u017eljiv metalni okvir premazan prahom daje krevetu visok stupanj stabilnosti i mo\u017ee se opteretiti do 225 kg. Sofisticirana mat povr\u0161ina, \u010diste linije i zaobljeni uzorak savr\u0161eno pristaju va\u0161em stilu interijera i dodaju da\u0161ak glamura sobama. Prilo\u017eeni jastu\u010di\u0107i za noge pove\u0107avaju stabilnost dok \u0161tite va\u0161 pod od ogrebotina. S dimenzijama 198 x 141,8 x 86,4 cm, ovaj okvir bra\u010dnog kreveta u industrijskom stilu lako se uklapa u male prostore.\u00a0Najbolji su madraci veli\u010dine 140 x 190 (nisu uklju\u010deni).","breadcrumb":{"@id":"https:\/\/inti.hr\/bs\/proizvod\/metalni-okvir-za-bracni-krevet\/#breadcrumb"},"inLanguage":"bs-BA","potentialAction":[{"@type":"ReadAction","target":["https:\/\/inti.hr\/bs\/proizvod\/metalni-okvir-za-bracni-krevet\/"]}]},{"@type":"ImageObject","inLanguage":"bs-BA","@id":"https:\/\/inti.hr\/bs\/proizvod\/metalni-okvir-za-bracni-krevet\/#primaryimage","url":"https:\/\/i0.wp.com\/inti.hr\/wp-content\/uploads\/2022\/08\/RMB063B01-3.jpg?fit=750%2C750&ssl=1","contentUrl":"https:\/\/i0.wp.com\/inti.hr\/wp-content\/uploads\/2022\/08\/RMB063B01-3.jpg?fit=750%2C750&ssl=1","width":750,"height":750},{"@type":"BreadcrumbList","@id":"https:\/\/inti.hr\/bs\/proizvod\/metalni-okvir-za-bracni-krevet\/#breadcrumb","itemListElement":[{"@type":"ListItem","position":1,"name":"Po\u010detna stranica","item":"https:\/\/inti.hr\/bs\/"},{"@type":"ListItem","position":2,"name":"Trgovina","item":"https:\/\/inti.hr\/bs\/trgovina\/"},{"@type":"ListItem","position":3,"name":"Metalni okvir za bra\u010dni krevet"}]},{"@type":"WebSite","@id":"https:\/\/inti.hr\/bs\/#website","url":"https:\/\/inti.hr\/bs\/","name":"Inti","description":"trgovina","potentialAction":[{"@type":"SearchAction","target":{"@type":"EntryPoint","urlTemplate":"https:\/\/inti.hr\/bs\/?s={search_term_string}"},"query-input":{"@type":"PropertyValueSpecification","valueRequired":true,"valueName":"search_term_string"}}],"inLanguage":"bs-BA"}]}},"jetpack_sharing_enabled":true,"jetpack-related-posts":[],"_links":{"self":[{"href":"https:\/\/inti.hr\/bs\/wp-json\/wp\/v2\/product\/33727"}],"collection":[{"href":"https:\/\/inti.hr\/bs\/wp-json\/wp\/v2\/product"}],"about":[{"href":"https:\/\/inti.hr\/bs\/wp-json\/wp\/v2\/types\/product"}],"wp:featuredmedia":[{"embeddable":true,"href":"https:\/\/inti.hr\/bs\/wp-json\/wp\/v2\/media\/33728"}],"wp:attachment":[{"href":"https:\/\/inti.hr\/bs\/wp-json\/wp\/v2\/media?parent=33727"}],"wp:term":[{"taxonomy":"product_cat","embeddable":true,"href":"https:\/\/inti.hr\/bs\/wp-json\/wp\/v2\/product_cat?post=33727"},{"taxonomy":"product_tag","embeddable":true,"href":"https:\/\/inti.hr\/bs\/wp-json\/wp\/v2\/product_tag?post=33727"}],"curies":[{"name":"wp","href":"https:\/\/api.w.org\/{rel}","templated":true}]}}