{"id":33735,"date":"2022-08-23T11:15:12","date_gmt":"2022-08-23T11:15:12","guid":{"rendered":"https:\/\/inti.hr\/product\/ormar-za-dokumente-sa-2-vrata\/"},"modified":"2022-08-23T11:15:12","modified_gmt":"2022-08-23T11:15:12","slug":"ormar-za-dokumente-sa-2-vrata","status":"publish","type":"product","link":"https:\/\/inti.hr\/bs\/proizvod\/ormar-za-dokumente-sa-2-vrata\/","title":{"rendered":"Ormar za dokumente sa 2 vrata"},"content":{"rendered":"<p><b>Detalji o proizvodu:<\/b><\/p>\n<p>&#8211; Boja: Siva<br \/>\n&#8211; Materijal\u00a0<a href=\"file:\/\/\/L:\/%20P\">:<\/a>\u00a0\u010delik premazan prahom<br \/>\n&#8211; Veli\u010dina: 80 x 40 x 180 cm (D x \u0160 x V)<br \/>\n&#8211; Te\u017eina: 40,5 kg<br \/>\n&#8211; Maksimalno stati\u010dko optere\u0107enje po razini: 25 kg<\/p>\n<p>&nbsp;<\/p>\n<p>&#8211; Sivi metal premazan prahom daje mo\u0107an dodir svakoj prostoriji.<br \/>\n&#8211; Svaka od 4 police je podesiva za smje\u0161taj visokih predmeta.<br \/>\n&#8211; Dvostruka vrata omogu\u0107uju lak pristup sadr\u017eaju metalnog ormari\u0107a.<br \/>\n&#8211; Metalna konstrukcija ormari\u0107a je stabilna, otporna i dugotrajna.<br \/>\n&#8211; Svaka polica nosivost do 25 kg.<br \/>\n&#8211; Va\u0161i dokumenti su sigurni s bravom i 2 klju\u010da.<\/p>\n","protected":false},"excerpt":{"rendered":"<p>Ovaj ormari\u0107 (80 x 40 x 180 cm) s 5 razina &#8230; <\/p>\n","protected":false},"featured_media":33736,"template":"","meta":[],"product_cat":[2436],"product_tag":[3834,3835],"yoast_head":"<!-- This site is optimized with the Yoast SEO plugin v23.7 - https:\/\/yoast.com\/wordpress\/plugins\/seo\/ -->\n<title>Ormar za dokumente sa 2 vrata - Inti<\/title>\n<meta name=\"description\" content=\"\u00a0Ovaj ormari\u0107 (80 x 40 x 180 cm) s 5 razina nudi puno prostora za pohranu i zauzima malo prostora.\u00a0Ovdje mo\u017eete uredno pospremiti sav svoj uredski materijal. Ovaj ormar je pravi svestrani.\u00a0Slu\u017ei vam ili kao ormar za dokumente u uredu, kao ormar za odlaganje stvari u gara\u017ei ili za tanjure i \u010da\u0161e u kuhinji.\u00a0Stvorite dodatni prostor za pospremanje. Ovaj ormari\u0107 izra\u0111en je od robusnog \u010delika i nudi visoku stabilnost, svaka polica mo\u017ee se opteretiti do 25 kg.\u00a0\u010cuvat \u0107e va\u0161e stvari na sigurnom dugi niz godina.\" \/>\n<meta name=\"robots\" content=\"index, follow, max-snippet:-1, max-image-preview:large, max-video-preview:-1\" \/>\n<link rel=\"canonical\" href=\"https:\/\/inti.hr\/bs\/proizvod\/ormar-za-dokumente-sa-2-vrata\/\" \/>\n<meta property=\"og:locale\" content=\"bs_BA\" \/>\n<meta property=\"og:type\" content=\"article\" \/>\n<meta property=\"og:title\" content=\"Ormar za dokumente sa 2 vrata - Inti\" \/>\n<meta property=\"og:description\" content=\"\u00a0Ovaj ormari\u0107 (80 x 40 x 180 cm) s 5 razina nudi puno prostora za pohranu i zauzima malo prostora.\u00a0Ovdje mo\u017eete uredno pospremiti sav svoj uredski materijal. Ovaj ormar je pravi svestrani.\u00a0Slu\u017ei vam ili kao ormar za dokumente u uredu, kao ormar za odlaganje stvari u gara\u017ei ili za tanjure i \u010da\u0161e u kuhinji.\u00a0Stvorite dodatni prostor za pospremanje. Ovaj ormari\u0107 izra\u0111en je od robusnog \u010delika i nudi visoku stabilnost, svaka polica mo\u017ee se opteretiti do 25 kg.\u00a0\u010cuvat \u0107e va\u0161e stvari na sigurnom dugi niz godina.\" \/>\n<meta property=\"og:url\" content=\"https:\/\/inti.hr\/bs\/proizvod\/ormar-za-dokumente-sa-2-vrata\/\" \/>\n<meta property=\"og:site_name\" content=\"Inti\" \/>\n<meta property=\"og:image\" content=\"https:\/\/i0.wp.com\/inti.hr\/wp-content\/uploads\/2022\/08\/OMC015G01-2.jpg?fit=750%2C750&ssl=1\" \/>\n\t<meta property=\"og:image:width\" content=\"750\" \/>\n\t<meta property=\"og:image:height\" content=\"750\" \/>\n\t<meta property=\"og:image:type\" content=\"image\/jpeg\" \/>\n<meta name=\"twitter:card\" content=\"summary_large_image\" \/>\n<script type=\"application\/ld+json\" class=\"yoast-schema-graph\">{\"@context\":\"https:\/\/schema.org\",\"@graph\":[{\"@type\":\"WebPage\",\"@id\":\"https:\/\/inti.hr\/bs\/proizvod\/ormar-za-dokumente-sa-2-vrata\/\",\"url\":\"https:\/\/inti.hr\/bs\/proizvod\/ormar-za-dokumente-sa-2-vrata\/\",\"name\":\"Ormar za dokumente sa 2 vrata - Inti\",\"isPartOf\":{\"@id\":\"https:\/\/inti.hr\/bs\/#website\"},\"primaryImageOfPage\":{\"@id\":\"https:\/\/inti.hr\/bs\/proizvod\/ormar-za-dokumente-sa-2-vrata\/#primaryimage\"},\"image\":{\"@id\":\"https:\/\/inti.hr\/bs\/proizvod\/ormar-za-dokumente-sa-2-vrata\/#primaryimage\"},\"thumbnailUrl\":\"https:\/\/i0.wp.com\/inti.hr\/wp-content\/uploads\/2022\/08\/OMC015G01-2.jpg?fit=750%2C750&ssl=1\",\"datePublished\":\"2022-08-23T11:15:12+00:00\",\"dateModified\":\"2022-08-23T11:15:12+00:00\",\"description\":\"\u00a0Ovaj ormari\u0107 (80 x 40 x 180 cm) s 5 razina nudi puno prostora za pohranu i zauzima malo prostora.\u00a0Ovdje mo\u017eete uredno pospremiti sav svoj uredski materijal. Ovaj ormar je pravi svestrani.\u00a0Slu\u017ei vam ili kao ormar za dokumente u uredu, kao ormar za odlaganje stvari u gara\u017ei ili za tanjure i \u010da\u0161e u kuhinji.\u00a0Stvorite dodatni prostor za pospremanje. Ovaj ormari\u0107 izra\u0111en je od robusnog \u010delika i nudi visoku stabilnost, svaka polica mo\u017ee se opteretiti do 25 kg.\u00a0\u010cuvat \u0107e va\u0161e stvari na sigurnom dugi niz godina.\",\"breadcrumb\":{\"@id\":\"https:\/\/inti.hr\/bs\/proizvod\/ormar-za-dokumente-sa-2-vrata\/#breadcrumb\"},\"inLanguage\":\"bs-BA\",\"potentialAction\":[{\"@type\":\"ReadAction\",\"target\":[\"https:\/\/inti.hr\/bs\/proizvod\/ormar-za-dokumente-sa-2-vrata\/\"]}]},{\"@type\":\"ImageObject\",\"inLanguage\":\"bs-BA\",\"@id\":\"https:\/\/inti.hr\/bs\/proizvod\/ormar-za-dokumente-sa-2-vrata\/#primaryimage\",\"url\":\"https:\/\/i0.wp.com\/inti.hr\/wp-content\/uploads\/2022\/08\/OMC015G01-2.jpg?fit=750%2C750&ssl=1\",\"contentUrl\":\"https:\/\/i0.wp.com\/inti.hr\/wp-content\/uploads\/2022\/08\/OMC015G01-2.jpg?fit=750%2C750&ssl=1\",\"width\":750,\"height\":750},{\"@type\":\"BreadcrumbList\",\"@id\":\"https:\/\/inti.hr\/bs\/proizvod\/ormar-za-dokumente-sa-2-vrata\/#breadcrumb\",\"itemListElement\":[{\"@type\":\"ListItem\",\"position\":1,\"name\":\"Po\u010detna stranica\",\"item\":\"https:\/\/inti.hr\/bs\/\"},{\"@type\":\"ListItem\",\"position\":2,\"name\":\"Trgovina\",\"item\":\"https:\/\/inti.hr\/bs\/trgovina\/\"},{\"@type\":\"ListItem\",\"position\":3,\"name\":\"Ormar za dokumente sa 2 vrata\"}]},{\"@type\":\"WebSite\",\"@id\":\"https:\/\/inti.hr\/bs\/#website\",\"url\":\"https:\/\/inti.hr\/bs\/\",\"name\":\"Inti\",\"description\":\"trgovina\",\"potentialAction\":[{\"@type\":\"SearchAction\",\"target\":{\"@type\":\"EntryPoint\",\"urlTemplate\":\"https:\/\/inti.hr\/bs\/?s={search_term_string}\"},\"query-input\":{\"@type\":\"PropertyValueSpecification\",\"valueRequired\":true,\"valueName\":\"search_term_string\"}}],\"inLanguage\":\"bs-BA\"}]}<\/script>\n<!-- \/ Yoast SEO plugin. -->","yoast_head_json":{"title":"Ormar za dokumente sa 2 vrata - Inti","description":"\u00a0Ovaj ormari\u0107 (80 x 40 x 180 cm) s 5 razina nudi puno prostora za pohranu i zauzima malo prostora.\u00a0Ovdje mo\u017eete uredno pospremiti sav svoj uredski materijal. Ovaj ormar je pravi svestrani.\u00a0Slu\u017ei vam ili kao ormar za dokumente u uredu, kao ormar za odlaganje stvari u gara\u017ei ili za tanjure i \u010da\u0161e u kuhinji.\u00a0Stvorite dodatni prostor za pospremanje. Ovaj ormari\u0107 izra\u0111en je od robusnog \u010delika i nudi visoku stabilnost, svaka polica mo\u017ee se opteretiti do 25 kg.\u00a0\u010cuvat \u0107e va\u0161e stvari na sigurnom dugi niz godina.","robots":{"index":"index","follow":"follow","max-snippet":"max-snippet:-1","max-image-preview":"max-image-preview:large","max-video-preview":"max-video-preview:-1"},"canonical":"https:\/\/inti.hr\/bs\/proizvod\/ormar-za-dokumente-sa-2-vrata\/","og_locale":"bs_BA","og_type":"article","og_title":"Ormar za dokumente sa 2 vrata - Inti","og_description":"\u00a0Ovaj ormari\u0107 (80 x 40 x 180 cm) s 5 razina nudi puno prostora za pohranu i zauzima malo prostora.\u00a0Ovdje mo\u017eete uredno pospremiti sav svoj uredski materijal. Ovaj ormar je pravi svestrani.\u00a0Slu\u017ei vam ili kao ormar za dokumente u uredu, kao ormar za odlaganje stvari u gara\u017ei ili za tanjure i \u010da\u0161e u kuhinji.\u00a0Stvorite dodatni prostor za pospremanje. Ovaj ormari\u0107 izra\u0111en je od robusnog \u010delika i nudi visoku stabilnost, svaka polica mo\u017ee se opteretiti do 25 kg.\u00a0\u010cuvat \u0107e va\u0161e stvari na sigurnom dugi niz godina.","og_url":"https:\/\/inti.hr\/bs\/proizvod\/ormar-za-dokumente-sa-2-vrata\/","og_site_name":"Inti","og_image":[{"width":750,"height":750,"url":"https:\/\/i0.wp.com\/inti.hr\/wp-content\/uploads\/2022\/08\/OMC015G01-2.jpg?fit=750%2C750&ssl=1","type":"image\/jpeg"}],"twitter_card":"summary_large_image","schema":{"@context":"https:\/\/schema.org","@graph":[{"@type":"WebPage","@id":"https:\/\/inti.hr\/bs\/proizvod\/ormar-za-dokumente-sa-2-vrata\/","url":"https:\/\/inti.hr\/bs\/proizvod\/ormar-za-dokumente-sa-2-vrata\/","name":"Ormar za dokumente sa 2 vrata - Inti","isPartOf":{"@id":"https:\/\/inti.hr\/bs\/#website"},"primaryImageOfPage":{"@id":"https:\/\/inti.hr\/bs\/proizvod\/ormar-za-dokumente-sa-2-vrata\/#primaryimage"},"image":{"@id":"https:\/\/inti.hr\/bs\/proizvod\/ormar-za-dokumente-sa-2-vrata\/#primaryimage"},"thumbnailUrl":"https:\/\/i0.wp.com\/inti.hr\/wp-content\/uploads\/2022\/08\/OMC015G01-2.jpg?fit=750%2C750&ssl=1","datePublished":"2022-08-23T11:15:12+00:00","dateModified":"2022-08-23T11:15:12+00:00","description":"\u00a0Ovaj ormari\u0107 (80 x 40 x 180 cm) s 5 razina nudi puno prostora za pohranu i zauzima malo prostora.\u00a0Ovdje mo\u017eete uredno pospremiti sav svoj uredski materijal. Ovaj ormar je pravi svestrani.\u00a0Slu\u017ei vam ili kao ormar za dokumente u uredu, kao ormar za odlaganje stvari u gara\u017ei ili za tanjure i \u010da\u0161e u kuhinji.\u00a0Stvorite dodatni prostor za pospremanje. Ovaj ormari\u0107 izra\u0111en je od robusnog \u010delika i nudi visoku stabilnost, svaka polica mo\u017ee se opteretiti do 25 kg.\u00a0\u010cuvat \u0107e va\u0161e stvari na sigurnom dugi niz godina.","breadcrumb":{"@id":"https:\/\/inti.hr\/bs\/proizvod\/ormar-za-dokumente-sa-2-vrata\/#breadcrumb"},"inLanguage":"bs-BA","potentialAction":[{"@type":"ReadAction","target":["https:\/\/inti.hr\/bs\/proizvod\/ormar-za-dokumente-sa-2-vrata\/"]}]},{"@type":"ImageObject","inLanguage":"bs-BA","@id":"https:\/\/inti.hr\/bs\/proizvod\/ormar-za-dokumente-sa-2-vrata\/#primaryimage","url":"https:\/\/i0.wp.com\/inti.hr\/wp-content\/uploads\/2022\/08\/OMC015G01-2.jpg?fit=750%2C750&ssl=1","contentUrl":"https:\/\/i0.wp.com\/inti.hr\/wp-content\/uploads\/2022\/08\/OMC015G01-2.jpg?fit=750%2C750&ssl=1","width":750,"height":750},{"@type":"BreadcrumbList","@id":"https:\/\/inti.hr\/bs\/proizvod\/ormar-za-dokumente-sa-2-vrata\/#breadcrumb","itemListElement":[{"@type":"ListItem","position":1,"name":"Po\u010detna stranica","item":"https:\/\/inti.hr\/bs\/"},{"@type":"ListItem","position":2,"name":"Trgovina","item":"https:\/\/inti.hr\/bs\/trgovina\/"},{"@type":"ListItem","position":3,"name":"Ormar za dokumente sa 2 vrata"}]},{"@type":"WebSite","@id":"https:\/\/inti.hr\/bs\/#website","url":"https:\/\/inti.hr\/bs\/","name":"Inti","description":"trgovina","potentialAction":[{"@type":"SearchAction","target":{"@type":"EntryPoint","urlTemplate":"https:\/\/inti.hr\/bs\/?s={search_term_string}"},"query-input":{"@type":"PropertyValueSpecification","valueRequired":true,"valueName":"search_term_string"}}],"inLanguage":"bs-BA"}]}},"jetpack_sharing_enabled":true,"jetpack-related-posts":[],"_links":{"self":[{"href":"https:\/\/inti.hr\/bs\/wp-json\/wp\/v2\/product\/33735"}],"collection":[{"href":"https:\/\/inti.hr\/bs\/wp-json\/wp\/v2\/product"}],"about":[{"href":"https:\/\/inti.hr\/bs\/wp-json\/wp\/v2\/types\/product"}],"wp:featuredmedia":[{"embeddable":true,"href":"https:\/\/inti.hr\/bs\/wp-json\/wp\/v2\/media\/33736"}],"wp:attachment":[{"href":"https:\/\/inti.hr\/bs\/wp-json\/wp\/v2\/media?parent=33735"}],"wp:term":[{"taxonomy":"product_cat","embeddable":true,"href":"https:\/\/inti.hr\/bs\/wp-json\/wp\/v2\/product_cat?post=33735"},{"taxonomy":"product_tag","embeddable":true,"href":"https:\/\/inti.hr\/bs\/wp-json\/wp\/v2\/product_tag?post=33735"}],"curies":[{"name":"wp","href":"https:\/\/api.w.org\/{rel}","templated":true}]}}