{"id":33771,"date":"2022-08-12T08:20:36","date_gmt":"2022-08-12T08:20:36","guid":{"rendered":"https:\/\/inti.hr\/product\/ormaric-za-cipele-s-jastukom\/"},"modified":"2022-08-12T08:20:36","modified_gmt":"2022-08-12T08:20:36","slug":"ormaric-za-cipele-s-jastukom","status":"publish","type":"product","link":"https:\/\/inti.hr\/bs\/proizvod\/ormaric-za-cipele-s-jastukom\/","title":{"rendered":"Ormari\u0107 za cipele s jastukom"},"content":{"rendered":"<p>Detalji proizvoda:<\/p>\n<ul>\n<li>Te\u017eina: 13,3 kg<\/li>\n<li>Nosivost: 150 kg<\/li>\n<li>Materijal: MDF (E1), bambus.<\/li>\n<li>Veli\u010dina proizvoda: 60x35x46cm (vidi sliku)<\/li>\n<li>Dimenzije paketa: 71x42x15cm<\/li>\n<\/ul>\n","protected":false},"excerpt":{"rendered":"<p>Prakti\u010dan ormari\u0107 za cipele \u010desto je ve\u0107i luksuz nego imati mnogo &#8230; <\/p>\n","protected":false},"featured_media":33772,"template":"","meta":[],"product_cat":[2632],"product_tag":[3856,2638],"yoast_head":"<!-- This site is optimized with the Yoast SEO plugin v23.7 - https:\/\/yoast.com\/wordpress\/plugins\/seo\/ -->\n<title>Ormari\u0107 za cipele s jastukom - Inti<\/title>\n<meta name=\"description\" content=\"Prakti\u010dan ormari\u0107 za cipele \u010desto je ve\u0107i luksuz nego imati mnogo lijepih cipela. Zahvaljuju\u0107i svojoj maloj veli\u010dini, idealan je za hodnike, walk-in ormare, pa \u010dak i spava\u0107e sobe. Hodnik je prvi \u017eivotni prostor u koji vi i va\u0161i gosti ulazite. Stoga je atraktivan dekor hodnika neophodan. Boja ormari\u0107a za cipele topla je poput sunca, a vrh je ukra\u0161en bambusovim valovima. Tamo se jednostavno mo\u017eete opustiti nakon svakodnevnog \u017eivota. Velika ladica odr\u017eava hodnik urednim. S 1 otvorenim pretincem za spremanje \u010desto kori\u0161tenih papu\u010da. Noge i noge od borovine pobolj\u0161avaju stabilnost ormari\u0107a za cipele i sprje\u010davaju njegovo klizanje te \u0161tite pod od ogrebotina. Ovaj ormari\u0107 za cipele dolazi s jastukom za sjedenje za obuvanje ili izuvanje cipela dok sjedite. Dobro osmi\u0161ljena konstrukcija i visokokvalitetni materijali \u010dine ovaj ormari\u0107 za cipele \u010dvrstim i izdr\u017eljivim. Povr\u0161ina je otporna na ogrebotine i lako se \u010disti. Koristite samo vla\u017enu krpu.\" \/>\n<meta name=\"robots\" content=\"index, follow, max-snippet:-1, max-image-preview:large, max-video-preview:-1\" \/>\n<link rel=\"canonical\" href=\"https:\/\/inti.hr\/bs\/proizvod\/ormaric-za-cipele-s-jastukom\/\" \/>\n<meta property=\"og:locale\" content=\"bs_BA\" \/>\n<meta property=\"og:type\" content=\"article\" \/>\n<meta property=\"og:title\" content=\"Ormari\u0107 za cipele s jastukom - Inti\" \/>\n<meta property=\"og:description\" content=\"Prakti\u010dan ormari\u0107 za cipele \u010desto je ve\u0107i luksuz nego imati mnogo lijepih cipela. Zahvaljuju\u0107i svojoj maloj veli\u010dini, idealan je za hodnike, walk-in ormare, pa \u010dak i spava\u0107e sobe. Hodnik je prvi \u017eivotni prostor u koji vi i va\u0161i gosti ulazite. Stoga je atraktivan dekor hodnika neophodan. Boja ormari\u0107a za cipele topla je poput sunca, a vrh je ukra\u0161en bambusovim valovima. Tamo se jednostavno mo\u017eete opustiti nakon svakodnevnog \u017eivota. Velika ladica odr\u017eava hodnik urednim. S 1 otvorenim pretincem za spremanje \u010desto kori\u0161tenih papu\u010da. Noge i noge od borovine pobolj\u0161avaju stabilnost ormari\u0107a za cipele i sprje\u010davaju njegovo klizanje te \u0161tite pod od ogrebotina. Ovaj ormari\u0107 za cipele dolazi s jastukom za sjedenje za obuvanje ili izuvanje cipela dok sjedite. Dobro osmi\u0161ljena konstrukcija i visokokvalitetni materijali \u010dine ovaj ormari\u0107 za cipele \u010dvrstim i izdr\u017eljivim. Povr\u0161ina je otporna na ogrebotine i lako se \u010disti. Koristite samo vla\u017enu krpu.\" \/>\n<meta property=\"og:url\" content=\"https:\/\/inti.hr\/bs\/proizvod\/ormaric-za-cipele-s-jastukom\/\" \/>\n<meta property=\"og:site_name\" content=\"Inti\" \/>\n<meta property=\"og:image\" content=\"https:\/\/i0.wp.com\/inti.hr\/wp-content\/uploads\/2022\/08\/FSR123-MI-Y001.webp?fit=1600%2C1600&ssl=1\" \/>\n\t<meta property=\"og:image:width\" content=\"1600\" \/>\n\t<meta property=\"og:image:height\" content=\"1600\" \/>\n\t<meta property=\"og:image:type\" content=\"image\/webp\" \/>\n<meta name=\"twitter:card\" content=\"summary_large_image\" \/>\n<script type=\"application\/ld+json\" class=\"yoast-schema-graph\">{\"@context\":\"https:\/\/schema.org\",\"@graph\":[{\"@type\":\"WebPage\",\"@id\":\"https:\/\/inti.hr\/bs\/proizvod\/ormaric-za-cipele-s-jastukom\/\",\"url\":\"https:\/\/inti.hr\/bs\/proizvod\/ormaric-za-cipele-s-jastukom\/\",\"name\":\"Ormari\u0107 za cipele s jastukom - Inti\",\"isPartOf\":{\"@id\":\"https:\/\/inti.hr\/bs\/#website\"},\"primaryImageOfPage\":{\"@id\":\"https:\/\/inti.hr\/bs\/proizvod\/ormaric-za-cipele-s-jastukom\/#primaryimage\"},\"image\":{\"@id\":\"https:\/\/inti.hr\/bs\/proizvod\/ormaric-za-cipele-s-jastukom\/#primaryimage\"},\"thumbnailUrl\":\"https:\/\/i0.wp.com\/inti.hr\/wp-content\/uploads\/2022\/08\/FSR123-MI-Y001.webp?fit=1600%2C1600&ssl=1\",\"datePublished\":\"2022-08-12T08:20:36+00:00\",\"dateModified\":\"2022-08-12T08:20:36+00:00\",\"description\":\"Prakti\u010dan ormari\u0107 za cipele \u010desto je ve\u0107i luksuz nego imati mnogo lijepih cipela. Zahvaljuju\u0107i svojoj maloj veli\u010dini, idealan je za hodnike, walk-in ormare, pa \u010dak i spava\u0107e sobe. Hodnik je prvi \u017eivotni prostor u koji vi i va\u0161i gosti ulazite. Stoga je atraktivan dekor hodnika neophodan. Boja ormari\u0107a za cipele topla je poput sunca, a vrh je ukra\u0161en bambusovim valovima. Tamo se jednostavno mo\u017eete opustiti nakon svakodnevnog \u017eivota. Velika ladica odr\u017eava hodnik urednim. S 1 otvorenim pretincem za spremanje \u010desto kori\u0161tenih papu\u010da. Noge i noge od borovine pobolj\u0161avaju stabilnost ormari\u0107a za cipele i sprje\u010davaju njegovo klizanje te \u0161tite pod od ogrebotina. Ovaj ormari\u0107 za cipele dolazi s jastukom za sjedenje za obuvanje ili izuvanje cipela dok sjedite. Dobro osmi\u0161ljena konstrukcija i visokokvalitetni materijali \u010dine ovaj ormari\u0107 za cipele \u010dvrstim i izdr\u017eljivim. Povr\u0161ina je otporna na ogrebotine i lako se \u010disti. Koristite samo vla\u017enu krpu.\",\"breadcrumb\":{\"@id\":\"https:\/\/inti.hr\/bs\/proizvod\/ormaric-za-cipele-s-jastukom\/#breadcrumb\"},\"inLanguage\":\"bs-BA\",\"potentialAction\":[{\"@type\":\"ReadAction\",\"target\":[\"https:\/\/inti.hr\/bs\/proizvod\/ormaric-za-cipele-s-jastukom\/\"]}]},{\"@type\":\"ImageObject\",\"inLanguage\":\"bs-BA\",\"@id\":\"https:\/\/inti.hr\/bs\/proizvod\/ormaric-za-cipele-s-jastukom\/#primaryimage\",\"url\":\"https:\/\/i0.wp.com\/inti.hr\/wp-content\/uploads\/2022\/08\/FSR123-MI-Y001.webp?fit=1600%2C1600&ssl=1\",\"contentUrl\":\"https:\/\/i0.wp.com\/inti.hr\/wp-content\/uploads\/2022\/08\/FSR123-MI-Y001.webp?fit=1600%2C1600&ssl=1\",\"width\":1600,\"height\":1600},{\"@type\":\"BreadcrumbList\",\"@id\":\"https:\/\/inti.hr\/bs\/proizvod\/ormaric-za-cipele-s-jastukom\/#breadcrumb\",\"itemListElement\":[{\"@type\":\"ListItem\",\"position\":1,\"name\":\"Po\u010detna stranica\",\"item\":\"https:\/\/inti.hr\/bs\/\"},{\"@type\":\"ListItem\",\"position\":2,\"name\":\"Trgovina\",\"item\":\"https:\/\/inti.hr\/bs\/trgovina\/\"},{\"@type\":\"ListItem\",\"position\":3,\"name\":\"Ormari\u0107 za cipele s jastukom\"}]},{\"@type\":\"WebSite\",\"@id\":\"https:\/\/inti.hr\/bs\/#website\",\"url\":\"https:\/\/inti.hr\/bs\/\",\"name\":\"Inti\",\"description\":\"trgovina\",\"potentialAction\":[{\"@type\":\"SearchAction\",\"target\":{\"@type\":\"EntryPoint\",\"urlTemplate\":\"https:\/\/inti.hr\/bs\/?s={search_term_string}\"},\"query-input\":{\"@type\":\"PropertyValueSpecification\",\"valueRequired\":true,\"valueName\":\"search_term_string\"}}],\"inLanguage\":\"bs-BA\"}]}<\/script>\n<!-- \/ Yoast SEO plugin. -->","yoast_head_json":{"title":"Ormari\u0107 za cipele s jastukom - Inti","description":"Prakti\u010dan ormari\u0107 za cipele \u010desto je ve\u0107i luksuz nego imati mnogo lijepih cipela. Zahvaljuju\u0107i svojoj maloj veli\u010dini, idealan je za hodnike, walk-in ormare, pa \u010dak i spava\u0107e sobe. Hodnik je prvi \u017eivotni prostor u koji vi i va\u0161i gosti ulazite. Stoga je atraktivan dekor hodnika neophodan. Boja ormari\u0107a za cipele topla je poput sunca, a vrh je ukra\u0161en bambusovim valovima. Tamo se jednostavno mo\u017eete opustiti nakon svakodnevnog \u017eivota. Velika ladica odr\u017eava hodnik urednim. S 1 otvorenim pretincem za spremanje \u010desto kori\u0161tenih papu\u010da. Noge i noge od borovine pobolj\u0161avaju stabilnost ormari\u0107a za cipele i sprje\u010davaju njegovo klizanje te \u0161tite pod od ogrebotina. Ovaj ormari\u0107 za cipele dolazi s jastukom za sjedenje za obuvanje ili izuvanje cipela dok sjedite. Dobro osmi\u0161ljena konstrukcija i visokokvalitetni materijali \u010dine ovaj ormari\u0107 za cipele \u010dvrstim i izdr\u017eljivim. Povr\u0161ina je otporna na ogrebotine i lako se \u010disti. Koristite samo vla\u017enu krpu.","robots":{"index":"index","follow":"follow","max-snippet":"max-snippet:-1","max-image-preview":"max-image-preview:large","max-video-preview":"max-video-preview:-1"},"canonical":"https:\/\/inti.hr\/bs\/proizvod\/ormaric-za-cipele-s-jastukom\/","og_locale":"bs_BA","og_type":"article","og_title":"Ormari\u0107 za cipele s jastukom - Inti","og_description":"Prakti\u010dan ormari\u0107 za cipele \u010desto je ve\u0107i luksuz nego imati mnogo lijepih cipela. Zahvaljuju\u0107i svojoj maloj veli\u010dini, idealan je za hodnike, walk-in ormare, pa \u010dak i spava\u0107e sobe. Hodnik je prvi \u017eivotni prostor u koji vi i va\u0161i gosti ulazite. Stoga je atraktivan dekor hodnika neophodan. Boja ormari\u0107a za cipele topla je poput sunca, a vrh je ukra\u0161en bambusovim valovima. Tamo se jednostavno mo\u017eete opustiti nakon svakodnevnog \u017eivota. Velika ladica odr\u017eava hodnik urednim. S 1 otvorenim pretincem za spremanje \u010desto kori\u0161tenih papu\u010da. Noge i noge od borovine pobolj\u0161avaju stabilnost ormari\u0107a za cipele i sprje\u010davaju njegovo klizanje te \u0161tite pod od ogrebotina. Ovaj ormari\u0107 za cipele dolazi s jastukom za sjedenje za obuvanje ili izuvanje cipela dok sjedite. Dobro osmi\u0161ljena konstrukcija i visokokvalitetni materijali \u010dine ovaj ormari\u0107 za cipele \u010dvrstim i izdr\u017eljivim. Povr\u0161ina je otporna na ogrebotine i lako se \u010disti. Koristite samo vla\u017enu krpu.","og_url":"https:\/\/inti.hr\/bs\/proizvod\/ormaric-za-cipele-s-jastukom\/","og_site_name":"Inti","og_image":[{"width":1600,"height":1600,"url":"https:\/\/i0.wp.com\/inti.hr\/wp-content\/uploads\/2022\/08\/FSR123-MI-Y001.webp?fit=1600%2C1600&ssl=1","type":"image\/webp"}],"twitter_card":"summary_large_image","schema":{"@context":"https:\/\/schema.org","@graph":[{"@type":"WebPage","@id":"https:\/\/inti.hr\/bs\/proizvod\/ormaric-za-cipele-s-jastukom\/","url":"https:\/\/inti.hr\/bs\/proizvod\/ormaric-za-cipele-s-jastukom\/","name":"Ormari\u0107 za cipele s jastukom - Inti","isPartOf":{"@id":"https:\/\/inti.hr\/bs\/#website"},"primaryImageOfPage":{"@id":"https:\/\/inti.hr\/bs\/proizvod\/ormaric-za-cipele-s-jastukom\/#primaryimage"},"image":{"@id":"https:\/\/inti.hr\/bs\/proizvod\/ormaric-za-cipele-s-jastukom\/#primaryimage"},"thumbnailUrl":"https:\/\/i0.wp.com\/inti.hr\/wp-content\/uploads\/2022\/08\/FSR123-MI-Y001.webp?fit=1600%2C1600&ssl=1","datePublished":"2022-08-12T08:20:36+00:00","dateModified":"2022-08-12T08:20:36+00:00","description":"Prakti\u010dan ormari\u0107 za cipele \u010desto je ve\u0107i luksuz nego imati mnogo lijepih cipela. Zahvaljuju\u0107i svojoj maloj veli\u010dini, idealan je za hodnike, walk-in ormare, pa \u010dak i spava\u0107e sobe. Hodnik je prvi \u017eivotni prostor u koji vi i va\u0161i gosti ulazite. Stoga je atraktivan dekor hodnika neophodan. Boja ormari\u0107a za cipele topla je poput sunca, a vrh je ukra\u0161en bambusovim valovima. Tamo se jednostavno mo\u017eete opustiti nakon svakodnevnog \u017eivota. Velika ladica odr\u017eava hodnik urednim. S 1 otvorenim pretincem za spremanje \u010desto kori\u0161tenih papu\u010da. Noge i noge od borovine pobolj\u0161avaju stabilnost ormari\u0107a za cipele i sprje\u010davaju njegovo klizanje te \u0161tite pod od ogrebotina. Ovaj ormari\u0107 za cipele dolazi s jastukom za sjedenje za obuvanje ili izuvanje cipela dok sjedite. Dobro osmi\u0161ljena konstrukcija i visokokvalitetni materijali \u010dine ovaj ormari\u0107 za cipele \u010dvrstim i izdr\u017eljivim. Povr\u0161ina je otporna na ogrebotine i lako se \u010disti. Koristite samo vla\u017enu krpu.","breadcrumb":{"@id":"https:\/\/inti.hr\/bs\/proizvod\/ormaric-za-cipele-s-jastukom\/#breadcrumb"},"inLanguage":"bs-BA","potentialAction":[{"@type":"ReadAction","target":["https:\/\/inti.hr\/bs\/proizvod\/ormaric-za-cipele-s-jastukom\/"]}]},{"@type":"ImageObject","inLanguage":"bs-BA","@id":"https:\/\/inti.hr\/bs\/proizvod\/ormaric-za-cipele-s-jastukom\/#primaryimage","url":"https:\/\/i0.wp.com\/inti.hr\/wp-content\/uploads\/2022\/08\/FSR123-MI-Y001.webp?fit=1600%2C1600&ssl=1","contentUrl":"https:\/\/i0.wp.com\/inti.hr\/wp-content\/uploads\/2022\/08\/FSR123-MI-Y001.webp?fit=1600%2C1600&ssl=1","width":1600,"height":1600},{"@type":"BreadcrumbList","@id":"https:\/\/inti.hr\/bs\/proizvod\/ormaric-za-cipele-s-jastukom\/#breadcrumb","itemListElement":[{"@type":"ListItem","position":1,"name":"Po\u010detna stranica","item":"https:\/\/inti.hr\/bs\/"},{"@type":"ListItem","position":2,"name":"Trgovina","item":"https:\/\/inti.hr\/bs\/trgovina\/"},{"@type":"ListItem","position":3,"name":"Ormari\u0107 za cipele s jastukom"}]},{"@type":"WebSite","@id":"https:\/\/inti.hr\/bs\/#website","url":"https:\/\/inti.hr\/bs\/","name":"Inti","description":"trgovina","potentialAction":[{"@type":"SearchAction","target":{"@type":"EntryPoint","urlTemplate":"https:\/\/inti.hr\/bs\/?s={search_term_string}"},"query-input":{"@type":"PropertyValueSpecification","valueRequired":true,"valueName":"search_term_string"}}],"inLanguage":"bs-BA"}]}},"jetpack_sharing_enabled":true,"jetpack-related-posts":[],"_links":{"self":[{"href":"https:\/\/inti.hr\/bs\/wp-json\/wp\/v2\/product\/33771"}],"collection":[{"href":"https:\/\/inti.hr\/bs\/wp-json\/wp\/v2\/product"}],"about":[{"href":"https:\/\/inti.hr\/bs\/wp-json\/wp\/v2\/types\/product"}],"wp:featuredmedia":[{"embeddable":true,"href":"https:\/\/inti.hr\/bs\/wp-json\/wp\/v2\/media\/33772"}],"wp:attachment":[{"href":"https:\/\/inti.hr\/bs\/wp-json\/wp\/v2\/media?parent=33771"}],"wp:term":[{"taxonomy":"product_cat","embeddable":true,"href":"https:\/\/inti.hr\/bs\/wp-json\/wp\/v2\/product_cat?post=33771"},{"taxonomy":"product_tag","embeddable":true,"href":"https:\/\/inti.hr\/bs\/wp-json\/wp\/v2\/product_tag?post=33771"}],"curies":[{"name":"wp","href":"https:\/\/api.w.org\/{rel}","templated":true}]}}