{"id":33775,"date":"2022-07-30T15:29:13","date_gmt":"2022-07-30T15:29:13","guid":{"rendered":"https:\/\/inti.hr\/product\/ulazna-klupa-s-jastukom-ormaric-za-cipele\/"},"modified":"2022-07-30T15:29:13","modified_gmt":"2022-07-30T15:29:13","slug":"ulazna-klupa-s-jastukom-ormaric-za-cipele","status":"publish","type":"product","link":"https:\/\/inti.hr\/bs\/proizvod\/ulazna-klupa-s-jastukom-ormaric-za-cipele\/","title":{"rendered":"Ulazna klupa s jastukom"},"content":{"rendered":"<p>Detalji proizvoda:<\/p>\n<p>&nbsp;<\/p>\n<ul>\n<li>Te\u017eina: oko 13,3 kg<\/li>\n<li>Nosivost: do 150 kg<\/li>\n<li>Materijal: MDF (E1)<\/li>\n<li>Veli\u010dina proizvoda: 91x30x50cm<\/li>\n<li>S uputama za sastavljanje i vijcima.\u00a0Jednostavna instalacija.<\/li>\n<\/ul>\n","protected":false},"excerpt":{"rendered":"<p>Prakti\u010dne udubljene ru\u010dke na prednjoj strani ne samo da olak\u0161avaju brzo &#8230; <\/p>\n","protected":false},"featured_media":33776,"template":"","meta":[],"product_cat":[2632],"product_tag":[2633,3646,3858,2638],"yoast_head":"<!-- This site is optimized with the Yoast SEO plugin v23.7 - https:\/\/yoast.com\/wordpress\/plugins\/seo\/ -->\n<title>Ulazna klupa s jastukom - Inti<\/title>\n<meta name=\"description\" content=\"Prakti\u010dne udubljene ru\u010dke na prednjoj strani ne samo da olak\u0161avaju brzo otvaranje, ve\u0107 tako\u0111er osiguravaju dobru ventilaciju cipela. S ovim ormari\u0107em za cipele vodite rat protiv kaosa cipela u va\u0161em hodniku! Zatvoreni ormari\u0107 za cipele \u0161titi sandale, \u0161tikle i tenisice od pra\u0161ine i blije\u0111enja te osigurava uredan prolaz. Zahvaljuju\u0107i preklopu s 2 unutarnja pretinca, svoje cipele mo\u017eete uredno spremiti i ne morate brinuti o nedostatku prostora! Zahvaljuju\u0107i vi\u0161enamjenskom ormari\u0107u za cipele, obuvanje i izuvanje cipela u hodniku pravi je u\u017eitak. Umjesto da se sva\u0111ate stoje\u0107i, sjednite na udoban jastuk sjedala. Fiksne \u0161arke i \u010dvrsti plinski amortizeri osiguravaju da se vi i va\u0161a djeca osje\u0107ate sigurno dok koristite ovaj namje\u0161taj. Materijal ormari\u0107a za cipele je ekolo\u0161ki prihvatljiv i siguran MDF, stabilan je i izdr\u017eljiv. Kada ovaj komad namje\u0161taja gurate\/nosite naprijed-natrag, pod je za\u0161ti\u0107en od ogrebotina pomo\u0107u filcanih jastu\u010di\u0107a .Klasi\u010dan i moderan bijeli i elegantni izgled nadopunjuju razli\u010dite stilove ure\u0111enja sobe.\" \/>\n<meta name=\"robots\" content=\"index, follow, max-snippet:-1, max-image-preview:large, max-video-preview:-1\" \/>\n<link rel=\"canonical\" href=\"https:\/\/inti.hr\/bs\/proizvod\/ulazna-klupa-s-jastukom-ormaric-za-cipele\/\" \/>\n<meta property=\"og:locale\" content=\"bs_BA\" \/>\n<meta property=\"og:type\" content=\"article\" \/>\n<meta property=\"og:title\" content=\"Ulazna klupa s jastukom - Inti\" \/>\n<meta property=\"og:description\" content=\"Prakti\u010dne udubljene ru\u010dke na prednjoj strani ne samo da olak\u0161avaju brzo otvaranje, ve\u0107 tako\u0111er osiguravaju dobru ventilaciju cipela. S ovim ormari\u0107em za cipele vodite rat protiv kaosa cipela u va\u0161em hodniku! Zatvoreni ormari\u0107 za cipele \u0161titi sandale, \u0161tikle i tenisice od pra\u0161ine i blije\u0111enja te osigurava uredan prolaz. Zahvaljuju\u0107i preklopu s 2 unutarnja pretinca, svoje cipele mo\u017eete uredno spremiti i ne morate brinuti o nedostatku prostora! Zahvaljuju\u0107i vi\u0161enamjenskom ormari\u0107u za cipele, obuvanje i izuvanje cipela u hodniku pravi je u\u017eitak. Umjesto da se sva\u0111ate stoje\u0107i, sjednite na udoban jastuk sjedala. Fiksne \u0161arke i \u010dvrsti plinski amortizeri osiguravaju da se vi i va\u0161a djeca osje\u0107ate sigurno dok koristite ovaj namje\u0161taj. Materijal ormari\u0107a za cipele je ekolo\u0161ki prihvatljiv i siguran MDF, stabilan je i izdr\u017eljiv. Kada ovaj komad namje\u0161taja gurate\/nosite naprijed-natrag, pod je za\u0161ti\u0107en od ogrebotina pomo\u0107u filcanih jastu\u010di\u0107a .Klasi\u010dan i moderan bijeli i elegantni izgled nadopunjuju razli\u010dite stilove ure\u0111enja sobe.\" \/>\n<meta property=\"og:url\" content=\"https:\/\/inti.hr\/bs\/proizvod\/ulazna-klupa-s-jastukom-ormaric-za-cipele\/\" \/>\n<meta property=\"og:site_name\" content=\"Inti\" \/>\n<meta property=\"og:image\" content=\"https:\/\/i0.wp.com\/inti.hr\/wp-content\/uploads\/2022\/07\/FSR97-W-Y001.webp?fit=1600%2C1600&ssl=1\" \/>\n\t<meta property=\"og:image:width\" content=\"1600\" \/>\n\t<meta property=\"og:image:height\" content=\"1600\" \/>\n\t<meta property=\"og:image:type\" content=\"image\/webp\" \/>\n<meta name=\"twitter:card\" content=\"summary_large_image\" \/>\n<script type=\"application\/ld+json\" class=\"yoast-schema-graph\">{\"@context\":\"https:\/\/schema.org\",\"@graph\":[{\"@type\":\"WebPage\",\"@id\":\"https:\/\/inti.hr\/bs\/proizvod\/ulazna-klupa-s-jastukom-ormaric-za-cipele\/\",\"url\":\"https:\/\/inti.hr\/bs\/proizvod\/ulazna-klupa-s-jastukom-ormaric-za-cipele\/\",\"name\":\"Ulazna klupa s jastukom - Inti\",\"isPartOf\":{\"@id\":\"https:\/\/inti.hr\/bs\/#website\"},\"primaryImageOfPage\":{\"@id\":\"https:\/\/inti.hr\/bs\/proizvod\/ulazna-klupa-s-jastukom-ormaric-za-cipele\/#primaryimage\"},\"image\":{\"@id\":\"https:\/\/inti.hr\/bs\/proizvod\/ulazna-klupa-s-jastukom-ormaric-za-cipele\/#primaryimage\"},\"thumbnailUrl\":\"https:\/\/i0.wp.com\/inti.hr\/wp-content\/uploads\/2022\/07\/FSR97-W-Y001.webp?fit=1600%2C1600&ssl=1\",\"datePublished\":\"2022-07-30T15:29:13+00:00\",\"dateModified\":\"2022-07-30T15:29:13+00:00\",\"description\":\"Prakti\u010dne udubljene ru\u010dke na prednjoj strani ne samo da olak\u0161avaju brzo otvaranje, ve\u0107 tako\u0111er osiguravaju dobru ventilaciju cipela. S ovim ormari\u0107em za cipele vodite rat protiv kaosa cipela u va\u0161em hodniku! Zatvoreni ormari\u0107 za cipele \u0161titi sandale, \u0161tikle i tenisice od pra\u0161ine i blije\u0111enja te osigurava uredan prolaz. Zahvaljuju\u0107i preklopu s 2 unutarnja pretinca, svoje cipele mo\u017eete uredno spremiti i ne morate brinuti o nedostatku prostora! Zahvaljuju\u0107i vi\u0161enamjenskom ormari\u0107u za cipele, obuvanje i izuvanje cipela u hodniku pravi je u\u017eitak. Umjesto da se sva\u0111ate stoje\u0107i, sjednite na udoban jastuk sjedala. Fiksne \u0161arke i \u010dvrsti plinski amortizeri osiguravaju da se vi i va\u0161a djeca osje\u0107ate sigurno dok koristite ovaj namje\u0161taj. Materijal ormari\u0107a za cipele je ekolo\u0161ki prihvatljiv i siguran MDF, stabilan je i izdr\u017eljiv. Kada ovaj komad namje\u0161taja gurate\/nosite naprijed-natrag, pod je za\u0161ti\u0107en od ogrebotina pomo\u0107u filcanih jastu\u010di\u0107a .Klasi\u010dan i moderan bijeli i elegantni izgled nadopunjuju razli\u010dite stilove ure\u0111enja sobe.\",\"breadcrumb\":{\"@id\":\"https:\/\/inti.hr\/bs\/proizvod\/ulazna-klupa-s-jastukom-ormaric-za-cipele\/#breadcrumb\"},\"inLanguage\":\"bs-BA\",\"potentialAction\":[{\"@type\":\"ReadAction\",\"target\":[\"https:\/\/inti.hr\/bs\/proizvod\/ulazna-klupa-s-jastukom-ormaric-za-cipele\/\"]}]},{\"@type\":\"ImageObject\",\"inLanguage\":\"bs-BA\",\"@id\":\"https:\/\/inti.hr\/bs\/proizvod\/ulazna-klupa-s-jastukom-ormaric-za-cipele\/#primaryimage\",\"url\":\"https:\/\/i0.wp.com\/inti.hr\/wp-content\/uploads\/2022\/07\/FSR97-W-Y001.webp?fit=1600%2C1600&ssl=1\",\"contentUrl\":\"https:\/\/i0.wp.com\/inti.hr\/wp-content\/uploads\/2022\/07\/FSR97-W-Y001.webp?fit=1600%2C1600&ssl=1\",\"width\":1600,\"height\":1600},{\"@type\":\"BreadcrumbList\",\"@id\":\"https:\/\/inti.hr\/bs\/proizvod\/ulazna-klupa-s-jastukom-ormaric-za-cipele\/#breadcrumb\",\"itemListElement\":[{\"@type\":\"ListItem\",\"position\":1,\"name\":\"Po\u010detna stranica\",\"item\":\"https:\/\/inti.hr\/bs\/\"},{\"@type\":\"ListItem\",\"position\":2,\"name\":\"Trgovina\",\"item\":\"https:\/\/inti.hr\/bs\/trgovina\/\"},{\"@type\":\"ListItem\",\"position\":3,\"name\":\"Ulazna klupa s jastukom\"}]},{\"@type\":\"WebSite\",\"@id\":\"https:\/\/inti.hr\/bs\/#website\",\"url\":\"https:\/\/inti.hr\/bs\/\",\"name\":\"Inti\",\"description\":\"trgovina\",\"potentialAction\":[{\"@type\":\"SearchAction\",\"target\":{\"@type\":\"EntryPoint\",\"urlTemplate\":\"https:\/\/inti.hr\/bs\/?s={search_term_string}\"},\"query-input\":{\"@type\":\"PropertyValueSpecification\",\"valueRequired\":true,\"valueName\":\"search_term_string\"}}],\"inLanguage\":\"bs-BA\"}]}<\/script>\n<!-- \/ Yoast SEO plugin. -->","yoast_head_json":{"title":"Ulazna klupa s jastukom - Inti","description":"Prakti\u010dne udubljene ru\u010dke na prednjoj strani ne samo da olak\u0161avaju brzo otvaranje, ve\u0107 tako\u0111er osiguravaju dobru ventilaciju cipela. S ovim ormari\u0107em za cipele vodite rat protiv kaosa cipela u va\u0161em hodniku! Zatvoreni ormari\u0107 za cipele \u0161titi sandale, \u0161tikle i tenisice od pra\u0161ine i blije\u0111enja te osigurava uredan prolaz. Zahvaljuju\u0107i preklopu s 2 unutarnja pretinca, svoje cipele mo\u017eete uredno spremiti i ne morate brinuti o nedostatku prostora! Zahvaljuju\u0107i vi\u0161enamjenskom ormari\u0107u za cipele, obuvanje i izuvanje cipela u hodniku pravi je u\u017eitak. Umjesto da se sva\u0111ate stoje\u0107i, sjednite na udoban jastuk sjedala. Fiksne \u0161arke i \u010dvrsti plinski amortizeri osiguravaju da se vi i va\u0161a djeca osje\u0107ate sigurno dok koristite ovaj namje\u0161taj. Materijal ormari\u0107a za cipele je ekolo\u0161ki prihvatljiv i siguran MDF, stabilan je i izdr\u017eljiv. Kada ovaj komad namje\u0161taja gurate\/nosite naprijed-natrag, pod je za\u0161ti\u0107en od ogrebotina pomo\u0107u filcanih jastu\u010di\u0107a .Klasi\u010dan i moderan bijeli i elegantni izgled nadopunjuju razli\u010dite stilove ure\u0111enja sobe.","robots":{"index":"index","follow":"follow","max-snippet":"max-snippet:-1","max-image-preview":"max-image-preview:large","max-video-preview":"max-video-preview:-1"},"canonical":"https:\/\/inti.hr\/bs\/proizvod\/ulazna-klupa-s-jastukom-ormaric-za-cipele\/","og_locale":"bs_BA","og_type":"article","og_title":"Ulazna klupa s jastukom - Inti","og_description":"Prakti\u010dne udubljene ru\u010dke na prednjoj strani ne samo da olak\u0161avaju brzo otvaranje, ve\u0107 tako\u0111er osiguravaju dobru ventilaciju cipela. S ovim ormari\u0107em za cipele vodite rat protiv kaosa cipela u va\u0161em hodniku! Zatvoreni ormari\u0107 za cipele \u0161titi sandale, \u0161tikle i tenisice od pra\u0161ine i blije\u0111enja te osigurava uredan prolaz. Zahvaljuju\u0107i preklopu s 2 unutarnja pretinca, svoje cipele mo\u017eete uredno spremiti i ne morate brinuti o nedostatku prostora! Zahvaljuju\u0107i vi\u0161enamjenskom ormari\u0107u za cipele, obuvanje i izuvanje cipela u hodniku pravi je u\u017eitak. Umjesto da se sva\u0111ate stoje\u0107i, sjednite na udoban jastuk sjedala. Fiksne \u0161arke i \u010dvrsti plinski amortizeri osiguravaju da se vi i va\u0161a djeca osje\u0107ate sigurno dok koristite ovaj namje\u0161taj. Materijal ormari\u0107a za cipele je ekolo\u0161ki prihvatljiv i siguran MDF, stabilan je i izdr\u017eljiv. Kada ovaj komad namje\u0161taja gurate\/nosite naprijed-natrag, pod je za\u0161ti\u0107en od ogrebotina pomo\u0107u filcanih jastu\u010di\u0107a .Klasi\u010dan i moderan bijeli i elegantni izgled nadopunjuju razli\u010dite stilove ure\u0111enja sobe.","og_url":"https:\/\/inti.hr\/bs\/proizvod\/ulazna-klupa-s-jastukom-ormaric-za-cipele\/","og_site_name":"Inti","og_image":[{"width":1600,"height":1600,"url":"https:\/\/i0.wp.com\/inti.hr\/wp-content\/uploads\/2022\/07\/FSR97-W-Y001.webp?fit=1600%2C1600&ssl=1","type":"image\/webp"}],"twitter_card":"summary_large_image","schema":{"@context":"https:\/\/schema.org","@graph":[{"@type":"WebPage","@id":"https:\/\/inti.hr\/bs\/proizvod\/ulazna-klupa-s-jastukom-ormaric-za-cipele\/","url":"https:\/\/inti.hr\/bs\/proizvod\/ulazna-klupa-s-jastukom-ormaric-za-cipele\/","name":"Ulazna klupa s jastukom - Inti","isPartOf":{"@id":"https:\/\/inti.hr\/bs\/#website"},"primaryImageOfPage":{"@id":"https:\/\/inti.hr\/bs\/proizvod\/ulazna-klupa-s-jastukom-ormaric-za-cipele\/#primaryimage"},"image":{"@id":"https:\/\/inti.hr\/bs\/proizvod\/ulazna-klupa-s-jastukom-ormaric-za-cipele\/#primaryimage"},"thumbnailUrl":"https:\/\/i0.wp.com\/inti.hr\/wp-content\/uploads\/2022\/07\/FSR97-W-Y001.webp?fit=1600%2C1600&ssl=1","datePublished":"2022-07-30T15:29:13+00:00","dateModified":"2022-07-30T15:29:13+00:00","description":"Prakti\u010dne udubljene ru\u010dke na prednjoj strani ne samo da olak\u0161avaju brzo otvaranje, ve\u0107 tako\u0111er osiguravaju dobru ventilaciju cipela. S ovim ormari\u0107em za cipele vodite rat protiv kaosa cipela u va\u0161em hodniku! Zatvoreni ormari\u0107 za cipele \u0161titi sandale, \u0161tikle i tenisice od pra\u0161ine i blije\u0111enja te osigurava uredan prolaz. Zahvaljuju\u0107i preklopu s 2 unutarnja pretinca, svoje cipele mo\u017eete uredno spremiti i ne morate brinuti o nedostatku prostora! Zahvaljuju\u0107i vi\u0161enamjenskom ormari\u0107u za cipele, obuvanje i izuvanje cipela u hodniku pravi je u\u017eitak. Umjesto da se sva\u0111ate stoje\u0107i, sjednite na udoban jastuk sjedala. Fiksne \u0161arke i \u010dvrsti plinski amortizeri osiguravaju da se vi i va\u0161a djeca osje\u0107ate sigurno dok koristite ovaj namje\u0161taj. Materijal ormari\u0107a za cipele je ekolo\u0161ki prihvatljiv i siguran MDF, stabilan je i izdr\u017eljiv. Kada ovaj komad namje\u0161taja gurate\/nosite naprijed-natrag, pod je za\u0161ti\u0107en od ogrebotina pomo\u0107u filcanih jastu\u010di\u0107a .Klasi\u010dan i moderan bijeli i elegantni izgled nadopunjuju razli\u010dite stilove ure\u0111enja sobe.","breadcrumb":{"@id":"https:\/\/inti.hr\/bs\/proizvod\/ulazna-klupa-s-jastukom-ormaric-za-cipele\/#breadcrumb"},"inLanguage":"bs-BA","potentialAction":[{"@type":"ReadAction","target":["https:\/\/inti.hr\/bs\/proizvod\/ulazna-klupa-s-jastukom-ormaric-za-cipele\/"]}]},{"@type":"ImageObject","inLanguage":"bs-BA","@id":"https:\/\/inti.hr\/bs\/proizvod\/ulazna-klupa-s-jastukom-ormaric-za-cipele\/#primaryimage","url":"https:\/\/i0.wp.com\/inti.hr\/wp-content\/uploads\/2022\/07\/FSR97-W-Y001.webp?fit=1600%2C1600&ssl=1","contentUrl":"https:\/\/i0.wp.com\/inti.hr\/wp-content\/uploads\/2022\/07\/FSR97-W-Y001.webp?fit=1600%2C1600&ssl=1","width":1600,"height":1600},{"@type":"BreadcrumbList","@id":"https:\/\/inti.hr\/bs\/proizvod\/ulazna-klupa-s-jastukom-ormaric-za-cipele\/#breadcrumb","itemListElement":[{"@type":"ListItem","position":1,"name":"Po\u010detna stranica","item":"https:\/\/inti.hr\/bs\/"},{"@type":"ListItem","position":2,"name":"Trgovina","item":"https:\/\/inti.hr\/bs\/trgovina\/"},{"@type":"ListItem","position":3,"name":"Ulazna klupa s jastukom"}]},{"@type":"WebSite","@id":"https:\/\/inti.hr\/bs\/#website","url":"https:\/\/inti.hr\/bs\/","name":"Inti","description":"trgovina","potentialAction":[{"@type":"SearchAction","target":{"@type":"EntryPoint","urlTemplate":"https:\/\/inti.hr\/bs\/?s={search_term_string}"},"query-input":{"@type":"PropertyValueSpecification","valueRequired":true,"valueName":"search_term_string"}}],"inLanguage":"bs-BA"}]}},"jetpack_sharing_enabled":true,"jetpack-related-posts":[],"_links":{"self":[{"href":"https:\/\/inti.hr\/bs\/wp-json\/wp\/v2\/product\/33775"}],"collection":[{"href":"https:\/\/inti.hr\/bs\/wp-json\/wp\/v2\/product"}],"about":[{"href":"https:\/\/inti.hr\/bs\/wp-json\/wp\/v2\/types\/product"}],"wp:featuredmedia":[{"embeddable":true,"href":"https:\/\/inti.hr\/bs\/wp-json\/wp\/v2\/media\/33776"}],"wp:attachment":[{"href":"https:\/\/inti.hr\/bs\/wp-json\/wp\/v2\/media?parent=33775"}],"wp:term":[{"taxonomy":"product_cat","embeddable":true,"href":"https:\/\/inti.hr\/bs\/wp-json\/wp\/v2\/product_cat?post=33775"},{"taxonomy":"product_tag","embeddable":true,"href":"https:\/\/inti.hr\/bs\/wp-json\/wp\/v2\/product_tag?post=33775"}],"curies":[{"name":"wp","href":"https:\/\/api.w.org\/{rel}","templated":true}]}}