{"id":33811,"date":"2022-07-19T08:16:50","date_gmt":"2022-07-19T08:16:50","guid":{"rendered":"https:\/\/inti.hr\/product\/barski-stol-s-okruglom-plocom-od-medijapana-ugostiteljstvo-caffe-bar-kafic-restroran-hotel\/"},"modified":"2022-07-19T08:16:50","modified_gmt":"2022-07-19T08:16:50","slug":"barski-stol-s-okruglom-plocom-od-medijapana-ugostiteljstvo-caffe-bar-kafic-restroran-hotel","status":"publish","type":"product","link":"https:\/\/inti.hr\/bs\/proizvod\/barski-stol-s-okruglom-plocom-od-medijapana-ugostiteljstvo-caffe-bar-kafic-restroran-hotel\/","title":{"rendered":"Barski stol s okruglom plo\u010dom od medijapana"},"content":{"rendered":"<p>Detalji proizvoda:<\/p>\n<ul>\n<li>Materijali: MDF, metal<\/li>\n<li>Dostupne boje: bijela, crna<\/li>\n<li>Promjer plo\u010de stola: 52 cm<\/li>\n<li>Promjer baze: 45 cm<\/li>\n<li>Visina: 69,5-91,5cm<\/li>\n<li>Nosivost: 100 kg (preporu\u010da se postavljanje predmeta blizu sredine plo\u010de stola.)<\/li>\n<li>Te\u017eina: oko 7 kg<\/li>\n<li>Podesiva po visini: Da<\/li>\n<li>Rotiraju\u0107a plo\u010da stola: Da<\/li>\n<\/ul>\n","protected":false},"excerpt":{"rendered":"<ul>\n<li>Izra\u0111ena od visokokvalitetnog MDF-a i dobro obojena, plo\u010da stola je &#8230;<br \/>\n","protected":false},"featured_media":33812,"template":"","meta":[],"product_cat":[2726,2810],"product_tag":[3016,3868,2940,3359],"yoast_head":"<!-- This site is optimized with the Yoast SEO plugin v23.7 - https:\/\/yoast.com\/wordpress\/plugins\/seo\/ -->\n<title>Barski stol s okruglom plo\u010dom od medijapana - Inti<\/title>\n<meta name=\"description\" content=\"Izra\u0111ena od visokokvalitetnog MDF-a i dobro obojena, plo\u010da stola je glatka, vodootporna i otporna na ogrebotine. Lako ih mo\u017eete o\u010distiti vla\u017enom krpom. Visinu kuhinjskog stola mo\u017eete podesiti izme\u0111u 69,5-91,5 cm prema potrebi, tako da se mo\u017ee fleksibilno koristiti u svakoj prostoriji. Zahvaljuju\u0107i \u0161irokoj i \u010dvrstoj metalnoj bazi, okrugli stol je \u010dvrst i stabilan, siguran i pouzdan. Ispod baze nalazi se gumeni prsten koji barski stol \u010dini neklizaju\u0107im, stabilnim i lakim za pod. Regal i blagovaonski stol u kuhinji, pomo\u0107ni stoli\u0107 u dnevnoj sobi, pomo\u0107ni stoli\u0107 u hodniku, izlo\u017ebeni stol u uredu za nagrade.\" \/>\n<meta name=\"robots\" content=\"index, follow, max-snippet:-1, max-image-preview:large, max-video-preview:-1\" \/>\n<link rel=\"canonical\" href=\"https:\/\/inti.hr\/bs\/proizvod\/barski-stol-s-okruglom-plocom-od-medijapana-ugostiteljstvo-caffe-bar-kafic-restroran-hotel\/\" \/>\n<meta property=\"og:locale\" content=\"bs_BA\" \/>\n<meta property=\"og:type\" content=\"article\" \/>\n<meta property=\"og:title\" content=\"Barski stol s okruglom plo\u010dom od medijapana - Inti\" \/>\n<meta property=\"og:description\" content=\"Izra\u0111ena od visokokvalitetnog MDF-a i dobro obojena, plo\u010da stola je glatka, vodootporna i otporna na ogrebotine. Lako ih mo\u017eete o\u010distiti vla\u017enom krpom. Visinu kuhinjskog stola mo\u017eete podesiti izme\u0111u 69,5-91,5 cm prema potrebi, tako da se mo\u017ee fleksibilno koristiti u svakoj prostoriji. Zahvaljuju\u0107i \u0161irokoj i \u010dvrstoj metalnoj bazi, okrugli stol je \u010dvrst i stabilan, siguran i pouzdan. Ispod baze nalazi se gumeni prsten koji barski stol \u010dini neklizaju\u0107im, stabilnim i lakim za pod. Regal i blagovaonski stol u kuhinji, pomo\u0107ni stoli\u0107 u dnevnoj sobi, pomo\u0107ni stoli\u0107 u hodniku, izlo\u017ebeni stol u uredu za nagrade.\" \/>\n<meta property=\"og:url\" content=\"https:\/\/inti.hr\/bs\/proizvod\/barski-stol-s-okruglom-plocom-od-medijapana-ugostiteljstvo-caffe-bar-kafic-restroran-hotel\/\" \/>\n<meta property=\"og:site_name\" content=\"Inti\" \/>\n<meta property=\"og:image\" content=\"https:\/\/i0.wp.com\/inti.hr\/wp-content\/uploads\/2022\/07\/Bartisch-mit-runder-Tischplatte-hoehenverstellbar-aus-MDF-Metall-BT35sz-schwarz6.jpg?fit=1280%2C1280&ssl=1\" \/>\n\t<meta property=\"og:image:width\" content=\"1280\" \/>\n\t<meta property=\"og:image:height\" content=\"1280\" \/>\n\t<meta property=\"og:image:type\" content=\"image\/jpeg\" \/>\n<meta name=\"twitter:card\" content=\"summary_large_image\" \/>\n<script type=\"application\/ld+json\" class=\"yoast-schema-graph\">{\"@context\":\"https:\/\/schema.org\",\"@graph\":[{\"@type\":\"WebPage\",\"@id\":\"https:\/\/inti.hr\/bs\/proizvod\/barski-stol-s-okruglom-plocom-od-medijapana-ugostiteljstvo-caffe-bar-kafic-restroran-hotel\/\",\"url\":\"https:\/\/inti.hr\/bs\/proizvod\/barski-stol-s-okruglom-plocom-od-medijapana-ugostiteljstvo-caffe-bar-kafic-restroran-hotel\/\",\"name\":\"Barski stol s okruglom plo\u010dom od medijapana - Inti\",\"isPartOf\":{\"@id\":\"https:\/\/inti.hr\/bs\/#website\"},\"primaryImageOfPage\":{\"@id\":\"https:\/\/inti.hr\/bs\/proizvod\/barski-stol-s-okruglom-plocom-od-medijapana-ugostiteljstvo-caffe-bar-kafic-restroran-hotel\/#primaryimage\"},\"image\":{\"@id\":\"https:\/\/inti.hr\/bs\/proizvod\/barski-stol-s-okruglom-plocom-od-medijapana-ugostiteljstvo-caffe-bar-kafic-restroran-hotel\/#primaryimage\"},\"thumbnailUrl\":\"https:\/\/i0.wp.com\/inti.hr\/wp-content\/uploads\/2022\/07\/Bartisch-mit-runder-Tischplatte-hoehenverstellbar-aus-MDF-Metall-BT35sz-schwarz6.jpg?fit=1280%2C1280&ssl=1\",\"datePublished\":\"2022-07-19T08:16:50+00:00\",\"dateModified\":\"2022-07-19T08:16:50+00:00\",\"description\":\"Izra\u0111ena od visokokvalitetnog MDF-a i dobro obojena, plo\u010da stola je glatka, vodootporna i otporna na ogrebotine. Lako ih mo\u017eete o\u010distiti vla\u017enom krpom. Visinu kuhinjskog stola mo\u017eete podesiti izme\u0111u 69,5-91,5 cm prema potrebi, tako da se mo\u017ee fleksibilno koristiti u svakoj prostoriji. Zahvaljuju\u0107i \u0161irokoj i \u010dvrstoj metalnoj bazi, okrugli stol je \u010dvrst i stabilan, siguran i pouzdan. Ispod baze nalazi se gumeni prsten koji barski stol \u010dini neklizaju\u0107im, stabilnim i lakim za pod. Regal i blagovaonski stol u kuhinji, pomo\u0107ni stoli\u0107 u dnevnoj sobi, pomo\u0107ni stoli\u0107 u hodniku, izlo\u017ebeni stol u uredu za nagrade.\",\"breadcrumb\":{\"@id\":\"https:\/\/inti.hr\/bs\/proizvod\/barski-stol-s-okruglom-plocom-od-medijapana-ugostiteljstvo-caffe-bar-kafic-restroran-hotel\/#breadcrumb\"},\"inLanguage\":\"bs-BA\",\"potentialAction\":[{\"@type\":\"ReadAction\",\"target\":[\"https:\/\/inti.hr\/bs\/proizvod\/barski-stol-s-okruglom-plocom-od-medijapana-ugostiteljstvo-caffe-bar-kafic-restroran-hotel\/\"]}]},{\"@type\":\"ImageObject\",\"inLanguage\":\"bs-BA\",\"@id\":\"https:\/\/inti.hr\/bs\/proizvod\/barski-stol-s-okruglom-plocom-od-medijapana-ugostiteljstvo-caffe-bar-kafic-restroran-hotel\/#primaryimage\",\"url\":\"https:\/\/i0.wp.com\/inti.hr\/wp-content\/uploads\/2022\/07\/Bartisch-mit-runder-Tischplatte-hoehenverstellbar-aus-MDF-Metall-BT35sz-schwarz6.jpg?fit=1280%2C1280&ssl=1\",\"contentUrl\":\"https:\/\/i0.wp.com\/inti.hr\/wp-content\/uploads\/2022\/07\/Bartisch-mit-runder-Tischplatte-hoehenverstellbar-aus-MDF-Metall-BT35sz-schwarz6.jpg?fit=1280%2C1280&ssl=1\",\"width\":1280,\"height\":1280},{\"@type\":\"BreadcrumbList\",\"@id\":\"https:\/\/inti.hr\/bs\/proizvod\/barski-stol-s-okruglom-plocom-od-medijapana-ugostiteljstvo-caffe-bar-kafic-restroran-hotel\/#breadcrumb\",\"itemListElement\":[{\"@type\":\"ListItem\",\"position\":1,\"name\":\"Po\u010detna stranica\",\"item\":\"https:\/\/inti.hr\/bs\/\"},{\"@type\":\"ListItem\",\"position\":2,\"name\":\"Trgovina\",\"item\":\"https:\/\/inti.hr\/bs\/trgovina\/\"},{\"@type\":\"ListItem\",\"position\":3,\"name\":\"Barski stol s okruglom plo\u010dom od medijapana\"}]},{\"@type\":\"WebSite\",\"@id\":\"https:\/\/inti.hr\/bs\/#website\",\"url\":\"https:\/\/inti.hr\/bs\/\",\"name\":\"Inti\",\"description\":\"trgovina\",\"potentialAction\":[{\"@type\":\"SearchAction\",\"target\":{\"@type\":\"EntryPoint\",\"urlTemplate\":\"https:\/\/inti.hr\/bs\/?s={search_term_string}\"},\"query-input\":{\"@type\":\"PropertyValueSpecification\",\"valueRequired\":true,\"valueName\":\"search_term_string\"}}],\"inLanguage\":\"bs-BA\"}]}<\/script>\n<!-- \/ Yoast SEO plugin. -->","yoast_head_json":{"title":"Barski stol s okruglom plo\u010dom od medijapana - Inti","description":"Izra\u0111ena od visokokvalitetnog MDF-a i dobro obojena, plo\u010da stola je glatka, vodootporna i otporna na ogrebotine. Lako ih mo\u017eete o\u010distiti vla\u017enom krpom. Visinu kuhinjskog stola mo\u017eete podesiti izme\u0111u 69,5-91,5 cm prema potrebi, tako da se mo\u017ee fleksibilno koristiti u svakoj prostoriji. Zahvaljuju\u0107i \u0161irokoj i \u010dvrstoj metalnoj bazi, okrugli stol je \u010dvrst i stabilan, siguran i pouzdan. Ispod baze nalazi se gumeni prsten koji barski stol \u010dini neklizaju\u0107im, stabilnim i lakim za pod. Regal i blagovaonski stol u kuhinji, pomo\u0107ni stoli\u0107 u dnevnoj sobi, pomo\u0107ni stoli\u0107 u hodniku, izlo\u017ebeni stol u uredu za nagrade.","robots":{"index":"index","follow":"follow","max-snippet":"max-snippet:-1","max-image-preview":"max-image-preview:large","max-video-preview":"max-video-preview:-1"},"canonical":"https:\/\/inti.hr\/bs\/proizvod\/barski-stol-s-okruglom-plocom-od-medijapana-ugostiteljstvo-caffe-bar-kafic-restroran-hotel\/","og_locale":"bs_BA","og_type":"article","og_title":"Barski stol s okruglom plo\u010dom od medijapana - Inti","og_description":"Izra\u0111ena od visokokvalitetnog MDF-a i dobro obojena, plo\u010da stola je glatka, vodootporna i otporna na ogrebotine. Lako ih mo\u017eete o\u010distiti vla\u017enom krpom. Visinu kuhinjskog stola mo\u017eete podesiti izme\u0111u 69,5-91,5 cm prema potrebi, tako da se mo\u017ee fleksibilno koristiti u svakoj prostoriji. Zahvaljuju\u0107i \u0161irokoj i \u010dvrstoj metalnoj bazi, okrugli stol je \u010dvrst i stabilan, siguran i pouzdan. Ispod baze nalazi se gumeni prsten koji barski stol \u010dini neklizaju\u0107im, stabilnim i lakim za pod. Regal i blagovaonski stol u kuhinji, pomo\u0107ni stoli\u0107 u dnevnoj sobi, pomo\u0107ni stoli\u0107 u hodniku, izlo\u017ebeni stol u uredu za nagrade.","og_url":"https:\/\/inti.hr\/bs\/proizvod\/barski-stol-s-okruglom-plocom-od-medijapana-ugostiteljstvo-caffe-bar-kafic-restroran-hotel\/","og_site_name":"Inti","og_image":[{"width":1280,"height":1280,"url":"https:\/\/i0.wp.com\/inti.hr\/wp-content\/uploads\/2022\/07\/Bartisch-mit-runder-Tischplatte-hoehenverstellbar-aus-MDF-Metall-BT35sz-schwarz6.jpg?fit=1280%2C1280&ssl=1","type":"image\/jpeg"}],"twitter_card":"summary_large_image","schema":{"@context":"https:\/\/schema.org","@graph":[{"@type":"WebPage","@id":"https:\/\/inti.hr\/bs\/proizvod\/barski-stol-s-okruglom-plocom-od-medijapana-ugostiteljstvo-caffe-bar-kafic-restroran-hotel\/","url":"https:\/\/inti.hr\/bs\/proizvod\/barski-stol-s-okruglom-plocom-od-medijapana-ugostiteljstvo-caffe-bar-kafic-restroran-hotel\/","name":"Barski stol s okruglom plo\u010dom od medijapana - Inti","isPartOf":{"@id":"https:\/\/inti.hr\/bs\/#website"},"primaryImageOfPage":{"@id":"https:\/\/inti.hr\/bs\/proizvod\/barski-stol-s-okruglom-plocom-od-medijapana-ugostiteljstvo-caffe-bar-kafic-restroran-hotel\/#primaryimage"},"image":{"@id":"https:\/\/inti.hr\/bs\/proizvod\/barski-stol-s-okruglom-plocom-od-medijapana-ugostiteljstvo-caffe-bar-kafic-restroran-hotel\/#primaryimage"},"thumbnailUrl":"https:\/\/i0.wp.com\/inti.hr\/wp-content\/uploads\/2022\/07\/Bartisch-mit-runder-Tischplatte-hoehenverstellbar-aus-MDF-Metall-BT35sz-schwarz6.jpg?fit=1280%2C1280&ssl=1","datePublished":"2022-07-19T08:16:50+00:00","dateModified":"2022-07-19T08:16:50+00:00","description":"Izra\u0111ena od visokokvalitetnog MDF-a i dobro obojena, plo\u010da stola je glatka, vodootporna i otporna na ogrebotine. Lako ih mo\u017eete o\u010distiti vla\u017enom krpom. Visinu kuhinjskog stola mo\u017eete podesiti izme\u0111u 69,5-91,5 cm prema potrebi, tako da se mo\u017ee fleksibilno koristiti u svakoj prostoriji. Zahvaljuju\u0107i \u0161irokoj i \u010dvrstoj metalnoj bazi, okrugli stol je \u010dvrst i stabilan, siguran i pouzdan. Ispod baze nalazi se gumeni prsten koji barski stol \u010dini neklizaju\u0107im, stabilnim i lakim za pod. Regal i blagovaonski stol u kuhinji, pomo\u0107ni stoli\u0107 u dnevnoj sobi, pomo\u0107ni stoli\u0107 u hodniku, izlo\u017ebeni stol u uredu za nagrade.","breadcrumb":{"@id":"https:\/\/inti.hr\/bs\/proizvod\/barski-stol-s-okruglom-plocom-od-medijapana-ugostiteljstvo-caffe-bar-kafic-restroran-hotel\/#breadcrumb"},"inLanguage":"bs-BA","potentialAction":[{"@type":"ReadAction","target":["https:\/\/inti.hr\/bs\/proizvod\/barski-stol-s-okruglom-plocom-od-medijapana-ugostiteljstvo-caffe-bar-kafic-restroran-hotel\/"]}]},{"@type":"ImageObject","inLanguage":"bs-BA","@id":"https:\/\/inti.hr\/bs\/proizvod\/barski-stol-s-okruglom-plocom-od-medijapana-ugostiteljstvo-caffe-bar-kafic-restroran-hotel\/#primaryimage","url":"https:\/\/i0.wp.com\/inti.hr\/wp-content\/uploads\/2022\/07\/Bartisch-mit-runder-Tischplatte-hoehenverstellbar-aus-MDF-Metall-BT35sz-schwarz6.jpg?fit=1280%2C1280&ssl=1","contentUrl":"https:\/\/i0.wp.com\/inti.hr\/wp-content\/uploads\/2022\/07\/Bartisch-mit-runder-Tischplatte-hoehenverstellbar-aus-MDF-Metall-BT35sz-schwarz6.jpg?fit=1280%2C1280&ssl=1","width":1280,"height":1280},{"@type":"BreadcrumbList","@id":"https:\/\/inti.hr\/bs\/proizvod\/barski-stol-s-okruglom-plocom-od-medijapana-ugostiteljstvo-caffe-bar-kafic-restroran-hotel\/#breadcrumb","itemListElement":[{"@type":"ListItem","position":1,"name":"Po\u010detna stranica","item":"https:\/\/inti.hr\/bs\/"},{"@type":"ListItem","position":2,"name":"Trgovina","item":"https:\/\/inti.hr\/bs\/trgovina\/"},{"@type":"ListItem","position":3,"name":"Barski stol s okruglom plo\u010dom od medijapana"}]},{"@type":"WebSite","@id":"https:\/\/inti.hr\/bs\/#website","url":"https:\/\/inti.hr\/bs\/","name":"Inti","description":"trgovina","potentialAction":[{"@type":"SearchAction","target":{"@type":"EntryPoint","urlTemplate":"https:\/\/inti.hr\/bs\/?s={search_term_string}"},"query-input":{"@type":"PropertyValueSpecification","valueRequired":true,"valueName":"search_term_string"}}],"inLanguage":"bs-BA"}]}},"jetpack_sharing_enabled":true,"jetpack-related-posts":[],"_links":{"self":[{"href":"https:\/\/inti.hr\/bs\/wp-json\/wp\/v2\/product\/33811"}],"collection":[{"href":"https:\/\/inti.hr\/bs\/wp-json\/wp\/v2\/product"}],"about":[{"href":"https:\/\/inti.hr\/bs\/wp-json\/wp\/v2\/types\/product"}],"wp:featuredmedia":[{"embeddable":true,"href":"https:\/\/inti.hr\/bs\/wp-json\/wp\/v2\/media\/33812"}],"wp:attachment":[{"href":"https:\/\/inti.hr\/bs\/wp-json\/wp\/v2\/media?parent=33811"}],"wp:term":[{"taxonomy":"product_cat","embeddable":true,"href":"https:\/\/inti.hr\/bs\/wp-json\/wp\/v2\/product_cat?post=33811"},{"taxonomy":"product_tag","embeddable":true,"href":"https:\/\/inti.hr\/bs\/wp-json\/wp\/v2\/product_tag?post=33811"}],"curies":[{"name":"wp","href":"https:\/\/api.w.org\/{rel}","templated":true}]}}