{"id":33819,"date":"2022-06-08T14:49:25","date_gmt":"2022-06-08T14:49:25","guid":{"rendered":"https:\/\/inti.hr\/product\/sup-daska-za-veslanje-do-100-kg-orange\/"},"modified":"2022-06-08T14:49:25","modified_gmt":"2022-06-08T14:49:25","slug":"sup-daska-za-veslanje-do-100-kg-orange","status":"publish","type":"product","link":"https:\/\/inti.hr\/bs\/proizvod\/sup-daska-za-veslanje-do-100-kg-orange\/","title":{"rendered":"SUP daska za veslanje do 100 kg orange"},"content":{"rendered":"<p><b>Detalji o proizvodu:<\/b><\/p>\n<p>&#8211; S posebnim visokotla\u010dnim vij\u010danim ventilom za jednostavno i brzo napuhavanje i ispuhivanje<br \/>\n&#8211; Dvije unaprijed sastavljene i jedna odvojiva peraja koja izdr\u017eavaju pritisak pri veslanju<br \/>\n&#8211; S torbom za no\u0161enje za brz i jednostavan transport<br \/>\n&#8211; Uklju\u010duje zra\u010dnu pumpu za jednostavno napuhavanje<br \/>\n&#8211; Visoko stabilnost za stabilno dr\u017eanje prilikom veslanja Manevriranje ili promjena smjera<br \/>\n&#8211; Prikladno za jednu odraslu osobu<br \/>\n&#8211; Veslo je podesivo po du\u017eini<br \/>\n&#8211; Te\u017eina: 10 kg<br \/>\n&#8211; Maksimalna nosivost: Do 100 kg<br \/>\n&#8211; Maksimalni tlak zraka: 15 psi \/ 1 Bar<\/p>\n<p><b>Dimenzije (Dx\u0160xV):<\/b><\/p>\n<p>305x71x10 cm<\/p>\n<p><b>Boja:<\/b><\/p>\n<p>Naran\u010dasta s uzorkom<\/p>\n<p><b>Opseg isporuke:<\/b><\/p>\n<p>&#8211; Daska za veslanje na napuhavanje<br \/>\n&#8211; Ruksak<br \/>\n&#8211; Aluminijsko veslo (podesiva duljina)<br \/>\n&#8211; Ru\u010dna pumpa<br \/>\n&#8211; Povodac<br \/>\n&#8211; Odvojiva peraja<br \/>\n&#8211; Komplet za popravak<\/p>\n","protected":false},"excerpt":{"rendered":"<p>SUP daska za surfanje savr\u0161ena je za po\u010detnike, rekreativce i vo\u017enju &#8230; <\/p>\n","protected":false},"featured_media":33820,"template":"","meta":[],"product_cat":[2389],"product_tag":[3874,3875],"yoast_head":"<!-- This site is optimized with the Yoast SEO plugin v23.7 - https:\/\/yoast.com\/wordpress\/plugins\/seo\/ -->\n<title>SUP daska za veslanje do 100 kg orange - Inti<\/title>\n<meta name=\"description\" content=\"SUP daska za surfanje savr\u0161ena je za po\u010detnike, rekreativce i vo\u017enju na malim valovima.\" \/>\n<meta name=\"robots\" content=\"index, follow, max-snippet:-1, max-image-preview:large, max-video-preview:-1\" \/>\n<link rel=\"canonical\" href=\"https:\/\/inti.hr\/bs\/proizvod\/sup-daska-za-veslanje-do-100-kg-orange\/\" \/>\n<meta property=\"og:locale\" content=\"bs_BA\" \/>\n<meta property=\"og:type\" content=\"article\" \/>\n<meta property=\"og:title\" content=\"SUP daska za veslanje do 100 kg orange - Inti\" \/>\n<meta property=\"og:description\" content=\"SUP daska za surfanje savr\u0161ena je za po\u010detnike, rekreativce i vo\u017enju na malim valovima.\" \/>\n<meta property=\"og:url\" content=\"https:\/\/inti.hr\/bs\/proizvod\/sup-daska-za-veslanje-do-100-kg-orange\/\" \/>\n<meta property=\"og:site_name\" content=\"Inti\" \/>\n<meta property=\"og:image\" content=\"https:\/\/i0.wp.com\/inti.hr\/wp-content\/uploads\/2022\/06\/fd324976eda166576446e506b68ad46a.jpg?fit=2000%2C2000&ssl=1\" \/>\n\t<meta property=\"og:image:width\" content=\"2000\" \/>\n\t<meta property=\"og:image:height\" content=\"2000\" \/>\n\t<meta property=\"og:image:type\" content=\"image\/jpeg\" \/>\n<meta name=\"twitter:card\" content=\"summary_large_image\" \/>\n<meta name=\"twitter:label1\" content=\"Est. reading time\" \/>\n\t<meta name=\"twitter:data1\" content=\"1 minuta\" \/>\n<script type=\"application\/ld+json\" class=\"yoast-schema-graph\">{\"@context\":\"https:\/\/schema.org\",\"@graph\":[{\"@type\":\"WebPage\",\"@id\":\"https:\/\/inti.hr\/bs\/proizvod\/sup-daska-za-veslanje-do-100-kg-orange\/\",\"url\":\"https:\/\/inti.hr\/bs\/proizvod\/sup-daska-za-veslanje-do-100-kg-orange\/\",\"name\":\"SUP daska za veslanje do 100 kg orange - Inti\",\"isPartOf\":{\"@id\":\"https:\/\/inti.hr\/bs\/#website\"},\"primaryImageOfPage\":{\"@id\":\"https:\/\/inti.hr\/bs\/proizvod\/sup-daska-za-veslanje-do-100-kg-orange\/#primaryimage\"},\"image\":{\"@id\":\"https:\/\/inti.hr\/bs\/proizvod\/sup-daska-za-veslanje-do-100-kg-orange\/#primaryimage\"},\"thumbnailUrl\":\"https:\/\/i0.wp.com\/inti.hr\/wp-content\/uploads\/2022\/06\/fd324976eda166576446e506b68ad46a.jpg?fit=2000%2C2000&ssl=1\",\"datePublished\":\"2022-06-08T14:49:25+00:00\",\"dateModified\":\"2022-06-08T14:49:25+00:00\",\"description\":\"SUP daska za surfanje savr\u0161ena je za po\u010detnike, rekreativce i vo\u017enju na malim valovima.\",\"breadcrumb\":{\"@id\":\"https:\/\/inti.hr\/bs\/proizvod\/sup-daska-za-veslanje-do-100-kg-orange\/#breadcrumb\"},\"inLanguage\":\"bs-BA\",\"potentialAction\":[{\"@type\":\"ReadAction\",\"target\":[\"https:\/\/inti.hr\/bs\/proizvod\/sup-daska-za-veslanje-do-100-kg-orange\/\"]}]},{\"@type\":\"ImageObject\",\"inLanguage\":\"bs-BA\",\"@id\":\"https:\/\/inti.hr\/bs\/proizvod\/sup-daska-za-veslanje-do-100-kg-orange\/#primaryimage\",\"url\":\"https:\/\/i0.wp.com\/inti.hr\/wp-content\/uploads\/2022\/06\/fd324976eda166576446e506b68ad46a.jpg?fit=2000%2C2000&ssl=1\",\"contentUrl\":\"https:\/\/i0.wp.com\/inti.hr\/wp-content\/uploads\/2022\/06\/fd324976eda166576446e506b68ad46a.jpg?fit=2000%2C2000&ssl=1\",\"width\":2000,\"height\":2000},{\"@type\":\"BreadcrumbList\",\"@id\":\"https:\/\/inti.hr\/bs\/proizvod\/sup-daska-za-veslanje-do-100-kg-orange\/#breadcrumb\",\"itemListElement\":[{\"@type\":\"ListItem\",\"position\":1,\"name\":\"Po\u010detna stranica\",\"item\":\"https:\/\/inti.hr\/bs\/\"},{\"@type\":\"ListItem\",\"position\":2,\"name\":\"Trgovina\",\"item\":\"https:\/\/inti.hr\/bs\/trgovina\/\"},{\"@type\":\"ListItem\",\"position\":3,\"name\":\"SUP daska za veslanje do 100 kg orange\"}]},{\"@type\":\"WebSite\",\"@id\":\"https:\/\/inti.hr\/bs\/#website\",\"url\":\"https:\/\/inti.hr\/bs\/\",\"name\":\"Inti\",\"description\":\"trgovina\",\"potentialAction\":[{\"@type\":\"SearchAction\",\"target\":{\"@type\":\"EntryPoint\",\"urlTemplate\":\"https:\/\/inti.hr\/bs\/?s={search_term_string}\"},\"query-input\":{\"@type\":\"PropertyValueSpecification\",\"valueRequired\":true,\"valueName\":\"search_term_string\"}}],\"inLanguage\":\"bs-BA\"}]}<\/script>\n<!-- \/ Yoast SEO plugin. -->","yoast_head_json":{"title":"SUP daska za veslanje do 100 kg orange - Inti","description":"SUP daska za surfanje savr\u0161ena je za po\u010detnike, rekreativce i vo\u017enju na malim valovima.","robots":{"index":"index","follow":"follow","max-snippet":"max-snippet:-1","max-image-preview":"max-image-preview:large","max-video-preview":"max-video-preview:-1"},"canonical":"https:\/\/inti.hr\/bs\/proizvod\/sup-daska-za-veslanje-do-100-kg-orange\/","og_locale":"bs_BA","og_type":"article","og_title":"SUP daska za veslanje do 100 kg orange - Inti","og_description":"SUP daska za surfanje savr\u0161ena je za po\u010detnike, rekreativce i vo\u017enju na malim valovima.","og_url":"https:\/\/inti.hr\/bs\/proizvod\/sup-daska-za-veslanje-do-100-kg-orange\/","og_site_name":"Inti","og_image":[{"width":2000,"height":2000,"url":"https:\/\/i0.wp.com\/inti.hr\/wp-content\/uploads\/2022\/06\/fd324976eda166576446e506b68ad46a.jpg?fit=2000%2C2000&ssl=1","type":"image\/jpeg"}],"twitter_card":"summary_large_image","twitter_misc":{"Est. reading time":"1 minuta"},"schema":{"@context":"https:\/\/schema.org","@graph":[{"@type":"WebPage","@id":"https:\/\/inti.hr\/bs\/proizvod\/sup-daska-za-veslanje-do-100-kg-orange\/","url":"https:\/\/inti.hr\/bs\/proizvod\/sup-daska-za-veslanje-do-100-kg-orange\/","name":"SUP daska za veslanje do 100 kg orange - Inti","isPartOf":{"@id":"https:\/\/inti.hr\/bs\/#website"},"primaryImageOfPage":{"@id":"https:\/\/inti.hr\/bs\/proizvod\/sup-daska-za-veslanje-do-100-kg-orange\/#primaryimage"},"image":{"@id":"https:\/\/inti.hr\/bs\/proizvod\/sup-daska-za-veslanje-do-100-kg-orange\/#primaryimage"},"thumbnailUrl":"https:\/\/i0.wp.com\/inti.hr\/wp-content\/uploads\/2022\/06\/fd324976eda166576446e506b68ad46a.jpg?fit=2000%2C2000&ssl=1","datePublished":"2022-06-08T14:49:25+00:00","dateModified":"2022-06-08T14:49:25+00:00","description":"SUP daska za surfanje savr\u0161ena je za po\u010detnike, rekreativce i vo\u017enju na malim valovima.","breadcrumb":{"@id":"https:\/\/inti.hr\/bs\/proizvod\/sup-daska-za-veslanje-do-100-kg-orange\/#breadcrumb"},"inLanguage":"bs-BA","potentialAction":[{"@type":"ReadAction","target":["https:\/\/inti.hr\/bs\/proizvod\/sup-daska-za-veslanje-do-100-kg-orange\/"]}]},{"@type":"ImageObject","inLanguage":"bs-BA","@id":"https:\/\/inti.hr\/bs\/proizvod\/sup-daska-za-veslanje-do-100-kg-orange\/#primaryimage","url":"https:\/\/i0.wp.com\/inti.hr\/wp-content\/uploads\/2022\/06\/fd324976eda166576446e506b68ad46a.jpg?fit=2000%2C2000&ssl=1","contentUrl":"https:\/\/i0.wp.com\/inti.hr\/wp-content\/uploads\/2022\/06\/fd324976eda166576446e506b68ad46a.jpg?fit=2000%2C2000&ssl=1","width":2000,"height":2000},{"@type":"BreadcrumbList","@id":"https:\/\/inti.hr\/bs\/proizvod\/sup-daska-za-veslanje-do-100-kg-orange\/#breadcrumb","itemListElement":[{"@type":"ListItem","position":1,"name":"Po\u010detna stranica","item":"https:\/\/inti.hr\/bs\/"},{"@type":"ListItem","position":2,"name":"Trgovina","item":"https:\/\/inti.hr\/bs\/trgovina\/"},{"@type":"ListItem","position":3,"name":"SUP daska za veslanje do 100 kg orange"}]},{"@type":"WebSite","@id":"https:\/\/inti.hr\/bs\/#website","url":"https:\/\/inti.hr\/bs\/","name":"Inti","description":"trgovina","potentialAction":[{"@type":"SearchAction","target":{"@type":"EntryPoint","urlTemplate":"https:\/\/inti.hr\/bs\/?s={search_term_string}"},"query-input":{"@type":"PropertyValueSpecification","valueRequired":true,"valueName":"search_term_string"}}],"inLanguage":"bs-BA"}]}},"jetpack_sharing_enabled":true,"jetpack-related-posts":[],"_links":{"self":[{"href":"https:\/\/inti.hr\/bs\/wp-json\/wp\/v2\/product\/33819"}],"collection":[{"href":"https:\/\/inti.hr\/bs\/wp-json\/wp\/v2\/product"}],"about":[{"href":"https:\/\/inti.hr\/bs\/wp-json\/wp\/v2\/types\/product"}],"wp:featuredmedia":[{"embeddable":true,"href":"https:\/\/inti.hr\/bs\/wp-json\/wp\/v2\/media\/33820"}],"wp:attachment":[{"href":"https:\/\/inti.hr\/bs\/wp-json\/wp\/v2\/media?parent=33819"}],"wp:term":[{"taxonomy":"product_cat","embeddable":true,"href":"https:\/\/inti.hr\/bs\/wp-json\/wp\/v2\/product_cat?post=33819"},{"taxonomy":"product_tag","embeddable":true,"href":"https:\/\/inti.hr\/bs\/wp-json\/wp\/v2\/product_tag?post=33819"}],"curies":[{"name":"wp","href":"https:\/\/api.w.org\/{rel}","templated":true}]}}