{"id":33845,"date":"2022-06-08T09:19:06","date_gmt":"2022-06-08T09:19:06","guid":{"rendered":"https:\/\/inti.hr\/product\/set-mreza-za-badminton-crna\/"},"modified":"2022-06-08T09:19:06","modified_gmt":"2022-06-08T09:19:06","slug":"set-mreza-za-badminton-crna","status":"publish","type":"product","link":"https:\/\/inti.hr\/bs\/proizvod\/set-mreza-za-badminton-crna\/","title":{"rendered":"Set mre\u017ea za badminton crna"},"content":{"rendered":"<p><b>Detalji o proizvodu:<\/b><\/p>\n<p>Boja: crna<\/p>\n<p>Materijal: \u017eeljezne \u0161ipke, PE (polietilenska) mre\u017ea, oksfordska tkanina<\/p>\n<p>Veli\u010dina: 500 x 103 x 155 cm (D x \u0160 x V)<\/p>\n<p>Promjer \u017eeljeznih \u0161ipki: 19 mm<\/p>\n<p>Te\u017eina: 4,8 kg<\/p>\n<p>U setu dolazi 5 m mre\u017eu za badminton, 2 rukohvata, 4 kolca za tlo, torbu za no\u0161enje i profesionalnu slu\u017ebu za korisnike.<\/p>\n","protected":false},"excerpt":{"rendered":"<p>Ova mre\u017ea se mo\u017ee podesiti na 3 razli\u010dite visine, 107, 120 &#8230; <\/p>\n","protected":false},"featured_media":33846,"template":"","meta":[],"product_cat":[2482],"product_tag":[3896,3897,3898],"yoast_head":"<!-- This site is optimized with the Yoast SEO plugin v23.7 - https:\/\/yoast.com\/wordpress\/plugins\/seo\/ -->\n<title>Set mre\u017ea za badminton crna - Inti<\/title>\n<meta name=\"description\" content=\"Ova mre\u017ea se mo\u017ee podesiti na 3 razli\u010dite visine, 107, 120 i 155 cm.\u00a0Jednostavno upotrijebite oznake na \u0161ipkama i ponovno se mo\u017eete koncentrirati na svoju igru. Kroz sve \u0161ipke okvira prolazi elasti\u010dna gumica koja povezuje sve dijelove i omogu\u0107uje jednostavnu monta\u017eu.\u00a0Kada nije u upotrebi, mre\u017eu mo\u017eete jednostavno pospremiti u prilo\u017eenu transportnu torbu.\u00a0 Kako biste \u0161to \u010de\u0161\u0107e posegnuli za badmintonom i reketom, ova sportska oprema sastoji se od stabilnih \u017eeljeznih \u0161ipki i mre\u017ee s uskim mre\u017eama.\u00a0Pre\u010dka pru\u017ea dodatnu stabilnost i osigurava da mre\u017ea ostane napeta.\" \/>\n<meta name=\"robots\" content=\"index, follow, max-snippet:-1, max-image-preview:large, max-video-preview:-1\" \/>\n<link rel=\"canonical\" href=\"https:\/\/inti.hr\/bs\/proizvod\/set-mreza-za-badminton-crna\/\" \/>\n<meta property=\"og:locale\" content=\"bs_BA\" \/>\n<meta property=\"og:type\" content=\"article\" \/>\n<meta property=\"og:title\" content=\"Set mre\u017ea za badminton crna - Inti\" \/>\n<meta property=\"og:description\" content=\"Ova mre\u017ea se mo\u017ee podesiti na 3 razli\u010dite visine, 107, 120 i 155 cm.\u00a0Jednostavno upotrijebite oznake na \u0161ipkama i ponovno se mo\u017eete koncentrirati na svoju igru. Kroz sve \u0161ipke okvira prolazi elasti\u010dna gumica koja povezuje sve dijelove i omogu\u0107uje jednostavnu monta\u017eu.\u00a0Kada nije u upotrebi, mre\u017eu mo\u017eete jednostavno pospremiti u prilo\u017eenu transportnu torbu.\u00a0 Kako biste \u0161to \u010de\u0161\u0107e posegnuli za badmintonom i reketom, ova sportska oprema sastoji se od stabilnih \u017eeljeznih \u0161ipki i mre\u017ee s uskim mre\u017eama.\u00a0Pre\u010dka pru\u017ea dodatnu stabilnost i osigurava da mre\u017ea ostane napeta.\" \/>\n<meta property=\"og:url\" content=\"https:\/\/inti.hr\/bs\/proizvod\/set-mreza-za-badminton-crna\/\" \/>\n<meta property=\"og:site_name\" content=\"Inti\" \/>\n<meta property=\"og:image\" content=\"https:\/\/i0.wp.com\/inti.hr\/wp-content\/uploads\/2022\/06\/71wUlN8xMjL._AC_SL1500_.jpg?fit=1500%2C1163&ssl=1\" \/>\n\t<meta property=\"og:image:width\" content=\"1500\" \/>\n\t<meta property=\"og:image:height\" content=\"1163\" \/>\n\t<meta property=\"og:image:type\" content=\"image\/jpeg\" \/>\n<meta name=\"twitter:card\" content=\"summary_large_image\" \/>\n<script type=\"application\/ld+json\" class=\"yoast-schema-graph\">{\"@context\":\"https:\/\/schema.org\",\"@graph\":[{\"@type\":\"WebPage\",\"@id\":\"https:\/\/inti.hr\/bs\/proizvod\/set-mreza-za-badminton-crna\/\",\"url\":\"https:\/\/inti.hr\/bs\/proizvod\/set-mreza-za-badminton-crna\/\",\"name\":\"Set mre\u017ea za badminton crna - Inti\",\"isPartOf\":{\"@id\":\"https:\/\/inti.hr\/bs\/#website\"},\"primaryImageOfPage\":{\"@id\":\"https:\/\/inti.hr\/bs\/proizvod\/set-mreza-za-badminton-crna\/#primaryimage\"},\"image\":{\"@id\":\"https:\/\/inti.hr\/bs\/proizvod\/set-mreza-za-badminton-crna\/#primaryimage\"},\"thumbnailUrl\":\"https:\/\/i0.wp.com\/inti.hr\/wp-content\/uploads\/2022\/06\/71wUlN8xMjL._AC_SL1500_.jpg?fit=1500%2C1163&ssl=1\",\"datePublished\":\"2022-06-08T09:19:06+00:00\",\"dateModified\":\"2022-06-08T09:19:06+00:00\",\"description\":\"Ova mre\u017ea se mo\u017ee podesiti na 3 razli\u010dite visine, 107, 120 i 155 cm.\u00a0Jednostavno upotrijebite oznake na \u0161ipkama i ponovno se mo\u017eete koncentrirati na svoju igru. Kroz sve \u0161ipke okvira prolazi elasti\u010dna gumica koja povezuje sve dijelove i omogu\u0107uje jednostavnu monta\u017eu.\u00a0Kada nije u upotrebi, mre\u017eu mo\u017eete jednostavno pospremiti u prilo\u017eenu transportnu torbu.\u00a0 Kako biste \u0161to \u010de\u0161\u0107e posegnuli za badmintonom i reketom, ova sportska oprema sastoji se od stabilnih \u017eeljeznih \u0161ipki i mre\u017ee s uskim mre\u017eama.\u00a0Pre\u010dka pru\u017ea dodatnu stabilnost i osigurava da mre\u017ea ostane napeta.\",\"breadcrumb\":{\"@id\":\"https:\/\/inti.hr\/bs\/proizvod\/set-mreza-za-badminton-crna\/#breadcrumb\"},\"inLanguage\":\"bs-BA\",\"potentialAction\":[{\"@type\":\"ReadAction\",\"target\":[\"https:\/\/inti.hr\/bs\/proizvod\/set-mreza-za-badminton-crna\/\"]}]},{\"@type\":\"ImageObject\",\"inLanguage\":\"bs-BA\",\"@id\":\"https:\/\/inti.hr\/bs\/proizvod\/set-mreza-za-badminton-crna\/#primaryimage\",\"url\":\"https:\/\/i0.wp.com\/inti.hr\/wp-content\/uploads\/2022\/06\/71wUlN8xMjL._AC_SL1500_.jpg?fit=1500%2C1163&ssl=1\",\"contentUrl\":\"https:\/\/i0.wp.com\/inti.hr\/wp-content\/uploads\/2022\/06\/71wUlN8xMjL._AC_SL1500_.jpg?fit=1500%2C1163&ssl=1\",\"width\":1500,\"height\":1163},{\"@type\":\"BreadcrumbList\",\"@id\":\"https:\/\/inti.hr\/bs\/proizvod\/set-mreza-za-badminton-crna\/#breadcrumb\",\"itemListElement\":[{\"@type\":\"ListItem\",\"position\":1,\"name\":\"Po\u010detna stranica\",\"item\":\"https:\/\/inti.hr\/bs\/\"},{\"@type\":\"ListItem\",\"position\":2,\"name\":\"Trgovina\",\"item\":\"https:\/\/inti.hr\/bs\/trgovina\/\"},{\"@type\":\"ListItem\",\"position\":3,\"name\":\"Set mre\u017ea za badminton crna\"}]},{\"@type\":\"WebSite\",\"@id\":\"https:\/\/inti.hr\/bs\/#website\",\"url\":\"https:\/\/inti.hr\/bs\/\",\"name\":\"Inti\",\"description\":\"trgovina\",\"potentialAction\":[{\"@type\":\"SearchAction\",\"target\":{\"@type\":\"EntryPoint\",\"urlTemplate\":\"https:\/\/inti.hr\/bs\/?s={search_term_string}\"},\"query-input\":{\"@type\":\"PropertyValueSpecification\",\"valueRequired\":true,\"valueName\":\"search_term_string\"}}],\"inLanguage\":\"bs-BA\"}]}<\/script>\n<!-- \/ Yoast SEO plugin. -->","yoast_head_json":{"title":"Set mre\u017ea za badminton crna - Inti","description":"Ova mre\u017ea se mo\u017ee podesiti na 3 razli\u010dite visine, 107, 120 i 155 cm.\u00a0Jednostavno upotrijebite oznake na \u0161ipkama i ponovno se mo\u017eete koncentrirati na svoju igru. Kroz sve \u0161ipke okvira prolazi elasti\u010dna gumica koja povezuje sve dijelove i omogu\u0107uje jednostavnu monta\u017eu.\u00a0Kada nije u upotrebi, mre\u017eu mo\u017eete jednostavno pospremiti u prilo\u017eenu transportnu torbu.\u00a0 Kako biste \u0161to \u010de\u0161\u0107e posegnuli za badmintonom i reketom, ova sportska oprema sastoji se od stabilnih \u017eeljeznih \u0161ipki i mre\u017ee s uskim mre\u017eama.\u00a0Pre\u010dka pru\u017ea dodatnu stabilnost i osigurava da mre\u017ea ostane napeta.","robots":{"index":"index","follow":"follow","max-snippet":"max-snippet:-1","max-image-preview":"max-image-preview:large","max-video-preview":"max-video-preview:-1"},"canonical":"https:\/\/inti.hr\/bs\/proizvod\/set-mreza-za-badminton-crna\/","og_locale":"bs_BA","og_type":"article","og_title":"Set mre\u017ea za badminton crna - Inti","og_description":"Ova mre\u017ea se mo\u017ee podesiti na 3 razli\u010dite visine, 107, 120 i 155 cm.\u00a0Jednostavno upotrijebite oznake na \u0161ipkama i ponovno se mo\u017eete koncentrirati na svoju igru. Kroz sve \u0161ipke okvira prolazi elasti\u010dna gumica koja povezuje sve dijelove i omogu\u0107uje jednostavnu monta\u017eu.\u00a0Kada nije u upotrebi, mre\u017eu mo\u017eete jednostavno pospremiti u prilo\u017eenu transportnu torbu.\u00a0 Kako biste \u0161to \u010de\u0161\u0107e posegnuli za badmintonom i reketom, ova sportska oprema sastoji se od stabilnih \u017eeljeznih \u0161ipki i mre\u017ee s uskim mre\u017eama.\u00a0Pre\u010dka pru\u017ea dodatnu stabilnost i osigurava da mre\u017ea ostane napeta.","og_url":"https:\/\/inti.hr\/bs\/proizvod\/set-mreza-za-badminton-crna\/","og_site_name":"Inti","og_image":[{"width":1500,"height":1163,"url":"https:\/\/i0.wp.com\/inti.hr\/wp-content\/uploads\/2022\/06\/71wUlN8xMjL._AC_SL1500_.jpg?fit=1500%2C1163&ssl=1","type":"image\/jpeg"}],"twitter_card":"summary_large_image","schema":{"@context":"https:\/\/schema.org","@graph":[{"@type":"WebPage","@id":"https:\/\/inti.hr\/bs\/proizvod\/set-mreza-za-badminton-crna\/","url":"https:\/\/inti.hr\/bs\/proizvod\/set-mreza-za-badminton-crna\/","name":"Set mre\u017ea za badminton crna - Inti","isPartOf":{"@id":"https:\/\/inti.hr\/bs\/#website"},"primaryImageOfPage":{"@id":"https:\/\/inti.hr\/bs\/proizvod\/set-mreza-za-badminton-crna\/#primaryimage"},"image":{"@id":"https:\/\/inti.hr\/bs\/proizvod\/set-mreza-za-badminton-crna\/#primaryimage"},"thumbnailUrl":"https:\/\/i0.wp.com\/inti.hr\/wp-content\/uploads\/2022\/06\/71wUlN8xMjL._AC_SL1500_.jpg?fit=1500%2C1163&ssl=1","datePublished":"2022-06-08T09:19:06+00:00","dateModified":"2022-06-08T09:19:06+00:00","description":"Ova mre\u017ea se mo\u017ee podesiti na 3 razli\u010dite visine, 107, 120 i 155 cm.\u00a0Jednostavno upotrijebite oznake na \u0161ipkama i ponovno se mo\u017eete koncentrirati na svoju igru. Kroz sve \u0161ipke okvira prolazi elasti\u010dna gumica koja povezuje sve dijelove i omogu\u0107uje jednostavnu monta\u017eu.\u00a0Kada nije u upotrebi, mre\u017eu mo\u017eete jednostavno pospremiti u prilo\u017eenu transportnu torbu.\u00a0 Kako biste \u0161to \u010de\u0161\u0107e posegnuli za badmintonom i reketom, ova sportska oprema sastoji se od stabilnih \u017eeljeznih \u0161ipki i mre\u017ee s uskim mre\u017eama.\u00a0Pre\u010dka pru\u017ea dodatnu stabilnost i osigurava da mre\u017ea ostane napeta.","breadcrumb":{"@id":"https:\/\/inti.hr\/bs\/proizvod\/set-mreza-za-badminton-crna\/#breadcrumb"},"inLanguage":"bs-BA","potentialAction":[{"@type":"ReadAction","target":["https:\/\/inti.hr\/bs\/proizvod\/set-mreza-za-badminton-crna\/"]}]},{"@type":"ImageObject","inLanguage":"bs-BA","@id":"https:\/\/inti.hr\/bs\/proizvod\/set-mreza-za-badminton-crna\/#primaryimage","url":"https:\/\/i0.wp.com\/inti.hr\/wp-content\/uploads\/2022\/06\/71wUlN8xMjL._AC_SL1500_.jpg?fit=1500%2C1163&ssl=1","contentUrl":"https:\/\/i0.wp.com\/inti.hr\/wp-content\/uploads\/2022\/06\/71wUlN8xMjL._AC_SL1500_.jpg?fit=1500%2C1163&ssl=1","width":1500,"height":1163},{"@type":"BreadcrumbList","@id":"https:\/\/inti.hr\/bs\/proizvod\/set-mreza-za-badminton-crna\/#breadcrumb","itemListElement":[{"@type":"ListItem","position":1,"name":"Po\u010detna stranica","item":"https:\/\/inti.hr\/bs\/"},{"@type":"ListItem","position":2,"name":"Trgovina","item":"https:\/\/inti.hr\/bs\/trgovina\/"},{"@type":"ListItem","position":3,"name":"Set mre\u017ea za badminton crna"}]},{"@type":"WebSite","@id":"https:\/\/inti.hr\/bs\/#website","url":"https:\/\/inti.hr\/bs\/","name":"Inti","description":"trgovina","potentialAction":[{"@type":"SearchAction","target":{"@type":"EntryPoint","urlTemplate":"https:\/\/inti.hr\/bs\/?s={search_term_string}"},"query-input":{"@type":"PropertyValueSpecification","valueRequired":true,"valueName":"search_term_string"}}],"inLanguage":"bs-BA"}]}},"jetpack_sharing_enabled":true,"jetpack-related-posts":[],"_links":{"self":[{"href":"https:\/\/inti.hr\/bs\/wp-json\/wp\/v2\/product\/33845"}],"collection":[{"href":"https:\/\/inti.hr\/bs\/wp-json\/wp\/v2\/product"}],"about":[{"href":"https:\/\/inti.hr\/bs\/wp-json\/wp\/v2\/types\/product"}],"wp:featuredmedia":[{"embeddable":true,"href":"https:\/\/inti.hr\/bs\/wp-json\/wp\/v2\/media\/33846"}],"wp:attachment":[{"href":"https:\/\/inti.hr\/bs\/wp-json\/wp\/v2\/media?parent=33845"}],"wp:term":[{"taxonomy":"product_cat","embeddable":true,"href":"https:\/\/inti.hr\/bs\/wp-json\/wp\/v2\/product_cat?post=33845"},{"taxonomy":"product_tag","embeddable":true,"href":"https:\/\/inti.hr\/bs\/wp-json\/wp\/v2\/product_tag?post=33845"}],"curies":[{"name":"wp","href":"https:\/\/api.w.org\/{rel}","templated":true}]}}