{"id":33903,"date":"2022-05-31T11:19:51","date_gmt":"2022-05-31T11:19:51","guid":{"rendered":"https:\/\/inti.hr\/product\/stalak-za-cipele-s-2-police\/"},"modified":"2022-05-31T11:19:51","modified_gmt":"2022-05-31T11:19:51","slug":"stalak-za-cipele-s-2-police","status":"publish","type":"product","link":"https:\/\/inti.hr\/bs\/proizvod\/stalak-za-cipele-s-2-police\/","title":{"rendered":"Stalak za cipele s 2 police"},"content":{"rendered":"<div class=\"left\">\n<ul>\n<li><b>Detalji o proizvodu:<\/b><br \/>\n&#8211; Boja: vintage sme\u0111e-crna<br \/>\n&#8211; Materijal: iverica, \u010delik<br \/>\n&#8211; Veli\u010dina: 100 x 30 x 45 cm (D x \u0160 x V)<br \/>\n&#8211; Te\u017eina: 10,3 kg<br \/>\n&#8211; Maksimalna stati\u010dka nosivost povr\u0161ine: 90 kg<br \/>\n&#8211; Maksimalna stati\u010dka nosivost po re\u0161etkastoj polici: 5 kg<\/li>\n<\/ul>\n<\/div>\n","protected":false},"excerpt":{"rendered":"<p>Prazan ulaz je usamljen i hladan.\u00a0Ovaj stalak za cipele je savr\u0161en!\u00a0Vintage &#8230; <\/p>\n","protected":false},"featured_media":33904,"template":"","meta":[],"product_cat":[2632],"product_tag":[3944,2638,3945],"yoast_head":"<!-- This site is optimized with the Yoast SEO plugin v23.7 - https:\/\/yoast.com\/wordpress\/plugins\/seo\/ -->\n<title>Stalak za cipele s 2 police - Inti<\/title>\n<meta name=\"description\" content=\"Prazan ulaz je usamljen i hladan.\u00a0Ovaj stalak za cipele je savr\u0161en!\u00a0Vintage zavr\u0161na obrada i crni metalni okvir - od sada \u0107ete biti do\u010dekani kod ku\u0107e s toplom dobrodo\u0161licom. \u00a02 police (svaka duljine 100 cm) dovoljno su prostrane za pohranu 8-10 pari cipela.\u00a0Predstavite svoje torbe ili ukrasne predmete na policu iznad i stvorite uredan ulazni prostor!\" \/>\n<meta name=\"robots\" content=\"index, follow, max-snippet:-1, max-image-preview:large, max-video-preview:-1\" \/>\n<link rel=\"canonical\" href=\"https:\/\/inti.hr\/bs\/proizvod\/stalak-za-cipele-s-2-police\/\" \/>\n<meta property=\"og:locale\" content=\"bs_BA\" \/>\n<meta property=\"og:type\" content=\"article\" \/>\n<meta property=\"og:title\" content=\"Stalak za cipele s 2 police - Inti\" \/>\n<meta property=\"og:description\" content=\"Prazan ulaz je usamljen i hladan.\u00a0Ovaj stalak za cipele je savr\u0161en!\u00a0Vintage zavr\u0161na obrada i crni metalni okvir - od sada \u0107ete biti do\u010dekani kod ku\u0107e s toplom dobrodo\u0161licom. \u00a02 police (svaka duljine 100 cm) dovoljno su prostrane za pohranu 8-10 pari cipela.\u00a0Predstavite svoje torbe ili ukrasne predmete na policu iznad i stvorite uredan ulazni prostor!\" \/>\n<meta property=\"og:url\" content=\"https:\/\/inti.hr\/bs\/proizvod\/stalak-za-cipele-s-2-police\/\" \/>\n<meta property=\"og:site_name\" content=\"Inti\" \/>\n<meta property=\"og:image\" content=\"https:\/\/i0.wp.com\/inti.hr\/wp-content\/uploads\/2022\/05\/81hVcKLT0lL._AC_SL1500_.jpg?fit=1500%2C1500&ssl=1\" \/>\n\t<meta property=\"og:image:width\" content=\"1500\" \/>\n\t<meta property=\"og:image:height\" content=\"1500\" \/>\n\t<meta property=\"og:image:type\" content=\"image\/jpeg\" \/>\n<meta name=\"twitter:card\" content=\"summary_large_image\" \/>\n<script type=\"application\/ld+json\" class=\"yoast-schema-graph\">{\"@context\":\"https:\/\/schema.org\",\"@graph\":[{\"@type\":\"WebPage\",\"@id\":\"https:\/\/inti.hr\/bs\/proizvod\/stalak-za-cipele-s-2-police\/\",\"url\":\"https:\/\/inti.hr\/bs\/proizvod\/stalak-za-cipele-s-2-police\/\",\"name\":\"Stalak za cipele s 2 police - Inti\",\"isPartOf\":{\"@id\":\"https:\/\/inti.hr\/bs\/#website\"},\"primaryImageOfPage\":{\"@id\":\"https:\/\/inti.hr\/bs\/proizvod\/stalak-za-cipele-s-2-police\/#primaryimage\"},\"image\":{\"@id\":\"https:\/\/inti.hr\/bs\/proizvod\/stalak-za-cipele-s-2-police\/#primaryimage\"},\"thumbnailUrl\":\"https:\/\/i0.wp.com\/inti.hr\/wp-content\/uploads\/2022\/05\/81hVcKLT0lL._AC_SL1500_.jpg?fit=1500%2C1500&ssl=1\",\"datePublished\":\"2022-05-31T11:19:51+00:00\",\"dateModified\":\"2022-05-31T11:19:51+00:00\",\"description\":\"Prazan ulaz je usamljen i hladan.\u00a0Ovaj stalak za cipele je savr\u0161en!\u00a0Vintage zavr\u0161na obrada i crni metalni okvir - od sada \u0107ete biti do\u010dekani kod ku\u0107e s toplom dobrodo\u0161licom. \u00a02 police (svaka duljine 100 cm) dovoljno su prostrane za pohranu 8-10 pari cipela.\u00a0Predstavite svoje torbe ili ukrasne predmete na policu iznad i stvorite uredan ulazni prostor!\",\"breadcrumb\":{\"@id\":\"https:\/\/inti.hr\/bs\/proizvod\/stalak-za-cipele-s-2-police\/#breadcrumb\"},\"inLanguage\":\"bs-BA\",\"potentialAction\":[{\"@type\":\"ReadAction\",\"target\":[\"https:\/\/inti.hr\/bs\/proizvod\/stalak-za-cipele-s-2-police\/\"]}]},{\"@type\":\"ImageObject\",\"inLanguage\":\"bs-BA\",\"@id\":\"https:\/\/inti.hr\/bs\/proizvod\/stalak-za-cipele-s-2-police\/#primaryimage\",\"url\":\"https:\/\/i0.wp.com\/inti.hr\/wp-content\/uploads\/2022\/05\/81hVcKLT0lL._AC_SL1500_.jpg?fit=1500%2C1500&ssl=1\",\"contentUrl\":\"https:\/\/i0.wp.com\/inti.hr\/wp-content\/uploads\/2022\/05\/81hVcKLT0lL._AC_SL1500_.jpg?fit=1500%2C1500&ssl=1\",\"width\":1500,\"height\":1500},{\"@type\":\"BreadcrumbList\",\"@id\":\"https:\/\/inti.hr\/bs\/proizvod\/stalak-za-cipele-s-2-police\/#breadcrumb\",\"itemListElement\":[{\"@type\":\"ListItem\",\"position\":1,\"name\":\"Po\u010detna stranica\",\"item\":\"https:\/\/inti.hr\/bs\/\"},{\"@type\":\"ListItem\",\"position\":2,\"name\":\"Trgovina\",\"item\":\"https:\/\/inti.hr\/bs\/trgovina\/\"},{\"@type\":\"ListItem\",\"position\":3,\"name\":\"Stalak za cipele s 2 police\"}]},{\"@type\":\"WebSite\",\"@id\":\"https:\/\/inti.hr\/bs\/#website\",\"url\":\"https:\/\/inti.hr\/bs\/\",\"name\":\"Inti\",\"description\":\"trgovina\",\"potentialAction\":[{\"@type\":\"SearchAction\",\"target\":{\"@type\":\"EntryPoint\",\"urlTemplate\":\"https:\/\/inti.hr\/bs\/?s={search_term_string}\"},\"query-input\":{\"@type\":\"PropertyValueSpecification\",\"valueRequired\":true,\"valueName\":\"search_term_string\"}}],\"inLanguage\":\"bs-BA\"}]}<\/script>\n<!-- \/ Yoast SEO plugin. -->","yoast_head_json":{"title":"Stalak za cipele s 2 police - Inti","description":"Prazan ulaz je usamljen i hladan.\u00a0Ovaj stalak za cipele je savr\u0161en!\u00a0Vintage zavr\u0161na obrada i crni metalni okvir - od sada \u0107ete biti do\u010dekani kod ku\u0107e s toplom dobrodo\u0161licom. \u00a02 police (svaka duljine 100 cm) dovoljno su prostrane za pohranu 8-10 pari cipela.\u00a0Predstavite svoje torbe ili ukrasne predmete na policu iznad i stvorite uredan ulazni prostor!","robots":{"index":"index","follow":"follow","max-snippet":"max-snippet:-1","max-image-preview":"max-image-preview:large","max-video-preview":"max-video-preview:-1"},"canonical":"https:\/\/inti.hr\/bs\/proizvod\/stalak-za-cipele-s-2-police\/","og_locale":"bs_BA","og_type":"article","og_title":"Stalak za cipele s 2 police - Inti","og_description":"Prazan ulaz je usamljen i hladan.\u00a0Ovaj stalak za cipele je savr\u0161en!\u00a0Vintage zavr\u0161na obrada i crni metalni okvir - od sada \u0107ete biti do\u010dekani kod ku\u0107e s toplom dobrodo\u0161licom. \u00a02 police (svaka duljine 100 cm) dovoljno su prostrane za pohranu 8-10 pari cipela.\u00a0Predstavite svoje torbe ili ukrasne predmete na policu iznad i stvorite uredan ulazni prostor!","og_url":"https:\/\/inti.hr\/bs\/proizvod\/stalak-za-cipele-s-2-police\/","og_site_name":"Inti","og_image":[{"width":1500,"height":1500,"url":"https:\/\/i0.wp.com\/inti.hr\/wp-content\/uploads\/2022\/05\/81hVcKLT0lL._AC_SL1500_.jpg?fit=1500%2C1500&ssl=1","type":"image\/jpeg"}],"twitter_card":"summary_large_image","schema":{"@context":"https:\/\/schema.org","@graph":[{"@type":"WebPage","@id":"https:\/\/inti.hr\/bs\/proizvod\/stalak-za-cipele-s-2-police\/","url":"https:\/\/inti.hr\/bs\/proizvod\/stalak-za-cipele-s-2-police\/","name":"Stalak za cipele s 2 police - Inti","isPartOf":{"@id":"https:\/\/inti.hr\/bs\/#website"},"primaryImageOfPage":{"@id":"https:\/\/inti.hr\/bs\/proizvod\/stalak-za-cipele-s-2-police\/#primaryimage"},"image":{"@id":"https:\/\/inti.hr\/bs\/proizvod\/stalak-za-cipele-s-2-police\/#primaryimage"},"thumbnailUrl":"https:\/\/i0.wp.com\/inti.hr\/wp-content\/uploads\/2022\/05\/81hVcKLT0lL._AC_SL1500_.jpg?fit=1500%2C1500&ssl=1","datePublished":"2022-05-31T11:19:51+00:00","dateModified":"2022-05-31T11:19:51+00:00","description":"Prazan ulaz je usamljen i hladan.\u00a0Ovaj stalak za cipele je savr\u0161en!\u00a0Vintage zavr\u0161na obrada i crni metalni okvir - od sada \u0107ete biti do\u010dekani kod ku\u0107e s toplom dobrodo\u0161licom. \u00a02 police (svaka duljine 100 cm) dovoljno su prostrane za pohranu 8-10 pari cipela.\u00a0Predstavite svoje torbe ili ukrasne predmete na policu iznad i stvorite uredan ulazni prostor!","breadcrumb":{"@id":"https:\/\/inti.hr\/bs\/proizvod\/stalak-za-cipele-s-2-police\/#breadcrumb"},"inLanguage":"bs-BA","potentialAction":[{"@type":"ReadAction","target":["https:\/\/inti.hr\/bs\/proizvod\/stalak-za-cipele-s-2-police\/"]}]},{"@type":"ImageObject","inLanguage":"bs-BA","@id":"https:\/\/inti.hr\/bs\/proizvod\/stalak-za-cipele-s-2-police\/#primaryimage","url":"https:\/\/i0.wp.com\/inti.hr\/wp-content\/uploads\/2022\/05\/81hVcKLT0lL._AC_SL1500_.jpg?fit=1500%2C1500&ssl=1","contentUrl":"https:\/\/i0.wp.com\/inti.hr\/wp-content\/uploads\/2022\/05\/81hVcKLT0lL._AC_SL1500_.jpg?fit=1500%2C1500&ssl=1","width":1500,"height":1500},{"@type":"BreadcrumbList","@id":"https:\/\/inti.hr\/bs\/proizvod\/stalak-za-cipele-s-2-police\/#breadcrumb","itemListElement":[{"@type":"ListItem","position":1,"name":"Po\u010detna stranica","item":"https:\/\/inti.hr\/bs\/"},{"@type":"ListItem","position":2,"name":"Trgovina","item":"https:\/\/inti.hr\/bs\/trgovina\/"},{"@type":"ListItem","position":3,"name":"Stalak za cipele s 2 police"}]},{"@type":"WebSite","@id":"https:\/\/inti.hr\/bs\/#website","url":"https:\/\/inti.hr\/bs\/","name":"Inti","description":"trgovina","potentialAction":[{"@type":"SearchAction","target":{"@type":"EntryPoint","urlTemplate":"https:\/\/inti.hr\/bs\/?s={search_term_string}"},"query-input":{"@type":"PropertyValueSpecification","valueRequired":true,"valueName":"search_term_string"}}],"inLanguage":"bs-BA"}]}},"jetpack_sharing_enabled":true,"jetpack-related-posts":[],"_links":{"self":[{"href":"https:\/\/inti.hr\/bs\/wp-json\/wp\/v2\/product\/33903"}],"collection":[{"href":"https:\/\/inti.hr\/bs\/wp-json\/wp\/v2\/product"}],"about":[{"href":"https:\/\/inti.hr\/bs\/wp-json\/wp\/v2\/types\/product"}],"wp:featuredmedia":[{"embeddable":true,"href":"https:\/\/inti.hr\/bs\/wp-json\/wp\/v2\/media\/33904"}],"wp:attachment":[{"href":"https:\/\/inti.hr\/bs\/wp-json\/wp\/v2\/media?parent=33903"}],"wp:term":[{"taxonomy":"product_cat","embeddable":true,"href":"https:\/\/inti.hr\/bs\/wp-json\/wp\/v2\/product_cat?post=33903"},{"taxonomy":"product_tag","embeddable":true,"href":"https:\/\/inti.hr\/bs\/wp-json\/wp\/v2\/product_tag?post=33903"}],"curies":[{"name":"wp","href":"https:\/\/api.w.org\/{rel}","templated":true}]}}