{"id":33919,"date":"2022-05-31T10:43:43","date_gmt":"2022-05-31T10:43:43","guid":{"rendered":"https:\/\/inti.hr\/product\/klupa-za-cipele-s-2-resetkaste-police-u-industrijskom-stilu\/"},"modified":"2022-05-31T10:43:43","modified_gmt":"2022-05-31T10:43:43","slug":"klupa-za-cipele-s-2-resetkaste-police-u-industrijskom-stilu","status":"publish","type":"product","link":"https:\/\/inti.hr\/bs\/proizvod\/klupa-za-cipele-s-2-resetkaste-police-u-industrijskom-stilu\/","title":{"rendered":"Klupa za cipele s 2 re\u0161etkaste police u industrijskom stilu"},"content":{"rendered":"<div class=\"left\">\n<ul>\n<li><b>Detalji o proizvodu:<\/b>&#8211; Boja: tamno sme\u0111a\/vintage- Materijal: iverica, \u017eeljezo- Veli\u010dina: 80 x 30 x 44,5 cm (D x \u0160 x V)- Te\u017eina: 5,9 kg- Maksimalna stati\u010dka nosivost povr\u0161ine: 90 kg\n<p>&#8211; Maksimalna stati\u010dka nosivost po re\u0161etkastoj polici: 5 kg<\/li>\n<\/ul>\n<\/div>\n","protected":false},"excerpt":{"rendered":"<p>Nabavite klupu s elegantnim izgledom drva, stalak za cipele s 2 &#8230; <\/p>\n","protected":false},"featured_media":33921,"template":"","meta":[],"product_cat":[2632],"product_tag":[2633,3944,2638],"yoast_head":"<!-- This site is optimized with the Yoast SEO plugin v23.7 - https:\/\/yoast.com\/wordpress\/plugins\/seo\/ -->\n<title>Klupa za cipele s 2 re\u0161etkaste police u industrijskom stilu - Inti<\/title>\n<meta name=\"description\" content=\"\u00a0Nabavite klupu s elegantnim izgledom drva, stalak za cipele s 2 crne mre\u017easte police i ukrasni komad za svoj ulazni prostor u trendovskom tvorni\u010dkom stilu. 2 otvorene police sa blistavom \u017eeljeznom re\u0161etkom nude puno prostora za va\u0161e cipele, koje mo\u017eete udobno obu\u0107i dok sjedite na klupi (klupa do 90 kg, police za cipele mogu dr\u017eati do 5 kg).\" \/>\n<meta name=\"robots\" content=\"index, follow, max-snippet:-1, max-image-preview:large, max-video-preview:-1\" \/>\n<link rel=\"canonical\" href=\"https:\/\/inti.hr\/bs\/proizvod\/klupa-za-cipele-s-2-resetkaste-police-u-industrijskom-stilu\/\" \/>\n<meta property=\"og:locale\" content=\"bs_BA\" \/>\n<meta property=\"og:type\" content=\"article\" \/>\n<meta property=\"og:title\" content=\"Klupa za cipele s 2 re\u0161etkaste police u industrijskom stilu - Inti\" \/>\n<meta property=\"og:description\" content=\"\u00a0Nabavite klupu s elegantnim izgledom drva, stalak za cipele s 2 crne mre\u017easte police i ukrasni komad za svoj ulazni prostor u trendovskom tvorni\u010dkom stilu. 2 otvorene police sa blistavom \u017eeljeznom re\u0161etkom nude puno prostora za va\u0161e cipele, koje mo\u017eete udobno obu\u0107i dok sjedite na klupi (klupa do 90 kg, police za cipele mogu dr\u017eati do 5 kg).\" \/>\n<meta property=\"og:url\" content=\"https:\/\/inti.hr\/bs\/proizvod\/klupa-za-cipele-s-2-resetkaste-police-u-industrijskom-stilu\/\" \/>\n<meta property=\"og:site_name\" content=\"Inti\" \/>\n<meta property=\"og:image\" content=\"https:\/\/i0.wp.com\/inti.hr\/wp-content\/uploads\/2022\/05\/71FLv8hGZAL._AC_SL1500_.jpg?fit=1500%2C1500&ssl=1\" \/>\n\t<meta property=\"og:image:width\" content=\"1500\" \/>\n\t<meta property=\"og:image:height\" content=\"1500\" \/>\n\t<meta property=\"og:image:type\" content=\"image\/jpeg\" \/>\n<meta name=\"twitter:card\" content=\"summary_large_image\" \/>\n<script type=\"application\/ld+json\" class=\"yoast-schema-graph\">{\"@context\":\"https:\/\/schema.org\",\"@graph\":[{\"@type\":\"WebPage\",\"@id\":\"https:\/\/inti.hr\/bs\/proizvod\/klupa-za-cipele-s-2-resetkaste-police-u-industrijskom-stilu\/\",\"url\":\"https:\/\/inti.hr\/bs\/proizvod\/klupa-za-cipele-s-2-resetkaste-police-u-industrijskom-stilu\/\",\"name\":\"Klupa za cipele s 2 re\u0161etkaste police u industrijskom stilu - Inti\",\"isPartOf\":{\"@id\":\"https:\/\/inti.hr\/bs\/#website\"},\"primaryImageOfPage\":{\"@id\":\"https:\/\/inti.hr\/bs\/proizvod\/klupa-za-cipele-s-2-resetkaste-police-u-industrijskom-stilu\/#primaryimage\"},\"image\":{\"@id\":\"https:\/\/inti.hr\/bs\/proizvod\/klupa-za-cipele-s-2-resetkaste-police-u-industrijskom-stilu\/#primaryimage\"},\"thumbnailUrl\":\"https:\/\/i0.wp.com\/inti.hr\/wp-content\/uploads\/2022\/05\/71FLv8hGZAL._AC_SL1500_.jpg?fit=1500%2C1500&ssl=1\",\"datePublished\":\"2022-05-31T10:43:43+00:00\",\"dateModified\":\"2022-05-31T10:43:43+00:00\",\"description\":\"\u00a0Nabavite klupu s elegantnim izgledom drva, stalak za cipele s 2 crne mre\u017easte police i ukrasni komad za svoj ulazni prostor u trendovskom tvorni\u010dkom stilu. 2 otvorene police sa blistavom \u017eeljeznom re\u0161etkom nude puno prostora za va\u0161e cipele, koje mo\u017eete udobno obu\u0107i dok sjedite na klupi (klupa do 90 kg, police za cipele mogu dr\u017eati do 5 kg).\",\"breadcrumb\":{\"@id\":\"https:\/\/inti.hr\/bs\/proizvod\/klupa-za-cipele-s-2-resetkaste-police-u-industrijskom-stilu\/#breadcrumb\"},\"inLanguage\":\"bs-BA\",\"potentialAction\":[{\"@type\":\"ReadAction\",\"target\":[\"https:\/\/inti.hr\/bs\/proizvod\/klupa-za-cipele-s-2-resetkaste-police-u-industrijskom-stilu\/\"]}]},{\"@type\":\"ImageObject\",\"inLanguage\":\"bs-BA\",\"@id\":\"https:\/\/inti.hr\/bs\/proizvod\/klupa-za-cipele-s-2-resetkaste-police-u-industrijskom-stilu\/#primaryimage\",\"url\":\"https:\/\/i0.wp.com\/inti.hr\/wp-content\/uploads\/2022\/05\/71FLv8hGZAL._AC_SL1500_.jpg?fit=1500%2C1500&ssl=1\",\"contentUrl\":\"https:\/\/i0.wp.com\/inti.hr\/wp-content\/uploads\/2022\/05\/71FLv8hGZAL._AC_SL1500_.jpg?fit=1500%2C1500&ssl=1\",\"width\":1500,\"height\":1500},{\"@type\":\"BreadcrumbList\",\"@id\":\"https:\/\/inti.hr\/bs\/proizvod\/klupa-za-cipele-s-2-resetkaste-police-u-industrijskom-stilu\/#breadcrumb\",\"itemListElement\":[{\"@type\":\"ListItem\",\"position\":1,\"name\":\"Po\u010detna stranica\",\"item\":\"https:\/\/inti.hr\/bs\/\"},{\"@type\":\"ListItem\",\"position\":2,\"name\":\"Trgovina\",\"item\":\"https:\/\/inti.hr\/bs\/trgovina\/\"},{\"@type\":\"ListItem\",\"position\":3,\"name\":\"Klupa za cipele s 2 re\u0161etkaste police u industrijskom stilu\"}]},{\"@type\":\"WebSite\",\"@id\":\"https:\/\/inti.hr\/bs\/#website\",\"url\":\"https:\/\/inti.hr\/bs\/\",\"name\":\"Inti\",\"description\":\"trgovina\",\"potentialAction\":[{\"@type\":\"SearchAction\",\"target\":{\"@type\":\"EntryPoint\",\"urlTemplate\":\"https:\/\/inti.hr\/bs\/?s={search_term_string}\"},\"query-input\":{\"@type\":\"PropertyValueSpecification\",\"valueRequired\":true,\"valueName\":\"search_term_string\"}}],\"inLanguage\":\"bs-BA\"}]}<\/script>\n<!-- \/ Yoast SEO plugin. -->","yoast_head_json":{"title":"Klupa za cipele s 2 re\u0161etkaste police u industrijskom stilu - Inti","description":"\u00a0Nabavite klupu s elegantnim izgledom drva, stalak za cipele s 2 crne mre\u017easte police i ukrasni komad za svoj ulazni prostor u trendovskom tvorni\u010dkom stilu. 2 otvorene police sa blistavom \u017eeljeznom re\u0161etkom nude puno prostora za va\u0161e cipele, koje mo\u017eete udobno obu\u0107i dok sjedite na klupi (klupa do 90 kg, police za cipele mogu dr\u017eati do 5 kg).","robots":{"index":"index","follow":"follow","max-snippet":"max-snippet:-1","max-image-preview":"max-image-preview:large","max-video-preview":"max-video-preview:-1"},"canonical":"https:\/\/inti.hr\/bs\/proizvod\/klupa-za-cipele-s-2-resetkaste-police-u-industrijskom-stilu\/","og_locale":"bs_BA","og_type":"article","og_title":"Klupa za cipele s 2 re\u0161etkaste police u industrijskom stilu - Inti","og_description":"\u00a0Nabavite klupu s elegantnim izgledom drva, stalak za cipele s 2 crne mre\u017easte police i ukrasni komad za svoj ulazni prostor u trendovskom tvorni\u010dkom stilu. 2 otvorene police sa blistavom \u017eeljeznom re\u0161etkom nude puno prostora za va\u0161e cipele, koje mo\u017eete udobno obu\u0107i dok sjedite na klupi (klupa do 90 kg, police za cipele mogu dr\u017eati do 5 kg).","og_url":"https:\/\/inti.hr\/bs\/proizvod\/klupa-za-cipele-s-2-resetkaste-police-u-industrijskom-stilu\/","og_site_name":"Inti","og_image":[{"width":1500,"height":1500,"url":"https:\/\/i0.wp.com\/inti.hr\/wp-content\/uploads\/2022\/05\/71FLv8hGZAL._AC_SL1500_.jpg?fit=1500%2C1500&ssl=1","type":"image\/jpeg"}],"twitter_card":"summary_large_image","schema":{"@context":"https:\/\/schema.org","@graph":[{"@type":"WebPage","@id":"https:\/\/inti.hr\/bs\/proizvod\/klupa-za-cipele-s-2-resetkaste-police-u-industrijskom-stilu\/","url":"https:\/\/inti.hr\/bs\/proizvod\/klupa-za-cipele-s-2-resetkaste-police-u-industrijskom-stilu\/","name":"Klupa za cipele s 2 re\u0161etkaste police u industrijskom stilu - Inti","isPartOf":{"@id":"https:\/\/inti.hr\/bs\/#website"},"primaryImageOfPage":{"@id":"https:\/\/inti.hr\/bs\/proizvod\/klupa-za-cipele-s-2-resetkaste-police-u-industrijskom-stilu\/#primaryimage"},"image":{"@id":"https:\/\/inti.hr\/bs\/proizvod\/klupa-za-cipele-s-2-resetkaste-police-u-industrijskom-stilu\/#primaryimage"},"thumbnailUrl":"https:\/\/i0.wp.com\/inti.hr\/wp-content\/uploads\/2022\/05\/71FLv8hGZAL._AC_SL1500_.jpg?fit=1500%2C1500&ssl=1","datePublished":"2022-05-31T10:43:43+00:00","dateModified":"2022-05-31T10:43:43+00:00","description":"\u00a0Nabavite klupu s elegantnim izgledom drva, stalak za cipele s 2 crne mre\u017easte police i ukrasni komad za svoj ulazni prostor u trendovskom tvorni\u010dkom stilu. 2 otvorene police sa blistavom \u017eeljeznom re\u0161etkom nude puno prostora za va\u0161e cipele, koje mo\u017eete udobno obu\u0107i dok sjedite na klupi (klupa do 90 kg, police za cipele mogu dr\u017eati do 5 kg).","breadcrumb":{"@id":"https:\/\/inti.hr\/bs\/proizvod\/klupa-za-cipele-s-2-resetkaste-police-u-industrijskom-stilu\/#breadcrumb"},"inLanguage":"bs-BA","potentialAction":[{"@type":"ReadAction","target":["https:\/\/inti.hr\/bs\/proizvod\/klupa-za-cipele-s-2-resetkaste-police-u-industrijskom-stilu\/"]}]},{"@type":"ImageObject","inLanguage":"bs-BA","@id":"https:\/\/inti.hr\/bs\/proizvod\/klupa-za-cipele-s-2-resetkaste-police-u-industrijskom-stilu\/#primaryimage","url":"https:\/\/i0.wp.com\/inti.hr\/wp-content\/uploads\/2022\/05\/71FLv8hGZAL._AC_SL1500_.jpg?fit=1500%2C1500&ssl=1","contentUrl":"https:\/\/i0.wp.com\/inti.hr\/wp-content\/uploads\/2022\/05\/71FLv8hGZAL._AC_SL1500_.jpg?fit=1500%2C1500&ssl=1","width":1500,"height":1500},{"@type":"BreadcrumbList","@id":"https:\/\/inti.hr\/bs\/proizvod\/klupa-za-cipele-s-2-resetkaste-police-u-industrijskom-stilu\/#breadcrumb","itemListElement":[{"@type":"ListItem","position":1,"name":"Po\u010detna stranica","item":"https:\/\/inti.hr\/bs\/"},{"@type":"ListItem","position":2,"name":"Trgovina","item":"https:\/\/inti.hr\/bs\/trgovina\/"},{"@type":"ListItem","position":3,"name":"Klupa za cipele s 2 re\u0161etkaste police u industrijskom stilu"}]},{"@type":"WebSite","@id":"https:\/\/inti.hr\/bs\/#website","url":"https:\/\/inti.hr\/bs\/","name":"Inti","description":"trgovina","potentialAction":[{"@type":"SearchAction","target":{"@type":"EntryPoint","urlTemplate":"https:\/\/inti.hr\/bs\/?s={search_term_string}"},"query-input":{"@type":"PropertyValueSpecification","valueRequired":true,"valueName":"search_term_string"}}],"inLanguage":"bs-BA"}]}},"jetpack_sharing_enabled":true,"jetpack-related-posts":[],"_links":{"self":[{"href":"https:\/\/inti.hr\/bs\/wp-json\/wp\/v2\/product\/33919"}],"collection":[{"href":"https:\/\/inti.hr\/bs\/wp-json\/wp\/v2\/product"}],"about":[{"href":"https:\/\/inti.hr\/bs\/wp-json\/wp\/v2\/types\/product"}],"wp:featuredmedia":[{"embeddable":true,"href":"https:\/\/inti.hr\/bs\/wp-json\/wp\/v2\/media\/33921"}],"wp:attachment":[{"href":"https:\/\/inti.hr\/bs\/wp-json\/wp\/v2\/media?parent=33919"}],"wp:term":[{"taxonomy":"product_cat","embeddable":true,"href":"https:\/\/inti.hr\/bs\/wp-json\/wp\/v2\/product_cat?post=33919"},{"taxonomy":"product_tag","embeddable":true,"href":"https:\/\/inti.hr\/bs\/wp-json\/wp\/v2\/product_tag?post=33919"}],"curies":[{"name":"wp","href":"https:\/\/api.w.org\/{rel}","templated":true}]}}