{"id":33925,"date":"2022-05-31T10:36:58","date_gmt":"2022-05-31T10:36:58","guid":{"rendered":"https:\/\/inti.hr\/product\/barski-set-stol-i-stolice-sivi-barski-set-stol-i-stolice-kafic-kuhinja\/"},"modified":"2022-05-31T10:36:58","modified_gmt":"2022-05-31T10:36:58","slug":"barski-set-stol-i-stolice-sivi-barski-set-stol-i-stolice-kafic-kuhinja","status":"publish","type":"product","link":"https:\/\/inti.hr\/bs\/proizvod\/barski-set-stol-i-stolice-sivi-barski-set-stol-i-stolice-kafic-kuhinja\/","title":{"rendered":"Barski set stol i stolice sivi"},"content":{"rendered":"<p>Detalji proizvoda:<\/p>\n<ul>\n<li>5-dijelni set &#8211; Elegantan set koji se sastoji od stola i 4 taburea<\/li>\n<li>Materijal: Struktura oblo\u017eena \u017eeljeznim prahom.\u00a0MDF plo\u010de (povr\u0161ina: furnir), Te\u017eina 24 kg<\/li>\n<li>Stol: \u0160100 * D60 * V96 cm, Maksimalno optere\u0107enje: 45 kg<\/li>\n<li>Tablica: \u016040 * D30 * V67 cm, Maksimalno optere\u0107enje: 120 kg<\/li>\n<li>S uputama za monta\u017eu i vijcima.\u00a0Jednostavna instalacija.<\/li>\n<\/ul>\n","protected":false},"excerpt":{"rendered":"<p>Jedna garnitura barskog stola za kuhinju, \u0161ank, pizzu na komade, kavu &#8230; <\/p>\n","protected":false},"featured_media":33926,"template":"","meta":[],"product_cat":[2726],"product_tag":[3952,2455,3359,2558],"yoast_head":"<!-- This site is optimized with the Yoast SEO plugin v23.7 - https:\/\/yoast.com\/wordpress\/plugins\/seo\/ -->\n<title>Barski set stol i stolice sivi - Inti<\/title>\n<meta name=\"description\" content=\"Jedna garnitura barskog stola za kuhinju, \u0161ank, pizzu na komade, kavu ili kebab s modernim gla\u010dalom od drveta premazanog prahom i kalupom za drvo od MDF-a prema fotografijiOvaj klasi\u010dno dizajniran barski set sastoji se od 4 barske stolice i velikog stola.Prilagodit \u0107e se svakom modernom ku\u0107nom okru\u017eenjuDobro dizajniran barski stol savr\u0161en je za romanti\u010dnu ve\u010deru ili popodnevni zalogaj s prijateljima ili obitelji.\" \/>\n<meta name=\"robots\" content=\"index, follow, max-snippet:-1, max-image-preview:large, max-video-preview:-1\" \/>\n<link rel=\"canonical\" href=\"https:\/\/inti.hr\/bs\/proizvod\/barski-set-stol-i-stolice-sivi-barski-set-stol-i-stolice-kafic-kuhinja\/\" \/>\n<meta property=\"og:locale\" content=\"bs_BA\" \/>\n<meta property=\"og:type\" content=\"article\" \/>\n<meta property=\"og:title\" content=\"Barski set stol i stolice sivi - Inti\" \/>\n<meta property=\"og:description\" content=\"Jedna garnitura barskog stola za kuhinju, \u0161ank, pizzu na komade, kavu ili kebab s modernim gla\u010dalom od drveta premazanog prahom i kalupom za drvo od MDF-a prema fotografijiOvaj klasi\u010dno dizajniran barski set sastoji se od 4 barske stolice i velikog stola.Prilagodit \u0107e se svakom modernom ku\u0107nom okru\u017eenjuDobro dizajniran barski stol savr\u0161en je za romanti\u010dnu ve\u010deru ili popodnevni zalogaj s prijateljima ili obitelji.\" \/>\n<meta property=\"og:url\" content=\"https:\/\/inti.hr\/bs\/proizvod\/barski-set-stol-i-stolice-sivi-barski-set-stol-i-stolice-kafic-kuhinja\/\" \/>\n<meta property=\"og:site_name\" content=\"Inti\" \/>\n<meta property=\"og:image\" content=\"https:\/\/i0.wp.com\/inti.hr\/wp-content\/uploads\/2022\/05\/OGT15-HG-S001_16eb61fa-03c7-4053-ae58-de943d707b41-1.webp?fit=1600%2C1600&ssl=1\" \/>\n\t<meta property=\"og:image:width\" content=\"1600\" \/>\n\t<meta property=\"og:image:height\" content=\"1600\" \/>\n\t<meta property=\"og:image:type\" content=\"image\/webp\" \/>\n<meta name=\"twitter:card\" content=\"summary_large_image\" \/>\n<script type=\"application\/ld+json\" class=\"yoast-schema-graph\">{\"@context\":\"https:\/\/schema.org\",\"@graph\":[{\"@type\":\"WebPage\",\"@id\":\"https:\/\/inti.hr\/bs\/proizvod\/barski-set-stol-i-stolice-sivi-barski-set-stol-i-stolice-kafic-kuhinja\/\",\"url\":\"https:\/\/inti.hr\/bs\/proizvod\/barski-set-stol-i-stolice-sivi-barski-set-stol-i-stolice-kafic-kuhinja\/\",\"name\":\"Barski set stol i stolice sivi - Inti\",\"isPartOf\":{\"@id\":\"https:\/\/inti.hr\/bs\/#website\"},\"primaryImageOfPage\":{\"@id\":\"https:\/\/inti.hr\/bs\/proizvod\/barski-set-stol-i-stolice-sivi-barski-set-stol-i-stolice-kafic-kuhinja\/#primaryimage\"},\"image\":{\"@id\":\"https:\/\/inti.hr\/bs\/proizvod\/barski-set-stol-i-stolice-sivi-barski-set-stol-i-stolice-kafic-kuhinja\/#primaryimage\"},\"thumbnailUrl\":\"https:\/\/i0.wp.com\/inti.hr\/wp-content\/uploads\/2022\/05\/OGT15-HG-S001_16eb61fa-03c7-4053-ae58-de943d707b41-1.webp?fit=1600%2C1600&ssl=1\",\"datePublished\":\"2022-05-31T10:36:58+00:00\",\"dateModified\":\"2022-05-31T10:36:58+00:00\",\"description\":\"Jedna garnitura barskog stola za kuhinju, \u0161ank, pizzu na komade, kavu ili kebab s modernim gla\u010dalom od drveta premazanog prahom i kalupom za drvo od MDF-a prema fotografijiOvaj klasi\u010dno dizajniran barski set sastoji se od 4 barske stolice i velikog stola.Prilagodit \u0107e se svakom modernom ku\u0107nom okru\u017eenjuDobro dizajniran barski stol savr\u0161en je za romanti\u010dnu ve\u010deru ili popodnevni zalogaj s prijateljima ili obitelji.\",\"breadcrumb\":{\"@id\":\"https:\/\/inti.hr\/bs\/proizvod\/barski-set-stol-i-stolice-sivi-barski-set-stol-i-stolice-kafic-kuhinja\/#breadcrumb\"},\"inLanguage\":\"bs-BA\",\"potentialAction\":[{\"@type\":\"ReadAction\",\"target\":[\"https:\/\/inti.hr\/bs\/proizvod\/barski-set-stol-i-stolice-sivi-barski-set-stol-i-stolice-kafic-kuhinja\/\"]}]},{\"@type\":\"ImageObject\",\"inLanguage\":\"bs-BA\",\"@id\":\"https:\/\/inti.hr\/bs\/proizvod\/barski-set-stol-i-stolice-sivi-barski-set-stol-i-stolice-kafic-kuhinja\/#primaryimage\",\"url\":\"https:\/\/i0.wp.com\/inti.hr\/wp-content\/uploads\/2022\/05\/OGT15-HG-S001_16eb61fa-03c7-4053-ae58-de943d707b41-1.webp?fit=1600%2C1600&ssl=1\",\"contentUrl\":\"https:\/\/i0.wp.com\/inti.hr\/wp-content\/uploads\/2022\/05\/OGT15-HG-S001_16eb61fa-03c7-4053-ae58-de943d707b41-1.webp?fit=1600%2C1600&ssl=1\",\"width\":1600,\"height\":1600,\"caption\":\"Barski set stol i stolice sivi\"},{\"@type\":\"BreadcrumbList\",\"@id\":\"https:\/\/inti.hr\/bs\/proizvod\/barski-set-stol-i-stolice-sivi-barski-set-stol-i-stolice-kafic-kuhinja\/#breadcrumb\",\"itemListElement\":[{\"@type\":\"ListItem\",\"position\":1,\"name\":\"Po\u010detna stranica\",\"item\":\"https:\/\/inti.hr\/bs\/\"},{\"@type\":\"ListItem\",\"position\":2,\"name\":\"Trgovina\",\"item\":\"https:\/\/inti.hr\/bs\/trgovina\/\"},{\"@type\":\"ListItem\",\"position\":3,\"name\":\"Barski set stol i stolice sivi\"}]},{\"@type\":\"WebSite\",\"@id\":\"https:\/\/inti.hr\/bs\/#website\",\"url\":\"https:\/\/inti.hr\/bs\/\",\"name\":\"Inti\",\"description\":\"trgovina\",\"potentialAction\":[{\"@type\":\"SearchAction\",\"target\":{\"@type\":\"EntryPoint\",\"urlTemplate\":\"https:\/\/inti.hr\/bs\/?s={search_term_string}\"},\"query-input\":{\"@type\":\"PropertyValueSpecification\",\"valueRequired\":true,\"valueName\":\"search_term_string\"}}],\"inLanguage\":\"bs-BA\"}]}<\/script>\n<!-- \/ Yoast SEO plugin. -->","yoast_head_json":{"title":"Barski set stol i stolice sivi - Inti","description":"Jedna garnitura barskog stola za kuhinju, \u0161ank, pizzu na komade, kavu ili kebab s modernim gla\u010dalom od drveta premazanog prahom i kalupom za drvo od MDF-a prema fotografijiOvaj klasi\u010dno dizajniran barski set sastoji se od 4 barske stolice i velikog stola.Prilagodit \u0107e se svakom modernom ku\u0107nom okru\u017eenjuDobro dizajniran barski stol savr\u0161en je za romanti\u010dnu ve\u010deru ili popodnevni zalogaj s prijateljima ili obitelji.","robots":{"index":"index","follow":"follow","max-snippet":"max-snippet:-1","max-image-preview":"max-image-preview:large","max-video-preview":"max-video-preview:-1"},"canonical":"https:\/\/inti.hr\/bs\/proizvod\/barski-set-stol-i-stolice-sivi-barski-set-stol-i-stolice-kafic-kuhinja\/","og_locale":"bs_BA","og_type":"article","og_title":"Barski set stol i stolice sivi - Inti","og_description":"Jedna garnitura barskog stola za kuhinju, \u0161ank, pizzu na komade, kavu ili kebab s modernim gla\u010dalom od drveta premazanog prahom i kalupom za drvo od MDF-a prema fotografijiOvaj klasi\u010dno dizajniran barski set sastoji se od 4 barske stolice i velikog stola.Prilagodit \u0107e se svakom modernom ku\u0107nom okru\u017eenjuDobro dizajniran barski stol savr\u0161en je za romanti\u010dnu ve\u010deru ili popodnevni zalogaj s prijateljima ili obitelji.","og_url":"https:\/\/inti.hr\/bs\/proizvod\/barski-set-stol-i-stolice-sivi-barski-set-stol-i-stolice-kafic-kuhinja\/","og_site_name":"Inti","og_image":[{"width":1600,"height":1600,"url":"https:\/\/i0.wp.com\/inti.hr\/wp-content\/uploads\/2022\/05\/OGT15-HG-S001_16eb61fa-03c7-4053-ae58-de943d707b41-1.webp?fit=1600%2C1600&ssl=1","type":"image\/webp"}],"twitter_card":"summary_large_image","schema":{"@context":"https:\/\/schema.org","@graph":[{"@type":"WebPage","@id":"https:\/\/inti.hr\/bs\/proizvod\/barski-set-stol-i-stolice-sivi-barski-set-stol-i-stolice-kafic-kuhinja\/","url":"https:\/\/inti.hr\/bs\/proizvod\/barski-set-stol-i-stolice-sivi-barski-set-stol-i-stolice-kafic-kuhinja\/","name":"Barski set stol i stolice sivi - Inti","isPartOf":{"@id":"https:\/\/inti.hr\/bs\/#website"},"primaryImageOfPage":{"@id":"https:\/\/inti.hr\/bs\/proizvod\/barski-set-stol-i-stolice-sivi-barski-set-stol-i-stolice-kafic-kuhinja\/#primaryimage"},"image":{"@id":"https:\/\/inti.hr\/bs\/proizvod\/barski-set-stol-i-stolice-sivi-barski-set-stol-i-stolice-kafic-kuhinja\/#primaryimage"},"thumbnailUrl":"https:\/\/i0.wp.com\/inti.hr\/wp-content\/uploads\/2022\/05\/OGT15-HG-S001_16eb61fa-03c7-4053-ae58-de943d707b41-1.webp?fit=1600%2C1600&ssl=1","datePublished":"2022-05-31T10:36:58+00:00","dateModified":"2022-05-31T10:36:58+00:00","description":"Jedna garnitura barskog stola za kuhinju, \u0161ank, pizzu na komade, kavu ili kebab s modernim gla\u010dalom od drveta premazanog prahom i kalupom za drvo od MDF-a prema fotografijiOvaj klasi\u010dno dizajniran barski set sastoji se od 4 barske stolice i velikog stola.Prilagodit \u0107e se svakom modernom ku\u0107nom okru\u017eenjuDobro dizajniran barski stol savr\u0161en je za romanti\u010dnu ve\u010deru ili popodnevni zalogaj s prijateljima ili obitelji.","breadcrumb":{"@id":"https:\/\/inti.hr\/bs\/proizvod\/barski-set-stol-i-stolice-sivi-barski-set-stol-i-stolice-kafic-kuhinja\/#breadcrumb"},"inLanguage":"bs-BA","potentialAction":[{"@type":"ReadAction","target":["https:\/\/inti.hr\/bs\/proizvod\/barski-set-stol-i-stolice-sivi-barski-set-stol-i-stolice-kafic-kuhinja\/"]}]},{"@type":"ImageObject","inLanguage":"bs-BA","@id":"https:\/\/inti.hr\/bs\/proizvod\/barski-set-stol-i-stolice-sivi-barski-set-stol-i-stolice-kafic-kuhinja\/#primaryimage","url":"https:\/\/i0.wp.com\/inti.hr\/wp-content\/uploads\/2022\/05\/OGT15-HG-S001_16eb61fa-03c7-4053-ae58-de943d707b41-1.webp?fit=1600%2C1600&ssl=1","contentUrl":"https:\/\/i0.wp.com\/inti.hr\/wp-content\/uploads\/2022\/05\/OGT15-HG-S001_16eb61fa-03c7-4053-ae58-de943d707b41-1.webp?fit=1600%2C1600&ssl=1","width":1600,"height":1600,"caption":"Barski set stol i stolice sivi"},{"@type":"BreadcrumbList","@id":"https:\/\/inti.hr\/bs\/proizvod\/barski-set-stol-i-stolice-sivi-barski-set-stol-i-stolice-kafic-kuhinja\/#breadcrumb","itemListElement":[{"@type":"ListItem","position":1,"name":"Po\u010detna stranica","item":"https:\/\/inti.hr\/bs\/"},{"@type":"ListItem","position":2,"name":"Trgovina","item":"https:\/\/inti.hr\/bs\/trgovina\/"},{"@type":"ListItem","position":3,"name":"Barski set stol i stolice sivi"}]},{"@type":"WebSite","@id":"https:\/\/inti.hr\/bs\/#website","url":"https:\/\/inti.hr\/bs\/","name":"Inti","description":"trgovina","potentialAction":[{"@type":"SearchAction","target":{"@type":"EntryPoint","urlTemplate":"https:\/\/inti.hr\/bs\/?s={search_term_string}"},"query-input":{"@type":"PropertyValueSpecification","valueRequired":true,"valueName":"search_term_string"}}],"inLanguage":"bs-BA"}]}},"jetpack_sharing_enabled":true,"jetpack-related-posts":[],"_links":{"self":[{"href":"https:\/\/inti.hr\/bs\/wp-json\/wp\/v2\/product\/33925"}],"collection":[{"href":"https:\/\/inti.hr\/bs\/wp-json\/wp\/v2\/product"}],"about":[{"href":"https:\/\/inti.hr\/bs\/wp-json\/wp\/v2\/types\/product"}],"wp:featuredmedia":[{"embeddable":true,"href":"https:\/\/inti.hr\/bs\/wp-json\/wp\/v2\/media\/33926"}],"wp:attachment":[{"href":"https:\/\/inti.hr\/bs\/wp-json\/wp\/v2\/media?parent=33925"}],"wp:term":[{"taxonomy":"product_cat","embeddable":true,"href":"https:\/\/inti.hr\/bs\/wp-json\/wp\/v2\/product_cat?post=33925"},{"taxonomy":"product_tag","embeddable":true,"href":"https:\/\/inti.hr\/bs\/wp-json\/wp\/v2\/product_tag?post=33925"}],"curies":[{"name":"wp","href":"https:\/\/api.w.org\/{rel}","templated":true}]}}