{"id":33933,"date":"2022-05-26T12:12:06","date_gmt":"2022-05-26T12:12:06","guid":{"rendered":"https:\/\/inti.hr\/product\/djecja-stolica-skandi\/"},"modified":"2022-05-26T12:12:06","modified_gmt":"2022-05-26T12:12:06","slug":"djecja-stolica-skandi","status":"publish","type":"product","link":"https:\/\/inti.hr\/bs\/proizvod\/djecja-stolica-skandi\/","title":{"rendered":"Dje\u010dja stolica skandi"},"content":{"rendered":"<p>Detalji proizvoda:<\/p>\n<ul>\n<li>Materijal: bukva (noge) \/ PP i ko\u017ea (sjedalo)<\/li>\n<li>Visina sjedala: 35 cm, Te\u017eina: 4 kg, Maksimalno optere\u0107enje: 90 kg<\/li>\n<li>Boja po izboru: bijela i roza.<\/li>\n<li>S uputama za monta\u017eu i vijcima.\u00a0Jednostavna instalacija.<\/li>\n<\/ul>\n","protected":false},"excerpt":{"rendered":"<p>Moderna stolica za djecu<\/p>\n<p>Ovi proizvodi su lagani i \u010dvrsti i djeca &#8230; <\/p>\n","protected":false},"featured_media":33935,"template":"","meta":[],"product_cat":[2408],"product_tag":[2410,3958,3959],"yoast_head":"<!-- This site is optimized with the Yoast SEO plugin v23.7 - https:\/\/yoast.com\/wordpress\/plugins\/seo\/ -->\n<title>Dje\u010dja stolica skandi - Inti<\/title>\n<meta name=\"description\" content=\"Moderna stolica za djecuOvi proizvodi su lagani i \u010dvrsti i djeca lako rukuju, nemaju o\u0161trih rubova ili rubova koji bi djecu mogli ozlijediti.Idealno za obitelji s djecom te za bake i djedove koje posje\u0107uju njihovi unuci.\" \/>\n<meta name=\"robots\" content=\"index, follow, max-snippet:-1, max-image-preview:large, max-video-preview:-1\" \/>\n<link rel=\"canonical\" href=\"https:\/\/inti.hr\/bs\/proizvod\/djecja-stolica-skandi\/\" \/>\n<meta property=\"og:locale\" content=\"bs_BA\" \/>\n<meta property=\"og:type\" content=\"article\" \/>\n<meta property=\"og:title\" content=\"Dje\u010dja stolica skandi - Inti\" \/>\n<meta property=\"og:description\" content=\"Moderna stolica za djecuOvi proizvodi su lagani i \u010dvrsti i djeca lako rukuju, nemaju o\u0161trih rubova ili rubova koji bi djecu mogli ozlijediti.Idealno za obitelji s djecom te za bake i djedove koje posje\u0107uju njihovi unuci.\" \/>\n<meta property=\"og:url\" content=\"https:\/\/inti.hr\/bs\/proizvod\/djecja-stolica-skandi\/\" \/>\n<meta property=\"og:site_name\" content=\"Inti\" \/>\n<meta property=\"og:image\" content=\"https:\/\/i0.wp.com\/inti.hr\/wp-content\/uploads\/2022\/05\/FST46-P-Y004_670x.webp?fit=670%2C670&ssl=1\" \/>\n\t<meta property=\"og:image:width\" content=\"670\" \/>\n\t<meta property=\"og:image:height\" content=\"670\" \/>\n\t<meta property=\"og:image:type\" content=\"image\/webp\" \/>\n<meta name=\"twitter:card\" content=\"summary_large_image\" \/>\n<script type=\"application\/ld+json\" class=\"yoast-schema-graph\">{\"@context\":\"https:\/\/schema.org\",\"@graph\":[{\"@type\":\"WebPage\",\"@id\":\"https:\/\/inti.hr\/bs\/proizvod\/djecja-stolica-skandi\/\",\"url\":\"https:\/\/inti.hr\/bs\/proizvod\/djecja-stolica-skandi\/\",\"name\":\"Dje\u010dja stolica skandi - Inti\",\"isPartOf\":{\"@id\":\"https:\/\/inti.hr\/bs\/#website\"},\"primaryImageOfPage\":{\"@id\":\"https:\/\/inti.hr\/bs\/proizvod\/djecja-stolica-skandi\/#primaryimage\"},\"image\":{\"@id\":\"https:\/\/inti.hr\/bs\/proizvod\/djecja-stolica-skandi\/#primaryimage\"},\"thumbnailUrl\":\"https:\/\/i0.wp.com\/inti.hr\/wp-content\/uploads\/2022\/05\/FST46-P-Y004_670x.webp?fit=670%2C670&ssl=1\",\"datePublished\":\"2022-05-26T12:12:06+00:00\",\"dateModified\":\"2022-05-26T12:12:06+00:00\",\"description\":\"Moderna stolica za djecuOvi proizvodi su lagani i \u010dvrsti i djeca lako rukuju, nemaju o\u0161trih rubova ili rubova koji bi djecu mogli ozlijediti.Idealno za obitelji s djecom te za bake i djedove koje posje\u0107uju njihovi unuci.\",\"breadcrumb\":{\"@id\":\"https:\/\/inti.hr\/bs\/proizvod\/djecja-stolica-skandi\/#breadcrumb\"},\"inLanguage\":\"bs-BA\",\"potentialAction\":[{\"@type\":\"ReadAction\",\"target\":[\"https:\/\/inti.hr\/bs\/proizvod\/djecja-stolica-skandi\/\"]}]},{\"@type\":\"ImageObject\",\"inLanguage\":\"bs-BA\",\"@id\":\"https:\/\/inti.hr\/bs\/proizvod\/djecja-stolica-skandi\/#primaryimage\",\"url\":\"https:\/\/i0.wp.com\/inti.hr\/wp-content\/uploads\/2022\/05\/FST46-P-Y004_670x.webp?fit=670%2C670&ssl=1\",\"contentUrl\":\"https:\/\/i0.wp.com\/inti.hr\/wp-content\/uploads\/2022\/05\/FST46-P-Y004_670x.webp?fit=670%2C670&ssl=1\",\"width\":670,\"height\":670},{\"@type\":\"BreadcrumbList\",\"@id\":\"https:\/\/inti.hr\/bs\/proizvod\/djecja-stolica-skandi\/#breadcrumb\",\"itemListElement\":[{\"@type\":\"ListItem\",\"position\":1,\"name\":\"Po\u010detna stranica\",\"item\":\"https:\/\/inti.hr\/bs\/\"},{\"@type\":\"ListItem\",\"position\":2,\"name\":\"Trgovina\",\"item\":\"https:\/\/inti.hr\/bs\/trgovina\/\"},{\"@type\":\"ListItem\",\"position\":3,\"name\":\"Dje\u010dja stolica skandi\"}]},{\"@type\":\"WebSite\",\"@id\":\"https:\/\/inti.hr\/bs\/#website\",\"url\":\"https:\/\/inti.hr\/bs\/\",\"name\":\"Inti\",\"description\":\"trgovina\",\"potentialAction\":[{\"@type\":\"SearchAction\",\"target\":{\"@type\":\"EntryPoint\",\"urlTemplate\":\"https:\/\/inti.hr\/bs\/?s={search_term_string}\"},\"query-input\":{\"@type\":\"PropertyValueSpecification\",\"valueRequired\":true,\"valueName\":\"search_term_string\"}}],\"inLanguage\":\"bs-BA\"}]}<\/script>\n<!-- \/ Yoast SEO plugin. -->","yoast_head_json":{"title":"Dje\u010dja stolica skandi - Inti","description":"Moderna stolica za djecuOvi proizvodi su lagani i \u010dvrsti i djeca lako rukuju, nemaju o\u0161trih rubova ili rubova koji bi djecu mogli ozlijediti.Idealno za obitelji s djecom te za bake i djedove koje posje\u0107uju njihovi unuci.","robots":{"index":"index","follow":"follow","max-snippet":"max-snippet:-1","max-image-preview":"max-image-preview:large","max-video-preview":"max-video-preview:-1"},"canonical":"https:\/\/inti.hr\/bs\/proizvod\/djecja-stolica-skandi\/","og_locale":"bs_BA","og_type":"article","og_title":"Dje\u010dja stolica skandi - Inti","og_description":"Moderna stolica za djecuOvi proizvodi su lagani i \u010dvrsti i djeca lako rukuju, nemaju o\u0161trih rubova ili rubova koji bi djecu mogli ozlijediti.Idealno za obitelji s djecom te za bake i djedove koje posje\u0107uju njihovi unuci.","og_url":"https:\/\/inti.hr\/bs\/proizvod\/djecja-stolica-skandi\/","og_site_name":"Inti","og_image":[{"width":670,"height":670,"url":"https:\/\/i0.wp.com\/inti.hr\/wp-content\/uploads\/2022\/05\/FST46-P-Y004_670x.webp?fit=670%2C670&ssl=1","type":"image\/webp"}],"twitter_card":"summary_large_image","schema":{"@context":"https:\/\/schema.org","@graph":[{"@type":"WebPage","@id":"https:\/\/inti.hr\/bs\/proizvod\/djecja-stolica-skandi\/","url":"https:\/\/inti.hr\/bs\/proizvod\/djecja-stolica-skandi\/","name":"Dje\u010dja stolica skandi - Inti","isPartOf":{"@id":"https:\/\/inti.hr\/bs\/#website"},"primaryImageOfPage":{"@id":"https:\/\/inti.hr\/bs\/proizvod\/djecja-stolica-skandi\/#primaryimage"},"image":{"@id":"https:\/\/inti.hr\/bs\/proizvod\/djecja-stolica-skandi\/#primaryimage"},"thumbnailUrl":"https:\/\/i0.wp.com\/inti.hr\/wp-content\/uploads\/2022\/05\/FST46-P-Y004_670x.webp?fit=670%2C670&ssl=1","datePublished":"2022-05-26T12:12:06+00:00","dateModified":"2022-05-26T12:12:06+00:00","description":"Moderna stolica za djecuOvi proizvodi su lagani i \u010dvrsti i djeca lako rukuju, nemaju o\u0161trih rubova ili rubova koji bi djecu mogli ozlijediti.Idealno za obitelji s djecom te za bake i djedove koje posje\u0107uju njihovi unuci.","breadcrumb":{"@id":"https:\/\/inti.hr\/bs\/proizvod\/djecja-stolica-skandi\/#breadcrumb"},"inLanguage":"bs-BA","potentialAction":[{"@type":"ReadAction","target":["https:\/\/inti.hr\/bs\/proizvod\/djecja-stolica-skandi\/"]}]},{"@type":"ImageObject","inLanguage":"bs-BA","@id":"https:\/\/inti.hr\/bs\/proizvod\/djecja-stolica-skandi\/#primaryimage","url":"https:\/\/i0.wp.com\/inti.hr\/wp-content\/uploads\/2022\/05\/FST46-P-Y004_670x.webp?fit=670%2C670&ssl=1","contentUrl":"https:\/\/i0.wp.com\/inti.hr\/wp-content\/uploads\/2022\/05\/FST46-P-Y004_670x.webp?fit=670%2C670&ssl=1","width":670,"height":670},{"@type":"BreadcrumbList","@id":"https:\/\/inti.hr\/bs\/proizvod\/djecja-stolica-skandi\/#breadcrumb","itemListElement":[{"@type":"ListItem","position":1,"name":"Po\u010detna stranica","item":"https:\/\/inti.hr\/bs\/"},{"@type":"ListItem","position":2,"name":"Trgovina","item":"https:\/\/inti.hr\/bs\/trgovina\/"},{"@type":"ListItem","position":3,"name":"Dje\u010dja stolica skandi"}]},{"@type":"WebSite","@id":"https:\/\/inti.hr\/bs\/#website","url":"https:\/\/inti.hr\/bs\/","name":"Inti","description":"trgovina","potentialAction":[{"@type":"SearchAction","target":{"@type":"EntryPoint","urlTemplate":"https:\/\/inti.hr\/bs\/?s={search_term_string}"},"query-input":{"@type":"PropertyValueSpecification","valueRequired":true,"valueName":"search_term_string"}}],"inLanguage":"bs-BA"}]}},"jetpack_sharing_enabled":true,"jetpack-related-posts":[],"_links":{"self":[{"href":"https:\/\/inti.hr\/bs\/wp-json\/wp\/v2\/product\/33933"}],"collection":[{"href":"https:\/\/inti.hr\/bs\/wp-json\/wp\/v2\/product"}],"about":[{"href":"https:\/\/inti.hr\/bs\/wp-json\/wp\/v2\/types\/product"}],"wp:featuredmedia":[{"embeddable":true,"href":"https:\/\/inti.hr\/bs\/wp-json\/wp\/v2\/media\/33935"}],"wp:attachment":[{"href":"https:\/\/inti.hr\/bs\/wp-json\/wp\/v2\/media?parent=33933"}],"wp:term":[{"taxonomy":"product_cat","embeddable":true,"href":"https:\/\/inti.hr\/bs\/wp-json\/wp\/v2\/product_cat?post=33933"},{"taxonomy":"product_tag","embeddable":true,"href":"https:\/\/inti.hr\/bs\/wp-json\/wp\/v2\/product_tag?post=33933"}],"curies":[{"name":"wp","href":"https:\/\/api.w.org\/{rel}","templated":true}]}}