{"id":33973,"date":"2022-05-10T11:41:57","date_gmt":"2022-05-10T11:41:57","guid":{"rendered":"https:\/\/inti.hr\/product\/stojece-ogledalo-giovinazzo-150x35-cm\/"},"modified":"2022-05-10T11:41:57","modified_gmt":"2022-05-10T11:41:57","slug":"stojece-ogledalo-giovinazzo-150x35-cm","status":"publish","type":"product","link":"https:\/\/inti.hr\/bs\/proizvod\/stojece-ogledalo-giovinazzo-150x35-cm\/","title":{"rendered":"Stoje\u0107e ogledalo Giovinazzo 150&#215;35 cm"},"content":{"rendered":"<p><b>Detalji o proizvodu:<\/b><\/p>\n<p>&#8211; Idealan dodatak za kupaonicu, hodnik, dnevni boravak ili spava\u0107u sobu<br \/>\n&#8211; Mo\u017ee se brzo i slobodno postaviti u bilo koju prostoriju<br \/>\n&#8211; Nagibno ogledalo zahvaljuju\u0107i stabilnom i podesivom postolju<br \/>\n&#8211; Bezvremenski i elegantan dizajn<\/p>\n<p><b>Materijal okvira:<\/b><\/p>\n<p>mdf<\/p>\n<p><b>Dimenzije:<\/b><\/p>\n<p>&#8211; Ukupno (Vx\u0160): 152,8 x 37,8 cm<br \/>\n&#8211; Povr\u0161ina zrcala (Vx\u0160): 150 x 35 cm<br \/>\n&#8211; Debljina okvira: 2,5 cm<\/p>\n","protected":false},"excerpt":{"rendered":"<p>Dekorativno i elegantno, ogledalo pune du\u017eine idealno je za va\u0161 hodnik, &#8230; <\/p>\n","protected":false},"featured_media":33975,"template":"","meta":[],"product_cat":[2392],"product_tag":[2394,3642,3980],"yoast_head":"<!-- This site is optimized with the Yoast SEO plugin v23.7 - https:\/\/yoast.com\/wordpress\/plugins\/seo\/ -->\n<title>Stoje\u0107e ogledalo Giovinazzo 150x35 cm - Inti<\/title>\n<meta name=\"description\" content=\"Dekorativno i elegantno, ogledalo pune du\u017eine idealno je za va\u0161 hodnik, spava\u0107u sobu, garderobu ili gdje god vam je potrebno ogledalo. Svojim bezvremenskim i elegantnim dizajnom prikladan je za svaki \u017eivotni prostor. Nagnuti stalak osigurava stabilno postolje.\" \/>\n<meta name=\"robots\" content=\"index, follow, max-snippet:-1, max-image-preview:large, max-video-preview:-1\" \/>\n<link rel=\"canonical\" href=\"https:\/\/inti.hr\/bs\/proizvod\/stojece-ogledalo-giovinazzo-150x35-cm\/\" \/>\n<meta property=\"og:locale\" content=\"bs_BA\" \/>\n<meta property=\"og:type\" content=\"article\" \/>\n<meta property=\"og:title\" content=\"Stoje\u0107e ogledalo Giovinazzo 150x35 cm - Inti\" \/>\n<meta property=\"og:description\" content=\"Dekorativno i elegantno, ogledalo pune du\u017eine idealno je za va\u0161 hodnik, spava\u0107u sobu, garderobu ili gdje god vam je potrebno ogledalo. Svojim bezvremenskim i elegantnim dizajnom prikladan je za svaki \u017eivotni prostor. Nagnuti stalak osigurava stabilno postolje.\" \/>\n<meta property=\"og:url\" content=\"https:\/\/inti.hr\/bs\/proizvod\/stojece-ogledalo-giovinazzo-150x35-cm\/\" \/>\n<meta property=\"og:site_name\" content=\"Inti\" \/>\n<meta property=\"og:image\" content=\"https:\/\/i0.wp.com\/inti.hr\/wp-content\/uploads\/2022\/05\/2a7d8a157d1e69e10b018da26222b795.webp?fit=2000%2C2000&ssl=1\" \/>\n\t<meta property=\"og:image:width\" content=\"2000\" \/>\n\t<meta property=\"og:image:height\" content=\"2000\" \/>\n\t<meta property=\"og:image:type\" content=\"image\/webp\" \/>\n<meta name=\"twitter:card\" content=\"summary_large_image\" \/>\n<script type=\"application\/ld+json\" class=\"yoast-schema-graph\">{\"@context\":\"https:\/\/schema.org\",\"@graph\":[{\"@type\":\"WebPage\",\"@id\":\"https:\/\/inti.hr\/bs\/proizvod\/stojece-ogledalo-giovinazzo-150x35-cm\/\",\"url\":\"https:\/\/inti.hr\/bs\/proizvod\/stojece-ogledalo-giovinazzo-150x35-cm\/\",\"name\":\"Stoje\u0107e ogledalo Giovinazzo 150x35 cm - Inti\",\"isPartOf\":{\"@id\":\"https:\/\/inti.hr\/bs\/#website\"},\"primaryImageOfPage\":{\"@id\":\"https:\/\/inti.hr\/bs\/proizvod\/stojece-ogledalo-giovinazzo-150x35-cm\/#primaryimage\"},\"image\":{\"@id\":\"https:\/\/inti.hr\/bs\/proizvod\/stojece-ogledalo-giovinazzo-150x35-cm\/#primaryimage\"},\"thumbnailUrl\":\"https:\/\/i0.wp.com\/inti.hr\/wp-content\/uploads\/2022\/05\/2a7d8a157d1e69e10b018da26222b795.webp?fit=2000%2C2000&ssl=1\",\"datePublished\":\"2022-05-10T11:41:57+00:00\",\"dateModified\":\"2022-05-10T11:41:57+00:00\",\"description\":\"Dekorativno i elegantno, ogledalo pune du\u017eine idealno je za va\u0161 hodnik, spava\u0107u sobu, garderobu ili gdje god vam je potrebno ogledalo. Svojim bezvremenskim i elegantnim dizajnom prikladan je za svaki \u017eivotni prostor. Nagnuti stalak osigurava stabilno postolje.\",\"breadcrumb\":{\"@id\":\"https:\/\/inti.hr\/bs\/proizvod\/stojece-ogledalo-giovinazzo-150x35-cm\/#breadcrumb\"},\"inLanguage\":\"bs-BA\",\"potentialAction\":[{\"@type\":\"ReadAction\",\"target\":[\"https:\/\/inti.hr\/bs\/proizvod\/stojece-ogledalo-giovinazzo-150x35-cm\/\"]}]},{\"@type\":\"ImageObject\",\"inLanguage\":\"bs-BA\",\"@id\":\"https:\/\/inti.hr\/bs\/proizvod\/stojece-ogledalo-giovinazzo-150x35-cm\/#primaryimage\",\"url\":\"https:\/\/i0.wp.com\/inti.hr\/wp-content\/uploads\/2022\/05\/2a7d8a157d1e69e10b018da26222b795.webp?fit=2000%2C2000&ssl=1\",\"contentUrl\":\"https:\/\/i0.wp.com\/inti.hr\/wp-content\/uploads\/2022\/05\/2a7d8a157d1e69e10b018da26222b795.webp?fit=2000%2C2000&ssl=1\",\"width\":2000,\"height\":2000},{\"@type\":\"BreadcrumbList\",\"@id\":\"https:\/\/inti.hr\/bs\/proizvod\/stojece-ogledalo-giovinazzo-150x35-cm\/#breadcrumb\",\"itemListElement\":[{\"@type\":\"ListItem\",\"position\":1,\"name\":\"Po\u010detna stranica\",\"item\":\"https:\/\/inti.hr\/bs\/\"},{\"@type\":\"ListItem\",\"position\":2,\"name\":\"Trgovina\",\"item\":\"https:\/\/inti.hr\/bs\/trgovina\/\"},{\"@type\":\"ListItem\",\"position\":3,\"name\":\"Stoje\u0107e ogledalo Giovinazzo 150&#215;35 cm\"}]},{\"@type\":\"WebSite\",\"@id\":\"https:\/\/inti.hr\/bs\/#website\",\"url\":\"https:\/\/inti.hr\/bs\/\",\"name\":\"Inti\",\"description\":\"trgovina\",\"potentialAction\":[{\"@type\":\"SearchAction\",\"target\":{\"@type\":\"EntryPoint\",\"urlTemplate\":\"https:\/\/inti.hr\/bs\/?s={search_term_string}\"},\"query-input\":{\"@type\":\"PropertyValueSpecification\",\"valueRequired\":true,\"valueName\":\"search_term_string\"}}],\"inLanguage\":\"bs-BA\"}]}<\/script>\n<!-- \/ Yoast SEO plugin. -->","yoast_head_json":{"title":"Stoje\u0107e ogledalo Giovinazzo 150x35 cm - Inti","description":"Dekorativno i elegantno, ogledalo pune du\u017eine idealno je za va\u0161 hodnik, spava\u0107u sobu, garderobu ili gdje god vam je potrebno ogledalo. Svojim bezvremenskim i elegantnim dizajnom prikladan je za svaki \u017eivotni prostor. Nagnuti stalak osigurava stabilno postolje.","robots":{"index":"index","follow":"follow","max-snippet":"max-snippet:-1","max-image-preview":"max-image-preview:large","max-video-preview":"max-video-preview:-1"},"canonical":"https:\/\/inti.hr\/bs\/proizvod\/stojece-ogledalo-giovinazzo-150x35-cm\/","og_locale":"bs_BA","og_type":"article","og_title":"Stoje\u0107e ogledalo Giovinazzo 150x35 cm - Inti","og_description":"Dekorativno i elegantno, ogledalo pune du\u017eine idealno je za va\u0161 hodnik, spava\u0107u sobu, garderobu ili gdje god vam je potrebno ogledalo. Svojim bezvremenskim i elegantnim dizajnom prikladan je za svaki \u017eivotni prostor. Nagnuti stalak osigurava stabilno postolje.","og_url":"https:\/\/inti.hr\/bs\/proizvod\/stojece-ogledalo-giovinazzo-150x35-cm\/","og_site_name":"Inti","og_image":[{"width":2000,"height":2000,"url":"https:\/\/i0.wp.com\/inti.hr\/wp-content\/uploads\/2022\/05\/2a7d8a157d1e69e10b018da26222b795.webp?fit=2000%2C2000&ssl=1","type":"image\/webp"}],"twitter_card":"summary_large_image","schema":{"@context":"https:\/\/schema.org","@graph":[{"@type":"WebPage","@id":"https:\/\/inti.hr\/bs\/proizvod\/stojece-ogledalo-giovinazzo-150x35-cm\/","url":"https:\/\/inti.hr\/bs\/proizvod\/stojece-ogledalo-giovinazzo-150x35-cm\/","name":"Stoje\u0107e ogledalo Giovinazzo 150x35 cm - Inti","isPartOf":{"@id":"https:\/\/inti.hr\/bs\/#website"},"primaryImageOfPage":{"@id":"https:\/\/inti.hr\/bs\/proizvod\/stojece-ogledalo-giovinazzo-150x35-cm\/#primaryimage"},"image":{"@id":"https:\/\/inti.hr\/bs\/proizvod\/stojece-ogledalo-giovinazzo-150x35-cm\/#primaryimage"},"thumbnailUrl":"https:\/\/i0.wp.com\/inti.hr\/wp-content\/uploads\/2022\/05\/2a7d8a157d1e69e10b018da26222b795.webp?fit=2000%2C2000&ssl=1","datePublished":"2022-05-10T11:41:57+00:00","dateModified":"2022-05-10T11:41:57+00:00","description":"Dekorativno i elegantno, ogledalo pune du\u017eine idealno je za va\u0161 hodnik, spava\u0107u sobu, garderobu ili gdje god vam je potrebno ogledalo. Svojim bezvremenskim i elegantnim dizajnom prikladan je za svaki \u017eivotni prostor. Nagnuti stalak osigurava stabilno postolje.","breadcrumb":{"@id":"https:\/\/inti.hr\/bs\/proizvod\/stojece-ogledalo-giovinazzo-150x35-cm\/#breadcrumb"},"inLanguage":"bs-BA","potentialAction":[{"@type":"ReadAction","target":["https:\/\/inti.hr\/bs\/proizvod\/stojece-ogledalo-giovinazzo-150x35-cm\/"]}]},{"@type":"ImageObject","inLanguage":"bs-BA","@id":"https:\/\/inti.hr\/bs\/proizvod\/stojece-ogledalo-giovinazzo-150x35-cm\/#primaryimage","url":"https:\/\/i0.wp.com\/inti.hr\/wp-content\/uploads\/2022\/05\/2a7d8a157d1e69e10b018da26222b795.webp?fit=2000%2C2000&ssl=1","contentUrl":"https:\/\/i0.wp.com\/inti.hr\/wp-content\/uploads\/2022\/05\/2a7d8a157d1e69e10b018da26222b795.webp?fit=2000%2C2000&ssl=1","width":2000,"height":2000},{"@type":"BreadcrumbList","@id":"https:\/\/inti.hr\/bs\/proizvod\/stojece-ogledalo-giovinazzo-150x35-cm\/#breadcrumb","itemListElement":[{"@type":"ListItem","position":1,"name":"Po\u010detna stranica","item":"https:\/\/inti.hr\/bs\/"},{"@type":"ListItem","position":2,"name":"Trgovina","item":"https:\/\/inti.hr\/bs\/trgovina\/"},{"@type":"ListItem","position":3,"name":"Stoje\u0107e ogledalo Giovinazzo 150&#215;35 cm"}]},{"@type":"WebSite","@id":"https:\/\/inti.hr\/bs\/#website","url":"https:\/\/inti.hr\/bs\/","name":"Inti","description":"trgovina","potentialAction":[{"@type":"SearchAction","target":{"@type":"EntryPoint","urlTemplate":"https:\/\/inti.hr\/bs\/?s={search_term_string}"},"query-input":{"@type":"PropertyValueSpecification","valueRequired":true,"valueName":"search_term_string"}}],"inLanguage":"bs-BA"}]}},"jetpack_sharing_enabled":true,"jetpack-related-posts":[],"_links":{"self":[{"href":"https:\/\/inti.hr\/bs\/wp-json\/wp\/v2\/product\/33973"}],"collection":[{"href":"https:\/\/inti.hr\/bs\/wp-json\/wp\/v2\/product"}],"about":[{"href":"https:\/\/inti.hr\/bs\/wp-json\/wp\/v2\/types\/product"}],"wp:featuredmedia":[{"embeddable":true,"href":"https:\/\/inti.hr\/bs\/wp-json\/wp\/v2\/media\/33975"}],"wp:attachment":[{"href":"https:\/\/inti.hr\/bs\/wp-json\/wp\/v2\/media?parent=33973"}],"wp:term":[{"taxonomy":"product_cat","embeddable":true,"href":"https:\/\/inti.hr\/bs\/wp-json\/wp\/v2\/product_cat?post=33973"},{"taxonomy":"product_tag","embeddable":true,"href":"https:\/\/inti.hr\/bs\/wp-json\/wp\/v2\/product_tag?post=33973"}],"curies":[{"name":"wp","href":"https:\/\/api.w.org\/{rel}","templated":true}]}}