{"id":34029,"date":"2022-04-28T07:48:02","date_gmt":"2022-04-28T07:48:02","guid":{"rendered":"https:\/\/inti.hr\/product\/barska-stolica-od-barsuna-i-metala-model-heiko\/"},"modified":"2022-04-28T07:48:02","modified_gmt":"2022-04-28T07:48:02","slug":"barska-stolica-od-barsuna-i-metala-model-heiko","status":"publish","type":"product","link":"https:\/\/inti.hr\/bs\/proizvod\/barska-stolica-od-barsuna-i-metala-model-heiko\/","title":{"rendered":"Set od 2 barske stolice od bar\u0161una i crnog metala"},"content":{"rendered":"<p>Detalji proizvoda:<\/p>\n<p>Materijal: drveni panel, bar\u0161un, metal, pamuk<br \/>\nUkupna visina: cca 78,5 cm<br \/>\nVisina sjedala: cca 69,5 cm<br \/>\nRazmak izme\u0111u nogu: 36,5 cm<br \/>\nVisina naslona: cca 11,5 cm<br \/>\nVeli\u010dina sjedala: cca 37,5 \u00d7 34 cm (\u0160 x D)<br \/>\nTe\u017eina s pakiranjem: 12 kg<br \/>\nMaksimalno optere\u0107enje: 120 kg<\/p>\n<p>Mo\u017eete podesiti jastu\u010di\u0107e za stopala prema svojim potrebama. Pogotovo kada ima neravnina u tlu. Prednost je \u0161to je pod za\u0161ti\u0107en od ogrebotina.<br \/>\nIdealno za sve stilove opremanja: ukupna visina je 78,5 cm, a visina sjedala je 69,5 cm. Kada se ne koristi, stolica stane ispod bilo kojeg pulta zahvaljuju\u0107i niskom naslonu. Svojim modernim izgledom i crnim bar\u0161unastim presvlakama s tamnim premazom, stolica za stol pristaje suvremenim ili klasi\u010dnim interijerima.<br \/>\nVelika udobnost: sjedalo barske stolice u potpunosti je presvu\u010deno novim pamukom i ima mekanu bar\u0161unastu presvlaku. Materijali su prozra\u010dni i osiguravaju visoku razinu udobnosti sjedenja. Mali naslon stolice je posebno udoban i daje va\u0161oj trtici dodatnu potporu u le\u0111ima. Oslonac za noge idealno je prilago\u0111en prosje\u010dnom sjedalu i doprinosi udobnom sjede\u0107em polo\u017eaju.<br \/>\nJednostavna monta\u017ea: stolica se isporu\u010duje rastavljena. Uz pomo\u0107 prilo\u017eenih uputa, mo\u017eete brzo zavr\u0161iti monta\u017eu. Pazite da ne zategnete vijke na po\u010detku jer \u0107e se brava kasnije morati podesiti. Provjerite jeste li barsku stolicu postavili stabilno. Sada zategnite sve vijke.<\/p>\n","protected":false},"excerpt":{"rendered":"<p>Barska stolica ima konstrukciju od drvene plo\u010de. Oja\u010dane metalne noge zajedno &#8230; <\/p>\n","protected":false},"featured_media":34031,"template":"","meta":[],"product_cat":[2536],"product_tag":[2918,3998,3999,3763,3790],"yoast_head":"<!-- This site is optimized with the Yoast SEO plugin v23.7 - https:\/\/yoast.com\/wordpress\/plugins\/seo\/ -->\n<title>Set od 2 barske stolice od bar\u0161una i crnog metala - Inti<\/title>\n<meta name=\"description\" content=\"Barska stolica ima konstrukciju od drvene plo\u010de. Oja\u010dane metalne noge zajedno s osloncem za noge koji prolazi oko nogu daju stolici dvostruku sigurnost i stabilnost. Maksimalna nosivost je do 120 kg. Zahvaljuju\u0107i crnom mat premazu, bistro stolica je otporna na hr\u0111u. Svojim elegantnim crnim i jednostavnim, elegantnim stilom, kuhinjska stolica impresionira svaki ukus namje\u0161taja.\" \/>\n<meta name=\"robots\" content=\"index, follow, max-snippet:-1, max-image-preview:large, max-video-preview:-1\" \/>\n<link rel=\"canonical\" href=\"https:\/\/inti.hr\/bs\/proizvod\/barska-stolica-od-barsuna-i-metala-model-heiko\/\" \/>\n<meta property=\"og:locale\" content=\"bs_BA\" \/>\n<meta property=\"og:type\" content=\"article\" \/>\n<meta property=\"og:title\" content=\"Set od 2 barske stolice od bar\u0161una i crnog metala - Inti\" \/>\n<meta property=\"og:description\" content=\"Barska stolica ima konstrukciju od drvene plo\u010de. Oja\u010dane metalne noge zajedno s osloncem za noge koji prolazi oko nogu daju stolici dvostruku sigurnost i stabilnost. Maksimalna nosivost je do 120 kg. Zahvaljuju\u0107i crnom mat premazu, bistro stolica je otporna na hr\u0111u. Svojim elegantnim crnim i jednostavnim, elegantnim stilom, kuhinjska stolica impresionira svaki ukus namje\u0161taja.\" \/>\n<meta property=\"og:url\" content=\"https:\/\/inti.hr\/bs\/proizvod\/barska-stolica-od-barsuna-i-metala-model-heiko\/\" \/>\n<meta property=\"og:site_name\" content=\"Inti\" \/>\n<meta property=\"og:image\" content=\"https:\/\/i0.wp.com\/inti.hr\/wp-content\/uploads\/2022\/04\/Barhocker-Bistrohocker-Samt-Metall-BH296dgr-1-dunkelgrau2.jpg?fit=1280%2C1280&ssl=1\" \/>\n\t<meta property=\"og:image:width\" content=\"1280\" \/>\n\t<meta property=\"og:image:height\" content=\"1280\" \/>\n\t<meta property=\"og:image:type\" content=\"image\/jpeg\" \/>\n<meta name=\"twitter:card\" content=\"summary_large_image\" \/>\n<meta name=\"twitter:label1\" content=\"Est. reading time\" \/>\n\t<meta name=\"twitter:data1\" content=\"1 minuta\" \/>\n<script type=\"application\/ld+json\" class=\"yoast-schema-graph\">{\"@context\":\"https:\/\/schema.org\",\"@graph\":[{\"@type\":\"WebPage\",\"@id\":\"https:\/\/inti.hr\/bs\/proizvod\/barska-stolica-od-barsuna-i-metala-model-heiko\/\",\"url\":\"https:\/\/inti.hr\/bs\/proizvod\/barska-stolica-od-barsuna-i-metala-model-heiko\/\",\"name\":\"Set od 2 barske stolice od bar\u0161una i crnog metala - Inti\",\"isPartOf\":{\"@id\":\"https:\/\/inti.hr\/bs\/#website\"},\"primaryImageOfPage\":{\"@id\":\"https:\/\/inti.hr\/bs\/proizvod\/barska-stolica-od-barsuna-i-metala-model-heiko\/#primaryimage\"},\"image\":{\"@id\":\"https:\/\/inti.hr\/bs\/proizvod\/barska-stolica-od-barsuna-i-metala-model-heiko\/#primaryimage\"},\"thumbnailUrl\":\"https:\/\/i0.wp.com\/inti.hr\/wp-content\/uploads\/2022\/04\/Barhocker-Bistrohocker-Samt-Metall-BH296dgr-1-dunkelgrau2.jpg?fit=1280%2C1280&ssl=1\",\"datePublished\":\"2022-04-28T07:48:02+00:00\",\"dateModified\":\"2022-04-28T07:48:02+00:00\",\"description\":\"Barska stolica ima konstrukciju od drvene plo\u010de. Oja\u010dane metalne noge zajedno s osloncem za noge koji prolazi oko nogu daju stolici dvostruku sigurnost i stabilnost. Maksimalna nosivost je do 120 kg. Zahvaljuju\u0107i crnom mat premazu, bistro stolica je otporna na hr\u0111u. Svojim elegantnim crnim i jednostavnim, elegantnim stilom, kuhinjska stolica impresionira svaki ukus namje\u0161taja.\",\"breadcrumb\":{\"@id\":\"https:\/\/inti.hr\/bs\/proizvod\/barska-stolica-od-barsuna-i-metala-model-heiko\/#breadcrumb\"},\"inLanguage\":\"bs-BA\",\"potentialAction\":[{\"@type\":\"ReadAction\",\"target\":[\"https:\/\/inti.hr\/bs\/proizvod\/barska-stolica-od-barsuna-i-metala-model-heiko\/\"]}]},{\"@type\":\"ImageObject\",\"inLanguage\":\"bs-BA\",\"@id\":\"https:\/\/inti.hr\/bs\/proizvod\/barska-stolica-od-barsuna-i-metala-model-heiko\/#primaryimage\",\"url\":\"https:\/\/i0.wp.com\/inti.hr\/wp-content\/uploads\/2022\/04\/Barhocker-Bistrohocker-Samt-Metall-BH296dgr-1-dunkelgrau2.jpg?fit=1280%2C1280&ssl=1\",\"contentUrl\":\"https:\/\/i0.wp.com\/inti.hr\/wp-content\/uploads\/2022\/04\/Barhocker-Bistrohocker-Samt-Metall-BH296dgr-1-dunkelgrau2.jpg?fit=1280%2C1280&ssl=1\",\"width\":1280,\"height\":1280,\"caption\":\"Set od 2 barske stolice od bar\u0161una i crnog metala\"},{\"@type\":\"BreadcrumbList\",\"@id\":\"https:\/\/inti.hr\/bs\/proizvod\/barska-stolica-od-barsuna-i-metala-model-heiko\/#breadcrumb\",\"itemListElement\":[{\"@type\":\"ListItem\",\"position\":1,\"name\":\"Po\u010detna stranica\",\"item\":\"https:\/\/inti.hr\/bs\/\"},{\"@type\":\"ListItem\",\"position\":2,\"name\":\"Trgovina\",\"item\":\"https:\/\/inti.hr\/bs\/trgovina\/\"},{\"@type\":\"ListItem\",\"position\":3,\"name\":\"Set od 2 barske stolice od bar\u0161una i crnog metala\"}]},{\"@type\":\"WebSite\",\"@id\":\"https:\/\/inti.hr\/bs\/#website\",\"url\":\"https:\/\/inti.hr\/bs\/\",\"name\":\"Inti\",\"description\":\"trgovina\",\"potentialAction\":[{\"@type\":\"SearchAction\",\"target\":{\"@type\":\"EntryPoint\",\"urlTemplate\":\"https:\/\/inti.hr\/bs\/?s={search_term_string}\"},\"query-input\":{\"@type\":\"PropertyValueSpecification\",\"valueRequired\":true,\"valueName\":\"search_term_string\"}}],\"inLanguage\":\"bs-BA\"}]}<\/script>\n<!-- \/ Yoast SEO plugin. -->","yoast_head_json":{"title":"Set od 2 barske stolice od bar\u0161una i crnog metala - Inti","description":"Barska stolica ima konstrukciju od drvene plo\u010de. Oja\u010dane metalne noge zajedno s osloncem za noge koji prolazi oko nogu daju stolici dvostruku sigurnost i stabilnost. Maksimalna nosivost je do 120 kg. Zahvaljuju\u0107i crnom mat premazu, bistro stolica je otporna na hr\u0111u. Svojim elegantnim crnim i jednostavnim, elegantnim stilom, kuhinjska stolica impresionira svaki ukus namje\u0161taja.","robots":{"index":"index","follow":"follow","max-snippet":"max-snippet:-1","max-image-preview":"max-image-preview:large","max-video-preview":"max-video-preview:-1"},"canonical":"https:\/\/inti.hr\/bs\/proizvod\/barska-stolica-od-barsuna-i-metala-model-heiko\/","og_locale":"bs_BA","og_type":"article","og_title":"Set od 2 barske stolice od bar\u0161una i crnog metala - Inti","og_description":"Barska stolica ima konstrukciju od drvene plo\u010de. Oja\u010dane metalne noge zajedno s osloncem za noge koji prolazi oko nogu daju stolici dvostruku sigurnost i stabilnost. Maksimalna nosivost je do 120 kg. Zahvaljuju\u0107i crnom mat premazu, bistro stolica je otporna na hr\u0111u. Svojim elegantnim crnim i jednostavnim, elegantnim stilom, kuhinjska stolica impresionira svaki ukus namje\u0161taja.","og_url":"https:\/\/inti.hr\/bs\/proizvod\/barska-stolica-od-barsuna-i-metala-model-heiko\/","og_site_name":"Inti","og_image":[{"width":1280,"height":1280,"url":"https:\/\/i0.wp.com\/inti.hr\/wp-content\/uploads\/2022\/04\/Barhocker-Bistrohocker-Samt-Metall-BH296dgr-1-dunkelgrau2.jpg?fit=1280%2C1280&ssl=1","type":"image\/jpeg"}],"twitter_card":"summary_large_image","twitter_misc":{"Est. reading time":"1 minuta"},"schema":{"@context":"https:\/\/schema.org","@graph":[{"@type":"WebPage","@id":"https:\/\/inti.hr\/bs\/proizvod\/barska-stolica-od-barsuna-i-metala-model-heiko\/","url":"https:\/\/inti.hr\/bs\/proizvod\/barska-stolica-od-barsuna-i-metala-model-heiko\/","name":"Set od 2 barske stolice od bar\u0161una i crnog metala - Inti","isPartOf":{"@id":"https:\/\/inti.hr\/bs\/#website"},"primaryImageOfPage":{"@id":"https:\/\/inti.hr\/bs\/proizvod\/barska-stolica-od-barsuna-i-metala-model-heiko\/#primaryimage"},"image":{"@id":"https:\/\/inti.hr\/bs\/proizvod\/barska-stolica-od-barsuna-i-metala-model-heiko\/#primaryimage"},"thumbnailUrl":"https:\/\/i0.wp.com\/inti.hr\/wp-content\/uploads\/2022\/04\/Barhocker-Bistrohocker-Samt-Metall-BH296dgr-1-dunkelgrau2.jpg?fit=1280%2C1280&ssl=1","datePublished":"2022-04-28T07:48:02+00:00","dateModified":"2022-04-28T07:48:02+00:00","description":"Barska stolica ima konstrukciju od drvene plo\u010de. Oja\u010dane metalne noge zajedno s osloncem za noge koji prolazi oko nogu daju stolici dvostruku sigurnost i stabilnost. Maksimalna nosivost je do 120 kg. Zahvaljuju\u0107i crnom mat premazu, bistro stolica je otporna na hr\u0111u. Svojim elegantnim crnim i jednostavnim, elegantnim stilom, kuhinjska stolica impresionira svaki ukus namje\u0161taja.","breadcrumb":{"@id":"https:\/\/inti.hr\/bs\/proizvod\/barska-stolica-od-barsuna-i-metala-model-heiko\/#breadcrumb"},"inLanguage":"bs-BA","potentialAction":[{"@type":"ReadAction","target":["https:\/\/inti.hr\/bs\/proizvod\/barska-stolica-od-barsuna-i-metala-model-heiko\/"]}]},{"@type":"ImageObject","inLanguage":"bs-BA","@id":"https:\/\/inti.hr\/bs\/proizvod\/barska-stolica-od-barsuna-i-metala-model-heiko\/#primaryimage","url":"https:\/\/i0.wp.com\/inti.hr\/wp-content\/uploads\/2022\/04\/Barhocker-Bistrohocker-Samt-Metall-BH296dgr-1-dunkelgrau2.jpg?fit=1280%2C1280&ssl=1","contentUrl":"https:\/\/i0.wp.com\/inti.hr\/wp-content\/uploads\/2022\/04\/Barhocker-Bistrohocker-Samt-Metall-BH296dgr-1-dunkelgrau2.jpg?fit=1280%2C1280&ssl=1","width":1280,"height":1280,"caption":"Set od 2 barske stolice od bar\u0161una i crnog metala"},{"@type":"BreadcrumbList","@id":"https:\/\/inti.hr\/bs\/proizvod\/barska-stolica-od-barsuna-i-metala-model-heiko\/#breadcrumb","itemListElement":[{"@type":"ListItem","position":1,"name":"Po\u010detna stranica","item":"https:\/\/inti.hr\/bs\/"},{"@type":"ListItem","position":2,"name":"Trgovina","item":"https:\/\/inti.hr\/bs\/trgovina\/"},{"@type":"ListItem","position":3,"name":"Set od 2 barske stolice od bar\u0161una i crnog metala"}]},{"@type":"WebSite","@id":"https:\/\/inti.hr\/bs\/#website","url":"https:\/\/inti.hr\/bs\/","name":"Inti","description":"trgovina","potentialAction":[{"@type":"SearchAction","target":{"@type":"EntryPoint","urlTemplate":"https:\/\/inti.hr\/bs\/?s={search_term_string}"},"query-input":{"@type":"PropertyValueSpecification","valueRequired":true,"valueName":"search_term_string"}}],"inLanguage":"bs-BA"}]}},"jetpack_sharing_enabled":true,"jetpack-related-posts":[],"_links":{"self":[{"href":"https:\/\/inti.hr\/bs\/wp-json\/wp\/v2\/product\/34029"}],"collection":[{"href":"https:\/\/inti.hr\/bs\/wp-json\/wp\/v2\/product"}],"about":[{"href":"https:\/\/inti.hr\/bs\/wp-json\/wp\/v2\/types\/product"}],"wp:featuredmedia":[{"embeddable":true,"href":"https:\/\/inti.hr\/bs\/wp-json\/wp\/v2\/media\/34031"}],"wp:attachment":[{"href":"https:\/\/inti.hr\/bs\/wp-json\/wp\/v2\/media?parent=34029"}],"wp:term":[{"taxonomy":"product_cat","embeddable":true,"href":"https:\/\/inti.hr\/bs\/wp-json\/wp\/v2\/product_cat?post=34029"},{"taxonomy":"product_tag","embeddable":true,"href":"https:\/\/inti.hr\/bs\/wp-json\/wp\/v2\/product_tag?post=34029"}],"curies":[{"name":"wp","href":"https:\/\/api.w.org\/{rel}","templated":true}]}}