{"id":34259,"date":"2022-02-04T10:04:32","date_gmt":"2022-02-04T10:04:32","guid":{"rendered":"https:\/\/inti.hr\/product\/set-od-2-pomocna-stola-s-drvenim-nogama-za-odlaganje\/"},"modified":"2022-02-04T10:04:32","modified_gmt":"2022-02-04T10:04:32","slug":"set-od-2-pomocna-stola-s-drvenim-nogama-za-odlaganje","status":"publish","type":"product","link":"https:\/\/inti.hr\/bs\/proizvod\/set-od-2-pomocna-stola-s-drvenim-nogama-za-odlaganje\/","title":{"rendered":"Set od 2 pomo\u0107na stola s drvenim nogama za odlaganje"},"content":{"rendered":"<p>Detalji proizvoda:<\/p>\n<ul>\n<li>\u00a0\u00a0\u00a0 Materijal: MDF plo\u010da + puno drvo<\/li>\n<li>\u00a0\u00a0\u00a0 Dimenzije (D x \u0160 x V): 38 cm x 38 cm x 49 cm<\/li>\n<li>\u00a0\u00a0\u00a0 Neto te\u017eina: 4,4 kg<\/li>\n<li>\u00a0 \u00a0 Boja: bijela, siva<\/li>\n<li>\u00a0\u00a0\u00a0 Nosivost: 5 kg<\/li>\n<\/ul>\n","protected":false},"excerpt":{"rendered":"<ul>\n<li>\u00a0\u00a0\u00a0 Plo\u010da stola pru\u017ea prostor za lampu za \u010ditanje, telefon, &#8230;<br \/>\n","protected":false},"featured_media":34260,"template":"","meta":[],"product_cat":[2414],"product_tag":[4086,2673],"yoast_head":"<!-- This site is optimized with the Yoast SEO plugin v23.7 - https:\/\/yoast.com\/wordpress\/plugins\/seo\/ -->\n<title>Set od 2 pomo\u0107na stola s drvenim nogama za odlaganje - Inti<\/title>\n<meta name=\"description\" content=\"Plo\u010da stola pru\u017ea prostor za lampu za \u010ditanje, telefon, okvir za slike itd. S dva pretinca za pohranu, dovoljno prostora za odlaganje knjiga, \u010dasopisa ili drugih sitnica. Izra\u0111ena od visokokvalitetne MDF plo\u010de, koja odgovara klasi E1; noge od punog drveta. Drvena plo\u010da s jakim povr\u0161inskim filmom, vodootporna, otporna na ogrebotine i jednostavna za odr\u017eavanje. Noge s podnim za\u0161titnim jastu\u010di\u0107ima \u0161tite va\u0161 pod od grebanja i smanjuju buku pri kretanju. Dolazi s uputama za monta\u017eu i monta\u017eu, no\u0107ni ormari\u0107 se lako i brzo sastavlja.\" \/>\n<meta name=\"robots\" content=\"index, follow, max-snippet:-1, max-image-preview:large, max-video-preview:-1\" \/>\n<link rel=\"canonical\" href=\"https:\/\/inti.hr\/bs\/proizvod\/set-od-2-pomocna-stola-s-drvenim-nogama-za-odlaganje\/\" \/>\n<meta property=\"og:locale\" content=\"bs_BA\" \/>\n<meta property=\"og:type\" content=\"article\" \/>\n<meta property=\"og:title\" content=\"Set od 2 pomo\u0107na stola s drvenim nogama za odlaganje - Inti\" \/>\n<meta property=\"og:description\" content=\"Plo\u010da stola pru\u017ea prostor za lampu za \u010ditanje, telefon, okvir za slike itd. S dva pretinca za pohranu, dovoljno prostora za odlaganje knjiga, \u010dasopisa ili drugih sitnica. Izra\u0111ena od visokokvalitetne MDF plo\u010de, koja odgovara klasi E1; noge od punog drveta. Drvena plo\u010da s jakim povr\u0161inskim filmom, vodootporna, otporna na ogrebotine i jednostavna za odr\u017eavanje. Noge s podnim za\u0161titnim jastu\u010di\u0107ima \u0161tite va\u0161 pod od grebanja i smanjuju buku pri kretanju. Dolazi s uputama za monta\u017eu i monta\u017eu, no\u0107ni ormari\u0107 se lako i brzo sastavlja.\" \/>\n<meta property=\"og:url\" content=\"https:\/\/inti.hr\/bs\/proizvod\/set-od-2-pomocna-stola-s-drvenim-nogama-za-odlaganje\/\" \/>\n<meta property=\"og:site_name\" content=\"Inti\" \/>\n<meta property=\"og:image\" content=\"https:\/\/i0.wp.com\/inti.hr\/wp-content\/uploads\/2022\/02\/2er-Set-Beistelltisch-mit-Stauraum-Beinen-aus-Holz-TS50gr-2-MA-grau2.jpg?fit=1500%2C1500&ssl=1\" \/>\n\t<meta property=\"og:image:width\" content=\"1500\" \/>\n\t<meta property=\"og:image:height\" content=\"1500\" \/>\n\t<meta property=\"og:image:type\" content=\"image\/jpeg\" \/>\n<meta name=\"twitter:card\" content=\"summary_large_image\" \/>\n<script type=\"application\/ld+json\" class=\"yoast-schema-graph\">{\"@context\":\"https:\/\/schema.org\",\"@graph\":[{\"@type\":\"WebPage\",\"@id\":\"https:\/\/inti.hr\/bs\/proizvod\/set-od-2-pomocna-stola-s-drvenim-nogama-za-odlaganje\/\",\"url\":\"https:\/\/inti.hr\/bs\/proizvod\/set-od-2-pomocna-stola-s-drvenim-nogama-za-odlaganje\/\",\"name\":\"Set od 2 pomo\u0107na stola s drvenim nogama za odlaganje - Inti\",\"isPartOf\":{\"@id\":\"https:\/\/inti.hr\/bs\/#website\"},\"primaryImageOfPage\":{\"@id\":\"https:\/\/inti.hr\/bs\/proizvod\/set-od-2-pomocna-stola-s-drvenim-nogama-za-odlaganje\/#primaryimage\"},\"image\":{\"@id\":\"https:\/\/inti.hr\/bs\/proizvod\/set-od-2-pomocna-stola-s-drvenim-nogama-za-odlaganje\/#primaryimage\"},\"thumbnailUrl\":\"https:\/\/i0.wp.com\/inti.hr\/wp-content\/uploads\/2022\/02\/2er-Set-Beistelltisch-mit-Stauraum-Beinen-aus-Holz-TS50gr-2-MA-grau2.jpg?fit=1500%2C1500&ssl=1\",\"datePublished\":\"2022-02-04T10:04:32+00:00\",\"dateModified\":\"2022-02-04T10:04:32+00:00\",\"description\":\"Plo\u010da stola pru\u017ea prostor za lampu za \u010ditanje, telefon, okvir za slike itd. S dva pretinca za pohranu, dovoljno prostora za odlaganje knjiga, \u010dasopisa ili drugih sitnica. Izra\u0111ena od visokokvalitetne MDF plo\u010de, koja odgovara klasi E1; noge od punog drveta. Drvena plo\u010da s jakim povr\u0161inskim filmom, vodootporna, otporna na ogrebotine i jednostavna za odr\u017eavanje. Noge s podnim za\u0161titnim jastu\u010di\u0107ima \u0161tite va\u0161 pod od grebanja i smanjuju buku pri kretanju. Dolazi s uputama za monta\u017eu i monta\u017eu, no\u0107ni ormari\u0107 se lako i brzo sastavlja.\",\"breadcrumb\":{\"@id\":\"https:\/\/inti.hr\/bs\/proizvod\/set-od-2-pomocna-stola-s-drvenim-nogama-za-odlaganje\/#breadcrumb\"},\"inLanguage\":\"bs-BA\",\"potentialAction\":[{\"@type\":\"ReadAction\",\"target\":[\"https:\/\/inti.hr\/bs\/proizvod\/set-od-2-pomocna-stola-s-drvenim-nogama-za-odlaganje\/\"]}]},{\"@type\":\"ImageObject\",\"inLanguage\":\"bs-BA\",\"@id\":\"https:\/\/inti.hr\/bs\/proizvod\/set-od-2-pomocna-stola-s-drvenim-nogama-za-odlaganje\/#primaryimage\",\"url\":\"https:\/\/i0.wp.com\/inti.hr\/wp-content\/uploads\/2022\/02\/2er-Set-Beistelltisch-mit-Stauraum-Beinen-aus-Holz-TS50gr-2-MA-grau2.jpg?fit=1500%2C1500&ssl=1\",\"contentUrl\":\"https:\/\/i0.wp.com\/inti.hr\/wp-content\/uploads\/2022\/02\/2er-Set-Beistelltisch-mit-Stauraum-Beinen-aus-Holz-TS50gr-2-MA-grau2.jpg?fit=1500%2C1500&ssl=1\",\"width\":1500,\"height\":1500},{\"@type\":\"BreadcrumbList\",\"@id\":\"https:\/\/inti.hr\/bs\/proizvod\/set-od-2-pomocna-stola-s-drvenim-nogama-za-odlaganje\/#breadcrumb\",\"itemListElement\":[{\"@type\":\"ListItem\",\"position\":1,\"name\":\"Po\u010detna stranica\",\"item\":\"https:\/\/inti.hr\/bs\/\"},{\"@type\":\"ListItem\",\"position\":2,\"name\":\"Trgovina\",\"item\":\"https:\/\/inti.hr\/bs\/trgovina\/\"},{\"@type\":\"ListItem\",\"position\":3,\"name\":\"Set od 2 pomo\u0107na stola s drvenim nogama za odlaganje\"}]},{\"@type\":\"WebSite\",\"@id\":\"https:\/\/inti.hr\/bs\/#website\",\"url\":\"https:\/\/inti.hr\/bs\/\",\"name\":\"Inti\",\"description\":\"trgovina\",\"potentialAction\":[{\"@type\":\"SearchAction\",\"target\":{\"@type\":\"EntryPoint\",\"urlTemplate\":\"https:\/\/inti.hr\/bs\/?s={search_term_string}\"},\"query-input\":{\"@type\":\"PropertyValueSpecification\",\"valueRequired\":true,\"valueName\":\"search_term_string\"}}],\"inLanguage\":\"bs-BA\"}]}<\/script>\n<!-- \/ Yoast SEO plugin. -->","yoast_head_json":{"title":"Set od 2 pomo\u0107na stola s drvenim nogama za odlaganje - Inti","description":"Plo\u010da stola pru\u017ea prostor za lampu za \u010ditanje, telefon, okvir za slike itd. S dva pretinca za pohranu, dovoljno prostora za odlaganje knjiga, \u010dasopisa ili drugih sitnica. Izra\u0111ena od visokokvalitetne MDF plo\u010de, koja odgovara klasi E1; noge od punog drveta. Drvena plo\u010da s jakim povr\u0161inskim filmom, vodootporna, otporna na ogrebotine i jednostavna za odr\u017eavanje. Noge s podnim za\u0161titnim jastu\u010di\u0107ima \u0161tite va\u0161 pod od grebanja i smanjuju buku pri kretanju. Dolazi s uputama za monta\u017eu i monta\u017eu, no\u0107ni ormari\u0107 se lako i brzo sastavlja.","robots":{"index":"index","follow":"follow","max-snippet":"max-snippet:-1","max-image-preview":"max-image-preview:large","max-video-preview":"max-video-preview:-1"},"canonical":"https:\/\/inti.hr\/bs\/proizvod\/set-od-2-pomocna-stola-s-drvenim-nogama-za-odlaganje\/","og_locale":"bs_BA","og_type":"article","og_title":"Set od 2 pomo\u0107na stola s drvenim nogama za odlaganje - Inti","og_description":"Plo\u010da stola pru\u017ea prostor za lampu za \u010ditanje, telefon, okvir za slike itd. S dva pretinca za pohranu, dovoljno prostora za odlaganje knjiga, \u010dasopisa ili drugih sitnica. Izra\u0111ena od visokokvalitetne MDF plo\u010de, koja odgovara klasi E1; noge od punog drveta. Drvena plo\u010da s jakim povr\u0161inskim filmom, vodootporna, otporna na ogrebotine i jednostavna za odr\u017eavanje. Noge s podnim za\u0161titnim jastu\u010di\u0107ima \u0161tite va\u0161 pod od grebanja i smanjuju buku pri kretanju. Dolazi s uputama za monta\u017eu i monta\u017eu, no\u0107ni ormari\u0107 se lako i brzo sastavlja.","og_url":"https:\/\/inti.hr\/bs\/proizvod\/set-od-2-pomocna-stola-s-drvenim-nogama-za-odlaganje\/","og_site_name":"Inti","og_image":[{"width":1500,"height":1500,"url":"https:\/\/i0.wp.com\/inti.hr\/wp-content\/uploads\/2022\/02\/2er-Set-Beistelltisch-mit-Stauraum-Beinen-aus-Holz-TS50gr-2-MA-grau2.jpg?fit=1500%2C1500&ssl=1","type":"image\/jpeg"}],"twitter_card":"summary_large_image","schema":{"@context":"https:\/\/schema.org","@graph":[{"@type":"WebPage","@id":"https:\/\/inti.hr\/bs\/proizvod\/set-od-2-pomocna-stola-s-drvenim-nogama-za-odlaganje\/","url":"https:\/\/inti.hr\/bs\/proizvod\/set-od-2-pomocna-stola-s-drvenim-nogama-za-odlaganje\/","name":"Set od 2 pomo\u0107na stola s drvenim nogama za odlaganje - Inti","isPartOf":{"@id":"https:\/\/inti.hr\/bs\/#website"},"primaryImageOfPage":{"@id":"https:\/\/inti.hr\/bs\/proizvod\/set-od-2-pomocna-stola-s-drvenim-nogama-za-odlaganje\/#primaryimage"},"image":{"@id":"https:\/\/inti.hr\/bs\/proizvod\/set-od-2-pomocna-stola-s-drvenim-nogama-za-odlaganje\/#primaryimage"},"thumbnailUrl":"https:\/\/i0.wp.com\/inti.hr\/wp-content\/uploads\/2022\/02\/2er-Set-Beistelltisch-mit-Stauraum-Beinen-aus-Holz-TS50gr-2-MA-grau2.jpg?fit=1500%2C1500&ssl=1","datePublished":"2022-02-04T10:04:32+00:00","dateModified":"2022-02-04T10:04:32+00:00","description":"Plo\u010da stola pru\u017ea prostor za lampu za \u010ditanje, telefon, okvir za slike itd. S dva pretinca za pohranu, dovoljno prostora za odlaganje knjiga, \u010dasopisa ili drugih sitnica. Izra\u0111ena od visokokvalitetne MDF plo\u010de, koja odgovara klasi E1; noge od punog drveta. Drvena plo\u010da s jakim povr\u0161inskim filmom, vodootporna, otporna na ogrebotine i jednostavna za odr\u017eavanje. Noge s podnim za\u0161titnim jastu\u010di\u0107ima \u0161tite va\u0161 pod od grebanja i smanjuju buku pri kretanju. Dolazi s uputama za monta\u017eu i monta\u017eu, no\u0107ni ormari\u0107 se lako i brzo sastavlja.","breadcrumb":{"@id":"https:\/\/inti.hr\/bs\/proizvod\/set-od-2-pomocna-stola-s-drvenim-nogama-za-odlaganje\/#breadcrumb"},"inLanguage":"bs-BA","potentialAction":[{"@type":"ReadAction","target":["https:\/\/inti.hr\/bs\/proizvod\/set-od-2-pomocna-stola-s-drvenim-nogama-za-odlaganje\/"]}]},{"@type":"ImageObject","inLanguage":"bs-BA","@id":"https:\/\/inti.hr\/bs\/proizvod\/set-od-2-pomocna-stola-s-drvenim-nogama-za-odlaganje\/#primaryimage","url":"https:\/\/i0.wp.com\/inti.hr\/wp-content\/uploads\/2022\/02\/2er-Set-Beistelltisch-mit-Stauraum-Beinen-aus-Holz-TS50gr-2-MA-grau2.jpg?fit=1500%2C1500&ssl=1","contentUrl":"https:\/\/i0.wp.com\/inti.hr\/wp-content\/uploads\/2022\/02\/2er-Set-Beistelltisch-mit-Stauraum-Beinen-aus-Holz-TS50gr-2-MA-grau2.jpg?fit=1500%2C1500&ssl=1","width":1500,"height":1500},{"@type":"BreadcrumbList","@id":"https:\/\/inti.hr\/bs\/proizvod\/set-od-2-pomocna-stola-s-drvenim-nogama-za-odlaganje\/#breadcrumb","itemListElement":[{"@type":"ListItem","position":1,"name":"Po\u010detna stranica","item":"https:\/\/inti.hr\/bs\/"},{"@type":"ListItem","position":2,"name":"Trgovina","item":"https:\/\/inti.hr\/bs\/trgovina\/"},{"@type":"ListItem","position":3,"name":"Set od 2 pomo\u0107na stola s drvenim nogama za odlaganje"}]},{"@type":"WebSite","@id":"https:\/\/inti.hr\/bs\/#website","url":"https:\/\/inti.hr\/bs\/","name":"Inti","description":"trgovina","potentialAction":[{"@type":"SearchAction","target":{"@type":"EntryPoint","urlTemplate":"https:\/\/inti.hr\/bs\/?s={search_term_string}"},"query-input":{"@type":"PropertyValueSpecification","valueRequired":true,"valueName":"search_term_string"}}],"inLanguage":"bs-BA"}]}},"jetpack_sharing_enabled":true,"jetpack-related-posts":[],"_links":{"self":[{"href":"https:\/\/inti.hr\/bs\/wp-json\/wp\/v2\/product\/34259"}],"collection":[{"href":"https:\/\/inti.hr\/bs\/wp-json\/wp\/v2\/product"}],"about":[{"href":"https:\/\/inti.hr\/bs\/wp-json\/wp\/v2\/types\/product"}],"wp:featuredmedia":[{"embeddable":true,"href":"https:\/\/inti.hr\/bs\/wp-json\/wp\/v2\/media\/34260"}],"wp:attachment":[{"href":"https:\/\/inti.hr\/bs\/wp-json\/wp\/v2\/media?parent=34259"}],"wp:term":[{"taxonomy":"product_cat","embeddable":true,"href":"https:\/\/inti.hr\/bs\/wp-json\/wp\/v2\/product_cat?post=34259"},{"taxonomy":"product_tag","embeddable":true,"href":"https:\/\/inti.hr\/bs\/wp-json\/wp\/v2\/product_tag?post=34259"}],"curies":[{"name":"wp","href":"https:\/\/api.w.org\/{rel}","templated":true}]}}