{"id":34293,"date":"2022-02-02T09:37:06","date_gmt":"2022-02-02T09:37:06","guid":{"rendered":"https:\/\/inti.hr\/product\/toaletni-stolic-led-ogledalo-2-ladice-bijela\/"},"modified":"2022-02-02T09:37:06","modified_gmt":"2022-02-02T09:37:06","slug":"toaletni-stolic-led-ogledalo-2-ladice-bijela","status":"publish","type":"product","link":"https:\/\/inti.hr\/bs\/proizvod\/toaletni-stolic-led-ogledalo-2-ladice-bijela\/","title":{"rendered":"Toaletni stoli\u0107 LED ogledalo 2 ladice bijela"},"content":{"rendered":"<p>Detalji proizvoda:<\/p>\n<ul>\n<li>\n<p class=\"a-spacing-base\">Materijal: PB (klasa E1), metal<\/p>\n<\/li>\n<li>Boja: bijela + zlatna<\/li>\n<li>Dimenzije toaletnog stoli\u0107a: 90 x 135 x 40 cm (\u0160 x V x D)<\/li>\n<li>Dimenzije okvira ogledala: 60 x 60 cm<\/li>\n<li>Dimenzije ogledala: 52 x 47 cm<\/li>\n<li>Dimenzije ladice: 35 x 7,3 x 28 cm (\u0160 x V x D)<\/li>\n<li>Te\u017eina: 28 kg \/ 29,05 kg<\/li>\n<li>Nosivost: 50 kg<\/li>\n<\/ul>\n","protected":false},"excerpt":{"rendered":"<ul>\n<li><strong>Moderan izgled:<\/strong>\u00a0Lakirani toaletni stoli\u0107 od MDF drveta linearnog dizajna za &#8230;<br \/>\n","protected":false},"featured_media":34294,"template":"","meta":[],"product_cat":[2414],"product_tag":[2673,4090],"yoast_head":"<!-- This site is optimized with the Yoast SEO plugin v23.7 - https:\/\/yoast.com\/wordpress\/plugins\/seo\/ -->\n<title>Toaletni stoli\u0107 LED ogledalo 2 ladice bijela - Inti<\/title>\n<meta name=\"description\" content=\"Moderan izgled: Lakirani toaletni stoli\u0107 od MDF drveta linearnog dizajna za spava\u0107e sobe, sobe za mlade ili dje\u010dje sobe.Vrhunski materijali i \u010dvrst okvir: Stol se sastoji od \u010dvrstih metalnih nogu i konstruiranog drva (klasa E1) s premazom od melaminske smole . Zahvaljuju\u0107i \u010dvrstoj strukturi okvira, ne klati se i idealan je za dugotrajnu upotrebu.10 LED svjetala: s 10 LED svjetala, prirodno meko bijelo svjetlo mo\u017ee precizno osvijetliti ton va\u0161e ko\u017ee, daju\u0107i vam tople, svijetle i udobne vizualne efekte, \u0161to olak\u0161ava nano\u0161enje sjenila i \u0161minke.Veliko ogledalo: s velikim, pravokutnim ogledalom mo\u017eete vidjeti svaki korak \u0161minkanja, \u0161to olak\u0161ava stiliziranje i nano\u0161enje \u0161minke.\" \/>\n<meta name=\"robots\" content=\"index, follow, max-snippet:-1, max-image-preview:large, max-video-preview:-1\" \/>\n<link rel=\"canonical\" href=\"https:\/\/inti.hr\/bs\/proizvod\/toaletni-stolic-led-ogledalo-2-ladice-bijela\/\" \/>\n<meta property=\"og:locale\" content=\"bs_BA\" \/>\n<meta property=\"og:type\" content=\"article\" \/>\n<meta property=\"og:title\" content=\"Toaletni stoli\u0107 LED ogledalo 2 ladice bijela - Inti\" \/>\n<meta property=\"og:description\" content=\"Moderan izgled: Lakirani toaletni stoli\u0107 od MDF drveta linearnog dizajna za spava\u0107e sobe, sobe za mlade ili dje\u010dje sobe.Vrhunski materijali i \u010dvrst okvir: Stol se sastoji od \u010dvrstih metalnih nogu i konstruiranog drva (klasa E1) s premazom od melaminske smole . Zahvaljuju\u0107i \u010dvrstoj strukturi okvira, ne klati se i idealan je za dugotrajnu upotrebu.10 LED svjetala: s 10 LED svjetala, prirodno meko bijelo svjetlo mo\u017ee precizno osvijetliti ton va\u0161e ko\u017ee, daju\u0107i vam tople, svijetle i udobne vizualne efekte, \u0161to olak\u0161ava nano\u0161enje sjenila i \u0161minke.Veliko ogledalo: s velikim, pravokutnim ogledalom mo\u017eete vidjeti svaki korak \u0161minkanja, \u0161to olak\u0161ava stiliziranje i nano\u0161enje \u0161minke.\" \/>\n<meta property=\"og:url\" content=\"https:\/\/inti.hr\/bs\/proizvod\/toaletni-stolic-led-ogledalo-2-ladice-bijela\/\" \/>\n<meta property=\"og:site_name\" content=\"Inti\" \/>\n<meta property=\"og:image\" content=\"https:\/\/i0.wp.com\/inti.hr\/wp-content\/uploads\/2022\/02\/Schminktisch-LED-Spiegel-2-Schubladen-MB6076ws-weiss7.jpg?fit=1280%2C1280&ssl=1\" \/>\n\t<meta property=\"og:image:width\" content=\"1280\" \/>\n\t<meta property=\"og:image:height\" content=\"1280\" \/>\n\t<meta property=\"og:image:type\" content=\"image\/jpeg\" \/>\n<meta name=\"twitter:card\" content=\"summary_large_image\" \/>\n<script type=\"application\/ld+json\" class=\"yoast-schema-graph\">{\"@context\":\"https:\/\/schema.org\",\"@graph\":[{\"@type\":\"WebPage\",\"@id\":\"https:\/\/inti.hr\/bs\/proizvod\/toaletni-stolic-led-ogledalo-2-ladice-bijela\/\",\"url\":\"https:\/\/inti.hr\/bs\/proizvod\/toaletni-stolic-led-ogledalo-2-ladice-bijela\/\",\"name\":\"Toaletni stoli\u0107 LED ogledalo 2 ladice bijela - Inti\",\"isPartOf\":{\"@id\":\"https:\/\/inti.hr\/bs\/#website\"},\"primaryImageOfPage\":{\"@id\":\"https:\/\/inti.hr\/bs\/proizvod\/toaletni-stolic-led-ogledalo-2-ladice-bijela\/#primaryimage\"},\"image\":{\"@id\":\"https:\/\/inti.hr\/bs\/proizvod\/toaletni-stolic-led-ogledalo-2-ladice-bijela\/#primaryimage\"},\"thumbnailUrl\":\"https:\/\/i0.wp.com\/inti.hr\/wp-content\/uploads\/2022\/02\/Schminktisch-LED-Spiegel-2-Schubladen-MB6076ws-weiss7.jpg?fit=1280%2C1280&ssl=1\",\"datePublished\":\"2022-02-02T09:37:06+00:00\",\"dateModified\":\"2022-02-02T09:37:06+00:00\",\"description\":\"Moderan izgled: Lakirani toaletni stoli\u0107 od MDF drveta linearnog dizajna za spava\u0107e sobe, sobe za mlade ili dje\u010dje sobe.Vrhunski materijali i \u010dvrst okvir: Stol se sastoji od \u010dvrstih metalnih nogu i konstruiranog drva (klasa E1) s premazom od melaminske smole . Zahvaljuju\u0107i \u010dvrstoj strukturi okvira, ne klati se i idealan je za dugotrajnu upotrebu.10 LED svjetala: s 10 LED svjetala, prirodno meko bijelo svjetlo mo\u017ee precizno osvijetliti ton va\u0161e ko\u017ee, daju\u0107i vam tople, svijetle i udobne vizualne efekte, \u0161to olak\u0161ava nano\u0161enje sjenila i \u0161minke.Veliko ogledalo: s velikim, pravokutnim ogledalom mo\u017eete vidjeti svaki korak \u0161minkanja, \u0161to olak\u0161ava stiliziranje i nano\u0161enje \u0161minke.\",\"breadcrumb\":{\"@id\":\"https:\/\/inti.hr\/bs\/proizvod\/toaletni-stolic-led-ogledalo-2-ladice-bijela\/#breadcrumb\"},\"inLanguage\":\"bs-BA\",\"potentialAction\":[{\"@type\":\"ReadAction\",\"target\":[\"https:\/\/inti.hr\/bs\/proizvod\/toaletni-stolic-led-ogledalo-2-ladice-bijela\/\"]}]},{\"@type\":\"ImageObject\",\"inLanguage\":\"bs-BA\",\"@id\":\"https:\/\/inti.hr\/bs\/proizvod\/toaletni-stolic-led-ogledalo-2-ladice-bijela\/#primaryimage\",\"url\":\"https:\/\/i0.wp.com\/inti.hr\/wp-content\/uploads\/2022\/02\/Schminktisch-LED-Spiegel-2-Schubladen-MB6076ws-weiss7.jpg?fit=1280%2C1280&ssl=1\",\"contentUrl\":\"https:\/\/i0.wp.com\/inti.hr\/wp-content\/uploads\/2022\/02\/Schminktisch-LED-Spiegel-2-Schubladen-MB6076ws-weiss7.jpg?fit=1280%2C1280&ssl=1\",\"width\":1280,\"height\":1280},{\"@type\":\"BreadcrumbList\",\"@id\":\"https:\/\/inti.hr\/bs\/proizvod\/toaletni-stolic-led-ogledalo-2-ladice-bijela\/#breadcrumb\",\"itemListElement\":[{\"@type\":\"ListItem\",\"position\":1,\"name\":\"Po\u010detna stranica\",\"item\":\"https:\/\/inti.hr\/bs\/\"},{\"@type\":\"ListItem\",\"position\":2,\"name\":\"Trgovina\",\"item\":\"https:\/\/inti.hr\/bs\/trgovina\/\"},{\"@type\":\"ListItem\",\"position\":3,\"name\":\"Toaletni stoli\u0107 LED ogledalo 2 ladice bijela\"}]},{\"@type\":\"WebSite\",\"@id\":\"https:\/\/inti.hr\/bs\/#website\",\"url\":\"https:\/\/inti.hr\/bs\/\",\"name\":\"Inti\",\"description\":\"trgovina\",\"potentialAction\":[{\"@type\":\"SearchAction\",\"target\":{\"@type\":\"EntryPoint\",\"urlTemplate\":\"https:\/\/inti.hr\/bs\/?s={search_term_string}\"},\"query-input\":{\"@type\":\"PropertyValueSpecification\",\"valueRequired\":true,\"valueName\":\"search_term_string\"}}],\"inLanguage\":\"bs-BA\"}]}<\/script>\n<!-- \/ Yoast SEO plugin. -->","yoast_head_json":{"title":"Toaletni stoli\u0107 LED ogledalo 2 ladice bijela - Inti","description":"Moderan izgled: Lakirani toaletni stoli\u0107 od MDF drveta linearnog dizajna za spava\u0107e sobe, sobe za mlade ili dje\u010dje sobe.Vrhunski materijali i \u010dvrst okvir: Stol se sastoji od \u010dvrstih metalnih nogu i konstruiranog drva (klasa E1) s premazom od melaminske smole . Zahvaljuju\u0107i \u010dvrstoj strukturi okvira, ne klati se i idealan je za dugotrajnu upotrebu.10 LED svjetala: s 10 LED svjetala, prirodno meko bijelo svjetlo mo\u017ee precizno osvijetliti ton va\u0161e ko\u017ee, daju\u0107i vam tople, svijetle i udobne vizualne efekte, \u0161to olak\u0161ava nano\u0161enje sjenila i \u0161minke.Veliko ogledalo: s velikim, pravokutnim ogledalom mo\u017eete vidjeti svaki korak \u0161minkanja, \u0161to olak\u0161ava stiliziranje i nano\u0161enje \u0161minke.","robots":{"index":"index","follow":"follow","max-snippet":"max-snippet:-1","max-image-preview":"max-image-preview:large","max-video-preview":"max-video-preview:-1"},"canonical":"https:\/\/inti.hr\/bs\/proizvod\/toaletni-stolic-led-ogledalo-2-ladice-bijela\/","og_locale":"bs_BA","og_type":"article","og_title":"Toaletni stoli\u0107 LED ogledalo 2 ladice bijela - Inti","og_description":"Moderan izgled: Lakirani toaletni stoli\u0107 od MDF drveta linearnog dizajna za spava\u0107e sobe, sobe za mlade ili dje\u010dje sobe.Vrhunski materijali i \u010dvrst okvir: Stol se sastoji od \u010dvrstih metalnih nogu i konstruiranog drva (klasa E1) s premazom od melaminske smole . Zahvaljuju\u0107i \u010dvrstoj strukturi okvira, ne klati se i idealan je za dugotrajnu upotrebu.10 LED svjetala: s 10 LED svjetala, prirodno meko bijelo svjetlo mo\u017ee precizno osvijetliti ton va\u0161e ko\u017ee, daju\u0107i vam tople, svijetle i udobne vizualne efekte, \u0161to olak\u0161ava nano\u0161enje sjenila i \u0161minke.Veliko ogledalo: s velikim, pravokutnim ogledalom mo\u017eete vidjeti svaki korak \u0161minkanja, \u0161to olak\u0161ava stiliziranje i nano\u0161enje \u0161minke.","og_url":"https:\/\/inti.hr\/bs\/proizvod\/toaletni-stolic-led-ogledalo-2-ladice-bijela\/","og_site_name":"Inti","og_image":[{"width":1280,"height":1280,"url":"https:\/\/i0.wp.com\/inti.hr\/wp-content\/uploads\/2022\/02\/Schminktisch-LED-Spiegel-2-Schubladen-MB6076ws-weiss7.jpg?fit=1280%2C1280&ssl=1","type":"image\/jpeg"}],"twitter_card":"summary_large_image","schema":{"@context":"https:\/\/schema.org","@graph":[{"@type":"WebPage","@id":"https:\/\/inti.hr\/bs\/proizvod\/toaletni-stolic-led-ogledalo-2-ladice-bijela\/","url":"https:\/\/inti.hr\/bs\/proizvod\/toaletni-stolic-led-ogledalo-2-ladice-bijela\/","name":"Toaletni stoli\u0107 LED ogledalo 2 ladice bijela - Inti","isPartOf":{"@id":"https:\/\/inti.hr\/bs\/#website"},"primaryImageOfPage":{"@id":"https:\/\/inti.hr\/bs\/proizvod\/toaletni-stolic-led-ogledalo-2-ladice-bijela\/#primaryimage"},"image":{"@id":"https:\/\/inti.hr\/bs\/proizvod\/toaletni-stolic-led-ogledalo-2-ladice-bijela\/#primaryimage"},"thumbnailUrl":"https:\/\/i0.wp.com\/inti.hr\/wp-content\/uploads\/2022\/02\/Schminktisch-LED-Spiegel-2-Schubladen-MB6076ws-weiss7.jpg?fit=1280%2C1280&ssl=1","datePublished":"2022-02-02T09:37:06+00:00","dateModified":"2022-02-02T09:37:06+00:00","description":"Moderan izgled: Lakirani toaletni stoli\u0107 od MDF drveta linearnog dizajna za spava\u0107e sobe, sobe za mlade ili dje\u010dje sobe.Vrhunski materijali i \u010dvrst okvir: Stol se sastoji od \u010dvrstih metalnih nogu i konstruiranog drva (klasa E1) s premazom od melaminske smole . Zahvaljuju\u0107i \u010dvrstoj strukturi okvira, ne klati se i idealan je za dugotrajnu upotrebu.10 LED svjetala: s 10 LED svjetala, prirodno meko bijelo svjetlo mo\u017ee precizno osvijetliti ton va\u0161e ko\u017ee, daju\u0107i vam tople, svijetle i udobne vizualne efekte, \u0161to olak\u0161ava nano\u0161enje sjenila i \u0161minke.Veliko ogledalo: s velikim, pravokutnim ogledalom mo\u017eete vidjeti svaki korak \u0161minkanja, \u0161to olak\u0161ava stiliziranje i nano\u0161enje \u0161minke.","breadcrumb":{"@id":"https:\/\/inti.hr\/bs\/proizvod\/toaletni-stolic-led-ogledalo-2-ladice-bijela\/#breadcrumb"},"inLanguage":"bs-BA","potentialAction":[{"@type":"ReadAction","target":["https:\/\/inti.hr\/bs\/proizvod\/toaletni-stolic-led-ogledalo-2-ladice-bijela\/"]}]},{"@type":"ImageObject","inLanguage":"bs-BA","@id":"https:\/\/inti.hr\/bs\/proizvod\/toaletni-stolic-led-ogledalo-2-ladice-bijela\/#primaryimage","url":"https:\/\/i0.wp.com\/inti.hr\/wp-content\/uploads\/2022\/02\/Schminktisch-LED-Spiegel-2-Schubladen-MB6076ws-weiss7.jpg?fit=1280%2C1280&ssl=1","contentUrl":"https:\/\/i0.wp.com\/inti.hr\/wp-content\/uploads\/2022\/02\/Schminktisch-LED-Spiegel-2-Schubladen-MB6076ws-weiss7.jpg?fit=1280%2C1280&ssl=1","width":1280,"height":1280},{"@type":"BreadcrumbList","@id":"https:\/\/inti.hr\/bs\/proizvod\/toaletni-stolic-led-ogledalo-2-ladice-bijela\/#breadcrumb","itemListElement":[{"@type":"ListItem","position":1,"name":"Po\u010detna stranica","item":"https:\/\/inti.hr\/bs\/"},{"@type":"ListItem","position":2,"name":"Trgovina","item":"https:\/\/inti.hr\/bs\/trgovina\/"},{"@type":"ListItem","position":3,"name":"Toaletni stoli\u0107 LED ogledalo 2 ladice bijela"}]},{"@type":"WebSite","@id":"https:\/\/inti.hr\/bs\/#website","url":"https:\/\/inti.hr\/bs\/","name":"Inti","description":"trgovina","potentialAction":[{"@type":"SearchAction","target":{"@type":"EntryPoint","urlTemplate":"https:\/\/inti.hr\/bs\/?s={search_term_string}"},"query-input":{"@type":"PropertyValueSpecification","valueRequired":true,"valueName":"search_term_string"}}],"inLanguage":"bs-BA"}]}},"jetpack_sharing_enabled":true,"jetpack-related-posts":[],"_links":{"self":[{"href":"https:\/\/inti.hr\/bs\/wp-json\/wp\/v2\/product\/34293"}],"collection":[{"href":"https:\/\/inti.hr\/bs\/wp-json\/wp\/v2\/product"}],"about":[{"href":"https:\/\/inti.hr\/bs\/wp-json\/wp\/v2\/types\/product"}],"wp:featuredmedia":[{"embeddable":true,"href":"https:\/\/inti.hr\/bs\/wp-json\/wp\/v2\/media\/34294"}],"wp:attachment":[{"href":"https:\/\/inti.hr\/bs\/wp-json\/wp\/v2\/media?parent=34293"}],"wp:term":[{"taxonomy":"product_cat","embeddable":true,"href":"https:\/\/inti.hr\/bs\/wp-json\/wp\/v2\/product_cat?post=34293"},{"taxonomy":"product_tag","embeddable":true,"href":"https:\/\/inti.hr\/bs\/wp-json\/wp\/v2\/product_tag?post=34293"}],"curies":[{"name":"wp","href":"https:\/\/api.w.org\/{rel}","templated":true}]}}