{"id":34301,"date":"2022-02-02T08:46:11","date_gmt":"2022-02-02T08:46:11","guid":{"rendered":"https:\/\/inti.hr\/product\/toaletni-stolic-barsun\/"},"modified":"2022-02-02T08:46:11","modified_gmt":"2022-02-02T08:46:11","slug":"toaletni-stolic-barsun","status":"publish","type":"product","link":"https:\/\/inti.hr\/bs\/proizvod\/toaletni-stolic-barsun\/","title":{"rendered":"Toaletni stoli\u0107 bar\u0161un"},"content":{"rendered":"<p>Detalji proizvoda:<\/p>\n<ul>\n<li>\n<p class=\"a-spacing-base\">Materijal: MDF (klasa E1), metal, bar\u0161un<\/p>\n<\/li>\n<li>Toaletni stoli\u0107: 100 x 77,5 x 40 cm (\u0160 x V x D)<\/li>\n<li>Stolica;\u00a037 x 44 x 24 cm (\u0160 x V x D)<\/li>\n<li>Promjer ogledala: 40 cm<\/li>\n<li>Te\u017eina: 26,25 kg \/ 29,36 kg<\/li>\n<li>Nosivost toaletnog stoli\u0107a: 50 kg<\/li>\n<li>Nosivost stolice: 100 kg<\/li>\n<\/ul>\n","protected":false},"excerpt":{"rendered":"<ul>\n<li>Toaletni stoli\u0107 izgleda elegantno i \u010dini va\u0161 dom privla\u010dnim.<\/li>\n<li>Okvir &#8230;<br \/>\n","protected":false},"featured_media":34302,"template":"","meta":[],"product_cat":[2414],"product_tag":[3588,2673,2768],"yoast_head":"<!-- This site is optimized with the Yoast SEO plugin v23.7 - https:\/\/yoast.com\/wordpress\/plugins\/seo\/ -->\n<title>Toaletni stoli\u0107 bar\u0161un - Inti<\/title>\n<meta name=\"description\" content=\"Toaletni stoli\u0107 izgleda elegantno i \u010dini va\u0161 dom privla\u010dnim.Okvir izra\u0111en od robusnog metala obojanog u zlatnoj boji, jam\u010di dugi vijek trajanjaStol s tri ladice ima jaku nosivost.Ogledalo nudi jasno vidno polje i mo\u017ee se objesiti na zid.Bar\u0161unasto sjedalo nudi vam ugodnu udobnost sjedenja.Stol je izra\u0111en od MDF-a, a unutarnja ladica je od punog drveta, ekolo\u0161ki prihvatljiva i prirodna.Podni \u0161titnici \u0161tite pod od ogrebotina.Zakrivljeni rub stola.\" \/>\n<meta name=\"robots\" content=\"index, follow, max-snippet:-1, max-image-preview:large, max-video-preview:-1\" \/>\n<link rel=\"canonical\" href=\"https:\/\/inti.hr\/bs\/proizvod\/toaletni-stolic-barsun\/\" \/>\n<meta property=\"og:locale\" content=\"bs_BA\" \/>\n<meta property=\"og:type\" content=\"article\" \/>\n<meta property=\"og:title\" content=\"Toaletni stoli\u0107 bar\u0161un - Inti\" \/>\n<meta property=\"og:description\" content=\"Toaletni stoli\u0107 izgleda elegantno i \u010dini va\u0161 dom privla\u010dnim.Okvir izra\u0111en od robusnog metala obojanog u zlatnoj boji, jam\u010di dugi vijek trajanjaStol s tri ladice ima jaku nosivost.Ogledalo nudi jasno vidno polje i mo\u017ee se objesiti na zid.Bar\u0161unasto sjedalo nudi vam ugodnu udobnost sjedenja.Stol je izra\u0111en od MDF-a, a unutarnja ladica je od punog drveta, ekolo\u0161ki prihvatljiva i prirodna.Podni \u0161titnici \u0161tite pod od ogrebotina.Zakrivljeni rub stola.\" \/>\n<meta property=\"og:url\" content=\"https:\/\/inti.hr\/bs\/proizvod\/toaletni-stolic-barsun\/\" \/>\n<meta property=\"og:site_name\" content=\"Inti\" \/>\n<meta property=\"og:image\" content=\"https:\/\/i0.wp.com\/inti.hr\/wp-content\/uploads\/2022\/02\/Schminktisch-mit-Hocker-Spiegel-Grau4.jpg?fit=1500%2C1500&ssl=1\" \/>\n\t<meta property=\"og:image:width\" content=\"1500\" \/>\n\t<meta property=\"og:image:height\" content=\"1500\" \/>\n\t<meta property=\"og:image:type\" content=\"image\/jpeg\" \/>\n<meta name=\"twitter:card\" content=\"summary_large_image\" \/>\n<script type=\"application\/ld+json\" class=\"yoast-schema-graph\">{\"@context\":\"https:\/\/schema.org\",\"@graph\":[{\"@type\":\"WebPage\",\"@id\":\"https:\/\/inti.hr\/bs\/proizvod\/toaletni-stolic-barsun\/\",\"url\":\"https:\/\/inti.hr\/bs\/proizvod\/toaletni-stolic-barsun\/\",\"name\":\"Toaletni stoli\u0107 bar\u0161un - Inti\",\"isPartOf\":{\"@id\":\"https:\/\/inti.hr\/bs\/#website\"},\"primaryImageOfPage\":{\"@id\":\"https:\/\/inti.hr\/bs\/proizvod\/toaletni-stolic-barsun\/#primaryimage\"},\"image\":{\"@id\":\"https:\/\/inti.hr\/bs\/proizvod\/toaletni-stolic-barsun\/#primaryimage\"},\"thumbnailUrl\":\"https:\/\/i0.wp.com\/inti.hr\/wp-content\/uploads\/2022\/02\/Schminktisch-mit-Hocker-Spiegel-Grau4.jpg?fit=1500%2C1500&ssl=1\",\"datePublished\":\"2022-02-02T08:46:11+00:00\",\"dateModified\":\"2022-02-02T08:46:11+00:00\",\"description\":\"Toaletni stoli\u0107 izgleda elegantno i \u010dini va\u0161 dom privla\u010dnim.Okvir izra\u0111en od robusnog metala obojanog u zlatnoj boji, jam\u010di dugi vijek trajanjaStol s tri ladice ima jaku nosivost.Ogledalo nudi jasno vidno polje i mo\u017ee se objesiti na zid.Bar\u0161unasto sjedalo nudi vam ugodnu udobnost sjedenja.Stol je izra\u0111en od MDF-a, a unutarnja ladica je od punog drveta, ekolo\u0161ki prihvatljiva i prirodna.Podni \u0161titnici \u0161tite pod od ogrebotina.Zakrivljeni rub stola.\",\"breadcrumb\":{\"@id\":\"https:\/\/inti.hr\/bs\/proizvod\/toaletni-stolic-barsun\/#breadcrumb\"},\"inLanguage\":\"bs-BA\",\"potentialAction\":[{\"@type\":\"ReadAction\",\"target\":[\"https:\/\/inti.hr\/bs\/proizvod\/toaletni-stolic-barsun\/\"]}]},{\"@type\":\"ImageObject\",\"inLanguage\":\"bs-BA\",\"@id\":\"https:\/\/inti.hr\/bs\/proizvod\/toaletni-stolic-barsun\/#primaryimage\",\"url\":\"https:\/\/i0.wp.com\/inti.hr\/wp-content\/uploads\/2022\/02\/Schminktisch-mit-Hocker-Spiegel-Grau4.jpg?fit=1500%2C1500&ssl=1\",\"contentUrl\":\"https:\/\/i0.wp.com\/inti.hr\/wp-content\/uploads\/2022\/02\/Schminktisch-mit-Hocker-Spiegel-Grau4.jpg?fit=1500%2C1500&ssl=1\",\"width\":1500,\"height\":1500},{\"@type\":\"BreadcrumbList\",\"@id\":\"https:\/\/inti.hr\/bs\/proizvod\/toaletni-stolic-barsun\/#breadcrumb\",\"itemListElement\":[{\"@type\":\"ListItem\",\"position\":1,\"name\":\"Po\u010detna stranica\",\"item\":\"https:\/\/inti.hr\/bs\/\"},{\"@type\":\"ListItem\",\"position\":2,\"name\":\"Trgovina\",\"item\":\"https:\/\/inti.hr\/bs\/trgovina\/\"},{\"@type\":\"ListItem\",\"position\":3,\"name\":\"Toaletni stoli\u0107 bar\u0161un\"}]},{\"@type\":\"WebSite\",\"@id\":\"https:\/\/inti.hr\/bs\/#website\",\"url\":\"https:\/\/inti.hr\/bs\/\",\"name\":\"Inti\",\"description\":\"trgovina\",\"potentialAction\":[{\"@type\":\"SearchAction\",\"target\":{\"@type\":\"EntryPoint\",\"urlTemplate\":\"https:\/\/inti.hr\/bs\/?s={search_term_string}\"},\"query-input\":{\"@type\":\"PropertyValueSpecification\",\"valueRequired\":true,\"valueName\":\"search_term_string\"}}],\"inLanguage\":\"bs-BA\"}]}<\/script>\n<!-- \/ Yoast SEO plugin. -->","yoast_head_json":{"title":"Toaletni stoli\u0107 bar\u0161un - Inti","description":"Toaletni stoli\u0107 izgleda elegantno i \u010dini va\u0161 dom privla\u010dnim.Okvir izra\u0111en od robusnog metala obojanog u zlatnoj boji, jam\u010di dugi vijek trajanjaStol s tri ladice ima jaku nosivost.Ogledalo nudi jasno vidno polje i mo\u017ee se objesiti na zid.Bar\u0161unasto sjedalo nudi vam ugodnu udobnost sjedenja.Stol je izra\u0111en od MDF-a, a unutarnja ladica je od punog drveta, ekolo\u0161ki prihvatljiva i prirodna.Podni \u0161titnici \u0161tite pod od ogrebotina.Zakrivljeni rub stola.","robots":{"index":"index","follow":"follow","max-snippet":"max-snippet:-1","max-image-preview":"max-image-preview:large","max-video-preview":"max-video-preview:-1"},"canonical":"https:\/\/inti.hr\/bs\/proizvod\/toaletni-stolic-barsun\/","og_locale":"bs_BA","og_type":"article","og_title":"Toaletni stoli\u0107 bar\u0161un - Inti","og_description":"Toaletni stoli\u0107 izgleda elegantno i \u010dini va\u0161 dom privla\u010dnim.Okvir izra\u0111en od robusnog metala obojanog u zlatnoj boji, jam\u010di dugi vijek trajanjaStol s tri ladice ima jaku nosivost.Ogledalo nudi jasno vidno polje i mo\u017ee se objesiti na zid.Bar\u0161unasto sjedalo nudi vam ugodnu udobnost sjedenja.Stol je izra\u0111en od MDF-a, a unutarnja ladica je od punog drveta, ekolo\u0161ki prihvatljiva i prirodna.Podni \u0161titnici \u0161tite pod od ogrebotina.Zakrivljeni rub stola.","og_url":"https:\/\/inti.hr\/bs\/proizvod\/toaletni-stolic-barsun\/","og_site_name":"Inti","og_image":[{"width":1500,"height":1500,"url":"https:\/\/i0.wp.com\/inti.hr\/wp-content\/uploads\/2022\/02\/Schminktisch-mit-Hocker-Spiegel-Grau4.jpg?fit=1500%2C1500&ssl=1","type":"image\/jpeg"}],"twitter_card":"summary_large_image","schema":{"@context":"https:\/\/schema.org","@graph":[{"@type":"WebPage","@id":"https:\/\/inti.hr\/bs\/proizvod\/toaletni-stolic-barsun\/","url":"https:\/\/inti.hr\/bs\/proizvod\/toaletni-stolic-barsun\/","name":"Toaletni stoli\u0107 bar\u0161un - Inti","isPartOf":{"@id":"https:\/\/inti.hr\/bs\/#website"},"primaryImageOfPage":{"@id":"https:\/\/inti.hr\/bs\/proizvod\/toaletni-stolic-barsun\/#primaryimage"},"image":{"@id":"https:\/\/inti.hr\/bs\/proizvod\/toaletni-stolic-barsun\/#primaryimage"},"thumbnailUrl":"https:\/\/i0.wp.com\/inti.hr\/wp-content\/uploads\/2022\/02\/Schminktisch-mit-Hocker-Spiegel-Grau4.jpg?fit=1500%2C1500&ssl=1","datePublished":"2022-02-02T08:46:11+00:00","dateModified":"2022-02-02T08:46:11+00:00","description":"Toaletni stoli\u0107 izgleda elegantno i \u010dini va\u0161 dom privla\u010dnim.Okvir izra\u0111en od robusnog metala obojanog u zlatnoj boji, jam\u010di dugi vijek trajanjaStol s tri ladice ima jaku nosivost.Ogledalo nudi jasno vidno polje i mo\u017ee se objesiti na zid.Bar\u0161unasto sjedalo nudi vam ugodnu udobnost sjedenja.Stol je izra\u0111en od MDF-a, a unutarnja ladica je od punog drveta, ekolo\u0161ki prihvatljiva i prirodna.Podni \u0161titnici \u0161tite pod od ogrebotina.Zakrivljeni rub stola.","breadcrumb":{"@id":"https:\/\/inti.hr\/bs\/proizvod\/toaletni-stolic-barsun\/#breadcrumb"},"inLanguage":"bs-BA","potentialAction":[{"@type":"ReadAction","target":["https:\/\/inti.hr\/bs\/proizvod\/toaletni-stolic-barsun\/"]}]},{"@type":"ImageObject","inLanguage":"bs-BA","@id":"https:\/\/inti.hr\/bs\/proizvod\/toaletni-stolic-barsun\/#primaryimage","url":"https:\/\/i0.wp.com\/inti.hr\/wp-content\/uploads\/2022\/02\/Schminktisch-mit-Hocker-Spiegel-Grau4.jpg?fit=1500%2C1500&ssl=1","contentUrl":"https:\/\/i0.wp.com\/inti.hr\/wp-content\/uploads\/2022\/02\/Schminktisch-mit-Hocker-Spiegel-Grau4.jpg?fit=1500%2C1500&ssl=1","width":1500,"height":1500},{"@type":"BreadcrumbList","@id":"https:\/\/inti.hr\/bs\/proizvod\/toaletni-stolic-barsun\/#breadcrumb","itemListElement":[{"@type":"ListItem","position":1,"name":"Po\u010detna stranica","item":"https:\/\/inti.hr\/bs\/"},{"@type":"ListItem","position":2,"name":"Trgovina","item":"https:\/\/inti.hr\/bs\/trgovina\/"},{"@type":"ListItem","position":3,"name":"Toaletni stoli\u0107 bar\u0161un"}]},{"@type":"WebSite","@id":"https:\/\/inti.hr\/bs\/#website","url":"https:\/\/inti.hr\/bs\/","name":"Inti","description":"trgovina","potentialAction":[{"@type":"SearchAction","target":{"@type":"EntryPoint","urlTemplate":"https:\/\/inti.hr\/bs\/?s={search_term_string}"},"query-input":{"@type":"PropertyValueSpecification","valueRequired":true,"valueName":"search_term_string"}}],"inLanguage":"bs-BA"}]}},"jetpack_sharing_enabled":true,"jetpack-related-posts":[],"_links":{"self":[{"href":"https:\/\/inti.hr\/bs\/wp-json\/wp\/v2\/product\/34301"}],"collection":[{"href":"https:\/\/inti.hr\/bs\/wp-json\/wp\/v2\/product"}],"about":[{"href":"https:\/\/inti.hr\/bs\/wp-json\/wp\/v2\/types\/product"}],"wp:featuredmedia":[{"embeddable":true,"href":"https:\/\/inti.hr\/bs\/wp-json\/wp\/v2\/media\/34302"}],"wp:attachment":[{"href":"https:\/\/inti.hr\/bs\/wp-json\/wp\/v2\/media?parent=34301"}],"wp:term":[{"taxonomy":"product_cat","embeddable":true,"href":"https:\/\/inti.hr\/bs\/wp-json\/wp\/v2\/product_cat?post=34301"},{"taxonomy":"product_tag","embeddable":true,"href":"https:\/\/inti.hr\/bs\/wp-json\/wp\/v2\/product_tag?post=34301"}],"curies":[{"name":"wp","href":"https:\/\/api.w.org\/{rel}","templated":true}]}}