{"id":34323,"date":"2022-01-31T08:50:49","date_gmt":"2022-01-31T08:50:49","guid":{"rendered":"https:\/\/inti.hr\/product\/moderan-barski-stol\/"},"modified":"2022-01-31T08:50:49","modified_gmt":"2022-01-31T08:50:49","slug":"moderan-barski-stol","status":"publish","type":"product","link":"https:\/\/inti.hr\/bs\/proizvod\/moderan-barski-stol\/","title":{"rendered":"Moderan barski stol"},"content":{"rendered":"<p>Detalji proizvoda:<\/p>\n<ul>\n<li>Materijal okvira: metal<\/li>\n<li>Materijal plo\u010de stola: MDF<\/li>\n<li>Visina: oko 100 cm<\/li>\n<li>Plo\u010da stola: cca.\u00a0140 x 40 cm (\u0160 x D)<\/li>\n<li>Debljina plo\u010de stola: cca.\u00a02,5 cm<\/li>\n<li>Maks.\u00a0Nosivost: cca.\u00a0100 kg<\/li>\n<li>Robusna radna plo\u010da od folije, laka za odr\u017eavanje, stabilna i vodootporna<\/li>\n<li>Dug vijek trajanja zahvaljuju\u0107i pove\u0107anoj stabilnosti okvira od robusnog metala<\/li>\n<li>Podni \u0161titnici za za\u0161titu od ogrebotina<\/li>\n<li>Plemeniti dizajn<\/li>\n<li>Stabilna i kvalitetna izrada.<\/li>\n<\/ul>\n","protected":false},"excerpt":{"rendered":"<p>Ovaj moderni barski stol izra\u0111en je od visokokvalitetnog MDF-a.\u00a0Okvir je izra\u0111en &#8230; <\/p>\n","protected":false},"featured_media":34324,"template":"","meta":[],"product_cat":[2726,2810],"product_tag":[3016,4096,4097],"yoast_head":"<!-- This site is optimized with the Yoast SEO plugin v23.7 - https:\/\/yoast.com\/wordpress\/plugins\/seo\/ -->\n<title>Moderan barski stol - Inti<\/title>\n<meta name=\"description\" content=\"Ovaj moderni barski stol izra\u0111en je od visokokvalitetnog MDF-a. Okvir je izra\u0111en od robusnog metala i stoga nudi visoku stabilnost i dug radni vijek. Ovaj klasik lijepa je za oko za svaku sobu. Zahvaljuju\u0107i elegantnom dizajnu, barski stol savr\u0161eno se uklapa u blagovaonicu ili kuhinju. Plo\u010da stola je debljine 25 mm i zahvaljuju\u0107i robusnoj foliji je vodootporna, otporna na ogrebotine i jednostavna za njegu. Barski stol odu\u0161evljava svojom univerzalnom primjenjivo\u0161\u0107u, bilo kao barski stol, party stol ili stol za blagovanje, prikladan je za mnoge prilike. Ovaj elegantni barski stol uklapa se u svaki moderan interijer.\" \/>\n<meta name=\"robots\" content=\"index, follow, max-snippet:-1, max-image-preview:large, max-video-preview:-1\" \/>\n<link rel=\"canonical\" href=\"https:\/\/inti.hr\/bs\/proizvod\/moderan-barski-stol\/\" \/>\n<meta property=\"og:locale\" content=\"bs_BA\" \/>\n<meta property=\"og:type\" content=\"article\" \/>\n<meta property=\"og:title\" content=\"Moderan barski stol - Inti\" \/>\n<meta property=\"og:description\" content=\"Ovaj moderni barski stol izra\u0111en je od visokokvalitetnog MDF-a. Okvir je izra\u0111en od robusnog metala i stoga nudi visoku stabilnost i dug radni vijek. Ovaj klasik lijepa je za oko za svaku sobu. Zahvaljuju\u0107i elegantnom dizajnu, barski stol savr\u0161eno se uklapa u blagovaonicu ili kuhinju. Plo\u010da stola je debljine 25 mm i zahvaljuju\u0107i robusnoj foliji je vodootporna, otporna na ogrebotine i jednostavna za njegu. Barski stol odu\u0161evljava svojom univerzalnom primjenjivo\u0161\u0107u, bilo kao barski stol, party stol ili stol za blagovanje, prikladan je za mnoge prilike. Ovaj elegantni barski stol uklapa se u svaki moderan interijer.\" \/>\n<meta property=\"og:url\" content=\"https:\/\/inti.hr\/bs\/proizvod\/moderan-barski-stol\/\" \/>\n<meta property=\"og:site_name\" content=\"Inti\" \/>\n<meta property=\"og:image\" content=\"https:\/\/i0.wp.com\/inti.hr\/wp-content\/uploads\/2022\/01\/Bistrotisch-Metallgestell-Tischplatte-MDF-gold-weiss1.jpg?fit=1280%2C1218&ssl=1\" \/>\n\t<meta property=\"og:image:width\" content=\"1280\" \/>\n\t<meta property=\"og:image:height\" content=\"1218\" \/>\n\t<meta property=\"og:image:type\" content=\"image\/jpeg\" \/>\n<meta name=\"twitter:card\" content=\"summary_large_image\" \/>\n<script type=\"application\/ld+json\" class=\"yoast-schema-graph\">{\"@context\":\"https:\/\/schema.org\",\"@graph\":[{\"@type\":\"WebPage\",\"@id\":\"https:\/\/inti.hr\/bs\/proizvod\/moderan-barski-stol\/\",\"url\":\"https:\/\/inti.hr\/bs\/proizvod\/moderan-barski-stol\/\",\"name\":\"Moderan barski stol - Inti\",\"isPartOf\":{\"@id\":\"https:\/\/inti.hr\/bs\/#website\"},\"primaryImageOfPage\":{\"@id\":\"https:\/\/inti.hr\/bs\/proizvod\/moderan-barski-stol\/#primaryimage\"},\"image\":{\"@id\":\"https:\/\/inti.hr\/bs\/proizvod\/moderan-barski-stol\/#primaryimage\"},\"thumbnailUrl\":\"https:\/\/i0.wp.com\/inti.hr\/wp-content\/uploads\/2022\/01\/Bistrotisch-Metallgestell-Tischplatte-MDF-gold-weiss1.jpg?fit=1280%2C1218&ssl=1\",\"datePublished\":\"2022-01-31T08:50:49+00:00\",\"dateModified\":\"2022-01-31T08:50:49+00:00\",\"description\":\"Ovaj moderni barski stol izra\u0111en je od visokokvalitetnog MDF-a. Okvir je izra\u0111en od robusnog metala i stoga nudi visoku stabilnost i dug radni vijek. Ovaj klasik lijepa je za oko za svaku sobu. Zahvaljuju\u0107i elegantnom dizajnu, barski stol savr\u0161eno se uklapa u blagovaonicu ili kuhinju. Plo\u010da stola je debljine 25 mm i zahvaljuju\u0107i robusnoj foliji je vodootporna, otporna na ogrebotine i jednostavna za njegu. Barski stol odu\u0161evljava svojom univerzalnom primjenjivo\u0161\u0107u, bilo kao barski stol, party stol ili stol za blagovanje, prikladan je za mnoge prilike. Ovaj elegantni barski stol uklapa se u svaki moderan interijer.\",\"breadcrumb\":{\"@id\":\"https:\/\/inti.hr\/bs\/proizvod\/moderan-barski-stol\/#breadcrumb\"},\"inLanguage\":\"bs-BA\",\"potentialAction\":[{\"@type\":\"ReadAction\",\"target\":[\"https:\/\/inti.hr\/bs\/proizvod\/moderan-barski-stol\/\"]}]},{\"@type\":\"ImageObject\",\"inLanguage\":\"bs-BA\",\"@id\":\"https:\/\/inti.hr\/bs\/proizvod\/moderan-barski-stol\/#primaryimage\",\"url\":\"https:\/\/i0.wp.com\/inti.hr\/wp-content\/uploads\/2022\/01\/Bistrotisch-Metallgestell-Tischplatte-MDF-gold-weiss1.jpg?fit=1280%2C1218&ssl=1\",\"contentUrl\":\"https:\/\/i0.wp.com\/inti.hr\/wp-content\/uploads\/2022\/01\/Bistrotisch-Metallgestell-Tischplatte-MDF-gold-weiss1.jpg?fit=1280%2C1218&ssl=1\",\"width\":1280,\"height\":1218},{\"@type\":\"BreadcrumbList\",\"@id\":\"https:\/\/inti.hr\/bs\/proizvod\/moderan-barski-stol\/#breadcrumb\",\"itemListElement\":[{\"@type\":\"ListItem\",\"position\":1,\"name\":\"Po\u010detna stranica\",\"item\":\"https:\/\/inti.hr\/bs\/\"},{\"@type\":\"ListItem\",\"position\":2,\"name\":\"Trgovina\",\"item\":\"https:\/\/inti.hr\/bs\/trgovina\/\"},{\"@type\":\"ListItem\",\"position\":3,\"name\":\"Moderan barski stol\"}]},{\"@type\":\"WebSite\",\"@id\":\"https:\/\/inti.hr\/bs\/#website\",\"url\":\"https:\/\/inti.hr\/bs\/\",\"name\":\"Inti\",\"description\":\"trgovina\",\"potentialAction\":[{\"@type\":\"SearchAction\",\"target\":{\"@type\":\"EntryPoint\",\"urlTemplate\":\"https:\/\/inti.hr\/bs\/?s={search_term_string}\"},\"query-input\":{\"@type\":\"PropertyValueSpecification\",\"valueRequired\":true,\"valueName\":\"search_term_string\"}}],\"inLanguage\":\"bs-BA\"}]}<\/script>\n<!-- \/ Yoast SEO plugin. -->","yoast_head_json":{"title":"Moderan barski stol - Inti","description":"Ovaj moderni barski stol izra\u0111en je od visokokvalitetnog MDF-a. Okvir je izra\u0111en od robusnog metala i stoga nudi visoku stabilnost i dug radni vijek. Ovaj klasik lijepa je za oko za svaku sobu. Zahvaljuju\u0107i elegantnom dizajnu, barski stol savr\u0161eno se uklapa u blagovaonicu ili kuhinju. Plo\u010da stola je debljine 25 mm i zahvaljuju\u0107i robusnoj foliji je vodootporna, otporna na ogrebotine i jednostavna za njegu. Barski stol odu\u0161evljava svojom univerzalnom primjenjivo\u0161\u0107u, bilo kao barski stol, party stol ili stol za blagovanje, prikladan je za mnoge prilike. Ovaj elegantni barski stol uklapa se u svaki moderan interijer.","robots":{"index":"index","follow":"follow","max-snippet":"max-snippet:-1","max-image-preview":"max-image-preview:large","max-video-preview":"max-video-preview:-1"},"canonical":"https:\/\/inti.hr\/bs\/proizvod\/moderan-barski-stol\/","og_locale":"bs_BA","og_type":"article","og_title":"Moderan barski stol - Inti","og_description":"Ovaj moderni barski stol izra\u0111en je od visokokvalitetnog MDF-a. Okvir je izra\u0111en od robusnog metala i stoga nudi visoku stabilnost i dug radni vijek. Ovaj klasik lijepa je za oko za svaku sobu. Zahvaljuju\u0107i elegantnom dizajnu, barski stol savr\u0161eno se uklapa u blagovaonicu ili kuhinju. Plo\u010da stola je debljine 25 mm i zahvaljuju\u0107i robusnoj foliji je vodootporna, otporna na ogrebotine i jednostavna za njegu. Barski stol odu\u0161evljava svojom univerzalnom primjenjivo\u0161\u0107u, bilo kao barski stol, party stol ili stol za blagovanje, prikladan je za mnoge prilike. Ovaj elegantni barski stol uklapa se u svaki moderan interijer.","og_url":"https:\/\/inti.hr\/bs\/proizvod\/moderan-barski-stol\/","og_site_name":"Inti","og_image":[{"width":1280,"height":1218,"url":"https:\/\/i0.wp.com\/inti.hr\/wp-content\/uploads\/2022\/01\/Bistrotisch-Metallgestell-Tischplatte-MDF-gold-weiss1.jpg?fit=1280%2C1218&ssl=1","type":"image\/jpeg"}],"twitter_card":"summary_large_image","schema":{"@context":"https:\/\/schema.org","@graph":[{"@type":"WebPage","@id":"https:\/\/inti.hr\/bs\/proizvod\/moderan-barski-stol\/","url":"https:\/\/inti.hr\/bs\/proizvod\/moderan-barski-stol\/","name":"Moderan barski stol - Inti","isPartOf":{"@id":"https:\/\/inti.hr\/bs\/#website"},"primaryImageOfPage":{"@id":"https:\/\/inti.hr\/bs\/proizvod\/moderan-barski-stol\/#primaryimage"},"image":{"@id":"https:\/\/inti.hr\/bs\/proizvod\/moderan-barski-stol\/#primaryimage"},"thumbnailUrl":"https:\/\/i0.wp.com\/inti.hr\/wp-content\/uploads\/2022\/01\/Bistrotisch-Metallgestell-Tischplatte-MDF-gold-weiss1.jpg?fit=1280%2C1218&ssl=1","datePublished":"2022-01-31T08:50:49+00:00","dateModified":"2022-01-31T08:50:49+00:00","description":"Ovaj moderni barski stol izra\u0111en je od visokokvalitetnog MDF-a. Okvir je izra\u0111en od robusnog metala i stoga nudi visoku stabilnost i dug radni vijek. Ovaj klasik lijepa je za oko za svaku sobu. Zahvaljuju\u0107i elegantnom dizajnu, barski stol savr\u0161eno se uklapa u blagovaonicu ili kuhinju. Plo\u010da stola je debljine 25 mm i zahvaljuju\u0107i robusnoj foliji je vodootporna, otporna na ogrebotine i jednostavna za njegu. Barski stol odu\u0161evljava svojom univerzalnom primjenjivo\u0161\u0107u, bilo kao barski stol, party stol ili stol za blagovanje, prikladan je za mnoge prilike. Ovaj elegantni barski stol uklapa se u svaki moderan interijer.","breadcrumb":{"@id":"https:\/\/inti.hr\/bs\/proizvod\/moderan-barski-stol\/#breadcrumb"},"inLanguage":"bs-BA","potentialAction":[{"@type":"ReadAction","target":["https:\/\/inti.hr\/bs\/proizvod\/moderan-barski-stol\/"]}]},{"@type":"ImageObject","inLanguage":"bs-BA","@id":"https:\/\/inti.hr\/bs\/proizvod\/moderan-barski-stol\/#primaryimage","url":"https:\/\/i0.wp.com\/inti.hr\/wp-content\/uploads\/2022\/01\/Bistrotisch-Metallgestell-Tischplatte-MDF-gold-weiss1.jpg?fit=1280%2C1218&ssl=1","contentUrl":"https:\/\/i0.wp.com\/inti.hr\/wp-content\/uploads\/2022\/01\/Bistrotisch-Metallgestell-Tischplatte-MDF-gold-weiss1.jpg?fit=1280%2C1218&ssl=1","width":1280,"height":1218},{"@type":"BreadcrumbList","@id":"https:\/\/inti.hr\/bs\/proizvod\/moderan-barski-stol\/#breadcrumb","itemListElement":[{"@type":"ListItem","position":1,"name":"Po\u010detna stranica","item":"https:\/\/inti.hr\/bs\/"},{"@type":"ListItem","position":2,"name":"Trgovina","item":"https:\/\/inti.hr\/bs\/trgovina\/"},{"@type":"ListItem","position":3,"name":"Moderan barski stol"}]},{"@type":"WebSite","@id":"https:\/\/inti.hr\/bs\/#website","url":"https:\/\/inti.hr\/bs\/","name":"Inti","description":"trgovina","potentialAction":[{"@type":"SearchAction","target":{"@type":"EntryPoint","urlTemplate":"https:\/\/inti.hr\/bs\/?s={search_term_string}"},"query-input":{"@type":"PropertyValueSpecification","valueRequired":true,"valueName":"search_term_string"}}],"inLanguage":"bs-BA"}]}},"jetpack_sharing_enabled":true,"jetpack-related-posts":[],"_links":{"self":[{"href":"https:\/\/inti.hr\/bs\/wp-json\/wp\/v2\/product\/34323"}],"collection":[{"href":"https:\/\/inti.hr\/bs\/wp-json\/wp\/v2\/product"}],"about":[{"href":"https:\/\/inti.hr\/bs\/wp-json\/wp\/v2\/types\/product"}],"wp:featuredmedia":[{"embeddable":true,"href":"https:\/\/inti.hr\/bs\/wp-json\/wp\/v2\/media\/34324"}],"wp:attachment":[{"href":"https:\/\/inti.hr\/bs\/wp-json\/wp\/v2\/media?parent=34323"}],"wp:term":[{"taxonomy":"product_cat","embeddable":true,"href":"https:\/\/inti.hr\/bs\/wp-json\/wp\/v2\/product_cat?post=34323"},{"taxonomy":"product_tag","embeddable":true,"href":"https:\/\/inti.hr\/bs\/wp-json\/wp\/v2\/product_tag?post=34323"}],"curies":[{"name":"wp","href":"https:\/\/api.w.org\/{rel}","templated":true}]}}