{"id":34337,"date":"2022-01-27T10:31:46","date_gmt":"2022-01-27T10:31:46","guid":{"rendered":"https:\/\/inti.hr\/product\/2-barske-stolice-s-podesom-za-noge-2-barske-stolice-s-podesom-za-noge-caffe-bar\/"},"modified":"2022-01-27T10:31:46","modified_gmt":"2022-01-27T10:31:46","slug":"2-barske-stolice-s-podesom-za-noge-2-barske-stolice-s-podesom-za-noge-caffe-bar","status":"publish","type":"product","link":"https:\/\/inti.hr\/bs\/proizvod\/2-barske-stolice-s-podesom-za-noge-2-barske-stolice-s-podesom-za-noge-caffe-bar\/","title":{"rendered":"2 barske stolice s podesom za noge"},"content":{"rendered":"<p>Detalji proizvoda:<\/p>\n<p>&nbsp;<\/p>\n<ul>\n<li>Materijal: bar\u0161un + metal<\/li>\n<li>Ukupna veli\u010dina: cca.\u00a038 x 61 &#8211; 82 x 38 cm (\u0160 x V x D)<\/li>\n<li>Promjer sjedi\u0161ta: \u00d8 36 cm<\/li>\n<li>Visina sjedala: 61 &#8211; 82 cm<\/li>\n<li>Promjer baze: \u00d8 38,5 cm<\/li>\n<li>Neto te\u017eina: 10,4 kg<\/li>\n<li>Bruto te\u017eina: 11,5 kg<\/li>\n<li>Maks.\u00a0Stati\u010dko optere\u0107enje: 120 kg<\/li>\n<li>U setu dolazi 2 komada stolica ( cijena se odnosi na set).<\/li>\n<\/ul>\n","protected":false},"excerpt":{"rendered":"<ul>\n<li>Dug vijek trajanja zahvaljuju\u0107i pove\u0107anoj stabilnosti robusnog \u010deli\u010dnog okvira.<\/li>\n<li>Udobno &#8230;<br \/>\n","protected":false},"featured_media":34339,"template":"","meta":[],"product_cat":[2570],"product_tag":[2626,3588,4106],"yoast_head":"<!-- This site is optimized with the Yoast SEO plugin v23.7 - https:\/\/yoast.com\/wordpress\/plugins\/seo\/ -->\n<title>2 barske stolice s podesom za noge - Inti<\/title>\n<meta name=\"description\" content=\"Dug vijek trajanja zahvaljuju\u0107i pove\u0107anoj stabilnosti robusnog \u010deli\u010dnog okvira.Udobno sjedenje zahvaljuju\u0107i dobro podstavljenom sjedalu od bar\u0161unaBeskona\u010dno podesiv po visini i slobodno rotiraju\u0107i za 360\u00b0Ergonomski zaobljeni kutovi i ruboviStabilna i kvalitetna izradaBrza i jednostavna monta\u017eaKlasi\u010dni dizajn\" \/>\n<meta name=\"robots\" content=\"index, follow, max-snippet:-1, max-image-preview:large, max-video-preview:-1\" \/>\n<link rel=\"canonical\" href=\"https:\/\/inti.hr\/bs\/proizvod\/2-barske-stolice-s-podesom-za-noge-2-barske-stolice-s-podesom-za-noge-caffe-bar\/\" \/>\n<meta property=\"og:locale\" content=\"bs_BA\" \/>\n<meta property=\"og:type\" content=\"article\" \/>\n<meta property=\"og:title\" content=\"2 barske stolice s podesom za noge - Inti\" \/>\n<meta property=\"og:description\" content=\"Dug vijek trajanja zahvaljuju\u0107i pove\u0107anoj stabilnosti robusnog \u010deli\u010dnog okvira.Udobno sjedenje zahvaljuju\u0107i dobro podstavljenom sjedalu od bar\u0161unaBeskona\u010dno podesiv po visini i slobodno rotiraju\u0107i za 360\u00b0Ergonomski zaobljeni kutovi i ruboviStabilna i kvalitetna izradaBrza i jednostavna monta\u017eaKlasi\u010dni dizajn\" \/>\n<meta property=\"og:url\" content=\"https:\/\/inti.hr\/bs\/proizvod\/2-barske-stolice-s-podesom-za-noge-2-barske-stolice-s-podesom-za-noge-caffe-bar\/\" \/>\n<meta property=\"og:site_name\" content=\"Inti\" \/>\n<meta property=\"og:image\" content=\"https:\/\/i0.wp.com\/inti.hr\/wp-content\/uploads\/2022\/01\/2er-Set-Barhocker-Barstuhl-mit-Fussstuetze-ergonomisch-hoehenverstellbar-BH302rs-2-rosa1_600x600.jpg?fit=535%2C600&ssl=1\" \/>\n\t<meta property=\"og:image:width\" content=\"535\" \/>\n\t<meta property=\"og:image:height\" content=\"600\" \/>\n\t<meta property=\"og:image:type\" content=\"image\/jpeg\" \/>\n<meta name=\"twitter:card\" content=\"summary_large_image\" \/>\n<script type=\"application\/ld+json\" class=\"yoast-schema-graph\">{\"@context\":\"https:\/\/schema.org\",\"@graph\":[{\"@type\":\"WebPage\",\"@id\":\"https:\/\/inti.hr\/bs\/proizvod\/2-barske-stolice-s-podesom-za-noge-2-barske-stolice-s-podesom-za-noge-caffe-bar\/\",\"url\":\"https:\/\/inti.hr\/bs\/proizvod\/2-barske-stolice-s-podesom-za-noge-2-barske-stolice-s-podesom-za-noge-caffe-bar\/\",\"name\":\"2 barske stolice s podesom za noge - Inti\",\"isPartOf\":{\"@id\":\"https:\/\/inti.hr\/bs\/#website\"},\"primaryImageOfPage\":{\"@id\":\"https:\/\/inti.hr\/bs\/proizvod\/2-barske-stolice-s-podesom-za-noge-2-barske-stolice-s-podesom-za-noge-caffe-bar\/#primaryimage\"},\"image\":{\"@id\":\"https:\/\/inti.hr\/bs\/proizvod\/2-barske-stolice-s-podesom-za-noge-2-barske-stolice-s-podesom-za-noge-caffe-bar\/#primaryimage\"},\"thumbnailUrl\":\"https:\/\/i0.wp.com\/inti.hr\/wp-content\/uploads\/2022\/01\/2er-Set-Barhocker-Barstuhl-mit-Fussstuetze-ergonomisch-hoehenverstellbar-BH302rs-2-rosa1_600x600.jpg?fit=535%2C600&ssl=1\",\"datePublished\":\"2022-01-27T10:31:46+00:00\",\"dateModified\":\"2022-01-27T10:31:46+00:00\",\"description\":\"Dug vijek trajanja zahvaljuju\u0107i pove\u0107anoj stabilnosti robusnog \u010deli\u010dnog okvira.Udobno sjedenje zahvaljuju\u0107i dobro podstavljenom sjedalu od bar\u0161unaBeskona\u010dno podesiv po visini i slobodno rotiraju\u0107i za 360\u00b0Ergonomski zaobljeni kutovi i ruboviStabilna i kvalitetna izradaBrza i jednostavna monta\u017eaKlasi\u010dni dizajn\",\"breadcrumb\":{\"@id\":\"https:\/\/inti.hr\/bs\/proizvod\/2-barske-stolice-s-podesom-za-noge-2-barske-stolice-s-podesom-za-noge-caffe-bar\/#breadcrumb\"},\"inLanguage\":\"bs-BA\",\"potentialAction\":[{\"@type\":\"ReadAction\",\"target\":[\"https:\/\/inti.hr\/bs\/proizvod\/2-barske-stolice-s-podesom-za-noge-2-barske-stolice-s-podesom-za-noge-caffe-bar\/\"]}]},{\"@type\":\"ImageObject\",\"inLanguage\":\"bs-BA\",\"@id\":\"https:\/\/inti.hr\/bs\/proizvod\/2-barske-stolice-s-podesom-za-noge-2-barske-stolice-s-podesom-za-noge-caffe-bar\/#primaryimage\",\"url\":\"https:\/\/i0.wp.com\/inti.hr\/wp-content\/uploads\/2022\/01\/2er-Set-Barhocker-Barstuhl-mit-Fussstuetze-ergonomisch-hoehenverstellbar-BH302rs-2-rosa1_600x600.jpg?fit=535%2C600&ssl=1\",\"contentUrl\":\"https:\/\/i0.wp.com\/inti.hr\/wp-content\/uploads\/2022\/01\/2er-Set-Barhocker-Barstuhl-mit-Fussstuetze-ergonomisch-hoehenverstellbar-BH302rs-2-rosa1_600x600.jpg?fit=535%2C600&ssl=1\",\"width\":535,\"height\":600,\"caption\":\"2 barske stolice s podesom za noge\"},{\"@type\":\"BreadcrumbList\",\"@id\":\"https:\/\/inti.hr\/bs\/proizvod\/2-barske-stolice-s-podesom-za-noge-2-barske-stolice-s-podesom-za-noge-caffe-bar\/#breadcrumb\",\"itemListElement\":[{\"@type\":\"ListItem\",\"position\":1,\"name\":\"Po\u010detna stranica\",\"item\":\"https:\/\/inti.hr\/bs\/\"},{\"@type\":\"ListItem\",\"position\":2,\"name\":\"Trgovina\",\"item\":\"https:\/\/inti.hr\/bs\/trgovina\/\"},{\"@type\":\"ListItem\",\"position\":3,\"name\":\"2 barske stolice s podesom za noge\"}]},{\"@type\":\"WebSite\",\"@id\":\"https:\/\/inti.hr\/bs\/#website\",\"url\":\"https:\/\/inti.hr\/bs\/\",\"name\":\"Inti\",\"description\":\"trgovina\",\"potentialAction\":[{\"@type\":\"SearchAction\",\"target\":{\"@type\":\"EntryPoint\",\"urlTemplate\":\"https:\/\/inti.hr\/bs\/?s={search_term_string}\"},\"query-input\":{\"@type\":\"PropertyValueSpecification\",\"valueRequired\":true,\"valueName\":\"search_term_string\"}}],\"inLanguage\":\"bs-BA\"}]}<\/script>\n<!-- \/ Yoast SEO plugin. -->","yoast_head_json":{"title":"2 barske stolice s podesom za noge - Inti","description":"Dug vijek trajanja zahvaljuju\u0107i pove\u0107anoj stabilnosti robusnog \u010deli\u010dnog okvira.Udobno sjedenje zahvaljuju\u0107i dobro podstavljenom sjedalu od bar\u0161unaBeskona\u010dno podesiv po visini i slobodno rotiraju\u0107i za 360\u00b0Ergonomski zaobljeni kutovi i ruboviStabilna i kvalitetna izradaBrza i jednostavna monta\u017eaKlasi\u010dni dizajn","robots":{"index":"index","follow":"follow","max-snippet":"max-snippet:-1","max-image-preview":"max-image-preview:large","max-video-preview":"max-video-preview:-1"},"canonical":"https:\/\/inti.hr\/bs\/proizvod\/2-barske-stolice-s-podesom-za-noge-2-barske-stolice-s-podesom-za-noge-caffe-bar\/","og_locale":"bs_BA","og_type":"article","og_title":"2 barske stolice s podesom za noge - Inti","og_description":"Dug vijek trajanja zahvaljuju\u0107i pove\u0107anoj stabilnosti robusnog \u010deli\u010dnog okvira.Udobno sjedenje zahvaljuju\u0107i dobro podstavljenom sjedalu od bar\u0161unaBeskona\u010dno podesiv po visini i slobodno rotiraju\u0107i za 360\u00b0Ergonomski zaobljeni kutovi i ruboviStabilna i kvalitetna izradaBrza i jednostavna monta\u017eaKlasi\u010dni dizajn","og_url":"https:\/\/inti.hr\/bs\/proizvod\/2-barske-stolice-s-podesom-za-noge-2-barske-stolice-s-podesom-za-noge-caffe-bar\/","og_site_name":"Inti","og_image":[{"width":535,"height":600,"url":"https:\/\/i0.wp.com\/inti.hr\/wp-content\/uploads\/2022\/01\/2er-Set-Barhocker-Barstuhl-mit-Fussstuetze-ergonomisch-hoehenverstellbar-BH302rs-2-rosa1_600x600.jpg?fit=535%2C600&ssl=1","type":"image\/jpeg"}],"twitter_card":"summary_large_image","schema":{"@context":"https:\/\/schema.org","@graph":[{"@type":"WebPage","@id":"https:\/\/inti.hr\/bs\/proizvod\/2-barske-stolice-s-podesom-za-noge-2-barske-stolice-s-podesom-za-noge-caffe-bar\/","url":"https:\/\/inti.hr\/bs\/proizvod\/2-barske-stolice-s-podesom-za-noge-2-barske-stolice-s-podesom-za-noge-caffe-bar\/","name":"2 barske stolice s podesom za noge - Inti","isPartOf":{"@id":"https:\/\/inti.hr\/bs\/#website"},"primaryImageOfPage":{"@id":"https:\/\/inti.hr\/bs\/proizvod\/2-barske-stolice-s-podesom-za-noge-2-barske-stolice-s-podesom-za-noge-caffe-bar\/#primaryimage"},"image":{"@id":"https:\/\/inti.hr\/bs\/proizvod\/2-barske-stolice-s-podesom-za-noge-2-barske-stolice-s-podesom-za-noge-caffe-bar\/#primaryimage"},"thumbnailUrl":"https:\/\/i0.wp.com\/inti.hr\/wp-content\/uploads\/2022\/01\/2er-Set-Barhocker-Barstuhl-mit-Fussstuetze-ergonomisch-hoehenverstellbar-BH302rs-2-rosa1_600x600.jpg?fit=535%2C600&ssl=1","datePublished":"2022-01-27T10:31:46+00:00","dateModified":"2022-01-27T10:31:46+00:00","description":"Dug vijek trajanja zahvaljuju\u0107i pove\u0107anoj stabilnosti robusnog \u010deli\u010dnog okvira.Udobno sjedenje zahvaljuju\u0107i dobro podstavljenom sjedalu od bar\u0161unaBeskona\u010dno podesiv po visini i slobodno rotiraju\u0107i za 360\u00b0Ergonomski zaobljeni kutovi i ruboviStabilna i kvalitetna izradaBrza i jednostavna monta\u017eaKlasi\u010dni dizajn","breadcrumb":{"@id":"https:\/\/inti.hr\/bs\/proizvod\/2-barske-stolice-s-podesom-za-noge-2-barske-stolice-s-podesom-za-noge-caffe-bar\/#breadcrumb"},"inLanguage":"bs-BA","potentialAction":[{"@type":"ReadAction","target":["https:\/\/inti.hr\/bs\/proizvod\/2-barske-stolice-s-podesom-za-noge-2-barske-stolice-s-podesom-za-noge-caffe-bar\/"]}]},{"@type":"ImageObject","inLanguage":"bs-BA","@id":"https:\/\/inti.hr\/bs\/proizvod\/2-barske-stolice-s-podesom-za-noge-2-barske-stolice-s-podesom-za-noge-caffe-bar\/#primaryimage","url":"https:\/\/i0.wp.com\/inti.hr\/wp-content\/uploads\/2022\/01\/2er-Set-Barhocker-Barstuhl-mit-Fussstuetze-ergonomisch-hoehenverstellbar-BH302rs-2-rosa1_600x600.jpg?fit=535%2C600&ssl=1","contentUrl":"https:\/\/i0.wp.com\/inti.hr\/wp-content\/uploads\/2022\/01\/2er-Set-Barhocker-Barstuhl-mit-Fussstuetze-ergonomisch-hoehenverstellbar-BH302rs-2-rosa1_600x600.jpg?fit=535%2C600&ssl=1","width":535,"height":600,"caption":"2 barske stolice s podesom za noge"},{"@type":"BreadcrumbList","@id":"https:\/\/inti.hr\/bs\/proizvod\/2-barske-stolice-s-podesom-za-noge-2-barske-stolice-s-podesom-za-noge-caffe-bar\/#breadcrumb","itemListElement":[{"@type":"ListItem","position":1,"name":"Po\u010detna stranica","item":"https:\/\/inti.hr\/bs\/"},{"@type":"ListItem","position":2,"name":"Trgovina","item":"https:\/\/inti.hr\/bs\/trgovina\/"},{"@type":"ListItem","position":3,"name":"2 barske stolice s podesom za noge"}]},{"@type":"WebSite","@id":"https:\/\/inti.hr\/bs\/#website","url":"https:\/\/inti.hr\/bs\/","name":"Inti","description":"trgovina","potentialAction":[{"@type":"SearchAction","target":{"@type":"EntryPoint","urlTemplate":"https:\/\/inti.hr\/bs\/?s={search_term_string}"},"query-input":{"@type":"PropertyValueSpecification","valueRequired":true,"valueName":"search_term_string"}}],"inLanguage":"bs-BA"}]}},"jetpack_sharing_enabled":true,"jetpack-related-posts":[],"_links":{"self":[{"href":"https:\/\/inti.hr\/bs\/wp-json\/wp\/v2\/product\/34337"}],"collection":[{"href":"https:\/\/inti.hr\/bs\/wp-json\/wp\/v2\/product"}],"about":[{"href":"https:\/\/inti.hr\/bs\/wp-json\/wp\/v2\/types\/product"}],"wp:featuredmedia":[{"embeddable":true,"href":"https:\/\/inti.hr\/bs\/wp-json\/wp\/v2\/media\/34339"}],"wp:attachment":[{"href":"https:\/\/inti.hr\/bs\/wp-json\/wp\/v2\/media?parent=34337"}],"wp:term":[{"taxonomy":"product_cat","embeddable":true,"href":"https:\/\/inti.hr\/bs\/wp-json\/wp\/v2\/product_cat?post=34337"},{"taxonomy":"product_tag","embeddable":true,"href":"https:\/\/inti.hr\/bs\/wp-json\/wp\/v2\/product_tag?post=34337"}],"curies":[{"name":"wp","href":"https:\/\/api.w.org\/{rel}","templated":true}]}}