{"id":34385,"date":"2021-10-29T14:48:55","date_gmt":"2021-10-29T14:48:55","guid":{"rendered":"https:\/\/inti.hr\/product\/set-barskih-stolica-od-2-komada\/"},"modified":"2021-10-29T14:48:55","modified_gmt":"2021-10-29T14:48:55","slug":"set-barskih-stolica-od-2-komada","status":"publish","type":"product","link":"https:\/\/inti.hr\/bs\/proizvod\/set-barskih-stolica-od-2-komada\/","title":{"rendered":"Set barskih stolica od 2 komada"},"content":{"rendered":"<p><b>Detalji o proizvodu:<\/b><\/p>\n<p>&#8211; Boja: tamno sme\u0111a \/ vintage<\/p>\n<p>&#8211; Materijal: iverica, \u017eeljezo<\/p>\n<p>&#8211; Veli\u010dina po stolici: 40 x 30 x 65 cm (D x \u0160 x V)<\/p>\n<p>&#8211; Te\u017eina: 8,4 kg<\/p>\n<p>&#8211; Maksimalna stati\u010dka nosivost po stolici: 120 kg<\/p>\n<p>&nbsp;<\/p>\n<div class=\"left\">\n<ul>\n<li>JEDAN SET ZA SVE SLU\u010cAJEVE: 2 barske stolice s visokokvalitetnim obra\u0111enim vintage povr\u0161inama i \u017eeljeznim okvirom 25 x 25 mm u obi\u010dnoj crnoj boji &#8211; prekrasan dodatak va\u0161oj kuhinji, dnevnom boravku ili sobi za zabavu.<\/li>\n<li>PRAVA PODR\u0160KA: Crni \u017eeljezni okvir barskih stolica ne samo da stvara privla\u010dan kontrast drvenim tonovima sjedala koje mo\u017ee izdr\u017eati do 120 kg, ve\u0107 slu\u017ei i kao prakti\u010dan oslonac za noge.<\/li>\n<li>SAVR\u0160ENO: Dvije barske stolice 40 x 30 x 65 cm savr\u0161eno se uklapaju ispod svih barskih \u0161ankova standardne veli\u010dine, tako da set izuzetno \u0161tedi prostor.<\/li>\n<\/ul>\n<\/div>\n<div class=\"right\">\n<ul>\n<li>SASTAVLJANJE BEZ PREPREKA: Jednostavna struktura kuhinjskih stolica i vijci iste veli\u010dine omogu\u0107avaju brzu i jednostavnu monta\u017eu u roku od 15 minuta.<\/li>\n<\/ul>\n<\/div>\n","protected":false},"excerpt":{"rendered":"<p>Set barskih stolica od 2, barske stolice, kuhinjske stolice u industrijskom &#8230; <\/p>\n","protected":false},"featured_media":34387,"template":"","meta":[],"product_cat":[2536],"product_tag":[2626,3748],"yoast_head":"<!-- This site is optimized with the Yoast SEO plugin v23.7 - https:\/\/yoast.com\/wordpress\/plugins\/seo\/ -->\n<title>Set barskih stolica od 2 komada - Inti<\/title>\n<meta name=\"description\" content=\"Set barskih stolica od 2, barske stolice, kuhinjske stolice u industrijskom dizajnu, sa osloncem za noge, za kuhinju, dnevni boravak, prostor za zabave, vintage, tamno sme\u0111a.\" \/>\n<meta name=\"robots\" content=\"index, follow, max-snippet:-1, max-image-preview:large, max-video-preview:-1\" \/>\n<link rel=\"canonical\" href=\"https:\/\/inti.hr\/bs\/proizvod\/set-barskih-stolica-od-2-komada\/\" \/>\n<meta property=\"og:locale\" content=\"bs_BA\" \/>\n<meta property=\"og:type\" content=\"article\" \/>\n<meta property=\"og:title\" content=\"Set barskih stolica od 2 komada - Inti\" \/>\n<meta property=\"og:description\" content=\"Set barskih stolica od 2, barske stolice, kuhinjske stolice u industrijskom dizajnu, sa osloncem za noge, za kuhinju, dnevni boravak, prostor za zabave, vintage, tamno sme\u0111a.\" \/>\n<meta property=\"og:url\" content=\"https:\/\/inti.hr\/bs\/proizvod\/set-barskih-stolica-od-2-komada\/\" \/>\n<meta property=\"og:site_name\" content=\"Inti\" \/>\n<meta property=\"og:image\" content=\"https:\/\/i0.wp.com\/inti.hr\/wp-content\/uploads\/2021\/10\/91p2GClFXeL._AC_SL1500_.jpg?fit=1500%2C1500&ssl=1\" \/>\n\t<meta property=\"og:image:width\" content=\"1500\" \/>\n\t<meta property=\"og:image:height\" content=\"1500\" \/>\n\t<meta property=\"og:image:type\" content=\"image\/jpeg\" \/>\n<meta name=\"twitter:card\" content=\"summary_large_image\" \/>\n<meta name=\"twitter:label1\" content=\"Est. reading time\" \/>\n\t<meta name=\"twitter:data1\" content=\"1 minuta\" \/>\n<script type=\"application\/ld+json\" class=\"yoast-schema-graph\">{\"@context\":\"https:\/\/schema.org\",\"@graph\":[{\"@type\":\"WebPage\",\"@id\":\"https:\/\/inti.hr\/bs\/proizvod\/set-barskih-stolica-od-2-komada\/\",\"url\":\"https:\/\/inti.hr\/bs\/proizvod\/set-barskih-stolica-od-2-komada\/\",\"name\":\"Set barskih stolica od 2 komada - Inti\",\"isPartOf\":{\"@id\":\"https:\/\/inti.hr\/bs\/#website\"},\"primaryImageOfPage\":{\"@id\":\"https:\/\/inti.hr\/bs\/proizvod\/set-barskih-stolica-od-2-komada\/#primaryimage\"},\"image\":{\"@id\":\"https:\/\/inti.hr\/bs\/proizvod\/set-barskih-stolica-od-2-komada\/#primaryimage\"},\"thumbnailUrl\":\"https:\/\/i0.wp.com\/inti.hr\/wp-content\/uploads\/2021\/10\/91p2GClFXeL._AC_SL1500_.jpg?fit=1500%2C1500&ssl=1\",\"datePublished\":\"2021-10-29T14:48:55+00:00\",\"dateModified\":\"2021-10-29T14:48:55+00:00\",\"description\":\"Set barskih stolica od 2, barske stolice, kuhinjske stolice u industrijskom dizajnu, sa osloncem za noge, za kuhinju, dnevni boravak, prostor za zabave, vintage, tamno sme\u0111a.\",\"breadcrumb\":{\"@id\":\"https:\/\/inti.hr\/bs\/proizvod\/set-barskih-stolica-od-2-komada\/#breadcrumb\"},\"inLanguage\":\"bs-BA\",\"potentialAction\":[{\"@type\":\"ReadAction\",\"target\":[\"https:\/\/inti.hr\/bs\/proizvod\/set-barskih-stolica-od-2-komada\/\"]}]},{\"@type\":\"ImageObject\",\"inLanguage\":\"bs-BA\",\"@id\":\"https:\/\/inti.hr\/bs\/proizvod\/set-barskih-stolica-od-2-komada\/#primaryimage\",\"url\":\"https:\/\/i0.wp.com\/inti.hr\/wp-content\/uploads\/2021\/10\/91p2GClFXeL._AC_SL1500_.jpg?fit=1500%2C1500&ssl=1\",\"contentUrl\":\"https:\/\/i0.wp.com\/inti.hr\/wp-content\/uploads\/2021\/10\/91p2GClFXeL._AC_SL1500_.jpg?fit=1500%2C1500&ssl=1\",\"width\":1500,\"height\":1500},{\"@type\":\"BreadcrumbList\",\"@id\":\"https:\/\/inti.hr\/bs\/proizvod\/set-barskih-stolica-od-2-komada\/#breadcrumb\",\"itemListElement\":[{\"@type\":\"ListItem\",\"position\":1,\"name\":\"Po\u010detna stranica\",\"item\":\"https:\/\/inti.hr\/bs\/\"},{\"@type\":\"ListItem\",\"position\":2,\"name\":\"Trgovina\",\"item\":\"https:\/\/inti.hr\/bs\/trgovina\/\"},{\"@type\":\"ListItem\",\"position\":3,\"name\":\"Set barskih stolica od 2 komada\"}]},{\"@type\":\"WebSite\",\"@id\":\"https:\/\/inti.hr\/bs\/#website\",\"url\":\"https:\/\/inti.hr\/bs\/\",\"name\":\"Inti\",\"description\":\"trgovina\",\"potentialAction\":[{\"@type\":\"SearchAction\",\"target\":{\"@type\":\"EntryPoint\",\"urlTemplate\":\"https:\/\/inti.hr\/bs\/?s={search_term_string}\"},\"query-input\":{\"@type\":\"PropertyValueSpecification\",\"valueRequired\":true,\"valueName\":\"search_term_string\"}}],\"inLanguage\":\"bs-BA\"}]}<\/script>\n<!-- \/ Yoast SEO plugin. -->","yoast_head_json":{"title":"Set barskih stolica od 2 komada - Inti","description":"Set barskih stolica od 2, barske stolice, kuhinjske stolice u industrijskom dizajnu, sa osloncem za noge, za kuhinju, dnevni boravak, prostor za zabave, vintage, tamno sme\u0111a.","robots":{"index":"index","follow":"follow","max-snippet":"max-snippet:-1","max-image-preview":"max-image-preview:large","max-video-preview":"max-video-preview:-1"},"canonical":"https:\/\/inti.hr\/bs\/proizvod\/set-barskih-stolica-od-2-komada\/","og_locale":"bs_BA","og_type":"article","og_title":"Set barskih stolica od 2 komada - Inti","og_description":"Set barskih stolica od 2, barske stolice, kuhinjske stolice u industrijskom dizajnu, sa osloncem za noge, za kuhinju, dnevni boravak, prostor za zabave, vintage, tamno sme\u0111a.","og_url":"https:\/\/inti.hr\/bs\/proizvod\/set-barskih-stolica-od-2-komada\/","og_site_name":"Inti","og_image":[{"width":1500,"height":1500,"url":"https:\/\/i0.wp.com\/inti.hr\/wp-content\/uploads\/2021\/10\/91p2GClFXeL._AC_SL1500_.jpg?fit=1500%2C1500&ssl=1","type":"image\/jpeg"}],"twitter_card":"summary_large_image","twitter_misc":{"Est. reading time":"1 minuta"},"schema":{"@context":"https:\/\/schema.org","@graph":[{"@type":"WebPage","@id":"https:\/\/inti.hr\/bs\/proizvod\/set-barskih-stolica-od-2-komada\/","url":"https:\/\/inti.hr\/bs\/proizvod\/set-barskih-stolica-od-2-komada\/","name":"Set barskih stolica od 2 komada - Inti","isPartOf":{"@id":"https:\/\/inti.hr\/bs\/#website"},"primaryImageOfPage":{"@id":"https:\/\/inti.hr\/bs\/proizvod\/set-barskih-stolica-od-2-komada\/#primaryimage"},"image":{"@id":"https:\/\/inti.hr\/bs\/proizvod\/set-barskih-stolica-od-2-komada\/#primaryimage"},"thumbnailUrl":"https:\/\/i0.wp.com\/inti.hr\/wp-content\/uploads\/2021\/10\/91p2GClFXeL._AC_SL1500_.jpg?fit=1500%2C1500&ssl=1","datePublished":"2021-10-29T14:48:55+00:00","dateModified":"2021-10-29T14:48:55+00:00","description":"Set barskih stolica od 2, barske stolice, kuhinjske stolice u industrijskom dizajnu, sa osloncem za noge, za kuhinju, dnevni boravak, prostor za zabave, vintage, tamno sme\u0111a.","breadcrumb":{"@id":"https:\/\/inti.hr\/bs\/proizvod\/set-barskih-stolica-od-2-komada\/#breadcrumb"},"inLanguage":"bs-BA","potentialAction":[{"@type":"ReadAction","target":["https:\/\/inti.hr\/bs\/proizvod\/set-barskih-stolica-od-2-komada\/"]}]},{"@type":"ImageObject","inLanguage":"bs-BA","@id":"https:\/\/inti.hr\/bs\/proizvod\/set-barskih-stolica-od-2-komada\/#primaryimage","url":"https:\/\/i0.wp.com\/inti.hr\/wp-content\/uploads\/2021\/10\/91p2GClFXeL._AC_SL1500_.jpg?fit=1500%2C1500&ssl=1","contentUrl":"https:\/\/i0.wp.com\/inti.hr\/wp-content\/uploads\/2021\/10\/91p2GClFXeL._AC_SL1500_.jpg?fit=1500%2C1500&ssl=1","width":1500,"height":1500},{"@type":"BreadcrumbList","@id":"https:\/\/inti.hr\/bs\/proizvod\/set-barskih-stolica-od-2-komada\/#breadcrumb","itemListElement":[{"@type":"ListItem","position":1,"name":"Po\u010detna stranica","item":"https:\/\/inti.hr\/bs\/"},{"@type":"ListItem","position":2,"name":"Trgovina","item":"https:\/\/inti.hr\/bs\/trgovina\/"},{"@type":"ListItem","position":3,"name":"Set barskih stolica od 2 komada"}]},{"@type":"WebSite","@id":"https:\/\/inti.hr\/bs\/#website","url":"https:\/\/inti.hr\/bs\/","name":"Inti","description":"trgovina","potentialAction":[{"@type":"SearchAction","target":{"@type":"EntryPoint","urlTemplate":"https:\/\/inti.hr\/bs\/?s={search_term_string}"},"query-input":{"@type":"PropertyValueSpecification","valueRequired":true,"valueName":"search_term_string"}}],"inLanguage":"bs-BA"}]}},"jetpack_sharing_enabled":true,"jetpack-related-posts":[],"_links":{"self":[{"href":"https:\/\/inti.hr\/bs\/wp-json\/wp\/v2\/product\/34385"}],"collection":[{"href":"https:\/\/inti.hr\/bs\/wp-json\/wp\/v2\/product"}],"about":[{"href":"https:\/\/inti.hr\/bs\/wp-json\/wp\/v2\/types\/product"}],"wp:featuredmedia":[{"embeddable":true,"href":"https:\/\/inti.hr\/bs\/wp-json\/wp\/v2\/media\/34387"}],"wp:attachment":[{"href":"https:\/\/inti.hr\/bs\/wp-json\/wp\/v2\/media?parent=34385"}],"wp:term":[{"taxonomy":"product_cat","embeddable":true,"href":"https:\/\/inti.hr\/bs\/wp-json\/wp\/v2\/product_cat?post=34385"},{"taxonomy":"product_tag","embeddable":true,"href":"https:\/\/inti.hr\/bs\/wp-json\/wp\/v2\/product_tag?post=34385"}],"curies":[{"name":"wp","href":"https:\/\/api.w.org\/{rel}","templated":true}]}}