{"id":34447,"date":"2021-06-28T09:50:46","date_gmt":"2021-06-28T09:50:46","guid":{"rendered":"https:\/\/inti.hr\/product\/vanjski-solarni-tus-s-glavom-i-slavinom-35l\/"},"modified":"2021-06-28T09:50:46","modified_gmt":"2021-06-28T09:50:46","slug":"vanjski-solarni-tus-s-glavom-i-slavinom-35l","status":"publish","type":"product","link":"https:\/\/inti.hr\/bs\/proizvod\/vanjski-solarni-tus-s-glavom-i-slavinom-35l\/","title":{"rendered":"Vanjski solarni tu\u0161 35L"},"content":{"rendered":"<p>Detalji proizvoda:<\/p>\n<p>1. S odvodnim \u010depom za brzo pra\u017enjenje tu\u0161a<br \/>\n2. UV za\u0161tita<br \/>\n3. Zagrijte vodu bez struje<br \/>\n4. Jaki metal<br \/>\n5. Mlaznica kromirani metalni okovi<br \/>\n6. Otporan na vremenske uvjete<br \/>\n7. Op\u0107a cijev za dovod vode<br \/>\n8. Pogodno za standardno vrtno crijevo<br \/>\n9. Jednostavna monta\u017ea i instalacija u nekoliko minuta<\/p>\n<p>Veli\u010dina: 35 litara<br \/>\nVeli\u010dina pakiranja proizvoda: 112 * 39 * 21,5 cm<br \/>\nBruto te\u017eina 10 kg<br \/>\nMaterijal: PVC i kromirani ABS<br \/>\nStil: osmerokutni<br \/>\nBoja: crna i srebrna<br \/>\nMaksimalna temperatura vode: 60 \u00b0 C.<br \/>\nKapacitet bazena: 35 l<br \/>\nTlak vode: 3,5 bara, podesiva temperatura vode<br \/>\nOsmerokutni bo\u010dni promjer: 7 cm<br \/>\nPromjer glave tu\u0161a 15cm<br \/>\nTu\u0161 cijev: 10 + 6cm<br \/>\nBaza stupa za tu\u0161: 18 * 14 cm (duljina * \u0161irina)<br \/>\nSastavljena visina je 217cm<\/p>\n","protected":false},"excerpt":{"rendered":"<p>Ovaj solarni tu\u0161 vrlo je pogodan za boravak u vrtu i &#8230; <\/p>\n","protected":false},"featured_media":34448,"template":"","meta":[],"product_cat":[2482,2452],"product_tag":[4178,4179,4180,4181],"yoast_head":"<!-- This site is optimized with the Yoast SEO plugin v23.7 - https:\/\/yoast.com\/wordpress\/plugins\/seo\/ -->\n<title>Vanjski solarni tu\u0161 35L - Inti<\/title>\n<meta name=\"description\" content=\"Ovaj solarni tu\u0161 vrlo je pogodan za boravak u vrtu i na bazenu Ovo je jedno od najnovijih dostignu\u0107a u zagrijavanju vode bez vanjske energije Tu\u0161 se mo\u017ee lako spojiti na va\u0161e vrtno crijevo za dovod hladne vode \u00a0Uz optimalno sun\u010devo zra\u010denje voda se mo\u017ee zagrijati na 60 \u00b0 bez elektri\u010dne energije Jednostavno spojite solarni tu\u0161 na standardno vrtno crijevo i napunite spremnik vode od 35 litara Vru\u0107a voda u spremniku za vodu mije\u0161a se s hladnom vodom u vrtnom crijevu pomo\u0107u jednoru\u010dne slavine za mije\u0161anje Stoga se temperatura vode mo\u017ee kontinuirano pode\u0161avati ako je potrebno a fiksne metalne noge mogu osigurati siguran i stabilan stalak Velika glava tu\u0161a osigurava najbolji u\u010dinak hla\u0111enja, zahvaljuju\u0107i integriranom kugli\u010dnom zglobu mo\u017ee se okretati za 180 \u00b0 i lako se pode\u0161ava\" \/>\n<meta name=\"robots\" content=\"index, follow, max-snippet:-1, max-image-preview:large, max-video-preview:-1\" \/>\n<link rel=\"canonical\" href=\"https:\/\/inti.hr\/bs\/proizvod\/vanjski-solarni-tus-s-glavom-i-slavinom-35l\/\" \/>\n<meta property=\"og:locale\" content=\"bs_BA\" \/>\n<meta property=\"og:type\" content=\"article\" \/>\n<meta property=\"og:title\" content=\"Vanjski solarni tu\u0161 35L - Inti\" \/>\n<meta property=\"og:description\" content=\"Ovaj solarni tu\u0161 vrlo je pogodan za boravak u vrtu i na bazenu Ovo je jedno od najnovijih dostignu\u0107a u zagrijavanju vode bez vanjske energije Tu\u0161 se mo\u017ee lako spojiti na va\u0161e vrtno crijevo za dovod hladne vode \u00a0Uz optimalno sun\u010devo zra\u010denje voda se mo\u017ee zagrijati na 60 \u00b0 bez elektri\u010dne energije Jednostavno spojite solarni tu\u0161 na standardno vrtno crijevo i napunite spremnik vode od 35 litara Vru\u0107a voda u spremniku za vodu mije\u0161a se s hladnom vodom u vrtnom crijevu pomo\u0107u jednoru\u010dne slavine za mije\u0161anje Stoga se temperatura vode mo\u017ee kontinuirano pode\u0161avati ako je potrebno a fiksne metalne noge mogu osigurati siguran i stabilan stalak Velika glava tu\u0161a osigurava najbolji u\u010dinak hla\u0111enja, zahvaljuju\u0107i integriranom kugli\u010dnom zglobu mo\u017ee se okretati za 180 \u00b0 i lako se pode\u0161ava\" \/>\n<meta property=\"og:url\" content=\"https:\/\/inti.hr\/bs\/proizvod\/vanjski-solarni-tus-s-glavom-i-slavinom-35l\/\" \/>\n<meta property=\"og:site_name\" content=\"Inti\" \/>\n<meta property=\"og:image\" content=\"https:\/\/i0.wp.com\/inti.hr\/wp-content\/uploads\/2021\/06\/s-l1600-3-1.jpg?fit=1000%2C1000&ssl=1\" \/>\n\t<meta property=\"og:image:width\" content=\"1000\" \/>\n\t<meta property=\"og:image:height\" content=\"1000\" \/>\n\t<meta property=\"og:image:type\" content=\"image\/jpeg\" \/>\n<meta name=\"twitter:card\" content=\"summary_large_image\" \/>\n<meta name=\"twitter:label1\" content=\"Est. reading time\" \/>\n\t<meta name=\"twitter:data1\" content=\"1 minuta\" \/>\n<script type=\"application\/ld+json\" class=\"yoast-schema-graph\">{\"@context\":\"https:\/\/schema.org\",\"@graph\":[{\"@type\":\"WebPage\",\"@id\":\"https:\/\/inti.hr\/bs\/proizvod\/vanjski-solarni-tus-s-glavom-i-slavinom-35l\/\",\"url\":\"https:\/\/inti.hr\/bs\/proizvod\/vanjski-solarni-tus-s-glavom-i-slavinom-35l\/\",\"name\":\"Vanjski solarni tu\u0161 35L - Inti\",\"isPartOf\":{\"@id\":\"https:\/\/inti.hr\/bs\/#website\"},\"primaryImageOfPage\":{\"@id\":\"https:\/\/inti.hr\/bs\/proizvod\/vanjski-solarni-tus-s-glavom-i-slavinom-35l\/#primaryimage\"},\"image\":{\"@id\":\"https:\/\/inti.hr\/bs\/proizvod\/vanjski-solarni-tus-s-glavom-i-slavinom-35l\/#primaryimage\"},\"thumbnailUrl\":\"https:\/\/i0.wp.com\/inti.hr\/wp-content\/uploads\/2021\/06\/s-l1600-3-1.jpg?fit=1000%2C1000&ssl=1\",\"datePublished\":\"2021-06-28T09:50:46+00:00\",\"dateModified\":\"2021-06-28T09:50:46+00:00\",\"description\":\"Ovaj solarni tu\u0161 vrlo je pogodan za boravak u vrtu i na bazenu Ovo je jedno od najnovijih dostignu\u0107a u zagrijavanju vode bez vanjske energije Tu\u0161 se mo\u017ee lako spojiti na va\u0161e vrtno crijevo za dovod hladne vode \u00a0Uz optimalno sun\u010devo zra\u010denje voda se mo\u017ee zagrijati na 60 \u00b0 bez elektri\u010dne energije Jednostavno spojite solarni tu\u0161 na standardno vrtno crijevo i napunite spremnik vode od 35 litara Vru\u0107a voda u spremniku za vodu mije\u0161a se s hladnom vodom u vrtnom crijevu pomo\u0107u jednoru\u010dne slavine za mije\u0161anje Stoga se temperatura vode mo\u017ee kontinuirano pode\u0161avati ako je potrebno a fiksne metalne noge mogu osigurati siguran i stabilan stalak Velika glava tu\u0161a osigurava najbolji u\u010dinak hla\u0111enja, zahvaljuju\u0107i integriranom kugli\u010dnom zglobu mo\u017ee se okretati za 180 \u00b0 i lako se pode\u0161ava\",\"breadcrumb\":{\"@id\":\"https:\/\/inti.hr\/bs\/proizvod\/vanjski-solarni-tus-s-glavom-i-slavinom-35l\/#breadcrumb\"},\"inLanguage\":\"bs-BA\",\"potentialAction\":[{\"@type\":\"ReadAction\",\"target\":[\"https:\/\/inti.hr\/bs\/proizvod\/vanjski-solarni-tus-s-glavom-i-slavinom-35l\/\"]}]},{\"@type\":\"ImageObject\",\"inLanguage\":\"bs-BA\",\"@id\":\"https:\/\/inti.hr\/bs\/proizvod\/vanjski-solarni-tus-s-glavom-i-slavinom-35l\/#primaryimage\",\"url\":\"https:\/\/i0.wp.com\/inti.hr\/wp-content\/uploads\/2021\/06\/s-l1600-3-1.jpg?fit=1000%2C1000&ssl=1\",\"contentUrl\":\"https:\/\/i0.wp.com\/inti.hr\/wp-content\/uploads\/2021\/06\/s-l1600-3-1.jpg?fit=1000%2C1000&ssl=1\",\"width\":1000,\"height\":1000},{\"@type\":\"BreadcrumbList\",\"@id\":\"https:\/\/inti.hr\/bs\/proizvod\/vanjski-solarni-tus-s-glavom-i-slavinom-35l\/#breadcrumb\",\"itemListElement\":[{\"@type\":\"ListItem\",\"position\":1,\"name\":\"Po\u010detna stranica\",\"item\":\"https:\/\/inti.hr\/bs\/\"},{\"@type\":\"ListItem\",\"position\":2,\"name\":\"Trgovina\",\"item\":\"https:\/\/inti.hr\/bs\/trgovina\/\"},{\"@type\":\"ListItem\",\"position\":3,\"name\":\"Vanjski solarni tu\u0161 35L\"}]},{\"@type\":\"WebSite\",\"@id\":\"https:\/\/inti.hr\/bs\/#website\",\"url\":\"https:\/\/inti.hr\/bs\/\",\"name\":\"Inti\",\"description\":\"trgovina\",\"potentialAction\":[{\"@type\":\"SearchAction\",\"target\":{\"@type\":\"EntryPoint\",\"urlTemplate\":\"https:\/\/inti.hr\/bs\/?s={search_term_string}\"},\"query-input\":{\"@type\":\"PropertyValueSpecification\",\"valueRequired\":true,\"valueName\":\"search_term_string\"}}],\"inLanguage\":\"bs-BA\"}]}<\/script>\n<!-- \/ Yoast SEO plugin. -->","yoast_head_json":{"title":"Vanjski solarni tu\u0161 35L - Inti","description":"Ovaj solarni tu\u0161 vrlo je pogodan za boravak u vrtu i na bazenu Ovo je jedno od najnovijih dostignu\u0107a u zagrijavanju vode bez vanjske energije Tu\u0161 se mo\u017ee lako spojiti na va\u0161e vrtno crijevo za dovod hladne vode \u00a0Uz optimalno sun\u010devo zra\u010denje voda se mo\u017ee zagrijati na 60 \u00b0 bez elektri\u010dne energije Jednostavno spojite solarni tu\u0161 na standardno vrtno crijevo i napunite spremnik vode od 35 litara Vru\u0107a voda u spremniku za vodu mije\u0161a se s hladnom vodom u vrtnom crijevu pomo\u0107u jednoru\u010dne slavine za mije\u0161anje Stoga se temperatura vode mo\u017ee kontinuirano pode\u0161avati ako je potrebno a fiksne metalne noge mogu osigurati siguran i stabilan stalak Velika glava tu\u0161a osigurava najbolji u\u010dinak hla\u0111enja, zahvaljuju\u0107i integriranom kugli\u010dnom zglobu mo\u017ee se okretati za 180 \u00b0 i lako se pode\u0161ava","robots":{"index":"index","follow":"follow","max-snippet":"max-snippet:-1","max-image-preview":"max-image-preview:large","max-video-preview":"max-video-preview:-1"},"canonical":"https:\/\/inti.hr\/bs\/proizvod\/vanjski-solarni-tus-s-glavom-i-slavinom-35l\/","og_locale":"bs_BA","og_type":"article","og_title":"Vanjski solarni tu\u0161 35L - Inti","og_description":"Ovaj solarni tu\u0161 vrlo je pogodan za boravak u vrtu i na bazenu Ovo je jedno od najnovijih dostignu\u0107a u zagrijavanju vode bez vanjske energije Tu\u0161 se mo\u017ee lako spojiti na va\u0161e vrtno crijevo za dovod hladne vode \u00a0Uz optimalno sun\u010devo zra\u010denje voda se mo\u017ee zagrijati na 60 \u00b0 bez elektri\u010dne energije Jednostavno spojite solarni tu\u0161 na standardno vrtno crijevo i napunite spremnik vode od 35 litara Vru\u0107a voda u spremniku za vodu mije\u0161a se s hladnom vodom u vrtnom crijevu pomo\u0107u jednoru\u010dne slavine za mije\u0161anje Stoga se temperatura vode mo\u017ee kontinuirano pode\u0161avati ako je potrebno a fiksne metalne noge mogu osigurati siguran i stabilan stalak Velika glava tu\u0161a osigurava najbolji u\u010dinak hla\u0111enja, zahvaljuju\u0107i integriranom kugli\u010dnom zglobu mo\u017ee se okretati za 180 \u00b0 i lako se pode\u0161ava","og_url":"https:\/\/inti.hr\/bs\/proizvod\/vanjski-solarni-tus-s-glavom-i-slavinom-35l\/","og_site_name":"Inti","og_image":[{"width":1000,"height":1000,"url":"https:\/\/i0.wp.com\/inti.hr\/wp-content\/uploads\/2021\/06\/s-l1600-3-1.jpg?fit=1000%2C1000&ssl=1","type":"image\/jpeg"}],"twitter_card":"summary_large_image","twitter_misc":{"Est. reading time":"1 minuta"},"schema":{"@context":"https:\/\/schema.org","@graph":[{"@type":"WebPage","@id":"https:\/\/inti.hr\/bs\/proizvod\/vanjski-solarni-tus-s-glavom-i-slavinom-35l\/","url":"https:\/\/inti.hr\/bs\/proizvod\/vanjski-solarni-tus-s-glavom-i-slavinom-35l\/","name":"Vanjski solarni tu\u0161 35L - Inti","isPartOf":{"@id":"https:\/\/inti.hr\/bs\/#website"},"primaryImageOfPage":{"@id":"https:\/\/inti.hr\/bs\/proizvod\/vanjski-solarni-tus-s-glavom-i-slavinom-35l\/#primaryimage"},"image":{"@id":"https:\/\/inti.hr\/bs\/proizvod\/vanjski-solarni-tus-s-glavom-i-slavinom-35l\/#primaryimage"},"thumbnailUrl":"https:\/\/i0.wp.com\/inti.hr\/wp-content\/uploads\/2021\/06\/s-l1600-3-1.jpg?fit=1000%2C1000&ssl=1","datePublished":"2021-06-28T09:50:46+00:00","dateModified":"2021-06-28T09:50:46+00:00","description":"Ovaj solarni tu\u0161 vrlo je pogodan za boravak u vrtu i na bazenu Ovo je jedno od najnovijih dostignu\u0107a u zagrijavanju vode bez vanjske energije Tu\u0161 se mo\u017ee lako spojiti na va\u0161e vrtno crijevo za dovod hladne vode \u00a0Uz optimalno sun\u010devo zra\u010denje voda se mo\u017ee zagrijati na 60 \u00b0 bez elektri\u010dne energije Jednostavno spojite solarni tu\u0161 na standardno vrtno crijevo i napunite spremnik vode od 35 litara Vru\u0107a voda u spremniku za vodu mije\u0161a se s hladnom vodom u vrtnom crijevu pomo\u0107u jednoru\u010dne slavine za mije\u0161anje Stoga se temperatura vode mo\u017ee kontinuirano pode\u0161avati ako je potrebno a fiksne metalne noge mogu osigurati siguran i stabilan stalak Velika glava tu\u0161a osigurava najbolji u\u010dinak hla\u0111enja, zahvaljuju\u0107i integriranom kugli\u010dnom zglobu mo\u017ee se okretati za 180 \u00b0 i lako se pode\u0161ava","breadcrumb":{"@id":"https:\/\/inti.hr\/bs\/proizvod\/vanjski-solarni-tus-s-glavom-i-slavinom-35l\/#breadcrumb"},"inLanguage":"bs-BA","potentialAction":[{"@type":"ReadAction","target":["https:\/\/inti.hr\/bs\/proizvod\/vanjski-solarni-tus-s-glavom-i-slavinom-35l\/"]}]},{"@type":"ImageObject","inLanguage":"bs-BA","@id":"https:\/\/inti.hr\/bs\/proizvod\/vanjski-solarni-tus-s-glavom-i-slavinom-35l\/#primaryimage","url":"https:\/\/i0.wp.com\/inti.hr\/wp-content\/uploads\/2021\/06\/s-l1600-3-1.jpg?fit=1000%2C1000&ssl=1","contentUrl":"https:\/\/i0.wp.com\/inti.hr\/wp-content\/uploads\/2021\/06\/s-l1600-3-1.jpg?fit=1000%2C1000&ssl=1","width":1000,"height":1000},{"@type":"BreadcrumbList","@id":"https:\/\/inti.hr\/bs\/proizvod\/vanjski-solarni-tus-s-glavom-i-slavinom-35l\/#breadcrumb","itemListElement":[{"@type":"ListItem","position":1,"name":"Po\u010detna stranica","item":"https:\/\/inti.hr\/bs\/"},{"@type":"ListItem","position":2,"name":"Trgovina","item":"https:\/\/inti.hr\/bs\/trgovina\/"},{"@type":"ListItem","position":3,"name":"Vanjski solarni tu\u0161 35L"}]},{"@type":"WebSite","@id":"https:\/\/inti.hr\/bs\/#website","url":"https:\/\/inti.hr\/bs\/","name":"Inti","description":"trgovina","potentialAction":[{"@type":"SearchAction","target":{"@type":"EntryPoint","urlTemplate":"https:\/\/inti.hr\/bs\/?s={search_term_string}"},"query-input":{"@type":"PropertyValueSpecification","valueRequired":true,"valueName":"search_term_string"}}],"inLanguage":"bs-BA"}]}},"jetpack_sharing_enabled":true,"jetpack-related-posts":[],"_links":{"self":[{"href":"https:\/\/inti.hr\/bs\/wp-json\/wp\/v2\/product\/34447"}],"collection":[{"href":"https:\/\/inti.hr\/bs\/wp-json\/wp\/v2\/product"}],"about":[{"href":"https:\/\/inti.hr\/bs\/wp-json\/wp\/v2\/types\/product"}],"wp:featuredmedia":[{"embeddable":true,"href":"https:\/\/inti.hr\/bs\/wp-json\/wp\/v2\/media\/34448"}],"wp:attachment":[{"href":"https:\/\/inti.hr\/bs\/wp-json\/wp\/v2\/media?parent=34447"}],"wp:term":[{"taxonomy":"product_cat","embeddable":true,"href":"https:\/\/inti.hr\/bs\/wp-json\/wp\/v2\/product_cat?post=34447"},{"taxonomy":"product_tag","embeddable":true,"href":"https:\/\/inti.hr\/bs\/wp-json\/wp\/v2\/product_tag?post=34447"}],"curies":[{"name":"wp","href":"https:\/\/api.w.org\/{rel}","templated":true}]}}